{"id":3985,"date":"2023-12-18T16:05:05","date_gmt":"2023-12-18T13:05:05","guid":{"rendered":"https:\/\/www.sms-txt.net\/?post_type=product&#038;p=3985"},"modified":"2026-02-24T03:05:30","modified_gmt":"2026-02-24T00:05:30","slug":"ss7-hacking-yazilim-sunucusu","status":"publish","type":"product","link":"https:\/\/sms-txt.net\/tr\/kesmek\/ss7-hacking-yazilim-sunucusu\/","title":{"rendered":"SS7 Hacking Sunucusu"},"content":{"rendered":"<h2>SS7 Hacking SMS Intercept nedir?<\/h2>\n<p>SS7 (Sinyalizasyon Sistemi 7), telekom\u00fcnikasyon a\u011flar\u0131 taraf\u0131ndan farkl\u0131 sa\u011flay\u0131c\u0131lar aras\u0131nda bilgi al\u0131\u015fveri\u015fi yapmak ve \u00e7a\u011fr\u0131lar\u0131 ve mesajlar\u0131 y\u00f6nlendirmek i\u00e7in kullan\u0131lan bir dizi protokold\u00fcr. \u00c7e\u015fitli a\u011flar aras\u0131nda kesintisiz ileti\u015fim sa\u011flayan k\u00fcresel bir standartt\u0131r.<\/p>\n<p>Ancak, birka\u00e7 on y\u0131l \u00f6nce tasarlanm\u0131\u015f olan bu sistem, bilgisayar korsanlar\u0131 taraf\u0131ndan istismar edilebilecek baz\u0131 do\u011fal g\u00fcvenlik a\u00e7\u0131klar\u0131na sahiptir. Bu a\u00e7\u0131klardan biri SS7 a\u011f\u0131 \u00fczerinden g\u00f6nderilen SMS mesajlar\u0131n\u0131n ele ge\u00e7irilebilmesidir.<\/p>\n<h2>SS7 SMS Intercept Hacking Nas\u0131l \u00c7al\u0131\u015f\u0131r?<\/h2>\n<p>SS7 SMS Intercept hackleme i\u015flemi, bir sald\u0131rgan\u0131n SMS mesajlar\u0131na yetkisiz eri\u015fim elde etmek i\u00e7in SS7 protokol\u00fcndeki zay\u0131fl\u0131klardan yararlanmas\u0131n\u0131 i\u00e7erir. \u0130\u015fte nas\u0131l \u00e7al\u0131\u015ft\u0131\u011f\u0131na dair basitle\u015ftirilmi\u015f bir a\u00e7\u0131klama:<\/p>\n<ol>\n<li>Sald\u0131rgan hedefin telefon numaras\u0131n\u0131 belirler.<\/li>\n<li>Hedefe y\u00f6nelik SMS mesaj\u0131n\u0131 ele ge\u00e7irmek i\u00e7in SS7 protokol\u00fcndeki g\u00fcvenlik a\u00e7\u0131\u011f\u0131ndan yararlan\u0131rlar.<\/li>\n<li>Ele ge\u00e7irilen mesaj daha sonra sald\u0131rgan\u0131n cihaz\u0131na y\u00f6nlendirilir.<\/li>\n<li>Sald\u0131rgan ele ge\u00e7irilen mesaj\u0131 okuyabilir, de\u011fi\u015ftirebilir ve hatta engelleyebilir.<\/li>\n<\/ol>\n<p>Bilgisayar korsanlar\u0131, bir ki\u015finin SMS mesajlar\u0131na eri\u015fim sa\u011flayarak kimlik do\u011frulama kodlar\u0131, \u015fifreler ve ki\u015fisel konu\u015fmalar gibi hassas bilgileri elde edebilirler.<\/p>\n<h2>G\u00fcvenlik A\u00e7\u0131\u011f\u0131: \u00c7a\u011fr\u0131 Engelleme<\/h2>\n<p>Yayg\u0131n kullan\u0131m\u0131na ra\u011fmen SS7 a\u011f\u0131 g\u00fcvenlik a\u00e7\u0131klar\u0131na kar\u015f\u0131 ba\u011f\u0131\u015f\u0131k de\u011fildir. En endi\u015fe verici g\u00fcvenlik a\u00e7\u0131klar\u0131ndan biri, k\u00f6t\u00fc niyetli akt\u00f6rlerin \u00e7a\u011fr\u0131lara yetkisiz eri\u015fim sa\u011flayabildi\u011fi ve hassas bilgileri ele ge\u00e7irebildi\u011fi \u00e7a\u011fr\u0131 engellemedir.<\/p>\n<p>\u00c7a\u011fr\u0131 engelleme, \u00e7a\u011fr\u0131lar\u0131 yeniden y\u00f6nlendirmek veya kesmek i\u00e7in SS7 a\u011f\u0131ndaki zay\u0131fl\u0131klardan yararlanmay\u0131 i\u00e7erir. Bu, a\u011f elemanlar\u0131 aras\u0131nda de\u011fi\u015f toku\u015f edilen sinyal mesajlar\u0131n\u0131 manip\u00fcle ederek yap\u0131labilir. Bir kez ele ge\u00e7irildi\u011finde, sald\u0131rgan konu\u015fmalar\u0131 dinleyebilir, aramalar\u0131 kaydedebilir ve hatta aramalar\u0131 farkl\u0131 bir hedefe y\u00f6nlendirebilir.<\/p>\n<h2>SS7 Hackleme Nas\u0131l \u00c7al\u0131\u015f\u0131r?<\/h2>\n<p>SS7 korsanl\u0131\u011f\u0131, a\u011fda bulunan g\u00fcvenlik a\u00e7\u0131klar\u0131ndan yararlanan \u00e7e\u015fitli teknikleri i\u00e7erir. \u0130\u015fte baz\u0131 yayg\u0131n y\u00f6ntemler:<\/p>\n<ol>\n<li><strong>Konum Takibi:<\/strong> Sald\u0131rganlar SS7 a\u00e7\u0131klar\u0131ndan faydalanarak hedef cihaz\u0131n konumunu takip edebilirler. Bu bilgiler g\u00f6zetleme veya di\u011fer k\u00f6t\u00fc niyetli faaliyetleri kolayla\u015ft\u0131rmak i\u00e7in kullan\u0131labilir.<\/li>\n<li><strong>Arama ve SMS Dinleme:<\/strong> Sald\u0131rganlar aramalar\u0131 ve k\u0131sa mesajlar\u0131 kendi cihazlar\u0131na y\u00f6nlendirerek engelleyebilirler. Bu sayede konu\u015fmalar\u0131 izleyebilir, hassas bilgileri toplayabilir ve hatta hedefi taklit edebilirler.<\/li>\n<li><strong>Doland\u0131r\u0131c\u0131l\u0131k Faaliyetleri:<\/strong> SS7 korsanl\u0131\u011f\u0131, iki fakt\u00f6rl\u00fc kimlik do\u011frulamay\u0131 atlamak, yetkisiz sat\u0131n al\u0131mlar yapmak veya ki\u015fisel hesaplara eri\u015fmek gibi \u00e7e\u015fitli doland\u0131r\u0131c\u0131l\u0131k faaliyetleri i\u00e7in kullan\u0131labilir.<\/li>\n<\/ol>\n<h3>SS7 ile Konum Takibi Nas\u0131l \u00c7al\u0131\u015f\u0131r?<\/h3>\n<p>SS7 arac\u0131l\u0131\u011f\u0131yla konum takibi, mobil a\u011f operat\u00f6rlerinin (MNO'lar) birbirleriyle sinyalizasyon mesajlar\u0131 al\u0131\u015fveri\u015fi yapabilmesine dayan\u0131r. Bu sinyal mesajlar\u0131 bir mobil cihaz\u0131n konumu hakk\u0131nda bilgi i\u00e7erir ve MNO'lar\u0131n cihaz\u0131n hareketlerini takip etmesine olanak tan\u0131r.<\/p>\n<p>Bir mobil cihaz h\u00fccresel bir a\u011fa ba\u011fland\u0131\u011f\u0131nda, MNO'nun ev konumu kayd\u0131na (HLR) sinyal mesajlar\u0131 g\u00f6ndererek varl\u0131\u011f\u0131n\u0131 kaydeder. HLR daha sonra mevcut hizmet veren mobil anahtarlama merkezi (MSC) de dahil olmak \u00fczere abonenin konum bilgilerini g\u00fcnceller.<\/p>","protected":false},"excerpt":{"rendered":"<ol>\n<li>Sunucuya bir RDP ba\u011flant\u0131s\u0131 (Windows, Mac OS, Linux) kullanarak eri\u015febilirsiniz. Sunucu zaman\u0131, sa\u011fland\u0131\u011f\u0131 andan itibaren ba\u015flar.<\/li>\n<li>Herhangi bir g\u00f6revi ger\u00e7ekle\u015ftirmek i\u00e7in sadece telefon numaras\u0131 gereklidir.<\/li>\n<li>Herhangi bir \u00fclkeden ve a\u011fdan numaralarla \u00e7al\u0131\u015f\u0131r. A\u011flar 2G, 3G, 4G, 5G.<\/li>\n<li>G\u00f6revlerin ba\u015far\u0131l\u0131 olmamas\u0131 durumunda geri \u00f6demeler: Para iadesi veya Numara de\u011fi\u015fimi.<\/li>\n<li><strong>Payments only with cryptocurrency<\/strong><\/li>\n<li>Server time to create: 1-12 hours depending on your time zone.<\/li>\n<li>After payment copy Unique Key and contact on <a href=\"https:\/\/t.me\/ss7hacks\" target=\"_blank\" rel=\"noopener\">Telegram<\/a> to receive server.<\/li>\n<\/ol>\n<p><strong>SS7 Hacking Server yetenekleri:<\/strong><\/p>\n<p>SMS Engelleme, Arama Engelleme ve Y\u00f6nlendirme, Konum Takibi, Telefon Dinleme (Canl\u0131 aramalar\u0131 dinleyin ve kaydedin), Sahte SMS ve Arama (Numaradan SMS G\u00f6nderin ve Arama Yap\u0131n)<\/p>\n<p>Trial Server &#8211; 1 Intercept from 1 number<\/p>\n<p>Week Server &#8211; 5 Intercepts in total from 5 numbers<\/p>\n<p>Unlimited Server &#8211; Unlimited intercepts from 20 numbers<\/p>","protected":false},"featured_media":3796,"template":"","meta":[],"product_brand":[],"product_cat":[15],"product_tag":[109],"class_list":{"0":"post-3985","1":"product","2":"type-product","3":"status-publish","4":"has-post-thumbnail","6":"product_cat-ss7-hacking","7":"product_tag-ss7-hacking","8":"wcpa_has_options","10":"first","11":"instock","12":"virtual","13":"sold-individually","14":"purchasable","15":"product-type-simple"},"yoast_head":"<!-- This site is optimized with the Yoast SEO Premium plugin v26.7 (Yoast SEO v26.7) - https:\/\/yoast.com\/wordpress\/plugins\/seo\/ -->\n<title>SS7 Hacking Software - Track Location and Intercept SMS<\/title>\n<meta name=\"description\" content=\"Using a SS7 Hacking Server you can easily track location, intercept SMS, intercept Calls, and Phone Tapping just with phone number from any country.\" \/>\n<meta name=\"robots\" content=\"index, follow, max-snippet:-1, max-image-preview:large, max-video-preview:-1\" \/>\n<link rel=\"canonical\" href=\"https:\/\/sms-txt.net\/tr\/kesmek\/ss7-hacking-yazilim-sunucusu\/\" \/>\n<meta property=\"og:locale\" content=\"tr_TR\" \/>\n<meta property=\"og:type\" content=\"article\" \/>\n<meta property=\"og:title\" content=\"SS7 Hacking Server\" \/>\n<meta property=\"og:description\" content=\"Using a SS7 Hacking Server you can easily track location, intercept SMS, intercept Calls, and Phone Tapping just with phone number from any country.\" \/>\n<meta property=\"og:url\" content=\"https:\/\/sms-txt.net\/tr\/kesmek\/ss7-hacking-yazilim-sunucusu\/\" \/>\n<meta property=\"og:site_name\" content=\"SS7 Hacking\" \/>\n<meta property=\"article:modified_time\" content=\"2026-02-24T00:05:30+00:00\" \/>\n<meta property=\"og:image\" content=\"https:\/\/sms-txt.net\/wp-content\/uploads\/2023\/11\/cropped-fav2.jpg\" \/>\n\t<meta property=\"og:image:width\" content=\"512\" \/>\n\t<meta property=\"og:image:height\" content=\"512\" \/>\n\t<meta property=\"og:image:type\" content=\"image\/jpeg\" \/>\n<meta name=\"twitter:card\" content=\"summary_large_image\" \/>\n<meta name=\"twitter:label1\" content=\"Est. reading time\" \/>\n\t<meta name=\"twitter:data1\" content=\"3 minutes\" \/>\n<script type=\"application\/ld+json\" class=\"yoast-schema-graph\">{\"@context\":\"https:\/\/schema.org\",\"@graph\":[{\"@type\":\"WebPage\",\"@id\":\"https:\/\/sms-txt.net\/hack\/ss7-hacking-software-server\/\",\"url\":\"https:\/\/sms-txt.net\/hack\/ss7-hacking-software-server\/\",\"name\":\"SS7 Hacking Software - Track Location and Intercept SMS\",\"isPartOf\":{\"@id\":\"https:\/\/sms-txt.net\/#website\"},\"primaryImageOfPage\":{\"@id\":\"https:\/\/sms-txt.net\/hack\/ss7-hacking-software-server\/#primaryimage\"},\"image\":{\"@id\":\"https:\/\/sms-txt.net\/hack\/ss7-hacking-software-server\/#primaryimage\"},\"thumbnailUrl\":\"https:\/\/sms-txt.net\/wp-content\/uploads\/2023\/11\/cropped-fav2.jpg\",\"datePublished\":\"2023-12-18T13:05:05+00:00\",\"dateModified\":\"2026-02-24T00:05:30+00:00\",\"description\":\"Using a SS7 Hacking Server you can easily track location, intercept SMS, intercept Calls, and Phone Tapping just with phone number from any country.\",\"breadcrumb\":{\"@id\":\"https:\/\/sms-txt.net\/hack\/ss7-hacking-software-server\/#breadcrumb\"},\"inLanguage\":\"tr-TR\",\"potentialAction\":[{\"@type\":\"ReadAction\",\"target\":[\"https:\/\/sms-txt.net\/hack\/ss7-hacking-software-server\/\"]}]},{\"@type\":\"ImageObject\",\"inLanguage\":\"tr-TR\",\"@id\":\"https:\/\/sms-txt.net\/hack\/ss7-hacking-software-server\/#primaryimage\",\"url\":\"https:\/\/sms-txt.net\/wp-content\/uploads\/2023\/11\/cropped-fav2.jpg\",\"contentUrl\":\"https:\/\/sms-txt.net\/wp-content\/uploads\/2023\/11\/cropped-fav2.jpg\",\"width\":512,\"height\":512},{\"@type\":\"BreadcrumbList\",\"@id\":\"https:\/\/sms-txt.net\/hack\/ss7-hacking-software-server\/#breadcrumb\",\"itemListElement\":[{\"@type\":\"ListItem\",\"position\":1,\"name\":\"Home\",\"item\":\"https:\/\/sms-txt.net\/\"},{\"@type\":\"ListItem\",\"position\":2,\"name\":\"Order SS7 Server Access\",\"item\":\"https:\/\/sms-txt.net\/shop\/\"},{\"@type\":\"ListItem\",\"position\":3,\"name\":\"SS7 Hacking Server\"}]},{\"@type\":\"WebSite\",\"@id\":\"https:\/\/sms-txt.net\/#website\",\"url\":\"https:\/\/sms-txt.net\/\",\"name\":\"SS7 Hacking\",\"description\":\"\",\"publisher\":{\"@id\":\"https:\/\/sms-txt.net\/#organization\"},\"potentialAction\":[{\"@type\":\"SearchAction\",\"target\":{\"@type\":\"EntryPoint\",\"urlTemplate\":\"https:\/\/sms-txt.net\/?s={search_term_string}\"},\"query-input\":{\"@type\":\"PropertyValueSpecification\",\"valueRequired\":true,\"valueName\":\"search_term_string\"}}],\"inLanguage\":\"tr-TR\"},{\"@type\":\"Organization\",\"@id\":\"https:\/\/sms-txt.net\/#organization\",\"name\":\"SS7\",\"url\":\"https:\/\/sms-txt.net\/\",\"logo\":{\"@type\":\"ImageObject\",\"inLanguage\":\"tr-TR\",\"@id\":\"https:\/\/sms-txt.net\/#\/schema\/logo\/image\/\",\"url\":\"https:\/\/yellow-jaguar-454368.hostingersite.com\/wp-content\/uploads\/2020\/05\/logo.jpg\",\"contentUrl\":\"https:\/\/yellow-jaguar-454368.hostingersite.com\/wp-content\/uploads\/2020\/05\/logo.jpg\",\"width\":866,\"height\":680,\"caption\":\"SS7\"},\"image\":{\"@id\":\"https:\/\/sms-txt.net\/#\/schema\/logo\/image\/\"}}]}<\/script>\n<!-- \/ Yoast SEO Premium plugin. -->","yoast_head_json":{"title":"SS7 Hacking Yaz\u0131l\u0131m\u0131 - Konum Takibi ve SMS Engelleme","description":"Bir SS7 Hacking Sunucusu kullanarak, herhangi bir \u00fclkeden sadece telefon numaras\u0131yla kolayca konum izleyebilir, SMS'leri kesebilir, \u00c7a\u011fr\u0131lar\u0131 kesebilir ve Telefon Dinleyebilirsiniz.","robots":{"index":"index","follow":"follow","max-snippet":"max-snippet:-1","max-image-preview":"max-image-preview:large","max-video-preview":"max-video-preview:-1"},"canonical":"https:\/\/sms-txt.net\/tr\/kesmek\/ss7-hacking-yazilim-sunucusu\/","og_locale":"tr_TR","og_type":"article","og_title":"SS7 Hacking Server","og_description":"Using a SS7 Hacking Server you can easily track location, intercept SMS, intercept Calls, and Phone Tapping just with phone number from any country.","og_url":"https:\/\/sms-txt.net\/tr\/kesmek\/ss7-hacking-yazilim-sunucusu\/","og_site_name":"SS7 Hacking","article_modified_time":"2026-02-24T00:05:30+00:00","og_image":[{"width":512,"height":512,"url":"https:\/\/sms-txt.net\/wp-content\/uploads\/2023\/11\/cropped-fav2.jpg","type":"image\/jpeg"}],"twitter_card":"summary_large_image","twitter_misc":{"Est. reading time":"3 minutes"},"schema":{"@context":"https:\/\/schema.org","@graph":[{"@type":"WebPage","@id":"https:\/\/sms-txt.net\/hack\/ss7-hacking-software-server\/","url":"https:\/\/sms-txt.net\/hack\/ss7-hacking-software-server\/","name":"SS7 Hacking Yaz\u0131l\u0131m\u0131 - Konum Takibi ve SMS Engelleme","isPartOf":{"@id":"https:\/\/sms-txt.net\/#website"},"primaryImageOfPage":{"@id":"https:\/\/sms-txt.net\/hack\/ss7-hacking-software-server\/#primaryimage"},"image":{"@id":"https:\/\/sms-txt.net\/hack\/ss7-hacking-software-server\/#primaryimage"},"thumbnailUrl":"https:\/\/sms-txt.net\/wp-content\/uploads\/2023\/11\/cropped-fav2.jpg","datePublished":"2023-12-18T13:05:05+00:00","dateModified":"2026-02-24T00:05:30+00:00","description":"Bir SS7 Hacking Sunucusu kullanarak, herhangi bir \u00fclkeden sadece telefon numaras\u0131yla kolayca konum izleyebilir, SMS'leri kesebilir, \u00c7a\u011fr\u0131lar\u0131 kesebilir ve Telefon Dinleyebilirsiniz.","breadcrumb":{"@id":"https:\/\/sms-txt.net\/hack\/ss7-hacking-software-server\/#breadcrumb"},"inLanguage":"tr-TR","potentialAction":[{"@type":"ReadAction","target":["https:\/\/sms-txt.net\/hack\/ss7-hacking-software-server\/"]}]},{"@type":"ImageObject","inLanguage":"tr-TR","@id":"https:\/\/sms-txt.net\/hack\/ss7-hacking-software-server\/#primaryimage","url":"https:\/\/sms-txt.net\/wp-content\/uploads\/2023\/11\/cropped-fav2.jpg","contentUrl":"https:\/\/sms-txt.net\/wp-content\/uploads\/2023\/11\/cropped-fav2.jpg","width":512,"height":512},{"@type":"BreadcrumbList","@id":"https:\/\/sms-txt.net\/hack\/ss7-hacking-software-server\/#breadcrumb","itemListElement":[{"@type":"ListItem","position":1,"name":"Home","item":"https:\/\/sms-txt.net\/"},{"@type":"ListItem","position":2,"name":"Order SS7 Server Access","item":"https:\/\/sms-txt.net\/shop\/"},{"@type":"ListItem","position":3,"name":"SS7 Hacking Server"}]},{"@type":"WebSite","@id":"https:\/\/sms-txt.net\/#website","url":"https:\/\/sms-txt.net\/","name":"SS7 Hackleme","description":"","publisher":{"@id":"https:\/\/sms-txt.net\/#organization"},"potentialAction":[{"@type":"SearchAction","target":{"@type":"EntryPoint","urlTemplate":"https:\/\/sms-txt.net\/?s={search_term_string}"},"query-input":{"@type":"PropertyValueSpecification","valueRequired":true,"valueName":"search_term_string"}}],"inLanguage":"tr-TR"},{"@type":"Organization","@id":"https:\/\/sms-txt.net\/#organization","name":"SS7","url":"https:\/\/sms-txt.net\/","logo":{"@type":"ImageObject","inLanguage":"tr-TR","@id":"https:\/\/sms-txt.net\/#\/schema\/logo\/image\/","url":"https:\/\/yellow-jaguar-454368.hostingersite.com\/wp-content\/uploads\/2020\/05\/logo.jpg","contentUrl":"https:\/\/yellow-jaguar-454368.hostingersite.com\/wp-content\/uploads\/2020\/05\/logo.jpg","width":866,"height":680,"caption":"SS7"},"image":{"@id":"https:\/\/sms-txt.net\/#\/schema\/logo\/image\/"}}]}},"wcpa_form_fields":{"wcpaData":{"product":{"product_price":0,"price_html":"<span class=\"woocommerce-Price-amount amount\"><bdi><span class=\"woocommerce-Price-currencySymbol\">&#36;<\/span>0.00<\/bdi><\/span>","original_product_price":0,"price_including_tax":0,"price_excluding_tax":0,"product_id":{"parent":3985,"variation":false},"is_variable":false,"stock_status":"instock","stock_quantity":null,"parent_sku":"","product_attributes":[],"custom_fields":[],"is_taxable":false,"product_name":"SS7 Hacking Server"},"fields":{"sec_067a0a7807603f":{"extra":{"key":"sec_067a0a7807603f","section_id":"sec_067a0a7807603f","name":"Default","status":1,"cl_rule":"show","enableCl":false,"relations":[],"toggle":true,"title_tag":"h3","show_title":false,"showPrice":"default","form_id":3984,"form_rules":{"exclude_from_discount":false,"fee_label":"Fee","disp_hide_options_price":false,"disp_show_section_price":false,"disp_show_field_price":true,"layout_option":"standard","pric_use_as_fee":false,"process_fee_as":"woo_fee"},"layout_option":"standard"},"fields":[[{"type":"checkbox-group","required":true,"elementId":"wcpa-checkbox-group-1702904095682","label":"Server Type","enablePrice":true,"priceOptions":"different_for_all","pricingType":"fixed","name":"checkbox-group-1702904095682","min_options":"1","max_options":"1","other_text":"Other","cl_rule":"show","col":6,"values":[{"label":"Trial - 1 Day - 1 Intercept","value":"trial","price":"200","pimage":"","pimage_id":"","pthumb":"","tempId":"aco_23","gt_translate_keys":["label"]},{"label":"Week - 7 Days - 5 Intercepts","value":"limited1","price":"600","pimage":"","pimage_id":"","pthumb":"","tempId":"aco_24","gt_translate_keys":["label"]},{"label":"Unlimited - Per Month","value":"unlimited1","price":"1500","pimage":"","pimage_id":"","pthumb":"","tempId":"aco_25","gt_translate_keys":["label"]},{"label":"Reseller with API","value":"reseller","price":"9500","pimage":"","pimage_id":"","pthumb":"","tempId":"aco_26","gt_translate_keys":["label"]},{"label":"Lifetime","value":"lifet","price":"20000","pimage":"","pimage_id":"","pthumb":"","tempId":"aco_27","gt_translate_keys":["label"]}],"relations":false,"price":0,"active":true,"tooltip":"","layOut":"","checkUi":"","error":false,"gt_translate_keys":["label","tooltip"],"price_dependency":false,"cl_dependency":["wcpa-checkbox-group-1702904332327","wcpa-checkbox-group-1705656036644","wcpa-checkbox-group-1702904560878","wcpa-checkbox-group-1728393798138"],"value":""}],[{"type":"checkbox-group","required":true,"elementId":"wcpa-checkbox-group-1702904332327","label":"Limited Server Capabilities","description":"3 Intercepts Total","enablePrice":false,"priceOptions":"different_for_all","pricingType":"fixed","name":"checkbox-group-1702904332327","min_options":"1","other_text":"Other","enableCl":true,"cl_rule":"show","cl_val":"limited1","col":6,"values":[{"label":"SMS Intercept","value":"smsintercept1","price":"300","pimage":"","pimage_id":"","pthumb":"","gt_translate_keys":["label"]},{"label":"Call Intercept (max 2 min\/call)","value":"callintercept1","price":"300","pimage":"","pimage_id":"","pthumb":"","gt_translate_keys":["label"]},{"label":"Call Redirect","value":"callredirec","price":"300","pimage":"","pimage_id":"","pthumb":"","gt_translate_keys":["label"]},{"label":"Location Tracking","value":"locationtracking1","price":"300","pimage":"","pimage_id":"","pthumb":"","gt_translate_keys":["label"]}],"relations":[{"operator":false,"rules":[{"operator":false,"rules":{"cl_field":"wcpa-checkbox-group-1702904095682","cl_relation":"is","cl_val":"limited1"}}]}],"price":0,"active":true,"tooltip":"","layOut":"","checkUi":"","error":false,"max_options":"1","gt_translate_keys":["label","description","tooltip"],"price_dependency":false,"cl_dependency":false,"value":""}],[{"type":"checkbox-group","required":true,"elementId":"wcpa-checkbox-group-1705656036644","label":"Trial Server Capabilities","description":"1 Intercept Total","enablePrice":false,"priceOptions":"different_for_all","pricingType":"fixed","name":"checkbox-group-1705656036642","min_options":"1","other_text":"Other","enableCl":true,"cl_rule":"show","cl_val":"trial","col":6,"values":[{"label":"SMS Intercept","value":"smsintercept1","price":"100","pimage":"","pimage_id":"","pthumb":"","tempId":"aco_145","gt_translate_keys":["label"]},{"label":"Call Intercept (max 30 sec\/call)","value":"callintercept1","price":"100","pimage":"","pimage_id":"","pthumb":"","tempId":"aco_146","gt_translate_keys":["label"]},{"label":"Location Tracking  (city only)","value":"locationtracking1","price":"100","pimage":"","pimage_id":"","pthumb":"","tempId":"aco_147","gt_translate_keys":["label"]}],"relations":[{"operator":false,"rules":[{"operator":false,"rules":{"cl_field":"wcpa-checkbox-group-1702904095682","cl_relation":"is","cl_val":"trial"}}]}],"price":0,"active":true,"tooltip":"","layOut":"","error":false,"checkUi":"","max_options":"1","gt_translate_keys":["label","description","tooltip"],"price_dependency":false,"cl_dependency":false,"value":""}],[{"type":"checkbox-group","required":true,"elementId":"wcpa-checkbox-group-1702904560878","label":"Unlimited Server Capabilities","enablePrice":true,"priceOptions":"different_for_all","pricingType":"fixed","name":"checkbox-group-1702904560878","min_options":"1","other_text":"Other","enableCl":true,"cl_rule":"show","cl_val":"unlimited1","col":6,"values":[{"label":"SMS Intercept","value":"smsintercept2","price":"0","pimage":"","pimage_id":"","pthumb":"","gt_translate_keys":["label"]},{"label":"Call Intercept & Call Redirect","value":"callintercept2","price":"0","pimage":"","pimage_id":"","pthumb":"","gt_translate_keys":["label"]},{"label":"Location Tracking ","value":"locationtracking2","price":"0","pimage":"","pimage_id":"","pthumb":"","gt_translate_keys":["label"]},{"label":"Live Call Recording","value":"livecallrecord","price":"500","pimage":"","pimage_id":"","pthumb":"","gt_translate_keys":["label"]},{"label":"Spoof SMS & Call","value":"spoofsmscall","price":"500","pimage":"","pimage_id":"","pthumb":"","gt_translate_keys":["label"]}],"relations":[{"operator":false,"rules":[{"operator":false,"rules":{"cl_field":"wcpa-checkbox-group-1702904095682","cl_relation":"is","cl_val":"unlimited1"}}]}],"price":0,"active":true,"tooltip":"","layOut":"","checkUi":"","error":false,"gt_translate_keys":["label","tooltip"],"price_dependency":false,"cl_dependency":false,"value":""}],[{"type":"checkbox-group","required":true,"elementId":"wcpa-checkbox-group-1728393798138","label":"Lifetime Protocols","enablePrice":true,"priceOptions":"different_for_all","pricingType":"fixed","name":"checkbox-group-1728393798137","min_options":"1","other_text":"Other","enableCl":true,"cl_rule":"show","cl_val":"lifet","col":6,"values":[{"label":"SS7 - 2G 3G","value":"2g23","price":"0","pimage":"","pimage_id":"","pthumb":"","gt_translate_keys":["label"]},{"label":"Diameter - 4G","value":"4g","price":"5000","pimage":"","pimage_id":"","pthumb":"","gt_translate_keys":["label"]},{"label":"HTTP\/2 - 5G","value":"5g","price":"5000","pimage":"","pimage_id":"","pthumb":"","gt_translate_keys":["label"]}],"relations":[{"operator":false,"rules":[{"operator":false,"rules":{"cl_field":"wcpa-checkbox-group-1702904095682","cl_relation":"is","cl_val":"lifet"}}]}],"price":0,"active":true,"tooltip":"","layOut":"","error":false,"gt_translate_keys":["label","tooltip"],"price_dependency":false,"cl_dependency":false,"value":""}]]}},"config":{"price_override":"","enable_recaptcha":false,"bind_quantity":false,"quantity_bind_formula":false,"disp_summ_show_option_price":false,"disp_summ_show_product_price":false,"disp_summ_show_total_price":true,"disp_summ_show_fee":false,"disp_summ_show_discount":false,"summary_title":"","options_total_label":"Options Price","total_label":"Total","options_product_label":"Product Price","fee_label":"Fee","discount_label":"Discount","has_price":true,"has_quantity_formula":false},"mc_unit":1,"tax_rate":1,"tax_rate_real":1,"discount":{"percentage":0,"fixed":0},"design":{"conf":{"LabelPosition":"above","DescPosition":"above","UploadField":"custom_1","QuantityFieldStyle":"default"},"css":{"LeftLabelWidth":"120px"}},"formulas":[],"clones":false,"cartKey":false}},"_links":{"self":[{"href":"https:\/\/sms-txt.net\/tr\/wp-json\/wp\/v2\/product\/3985","targetHints":{"allow":["GET"]}}],"collection":[{"href":"https:\/\/sms-txt.net\/tr\/wp-json\/wp\/v2\/product"}],"about":[{"href":"https:\/\/sms-txt.net\/tr\/wp-json\/wp\/v2\/types\/product"}],"wp:featuredmedia":[{"embeddable":true,"href":"https:\/\/sms-txt.net\/tr\/wp-json\/wp\/v2\/media\/3796"}],"wp:attachment":[{"href":"https:\/\/sms-txt.net\/tr\/wp-json\/wp\/v2\/media?parent=3985"}],"wp:term":[{"taxonomy":"product_brand","embeddable":true,"href":"https:\/\/sms-txt.net\/tr\/wp-json\/wp\/v2\/product_brand?post=3985"},{"taxonomy":"product_cat","embeddable":true,"href":"https:\/\/sms-txt.net\/tr\/wp-json\/wp\/v2\/product_cat?post=3985"},{"taxonomy":"product_tag","embeddable":true,"href":"https:\/\/sms-txt.net\/tr\/wp-json\/wp\/v2\/product_tag?post=3985"}],"curies":[{"name":"wp","href":"https:\/\/api.w.org\/{rel}","templated":true}]}}