{"id":574,"date":"2020-08-02T00:08:52","date_gmt":"2020-08-02T00:08:52","guid":{"rendered":"https:\/\/sms-txt.net\/?page_id=574"},"modified":"2024-10-22T07:03:07","modified_gmt":"2024-10-22T04:03:07","slug":"ss7-saldiri-demolari","status":"publish","type":"page","link":"https:\/\/sms-txt.net\/tr\/ss7-saldiri-demolari\/","title":{"rendered":"SS7 Sald\u0131r\u0131lar\u0131 Demolar\u0131"},"content":{"rendered":"<section class=\"section\" id=\"section_731953669\">\n\t\t<div class=\"section-bg fill\" >\n\t\t\t\t\t\t\t\t\t\n\t\t\t\n\n\t\t<\/div>\n\n\t\t\n\n\t\t<div class=\"section-content relative\">\n\t\t\t\n<div class=\"row\"  id=\"row-191936994\">\n\n\t<div id=\"col-444637575\" class=\"col small-12 large-12\"  >\n\t\t\t\t<div class=\"col-inner\"  >\n\t\t\t\n\t\t\t\n<div class=\"container section-title-container\" ><h3 class=\"section-title section-title-normal\"><b aria-hidden=\"true\"><\/b><span class=\"section-title-main\" >ss7 demo<\/span><b aria-hidden=\"true\"><\/b><\/h3><\/div>\n\t<div id=\"text-1734097699\" class=\"text\">\n\t\t\n<p>\u00c7e\u015fitli a\u011flardan gelen SMS'leri engellemek i\u00e7in SS7 sunucusunu kullanma demosu.<\/p>\n<ul>\n<li>SMS telefona ula\u015fmadan \u00f6nce a\u011fda durduruldu\u011fu i\u00e7in kurban SMS'i almaz.<\/li>\n<li>SS7 Exploits her zaman g\u00fcncellenir ve hizmet 2G, 3G, 4G ve 5G a\u011flar\u0131 i\u00e7in \u00e7al\u0131\u015f\u0131r.<\/li>\n<li>Etkinle\u015ftirilen her plan, uzaktan m\u00fcdahale i\u00e7in telekom sa\u011flay\u0131c\u0131s\u0131 taraf\u0131ndan \u00f6zel bir kanal a\u00e7\u0131lmas\u0131n\u0131 gerektiriyor. Bu, a\u00e7t\u0131\u011f\u0131m her kanal i\u00e7in de \u00f6deme yapt\u0131\u011f\u0131m anlam\u0131na geliyor ve bu nedenle <strong>\u00fccretsiz testler mevcut de\u011fildir.<\/strong><\/li>\n<li>Ba\u015fkas\u0131 ad\u0131na herhangi bir \u00f6nleme faaliyeti y\u00fcr\u00fctm\u00fcyorum.<\/li>\n<li>Herhangi bir nedenden dolay\u0131 sunucu m\u00fcdahale edemezse, tam bir geri \u00f6deme alma hakk\u0131n\u0131z vard\u0131r. L\u00fctfen sunucuyu m\u00fc\u015fteri raporlar\u0131na g\u00f6re yamalad\u0131\u011f\u0131m\u0131 unutmay\u0131n.<\/li>\n<\/ul>\n<p>WhatsApp ve Telegram uygulamalar\u0131 WEB API arac\u0131l\u0131\u011f\u0131yla sonradan kaydedilebilir ve kurban\u0131n bundan haberi olmaz.<\/p>\n\t\t\n<style>\n#text-1734097699 {\n  font-size: 1.1rem;\n}\n<\/style>\n\t<\/div>\n\t\n\t\t<\/div>\n\t\t\t\t\n<style>\n#col-444637575 > .col-inner {\n  padding: 0 0px 0px 0px;\n  margin: 0 0px 0px 0px;\n}\n<\/style>\n\t<\/div>\n\n\t\n<\/div>\n\t\t<\/div>\n\n\t\t\n<style>\n#section_731953669 {\n  padding-top: 0px;\n  padding-bottom: 0px;\n}\n<\/style>\n\t<\/section>\n\t\n\n\t<section class=\"section\" id=\"section_1537198920\">\n\t\t<div class=\"section-bg fill\" >\n\t\t\t\t\t\t\t\t\t\n\t\t\t\n\n\t\t<\/div>\n\n\t\t\n\n\t\t<div class=\"section-content relative\">\n\t\t\t\n<div class=\"row\"  id=\"row-1261117530\">\n\n\t<div id=\"col-1199099361\" class=\"col medium-6 small-12 large-6\"  >\n\t\t\t\t<div class=\"col-inner\"  >\n\t\t\t\n\t\t\t\n<h1><span class=\"back2\">SS7 WhatsApp Intercept Demosu<\/span><\/h1>\n<div style=\"position: relative; padding-top: 56.25%;\"><iframe style=\"border: 0; position: absolute; top: 0; height: 100%; width: 100%;\" src=\"https:\/\/iframe.mediadelivery.net\/embed\/172466\/b41457cd-1976-4fa7-bfe0-4f1aa0edd1f3?autoplay=false&amp;loop=false&amp;muted=false&amp;preload=true\" allowfullscreen=\"allowfullscreen\"><\/iframe><\/div>\n\t\t<\/div>\n\t\t\t\t\t<\/div>\n\n\t\n\n\t<div id=\"col-2052644667\" class=\"col medium-6 small-12 large-6\"  >\n\t\t\t\t<div class=\"col-inner\"  >\n\t\t\t\n\t\t\t\n<h1><span class=\"back2\">SS7 5G TikTok Intercept Demosu<\/span><\/h1>\n<div style=\"position: relative; padding-top: 56.25%;\"><iframe style=\"border: 0; position: absolute; top: 0; height: 100%; width: 100%;\" src=\"https:\/\/iframe.mediadelivery.net\/embed\/172466\/e4dc0a86-bb21-462f-972e-4f33b0654d98?autoplay=false&amp;loop=false&amp;muted=false&amp;preload=true\" allowfullscreen=\"allowfullscreen\"><\/iframe><\/div>\n\t\t<\/div>\n\t\t\t\t\t<\/div>\n\n\t\n<\/div>\n\t\t<\/div>\n\n\t\t\n<style>\n#section_1537198920 {\n  padding-top: 0px;\n  padding-bottom: 0px;\n}\n<\/style>\n\t<\/section>","protected":false},"excerpt":{"rendered":"","protected":false},"author":1,"featured_media":0,"parent":0,"menu_order":0,"comment_status":"closed","ping_status":"closed","template":"","meta":{"footnotes":""},"class_list":["post-574","page","type-page","status-publish","hentry"],"yoast_head":"<!-- This site is optimized with the Yoast SEO Premium plugin v26.7 (Yoast SEO v27.4) - https:\/\/yoast.com\/product\/yoast-seo-premium-wordpress\/ -->\n<title>SS7 Attacks Demos - SS7 Hacking<\/title>\n<meta name=\"description\" content=\"SS7 Software with SMS Intercept, Call Intercept and Location Tracking. The Signaling System Number Seven (SS7) is a suite of protocols.\" \/>\n<meta name=\"robots\" content=\"index, follow, max-snippet:-1, max-image-preview:large, max-video-preview:-1\" \/>\n<link rel=\"canonical\" href=\"https:\/\/sms-txt.net\/tr\/ss7-saldiri-demolari\/\" \/>\n<meta property=\"og:locale\" content=\"tr_TR\" \/>\n<meta property=\"og:type\" content=\"article\" \/>\n<meta property=\"og:title\" content=\"SS7 Attacks Demos\" \/>\n<meta property=\"og:description\" content=\"SS7 Software with SMS Intercept, Call Intercept and Location Tracking. The Signaling System Number Seven (SS7) is a suite of protocols.\" \/>\n<meta property=\"og:url\" content=\"https:\/\/sms-txt.net\/tr\/ss7-saldiri-demolari\/\" \/>\n<meta property=\"og:site_name\" content=\"SS7 Hacking\" \/>\n<meta property=\"article:modified_time\" content=\"2024-10-22T04:03:07+00:00\" \/>\n<meta name=\"twitter:card\" content=\"summary_large_image\" \/>\n<meta name=\"twitter:label1\" content=\"Est. reading time\" \/>\n\t<meta name=\"twitter:data1\" content=\"1 minute\" \/>\n<script type=\"application\/ld+json\" class=\"yoast-schema-graph\">{\"@context\":\"https:\\\/\\\/schema.org\",\"@graph\":[{\"@type\":\"WebPage\",\"@id\":\"https:\\\/\\\/sms-txt.net\\\/ss7-attacks-demos\\\/\",\"url\":\"https:\\\/\\\/sms-txt.net\\\/ss7-attacks-demos\\\/\",\"name\":\"SS7 Attacks Demos - SS7 Hacking\",\"isPartOf\":{\"@id\":\"https:\\\/\\\/sms-txt.net\\\/#website\"},\"datePublished\":\"2020-08-02T00:08:52+00:00\",\"dateModified\":\"2024-10-22T04:03:07+00:00\",\"description\":\"SS7 Software with SMS Intercept, Call Intercept and Location Tracking. The Signaling System Number Seven (SS7) is a suite of protocols.\",\"breadcrumb\":{\"@id\":\"https:\\\/\\\/sms-txt.net\\\/ss7-attacks-demos\\\/#breadcrumb\"},\"inLanguage\":\"tr-TR\",\"potentialAction\":[{\"@type\":\"ReadAction\",\"target\":[\"https:\\\/\\\/sms-txt.net\\\/ss7-attacks-demos\\\/\"]}]},{\"@type\":\"BreadcrumbList\",\"@id\":\"https:\\\/\\\/sms-txt.net\\\/ss7-attacks-demos\\\/#breadcrumb\",\"itemListElement\":[{\"@type\":\"ListItem\",\"position\":1,\"name\":\"Home\",\"item\":\"https:\\\/\\\/sms-txt.net\\\/\"},{\"@type\":\"ListItem\",\"position\":2,\"name\":\"SS7 Attacks Demos\"}]},{\"@type\":\"WebSite\",\"@id\":\"https:\\\/\\\/sms-txt.net\\\/#website\",\"url\":\"https:\\\/\\\/sms-txt.net\\\/\",\"name\":\"SS7 Hacking\",\"description\":\"\",\"publisher\":{\"@id\":\"https:\\\/\\\/sms-txt.net\\\/#organization\"},\"potentialAction\":[{\"@type\":\"SearchAction\",\"target\":{\"@type\":\"EntryPoint\",\"urlTemplate\":\"https:\\\/\\\/sms-txt.net\\\/?s={search_term_string}\"},\"query-input\":{\"@type\":\"PropertyValueSpecification\",\"valueRequired\":true,\"valueName\":\"search_term_string\"}}],\"inLanguage\":\"tr-TR\"},{\"@type\":\"Organization\",\"@id\":\"https:\\\/\\\/sms-txt.net\\\/#organization\",\"name\":\"SS7\",\"url\":\"https:\\\/\\\/sms-txt.net\\\/\",\"logo\":{\"@type\":\"ImageObject\",\"inLanguage\":\"tr-TR\",\"@id\":\"https:\\\/\\\/sms-txt.net\\\/#\\\/schema\\\/logo\\\/image\\\/\",\"url\":\"https:\\\/\\\/yellow-jaguar-454368.hostingersite.com\\\/wp-content\\\/uploads\\\/2020\\\/05\\\/logo.jpg\",\"contentUrl\":\"https:\\\/\\\/yellow-jaguar-454368.hostingersite.com\\\/wp-content\\\/uploads\\\/2020\\\/05\\\/logo.jpg\",\"width\":866,\"height\":680,\"caption\":\"SS7\"},\"image\":{\"@id\":\"https:\\\/\\\/sms-txt.net\\\/#\\\/schema\\\/logo\\\/image\\\/\"}}]}<\/script>\n<!-- \/ Yoast SEO Premium plugin. -->","yoast_head_json":{"title":"SS7 Sald\u0131r\u0131lar\u0131 Demolar\u0131 - SS7 Hacking","description":"SMS Engelleme, \u00c7a\u011fr\u0131 Engelleme ve Konum Takibi ile SS7 Yaz\u0131l\u0131m\u0131. Yedi Numaral\u0131 Sinyalizasyon Sistemi (SS7) bir protokoller paketidir.","robots":{"index":"index","follow":"follow","max-snippet":"max-snippet:-1","max-image-preview":"max-image-preview:large","max-video-preview":"max-video-preview:-1"},"canonical":"https:\/\/sms-txt.net\/tr\/ss7-saldiri-demolari\/","og_locale":"tr_TR","og_type":"article","og_title":"SS7 Attacks Demos","og_description":"SS7 Software with SMS Intercept, Call Intercept and Location Tracking. The Signaling System Number Seven (SS7) is a suite of protocols.","og_url":"https:\/\/sms-txt.net\/tr\/ss7-saldiri-demolari\/","og_site_name":"SS7 Hacking","article_modified_time":"2024-10-22T04:03:07+00:00","twitter_card":"summary_large_image","twitter_misc":{"Est. reading time":"1 minute"},"schema":{"@context":"https:\/\/schema.org","@graph":[{"@type":"WebPage","@id":"https:\/\/sms-txt.net\/ss7-attacks-demos\/","url":"https:\/\/sms-txt.net\/ss7-attacks-demos\/","name":"SS7 Sald\u0131r\u0131lar\u0131 Demolar\u0131 - SS7 Hacking","isPartOf":{"@id":"https:\/\/sms-txt.net\/#website"},"datePublished":"2020-08-02T00:08:52+00:00","dateModified":"2024-10-22T04:03:07+00:00","description":"SMS Engelleme, \u00c7a\u011fr\u0131 Engelleme ve Konum Takibi ile SS7 Yaz\u0131l\u0131m\u0131. Yedi Numaral\u0131 Sinyalizasyon Sistemi (SS7) bir protokoller paketidir.","breadcrumb":{"@id":"https:\/\/sms-txt.net\/ss7-attacks-demos\/#breadcrumb"},"inLanguage":"tr-TR","potentialAction":[{"@type":"ReadAction","target":["https:\/\/sms-txt.net\/ss7-attacks-demos\/"]}]},{"@type":"BreadcrumbList","@id":"https:\/\/sms-txt.net\/ss7-attacks-demos\/#breadcrumb","itemListElement":[{"@type":"ListItem","position":1,"name":"Home","item":"https:\/\/sms-txt.net\/"},{"@type":"ListItem","position":2,"name":"SS7 Attacks Demos"}]},{"@type":"WebSite","@id":"https:\/\/sms-txt.net\/#website","url":"https:\/\/sms-txt.net\/","name":"SS7 Hackleme","description":"","publisher":{"@id":"https:\/\/sms-txt.net\/#organization"},"potentialAction":[{"@type":"SearchAction","target":{"@type":"EntryPoint","urlTemplate":"https:\/\/sms-txt.net\/?s={search_term_string}"},"query-input":{"@type":"PropertyValueSpecification","valueRequired":true,"valueName":"search_term_string"}}],"inLanguage":"tr-TR"},{"@type":"Organization","@id":"https:\/\/sms-txt.net\/#organization","name":"SS7","url":"https:\/\/sms-txt.net\/","logo":{"@type":"ImageObject","inLanguage":"tr-TR","@id":"https:\/\/sms-txt.net\/#\/schema\/logo\/image\/","url":"https:\/\/yellow-jaguar-454368.hostingersite.com\/wp-content\/uploads\/2020\/05\/logo.jpg","contentUrl":"https:\/\/yellow-jaguar-454368.hostingersite.com\/wp-content\/uploads\/2020\/05\/logo.jpg","width":866,"height":680,"caption":"SS7"},"image":{"@id":"https:\/\/sms-txt.net\/#\/schema\/logo\/image\/"}}]}},"_links":{"self":[{"href":"https:\/\/sms-txt.net\/tr\/wp-json\/wp\/v2\/pages\/574","targetHints":{"allow":["GET"]}}],"collection":[{"href":"https:\/\/sms-txt.net\/tr\/wp-json\/wp\/v2\/pages"}],"about":[{"href":"https:\/\/sms-txt.net\/tr\/wp-json\/wp\/v2\/types\/page"}],"author":[{"embeddable":true,"href":"https:\/\/sms-txt.net\/tr\/wp-json\/wp\/v2\/users\/1"}],"replies":[{"embeddable":true,"href":"https:\/\/sms-txt.net\/tr\/wp-json\/wp\/v2\/comments?post=574"}],"version-history":[{"count":1,"href":"https:\/\/sms-txt.net\/tr\/wp-json\/wp\/v2\/pages\/574\/revisions"}],"predecessor-version":[{"id":4204,"href":"https:\/\/sms-txt.net\/tr\/wp-json\/wp\/v2\/pages\/574\/revisions\/4204"}],"wp:attachment":[{"href":"https:\/\/sms-txt.net\/tr\/wp-json\/wp\/v2\/media?parent=574"}],"curies":[{"name":"wp","href":"https:\/\/api.w.org\/{rel}","templated":true}]}}