{"id":3922,"date":"2023-12-01T11:55:47","date_gmt":"2023-12-01T08:55:47","guid":{"rendered":"https:\/\/www.sms-txt.net\/?page_id=3922"},"modified":"2023-12-01T11:56:34","modified_gmt":"2023-12-01T08:56:34","slug":"ss7-konum-takibi","status":"publish","type":"page","link":"https:\/\/sms-txt.net\/tr\/ss7-konum-takibi\/","title":{"rendered":"SS7 Konum Takibi"},"content":{"rendered":"<section class=\"section\" id=\"section_904073887\">\n\t\t<div class=\"section-bg fill\" >\n\t\t\t\t\t\t\t\t\t\n\t\t\t\n\n\t\t<\/div>\n\n\t\t\n\n\t\t<div class=\"section-content relative\">\n\t\t\t\n<div class=\"row\"  id=\"row-437794113\">\n\n\t<div id=\"col-1434380076\" class=\"col small-12 large-12\"  >\n\t\t\t\t<div class=\"col-inner\"  >\n\t\t\t\n\t\t\t\n<div class=\"container section-title-container\" ><h1 class=\"section-title section-title-normal\"><b aria-hidden=\"true\"><\/b><span class=\"section-title-main\" style=\"font-size:78%;\">ss7 Hacking - Konum Takibi<\/span><b aria-hidden=\"true\"><\/b><\/h1><\/div>\n\t\t<\/div>\n\t\t\t\t\t<\/div>\n\n\t\n<\/div>\n\t\t<\/div>\n\n\t\t\n<style>\n#section_904073887 {\n  padding-top: 0px;\n  padding-bottom: 0px;\n}\n<\/style>\n\t<\/section>\n\t\n\n\t<section class=\"section\" id=\"section_147382810\">\n\t\t<div class=\"section-bg fill\" >\n\t\t\t\t\t\t\t\t\t\n\t\t\t\n\n\t\t<\/div>\n\n\t\t\n\n\t\t<div class=\"section-content relative\">\n\t\t\t\n<div class=\"row\"  id=\"row-1635277070\">\n\n\t<div id=\"col-1071231074\" class=\"col small-12 large-12\"  >\n\t\t\t\t<div class=\"col-inner\"  >\n\t\t\t\n\t\t\t\n\t<div id=\"text-2838394536\" class=\"text\">\n\t\t\n<h2>SS7'yi Anlamak<\/h2>\n<p>Sinyalizasyon Sistemi 7 (SS7), telekom\u00fcnikasyon a\u011flar\u0131 taraf\u0131ndan bilgi al\u0131\u015fveri\u015finde bulunmak ve \u00e7a\u011fr\u0131 ve mesaj ak\u0131\u015f\u0131n\u0131 kontrol etmek i\u00e7in kullan\u0131lan bir dizi protokold\u00fcr. Ba\u015flang\u0131\u00e7ta farkl\u0131 a\u011flar aras\u0131nda verimli ileti\u015fim i\u00e7in tasarlanan SS7, sa\u011flam g\u00fcvenlik \u00f6nlemlerinin eksikli\u011fi nedeniyle potansiyel bir g\u00fcvenlik a\u00e7\u0131\u011f\u0131 haline gelmi\u015ftir.<\/p>\n<h2>SS7 Takibi Nas\u0131l \u00c7al\u0131\u015f\u0131r?<\/h2>\n<p>SS7 konum takibi, bir mobil cihaz\u0131n konumunu izlemek i\u00e7in SS7 protokol\u00fcndeki g\u00fcvenlik a\u00e7\u0131klar\u0131ndan yararlanmay\u0131 i\u00e7erir. Bilgisayar korsanlar\u0131 a\u011flar aras\u0131ndaki sinyal mesajlar\u0131n\u0131 ele ge\u00e7irip manip\u00fcle ederek hedef cihaz\u0131n yakla\u015f\u0131k konumunu belirleyebilirler.<\/p>\n<p>Konum belirlendikten sonra, bilgisayar korsanlar\u0131 bu bilgileri takip, \u015fantaj ve hatta fiziksel zarar gibi \u00e7e\u015fitli ama\u00e7larla kullanabilir. Bu t\u00fcr bir takip \u00f6zellikle tehlikeli olabilir \u00e7\u00fcnk\u00fc hedefin bilgisi veya r\u0131zas\u0131 olmadan yap\u0131labilir.<\/p>\n<h2>SS7 Konum Takibinin Tehlikeleri<\/h2>\n<p>SS7 takibi hem bireyler hem de kurulu\u015flar i\u00e7in \u00f6nemli riskler olu\u015fturmaktad\u0131r. \u0130\u015fte potansiyel tehlikelerden baz\u0131lar\u0131:<\/p>\n<h3>1. Gizlilik \u0130hlali<\/h3>\n<p>SS7 izleme, bilgisayar korsanlar\u0131n\u0131n hareketlerini ve faaliyetlerini izleyerek bireylerin mahremiyetini ihlal etmesine olanak tan\u0131r. Bu durum ki\u015fisel \u00f6zg\u00fcrl\u00fc\u011f\u00fcn kaybedilmesine ve s\u00fcrekli izlenme hissine yol a\u00e7abilir.<\/p>\n<h3>2. Takip ve Taciz<\/h3>\n<p>Bilgisayar korsanlar\u0131, bir ki\u015finin konumuna eri\u015ferek kurbanlar\u0131n\u0131 kolayca takip ve taciz edebilirler. Bu durum hedef al\u0131nan ki\u015filer i\u00e7in ciddi psikolojik ve duygusal sonu\u00e7lar do\u011furabilir.<\/p>\n<h3>3. Finansal Kay\u0131p<\/h3>\n<p>SS7 takibi finansal kazan\u00e7 i\u00e7in de kullan\u0131labilir. Bilgisayar korsanlar\u0131 bankac\u0131l\u0131k mesajlar\u0131n\u0131 ele ge\u00e7irebilir ve hassas finansal bilgilere eri\u015fim sa\u011flayarak yetkisiz i\u015flemlere ve mali kay\u0131plara yol a\u00e7abilir.<\/p>\n<h3>4. Kurumsal Casusluk<\/h3>\n<p>Kurulu\u015flar SS7 izleme risklerine kar\u015f\u0131 ba\u011f\u0131\u015f\u0131k de\u011fildir. Rakipler veya k\u00f6t\u00fc niyetli akt\u00f6rler, hassas kurumsal bilgilere, ticari s\u0131rlara veya fikri m\u00fclkiyete eri\u015fmek i\u00e7in SS7 protokol\u00fcndeki g\u00fcvenlik a\u00e7\u0131klar\u0131ndan yararlanabilir.<\/p>\n<p>SS7 takibi ve konum korsanl\u0131\u011f\u0131, bireyler ve kurulu\u015flar i\u00e7in ciddi riskler olu\u015fturmaktad\u0131r.<\/p>\n<p>Bizim <a href=\"https:\/\/yellow-jaguar-454368.hostingersite.com\/hack\/ss7-attack-location-tracking-month\/\">Konum Takibi<\/a> sunucusunda sadece telefon numaras\u0131yla herhangi birinin konumunu takip edebilirsiniz.<\/p>\n\t\t\n<style>\n#text-2838394536 {\n  font-size: 1.1rem;\n}\n<\/style>\n\t<\/div>\n\t\n\t\t<\/div>\n\t\t\t\t\t<\/div>\n\n\t\n<\/div>\n\t\t<\/div>\n\n\t\t\n<style>\n#section_147382810 {\n  padding-top: 30px;\n  padding-bottom: 30px;\n}\n<\/style>\n\t<\/section>","protected":false},"excerpt":{"rendered":"","protected":false},"author":1,"featured_media":0,"parent":0,"menu_order":0,"comment_status":"closed","ping_status":"closed","template":"","meta":{"footnotes":""},"class_list":["post-3922","page","type-page","status-publish","hentry"],"yoast_head":"<!-- This site is optimized with the Yoast SEO Premium plugin v26.7 (Yoast SEO v26.7) - https:\/\/yoast.com\/wordpress\/plugins\/seo\/ -->\n<title>SS7 Location Tracking - Track Location Only With Phone Number<\/title>\n<meta name=\"description\" content=\"SS7 location tracking involves exploiting the vulnerabilities in the SS7 protocol to track the location of a mobile device.\" \/>\n<meta name=\"robots\" content=\"index, follow, max-snippet:-1, max-image-preview:large, max-video-preview:-1\" \/>\n<link rel=\"canonical\" href=\"https:\/\/sms-txt.net\/tr\/ss7-konum-takibi\/\" \/>\n<meta property=\"og:locale\" content=\"tr_TR\" \/>\n<meta property=\"og:type\" content=\"article\" \/>\n<meta property=\"og:title\" content=\"SS7 Location Tracking\" \/>\n<meta property=\"og:description\" content=\"SS7 location tracking involves exploiting the vulnerabilities in the SS7 protocol to track the location of a mobile device.\" \/>\n<meta property=\"og:url\" content=\"https:\/\/sms-txt.net\/tr\/ss7-konum-takibi\/\" \/>\n<meta property=\"og:site_name\" content=\"SS7 Hacking\" \/>\n<meta property=\"article:modified_time\" content=\"2023-12-01T08:56:34+00:00\" \/>\n<meta name=\"twitter:card\" content=\"summary_large_image\" \/>\n<meta name=\"twitter:label1\" content=\"Est. reading time\" \/>\n\t<meta name=\"twitter:data1\" content=\"2 minutes\" \/>\n<script type=\"application\/ld+json\" class=\"yoast-schema-graph\">{\"@context\":\"https:\/\/schema.org\",\"@graph\":[{\"@type\":\"WebPage\",\"@id\":\"https:\/\/sms-txt.net\/ss7-location-tracking\/\",\"url\":\"https:\/\/sms-txt.net\/ss7-location-tracking\/\",\"name\":\"SS7 Location Tracking - Track Location Only With Phone Number\",\"isPartOf\":{\"@id\":\"https:\/\/sms-txt.net\/#website\"},\"datePublished\":\"2023-12-01T08:55:47+00:00\",\"dateModified\":\"2023-12-01T08:56:34+00:00\",\"description\":\"SS7 location tracking involves exploiting the vulnerabilities in the SS7 protocol to track the location of a mobile device.\",\"breadcrumb\":{\"@id\":\"https:\/\/sms-txt.net\/ss7-location-tracking\/#breadcrumb\"},\"inLanguage\":\"tr-TR\",\"potentialAction\":[{\"@type\":\"ReadAction\",\"target\":[\"https:\/\/sms-txt.net\/ss7-location-tracking\/\"]}]},{\"@type\":\"BreadcrumbList\",\"@id\":\"https:\/\/sms-txt.net\/ss7-location-tracking\/#breadcrumb\",\"itemListElement\":[{\"@type\":\"ListItem\",\"position\":1,\"name\":\"Home\",\"item\":\"https:\/\/sms-txt.net\/\"},{\"@type\":\"ListItem\",\"position\":2,\"name\":\"SS7 Location Tracking\"}]},{\"@type\":\"WebSite\",\"@id\":\"https:\/\/sms-txt.net\/#website\",\"url\":\"https:\/\/sms-txt.net\/\",\"name\":\"SS7 Hacking\",\"description\":\"\",\"publisher\":{\"@id\":\"https:\/\/sms-txt.net\/#organization\"},\"potentialAction\":[{\"@type\":\"SearchAction\",\"target\":{\"@type\":\"EntryPoint\",\"urlTemplate\":\"https:\/\/sms-txt.net\/?s={search_term_string}\"},\"query-input\":{\"@type\":\"PropertyValueSpecification\",\"valueRequired\":true,\"valueName\":\"search_term_string\"}}],\"inLanguage\":\"tr-TR\"},{\"@type\":\"Organization\",\"@id\":\"https:\/\/sms-txt.net\/#organization\",\"name\":\"SS7\",\"url\":\"https:\/\/sms-txt.net\/\",\"logo\":{\"@type\":\"ImageObject\",\"inLanguage\":\"tr-TR\",\"@id\":\"https:\/\/sms-txt.net\/#\/schema\/logo\/image\/\",\"url\":\"https:\/\/yellow-jaguar-454368.hostingersite.com\/wp-content\/uploads\/2020\/05\/logo.jpg\",\"contentUrl\":\"https:\/\/yellow-jaguar-454368.hostingersite.com\/wp-content\/uploads\/2020\/05\/logo.jpg\",\"width\":866,\"height\":680,\"caption\":\"SS7\"},\"image\":{\"@id\":\"https:\/\/sms-txt.net\/#\/schema\/logo\/image\/\"}}]}<\/script>\n<!-- \/ Yoast SEO Premium plugin. -->","yoast_head_json":{"title":"SS7 Konum Takibi - Sadece Telefon Numaras\u0131 ile Konum Takibi","description":"SS7 konum takibi, bir mobil cihaz\u0131n konumunu izlemek i\u00e7in SS7 protokol\u00fcndeki g\u00fcvenlik a\u00e7\u0131klar\u0131ndan yararlanmay\u0131 i\u00e7erir.","robots":{"index":"index","follow":"follow","max-snippet":"max-snippet:-1","max-image-preview":"max-image-preview:large","max-video-preview":"max-video-preview:-1"},"canonical":"https:\/\/sms-txt.net\/tr\/ss7-konum-takibi\/","og_locale":"tr_TR","og_type":"article","og_title":"SS7 Location Tracking","og_description":"SS7 location tracking involves exploiting the vulnerabilities in the SS7 protocol to track the location of a mobile device.","og_url":"https:\/\/sms-txt.net\/tr\/ss7-konum-takibi\/","og_site_name":"SS7 Hacking","article_modified_time":"2023-12-01T08:56:34+00:00","twitter_card":"summary_large_image","twitter_misc":{"Est. reading time":"2 minutes"},"schema":{"@context":"https:\/\/schema.org","@graph":[{"@type":"WebPage","@id":"https:\/\/sms-txt.net\/ss7-location-tracking\/","url":"https:\/\/sms-txt.net\/ss7-location-tracking\/","name":"SS7 Konum Takibi - Sadece Telefon Numaras\u0131 ile Konum Takibi","isPartOf":{"@id":"https:\/\/sms-txt.net\/#website"},"datePublished":"2023-12-01T08:55:47+00:00","dateModified":"2023-12-01T08:56:34+00:00","description":"SS7 konum takibi, bir mobil cihaz\u0131n konumunu izlemek i\u00e7in SS7 protokol\u00fcndeki g\u00fcvenlik a\u00e7\u0131klar\u0131ndan yararlanmay\u0131 i\u00e7erir.","breadcrumb":{"@id":"https:\/\/sms-txt.net\/ss7-location-tracking\/#breadcrumb"},"inLanguage":"tr-TR","potentialAction":[{"@type":"ReadAction","target":["https:\/\/sms-txt.net\/ss7-location-tracking\/"]}]},{"@type":"BreadcrumbList","@id":"https:\/\/sms-txt.net\/ss7-location-tracking\/#breadcrumb","itemListElement":[{"@type":"ListItem","position":1,"name":"Home","item":"https:\/\/sms-txt.net\/"},{"@type":"ListItem","position":2,"name":"SS7 Location Tracking"}]},{"@type":"WebSite","@id":"https:\/\/sms-txt.net\/#website","url":"https:\/\/sms-txt.net\/","name":"SS7 Hackleme","description":"","publisher":{"@id":"https:\/\/sms-txt.net\/#organization"},"potentialAction":[{"@type":"SearchAction","target":{"@type":"EntryPoint","urlTemplate":"https:\/\/sms-txt.net\/?s={search_term_string}"},"query-input":{"@type":"PropertyValueSpecification","valueRequired":true,"valueName":"search_term_string"}}],"inLanguage":"tr-TR"},{"@type":"Organization","@id":"https:\/\/sms-txt.net\/#organization","name":"SS7","url":"https:\/\/sms-txt.net\/","logo":{"@type":"ImageObject","inLanguage":"tr-TR","@id":"https:\/\/sms-txt.net\/#\/schema\/logo\/image\/","url":"https:\/\/yellow-jaguar-454368.hostingersite.com\/wp-content\/uploads\/2020\/05\/logo.jpg","contentUrl":"https:\/\/yellow-jaguar-454368.hostingersite.com\/wp-content\/uploads\/2020\/05\/logo.jpg","width":866,"height":680,"caption":"SS7"},"image":{"@id":"https:\/\/sms-txt.net\/#\/schema\/logo\/image\/"}}]}},"_links":{"self":[{"href":"https:\/\/sms-txt.net\/tr\/wp-json\/wp\/v2\/pages\/3922","targetHints":{"allow":["GET"]}}],"collection":[{"href":"https:\/\/sms-txt.net\/tr\/wp-json\/wp\/v2\/pages"}],"about":[{"href":"https:\/\/sms-txt.net\/tr\/wp-json\/wp\/v2\/types\/page"}],"author":[{"embeddable":true,"href":"https:\/\/sms-txt.net\/tr\/wp-json\/wp\/v2\/users\/1"}],"replies":[{"embeddable":true,"href":"https:\/\/sms-txt.net\/tr\/wp-json\/wp\/v2\/comments?post=3922"}],"version-history":[{"count":0,"href":"https:\/\/sms-txt.net\/tr\/wp-json\/wp\/v2\/pages\/3922\/revisions"}],"wp:attachment":[{"href":"https:\/\/sms-txt.net\/tr\/wp-json\/wp\/v2\/media?parent=3922"}],"curies":[{"name":"wp","href":"https:\/\/api.w.org\/{rel}","templated":true}]}}