{"id":3915,"date":"2023-12-01T11:15:55","date_gmt":"2023-12-01T08:15:55","guid":{"rendered":"https:\/\/www.sms-txt.net\/?page_id=3915"},"modified":"2023-12-01T11:57:28","modified_gmt":"2023-12-01T08:57:28","slug":"ss7-hackleme-yazilimi","status":"publish","type":"page","link":"https:\/\/sms-txt.net\/tr\/ss7-hackleme-yazilimi\/","title":{"rendered":"SS7 Hackleme"},"content":{"rendered":"<section class=\"section\" id=\"section_703161763\">\n\t\t<div class=\"section-bg fill\" >\n\t\t\t\t\t\t\t\t\t\n\t\t\t\n\n\t\t<\/div>\n\n\t\t\n\n\t\t<div class=\"section-content relative\">\n\t\t\t\n<div class=\"row\"  id=\"row-1864471375\">\n\n\t<div id=\"col-1077714186\" class=\"col small-12 large-12\"  >\n\t\t\t\t<div class=\"col-inner\"  >\n\t\t\t\n\t\t\t\n<div class=\"container section-title-container\" ><h1 class=\"section-title section-title-normal\"><b aria-hidden=\"true\"><\/b><span class=\"section-title-main\" style=\"font-size:78%;\">ss7 Hacking<\/span><b aria-hidden=\"true\"><\/b><\/h1><\/div>\n\t\t<\/div>\n\t\t\t\t\t<\/div>\n\n\t\n<\/div>\n\t\t<\/div>\n\n\t\t\n<style>\n#section_703161763 {\n  padding-top: 0px;\n  padding-bottom: 0px;\n}\n<\/style>\n\t<\/section>\n\t\n\n\t<section class=\"section\" id=\"section_508179113\">\n\t\t<div class=\"section-bg fill\" >\n\t\t\t\t\t\t\t\t\t\n\t\t\t\n\n\t\t<\/div>\n\n\t\t\n\n\t\t<div class=\"section-content relative\">\n\t\t\t\n<div class=\"row\"  id=\"row-44525744\">\n\n\t<div id=\"col-316625823\" class=\"col small-12 large-12\"  >\n\t\t\t\t<div class=\"col-inner\"  >\n\t\t\t\n\t\t\t\n\t<div id=\"text-196251912\" class=\"text\">\n\t\t\n<p>Sinyalizasyon Sistemi No. 7'nin k\u0131saltmas\u0131 olan SS7, farkl\u0131 telefon a\u011flar\u0131 aras\u0131ndaki ileti\u015fim i\u00e7in kullan\u0131lan bir dizi protokold\u00fcr. SS7 k\u00fcresel telekom\u00fcnikasyon altyap\u0131s\u0131n\u0131n kritik bir bile\u015feni olmakla birlikte, g\u00fcvenlik a\u00e7\u0131klar\u0131 nedeniyle bilgisayar korsanlar\u0131 ve siber su\u00e7lular i\u00e7in de bir hedef haline gelmi\u015ftir. Bu makalede, SS7 korsanl\u0131\u011f\u0131 ile ili\u015fkili riskleri inceleyecek ve bu sald\u0131r\u0131lara kar\u015f\u0131 korunmak i\u00e7in kar\u015f\u0131 \u00f6nlemleri tart\u0131\u015faca\u011f\u0131z.<\/p>\n<h2>SS7 Bilgisayar Korsanl\u0131\u011f\u0131n\u0131n Riskleri<\/h2>\n<p>SS7 korsanl\u0131\u011f\u0131, sald\u0131rganlar\u0131n telekom\u00fcnikasyon trafi\u011fini engellemek ve manip\u00fcle etmek i\u00e7in SS7 protokol\u00fcndeki g\u00fcvenlik a\u00e7\u0131klar\u0131ndan yararlanmas\u0131na olanak tan\u0131r. SS7 korsanl\u0131\u011f\u0131 ile ili\u015fkili risklerden baz\u0131lar\u0131 \u015funlard\u0131r:<\/p>\n<ol>\n<li><strong>\u00c7a\u011fr\u0131 Engelleme:<\/strong> Sald\u0131rganlar telefon g\u00f6r\u00fc\u015fmelerini kesebilir ve konu\u015fmalar\u0131 dinleyerek ki\u015fisel veya finansal veriler gibi hassas bilgilere eri\u015fim sa\u011flayabilir.<\/li>\n<li><strong>SMS Durdurma:<\/strong> Bilgisayar korsanlar\u0131 metin mesajlar\u0131n\u0131 ele ge\u00e7irerek mesajlar\u0131 okuyabilir, de\u011fi\u015ftirebilir veya yeniden y\u00f6nlendirebilir, hassas bilgileri tehlikeye atabilir veya doland\u0131r\u0131c\u0131l\u0131k faaliyetleri y\u00fcr\u00fctebilir.<\/li>\n<li><strong>Konum Takibi:<\/strong> Sald\u0131rganlar SS7 a\u00e7\u0131klar\u0131ndan faydalanarak mobil cihazlar\u0131n konumunu izleyebilir, bireylerin gizlili\u011fini ve g\u00fcvenli\u011fini tehlikeye atabilir.<\/li>\n<li><strong>Hizmet reddi:<\/strong> SS7 korsanl\u0131\u011f\u0131, telekom\u00fcnikasyon hizmetlerini kesintiye u\u011fratan ve rahats\u0131zl\u0131k veya mali kayba neden olan hizmet reddi sald\u0131r\u0131lar\u0131 ba\u015flatmak i\u00e7in de kullan\u0131labilir.<\/li>\n<\/ol>\n<h2>SS7 Hacklemede Kullan\u0131lan Y\u00f6ntemler<\/h2>\n<p>Bilgisayar korsanlar\u0131n\u0131n SS7 a\u00e7\u0131klar\u0131ndan yararlanmak i\u00e7in kulland\u0131klar\u0131 \u00e7e\u015fitli y\u00f6ntemler vard\u0131r:<\/p>\n<ul>\n<li><strong>SS7 Paket Manip\u00fclasyonu:<\/strong> Sald\u0131rganlar ileti\u015fimi kesmek veya yeniden y\u00f6nlendirmek i\u00e7in SS7 paketlerini manip\u00fcle edebilirler.<\/li>\n<li><strong>Ortadaki Adam Sald\u0131r\u0131lar\u0131:<\/strong> Bilgisayar korsanlar\u0131 kendilerini g\u00f6nderici ve al\u0131c\u0131 aras\u0131na yerle\u015ftirerek ileti\u015fimi engelleyebilir ve manip\u00fcle edebilirler.<\/li>\n<li><strong>Phishing:<\/strong> Kimlik av\u0131 gibi sosyal m\u00fchendislik teknikleri, bireyleri hassas bilgiler vermeleri i\u00e7in kand\u0131rmak i\u00e7in kullan\u0131labilir ve bu bilgiler daha sonra SS7 korsanl\u0131\u011f\u0131nda kullan\u0131labilir.<\/li>\n<\/ul>\n<p>SS7 korsanl\u0131\u011f\u0131, telekom\u00fcnikasyon a\u011flar\u0131n\u0131n g\u00fcvenli\u011fi ve gizlili\u011fi a\u00e7\u0131s\u0131ndan \u00f6nemli riskler olu\u015fturmaktad\u0131r.<\/p>\n<p>Bizim <a href=\"https:\/\/yellow-jaguar-454368.hostingersite.com\/hack\/ss7-bundle-30-days\/\">SS7 Hackleme<\/a> Sunucu SMS, Aramalar, Konum ve daha fazlas\u0131n\u0131 engelleyebilirsiniz.<\/p>\n\t\t\n<style>\n#text-196251912 {\n  font-size: 1.1rem;\n}\n<\/style>\n\t<\/div>\n\t\n\t\t<\/div>\n\t\t\t\t\t<\/div>\n\n\t\n<\/div>\n\t\t<\/div>\n\n\t\t\n<style>\n#section_508179113 {\n  padding-top: 30px;\n  padding-bottom: 30px;\n}\n<\/style>\n\t<\/section>","protected":false},"excerpt":{"rendered":"","protected":false},"author":1,"featured_media":0,"parent":0,"menu_order":0,"comment_status":"closed","ping_status":"closed","template":"","meta":{"footnotes":""},"class_list":["post-3915","page","type-page","status-publish","hentry"],"yoast_head":"<!-- This site is optimized with the Yoast SEO Premium plugin v26.7 (Yoast SEO v26.7) - https:\/\/yoast.com\/wordpress\/plugins\/seo\/ -->\n<title>SS7 Hacking - How SMS and Calls can be intercepted<\/title>\n<meta name=\"description\" content=\"Discover methods used in SS7 hacking, such as packet manipulation and phishing. Using SS7 attacks you can intercept SMS and Calls from any number.\" \/>\n<meta name=\"robots\" content=\"index, follow, max-snippet:-1, max-image-preview:large, max-video-preview:-1\" \/>\n<link rel=\"canonical\" href=\"https:\/\/sms-txt.net\/tr\/ss7-hackleme-yazilimi\/\" \/>\n<meta property=\"og:locale\" content=\"tr_TR\" \/>\n<meta property=\"og:type\" content=\"article\" \/>\n<meta property=\"og:title\" content=\"SS7 Hacking\" \/>\n<meta property=\"og:description\" content=\"Discover methods used in SS7 hacking, such as packet manipulation and phishing. Using SS7 attacks you can intercept SMS and Calls from any number.\" \/>\n<meta property=\"og:url\" content=\"https:\/\/sms-txt.net\/tr\/ss7-hackleme-yazilimi\/\" \/>\n<meta property=\"og:site_name\" content=\"SS7 Hacking\" \/>\n<meta property=\"article:modified_time\" content=\"2023-12-01T08:57:28+00:00\" \/>\n<meta name=\"twitter:card\" content=\"summary_large_image\" \/>\n<meta name=\"twitter:label1\" content=\"Est. reading time\" \/>\n\t<meta name=\"twitter:data1\" content=\"2 minutes\" \/>\n<script type=\"application\/ld+json\" class=\"yoast-schema-graph\">{\"@context\":\"https:\/\/schema.org\",\"@graph\":[{\"@type\":\"WebPage\",\"@id\":\"https:\/\/sms-txt.net\/fr\/logiciel-de-piratage-ss7\/\",\"url\":\"https:\/\/sms-txt.net\/fr\/logiciel-de-piratage-ss7\/\",\"name\":\"SS7 Hacking - How SMS and Calls can be intercepted\",\"isPartOf\":{\"@id\":\"https:\/\/sms-txt.net\/#website\"},\"datePublished\":\"2023-12-01T08:15:55+00:00\",\"dateModified\":\"2023-12-01T08:57:28+00:00\",\"description\":\"Discover methods used in SS7 hacking, such as packet manipulation and phishing. Using SS7 attacks you can intercept SMS and Calls from any number.\",\"breadcrumb\":{\"@id\":\"https:\/\/sms-txt.net\/fr\/logiciel-de-piratage-ss7\/#breadcrumb\"},\"inLanguage\":\"tr-TR\",\"potentialAction\":[{\"@type\":\"ReadAction\",\"target\":[\"https:\/\/sms-txt.net\/fr\/logiciel-de-piratage-ss7\/\"]}]},{\"@type\":\"BreadcrumbList\",\"@id\":\"https:\/\/sms-txt.net\/fr\/logiciel-de-piratage-ss7\/#breadcrumb\",\"itemListElement\":[{\"@type\":\"ListItem\",\"position\":1,\"name\":\"Home\",\"item\":\"https:\/\/sms-txt.net\/\"},{\"@type\":\"ListItem\",\"position\":2,\"name\":\"SS7 Hacking\"}]},{\"@type\":\"WebSite\",\"@id\":\"https:\/\/sms-txt.net\/#website\",\"url\":\"https:\/\/sms-txt.net\/\",\"name\":\"SS7 Hacking\",\"description\":\"\",\"publisher\":{\"@id\":\"https:\/\/sms-txt.net\/#organization\"},\"potentialAction\":[{\"@type\":\"SearchAction\",\"target\":{\"@type\":\"EntryPoint\",\"urlTemplate\":\"https:\/\/sms-txt.net\/?s={search_term_string}\"},\"query-input\":{\"@type\":\"PropertyValueSpecification\",\"valueRequired\":true,\"valueName\":\"search_term_string\"}}],\"inLanguage\":\"tr-TR\"},{\"@type\":\"Organization\",\"@id\":\"https:\/\/sms-txt.net\/#organization\",\"name\":\"SS7\",\"url\":\"https:\/\/sms-txt.net\/\",\"logo\":{\"@type\":\"ImageObject\",\"inLanguage\":\"tr-TR\",\"@id\":\"https:\/\/sms-txt.net\/#\/schema\/logo\/image\/\",\"url\":\"https:\/\/yellow-jaguar-454368.hostingersite.com\/wp-content\/uploads\/2020\/05\/logo.jpg\",\"contentUrl\":\"https:\/\/yellow-jaguar-454368.hostingersite.com\/wp-content\/uploads\/2020\/05\/logo.jpg\",\"width\":866,\"height\":680,\"caption\":\"SS7\"},\"image\":{\"@id\":\"https:\/\/sms-txt.net\/#\/schema\/logo\/image\/\"}}]}<\/script>\n<!-- \/ Yoast SEO Premium plugin. -->","yoast_head_json":{"title":"SS7 Hacking - SMS ve \u00c7a\u011fr\u0131lar nas\u0131l ele ge\u00e7irilebilir?","description":"Paket manip\u00fclasyonu ve kimlik av\u0131 gibi SS7 korsanl\u0131\u011f\u0131nda kullan\u0131lan y\u00f6ntemleri ke\u015ffedin. SS7 sald\u0131r\u0131lar\u0131n\u0131 kullanarak herhangi bir numaradan gelen SMS ve \u00c7a\u011fr\u0131lar\u0131 engelleyebilirsiniz.","robots":{"index":"index","follow":"follow","max-snippet":"max-snippet:-1","max-image-preview":"max-image-preview:large","max-video-preview":"max-video-preview:-1"},"canonical":"https:\/\/sms-txt.net\/tr\/ss7-hackleme-yazilimi\/","og_locale":"tr_TR","og_type":"article","og_title":"SS7 Hacking","og_description":"Discover methods used in SS7 hacking, such as packet manipulation and phishing. Using SS7 attacks you can intercept SMS and Calls from any number.","og_url":"https:\/\/sms-txt.net\/tr\/ss7-hackleme-yazilimi\/","og_site_name":"SS7 Hacking","article_modified_time":"2023-12-01T08:57:28+00:00","twitter_card":"summary_large_image","twitter_misc":{"Est. reading time":"2 minutes"},"schema":{"@context":"https:\/\/schema.org","@graph":[{"@type":"WebPage","@id":"https:\/\/sms-txt.net\/fr\/logiciel-de-piratage-ss7\/","url":"https:\/\/sms-txt.net\/fr\/logiciel-de-piratage-ss7\/","name":"SS7 Hacking - SMS ve \u00c7a\u011fr\u0131lar nas\u0131l ele ge\u00e7irilebilir?","isPartOf":{"@id":"https:\/\/sms-txt.net\/#website"},"datePublished":"2023-12-01T08:15:55+00:00","dateModified":"2023-12-01T08:57:28+00:00","description":"Paket manip\u00fclasyonu ve kimlik av\u0131 gibi SS7 korsanl\u0131\u011f\u0131nda kullan\u0131lan y\u00f6ntemleri ke\u015ffedin. SS7 sald\u0131r\u0131lar\u0131n\u0131 kullanarak herhangi bir numaradan gelen SMS ve \u00c7a\u011fr\u0131lar\u0131 engelleyebilirsiniz.","breadcrumb":{"@id":"https:\/\/sms-txt.net\/fr\/logiciel-de-piratage-ss7\/#breadcrumb"},"inLanguage":"tr-TR","potentialAction":[{"@type":"ReadAction","target":["https:\/\/sms-txt.net\/fr\/logiciel-de-piratage-ss7\/"]}]},{"@type":"BreadcrumbList","@id":"https:\/\/sms-txt.net\/fr\/logiciel-de-piratage-ss7\/#breadcrumb","itemListElement":[{"@type":"ListItem","position":1,"name":"Home","item":"https:\/\/sms-txt.net\/"},{"@type":"ListItem","position":2,"name":"SS7 Hacking"}]},{"@type":"WebSite","@id":"https:\/\/sms-txt.net\/#website","url":"https:\/\/sms-txt.net\/","name":"SS7 Hackleme","description":"","publisher":{"@id":"https:\/\/sms-txt.net\/#organization"},"potentialAction":[{"@type":"SearchAction","target":{"@type":"EntryPoint","urlTemplate":"https:\/\/sms-txt.net\/?s={search_term_string}"},"query-input":{"@type":"PropertyValueSpecification","valueRequired":true,"valueName":"search_term_string"}}],"inLanguage":"tr-TR"},{"@type":"Organization","@id":"https:\/\/sms-txt.net\/#organization","name":"SS7","url":"https:\/\/sms-txt.net\/","logo":{"@type":"ImageObject","inLanguage":"tr-TR","@id":"https:\/\/sms-txt.net\/#\/schema\/logo\/image\/","url":"https:\/\/yellow-jaguar-454368.hostingersite.com\/wp-content\/uploads\/2020\/05\/logo.jpg","contentUrl":"https:\/\/yellow-jaguar-454368.hostingersite.com\/wp-content\/uploads\/2020\/05\/logo.jpg","width":866,"height":680,"caption":"SS7"},"image":{"@id":"https:\/\/sms-txt.net\/#\/schema\/logo\/image\/"}}]}},"_links":{"self":[{"href":"https:\/\/sms-txt.net\/tr\/wp-json\/wp\/v2\/pages\/3915","targetHints":{"allow":["GET"]}}],"collection":[{"href":"https:\/\/sms-txt.net\/tr\/wp-json\/wp\/v2\/pages"}],"about":[{"href":"https:\/\/sms-txt.net\/tr\/wp-json\/wp\/v2\/types\/page"}],"author":[{"embeddable":true,"href":"https:\/\/sms-txt.net\/tr\/wp-json\/wp\/v2\/users\/1"}],"replies":[{"embeddable":true,"href":"https:\/\/sms-txt.net\/tr\/wp-json\/wp\/v2\/comments?post=3915"}],"version-history":[{"count":0,"href":"https:\/\/sms-txt.net\/tr\/wp-json\/wp\/v2\/pages\/3915\/revisions"}],"wp:attachment":[{"href":"https:\/\/sms-txt.net\/tr\/wp-json\/wp\/v2\/media?parent=3915"}],"curies":[{"name":"wp","href":"https:\/\/api.w.org\/{rel}","templated":true}]}}