{"id":336,"date":"2020-05-30T04:18:31","date_gmt":"2020-05-30T04:18:31","guid":{"rendered":"https:\/\/sms-txt.net\/?page_id=336"},"modified":"2023-12-17T17:23:33","modified_gmt":"2023-12-17T14:23:33","slug":"ss7-yazilim","status":"publish","type":"page","link":"https:\/\/sms-txt.net\/tr\/ss7-yazilim\/","title":{"rendered":"SS7 Hacking Yaz\u0131l\u0131m\u0131 - SMS - \u00c7a\u011fr\u0131 - Konum"},"content":{"rendered":"<section class=\"section\" id=\"section_506801416\">\n\t\t<div class=\"section-bg fill\" >\n\t\t\t\t\t\t\t\t\t\n\t\t\t\n\n\t\t<\/div>\n\n\t\t\n\n\t\t<div class=\"section-content relative\">\n\t\t\t\n<div class=\"row\"  id=\"row-1513313050\">\n\n\t<div id=\"col-591077940\" class=\"col small-12 large-12\"  >\n\t\t\t\t<div class=\"col-inner\"  >\n\t\t\t\n\t\t\t\n<div class=\"container section-title-container\" ><h3 class=\"section-title section-title-normal\"><b aria-hidden=\"true\"><\/b><span class=\"section-title-main\" >ss7 yaz\u0131l\u0131m<\/span><b aria-hidden=\"true\"><\/b><\/h3><\/div>\n\t\t<\/div>\n\t\t\t\t\t<\/div>\n\n\t\n<\/div>\n\t\t<\/div>\n\n\t\t\n<style>\n#section_506801416 {\n  padding-top: 0px;\n  padding-bottom: 0px;\n}\n<\/style>\n\t<\/section>\n\t\n\n\t<section class=\"section\" id=\"section_63914001\">\n\t\t<div class=\"section-bg fill\" >\n\t\t\t\t\t\t\t\t\t\n\t\t\t\n\n\t\t<\/div>\n\n\t\t\n\n\t\t<div class=\"section-content relative\">\n\t\t\t\n<div class=\"row\"  id=\"row-417610644\">\n\n\t<div id=\"col-2043714703\" class=\"col small-12 large-12\"  >\n\t\t\t\t<div class=\"col-inner\"  >\n\t\t\t\n\t\t\t\n\t<div id=\"text-953992954\" class=\"text\">\n\t\t\n<h2>SS7 nedir?<\/h2>\n<p>Sinyalizasyon Sistemi 7 (SS7), telekom\u00fcnikasyonda sinyalizasyon a\u011f\u0131n\u0131 kontrol etmek ve y\u00f6netmek i\u00e7in kullan\u0131lan bir dizi protokold\u00fcr. 1970'lerde geli\u015ftirilmi\u015ftir ve o zamandan beri d\u00fcnya \u00e7ap\u0131nda sabit ve mobil a\u011flarda sinyalizasyon i\u00e7in standart haline gelmi\u015ftir. SS7, \u00e7a\u011fr\u0131 kurulumu, y\u00f6nlendirme ve di\u011fer a\u011f hizmetleri i\u00e7in gerekli bilgi al\u0131\u015fveri\u015fini sa\u011flar.<\/p>\n<p>Arama yapmam\u0131za, mesaj g\u00f6ndermemize ve \u00e7e\u015fitli hizmetlere eri\u015fmemize olanak tan\u0131yan modern ileti\u015fim altyap\u0131m\u0131z\u0131n bel kemi\u011fidir.<\/p>\n<p>Ba\u015flang\u0131\u00e7ta g\u00fcvenilir a\u011flar i\u00e7in tasarlanan SS7, g\u00fcvenlik g\u00f6z \u00f6n\u00fcnde bulundurularak in\u015fa edilmemi\u015ftir. Sonu\u00e7 olarak, ileti\u015fim verilerini ele ge\u00e7irebilen ve manip\u00fcle edebilen bilgisayar korsanlar\u0131 taraf\u0131ndan istismara a\u00e7\u0131k hale gelmi\u015ftir.<\/p>\n<h2>SS7 Hacking Yaz\u0131l\u0131m\u0131 Nas\u0131l \u00c7al\u0131\u015f\u0131r?<\/h2>\n<p>SS7 Hacking yaz\u0131l\u0131m\u0131, ses ve veri trafi\u011finden ayr\u0131 bir a\u011f \u00fczerinde \u00e7al\u0131\u015farak verimli ve g\u00fcvenilir sinyalle\u015fme ileti\u015fimi sa\u011flar. Anahtarlar, y\u00f6nlendiriciler ve veritabanlar\u0131 gibi \u00e7e\u015fitli a\u011f \u00f6\u011feleri aras\u0131nda sinyal mesajlar\u0131n\u0131 iletmek i\u00e7in paket anahtarlamal\u0131 bir a\u011f kullan\u0131r. SS7 protokol y\u0131\u011f\u0131n\u0131, her biri belirli bir i\u015fleve hizmet eden farkl\u0131 katmanlardan olu\u015fur:<\/p>\n<ul>\n<li><strong>Fiziksel Katman:<\/strong> Sinyal mesajlar\u0131n\u0131n bak\u0131r veya fiber optik kablolar gibi fiziksel ortamlar \u00fczerinden iletilmesini sa\u011flar.<\/li>\n<li><strong>Veri Ba\u011flant\u0131 Katman\u0131:<\/strong> G\u00fcvenilir veri iletimi i\u00e7in hata alg\u0131lama ve d\u00fczeltme mekanizmalar\u0131 sa\u011flar.<\/li>\n<li><strong>A\u011f Katman\u0131:<\/strong> Sinyal mesajlar\u0131n\u0131n farkl\u0131 a\u011f elemanlar\u0131 aras\u0131nda y\u00f6nlendirilmesini sa\u011flar.<\/li>\n<li><strong>Ta\u015f\u0131ma Katman\u0131:<\/strong> A\u011f elemanlar\u0131 aras\u0131nda sinyalle\u015fme mesajlar\u0131n\u0131n g\u00fcvenilir bir \u015fekilde iletilmesini sa\u011flar.<\/li>\n<li><strong>Uygulama Katman\u0131:<\/strong> \u00c7a\u011fr\u0131 kurulumu, y\u00f6nlendirme ve di\u011fer a\u011f hizmetleri i\u00e7in gereken belirli hizmetleri ve i\u015flevleri uygular.<\/li>\n<\/ul>\n<h2>SS7 Hacking Yaz\u0131l\u0131m\u0131n\u0131n \u0130\u015flevleri<\/h2>\n<p>SS7 yaz\u0131l\u0131m\u0131, telekom\u00fcnikasyon a\u011flar\u0131n\u0131n sorunsuz \u00e7al\u0131\u015fmas\u0131 i\u00e7in gerekli olan \u00e7ok \u00e7e\u015fitli i\u015flevleri yerine getirir. Temel i\u015flevlerden baz\u0131lar\u0131 \u015funlard\u0131r:<\/p>\n<ol>\n<li><strong>\u00c7a\u011fr\u0131 Kurulumu:<\/strong> SS7, a\u011f elemanlar\u0131 aras\u0131nda sinyalle\u015fme mesajlar\u0131 al\u0131\u015fveri\u015fi yaparak ses ve veri \u00e7a\u011fr\u0131lar\u0131n\u0131n kurulmas\u0131n\u0131 sa\u011flar.<\/li>\n<li><strong>Numara Ta\u015f\u0131nabilirli\u011fi:<\/strong> SS7, kullan\u0131c\u0131lar\u0131n servis sa\u011flay\u0131c\u0131lar\u0131n\u0131 de\u011fi\u015ftirirken telefon numaralar\u0131n\u0131 korumalar\u0131na olanak tan\u0131r.<\/li>\n<li><strong>K\u0131sa Mesaj Servisi (SMS):<\/strong> SS7, mobil cihazlar aras\u0131nda k\u0131sa mesaj al\u0131\u015fveri\u015fini destekler.<\/li>\n<li><strong>Konum Tabanl\u0131 Hizmetler:<\/strong> SS7, acil durum hizmetleri ve katma de\u011ferli hizmetler i\u00e7in konum bilgilerinin sa\u011flanmas\u0131na olanak tan\u0131r.<\/li>\n<li><strong>Dola\u015f\u0131m:<\/strong> SS7, farkl\u0131 a\u011flar aras\u0131nda \u00e7a\u011fr\u0131lar\u0131n ve veri oturumlar\u0131n\u0131n sorunsuz bir \u015fekilde aktar\u0131lmas\u0131n\u0131 kolayla\u015ft\u0131rarak mobil aboneler i\u00e7in kesintisiz hizmet sa\u011flar.<\/li>\n<li><strong>Ak\u0131ll\u0131 A\u011f Hizmetleri:<\/strong> SS7, \u00e7a\u011fr\u0131 y\u00f6nlendirme, \u00e7a\u011fr\u0131 bekletme ve \u00f6n \u00f6demeli faturalama gibi geli\u015fmi\u015f a\u011f hizmetlerinin uygulanmas\u0131n\u0131 sa\u011flar.<\/li>\n<\/ol>\n<p><a href=\"https:\/\/yellow-jaguar-454368.hostingersite.com\/\">SS7 korsanl\u0131\u011f\u0131<\/a> bir hedefin ileti\u015fimine yetkisiz eri\u015fim sa\u011flamak i\u00e7in SS7 protokol\u00fcndeki g\u00fcvenlik a\u00e7\u0131klar\u0131ndan yararlanmay\u0131 i\u00e7erir. Bilgisayar korsanlar\u0131 a\u015fa\u011f\u0131dakiler de dahil olmak \u00fczere \u00e7e\u015fitli teknikler kullanabilir:<\/p>\n<ol>\n<li>Dinleme: Bilgisayar korsanlar\u0131, telekom\u00fcnikasyon a\u011flar\u0131 aras\u0131nda de\u011fi\u015f toku\u015f edilen sinyal mesajlar\u0131n\u0131 ele ge\u00e7irerek arama kay\u0131tlar\u0131, metin mesajlar\u0131 ve hatta konum verileri gibi hassas bilgilere eri\u015fim sa\u011flayabilir.<\/li>\n<li>Arama ve SMS y\u00f6nlendirme: Bilgisayar korsanlar\u0131, bir hedefe y\u00f6nelik aramalar\u0131 ve k\u0131sa mesajlar\u0131 kendi cihazlar\u0131na y\u00f6nlendirerek konu\u015fmalar\u0131 gizlice dinlemelerine veya hassas bilgileri \u00e7almalar\u0131na olanak tan\u0131yabilir.<\/li>\n<li>Hizmet Reddi (DoS) sald\u0131r\u0131lar\u0131: Bilgisayar korsanlar\u0131 SS7 a\u011f\u0131n\u0131 taleplerle doldurarak sistemi a\u015f\u0131r\u0131 y\u00fckleyebilir ve ileti\u015fim hizmetlerinde kesintilere neden olabilir.<\/li>\n<li>Abone doland\u0131r\u0131c\u0131l\u0131\u011f\u0131: Bilgisayar korsanlar\u0131, bir abone ad\u0131na yetkisiz aramalar yapmak veya kullan\u0131c\u0131n\u0131n bilgisi olmadan premium hizmetlere eri\u015fmek gibi eylemler ger\u00e7ekle\u015ftirmek i\u00e7in SS7 a\u011f\u0131n\u0131 manip\u00fcle edebilir.<\/li>\n<\/ol>\n<p><a href=\"https:\/\/yellow-jaguar-454368.hostingersite.com\/\">SS7 yaz\u0131l\u0131m\u0131<\/a> telekom\u00fcnikasyon a\u011flar\u0131n\u0131n i\u015fleyi\u015finde \u00e7ok \u00f6nemli bir rol oynar, verimli ve g\u00fcvenilir sinyal ileti\u015fimi sa\u011flar. \u00c7a\u011fr\u0131 kurulumu, numara ta\u015f\u0131nabilirli\u011fi ve konum tabanl\u0131 hizmetler gibi \u00e7e\u015fitli i\u015flevleri, ses ve veri hizmetlerinin sorunsuz \u00e7al\u0131\u015fmas\u0131na katk\u0131da bulunur.<\/p>\n\t\t\n<style>\n#text-953992954 {\n  font-size: 1.1rem;\n}\n<\/style>\n\t<\/div>\n\t\n\t\t<\/div>\n\t\t\t\t\t<\/div>\n\n\t\n<\/div>\n\t\t<\/div>\n\n\t\t\n<style>\n#section_63914001 {\n  padding-top: 30px;\n  padding-bottom: 30px;\n}\n<\/style>\n\t<\/section>","protected":false},"excerpt":{"rendered":"","protected":false},"author":1,"featured_media":0,"parent":0,"menu_order":0,"comment_status":"closed","ping_status":"closed","template":"","meta":{"footnotes":""},"class_list":["post-336","page","type-page","status-publish","hentry"],"yoast_head":"<!-- This site is optimized with the Yoast SEO Premium plugin v26.7 (Yoast SEO v26.7) - https:\/\/yoast.com\/wordpress\/plugins\/seo\/ -->\n<title>SS7 Hacking Software - SMS - Call - Location - SS7 Hacking<\/title>\n<meta name=\"description\" content=\"SS7 Hacking software performs a wide range of functions that are essential for the smooth operation of telecommunication networks.\" \/>\n<meta name=\"robots\" content=\"index, follow, max-snippet:-1, max-image-preview:large, max-video-preview:-1\" \/>\n<link rel=\"canonical\" href=\"https:\/\/sms-txt.net\/tr\/ss7-yazilim\/\" \/>\n<meta property=\"og:locale\" content=\"tr_TR\" \/>\n<meta property=\"og:type\" content=\"article\" \/>\n<meta property=\"og:title\" content=\"SS7 Hacking Software - SMS - Call - Location\" \/>\n<meta property=\"og:description\" content=\"SS7 Hacking software performs a wide range of functions that are essential for the smooth operation of telecommunication networks.\" \/>\n<meta property=\"og:url\" content=\"https:\/\/sms-txt.net\/tr\/ss7-yazilim\/\" \/>\n<meta property=\"og:site_name\" content=\"SS7 Hacking\" \/>\n<meta property=\"article:modified_time\" content=\"2023-12-17T14:23:33+00:00\" \/>\n<meta name=\"twitter:card\" content=\"summary_large_image\" \/>\n<meta name=\"twitter:label1\" content=\"Est. reading time\" \/>\n\t<meta name=\"twitter:data1\" content=\"3 minutes\" \/>\n<script type=\"application\/ld+json\" class=\"yoast-schema-graph\">{\"@context\":\"https:\/\/schema.org\",\"@graph\":[{\"@type\":\"WebPage\",\"@id\":\"https:\/\/sms-txt.net\/ss7-software\/\",\"url\":\"https:\/\/sms-txt.net\/ss7-software\/\",\"name\":\"SS7 Hacking Software - SMS - Call - Location - SS7 Hacking\",\"isPartOf\":{\"@id\":\"https:\/\/sms-txt.net\/#website\"},\"datePublished\":\"2020-05-30T04:18:31+00:00\",\"dateModified\":\"2023-12-17T14:23:33+00:00\",\"description\":\"SS7 Hacking software performs a wide range of functions that are essential for the smooth operation of telecommunication networks.\",\"breadcrumb\":{\"@id\":\"https:\/\/sms-txt.net\/ss7-software\/#breadcrumb\"},\"inLanguage\":\"tr-TR\",\"potentialAction\":[{\"@type\":\"ReadAction\",\"target\":[\"https:\/\/sms-txt.net\/ss7-software\/\"]}]},{\"@type\":\"BreadcrumbList\",\"@id\":\"https:\/\/sms-txt.net\/ss7-software\/#breadcrumb\",\"itemListElement\":[{\"@type\":\"ListItem\",\"position\":1,\"name\":\"Home\",\"item\":\"https:\/\/sms-txt.net\/\"},{\"@type\":\"ListItem\",\"position\":2,\"name\":\"SS7 Hacking Software &#8211; SMS &#8211; Call &#8211; Location\"}]},{\"@type\":\"WebSite\",\"@id\":\"https:\/\/sms-txt.net\/#website\",\"url\":\"https:\/\/sms-txt.net\/\",\"name\":\"SS7 Hacking\",\"description\":\"\",\"publisher\":{\"@id\":\"https:\/\/sms-txt.net\/#organization\"},\"potentialAction\":[{\"@type\":\"SearchAction\",\"target\":{\"@type\":\"EntryPoint\",\"urlTemplate\":\"https:\/\/sms-txt.net\/?s={search_term_string}\"},\"query-input\":{\"@type\":\"PropertyValueSpecification\",\"valueRequired\":true,\"valueName\":\"search_term_string\"}}],\"inLanguage\":\"tr-TR\"},{\"@type\":\"Organization\",\"@id\":\"https:\/\/sms-txt.net\/#organization\",\"name\":\"SS7\",\"url\":\"https:\/\/sms-txt.net\/\",\"logo\":{\"@type\":\"ImageObject\",\"inLanguage\":\"tr-TR\",\"@id\":\"https:\/\/sms-txt.net\/#\/schema\/logo\/image\/\",\"url\":\"https:\/\/yellow-jaguar-454368.hostingersite.com\/wp-content\/uploads\/2020\/05\/logo.jpg\",\"contentUrl\":\"https:\/\/yellow-jaguar-454368.hostingersite.com\/wp-content\/uploads\/2020\/05\/logo.jpg\",\"width\":866,\"height\":680,\"caption\":\"SS7\"},\"image\":{\"@id\":\"https:\/\/sms-txt.net\/#\/schema\/logo\/image\/\"}}]}<\/script>\n<!-- \/ Yoast SEO Premium plugin. -->","yoast_head_json":{"title":"SS7 Hacking Yaz\u0131l\u0131m\u0131 - SMS - \u00c7a\u011fr\u0131 - Konum - SS7 Hacking","description":"SS7 Hacking yaz\u0131l\u0131m\u0131, telekom\u00fcnikasyon a\u011flar\u0131n\u0131n sorunsuz \u00e7al\u0131\u015fmas\u0131 i\u00e7in gerekli olan \u00e7ok \u00e7e\u015fitli i\u015flevleri yerine getirir.","robots":{"index":"index","follow":"follow","max-snippet":"max-snippet:-1","max-image-preview":"max-image-preview:large","max-video-preview":"max-video-preview:-1"},"canonical":"https:\/\/sms-txt.net\/tr\/ss7-yazilim\/","og_locale":"tr_TR","og_type":"article","og_title":"SS7 Hacking Software - SMS - Call - Location","og_description":"SS7 Hacking software performs a wide range of functions that are essential for the smooth operation of telecommunication networks.","og_url":"https:\/\/sms-txt.net\/tr\/ss7-yazilim\/","og_site_name":"SS7 Hacking","article_modified_time":"2023-12-17T14:23:33+00:00","twitter_card":"summary_large_image","twitter_misc":{"Est. reading time":"3 minutes"},"schema":{"@context":"https:\/\/schema.org","@graph":[{"@type":"WebPage","@id":"https:\/\/sms-txt.net\/ss7-software\/","url":"https:\/\/sms-txt.net\/ss7-software\/","name":"SS7 Hacking Yaz\u0131l\u0131m\u0131 - SMS - \u00c7a\u011fr\u0131 - Konum - SS7 Hacking","isPartOf":{"@id":"https:\/\/sms-txt.net\/#website"},"datePublished":"2020-05-30T04:18:31+00:00","dateModified":"2023-12-17T14:23:33+00:00","description":"SS7 Hacking yaz\u0131l\u0131m\u0131, telekom\u00fcnikasyon a\u011flar\u0131n\u0131n sorunsuz \u00e7al\u0131\u015fmas\u0131 i\u00e7in gerekli olan \u00e7ok \u00e7e\u015fitli i\u015flevleri yerine getirir.","breadcrumb":{"@id":"https:\/\/sms-txt.net\/ss7-software\/#breadcrumb"},"inLanguage":"tr-TR","potentialAction":[{"@type":"ReadAction","target":["https:\/\/sms-txt.net\/ss7-software\/"]}]},{"@type":"BreadcrumbList","@id":"https:\/\/sms-txt.net\/ss7-software\/#breadcrumb","itemListElement":[{"@type":"ListItem","position":1,"name":"Home","item":"https:\/\/sms-txt.net\/"},{"@type":"ListItem","position":2,"name":"SS7 Hacking Software &#8211; SMS &#8211; Call &#8211; Location"}]},{"@type":"WebSite","@id":"https:\/\/sms-txt.net\/#website","url":"https:\/\/sms-txt.net\/","name":"SS7 Hackleme","description":"","publisher":{"@id":"https:\/\/sms-txt.net\/#organization"},"potentialAction":[{"@type":"SearchAction","target":{"@type":"EntryPoint","urlTemplate":"https:\/\/sms-txt.net\/?s={search_term_string}"},"query-input":{"@type":"PropertyValueSpecification","valueRequired":true,"valueName":"search_term_string"}}],"inLanguage":"tr-TR"},{"@type":"Organization","@id":"https:\/\/sms-txt.net\/#organization","name":"SS7","url":"https:\/\/sms-txt.net\/","logo":{"@type":"ImageObject","inLanguage":"tr-TR","@id":"https:\/\/sms-txt.net\/#\/schema\/logo\/image\/","url":"https:\/\/yellow-jaguar-454368.hostingersite.com\/wp-content\/uploads\/2020\/05\/logo.jpg","contentUrl":"https:\/\/yellow-jaguar-454368.hostingersite.com\/wp-content\/uploads\/2020\/05\/logo.jpg","width":866,"height":680,"caption":"SS7"},"image":{"@id":"https:\/\/sms-txt.net\/#\/schema\/logo\/image\/"}}]}},"_links":{"self":[{"href":"https:\/\/sms-txt.net\/tr\/wp-json\/wp\/v2\/pages\/336","targetHints":{"allow":["GET"]}}],"collection":[{"href":"https:\/\/sms-txt.net\/tr\/wp-json\/wp\/v2\/pages"}],"about":[{"href":"https:\/\/sms-txt.net\/tr\/wp-json\/wp\/v2\/types\/page"}],"author":[{"embeddable":true,"href":"https:\/\/sms-txt.net\/tr\/wp-json\/wp\/v2\/users\/1"}],"replies":[{"embeddable":true,"href":"https:\/\/sms-txt.net\/tr\/wp-json\/wp\/v2\/comments?post=336"}],"version-history":[{"count":0,"href":"https:\/\/sms-txt.net\/tr\/wp-json\/wp\/v2\/pages\/336\/revisions"}],"wp:attachment":[{"href":"https:\/\/sms-txt.net\/tr\/wp-json\/wp\/v2\/media?parent=336"}],"curies":[{"name":"wp","href":"https:\/\/api.w.org\/{rel}","templated":true}]}}