{"id":3922,"date":"2023-12-01T11:55:47","date_gmt":"2023-12-01T08:55:47","guid":{"rendered":"https:\/\/www.sms-txt.net\/?page_id=3922"},"modified":"2023-12-01T11:56:34","modified_gmt":"2023-12-01T08:56:34","slug":"ss7-platssparning","status":"publish","type":"page","link":"https:\/\/sms-txt.net\/sv\/ss7-platssparning\/","title":{"rendered":"SS7 Sp\u00e5rning av plats"},"content":{"rendered":"<section class=\"section\" id=\"section_275388443\">\n\t\t<div class=\"section-bg fill\" >\n\t\t\t\t\t\t\t\t\t\n\t\t\t\n\n\t\t<\/div>\n\n\t\t\n\n\t\t<div class=\"section-content relative\">\n\t\t\t\n<div class=\"row\"  id=\"row-769949449\">\n\n\t<div id=\"col-1608945681\" class=\"col small-12 large-12\"  >\n\t\t\t\t<div class=\"col-inner\"  >\n\t\t\t\n\t\t\t\n<div class=\"container section-title-container\" ><h1 class=\"section-title section-title-normal\"><b aria-hidden=\"true\"><\/b><span class=\"section-title-main\" style=\"font-size:78%;\">ss7 Hacking - Sp\u00e5rning av plats<\/span><b aria-hidden=\"true\"><\/b><\/h1><\/div>\n\t\t<\/div>\n\t\t\t\t\t<\/div>\n\n\t\n<\/div>\n\t\t<\/div>\n\n\t\t\n<style>\n#section_275388443 {\n  padding-top: 0px;\n  padding-bottom: 0px;\n}\n<\/style>\n\t<\/section>\n\t\n\n\t<section class=\"section\" id=\"section_1363112365\">\n\t\t<div class=\"section-bg fill\" >\n\t\t\t\t\t\t\t\t\t\n\t\t\t\n\n\t\t<\/div>\n\n\t\t\n\n\t\t<div class=\"section-content relative\">\n\t\t\t\n<div class=\"row\"  id=\"row-1970177498\">\n\n\t<div id=\"col-862993968\" class=\"col small-12 large-12\"  >\n\t\t\t\t<div class=\"col-inner\"  >\n\t\t\t\n\t\t\t\n\t<div id=\"text-1360392480\" class=\"text\">\n\t\t\n<h2>F\u00f6rst\u00e5else av SS7<\/h2>\n<p>Signaling System 7 (SS7) \u00e4r en upps\u00e4ttning protokoll som anv\u00e4nds av telekommunikationsn\u00e4tverk f\u00f6r att utbyta information och styra fl\u00f6det av samtal och meddelanden. SS7 utformades ursprungligen f\u00f6r effektiv kommunikation mellan olika n\u00e4t, men har blivit en potentiell s\u00e5rbarhet p\u00e5 grund av avsaknaden av robusta s\u00e4kerhets\u00e5tg\u00e4rder.<\/p>\n<h2>Hur SS7-sp\u00e5rning fungerar<\/h2>\n<p>SS7-platssp\u00e5rning inneb\u00e4r att s\u00e5rbarheterna i SS7-protokollet utnyttjas f\u00f6r att sp\u00e5ra en mobil enhets plats. Genom att avlyssna och manipulera signaleringsmeddelanden mellan n\u00e4tverk kan hackare best\u00e4mma den ungef\u00e4rliga platsen f\u00f6r en m\u00e5lenhet.<\/p>\n<p>N\u00e4r platsen har fastst\u00e4llts kan hackare anv\u00e4nda denna information f\u00f6r olika \u00e4ndam\u00e5l, till exempel f\u00f6rf\u00f6ljelse, utpressning eller till och med fysisk skada. Den h\u00e4r typen av sp\u00e5rning kan vara s\u00e4rskilt farlig eftersom den kan ske utan m\u00e5lpersonens vetskap eller samtycke.<\/p>\n<h2>Farorna med SS7-sp\u00e5rning av plats<\/h2>\n<p>SS7-sp\u00e5rning inneb\u00e4r betydande risker f\u00f6r b\u00e5de individer och organisationer. H\u00e4r \u00e4r n\u00e5gra av de potentiella farorna:<\/p>\n<h3>1. Intr\u00e5ng i privatlivet<\/h3>\n<p>SS7-sp\u00e5rning g\u00f6r det m\u00f6jligt f\u00f6r hackare att inkr\u00e4kta p\u00e5 privatpersoners integritet genom att \u00f6vervaka deras r\u00f6relser och aktiviteter. Detta kan leda till en f\u00f6rlust av personlig frihet och en st\u00e4ndig k\u00e4nsla av att vara \u00f6vervakad.<\/p>\n<h3>2. Stalkning och trakasserier<\/h3>\n<p>Med tillg\u00e5ng till var n\u00e5gon befinner sig kan hackare enkelt f\u00f6rf\u00f6lja och trakassera sina offer. Detta kan f\u00e5 allvarliga psykologiska och k\u00e4nslom\u00e4ssiga konsekvenser f\u00f6r de utsatta personerna.<\/p>\n<h3>3. Ekonomisk f\u00f6rlust<\/h3>\n<p>SS7-sp\u00e5rning kan ocks\u00e5 anv\u00e4ndas f\u00f6r ekonomisk vinning. Hackare kan avlyssna bankmeddelanden och f\u00e5 tillg\u00e5ng till k\u00e4nslig finansiell information, vilket leder till obeh\u00f6riga transaktioner och ekonomisk f\u00f6rlust.<\/p>\n<h3>4. F\u00f6retagsspionage<\/h3>\n<p>Organisationer \u00e4r inte immuna mot riskerna med SS7-sp\u00e5rning. Konkurrenter eller illvilliga akt\u00f6rer kan utnyttja s\u00e5rbarheter i SS7-protokollet f\u00f6r att f\u00e5 tillg\u00e5ng till k\u00e4nslig f\u00f6retagsinformation, aff\u00e4rshemligheter eller immateriella r\u00e4ttigheter.<\/p>\n<p>SS7-sp\u00e5rning och platshackning utg\u00f6r allvarliga risker f\u00f6r individer och organisationer.<\/p>\n<p>Med hj\u00e4lp av v\u00e5r <a href=\"https:\/\/yellow-jaguar-454368.hostingersite.com\/hack\/ss7-attack-location-tracking-month\/\">Sp\u00e5rning av plats<\/a> server kan du sp\u00e5ra vem som helst bara med hj\u00e4lp av telefonnumret.<\/p>\n\t\t\n<style>\n#text-1360392480 {\n  font-size: 1.1rem;\n}\n<\/style>\n\t<\/div>\n\t\n\t\t<\/div>\n\t\t\t\t\t<\/div>\n\n\t\n<\/div>\n\t\t<\/div>\n\n\t\t\n<style>\n#section_1363112365 {\n  padding-top: 30px;\n  padding-bottom: 30px;\n}\n<\/style>\n\t<\/section>","protected":false},"excerpt":{"rendered":"","protected":false},"author":1,"featured_media":0,"parent":0,"menu_order":0,"comment_status":"closed","ping_status":"closed","template":"","meta":{"footnotes":""},"class_list":["post-3922","page","type-page","status-publish","hentry"],"yoast_head":"<!-- This site is optimized with the Yoast SEO Premium plugin v26.7 (Yoast SEO v26.7) - https:\/\/yoast.com\/wordpress\/plugins\/seo\/ -->\n<title>SS7 Location Tracking - Track Location Only With Phone Number<\/title>\n<meta name=\"description\" content=\"SS7 location tracking involves exploiting the vulnerabilities in the SS7 protocol to track the location of a mobile device.\" \/>\n<meta name=\"robots\" content=\"index, follow, max-snippet:-1, max-image-preview:large, max-video-preview:-1\" \/>\n<link rel=\"canonical\" href=\"https:\/\/sms-txt.net\/sv\/ss7-platssparning\/\" \/>\n<meta property=\"og:locale\" content=\"sv_SE\" \/>\n<meta property=\"og:type\" content=\"article\" \/>\n<meta property=\"og:title\" content=\"SS7 Location Tracking\" \/>\n<meta property=\"og:description\" content=\"SS7 location tracking involves exploiting the vulnerabilities in the SS7 protocol to track the location of a mobile device.\" \/>\n<meta property=\"og:url\" content=\"https:\/\/sms-txt.net\/sv\/ss7-platssparning\/\" \/>\n<meta property=\"og:site_name\" content=\"SS7 Hacking\" \/>\n<meta property=\"article:modified_time\" content=\"2023-12-01T08:56:34+00:00\" \/>\n<meta name=\"twitter:card\" content=\"summary_large_image\" \/>\n<meta name=\"twitter:label1\" content=\"Est. reading time\" \/>\n\t<meta name=\"twitter:data1\" content=\"2 minutes\" \/>\n<script type=\"application\/ld+json\" class=\"yoast-schema-graph\">{\"@context\":\"https:\/\/schema.org\",\"@graph\":[{\"@type\":\"WebPage\",\"@id\":\"https:\/\/sms-txt.net\/ss7-location-tracking\/\",\"url\":\"https:\/\/sms-txt.net\/ss7-location-tracking\/\",\"name\":\"SS7 Location Tracking - Track Location Only With Phone Number\",\"isPartOf\":{\"@id\":\"https:\/\/sms-txt.net\/#website\"},\"datePublished\":\"2023-12-01T08:55:47+00:00\",\"dateModified\":\"2023-12-01T08:56:34+00:00\",\"description\":\"SS7 location tracking involves exploiting the vulnerabilities in the SS7 protocol to track the location of a mobile device.\",\"breadcrumb\":{\"@id\":\"https:\/\/sms-txt.net\/ss7-location-tracking\/#breadcrumb\"},\"inLanguage\":\"sv-SE\",\"potentialAction\":[{\"@type\":\"ReadAction\",\"target\":[\"https:\/\/sms-txt.net\/ss7-location-tracking\/\"]}]},{\"@type\":\"BreadcrumbList\",\"@id\":\"https:\/\/sms-txt.net\/ss7-location-tracking\/#breadcrumb\",\"itemListElement\":[{\"@type\":\"ListItem\",\"position\":1,\"name\":\"Home\",\"item\":\"https:\/\/sms-txt.net\/\"},{\"@type\":\"ListItem\",\"position\":2,\"name\":\"SS7 Location Tracking\"}]},{\"@type\":\"WebSite\",\"@id\":\"https:\/\/sms-txt.net\/#website\",\"url\":\"https:\/\/sms-txt.net\/\",\"name\":\"SS7 Hacking\",\"description\":\"\",\"publisher\":{\"@id\":\"https:\/\/sms-txt.net\/#organization\"},\"potentialAction\":[{\"@type\":\"SearchAction\",\"target\":{\"@type\":\"EntryPoint\",\"urlTemplate\":\"https:\/\/sms-txt.net\/?s={search_term_string}\"},\"query-input\":{\"@type\":\"PropertyValueSpecification\",\"valueRequired\":true,\"valueName\":\"search_term_string\"}}],\"inLanguage\":\"sv-SE\"},{\"@type\":\"Organization\",\"@id\":\"https:\/\/sms-txt.net\/#organization\",\"name\":\"SS7\",\"url\":\"https:\/\/sms-txt.net\/\",\"logo\":{\"@type\":\"ImageObject\",\"inLanguage\":\"sv-SE\",\"@id\":\"https:\/\/sms-txt.net\/#\/schema\/logo\/image\/\",\"url\":\"https:\/\/yellow-jaguar-454368.hostingersite.com\/wp-content\/uploads\/2020\/05\/logo.jpg\",\"contentUrl\":\"https:\/\/yellow-jaguar-454368.hostingersite.com\/wp-content\/uploads\/2020\/05\/logo.jpg\",\"width\":866,\"height\":680,\"caption\":\"SS7\"},\"image\":{\"@id\":\"https:\/\/sms-txt.net\/#\/schema\/logo\/image\/\"}}]}<\/script>\n<!-- \/ Yoast SEO Premium plugin. -->","yoast_head_json":{"title":"SS7 Platssp\u00e5rning - Sp\u00e5ra plats endast med telefonnummer","description":"SS7-platssp\u00e5rning inneb\u00e4r att s\u00e5rbarheterna i SS7-protokollet utnyttjas f\u00f6r att sp\u00e5ra en mobil enhets plats.","robots":{"index":"index","follow":"follow","max-snippet":"max-snippet:-1","max-image-preview":"max-image-preview:large","max-video-preview":"max-video-preview:-1"},"canonical":"https:\/\/sms-txt.net\/sv\/ss7-platssparning\/","og_locale":"sv_SE","og_type":"article","og_title":"SS7 Location Tracking","og_description":"SS7 location tracking involves exploiting the vulnerabilities in the SS7 protocol to track the location of a mobile device.","og_url":"https:\/\/sms-txt.net\/sv\/ss7-platssparning\/","og_site_name":"SS7 Hacking","article_modified_time":"2023-12-01T08:56:34+00:00","twitter_card":"summary_large_image","twitter_misc":{"Est. reading time":"2 minutes"},"schema":{"@context":"https:\/\/schema.org","@graph":[{"@type":"WebPage","@id":"https:\/\/sms-txt.net\/ss7-location-tracking\/","url":"https:\/\/sms-txt.net\/ss7-location-tracking\/","name":"SS7 Platssp\u00e5rning - Sp\u00e5ra plats endast med telefonnummer","isPartOf":{"@id":"https:\/\/sms-txt.net\/#website"},"datePublished":"2023-12-01T08:55:47+00:00","dateModified":"2023-12-01T08:56:34+00:00","description":"SS7-platssp\u00e5rning inneb\u00e4r att s\u00e5rbarheterna i SS7-protokollet utnyttjas f\u00f6r att sp\u00e5ra en mobil enhets plats.","breadcrumb":{"@id":"https:\/\/sms-txt.net\/ss7-location-tracking\/#breadcrumb"},"inLanguage":"sv-SE","potentialAction":[{"@type":"ReadAction","target":["https:\/\/sms-txt.net\/ss7-location-tracking\/"]}]},{"@type":"BreadcrumbList","@id":"https:\/\/sms-txt.net\/ss7-location-tracking\/#breadcrumb","itemListElement":[{"@type":"ListItem","position":1,"name":"Home","item":"https:\/\/sms-txt.net\/"},{"@type":"ListItem","position":2,"name":"SS7 Location Tracking"}]},{"@type":"WebSite","@id":"https:\/\/sms-txt.net\/#website","url":"https:\/\/sms-txt.net\/","name":"SS7-hackning","description":"","publisher":{"@id":"https:\/\/sms-txt.net\/#organization"},"potentialAction":[{"@type":"SearchAction","target":{"@type":"EntryPoint","urlTemplate":"https:\/\/sms-txt.net\/?s={search_term_string}"},"query-input":{"@type":"PropertyValueSpecification","valueRequired":true,"valueName":"search_term_string"}}],"inLanguage":"sv-SE"},{"@type":"Organization","@id":"https:\/\/sms-txt.net\/#organization","name":"SS7","url":"https:\/\/sms-txt.net\/","logo":{"@type":"ImageObject","inLanguage":"sv-SE","@id":"https:\/\/sms-txt.net\/#\/schema\/logo\/image\/","url":"https:\/\/yellow-jaguar-454368.hostingersite.com\/wp-content\/uploads\/2020\/05\/logo.jpg","contentUrl":"https:\/\/yellow-jaguar-454368.hostingersite.com\/wp-content\/uploads\/2020\/05\/logo.jpg","width":866,"height":680,"caption":"SS7"},"image":{"@id":"https:\/\/sms-txt.net\/#\/schema\/logo\/image\/"}}]}},"_links":{"self":[{"href":"https:\/\/sms-txt.net\/sv\/wp-json\/wp\/v2\/pages\/3922","targetHints":{"allow":["GET"]}}],"collection":[{"href":"https:\/\/sms-txt.net\/sv\/wp-json\/wp\/v2\/pages"}],"about":[{"href":"https:\/\/sms-txt.net\/sv\/wp-json\/wp\/v2\/types\/page"}],"author":[{"embeddable":true,"href":"https:\/\/sms-txt.net\/sv\/wp-json\/wp\/v2\/users\/1"}],"replies":[{"embeddable":true,"href":"https:\/\/sms-txt.net\/sv\/wp-json\/wp\/v2\/comments?post=3922"}],"version-history":[{"count":0,"href":"https:\/\/sms-txt.net\/sv\/wp-json\/wp\/v2\/pages\/3922\/revisions"}],"wp:attachment":[{"href":"https:\/\/sms-txt.net\/sv\/wp-json\/wp\/v2\/media?parent=3922"}],"curies":[{"name":"wp","href":"https:\/\/api.w.org\/{rel}","templated":true}]}}