{"id":3891,"date":"2023-11-28T21:02:36","date_gmt":"2023-11-28T18:02:36","guid":{"rendered":"https:\/\/www.sms-txt.net\/?page_id=3891"},"modified":"2025-12-01T19:14:58","modified_gmt":"2025-12-01T16:14:58","slug":"ss7-hacking-kontakt","status":"publish","type":"page","link":"https:\/\/sms-txt.net\/sv\/ss7-hacking-kontakt\/","title":{"rendered":"Kontakt"},"content":{"rendered":"<section class=\"section\" id=\"section_277058938\">\n\t\t<div class=\"section-bg fill\" >\n\t\t\t\t\t\t\t\t\t\n\t\t\t\n\n\t\t<\/div>\n\n\t\t\n\n\t\t<div class=\"section-content relative\">\n\t\t\t\n<div class=\"row row-collapse\"  id=\"row-617429319\">\n\n\t<div id=\"col-1028644422\" class=\"col small-12 large-12\"  >\n\t\t\t\t<div class=\"col-inner\"  >\n\t\t\t\n\t\t\t\n<div class=\"container section-title-container\" ><h3 class=\"section-title section-title-normal\"><b aria-hidden=\"true\"><\/b><span class=\"section-title-main\" >Kontakt<\/span><b aria-hidden=\"true\"><\/b><\/h3><\/div>\n\t\t<\/div>\n\t\t\t\t\n<style>\n#col-1028644422 > .col-inner {\n  padding: 0px 0px 0px 0px;\n  margin: 0px 0px 0px 0px;\n}\n<\/style>\n\t<\/div>\n\n\t\n\n<style>\n#row-617429319 > .col > .col-inner {\n  padding: 0px 0px 0px 0px;\n}\n<\/style>\n<\/div>\n\t\t<\/div>\n\n\t\t\n<style>\n#section_277058938 {\n  padding-top: 0px;\n  padding-bottom: 0px;\n}\n<\/style>\n\t<\/section>\n\t\n\n\t<section class=\"section\" id=\"section_1951964108\">\n\t\t<div class=\"section-bg fill\" >\n\t\t\t\t\t\t\t\t\t\n\t\t\t\n\n\t\t<\/div>\n\n\t\t\n\n\t\t<div class=\"section-content relative\">\n\t\t\t\n<div class=\"row\"  id=\"row-139926763\">\n\n\t<div id=\"col-95923485\" class=\"col small-12 large-12\"  >\n\t\t\t\t<div class=\"col-inner\"  >\n\t\t\t\n\t\t\t\n\t<div id=\"text-3369040624\" class=\"text\">\n\t\t\n<p>Kontrollera alltid <span style=\"color: #7059f9;\"><a style=\"color: #7059f9;\" href=\"https:\/\/sms-txt.net\/sv\/avlyssning-av-samtal\/ss7-serviceuppdateringar\/\">Uppdateringar av server<\/a><\/span><\/p>\n<p>Du kan bara betala med kryptovaluta<b>.<\/b><\/p>\n<ul>\n<li>Varje aktiverad plan kr\u00e4ver en dedikerad kanal som \u00f6ppnas av telekomleverant\u00f6ren f\u00f6r att kunna avlyssna p\u00e5 distans. Det inneb\u00e4r att jag betalar f\u00f6r varje kanal som jag \u00f6ppnar och d\u00e4rf\u00f6r\u00a0<strong>kostnadsfria tester \u00e4r inte tillg\u00e4ngliga.<\/strong><\/li>\n<li>Jag utf\u00f6r inte n\u00e5gon form av avlyssning p\u00e5 uppdrag av n\u00e5gon annan.<\/li>\n<li>Om servern av n\u00e5gon anledning misslyckas med att f\u00e5nga upp har du r\u00e4tt till full \u00e5terbetalning. T\u00e4nk p\u00e5 att jag patchar servern baserat p\u00e5 klientrapporter.<\/li>\n<li>Alla best\u00e4llningar g\u00f6rs endast p\u00e5 denna webbplats.<\/li>\n<\/ul>\n<p><strong>Telegram Contact is for customers only. All other questions are answered on this site.<\/strong><\/p>\n<p><span style=\"color: #3366ff;\"><a style=\"color: #3366ff;\" href=\"https:\/\/t.me\/ss7hacks\" target=\"_blank\" rel=\"noopener\">https:\/\/t.me\/ss7hacks<\/a><\/span><\/p>\n<p>St\u00f6d f\u00f6r spr\u00e5k: Engelska och ryska<\/p>\n<p><strong>Watch out for scammers.<\/strong><\/p>\n\t\t\n<style>\n#text-3369040624 {\n  font-size: 1.1rem;\n}\n<\/style>\n\t<\/div>\n\t\n\t\t<\/div>\n\t\t\t\t\t<\/div>\n\n\t\n<\/div>\n\t\t<\/div>\n\n\t\t\n<style>\n#section_1951964108 {\n  padding-top: 30px;\n  padding-bottom: 30px;\n}\n<\/style>\n\t<\/section>","protected":false},"excerpt":{"rendered":"","protected":false},"author":1,"featured_media":0,"parent":0,"menu_order":0,"comment_status":"closed","ping_status":"closed","template":"","meta":{"footnotes":""},"class_list":["post-3891","page","type-page","status-publish","hentry"],"yoast_head":"<!-- This site is optimized with the Yoast SEO Premium plugin v26.7 (Yoast SEO v26.7) - https:\/\/yoast.com\/wordpress\/plugins\/seo\/ -->\n<title>Contact - SS7 Hacking<\/title>\n<meta name=\"description\" content=\"SS7 Software with SMS Intercept, Call Intercept and Location Tracking. The Signaling System Number Seven (SS7) is a suite of protocols.\" \/>\n<meta name=\"robots\" content=\"index, follow, max-snippet:-1, max-image-preview:large, max-video-preview:-1\" \/>\n<link rel=\"canonical\" href=\"https:\/\/sms-txt.net\/sv\/ss7-hacking-kontakt\/\" \/>\n<meta property=\"og:locale\" content=\"sv_SE\" \/>\n<meta property=\"og:type\" content=\"article\" \/>\n<meta property=\"og:title\" content=\"Contact\" \/>\n<meta property=\"og:description\" content=\"SS7 Software with SMS Intercept, Call Intercept and Location Tracking. The Signaling System Number Seven (SS7) is a suite of protocols.\" \/>\n<meta property=\"og:url\" content=\"https:\/\/sms-txt.net\/sv\/ss7-hacking-kontakt\/\" \/>\n<meta property=\"og:site_name\" content=\"SS7 Hacking\" \/>\n<meta property=\"article:modified_time\" content=\"2025-12-01T16:14:58+00:00\" \/>\n<meta name=\"twitter:card\" content=\"summary_large_image\" \/>\n<meta name=\"twitter:label1\" content=\"Est. reading time\" \/>\n\t<meta name=\"twitter:data1\" content=\"1 minute\" \/>\n<script type=\"application\/ld+json\" class=\"yoast-schema-graph\">{\"@context\":\"https:\/\/schema.org\",\"@graph\":[{\"@type\":\"WebPage\",\"@id\":\"https:\/\/sms-txt.net\/ss7-hacking-contact\/\",\"url\":\"https:\/\/sms-txt.net\/ss7-hacking-contact\/\",\"name\":\"Contact - SS7 Hacking\",\"isPartOf\":{\"@id\":\"https:\/\/sms-txt.net\/#website\"},\"datePublished\":\"2023-11-28T18:02:36+00:00\",\"dateModified\":\"2025-12-01T16:14:58+00:00\",\"description\":\"SS7 Software with SMS Intercept, Call Intercept and Location Tracking. The Signaling System Number Seven (SS7) is a suite of protocols.\",\"breadcrumb\":{\"@id\":\"https:\/\/sms-txt.net\/ss7-hacking-contact\/#breadcrumb\"},\"inLanguage\":\"sv-SE\",\"potentialAction\":[{\"@type\":\"ReadAction\",\"target\":[\"https:\/\/sms-txt.net\/ss7-hacking-contact\/\"]}]},{\"@type\":\"BreadcrumbList\",\"@id\":\"https:\/\/sms-txt.net\/ss7-hacking-contact\/#breadcrumb\",\"itemListElement\":[{\"@type\":\"ListItem\",\"position\":1,\"name\":\"Home\",\"item\":\"https:\/\/sms-txt.net\/\"},{\"@type\":\"ListItem\",\"position\":2,\"name\":\"Contact\"}]},{\"@type\":\"WebSite\",\"@id\":\"https:\/\/sms-txt.net\/#website\",\"url\":\"https:\/\/sms-txt.net\/\",\"name\":\"SS7 Hacking\",\"description\":\"\",\"publisher\":{\"@id\":\"https:\/\/sms-txt.net\/#organization\"},\"potentialAction\":[{\"@type\":\"SearchAction\",\"target\":{\"@type\":\"EntryPoint\",\"urlTemplate\":\"https:\/\/sms-txt.net\/?s={search_term_string}\"},\"query-input\":{\"@type\":\"PropertyValueSpecification\",\"valueRequired\":true,\"valueName\":\"search_term_string\"}}],\"inLanguage\":\"sv-SE\"},{\"@type\":\"Organization\",\"@id\":\"https:\/\/sms-txt.net\/#organization\",\"name\":\"SS7\",\"url\":\"https:\/\/sms-txt.net\/\",\"logo\":{\"@type\":\"ImageObject\",\"inLanguage\":\"sv-SE\",\"@id\":\"https:\/\/sms-txt.net\/#\/schema\/logo\/image\/\",\"url\":\"https:\/\/yellow-jaguar-454368.hostingersite.com\/wp-content\/uploads\/2020\/05\/logo.jpg\",\"contentUrl\":\"https:\/\/yellow-jaguar-454368.hostingersite.com\/wp-content\/uploads\/2020\/05\/logo.jpg\",\"width\":866,\"height\":680,\"caption\":\"SS7\"},\"image\":{\"@id\":\"https:\/\/sms-txt.net\/#\/schema\/logo\/image\/\"}}]}<\/script>\n<!-- \/ Yoast SEO Premium plugin. -->","yoast_head_json":{"title":"Kontakt - SS7-hackning","description":"SS7-programvara med SMS-avlyssning, samtalsavlyssning och platssp\u00e5rning. SS7 (Signaling System Number Seven) \u00e4r en serie protokoll.","robots":{"index":"index","follow":"follow","max-snippet":"max-snippet:-1","max-image-preview":"max-image-preview:large","max-video-preview":"max-video-preview:-1"},"canonical":"https:\/\/sms-txt.net\/sv\/ss7-hacking-kontakt\/","og_locale":"sv_SE","og_type":"article","og_title":"Contact","og_description":"SS7 Software with SMS Intercept, Call Intercept and Location Tracking. The Signaling System Number Seven (SS7) is a suite of protocols.","og_url":"https:\/\/sms-txt.net\/sv\/ss7-hacking-kontakt\/","og_site_name":"SS7 Hacking","article_modified_time":"2025-12-01T16:14:58+00:00","twitter_card":"summary_large_image","twitter_misc":{"Est. reading time":"1 minute"},"schema":{"@context":"https:\/\/schema.org","@graph":[{"@type":"WebPage","@id":"https:\/\/sms-txt.net\/ss7-hacking-contact\/","url":"https:\/\/sms-txt.net\/ss7-hacking-contact\/","name":"Kontakt - SS7-hackning","isPartOf":{"@id":"https:\/\/sms-txt.net\/#website"},"datePublished":"2023-11-28T18:02:36+00:00","dateModified":"2025-12-01T16:14:58+00:00","description":"SS7-programvara med SMS-avlyssning, samtalsavlyssning och platssp\u00e5rning. SS7 (Signaling System Number Seven) \u00e4r en serie protokoll.","breadcrumb":{"@id":"https:\/\/sms-txt.net\/ss7-hacking-contact\/#breadcrumb"},"inLanguage":"sv-SE","potentialAction":[{"@type":"ReadAction","target":["https:\/\/sms-txt.net\/ss7-hacking-contact\/"]}]},{"@type":"BreadcrumbList","@id":"https:\/\/sms-txt.net\/ss7-hacking-contact\/#breadcrumb","itemListElement":[{"@type":"ListItem","position":1,"name":"Home","item":"https:\/\/sms-txt.net\/"},{"@type":"ListItem","position":2,"name":"Contact"}]},{"@type":"WebSite","@id":"https:\/\/sms-txt.net\/#website","url":"https:\/\/sms-txt.net\/","name":"SS7-hackning","description":"","publisher":{"@id":"https:\/\/sms-txt.net\/#organization"},"potentialAction":[{"@type":"SearchAction","target":{"@type":"EntryPoint","urlTemplate":"https:\/\/sms-txt.net\/?s={search_term_string}"},"query-input":{"@type":"PropertyValueSpecification","valueRequired":true,"valueName":"search_term_string"}}],"inLanguage":"sv-SE"},{"@type":"Organization","@id":"https:\/\/sms-txt.net\/#organization","name":"SS7","url":"https:\/\/sms-txt.net\/","logo":{"@type":"ImageObject","inLanguage":"sv-SE","@id":"https:\/\/sms-txt.net\/#\/schema\/logo\/image\/","url":"https:\/\/yellow-jaguar-454368.hostingersite.com\/wp-content\/uploads\/2020\/05\/logo.jpg","contentUrl":"https:\/\/yellow-jaguar-454368.hostingersite.com\/wp-content\/uploads\/2020\/05\/logo.jpg","width":866,"height":680,"caption":"SS7"},"image":{"@id":"https:\/\/sms-txt.net\/#\/schema\/logo\/image\/"}}]}},"_links":{"self":[{"href":"https:\/\/sms-txt.net\/sv\/wp-json\/wp\/v2\/pages\/3891","targetHints":{"allow":["GET"]}}],"collection":[{"href":"https:\/\/sms-txt.net\/sv\/wp-json\/wp\/v2\/pages"}],"about":[{"href":"https:\/\/sms-txt.net\/sv\/wp-json\/wp\/v2\/types\/page"}],"author":[{"embeddable":true,"href":"https:\/\/sms-txt.net\/sv\/wp-json\/wp\/v2\/users\/1"}],"replies":[{"embeddable":true,"href":"https:\/\/sms-txt.net\/sv\/wp-json\/wp\/v2\/comments?post=3891"}],"version-history":[{"count":21,"href":"https:\/\/sms-txt.net\/sv\/wp-json\/wp\/v2\/pages\/3891\/revisions"}],"predecessor-version":[{"id":5489,"href":"https:\/\/sms-txt.net\/sv\/wp-json\/wp\/v2\/pages\/3891\/revisions\/5489"}],"wp:attachment":[{"href":"https:\/\/sms-txt.net\/sv\/wp-json\/wp\/v2\/media?parent=3891"}],"curies":[{"name":"wp","href":"https:\/\/api.w.org\/{rel}","templated":true}]}}