{"id":336,"date":"2020-05-30T04:18:31","date_gmt":"2020-05-30T04:18:31","guid":{"rendered":"https:\/\/sms-txt.net\/?page_id=336"},"modified":"2023-12-17T17:23:33","modified_gmt":"2023-12-17T14:23:33","slug":"ss7-programvara","status":"publish","type":"page","link":"https:\/\/sms-txt.net\/sv\/ss7-programvara\/","title":{"rendered":"SS7 Hacking-programvara - SMS - Samtal - Plats"},"content":{"rendered":"<section class=\"section\" id=\"section_806711763\">\n\t\t<div class=\"section-bg fill\" >\n\t\t\t\t\t\t\t\t\t\n\t\t\t\n\n\t\t<\/div>\n\n\t\t\n\n\t\t<div class=\"section-content relative\">\n\t\t\t\n<div class=\"row\"  id=\"row-91624891\">\n\n\t<div id=\"col-295986452\" class=\"col small-12 large-12\"  >\n\t\t\t\t<div class=\"col-inner\"  >\n\t\t\t\n\t\t\t\n<div class=\"container section-title-container\" ><h3 class=\"section-title section-title-normal\"><b aria-hidden=\"true\"><\/b><span class=\"section-title-main\" >ss7 programvara<\/span><b aria-hidden=\"true\"><\/b><\/h3><\/div>\n\t\t<\/div>\n\t\t\t\t\t<\/div>\n\n\t\n<\/div>\n\t\t<\/div>\n\n\t\t\n<style>\n#section_806711763 {\n  padding-top: 0px;\n  padding-bottom: 0px;\n}\n<\/style>\n\t<\/section>\n\t\n\n\t<section class=\"section\" id=\"section_1356405285\">\n\t\t<div class=\"section-bg fill\" >\n\t\t\t\t\t\t\t\t\t\n\t\t\t\n\n\t\t<\/div>\n\n\t\t\n\n\t\t<div class=\"section-content relative\">\n\t\t\t\n<div class=\"row\"  id=\"row-1959082817\">\n\n\t<div id=\"col-1249011867\" class=\"col small-12 large-12\"  >\n\t\t\t\t<div class=\"col-inner\"  >\n\t\t\t\n\t\t\t\n\t<div id=\"text-61583740\" class=\"text\">\n\t\t\n<h2>Vad \u00e4r SS7?<\/h2>\n<p>Signaling System 7 (SS7) \u00e4r en upps\u00e4ttning protokoll som anv\u00e4nds f\u00f6r att styra och hantera signaleringsn\u00e4tet inom telekommunikation. Det utvecklades p\u00e5 1970-talet och har sedan dess blivit standard f\u00f6r signalering i fasta och mobila n\u00e4t \u00f6ver hela v\u00e4rlden. SS7 m\u00f6jligg\u00f6r utbyte av information som \u00e4r n\u00f6dv\u00e4ndig f\u00f6r samtalsetablering, dirigering och andra n\u00e4ttj\u00e4nster.<\/p>\n<p>Den \u00e4r ryggraden i v\u00e5r moderna kommunikationsinfrastruktur och g\u00f6r det m\u00f6jligt f\u00f6r oss att ringa, skicka sms och f\u00e5 tillg\u00e5ng till olika tj\u00e4nster.<\/p>\n<p>SS7 var ursprungligen avsett f\u00f6r betrodda n\u00e4tverk, men byggdes inte med s\u00e4kerhet i \u00e5tanke. Det har lett till att det har blivit s\u00e5rbart f\u00f6r hackare som kan avlyssna och manipulera kommunikationsdata.<\/p>\n<h2>Hur fungerar SS7 Hacking Software?<\/h2>\n<p>SS7 Hacking-programvara fungerar p\u00e5 ett separat n\u00e4tverk fr\u00e5n r\u00f6st- och datatrafiken, vilket s\u00e4kerst\u00e4ller effektiv och p\u00e5litlig signaleringskommunikation. Den anv\u00e4nder ett paketkopplat n\u00e4tverk f\u00f6r att \u00f6verf\u00f6ra signaleringsmeddelanden mellan olika n\u00e4tverkselement, t.ex. switchar, routrar och databaser. SS7-protokollstacken best\u00e5r av olika lager som vart och ett har en specifik funktion:<\/p>\n<ul>\n<li><strong>Fysiskt lager:<\/strong> Hanterar \u00f6verf\u00f6ringen av signaleringsmeddelanden \u00f6ver fysiska medier, t.ex. koppar- eller fiberoptiska kablar.<\/li>\n<li><strong>Datal\u00e4nkskikt:<\/strong> Tillhandah\u00e5ller mekanismer f\u00f6r feldetektering och felkorrigering f\u00f6r tillf\u00f6rlitlig data\u00f6verf\u00f6ring.<\/li>\n<li><strong>N\u00e4tverksskikt:<\/strong> Hanterar routningen av signaleringsmeddelanden mellan olika n\u00e4telement.<\/li>\n<li><strong>Transportlager:<\/strong> S\u00e4kerst\u00e4ller tillf\u00f6rlitlig leverans av signaleringsmeddelanden mellan n\u00e4telement.<\/li>\n<li><strong>Applikationslager:<\/strong> Implementerar de specifika tj\u00e4nster och funktioner som kr\u00e4vs f\u00f6r samtalsetablering, routning och andra n\u00e4tverkstj\u00e4nster.<\/li>\n<\/ul>\n<h2>Funktioner av SS7 Hacking Software<\/h2>\n<p>SS7-programvaran utf\u00f6r ett stort antal funktioner som \u00e4r viktiga f\u00f6r att telekommunikationsn\u00e4tverken ska fungera smidigt. N\u00e5gra av de viktigaste funktionerna inkluderar:<\/p>\n<ol>\n<li><strong>Samtalsinst\u00e4llning:<\/strong> SS7 m\u00f6jligg\u00f6r etablering av r\u00f6st- och datasamtal genom utbyte av signaleringsmeddelanden mellan n\u00e4telement.<\/li>\n<li><strong>Nummerportabilitet:<\/strong> SS7 g\u00f6r det m\u00f6jligt f\u00f6r anv\u00e4ndare att beh\u00e5lla sina telefonnummer n\u00e4r de byter tj\u00e4nsteleverant\u00f6r.<\/li>\n<li><strong>SMS (Short Message Service):<\/strong> SS7 st\u00f6der utbyte av textmeddelanden mellan mobila enheter.<\/li>\n<li><strong>Platsbaserade tj\u00e4nster:<\/strong> SS7 m\u00f6jligg\u00f6r tillhandah\u00e5llande av platsinformation f\u00f6r larmtj\u00e4nster och merv\u00e4rdestj\u00e4nster.<\/li>\n<li><strong>Roaming:<\/strong> SS7 m\u00f6jligg\u00f6r s\u00f6ml\u00f6s \u00f6verl\u00e4mning av samtal och datasessioner mellan olika n\u00e4t, vilket garanterar oavbruten service f\u00f6r mobilabonnenter.<\/li>\n<li><strong>Intelligenta n\u00e4tverkstj\u00e4nster:<\/strong> SS7 g\u00f6r det m\u00f6jligt att implementera avancerade n\u00e4ttj\u00e4nster som t.ex. vidarekoppling, samtal v\u00e4ntar och f\u00f6rbetald fakturering.<\/li>\n<\/ol>\n<p><a href=\"https:\/\/yellow-jaguar-454368.hostingersite.com\/\">SS7-hackning<\/a> inneb\u00e4r att man utnyttjar s\u00e5rbarheter i SS7-protokollet f\u00f6r att f\u00e5 obeh\u00f6rig \u00e5tkomst till ett m\u00e5ls kommunikation. Hackare kan anv\u00e4nda sig av olika tekniker, t.ex:<\/p>\n<ol>\n<li>Avlyssning: Genom att avlyssna de signalmeddelanden som utv\u00e4xlas mellan telekommunikationsn\u00e4tverk kan hackare f\u00e5 tillg\u00e5ng till k\u00e4nslig information som samtalslistor, textmeddelanden och till och med platsdata.<\/li>\n<li>Omdirigering av samtal och SMS: Hackare kan omdirigera samtal och textmeddelanden som \u00e4r avsedda f\u00f6r en m\u00e5ltavla till sina egna enheter, vilket g\u00f6r att de kan avlyssna samtal eller stj\u00e4la k\u00e4nslig information.<\/li>\n<li>\u00d6verbelastningsattacker (Denial of Service, DoS): Genom att \u00f6versv\u00e4mma SS7-n\u00e4tet med f\u00f6rfr\u00e5gningar kan hackare \u00f6verbelasta systemet och orsaka avbrott i kommunikationstj\u00e4nsterna.<\/li>\n<li>Abonnentbedr\u00e4geri: Hackare kan manipulera SS7-n\u00e4tet f\u00f6r att utf\u00f6ra \u00e5tg\u00e4rder f\u00f6r en abonnents r\u00e4kning, t.ex. ringa obeh\u00f6riga samtal eller f\u00e5 tillg\u00e5ng till premiumtj\u00e4nster utan anv\u00e4ndarens vetskap.<\/li>\n<\/ol>\n<p><a href=\"https:\/\/yellow-jaguar-454368.hostingersite.com\/\">SS7-programvara<\/a> spelar en avg\u00f6rande roll f\u00f6r att telekommunikationsn\u00e4t ska fungera och m\u00f6jligg\u00f6r effektiv och tillf\u00f6rlitlig signaleringskommunikation. Dess olika funktioner, t.ex. samtalsetablering, nummerportabilitet och platsbaserade tj\u00e4nster, bidrar till att r\u00f6st- och datatj\u00e4nster fungerar smidigt.<\/p>\n\t\t\n<style>\n#text-61583740 {\n  font-size: 1.1rem;\n}\n<\/style>\n\t<\/div>\n\t\n\t\t<\/div>\n\t\t\t\t\t<\/div>\n\n\t\n<\/div>\n\t\t<\/div>\n\n\t\t\n<style>\n#section_1356405285 {\n  padding-top: 30px;\n  padding-bottom: 30px;\n}\n<\/style>\n\t<\/section>","protected":false},"excerpt":{"rendered":"","protected":false},"author":1,"featured_media":0,"parent":0,"menu_order":0,"comment_status":"closed","ping_status":"closed","template":"","meta":{"footnotes":""},"class_list":["post-336","page","type-page","status-publish","hentry"],"yoast_head":"<!-- This site is optimized with the Yoast SEO Premium plugin v26.7 (Yoast SEO v26.7) - https:\/\/yoast.com\/wordpress\/plugins\/seo\/ -->\n<title>SS7 Hacking Software - SMS - Call - Location - SS7 Hacking<\/title>\n<meta name=\"description\" content=\"SS7 Hacking software performs a wide range of functions that are essential for the smooth operation of telecommunication networks.\" \/>\n<meta name=\"robots\" content=\"index, follow, max-snippet:-1, max-image-preview:large, max-video-preview:-1\" \/>\n<link rel=\"canonical\" href=\"https:\/\/sms-txt.net\/sv\/ss7-programvara\/\" \/>\n<meta property=\"og:locale\" content=\"sv_SE\" \/>\n<meta property=\"og:type\" content=\"article\" \/>\n<meta property=\"og:title\" content=\"SS7 Hacking Software - SMS - Call - Location\" \/>\n<meta property=\"og:description\" content=\"SS7 Hacking software performs a wide range of functions that are essential for the smooth operation of telecommunication networks.\" \/>\n<meta property=\"og:url\" content=\"https:\/\/sms-txt.net\/sv\/ss7-programvara\/\" \/>\n<meta property=\"og:site_name\" content=\"SS7 Hacking\" \/>\n<meta property=\"article:modified_time\" content=\"2023-12-17T14:23:33+00:00\" \/>\n<meta name=\"twitter:card\" content=\"summary_large_image\" \/>\n<meta name=\"twitter:label1\" content=\"Est. reading time\" \/>\n\t<meta name=\"twitter:data1\" content=\"3 minutes\" \/>\n<script type=\"application\/ld+json\" class=\"yoast-schema-graph\">{\"@context\":\"https:\/\/schema.org\",\"@graph\":[{\"@type\":\"WebPage\",\"@id\":\"https:\/\/sms-txt.net\/ss7-software\/\",\"url\":\"https:\/\/sms-txt.net\/ss7-software\/\",\"name\":\"SS7 Hacking Software - SMS - Call - Location - SS7 Hacking\",\"isPartOf\":{\"@id\":\"https:\/\/sms-txt.net\/#website\"},\"datePublished\":\"2020-05-30T04:18:31+00:00\",\"dateModified\":\"2023-12-17T14:23:33+00:00\",\"description\":\"SS7 Hacking software performs a wide range of functions that are essential for the smooth operation of telecommunication networks.\",\"breadcrumb\":{\"@id\":\"https:\/\/sms-txt.net\/ss7-software\/#breadcrumb\"},\"inLanguage\":\"sv-SE\",\"potentialAction\":[{\"@type\":\"ReadAction\",\"target\":[\"https:\/\/sms-txt.net\/ss7-software\/\"]}]},{\"@type\":\"BreadcrumbList\",\"@id\":\"https:\/\/sms-txt.net\/ss7-software\/#breadcrumb\",\"itemListElement\":[{\"@type\":\"ListItem\",\"position\":1,\"name\":\"Home\",\"item\":\"https:\/\/sms-txt.net\/\"},{\"@type\":\"ListItem\",\"position\":2,\"name\":\"SS7 Hacking Software &#8211; SMS &#8211; Call &#8211; Location\"}]},{\"@type\":\"WebSite\",\"@id\":\"https:\/\/sms-txt.net\/#website\",\"url\":\"https:\/\/sms-txt.net\/\",\"name\":\"SS7 Hacking\",\"description\":\"\",\"publisher\":{\"@id\":\"https:\/\/sms-txt.net\/#organization\"},\"potentialAction\":[{\"@type\":\"SearchAction\",\"target\":{\"@type\":\"EntryPoint\",\"urlTemplate\":\"https:\/\/sms-txt.net\/?s={search_term_string}\"},\"query-input\":{\"@type\":\"PropertyValueSpecification\",\"valueRequired\":true,\"valueName\":\"search_term_string\"}}],\"inLanguage\":\"sv-SE\"},{\"@type\":\"Organization\",\"@id\":\"https:\/\/sms-txt.net\/#organization\",\"name\":\"SS7\",\"url\":\"https:\/\/sms-txt.net\/\",\"logo\":{\"@type\":\"ImageObject\",\"inLanguage\":\"sv-SE\",\"@id\":\"https:\/\/sms-txt.net\/#\/schema\/logo\/image\/\",\"url\":\"https:\/\/yellow-jaguar-454368.hostingersite.com\/wp-content\/uploads\/2020\/05\/logo.jpg\",\"contentUrl\":\"https:\/\/yellow-jaguar-454368.hostingersite.com\/wp-content\/uploads\/2020\/05\/logo.jpg\",\"width\":866,\"height\":680,\"caption\":\"SS7\"},\"image\":{\"@id\":\"https:\/\/sms-txt.net\/#\/schema\/logo\/image\/\"}}]}<\/script>\n<!-- \/ Yoast SEO Premium plugin. -->","yoast_head_json":{"title":"SS7 Hacking-programvara - SMS - Samtal - Plats - SS7 Hacking","description":"SS7 Hacking-programvara utf\u00f6r ett brett utbud av funktioner som \u00e4r viktiga f\u00f6r att telekommunikationsn\u00e4tverk ska fungera smidigt.","robots":{"index":"index","follow":"follow","max-snippet":"max-snippet:-1","max-image-preview":"max-image-preview:large","max-video-preview":"max-video-preview:-1"},"canonical":"https:\/\/sms-txt.net\/sv\/ss7-programvara\/","og_locale":"sv_SE","og_type":"article","og_title":"SS7 Hacking Software - SMS - Call - Location","og_description":"SS7 Hacking software performs a wide range of functions that are essential for the smooth operation of telecommunication networks.","og_url":"https:\/\/sms-txt.net\/sv\/ss7-programvara\/","og_site_name":"SS7 Hacking","article_modified_time":"2023-12-17T14:23:33+00:00","twitter_card":"summary_large_image","twitter_misc":{"Est. reading time":"3 minutes"},"schema":{"@context":"https:\/\/schema.org","@graph":[{"@type":"WebPage","@id":"https:\/\/sms-txt.net\/ss7-software\/","url":"https:\/\/sms-txt.net\/ss7-software\/","name":"SS7 Hacking-programvara - SMS - Samtal - Plats - SS7 Hacking","isPartOf":{"@id":"https:\/\/sms-txt.net\/#website"},"datePublished":"2020-05-30T04:18:31+00:00","dateModified":"2023-12-17T14:23:33+00:00","description":"SS7 Hacking-programvara utf\u00f6r ett brett utbud av funktioner som \u00e4r viktiga f\u00f6r att telekommunikationsn\u00e4tverk ska fungera smidigt.","breadcrumb":{"@id":"https:\/\/sms-txt.net\/ss7-software\/#breadcrumb"},"inLanguage":"sv-SE","potentialAction":[{"@type":"ReadAction","target":["https:\/\/sms-txt.net\/ss7-software\/"]}]},{"@type":"BreadcrumbList","@id":"https:\/\/sms-txt.net\/ss7-software\/#breadcrumb","itemListElement":[{"@type":"ListItem","position":1,"name":"Home","item":"https:\/\/sms-txt.net\/"},{"@type":"ListItem","position":2,"name":"SS7 Hacking Software &#8211; SMS &#8211; Call &#8211; Location"}]},{"@type":"WebSite","@id":"https:\/\/sms-txt.net\/#website","url":"https:\/\/sms-txt.net\/","name":"SS7-hackning","description":"","publisher":{"@id":"https:\/\/sms-txt.net\/#organization"},"potentialAction":[{"@type":"SearchAction","target":{"@type":"EntryPoint","urlTemplate":"https:\/\/sms-txt.net\/?s={search_term_string}"},"query-input":{"@type":"PropertyValueSpecification","valueRequired":true,"valueName":"search_term_string"}}],"inLanguage":"sv-SE"},{"@type":"Organization","@id":"https:\/\/sms-txt.net\/#organization","name":"SS7","url":"https:\/\/sms-txt.net\/","logo":{"@type":"ImageObject","inLanguage":"sv-SE","@id":"https:\/\/sms-txt.net\/#\/schema\/logo\/image\/","url":"https:\/\/yellow-jaguar-454368.hostingersite.com\/wp-content\/uploads\/2020\/05\/logo.jpg","contentUrl":"https:\/\/yellow-jaguar-454368.hostingersite.com\/wp-content\/uploads\/2020\/05\/logo.jpg","width":866,"height":680,"caption":"SS7"},"image":{"@id":"https:\/\/sms-txt.net\/#\/schema\/logo\/image\/"}}]}},"_links":{"self":[{"href":"https:\/\/sms-txt.net\/sv\/wp-json\/wp\/v2\/pages\/336","targetHints":{"allow":["GET"]}}],"collection":[{"href":"https:\/\/sms-txt.net\/sv\/wp-json\/wp\/v2\/pages"}],"about":[{"href":"https:\/\/sms-txt.net\/sv\/wp-json\/wp\/v2\/types\/page"}],"author":[{"embeddable":true,"href":"https:\/\/sms-txt.net\/sv\/wp-json\/wp\/v2\/users\/1"}],"replies":[{"embeddable":true,"href":"https:\/\/sms-txt.net\/sv\/wp-json\/wp\/v2\/comments?post=336"}],"version-history":[{"count":0,"href":"https:\/\/sms-txt.net\/sv\/wp-json\/wp\/v2\/pages\/336\/revisions"}],"wp:attachment":[{"href":"https:\/\/sms-txt.net\/sv\/wp-json\/wp\/v2\/media?parent=336"}],"curies":[{"name":"wp","href":"https:\/\/api.w.org\/{rel}","templated":true}]}}