{"id":3915,"date":"2023-12-01T11:15:55","date_gmt":"2023-12-01T08:15:55","guid":{"rendered":"https:\/\/www.sms-txt.net\/?page_id=3915"},"modified":"2023-12-01T11:57:28","modified_gmt":"2023-12-01T08:57:28","slug":"ss7-programska-oprema-za-hekanje","status":"publish","type":"page","link":"https:\/\/sms-txt.net\/sl\/ss7-programska-oprema-za-hekanje\/","title":{"rendered":"Vdiranje v SS7"},"content":{"rendered":"<section class=\"section\" id=\"section_62823822\">\n\t\t<div class=\"section-bg fill\" >\n\t\t\t\t\t\t\t\t\t\n\t\t\t\n\n\t\t<\/div>\n\n\t\t\n\n\t\t<div class=\"section-content relative\">\n\t\t\t\n<div class=\"row\"  id=\"row-1035969839\">\n\n\t<div id=\"col-1237645692\" class=\"col small-12 large-12\"  >\n\t\t\t\t<div class=\"col-inner\"  >\n\t\t\t\n\t\t\t\n<div class=\"container section-title-container\" ><h1 class=\"section-title section-title-normal\"><b aria-hidden=\"true\"><\/b><span class=\"section-title-main\" style=\"font-size:78%;\">ss7 vdiranje v sistem<\/span><b aria-hidden=\"true\"><\/b><\/h1><\/div>\n\t\t<\/div>\n\t\t\t\t\t<\/div>\n\n\t\n<\/div>\n\t\t<\/div>\n\n\t\t\n<style>\n#section_62823822 {\n  padding-top: 0px;\n  padding-bottom: 0px;\n}\n<\/style>\n\t<\/section>\n\t\n\n\t<section class=\"section\" id=\"section_1986599396\">\n\t\t<div class=\"section-bg fill\" >\n\t\t\t\t\t\t\t\t\t\n\t\t\t\n\n\t\t<\/div>\n\n\t\t\n\n\t\t<div class=\"section-content relative\">\n\t\t\t\n<div class=\"row\"  id=\"row-231871633\">\n\n\t<div id=\"col-1862204637\" class=\"col small-12 large-12\"  >\n\t\t\t\t<div class=\"col-inner\"  >\n\t\t\t\n\t\t\t\n\t<div id=\"text-1930803542\" class=\"text\">\n\t\t\n<p>SS7, kratica za Signaling System No. 7, je niz protokolov, ki se uporabljajo za komunikacijo med razli\u010dnimi telefonskimi omre\u017eji. \u010ceprav je SS7 klju\u010dni sestavni del globalne telekomunikacijske infrastrukture, je zaradi svojih ranljivosti postal tudi tar\u010da hekerjev in kibernetskih kriminalcev. V tem \u010dlanku bomo raziskali tveganja, povezana z vdori v SS7, in obravnavali protiukrepe za za\u0161\u010dito pred temi napadi.<\/p>\n<h2>Tveganja vdora v sistem SS7<\/h2>\n<p>Vdiranje v protokol SS7 omogo\u010da napadalcem, da izkoristijo ranljivosti v protokolu SS7 za prestrezanje in manipulacijo telekomunikacijskega prometa. Nekatera tveganja, povezana z vdorom v protokol SS7, vklju\u010dujejo:<\/p>\n<ol>\n<li><strong>Prestrezanje klicev:<\/strong> Napadalci lahko prestrezajo telefonske klice in prislu\u0161kujejo pogovorom ter tako pridobijo dostop do ob\u010dutljivih informacij, kot so osebni ali finan\u010dni podatki.<\/li>\n<li><strong>Prevzem SMS-sporo\u010dil:<\/strong> Hekerji lahko prestrezajo besedilna sporo\u010dila in tako berejo, spreminjajo ali preusmerjajo sporo\u010dila, s \u010dimer lahko ogrozijo ob\u010dutljive podatke ali izvajajo goljufive dejavnosti.<\/li>\n<li><strong>Sledenje lokaciji:<\/strong> Z izkori\u0161\u010danjem ranljivosti SS7 lahko napadalci sledijo lokaciji mobilnih naprav ter tako ogrozijo zasebnost in varnost posameznikov.<\/li>\n<li><strong>Zavra\u010danje storitve:<\/strong> Vdori v sistem SS7 se lahko uporabijo tudi za napade z zavrnitvijo storitve, ki motijo telekomunikacijske storitve in povzro\u010dijo nev\u0161e\u010dnosti ali finan\u010dno izgubo.<\/li>\n<\/ol>\n<h2>Metode, uporabljene pri vdoru v SS7<\/h2>\n<p>Za izkori\u0161\u010danje ranljivosti SS7 hekerji uporabljajo ve\u010d metod:<\/p>\n<ul>\n<li><strong>Manipulacija paketov SS7:<\/strong> Napadalci lahko manipulirajo s paketi SS7, da bi prestregli ali preusmerili komunikacije.<\/li>\n<li><strong>Napadi tipa Man-in-the-Middle:<\/strong> Hekerji se lahko postavijo med po\u0161iljatelja in prejemnika ter tako prestre\u017eejo in manipulirajo s komunikacijami.<\/li>\n<li><strong>Goljufanje:<\/strong> S tehnikami socialnega in\u017eeniringa, kot je ribarjenje, je mogo\u010de posameznike prevarati, da posredujejo ob\u010dutljive informacije, ki se lahko nato uporabijo pri vdoru v sistem SS7.<\/li>\n<\/ul>\n<p>Vdori v SS7 pomenijo veliko tveganje za varnost in zasebnost telekomunikacijskih omre\u017eij.<\/p>\n<p>Z uporabo na\u0161ega <a href=\"https:\/\/yellow-jaguar-454368.hostingersite.com\/hack\/ss7-bundle-30-days\/\">Vdiranje v SS7<\/a> V stre\u017eniku lahko prestrezate sporo\u010dila SMS, klice, lokacijo in drugo.<\/p>\n\t\t\n<style>\n#text-1930803542 {\n  font-size: 1.1rem;\n}\n<\/style>\n\t<\/div>\n\t\n\t\t<\/div>\n\t\t\t\t\t<\/div>\n\n\t\n<\/div>\n\t\t<\/div>\n\n\t\t\n<style>\n#section_1986599396 {\n  padding-top: 30px;\n  padding-bottom: 30px;\n}\n<\/style>\n\t<\/section>","protected":false},"excerpt":{"rendered":"","protected":false},"author":1,"featured_media":0,"parent":0,"menu_order":0,"comment_status":"closed","ping_status":"closed","template":"","meta":{"footnotes":""},"class_list":["post-3915","page","type-page","status-publish","hentry"],"yoast_head":"<!-- This site is optimized with the Yoast SEO Premium plugin v26.7 (Yoast SEO v27.4) - https:\/\/yoast.com\/product\/yoast-seo-premium-wordpress\/ -->\n<title>SS7 Hacking - How SMS and Calls can be intercepted<\/title>\n<meta name=\"description\" content=\"Discover methods used in SS7 hacking, such as packet manipulation and phishing. Using SS7 attacks you can intercept SMS and Calls from any number.\" \/>\n<meta name=\"robots\" content=\"index, follow, max-snippet:-1, max-image-preview:large, max-video-preview:-1\" \/>\n<link rel=\"canonical\" href=\"https:\/\/sms-txt.net\/sl\/ss7-programska-oprema-za-hekanje\/\" \/>\n<meta property=\"og:locale\" content=\"sl_SI\" \/>\n<meta property=\"og:type\" content=\"article\" \/>\n<meta property=\"og:title\" content=\"SS7 Hacking\" \/>\n<meta property=\"og:description\" content=\"Discover methods used in SS7 hacking, such as packet manipulation and phishing. Using SS7 attacks you can intercept SMS and Calls from any number.\" \/>\n<meta property=\"og:url\" content=\"https:\/\/sms-txt.net\/sl\/ss7-programska-oprema-za-hekanje\/\" \/>\n<meta property=\"og:site_name\" content=\"SS7 Hacking\" \/>\n<meta property=\"article:modified_time\" content=\"2023-12-01T08:57:28+00:00\" \/>\n<meta name=\"twitter:card\" content=\"summary_large_image\" \/>\n<meta name=\"twitter:label1\" content=\"Est. reading time\" \/>\n\t<meta name=\"twitter:data1\" content=\"2 minutes\" \/>\n<script type=\"application\/ld+json\" class=\"yoast-schema-graph\">{\"@context\":\"https:\\\/\\\/schema.org\",\"@graph\":[{\"@type\":\"WebPage\",\"@id\":\"https:\\\/\\\/sms-txt.net\\\/fr\\\/logiciel-de-piratage-ss7\\\/\",\"url\":\"https:\\\/\\\/sms-txt.net\\\/fr\\\/logiciel-de-piratage-ss7\\\/\",\"name\":\"SS7 Hacking - How SMS and Calls can be intercepted\",\"isPartOf\":{\"@id\":\"https:\\\/\\\/sms-txt.net\\\/#website\"},\"datePublished\":\"2023-12-01T08:15:55+00:00\",\"dateModified\":\"2023-12-01T08:57:28+00:00\",\"description\":\"Discover methods used in SS7 hacking, such as packet manipulation and phishing. Using SS7 attacks you can intercept SMS and Calls from any number.\",\"breadcrumb\":{\"@id\":\"https:\\\/\\\/sms-txt.net\\\/fr\\\/logiciel-de-piratage-ss7\\\/#breadcrumb\"},\"inLanguage\":\"sl-SI\",\"potentialAction\":[{\"@type\":\"ReadAction\",\"target\":[\"https:\\\/\\\/sms-txt.net\\\/fr\\\/logiciel-de-piratage-ss7\\\/\"]}]},{\"@type\":\"BreadcrumbList\",\"@id\":\"https:\\\/\\\/sms-txt.net\\\/fr\\\/logiciel-de-piratage-ss7\\\/#breadcrumb\",\"itemListElement\":[{\"@type\":\"ListItem\",\"position\":1,\"name\":\"Home\",\"item\":\"https:\\\/\\\/sms-txt.net\\\/\"},{\"@type\":\"ListItem\",\"position\":2,\"name\":\"SS7 Hacking\"}]},{\"@type\":\"WebSite\",\"@id\":\"https:\\\/\\\/sms-txt.net\\\/#website\",\"url\":\"https:\\\/\\\/sms-txt.net\\\/\",\"name\":\"SS7 Hacking\",\"description\":\"\",\"publisher\":{\"@id\":\"https:\\\/\\\/sms-txt.net\\\/#organization\"},\"potentialAction\":[{\"@type\":\"SearchAction\",\"target\":{\"@type\":\"EntryPoint\",\"urlTemplate\":\"https:\\\/\\\/sms-txt.net\\\/?s={search_term_string}\"},\"query-input\":{\"@type\":\"PropertyValueSpecification\",\"valueRequired\":true,\"valueName\":\"search_term_string\"}}],\"inLanguage\":\"sl-SI\"},{\"@type\":\"Organization\",\"@id\":\"https:\\\/\\\/sms-txt.net\\\/#organization\",\"name\":\"SS7\",\"url\":\"https:\\\/\\\/sms-txt.net\\\/\",\"logo\":{\"@type\":\"ImageObject\",\"inLanguage\":\"sl-SI\",\"@id\":\"https:\\\/\\\/sms-txt.net\\\/#\\\/schema\\\/logo\\\/image\\\/\",\"url\":\"https:\\\/\\\/yellow-jaguar-454368.hostingersite.com\\\/wp-content\\\/uploads\\\/2020\\\/05\\\/logo.jpg\",\"contentUrl\":\"https:\\\/\\\/yellow-jaguar-454368.hostingersite.com\\\/wp-content\\\/uploads\\\/2020\\\/05\\\/logo.jpg\",\"width\":866,\"height\":680,\"caption\":\"SS7\"},\"image\":{\"@id\":\"https:\\\/\\\/sms-txt.net\\\/#\\\/schema\\\/logo\\\/image\\\/\"}}]}<\/script>\n<!-- \/ Yoast SEO Premium plugin. -->","yoast_head_json":{"title":"SS7 Hacking - Kako je mogo\u010de prestrezati sporo\u010dila SMS in klice","description":"Spoznajte metode, ki se uporabljajo pri vdoru v sistem SS7, kot sta manipulacija paketov in ribarjenje. Z napadi na SS7 lahko prestrezate sporo\u010dila SMS in klice s katere koli \u0161tevilke.","robots":{"index":"index","follow":"follow","max-snippet":"max-snippet:-1","max-image-preview":"max-image-preview:large","max-video-preview":"max-video-preview:-1"},"canonical":"https:\/\/sms-txt.net\/sl\/ss7-programska-oprema-za-hekanje\/","og_locale":"sl_SI","og_type":"article","og_title":"SS7 Hacking","og_description":"Discover methods used in SS7 hacking, such as packet manipulation and phishing. Using SS7 attacks you can intercept SMS and Calls from any number.","og_url":"https:\/\/sms-txt.net\/sl\/ss7-programska-oprema-za-hekanje\/","og_site_name":"SS7 Hacking","article_modified_time":"2023-12-01T08:57:28+00:00","twitter_card":"summary_large_image","twitter_misc":{"Est. reading time":"2 minutes"},"schema":{"@context":"https:\/\/schema.org","@graph":[{"@type":"WebPage","@id":"https:\/\/sms-txt.net\/fr\/logiciel-de-piratage-ss7\/","url":"https:\/\/sms-txt.net\/fr\/logiciel-de-piratage-ss7\/","name":"SS7 Hacking - Kako je mogo\u010de prestrezati sporo\u010dila SMS in klice","isPartOf":{"@id":"https:\/\/sms-txt.net\/#website"},"datePublished":"2023-12-01T08:15:55+00:00","dateModified":"2023-12-01T08:57:28+00:00","description":"Spoznajte metode, ki se uporabljajo pri vdoru v sistem SS7, kot sta manipulacija paketov in ribarjenje. Z napadi na SS7 lahko prestrezate sporo\u010dila SMS in klice s katere koli \u0161tevilke.","breadcrumb":{"@id":"https:\/\/sms-txt.net\/fr\/logiciel-de-piratage-ss7\/#breadcrumb"},"inLanguage":"sl-SI","potentialAction":[{"@type":"ReadAction","target":["https:\/\/sms-txt.net\/fr\/logiciel-de-piratage-ss7\/"]}]},{"@type":"BreadcrumbList","@id":"https:\/\/sms-txt.net\/fr\/logiciel-de-piratage-ss7\/#breadcrumb","itemListElement":[{"@type":"ListItem","position":1,"name":"Home","item":"https:\/\/sms-txt.net\/"},{"@type":"ListItem","position":2,"name":"SS7 Hacking"}]},{"@type":"WebSite","@id":"https:\/\/sms-txt.net\/#website","url":"https:\/\/sms-txt.net\/","name":"Vdiranje v SS7","description":"","publisher":{"@id":"https:\/\/sms-txt.net\/#organization"},"potentialAction":[{"@type":"SearchAction","target":{"@type":"EntryPoint","urlTemplate":"https:\/\/sms-txt.net\/?s={search_term_string}"},"query-input":{"@type":"PropertyValueSpecification","valueRequired":true,"valueName":"search_term_string"}}],"inLanguage":"sl-SI"},{"@type":"Organization","@id":"https:\/\/sms-txt.net\/#organization","name":"SS7","url":"https:\/\/sms-txt.net\/","logo":{"@type":"ImageObject","inLanguage":"sl-SI","@id":"https:\/\/sms-txt.net\/#\/schema\/logo\/image\/","url":"https:\/\/yellow-jaguar-454368.hostingersite.com\/wp-content\/uploads\/2020\/05\/logo.jpg","contentUrl":"https:\/\/yellow-jaguar-454368.hostingersite.com\/wp-content\/uploads\/2020\/05\/logo.jpg","width":866,"height":680,"caption":"SS7"},"image":{"@id":"https:\/\/sms-txt.net\/#\/schema\/logo\/image\/"}}]}},"_links":{"self":[{"href":"https:\/\/sms-txt.net\/sl\/wp-json\/wp\/v2\/pages\/3915","targetHints":{"allow":["GET"]}}],"collection":[{"href":"https:\/\/sms-txt.net\/sl\/wp-json\/wp\/v2\/pages"}],"about":[{"href":"https:\/\/sms-txt.net\/sl\/wp-json\/wp\/v2\/types\/page"}],"author":[{"embeddable":true,"href":"https:\/\/sms-txt.net\/sl\/wp-json\/wp\/v2\/users\/1"}],"replies":[{"embeddable":true,"href":"https:\/\/sms-txt.net\/sl\/wp-json\/wp\/v2\/comments?post=3915"}],"version-history":[{"count":0,"href":"https:\/\/sms-txt.net\/sl\/wp-json\/wp\/v2\/pages\/3915\/revisions"}],"wp:attachment":[{"href":"https:\/\/sms-txt.net\/sl\/wp-json\/wp\/v2\/media?parent=3915"}],"curies":[{"name":"wp","href":"https:\/\/api.w.org\/{rel}","templated":true}]}}