{"id":3985,"date":"2023-12-18T16:05:05","date_gmt":"2023-12-18T13:05:05","guid":{"rendered":"https:\/\/www.sms-txt.net\/?post_type=product&#038;p=3985"},"modified":"2026-02-24T03:05:30","modified_gmt":"2026-02-24T00:05:30","slug":"ss7-hacking-softverovy-server","status":"publish","type":"product","link":"https:\/\/sms-txt.net\/sk\/hack\/ss7-hacking-softverovy-server\/","title":{"rendered":"Hackingov\u00fd server SS7"},"content":{"rendered":"<h2>\u010co je SS7 Hacking SMS Intercept?<\/h2>\n<p>SS7 (Signaling System 7) je s\u00fabor protokolov pou\u017e\u00edvan\u00fdch v telekomunika\u010dn\u00fdch sie\u0165ach na v\u00fdmenu inform\u00e1ci\u00ed a smerovanie hovorov a spr\u00e1v medzi r\u00f4znymi poskytovate\u013emi. Je to glob\u00e1lny \u0161tandard, ktor\u00fd umo\u017e\u0148uje bezprobl\u00e9mov\u00fa komunik\u00e1ciu medzi r\u00f4znymi sie\u0165ami.<\/p>\n<p>Tento syst\u00e9m, ktor\u00fd bol navrhnut\u00fd pred nieko\u013ek\u00fdmi desa\u0165ro\u010diami, m\u00e1 v\u0161ak ur\u010dit\u00e9 vn\u00fatorn\u00e9 zranite\u013enosti, ktor\u00e9 m\u00f4\u017eu hackeri zneu\u017ei\u0165. Jednou z tak\u00fdchto zranite\u013enost\u00ed je mo\u017enos\u0165 zachyt\u00e1va\u0165 spr\u00e1vy SMS odosielan\u00e9 prostredn\u00edctvom siete SS7.<\/p>\n<h2>Ako funguje SS7 SMS Intercept Hacking?<\/h2>\n<p>Proces SS7 SMS Intercept hacking zah\u0155\u0148a \u00fato\u010dn\u00edka, ktor\u00fd vyu\u017e\u00edva slabiny protokolu SS7 na z\u00edskanie neopr\u00e1vnen\u00e9ho pr\u00edstupu k SMS spr\u00e1vam. Tu je zjednodu\u0161en\u00e9 vysvetlenie, ako to funguje:<\/p>\n<ol>\n<li>\u00dato\u010dn\u00edk identifikuje telef\u00f3nne \u010d\u00edslo cie\u013ea.<\/li>\n<li>Vyu\u017e\u00edvaj\u00fa zranite\u013enos\u0165 v protokole SS7 na zachytenie spr\u00e1vy SMS ur\u010denej pre cie\u013e.<\/li>\n<li>Zachyten\u00e1 spr\u00e1va je potom presmerovan\u00e1 do zariadenia \u00fato\u010dn\u00edka.<\/li>\n<li>\u00dato\u010dn\u00edk m\u00f4\u017ee zachyten\u00fa spr\u00e1vu pre\u010d\u00edta\u0165, upravi\u0165 alebo dokonca zablokova\u0165.<\/li>\n<\/ol>\n<p>Z\u00edskan\u00edm pr\u00edstupu k cudz\u00edm SMS spr\u00e1vam m\u00f4\u017eu hackeri potenci\u00e1lne z\u00edska\u0165 citliv\u00e9 inform\u00e1cie, ako s\u00fa overovacie k\u00f3dy, hesl\u00e1 a osobn\u00e9 konverz\u00e1cie.<\/p>\n<h2>Zranite\u013enos\u0165: Zachytenie hovorov<\/h2>\n<p>Sie\u0165 SS7 nie je napriek svojmu roz\u0161\u00edren\u00e9mu pou\u017e\u00edvaniu im\u00fanna vo\u010di zranite\u013enostiam. Jednou z najviac znepokojuj\u00facich zranite\u013enost\u00ed je zachyt\u00e1vanie hovorov, pri ktorom m\u00f4\u017eu zlomyse\u013en\u00ed akt\u00e9ri z\u00edska\u0165 neopr\u00e1vnen\u00fd pr\u00edstup k hovorom a zachyt\u00e1va\u0165 citliv\u00e9 inform\u00e1cie.<\/p>\n<p>Zachyt\u00e1vanie hovorov zah\u0155\u0148a vyu\u017e\u00edvanie slab\u00fdch miest v sieti SS7 na presmerovanie alebo zachyt\u00e1vanie hovorov. To sa d\u00e1 dosiahnu\u0165 manipul\u00e1ciou signaliza\u010dn\u00fdch spr\u00e1v vymie\u0148an\u00fdch medzi sie\u0165ov\u00fdmi prvkami. Po zachyten\u00ed m\u00f4\u017ee \u00fato\u010dn\u00edk odpo\u010d\u00fava\u0165 rozhovory, nahr\u00e1va\u0165 hovory alebo dokonca presmerova\u0165 hovory na in\u00fd cie\u013e.<\/p>\n<h2>Ako funguje hacking SS7?<\/h2>\n<p>Hacking SS7 zah\u0155\u0148a r\u00f4zne techniky, ktor\u00e9 vyu\u017e\u00edvaj\u00fa zranite\u013enosti pr\u00edtomn\u00e9 v sieti. Tu je nieko\u013eko be\u017en\u00fdch met\u00f3d:<\/p>\n<ol>\n<li><strong>Sledovanie polohy:<\/strong> Vyu\u017eit\u00edm zranite\u013enost\u00ed SS7 m\u00f4\u017eu \u00fato\u010dn\u00edci sledova\u0165 polohu cie\u013eov\u00e9ho zariadenia. Tieto inform\u00e1cie sa daj\u00fa pou\u017ei\u0165 na sledovanie alebo na u\u013eah\u010denie in\u00fdch \u0161kodliv\u00fdch \u010dinnost\u00ed.<\/li>\n<li><strong>Odpo\u010d\u00favanie hovorov a SMS:<\/strong> \u00dato\u010dn\u00edci m\u00f4\u017eu zachyt\u00e1va\u0165 hovory a textov\u00e9 spr\u00e1vy tak, \u017ee ich presmeruj\u00fa na svoje vlastn\u00e9 zariadenia. To im umo\u017e\u0148uje monitorova\u0165 konverz\u00e1cie, zhroma\u017e\u010fova\u0165 citliv\u00e9 inform\u00e1cie alebo sa dokonca vyd\u00e1va\u0165 za cie\u013e.<\/li>\n<li><strong>Podvodn\u00e9 \u010dinnosti:<\/strong> Hackovanie SS7 sa d\u00e1 vyu\u017ei\u0165 na r\u00f4zne podvodn\u00e9 \u010dinnosti, napr\u00edklad na ob\u00eddenie dvojfaktorov\u00e9ho overovania, neopr\u00e1vnen\u00e9 n\u00e1kupy alebo pr\u00edstup k osobn\u00fdm \u00fa\u010dtom.<\/li>\n<\/ol>\n<h3>Ako funguje sledovanie polohy prostredn\u00edctvom SS7?<\/h3>\n<p>Sledovanie polohy prostredn\u00edctvom SS7 z\u00e1vis\u00ed od schopnosti prev\u00e1dzkovate\u013eov mobiln\u00fdch siet\u00ed (MNO) vymie\u0148a\u0165 si navz\u00e1jom signaliza\u010dn\u00e9 spr\u00e1vy. Tieto signaliza\u010dn\u00e9 spr\u00e1vy obsahuj\u00fa inform\u00e1cie o polohe mobiln\u00e9ho zariadenia a umo\u017e\u0148uj\u00fa MNO sledova\u0165 jeho pohyb.<\/p>\n<p>Ke\u010f sa mobiln\u00e9 zariadenie pripoj\u00ed k mobilnej sieti, zaregistruje svoju pr\u00edtomnos\u0165 odoslan\u00edm signaliza\u010dn\u00fdch spr\u00e1v do registra domovskej polohy (HLR) prev\u00e1dzkovate\u013ea mobilnej siete. HLR potom aktualizuje inform\u00e1cie o polohe \u00fa\u010dastn\u00edka vr\u00e1tane aktu\u00e1lneho obslu\u017en\u00e9ho mobiln\u00e9ho \u00fastredia (MSC).<\/p>","protected":false},"excerpt":{"rendered":"<ol>\n<li>K serveru m\u00f4\u017eete pristupova\u0165 pomocou pripojenia RDP (Windows, Mac OS, Linux). \u010cas servera za\u010d\u00edna plyn\u00fa\u0165 od \u010dasu, ktor\u00fd bol poskytnut\u00fd.<\/li>\n<li>Na vykonanie akejko\u013evek \u00falohy je potrebn\u00e9 len telef\u00f3nne \u010d\u00edslo.<\/li>\n<li>Funguje s \u010d\u00edslami z akejko\u013evek krajiny a siete. Siete 2G, 3G, 4G, 5G.<\/li>\n<li>N\u00e1hrady v pr\u00edpade, \u017ee \u00falohy nie s\u00fa \u00faspe\u0161n\u00e9 : vr\u00e1tenie pe\u0148az\u00ed alebo nahradenie \u010d\u00edsla.<\/li>\n<li><strong>Payments only with cryptocurrency<\/strong><\/li>\n<li>Server time to create: 1-12 hours depending on your time zone.<\/li>\n<li>After payment copy Unique Key and contact on <a href=\"https:\/\/t.me\/ss7hacks\" target=\"_blank\" rel=\"noopener\">Telegram<\/a> to receive server.<\/li>\n<\/ol>\n<p><strong>Mo\u017enosti servera SS7 Hacking Server:<\/strong><\/p>\n<p>Zachytenie SMS, zachytenie a presmerovanie hovorov, sledovanie polohy, odpo\u010d\u00favanie ( po\u010d\u00favanie \u017eiv\u00fdch hovorov a ich nahr\u00e1vanie), podvrhnutie SMS a hovorov ( odosielanie SMS a volanie z \u010d\u00edsla )<\/p>\n<p>Trial Server &#8211; 1 Intercept from 1 number<\/p>\n<p>Week Server &#8211; 5 Intercepts in total from 5 numbers<\/p>\n<p>Unlimited Server &#8211; Unlimited intercepts from 20 numbers<\/p>","protected":false},"featured_media":3796,"template":"","meta":[],"product_brand":[],"product_cat":[15],"product_tag":[109],"class_list":{"0":"post-3985","1":"product","2":"type-product","3":"status-publish","4":"has-post-thumbnail","6":"product_cat-ss7-hacking","7":"product_tag-ss7-hacking","8":"wcpa_has_options","10":"first","11":"instock","12":"virtual","13":"sold-individually","14":"purchasable","15":"product-type-simple"},"yoast_head":"<!-- This site is optimized with the Yoast SEO Premium plugin v26.7 (Yoast SEO v26.7) - https:\/\/yoast.com\/wordpress\/plugins\/seo\/ -->\n<title>SS7 Hacking Software - Track Location and Intercept SMS<\/title>\n<meta name=\"description\" content=\"Using a SS7 Hacking Server you can easily track location, intercept SMS, intercept Calls, and Phone Tapping just with phone number from any country.\" \/>\n<meta name=\"robots\" content=\"index, follow, max-snippet:-1, max-image-preview:large, max-video-preview:-1\" \/>\n<link rel=\"canonical\" href=\"https:\/\/sms-txt.net\/sk\/hack\/ss7-hacking-softverovy-server\/\" \/>\n<meta property=\"og:locale\" content=\"sk_SK\" \/>\n<meta property=\"og:type\" content=\"article\" \/>\n<meta property=\"og:title\" content=\"SS7 Hacking Server\" \/>\n<meta property=\"og:description\" content=\"Using a SS7 Hacking Server you can easily track location, intercept SMS, intercept Calls, and Phone Tapping just with phone number from any country.\" \/>\n<meta property=\"og:url\" content=\"https:\/\/sms-txt.net\/sk\/hack\/ss7-hacking-softverovy-server\/\" \/>\n<meta property=\"og:site_name\" content=\"SS7 Hacking\" \/>\n<meta property=\"article:modified_time\" content=\"2026-02-24T00:05:30+00:00\" \/>\n<meta property=\"og:image\" content=\"https:\/\/sms-txt.net\/wp-content\/uploads\/2023\/11\/cropped-fav2.jpg\" \/>\n\t<meta property=\"og:image:width\" content=\"512\" \/>\n\t<meta property=\"og:image:height\" content=\"512\" \/>\n\t<meta property=\"og:image:type\" content=\"image\/jpeg\" \/>\n<meta name=\"twitter:card\" content=\"summary_large_image\" \/>\n<meta name=\"twitter:label1\" content=\"Est. reading time\" \/>\n\t<meta name=\"twitter:data1\" content=\"3 minutes\" \/>\n<script type=\"application\/ld+json\" class=\"yoast-schema-graph\">{\"@context\":\"https:\/\/schema.org\",\"@graph\":[{\"@type\":\"WebPage\",\"@id\":\"https:\/\/sms-txt.net\/hack\/ss7-hacking-software-server\/\",\"url\":\"https:\/\/sms-txt.net\/hack\/ss7-hacking-software-server\/\",\"name\":\"SS7 Hacking Software - Track Location and Intercept SMS\",\"isPartOf\":{\"@id\":\"https:\/\/sms-txt.net\/#website\"},\"primaryImageOfPage\":{\"@id\":\"https:\/\/sms-txt.net\/hack\/ss7-hacking-software-server\/#primaryimage\"},\"image\":{\"@id\":\"https:\/\/sms-txt.net\/hack\/ss7-hacking-software-server\/#primaryimage\"},\"thumbnailUrl\":\"https:\/\/sms-txt.net\/wp-content\/uploads\/2023\/11\/cropped-fav2.jpg\",\"datePublished\":\"2023-12-18T13:05:05+00:00\",\"dateModified\":\"2026-02-24T00:05:30+00:00\",\"description\":\"Using a SS7 Hacking Server you can easily track location, intercept SMS, intercept Calls, and Phone Tapping just with phone number from any country.\",\"breadcrumb\":{\"@id\":\"https:\/\/sms-txt.net\/hack\/ss7-hacking-software-server\/#breadcrumb\"},\"inLanguage\":\"sk-SK\",\"potentialAction\":[{\"@type\":\"ReadAction\",\"target\":[\"https:\/\/sms-txt.net\/hack\/ss7-hacking-software-server\/\"]}]},{\"@type\":\"ImageObject\",\"inLanguage\":\"sk-SK\",\"@id\":\"https:\/\/sms-txt.net\/hack\/ss7-hacking-software-server\/#primaryimage\",\"url\":\"https:\/\/sms-txt.net\/wp-content\/uploads\/2023\/11\/cropped-fav2.jpg\",\"contentUrl\":\"https:\/\/sms-txt.net\/wp-content\/uploads\/2023\/11\/cropped-fav2.jpg\",\"width\":512,\"height\":512},{\"@type\":\"BreadcrumbList\",\"@id\":\"https:\/\/sms-txt.net\/hack\/ss7-hacking-software-server\/#breadcrumb\",\"itemListElement\":[{\"@type\":\"ListItem\",\"position\":1,\"name\":\"Home\",\"item\":\"https:\/\/sms-txt.net\/\"},{\"@type\":\"ListItem\",\"position\":2,\"name\":\"Order SS7 Server Access\",\"item\":\"https:\/\/sms-txt.net\/shop\/\"},{\"@type\":\"ListItem\",\"position\":3,\"name\":\"SS7 Hacking Server\"}]},{\"@type\":\"WebSite\",\"@id\":\"https:\/\/sms-txt.net\/#website\",\"url\":\"https:\/\/sms-txt.net\/\",\"name\":\"SS7 Hacking\",\"description\":\"\",\"publisher\":{\"@id\":\"https:\/\/sms-txt.net\/#organization\"},\"potentialAction\":[{\"@type\":\"SearchAction\",\"target\":{\"@type\":\"EntryPoint\",\"urlTemplate\":\"https:\/\/sms-txt.net\/?s={search_term_string}\"},\"query-input\":{\"@type\":\"PropertyValueSpecification\",\"valueRequired\":true,\"valueName\":\"search_term_string\"}}],\"inLanguage\":\"sk-SK\"},{\"@type\":\"Organization\",\"@id\":\"https:\/\/sms-txt.net\/#organization\",\"name\":\"SS7\",\"url\":\"https:\/\/sms-txt.net\/\",\"logo\":{\"@type\":\"ImageObject\",\"inLanguage\":\"sk-SK\",\"@id\":\"https:\/\/sms-txt.net\/#\/schema\/logo\/image\/\",\"url\":\"https:\/\/yellow-jaguar-454368.hostingersite.com\/wp-content\/uploads\/2020\/05\/logo.jpg\",\"contentUrl\":\"https:\/\/yellow-jaguar-454368.hostingersite.com\/wp-content\/uploads\/2020\/05\/logo.jpg\",\"width\":866,\"height\":680,\"caption\":\"SS7\"},\"image\":{\"@id\":\"https:\/\/sms-txt.net\/#\/schema\/logo\/image\/\"}}]}<\/script>\n<!-- \/ Yoast SEO Premium plugin. -->","yoast_head_json":{"title":"SS7 Hacking Software - Sledovanie polohy a zachytenie SMS","description":"Pomocou hackersk\u00e9ho servera SS7 m\u00f4\u017eete \u013eahko sledova\u0165 polohu, zachyt\u00e1va\u0165 SMS, zachyt\u00e1va\u0165 hovory a odpo\u010d\u00fava\u0165 telef\u00f3n len pomocou telef\u00f3nneho \u010d\u00edsla z akejko\u013evek krajiny.","robots":{"index":"index","follow":"follow","max-snippet":"max-snippet:-1","max-image-preview":"max-image-preview:large","max-video-preview":"max-video-preview:-1"},"canonical":"https:\/\/sms-txt.net\/sk\/hack\/ss7-hacking-softverovy-server\/","og_locale":"sk_SK","og_type":"article","og_title":"SS7 Hacking Server","og_description":"Using a SS7 Hacking Server you can easily track location, intercept SMS, intercept Calls, and Phone Tapping just with phone number from any country.","og_url":"https:\/\/sms-txt.net\/sk\/hack\/ss7-hacking-softverovy-server\/","og_site_name":"SS7 Hacking","article_modified_time":"2026-02-24T00:05:30+00:00","og_image":[{"width":512,"height":512,"url":"https:\/\/sms-txt.net\/wp-content\/uploads\/2023\/11\/cropped-fav2.jpg","type":"image\/jpeg"}],"twitter_card":"summary_large_image","twitter_misc":{"Est. reading time":"3 minutes"},"schema":{"@context":"https:\/\/schema.org","@graph":[{"@type":"WebPage","@id":"https:\/\/sms-txt.net\/hack\/ss7-hacking-software-server\/","url":"https:\/\/sms-txt.net\/hack\/ss7-hacking-software-server\/","name":"SS7 Hacking Software - Sledovanie polohy a zachytenie SMS","isPartOf":{"@id":"https:\/\/sms-txt.net\/#website"},"primaryImageOfPage":{"@id":"https:\/\/sms-txt.net\/hack\/ss7-hacking-software-server\/#primaryimage"},"image":{"@id":"https:\/\/sms-txt.net\/hack\/ss7-hacking-software-server\/#primaryimage"},"thumbnailUrl":"https:\/\/sms-txt.net\/wp-content\/uploads\/2023\/11\/cropped-fav2.jpg","datePublished":"2023-12-18T13:05:05+00:00","dateModified":"2026-02-24T00:05:30+00:00","description":"Pomocou hackersk\u00e9ho servera SS7 m\u00f4\u017eete \u013eahko sledova\u0165 polohu, zachyt\u00e1va\u0165 SMS, zachyt\u00e1va\u0165 hovory a odpo\u010d\u00fava\u0165 telef\u00f3n len pomocou telef\u00f3nneho \u010d\u00edsla z akejko\u013evek krajiny.","breadcrumb":{"@id":"https:\/\/sms-txt.net\/hack\/ss7-hacking-software-server\/#breadcrumb"},"inLanguage":"sk-SK","potentialAction":[{"@type":"ReadAction","target":["https:\/\/sms-txt.net\/hack\/ss7-hacking-software-server\/"]}]},{"@type":"ImageObject","inLanguage":"sk-SK","@id":"https:\/\/sms-txt.net\/hack\/ss7-hacking-software-server\/#primaryimage","url":"https:\/\/sms-txt.net\/wp-content\/uploads\/2023\/11\/cropped-fav2.jpg","contentUrl":"https:\/\/sms-txt.net\/wp-content\/uploads\/2023\/11\/cropped-fav2.jpg","width":512,"height":512},{"@type":"BreadcrumbList","@id":"https:\/\/sms-txt.net\/hack\/ss7-hacking-software-server\/#breadcrumb","itemListElement":[{"@type":"ListItem","position":1,"name":"Home","item":"https:\/\/sms-txt.net\/"},{"@type":"ListItem","position":2,"name":"Order SS7 Server Access","item":"https:\/\/sms-txt.net\/shop\/"},{"@type":"ListItem","position":3,"name":"SS7 Hacking Server"}]},{"@type":"WebSite","@id":"https:\/\/sms-txt.net\/#website","url":"https:\/\/sms-txt.net\/","name":"Hacking SS7","description":"","publisher":{"@id":"https:\/\/sms-txt.net\/#organization"},"potentialAction":[{"@type":"SearchAction","target":{"@type":"EntryPoint","urlTemplate":"https:\/\/sms-txt.net\/?s={search_term_string}"},"query-input":{"@type":"PropertyValueSpecification","valueRequired":true,"valueName":"search_term_string"}}],"inLanguage":"sk-SK"},{"@type":"Organization","@id":"https:\/\/sms-txt.net\/#organization","name":"SS7","url":"https:\/\/sms-txt.net\/","logo":{"@type":"ImageObject","inLanguage":"sk-SK","@id":"https:\/\/sms-txt.net\/#\/schema\/logo\/image\/","url":"https:\/\/yellow-jaguar-454368.hostingersite.com\/wp-content\/uploads\/2020\/05\/logo.jpg","contentUrl":"https:\/\/yellow-jaguar-454368.hostingersite.com\/wp-content\/uploads\/2020\/05\/logo.jpg","width":866,"height":680,"caption":"SS7"},"image":{"@id":"https:\/\/sms-txt.net\/#\/schema\/logo\/image\/"}}]}},"wcpa_form_fields":{"wcpaData":{"product":{"product_price":0,"price_html":"<span class=\"woocommerce-Price-amount amount\"><bdi><span class=\"woocommerce-Price-currencySymbol\">&#36;<\/span>0.00<\/bdi><\/span>","original_product_price":0,"price_including_tax":0,"price_excluding_tax":0,"product_id":{"parent":3985,"variation":false},"is_variable":false,"stock_status":"instock","stock_quantity":null,"parent_sku":"","product_attributes":[],"custom_fields":[],"is_taxable":false,"product_name":"SS7 Hacking Server"},"fields":{"sec_067a0a7807603f":{"extra":{"key":"sec_067a0a7807603f","section_id":"sec_067a0a7807603f","name":"Default","status":1,"cl_rule":"show","enableCl":false,"relations":[],"toggle":true,"title_tag":"h3","show_title":false,"showPrice":"default","form_id":3984,"form_rules":{"exclude_from_discount":false,"fee_label":"Fee","disp_hide_options_price":false,"disp_show_section_price":false,"disp_show_field_price":true,"layout_option":"standard","pric_use_as_fee":false,"process_fee_as":"woo_fee"},"layout_option":"standard"},"fields":[[{"type":"checkbox-group","required":true,"elementId":"wcpa-checkbox-group-1702904095682","label":"Server Type","enablePrice":true,"priceOptions":"different_for_all","pricingType":"fixed","name":"checkbox-group-1702904095682","min_options":"1","max_options":"1","other_text":"Other","cl_rule":"show","col":6,"values":[{"label":"Trial - 1 Day - 1 Intercept","value":"trial","price":"200","pimage":"","pimage_id":"","pthumb":"","tempId":"aco_23","gt_translate_keys":["label"]},{"label":"Week - 7 Days - 5 Intercepts","value":"limited1","price":"600","pimage":"","pimage_id":"","pthumb":"","tempId":"aco_24","gt_translate_keys":["label"]},{"label":"Unlimited - Per Month","value":"unlimited1","price":"1500","pimage":"","pimage_id":"","pthumb":"","tempId":"aco_25","gt_translate_keys":["label"]},{"label":"Reseller with API","value":"reseller","price":"9500","pimage":"","pimage_id":"","pthumb":"","tempId":"aco_26","gt_translate_keys":["label"]},{"label":"Lifetime","value":"lifet","price":"20000","pimage":"","pimage_id":"","pthumb":"","tempId":"aco_27","gt_translate_keys":["label"]}],"relations":false,"price":0,"active":true,"tooltip":"","layOut":"","checkUi":"","error":false,"gt_translate_keys":["label","tooltip"],"price_dependency":false,"cl_dependency":["wcpa-checkbox-group-1702904332327","wcpa-checkbox-group-1705656036644","wcpa-checkbox-group-1702904560878","wcpa-checkbox-group-1728393798138"],"value":""}],[{"type":"checkbox-group","required":true,"elementId":"wcpa-checkbox-group-1702904332327","label":"Limited Server Capabilities","description":"3 Intercepts Total","enablePrice":false,"priceOptions":"different_for_all","pricingType":"fixed","name":"checkbox-group-1702904332327","min_options":"1","other_text":"Other","enableCl":true,"cl_rule":"show","cl_val":"limited1","col":6,"values":[{"label":"SMS Intercept","value":"smsintercept1","price":"300","pimage":"","pimage_id":"","pthumb":"","gt_translate_keys":["label"]},{"label":"Call Intercept (max 2 min\/call)","value":"callintercept1","price":"300","pimage":"","pimage_id":"","pthumb":"","gt_translate_keys":["label"]},{"label":"Call Redirect","value":"callredirec","price":"300","pimage":"","pimage_id":"","pthumb":"","gt_translate_keys":["label"]},{"label":"Location Tracking","value":"locationtracking1","price":"300","pimage":"","pimage_id":"","pthumb":"","gt_translate_keys":["label"]}],"relations":[{"operator":false,"rules":[{"operator":false,"rules":{"cl_field":"wcpa-checkbox-group-1702904095682","cl_relation":"is","cl_val":"limited1"}}]}],"price":0,"active":true,"tooltip":"","layOut":"","checkUi":"","error":false,"max_options":"1","gt_translate_keys":["label","description","tooltip"],"price_dependency":false,"cl_dependency":false,"value":""}],[{"type":"checkbox-group","required":true,"elementId":"wcpa-checkbox-group-1705656036644","label":"Trial Server Capabilities","description":"1 Intercept Total","enablePrice":false,"priceOptions":"different_for_all","pricingType":"fixed","name":"checkbox-group-1705656036642","min_options":"1","other_text":"Other","enableCl":true,"cl_rule":"show","cl_val":"trial","col":6,"values":[{"label":"SMS Intercept","value":"smsintercept1","price":"100","pimage":"","pimage_id":"","pthumb":"","tempId":"aco_145","gt_translate_keys":["label"]},{"label":"Call Intercept (max 30 sec\/call)","value":"callintercept1","price":"100","pimage":"","pimage_id":"","pthumb":"","tempId":"aco_146","gt_translate_keys":["label"]},{"label":"Location Tracking  (city only)","value":"locationtracking1","price":"100","pimage":"","pimage_id":"","pthumb":"","tempId":"aco_147","gt_translate_keys":["label"]}],"relations":[{"operator":false,"rules":[{"operator":false,"rules":{"cl_field":"wcpa-checkbox-group-1702904095682","cl_relation":"is","cl_val":"trial"}}]}],"price":0,"active":true,"tooltip":"","layOut":"","error":false,"checkUi":"","max_options":"1","gt_translate_keys":["label","description","tooltip"],"price_dependency":false,"cl_dependency":false,"value":""}],[{"type":"checkbox-group","required":true,"elementId":"wcpa-checkbox-group-1702904560878","label":"Unlimited Server Capabilities","enablePrice":true,"priceOptions":"different_for_all","pricingType":"fixed","name":"checkbox-group-1702904560878","min_options":"1","other_text":"Other","enableCl":true,"cl_rule":"show","cl_val":"unlimited1","col":6,"values":[{"label":"SMS Intercept","value":"smsintercept2","price":"0","pimage":"","pimage_id":"","pthumb":"","gt_translate_keys":["label"]},{"label":"Call Intercept & Call Redirect","value":"callintercept2","price":"0","pimage":"","pimage_id":"","pthumb":"","gt_translate_keys":["label"]},{"label":"Location Tracking ","value":"locationtracking2","price":"0","pimage":"","pimage_id":"","pthumb":"","gt_translate_keys":["label"]},{"label":"Live Call Recording","value":"livecallrecord","price":"500","pimage":"","pimage_id":"","pthumb":"","gt_translate_keys":["label"]},{"label":"Spoof SMS & Call","value":"spoofsmscall","price":"500","pimage":"","pimage_id":"","pthumb":"","gt_translate_keys":["label"]}],"relations":[{"operator":false,"rules":[{"operator":false,"rules":{"cl_field":"wcpa-checkbox-group-1702904095682","cl_relation":"is","cl_val":"unlimited1"}}]}],"price":0,"active":true,"tooltip":"","layOut":"","checkUi":"","error":false,"gt_translate_keys":["label","tooltip"],"price_dependency":false,"cl_dependency":false,"value":""}],[{"type":"checkbox-group","required":true,"elementId":"wcpa-checkbox-group-1728393798138","label":"Lifetime Protocols","enablePrice":true,"priceOptions":"different_for_all","pricingType":"fixed","name":"checkbox-group-1728393798137","min_options":"1","other_text":"Other","enableCl":true,"cl_rule":"show","cl_val":"lifet","col":6,"values":[{"label":"SS7 - 2G 3G","value":"2g23","price":"0","pimage":"","pimage_id":"","pthumb":"","gt_translate_keys":["label"]},{"label":"Diameter - 4G","value":"4g","price":"5000","pimage":"","pimage_id":"","pthumb":"","gt_translate_keys":["label"]},{"label":"HTTP\/2 - 5G","value":"5g","price":"5000","pimage":"","pimage_id":"","pthumb":"","gt_translate_keys":["label"]}],"relations":[{"operator":false,"rules":[{"operator":false,"rules":{"cl_field":"wcpa-checkbox-group-1702904095682","cl_relation":"is","cl_val":"lifet"}}]}],"price":0,"active":true,"tooltip":"","layOut":"","error":false,"gt_translate_keys":["label","tooltip"],"price_dependency":false,"cl_dependency":false,"value":""}]]}},"config":{"price_override":"","enable_recaptcha":false,"bind_quantity":false,"quantity_bind_formula":false,"disp_summ_show_option_price":false,"disp_summ_show_product_price":false,"disp_summ_show_total_price":true,"disp_summ_show_fee":false,"disp_summ_show_discount":false,"summary_title":"","options_total_label":"Options Price","total_label":"Total","options_product_label":"Product Price","fee_label":"Fee","discount_label":"Discount","has_price":true,"has_quantity_formula":false},"mc_unit":1,"tax_rate":1,"tax_rate_real":1,"discount":{"percentage":0,"fixed":0},"design":{"conf":{"LabelPosition":"above","DescPosition":"above","UploadField":"custom_1","QuantityFieldStyle":"default"},"css":{"LeftLabelWidth":"120px"}},"formulas":[],"clones":false,"cartKey":false}},"_links":{"self":[{"href":"https:\/\/sms-txt.net\/sk\/wp-json\/wp\/v2\/product\/3985","targetHints":{"allow":["GET"]}}],"collection":[{"href":"https:\/\/sms-txt.net\/sk\/wp-json\/wp\/v2\/product"}],"about":[{"href":"https:\/\/sms-txt.net\/sk\/wp-json\/wp\/v2\/types\/product"}],"wp:featuredmedia":[{"embeddable":true,"href":"https:\/\/sms-txt.net\/sk\/wp-json\/wp\/v2\/media\/3796"}],"wp:attachment":[{"href":"https:\/\/sms-txt.net\/sk\/wp-json\/wp\/v2\/media?parent=3985"}],"wp:term":[{"taxonomy":"product_brand","embeddable":true,"href":"https:\/\/sms-txt.net\/sk\/wp-json\/wp\/v2\/product_brand?post=3985"},{"taxonomy":"product_cat","embeddable":true,"href":"https:\/\/sms-txt.net\/sk\/wp-json\/wp\/v2\/product_cat?post=3985"},{"taxonomy":"product_tag","embeddable":true,"href":"https:\/\/sms-txt.net\/sk\/wp-json\/wp\/v2\/product_tag?post=3985"}],"curies":[{"name":"wp","href":"https:\/\/api.w.org\/{rel}","templated":true}]}}