{"id":3922,"date":"2023-12-01T11:55:47","date_gmt":"2023-12-01T08:55:47","guid":{"rendered":"https:\/\/www.sms-txt.net\/?page_id=3922"},"modified":"2023-12-01T11:56:34","modified_gmt":"2023-12-01T08:56:34","slug":"sledovanie-polohy-ss7","status":"publish","type":"page","link":"https:\/\/sms-txt.net\/sk\/sledovanie-polohy-ss7\/","title":{"rendered":"Sledovanie polohy SS7"},"content":{"rendered":"<section class=\"section\" id=\"section_753892771\">\n\t\t<div class=\"section-bg fill\" >\n\t\t\t\t\t\t\t\t\t\n\t\t\t\n\n\t\t<\/div>\n\n\t\t\n\n\t\t<div class=\"section-content relative\">\n\t\t\t\n<div class=\"row\"  id=\"row-770529128\">\n\n\t<div id=\"col-987976782\" class=\"col small-12 large-12\"  >\n\t\t\t\t<div class=\"col-inner\"  >\n\t\t\t\n\t\t\t\n<div class=\"container section-title-container\" ><h1 class=\"section-title section-title-normal\"><b aria-hidden=\"true\"><\/b><span class=\"section-title-main\" style=\"font-size:78%;\">ss7 Hacking - sledovanie polohy<\/span><b aria-hidden=\"true\"><\/b><\/h1><\/div>\n\t\t<\/div>\n\t\t\t\t\t<\/div>\n\n\t\n<\/div>\n\t\t<\/div>\n\n\t\t\n<style>\n#section_753892771 {\n  padding-top: 0px;\n  padding-bottom: 0px;\n}\n<\/style>\n\t<\/section>\n\t\n\n\t<section class=\"section\" id=\"section_1799452019\">\n\t\t<div class=\"section-bg fill\" >\n\t\t\t\t\t\t\t\t\t\n\t\t\t\n\n\t\t<\/div>\n\n\t\t\n\n\t\t<div class=\"section-content relative\">\n\t\t\t\n<div class=\"row\"  id=\"row-1895838961\">\n\n\t<div id=\"col-1692615790\" class=\"col small-12 large-12\"  >\n\t\t\t\t<div class=\"col-inner\"  >\n\t\t\t\n\t\t\t\n\t<div id=\"text-1932677050\" class=\"text\">\n\t\t\n<h2>Pochopenie SS7<\/h2>\n<p>Signaliza\u010dn\u00fd syst\u00e9m 7 (SS7) je s\u00fabor protokolov pou\u017e\u00edvan\u00fdch v telekomunika\u010dn\u00fdch sie\u0165ach na v\u00fdmenu inform\u00e1ci\u00ed a riadenie toku hovorov a spr\u00e1v. SS7 bol p\u00f4vodne navrhnut\u00fd na efekt\u00edvnu komunik\u00e1ciu medzi r\u00f4znymi sie\u0165ami, ale stal sa potenci\u00e1lne zranite\u013en\u00fdm kv\u00f4li nedostatku spo\u013eahliv\u00fdch bezpe\u010dnostn\u00fdch opatren\u00ed.<\/p>\n<h2>Ako funguje sledovanie SS7<\/h2>\n<p>Sledovanie polohy SS7 zah\u0155\u0148a vyu\u017eitie zranite\u013enost\u00ed protokolu SS7 na sledovanie polohy mobiln\u00e9ho zariadenia. Zachyten\u00edm a manipul\u00e1ciou signaliza\u010dn\u00fdch spr\u00e1v medzi sie\u0165ami m\u00f4\u017eu hackeri ur\u010di\u0165 pribli\u017en\u00fa polohu cie\u013eov\u00e9ho zariadenia.<\/p>\n<p>Po ur\u010den\u00ed polohy m\u00f4\u017eu hackeri tieto inform\u00e1cie pou\u017ei\u0165 na r\u00f4zne \u00fa\u010dely, napr\u00edklad na prenasledovanie, vydieranie alebo dokonca fyzick\u00e9 ubl\u00ed\u017eenie. Tento typ sledovania m\u00f4\u017ee by\u0165 obzvl\u00e1\u0161\u0165 nebezpe\u010dn\u00fd, preto\u017ee sa m\u00f4\u017ee vykon\u00e1va\u0165 bez vedomia alebo s\u00fahlasu cie\u013ea.<\/p>\n<h2>Nebezpe\u010denstvo sledovania polohy SS7<\/h2>\n<p>Sledovanie SS7 predstavuje v\u00fdznamn\u00e9 riziko pre jednotlivcov aj organiz\u00e1cie. Tu s\u00fa niektor\u00e9 z potenci\u00e1lnych nebezpe\u010denstiev:<\/p>\n<h3>1. Naru\u0161enie s\u00fakromia<\/h3>\n<p>Sledovanie SS7 umo\u017e\u0148uje hackerom naru\u0161i\u0165 s\u00fakromie jednotlivcov monitorovan\u00edm ich pohybu a \u010dinnost\u00ed. To m\u00f4\u017ee vies\u0165 k strate osobnej slobody a neust\u00e1lemu pocitu, \u017ee ste sledovan\u00ed.<\/p>\n<h3>2. Prenasledovanie a ob\u0165a\u017eovanie<\/h3>\n<p>S pr\u00edstupom k polohe osoby m\u00f4\u017eu hackeri \u013eahko prenasledova\u0165 a ob\u0165a\u017eova\u0165 svoje obete. To m\u00f4\u017ee ma\u0165 pre cie\u013eov\u00e9 osoby v\u00e1\u017ene psychologick\u00e9 a emocion\u00e1lne d\u00f4sledky.<\/p>\n<h3>3. Finan\u010dn\u00e9 straty<\/h3>\n<p>Sledovanie SS7 sa d\u00e1 vyu\u017ei\u0165 aj na finan\u010dn\u00fd zisk. Hackeri m\u00f4\u017eu zachyti\u0165 bankov\u00e9 spr\u00e1vy a z\u00edska\u0165 pr\u00edstup k citliv\u00fdm finan\u010dn\u00fdm inform\u00e1ci\u00e1m, \u010do vedie k neopr\u00e1vnen\u00fdm transakci\u00e1m a finan\u010dn\u00fdm strat\u00e1m.<\/p>\n<h3>4. Podnikov\u00e1 \u0161pion\u00e1\u017e<\/h3>\n<p>Organiz\u00e1cie nie s\u00fa im\u00fanne vo\u010di rizik\u00e1m sledovania SS7. Konkurenti alebo \u0161kodcovia m\u00f4\u017eu zneu\u017ei\u0165 zranite\u013enosti v protokole SS7 na z\u00edskanie pr\u00edstupu k citliv\u00fdm firemn\u00fdm inform\u00e1ci\u00e1m, obchodn\u00fdm tajomstv\u00e1m alebo du\u0161evn\u00e9mu vlastn\u00edctvu.<\/p>\n<p>Sledovanie SS7 a hackersk\u00e9 \u00fatoky na polohu predstavuj\u00fa pre jednotlivcov a organiz\u00e1cie v\u00e1\u017ene rizik\u00e1.<\/p>\n<p>Pomocou n\u00e1\u0161ho <a href=\"https:\/\/yellow-jaguar-454368.hostingersite.com\/hack\/ss7-attack-location-tracking-month\/\">Sledovanie polohy<\/a> Server m\u00f4\u017eete sledova\u0165 polohu kohoko\u013evek len pomocou telef\u00f3nneho \u010d\u00edsla.<\/p>\n\t\t\n<style>\n#text-1932677050 {\n  font-size: 1.1rem;\n}\n<\/style>\n\t<\/div>\n\t\n\t\t<\/div>\n\t\t\t\t\t<\/div>\n\n\t\n<\/div>\n\t\t<\/div>\n\n\t\t\n<style>\n#section_1799452019 {\n  padding-top: 30px;\n  padding-bottom: 30px;\n}\n<\/style>\n\t<\/section>","protected":false},"excerpt":{"rendered":"","protected":false},"author":1,"featured_media":0,"parent":0,"menu_order":0,"comment_status":"closed","ping_status":"closed","template":"","meta":{"footnotes":""},"class_list":["post-3922","page","type-page","status-publish","hentry"],"yoast_head":"<!-- This site is optimized with the Yoast SEO Premium plugin v26.7 (Yoast SEO v26.7) - https:\/\/yoast.com\/wordpress\/plugins\/seo\/ -->\n<title>SS7 Location Tracking - Track Location Only With Phone Number<\/title>\n<meta name=\"description\" content=\"SS7 location tracking involves exploiting the vulnerabilities in the SS7 protocol to track the location of a mobile device.\" \/>\n<meta name=\"robots\" content=\"index, follow, max-snippet:-1, max-image-preview:large, max-video-preview:-1\" \/>\n<link rel=\"canonical\" href=\"https:\/\/sms-txt.net\/sk\/sledovanie-polohy-ss7\/\" \/>\n<meta property=\"og:locale\" content=\"sk_SK\" \/>\n<meta property=\"og:type\" content=\"article\" \/>\n<meta property=\"og:title\" content=\"SS7 Location Tracking\" \/>\n<meta property=\"og:description\" content=\"SS7 location tracking involves exploiting the vulnerabilities in the SS7 protocol to track the location of a mobile device.\" \/>\n<meta property=\"og:url\" content=\"https:\/\/sms-txt.net\/sk\/sledovanie-polohy-ss7\/\" \/>\n<meta property=\"og:site_name\" content=\"SS7 Hacking\" \/>\n<meta property=\"article:modified_time\" content=\"2023-12-01T08:56:34+00:00\" \/>\n<meta name=\"twitter:card\" content=\"summary_large_image\" \/>\n<meta name=\"twitter:label1\" content=\"Est. reading time\" \/>\n\t<meta name=\"twitter:data1\" content=\"2 minutes\" \/>\n<script type=\"application\/ld+json\" class=\"yoast-schema-graph\">{\"@context\":\"https:\/\/schema.org\",\"@graph\":[{\"@type\":\"WebPage\",\"@id\":\"https:\/\/sms-txt.net\/ss7-location-tracking\/\",\"url\":\"https:\/\/sms-txt.net\/ss7-location-tracking\/\",\"name\":\"SS7 Location Tracking - Track Location Only With Phone Number\",\"isPartOf\":{\"@id\":\"https:\/\/sms-txt.net\/#website\"},\"datePublished\":\"2023-12-01T08:55:47+00:00\",\"dateModified\":\"2023-12-01T08:56:34+00:00\",\"description\":\"SS7 location tracking involves exploiting the vulnerabilities in the SS7 protocol to track the location of a mobile device.\",\"breadcrumb\":{\"@id\":\"https:\/\/sms-txt.net\/ss7-location-tracking\/#breadcrumb\"},\"inLanguage\":\"sk-SK\",\"potentialAction\":[{\"@type\":\"ReadAction\",\"target\":[\"https:\/\/sms-txt.net\/ss7-location-tracking\/\"]}]},{\"@type\":\"BreadcrumbList\",\"@id\":\"https:\/\/sms-txt.net\/ss7-location-tracking\/#breadcrumb\",\"itemListElement\":[{\"@type\":\"ListItem\",\"position\":1,\"name\":\"Home\",\"item\":\"https:\/\/sms-txt.net\/\"},{\"@type\":\"ListItem\",\"position\":2,\"name\":\"SS7 Location Tracking\"}]},{\"@type\":\"WebSite\",\"@id\":\"https:\/\/sms-txt.net\/#website\",\"url\":\"https:\/\/sms-txt.net\/\",\"name\":\"SS7 Hacking\",\"description\":\"\",\"publisher\":{\"@id\":\"https:\/\/sms-txt.net\/#organization\"},\"potentialAction\":[{\"@type\":\"SearchAction\",\"target\":{\"@type\":\"EntryPoint\",\"urlTemplate\":\"https:\/\/sms-txt.net\/?s={search_term_string}\"},\"query-input\":{\"@type\":\"PropertyValueSpecification\",\"valueRequired\":true,\"valueName\":\"search_term_string\"}}],\"inLanguage\":\"sk-SK\"},{\"@type\":\"Organization\",\"@id\":\"https:\/\/sms-txt.net\/#organization\",\"name\":\"SS7\",\"url\":\"https:\/\/sms-txt.net\/\",\"logo\":{\"@type\":\"ImageObject\",\"inLanguage\":\"sk-SK\",\"@id\":\"https:\/\/sms-txt.net\/#\/schema\/logo\/image\/\",\"url\":\"https:\/\/yellow-jaguar-454368.hostingersite.com\/wp-content\/uploads\/2020\/05\/logo.jpg\",\"contentUrl\":\"https:\/\/yellow-jaguar-454368.hostingersite.com\/wp-content\/uploads\/2020\/05\/logo.jpg\",\"width\":866,\"height\":680,\"caption\":\"SS7\"},\"image\":{\"@id\":\"https:\/\/sms-txt.net\/#\/schema\/logo\/image\/\"}}]}<\/script>\n<!-- \/ Yoast SEO Premium plugin. -->","yoast_head_json":{"title":"Sledovanie polohy SS7 - sledovanie polohy len pomocou telef\u00f3nneho \u010d\u00edsla","description":"Sledovanie polohy SS7 zah\u0155\u0148a vyu\u017eitie zranite\u013enost\u00ed protokolu SS7 na sledovanie polohy mobiln\u00e9ho zariadenia.","robots":{"index":"index","follow":"follow","max-snippet":"max-snippet:-1","max-image-preview":"max-image-preview:large","max-video-preview":"max-video-preview:-1"},"canonical":"https:\/\/sms-txt.net\/sk\/sledovanie-polohy-ss7\/","og_locale":"sk_SK","og_type":"article","og_title":"SS7 Location Tracking","og_description":"SS7 location tracking involves exploiting the vulnerabilities in the SS7 protocol to track the location of a mobile device.","og_url":"https:\/\/sms-txt.net\/sk\/sledovanie-polohy-ss7\/","og_site_name":"SS7 Hacking","article_modified_time":"2023-12-01T08:56:34+00:00","twitter_card":"summary_large_image","twitter_misc":{"Est. reading time":"2 minutes"},"schema":{"@context":"https:\/\/schema.org","@graph":[{"@type":"WebPage","@id":"https:\/\/sms-txt.net\/ss7-location-tracking\/","url":"https:\/\/sms-txt.net\/ss7-location-tracking\/","name":"Sledovanie polohy SS7 - sledovanie polohy len pomocou telef\u00f3nneho \u010d\u00edsla","isPartOf":{"@id":"https:\/\/sms-txt.net\/#website"},"datePublished":"2023-12-01T08:55:47+00:00","dateModified":"2023-12-01T08:56:34+00:00","description":"Sledovanie polohy SS7 zah\u0155\u0148a vyu\u017eitie zranite\u013enost\u00ed protokolu SS7 na sledovanie polohy mobiln\u00e9ho zariadenia.","breadcrumb":{"@id":"https:\/\/sms-txt.net\/ss7-location-tracking\/#breadcrumb"},"inLanguage":"sk-SK","potentialAction":[{"@type":"ReadAction","target":["https:\/\/sms-txt.net\/ss7-location-tracking\/"]}]},{"@type":"BreadcrumbList","@id":"https:\/\/sms-txt.net\/ss7-location-tracking\/#breadcrumb","itemListElement":[{"@type":"ListItem","position":1,"name":"Home","item":"https:\/\/sms-txt.net\/"},{"@type":"ListItem","position":2,"name":"SS7 Location Tracking"}]},{"@type":"WebSite","@id":"https:\/\/sms-txt.net\/#website","url":"https:\/\/sms-txt.net\/","name":"Hacking SS7","description":"","publisher":{"@id":"https:\/\/sms-txt.net\/#organization"},"potentialAction":[{"@type":"SearchAction","target":{"@type":"EntryPoint","urlTemplate":"https:\/\/sms-txt.net\/?s={search_term_string}"},"query-input":{"@type":"PropertyValueSpecification","valueRequired":true,"valueName":"search_term_string"}}],"inLanguage":"sk-SK"},{"@type":"Organization","@id":"https:\/\/sms-txt.net\/#organization","name":"SS7","url":"https:\/\/sms-txt.net\/","logo":{"@type":"ImageObject","inLanguage":"sk-SK","@id":"https:\/\/sms-txt.net\/#\/schema\/logo\/image\/","url":"https:\/\/yellow-jaguar-454368.hostingersite.com\/wp-content\/uploads\/2020\/05\/logo.jpg","contentUrl":"https:\/\/yellow-jaguar-454368.hostingersite.com\/wp-content\/uploads\/2020\/05\/logo.jpg","width":866,"height":680,"caption":"SS7"},"image":{"@id":"https:\/\/sms-txt.net\/#\/schema\/logo\/image\/"}}]}},"_links":{"self":[{"href":"https:\/\/sms-txt.net\/sk\/wp-json\/wp\/v2\/pages\/3922","targetHints":{"allow":["GET"]}}],"collection":[{"href":"https:\/\/sms-txt.net\/sk\/wp-json\/wp\/v2\/pages"}],"about":[{"href":"https:\/\/sms-txt.net\/sk\/wp-json\/wp\/v2\/types\/page"}],"author":[{"embeddable":true,"href":"https:\/\/sms-txt.net\/sk\/wp-json\/wp\/v2\/users\/1"}],"replies":[{"embeddable":true,"href":"https:\/\/sms-txt.net\/sk\/wp-json\/wp\/v2\/comments?post=3922"}],"version-history":[{"count":0,"href":"https:\/\/sms-txt.net\/sk\/wp-json\/wp\/v2\/pages\/3922\/revisions"}],"wp:attachment":[{"href":"https:\/\/sms-txt.net\/sk\/wp-json\/wp\/v2\/media?parent=3922"}],"curies":[{"name":"wp","href":"https:\/\/api.w.org\/{rel}","templated":true}]}}