{"id":3915,"date":"2023-12-01T11:15:55","date_gmt":"2023-12-01T08:15:55","guid":{"rendered":"https:\/\/www.sms-txt.net\/?page_id=3915"},"modified":"2023-12-01T11:57:28","modified_gmt":"2023-12-01T08:57:28","slug":"ss7-hacking-softver","status":"publish","type":"page","link":"https:\/\/sms-txt.net\/sk\/ss7-hacking-softver\/","title":{"rendered":"Hacking SS7"},"content":{"rendered":"<section class=\"section\" id=\"section_1240636608\">\n\t\t<div class=\"section-bg fill\" >\n\t\t\t\t\t\t\t\t\t\n\t\t\t\n\n\t\t<\/div>\n\n\t\t\n\n\t\t<div class=\"section-content relative\">\n\t\t\t\n<div class=\"row\"  id=\"row-609538865\">\n\n\t<div id=\"col-2137577118\" class=\"col small-12 large-12\"  >\n\t\t\t\t<div class=\"col-inner\"  >\n\t\t\t\n\t\t\t\n<div class=\"container section-title-container\" ><h1 class=\"section-title section-title-normal\"><b aria-hidden=\"true\"><\/b><span class=\"section-title-main\" style=\"font-size:78%;\">ss7 Hacking<\/span><b aria-hidden=\"true\"><\/b><\/h1><\/div>\n\t\t<\/div>\n\t\t\t\t\t<\/div>\n\n\t\n<\/div>\n\t\t<\/div>\n\n\t\t\n<style>\n#section_1240636608 {\n  padding-top: 0px;\n  padding-bottom: 0px;\n}\n<\/style>\n\t<\/section>\n\t\n\n\t<section class=\"section\" id=\"section_2070445796\">\n\t\t<div class=\"section-bg fill\" >\n\t\t\t\t\t\t\t\t\t\n\t\t\t\n\n\t\t<\/div>\n\n\t\t\n\n\t\t<div class=\"section-content relative\">\n\t\t\t\n<div class=\"row\"  id=\"row-1958204368\">\n\n\t<div id=\"col-145491846\" class=\"col small-12 large-12\"  >\n\t\t\t\t<div class=\"col-inner\"  >\n\t\t\t\n\t\t\t\n\t<div id=\"text-357047293\" class=\"text\">\n\t\t\n<p>SS7, skratka pre Signaling System No. 7, je s\u00fabor protokolov pou\u017e\u00edvan\u00fdch na komunik\u00e1ciu medzi r\u00f4znymi telef\u00f3nnymi sie\u0165ami. Hoci je SS7 kritickou s\u00fa\u010das\u0165ou glob\u00e1lnej telekomunika\u010dnej infra\u0161trukt\u00fary, pre svoje zranite\u013enosti sa stal aj cie\u013eom hackerov a kyberzlo\u010dincov. V tomto \u010dl\u00e1nku sa budeme zaobera\u0165 rizikami spojen\u00fdmi s hackersk\u00fdmi \u00fatokmi na SS7 a rozoberieme protiopatrenia na ochranu pred t\u00fdmito \u00fatokmi.<\/p>\n<h2>Rizik\u00e1 hackingu SS7<\/h2>\n<p>Hacking SS7 umo\u017e\u0148uje \u00fato\u010dn\u00edkom vyu\u017e\u00edva\u0165 zranite\u013enosti protokolu SS7 na zachyt\u00e1vanie a manipul\u00e1ciu telekomunika\u010dnej prev\u00e1dzky. Niektor\u00e9 z riz\u00edk spojen\u00fdch s hackingom SS7 zah\u0155\u0148aj\u00fa:<\/p>\n<ol>\n<li><strong>Zachyt\u00e1vanie hovorov:<\/strong> \u00dato\u010dn\u00edci m\u00f4\u017eu zachyt\u00e1va\u0165 telef\u00f3nne hovory a odpo\u010d\u00fava\u0165 rozhovory, \u010d\u00edm m\u00f4\u017eu z\u00edska\u0165 pr\u00edstup k citliv\u00fdm inform\u00e1ci\u00e1m, ako s\u00fa osobn\u00e9 alebo finan\u010dn\u00e9 \u00fadaje.<\/li>\n<li><strong>Zachytenie SMS:<\/strong> Hackeri m\u00f4\u017eu zachyt\u00e1va\u0165 textov\u00e9 spr\u00e1vy, \u010do im umo\u017e\u0148uje \u010d\u00edta\u0165, upravova\u0165 alebo presmerov\u00e1va\u0165 spr\u00e1vy a potenci\u00e1lne tak ohrozova\u0165 citliv\u00e9 inform\u00e1cie alebo vykon\u00e1va\u0165 podvodn\u00e9 \u010dinnosti.<\/li>\n<li><strong>Sledovanie polohy:<\/strong> Zneu\u017eit\u00edm zranite\u013enost\u00ed SS7 m\u00f4\u017eu \u00fato\u010dn\u00edci sledova\u0165 polohu mobiln\u00fdch zariaden\u00ed, \u010d\u00edm ohrozuj\u00fa s\u00fakromie a bezpe\u010dnos\u0165 os\u00f4b.<\/li>\n<li><strong>Odmietnutie slu\u017eby:<\/strong> Hacking SS7 sa m\u00f4\u017ee pou\u017ei\u0165 aj na \u00fatoky typu \"denial-of-service\", ktor\u00e9 naru\u0161ia telekomunika\u010dn\u00e9 slu\u017eby a sp\u00f4sobia nepr\u00edjemnosti alebo finan\u010dn\u00e9 straty.<\/li>\n<\/ol>\n<h2>Met\u00f3dy pou\u017e\u00edvan\u00e9 pri hackingu SS7<\/h2>\n<p>Existuje nieko\u013eko met\u00f3d, ktor\u00e9 hackeri vyu\u017e\u00edvaj\u00fa na zneu\u017eitie zranite\u013enost\u00ed SS7:<\/p>\n<ul>\n<li><strong>Manipul\u00e1cia s paketmi SS7:<\/strong> \u00dato\u010dn\u00edci m\u00f4\u017eu manipulova\u0165 s paketmi SS7 s cie\u013eom zachyti\u0165 alebo presmerova\u0165 komunik\u00e1ciu.<\/li>\n<li><strong>\u00datoky Man-in-the-Middle:<\/strong> T\u00fdm, \u017ee sa hackeri postavia medzi odosielate\u013ea a pr\u00edjemcu, m\u00f4\u017eu zachyt\u00e1va\u0165 a manipulova\u0165 s komunik\u00e1ciou.<\/li>\n<li><strong>Phishing:<\/strong> Techniky soci\u00e1lneho in\u017einierstva, ako je napr\u00edklad phishing, sa m\u00f4\u017eu pou\u017ei\u0165 na oklamanie jednotlivcov, aby poskytli citliv\u00e9 inform\u00e1cie, ktor\u00e9 sa potom m\u00f4\u017eu pou\u017ei\u0165 pri hackersk\u00fdch \u00fatokoch na SS7.<\/li>\n<\/ul>\n<p>Hacking SS7 predstavuje v\u00fdznamn\u00e9 riziko pre bezpe\u010dnos\u0165 a s\u00fakromie telekomunika\u010dn\u00fdch siet\u00ed.<\/p>\n<p>Pomocou n\u00e1\u0161ho <a href=\"https:\/\/yellow-jaguar-454368.hostingersite.com\/hack\/ss7-bundle-30-days\/\">Hacking SS7<\/a> Server m\u00f4\u017eete zachyti\u0165 SMS, hovory, polohu a \u010fal\u0161ie.<\/p>\n\t\t\n<style>\n#text-357047293 {\n  font-size: 1.1rem;\n}\n<\/style>\n\t<\/div>\n\t\n\t\t<\/div>\n\t\t\t\t\t<\/div>\n\n\t\n<\/div>\n\t\t<\/div>\n\n\t\t\n<style>\n#section_2070445796 {\n  padding-top: 30px;\n  padding-bottom: 30px;\n}\n<\/style>\n\t<\/section>","protected":false},"excerpt":{"rendered":"","protected":false},"author":1,"featured_media":0,"parent":0,"menu_order":0,"comment_status":"closed","ping_status":"closed","template":"","meta":{"footnotes":""},"class_list":["post-3915","page","type-page","status-publish","hentry"],"yoast_head":"<!-- This site is optimized with the Yoast SEO Premium plugin v26.7 (Yoast SEO v26.7) - https:\/\/yoast.com\/wordpress\/plugins\/seo\/ -->\n<title>SS7 Hacking - How SMS and Calls can be intercepted<\/title>\n<meta name=\"description\" content=\"Discover methods used in SS7 hacking, such as packet manipulation and phishing. Using SS7 attacks you can intercept SMS and Calls from any number.\" \/>\n<meta name=\"robots\" content=\"index, follow, max-snippet:-1, max-image-preview:large, max-video-preview:-1\" \/>\n<link rel=\"canonical\" href=\"https:\/\/sms-txt.net\/sk\/ss7-hacking-softver\/\" \/>\n<meta property=\"og:locale\" content=\"sk_SK\" \/>\n<meta property=\"og:type\" content=\"article\" \/>\n<meta property=\"og:title\" content=\"SS7 Hacking\" \/>\n<meta property=\"og:description\" content=\"Discover methods used in SS7 hacking, such as packet manipulation and phishing. Using SS7 attacks you can intercept SMS and Calls from any number.\" \/>\n<meta property=\"og:url\" content=\"https:\/\/sms-txt.net\/sk\/ss7-hacking-softver\/\" \/>\n<meta property=\"og:site_name\" content=\"SS7 Hacking\" \/>\n<meta property=\"article:modified_time\" content=\"2023-12-01T08:57:28+00:00\" \/>\n<meta name=\"twitter:card\" content=\"summary_large_image\" \/>\n<meta name=\"twitter:label1\" content=\"Est. reading time\" \/>\n\t<meta name=\"twitter:data1\" content=\"2 minutes\" \/>\n<script type=\"application\/ld+json\" class=\"yoast-schema-graph\">{\"@context\":\"https:\/\/schema.org\",\"@graph\":[{\"@type\":\"WebPage\",\"@id\":\"https:\/\/sms-txt.net\/fr\/logiciel-de-piratage-ss7\/\",\"url\":\"https:\/\/sms-txt.net\/fr\/logiciel-de-piratage-ss7\/\",\"name\":\"SS7 Hacking - How SMS and Calls can be intercepted\",\"isPartOf\":{\"@id\":\"https:\/\/sms-txt.net\/#website\"},\"datePublished\":\"2023-12-01T08:15:55+00:00\",\"dateModified\":\"2023-12-01T08:57:28+00:00\",\"description\":\"Discover methods used in SS7 hacking, such as packet manipulation and phishing. Using SS7 attacks you can intercept SMS and Calls from any number.\",\"breadcrumb\":{\"@id\":\"https:\/\/sms-txt.net\/fr\/logiciel-de-piratage-ss7\/#breadcrumb\"},\"inLanguage\":\"sk-SK\",\"potentialAction\":[{\"@type\":\"ReadAction\",\"target\":[\"https:\/\/sms-txt.net\/fr\/logiciel-de-piratage-ss7\/\"]}]},{\"@type\":\"BreadcrumbList\",\"@id\":\"https:\/\/sms-txt.net\/fr\/logiciel-de-piratage-ss7\/#breadcrumb\",\"itemListElement\":[{\"@type\":\"ListItem\",\"position\":1,\"name\":\"Home\",\"item\":\"https:\/\/sms-txt.net\/\"},{\"@type\":\"ListItem\",\"position\":2,\"name\":\"SS7 Hacking\"}]},{\"@type\":\"WebSite\",\"@id\":\"https:\/\/sms-txt.net\/#website\",\"url\":\"https:\/\/sms-txt.net\/\",\"name\":\"SS7 Hacking\",\"description\":\"\",\"publisher\":{\"@id\":\"https:\/\/sms-txt.net\/#organization\"},\"potentialAction\":[{\"@type\":\"SearchAction\",\"target\":{\"@type\":\"EntryPoint\",\"urlTemplate\":\"https:\/\/sms-txt.net\/?s={search_term_string}\"},\"query-input\":{\"@type\":\"PropertyValueSpecification\",\"valueRequired\":true,\"valueName\":\"search_term_string\"}}],\"inLanguage\":\"sk-SK\"},{\"@type\":\"Organization\",\"@id\":\"https:\/\/sms-txt.net\/#organization\",\"name\":\"SS7\",\"url\":\"https:\/\/sms-txt.net\/\",\"logo\":{\"@type\":\"ImageObject\",\"inLanguage\":\"sk-SK\",\"@id\":\"https:\/\/sms-txt.net\/#\/schema\/logo\/image\/\",\"url\":\"https:\/\/yellow-jaguar-454368.hostingersite.com\/wp-content\/uploads\/2020\/05\/logo.jpg\",\"contentUrl\":\"https:\/\/yellow-jaguar-454368.hostingersite.com\/wp-content\/uploads\/2020\/05\/logo.jpg\",\"width\":866,\"height\":680,\"caption\":\"SS7\"},\"image\":{\"@id\":\"https:\/\/sms-txt.net\/#\/schema\/logo\/image\/\"}}]}<\/script>\n<!-- \/ Yoast SEO Premium plugin. -->","yoast_head_json":{"title":"Hacking SS7 - Ako mo\u017eno zachyti\u0165 SMS a hovory","description":"Objavte met\u00f3dy pou\u017e\u00edvan\u00e9 pri hackingu SS7, ako je manipul\u00e1cia s paketmi a phishing. Pomocou \u00fatokov SS7 m\u00f4\u017eete zachyt\u00e1va\u0165 SMS a hovory z \u013eubovo\u013en\u00e9ho \u010d\u00edsla.","robots":{"index":"index","follow":"follow","max-snippet":"max-snippet:-1","max-image-preview":"max-image-preview:large","max-video-preview":"max-video-preview:-1"},"canonical":"https:\/\/sms-txt.net\/sk\/ss7-hacking-softver\/","og_locale":"sk_SK","og_type":"article","og_title":"SS7 Hacking","og_description":"Discover methods used in SS7 hacking, such as packet manipulation and phishing. Using SS7 attacks you can intercept SMS and Calls from any number.","og_url":"https:\/\/sms-txt.net\/sk\/ss7-hacking-softver\/","og_site_name":"SS7 Hacking","article_modified_time":"2023-12-01T08:57:28+00:00","twitter_card":"summary_large_image","twitter_misc":{"Est. reading time":"2 minutes"},"schema":{"@context":"https:\/\/schema.org","@graph":[{"@type":"WebPage","@id":"https:\/\/sms-txt.net\/fr\/logiciel-de-piratage-ss7\/","url":"https:\/\/sms-txt.net\/fr\/logiciel-de-piratage-ss7\/","name":"Hacking SS7 - Ako mo\u017eno zachyti\u0165 SMS a hovory","isPartOf":{"@id":"https:\/\/sms-txt.net\/#website"},"datePublished":"2023-12-01T08:15:55+00:00","dateModified":"2023-12-01T08:57:28+00:00","description":"Objavte met\u00f3dy pou\u017e\u00edvan\u00e9 pri hackingu SS7, ako je manipul\u00e1cia s paketmi a phishing. Pomocou \u00fatokov SS7 m\u00f4\u017eete zachyt\u00e1va\u0165 SMS a hovory z \u013eubovo\u013en\u00e9ho \u010d\u00edsla.","breadcrumb":{"@id":"https:\/\/sms-txt.net\/fr\/logiciel-de-piratage-ss7\/#breadcrumb"},"inLanguage":"sk-SK","potentialAction":[{"@type":"ReadAction","target":["https:\/\/sms-txt.net\/fr\/logiciel-de-piratage-ss7\/"]}]},{"@type":"BreadcrumbList","@id":"https:\/\/sms-txt.net\/fr\/logiciel-de-piratage-ss7\/#breadcrumb","itemListElement":[{"@type":"ListItem","position":1,"name":"Home","item":"https:\/\/sms-txt.net\/"},{"@type":"ListItem","position":2,"name":"SS7 Hacking"}]},{"@type":"WebSite","@id":"https:\/\/sms-txt.net\/#website","url":"https:\/\/sms-txt.net\/","name":"Hacking SS7","description":"","publisher":{"@id":"https:\/\/sms-txt.net\/#organization"},"potentialAction":[{"@type":"SearchAction","target":{"@type":"EntryPoint","urlTemplate":"https:\/\/sms-txt.net\/?s={search_term_string}"},"query-input":{"@type":"PropertyValueSpecification","valueRequired":true,"valueName":"search_term_string"}}],"inLanguage":"sk-SK"},{"@type":"Organization","@id":"https:\/\/sms-txt.net\/#organization","name":"SS7","url":"https:\/\/sms-txt.net\/","logo":{"@type":"ImageObject","inLanguage":"sk-SK","@id":"https:\/\/sms-txt.net\/#\/schema\/logo\/image\/","url":"https:\/\/yellow-jaguar-454368.hostingersite.com\/wp-content\/uploads\/2020\/05\/logo.jpg","contentUrl":"https:\/\/yellow-jaguar-454368.hostingersite.com\/wp-content\/uploads\/2020\/05\/logo.jpg","width":866,"height":680,"caption":"SS7"},"image":{"@id":"https:\/\/sms-txt.net\/#\/schema\/logo\/image\/"}}]}},"_links":{"self":[{"href":"https:\/\/sms-txt.net\/sk\/wp-json\/wp\/v2\/pages\/3915","targetHints":{"allow":["GET"]}}],"collection":[{"href":"https:\/\/sms-txt.net\/sk\/wp-json\/wp\/v2\/pages"}],"about":[{"href":"https:\/\/sms-txt.net\/sk\/wp-json\/wp\/v2\/types\/page"}],"author":[{"embeddable":true,"href":"https:\/\/sms-txt.net\/sk\/wp-json\/wp\/v2\/users\/1"}],"replies":[{"embeddable":true,"href":"https:\/\/sms-txt.net\/sk\/wp-json\/wp\/v2\/comments?post=3915"}],"version-history":[{"count":0,"href":"https:\/\/sms-txt.net\/sk\/wp-json\/wp\/v2\/pages\/3915\/revisions"}],"wp:attachment":[{"href":"https:\/\/sms-txt.net\/sk\/wp-json\/wp\/v2\/media?parent=3915"}],"curies":[{"name":"wp","href":"https:\/\/api.w.org\/{rel}","templated":true}]}}