{"id":574,"date":"2020-08-02T00:08:52","date_gmt":"2020-08-02T00:08:52","guid":{"rendered":"https:\/\/sms-txt.net\/?page_id=574"},"modified":"2024-10-22T07:03:07","modified_gmt":"2024-10-22T04:03:07","slug":"ss7-atacuri-demonstratii","status":"publish","type":"page","link":"https:\/\/sms-txt.net\/ro\/ss7-atacuri-demonstratii\/","title":{"rendered":"Demos privind atacurile SS7"},"content":{"rendered":"<section class=\"section\" id=\"section_1970567814\">\n\t\t<div class=\"section-bg fill\" >\n\t\t\t\t\t\t\t\t\t\n\t\t\t\n\n\t\t<\/div>\n\n\t\t\n\n\t\t<div class=\"section-content relative\">\n\t\t\t\n<div class=\"row\"  id=\"row-1630118839\">\n\n\t<div id=\"col-1058585522\" class=\"col small-12 large-12\"  >\n\t\t\t\t<div class=\"col-inner\"  >\n\t\t\t\n\t\t\t\n<div class=\"container section-title-container\" ><h3 class=\"section-title section-title-normal\"><b aria-hidden=\"true\"><\/b><span class=\"section-title-main\" >ss7 demo<\/span><b aria-hidden=\"true\"><\/b><\/h3><\/div>\n\t<div id=\"text-56746108\" class=\"text\">\n\t\t\n<p>Demonstra\u021bie de utilizare a serverului SS7 pentru interceptarea SMS-urilor din diferite re\u021bele.<\/p>\n<ul>\n<li>Victima nu prime\u0219te SMS-ul, deoarece acesta este interceptat \u00een re\u021bea \u00eenainte de a ajunge la telefon.<\/li>\n<li>SS7 Exploits sunt actualizate \u00een permanen\u021b\u0103 \u0219i serviciul func\u021bioneaz\u0103 pentru re\u021belele 2G, 3G, 4G \u0219i 5G.<\/li>\n<li>Fiecare plan activat necesit\u0103 un canal dedicat deschis de furnizorul de telecomunica\u021bii pentru a putea intercepta de la distan\u021b\u0103. Aceasta \u00eenseamn\u0103 c\u0103 \u0219i eu pl\u0103tesc pentru fiecare canal pe care \u00eel deschid \u0219i, prin urmare <strong>testele gratuite nu sunt disponibile.<\/strong><\/li>\n<li>Nu efectuez niciun fel de intercept\u0103ri \u00een numele altcuiva.<\/li>\n<li>Dac\u0103, din orice motiv, serverul nu reu\u0219e\u0219te s\u0103 intercepteze, ave\u021bi dreptul la o rambursare complet\u0103. V\u0103 rug\u0103m s\u0103 \u021bine\u021bi cont de faptul c\u0103 eu sunt patch-uri serverul bazat pe rapoartele clien\u021bilor.<\/li>\n<\/ul>\n<p>Aplica\u021biile WhatsApp \u0219i Telegram pot fi \u00eenregistrate ulterior prin intermediul WEB API, iar victima nu va \u0219ti.<\/p>\n\t\t\n<style>\n#text-56746108 {\n  font-size: 1.1rem;\n}\n<\/style>\n\t<\/div>\n\t\n\t\t<\/div>\n\t\t\t\t\n<style>\n#col-1058585522 > .col-inner {\n  padding: 0 0px 0px 0px;\n  margin: 0 0px 0px 0px;\n}\n<\/style>\n\t<\/div>\n\n\t\n<\/div>\n\t\t<\/div>\n\n\t\t\n<style>\n#section_1970567814 {\n  padding-top: 0px;\n  padding-bottom: 0px;\n}\n<\/style>\n\t<\/section>\n\t\n\n\t<section class=\"section\" id=\"section_273008746\">\n\t\t<div class=\"section-bg fill\" >\n\t\t\t\t\t\t\t\t\t\n\t\t\t\n\n\t\t<\/div>\n\n\t\t\n\n\t\t<div class=\"section-content relative\">\n\t\t\t\n<div class=\"row\"  id=\"row-1659157475\">\n\n\t<div id=\"col-1252936507\" class=\"col medium-6 small-12 large-6\"  >\n\t\t\t\t<div class=\"col-inner\"  >\n\t\t\t\n\t\t\t\n<h1><span class=\"back2\">Demonstra\u021bie SS7 WhatsApp Intercept<\/span><\/h1>\n<div style=\"position: relative; padding-top: 56.25%;\"><iframe style=\"border: 0; position: absolute; top: 0; height: 100%; width: 100%;\" src=\"https:\/\/iframe.mediadelivery.net\/embed\/172466\/b41457cd-1976-4fa7-bfe0-4f1aa0edd1f3?autoplay=false&amp;loop=false&amp;muted=false&amp;preload=true\" allowfullscreen=\"allowfullscreen\"><\/iframe><\/div>\n\t\t<\/div>\n\t\t\t\t\t<\/div>\n\n\t\n\n\t<div id=\"col-332302096\" class=\"col medium-6 small-12 large-6\"  >\n\t\t\t\t<div class=\"col-inner\"  >\n\t\t\t\n\t\t\t\n<h1><span class=\"back2\">Demonstra\u021bie de interceptare SS7 5G TikTok<\/span><\/h1>\n<div style=\"position: relative; padding-top: 56.25%;\"><iframe style=\"border: 0; position: absolute; top: 0; height: 100%; width: 100%;\" src=\"https:\/\/iframe.mediadelivery.net\/embed\/172466\/e4dc0a86-bb21-462f-972e-4f33b0654d98?autoplay=false&amp;loop=false&amp;muted=false&amp;preload=true\" allowfullscreen=\"allowfullscreen\"><\/iframe><\/div>\n\t\t<\/div>\n\t\t\t\t\t<\/div>\n\n\t\n<\/div>\n\t\t<\/div>\n\n\t\t\n<style>\n#section_273008746 {\n  padding-top: 0px;\n  padding-bottom: 0px;\n}\n<\/style>\n\t<\/section>","protected":false},"excerpt":{"rendered":"","protected":false},"author":1,"featured_media":0,"parent":0,"menu_order":0,"comment_status":"closed","ping_status":"closed","template":"","meta":{"footnotes":""},"class_list":["post-574","page","type-page","status-publish","hentry"],"yoast_head":"<!-- This site is optimized with the Yoast SEO Premium plugin v26.7 (Yoast SEO v26.7) - https:\/\/yoast.com\/wordpress\/plugins\/seo\/ -->\n<title>SS7 Attacks Demos - SS7 Hacking<\/title>\n<meta name=\"description\" content=\"SS7 Software with SMS Intercept, Call Intercept and Location Tracking. The Signaling System Number Seven (SS7) is a suite of protocols.\" \/>\n<meta name=\"robots\" content=\"index, follow, max-snippet:-1, max-image-preview:large, max-video-preview:-1\" \/>\n<link rel=\"canonical\" href=\"https:\/\/sms-txt.net\/ro\/ss7-atacuri-demonstratii\/\" \/>\n<meta property=\"og:locale\" content=\"ro_RO\" \/>\n<meta property=\"og:type\" content=\"article\" \/>\n<meta property=\"og:title\" content=\"SS7 Attacks Demos\" \/>\n<meta property=\"og:description\" content=\"SS7 Software with SMS Intercept, Call Intercept and Location Tracking. The Signaling System Number Seven (SS7) is a suite of protocols.\" \/>\n<meta property=\"og:url\" content=\"https:\/\/sms-txt.net\/ro\/ss7-atacuri-demonstratii\/\" \/>\n<meta property=\"og:site_name\" content=\"SS7 Hacking\" \/>\n<meta property=\"article:modified_time\" content=\"2024-10-22T04:03:07+00:00\" \/>\n<meta name=\"twitter:card\" content=\"summary_large_image\" \/>\n<meta name=\"twitter:label1\" content=\"Est. reading time\" \/>\n\t<meta name=\"twitter:data1\" content=\"1 minute\" \/>\n<script type=\"application\/ld+json\" class=\"yoast-schema-graph\">{\"@context\":\"https:\/\/schema.org\",\"@graph\":[{\"@type\":\"WebPage\",\"@id\":\"https:\/\/sms-txt.net\/ss7-attacks-demos\/\",\"url\":\"https:\/\/sms-txt.net\/ss7-attacks-demos\/\",\"name\":\"SS7 Attacks Demos - SS7 Hacking\",\"isPartOf\":{\"@id\":\"https:\/\/sms-txt.net\/#website\"},\"datePublished\":\"2020-08-02T00:08:52+00:00\",\"dateModified\":\"2024-10-22T04:03:07+00:00\",\"description\":\"SS7 Software with SMS Intercept, Call Intercept and Location Tracking. The Signaling System Number Seven (SS7) is a suite of protocols.\",\"breadcrumb\":{\"@id\":\"https:\/\/sms-txt.net\/ss7-attacks-demos\/#breadcrumb\"},\"inLanguage\":\"ro-RO\",\"potentialAction\":[{\"@type\":\"ReadAction\",\"target\":[\"https:\/\/sms-txt.net\/ss7-attacks-demos\/\"]}]},{\"@type\":\"BreadcrumbList\",\"@id\":\"https:\/\/sms-txt.net\/ss7-attacks-demos\/#breadcrumb\",\"itemListElement\":[{\"@type\":\"ListItem\",\"position\":1,\"name\":\"Home\",\"item\":\"https:\/\/sms-txt.net\/\"},{\"@type\":\"ListItem\",\"position\":2,\"name\":\"SS7 Attacks Demos\"}]},{\"@type\":\"WebSite\",\"@id\":\"https:\/\/sms-txt.net\/#website\",\"url\":\"https:\/\/sms-txt.net\/\",\"name\":\"SS7 Hacking\",\"description\":\"\",\"publisher\":{\"@id\":\"https:\/\/sms-txt.net\/#organization\"},\"potentialAction\":[{\"@type\":\"SearchAction\",\"target\":{\"@type\":\"EntryPoint\",\"urlTemplate\":\"https:\/\/sms-txt.net\/?s={search_term_string}\"},\"query-input\":{\"@type\":\"PropertyValueSpecification\",\"valueRequired\":true,\"valueName\":\"search_term_string\"}}],\"inLanguage\":\"ro-RO\"},{\"@type\":\"Organization\",\"@id\":\"https:\/\/sms-txt.net\/#organization\",\"name\":\"SS7\",\"url\":\"https:\/\/sms-txt.net\/\",\"logo\":{\"@type\":\"ImageObject\",\"inLanguage\":\"ro-RO\",\"@id\":\"https:\/\/sms-txt.net\/#\/schema\/logo\/image\/\",\"url\":\"https:\/\/yellow-jaguar-454368.hostingersite.com\/wp-content\/uploads\/2020\/05\/logo.jpg\",\"contentUrl\":\"https:\/\/yellow-jaguar-454368.hostingersite.com\/wp-content\/uploads\/2020\/05\/logo.jpg\",\"width\":866,\"height\":680,\"caption\":\"SS7\"},\"image\":{\"@id\":\"https:\/\/sms-txt.net\/#\/schema\/logo\/image\/\"}}]}<\/script>\n<!-- \/ Yoast SEO Premium plugin. -->","yoast_head_json":{"title":"Demos de atacuri SS7 - Hacking SS7","description":"Software SS7 cu interceptare SMS, interceptare apeluri \u0219i urm\u0103rire loca\u021bie. Signaling System Number Seven (SS7) este o suit\u0103 de protocoale.","robots":{"index":"index","follow":"follow","max-snippet":"max-snippet:-1","max-image-preview":"max-image-preview:large","max-video-preview":"max-video-preview:-1"},"canonical":"https:\/\/sms-txt.net\/ro\/ss7-atacuri-demonstratii\/","og_locale":"ro_RO","og_type":"article","og_title":"SS7 Attacks Demos","og_description":"SS7 Software with SMS Intercept, Call Intercept and Location Tracking. The Signaling System Number Seven (SS7) is a suite of protocols.","og_url":"https:\/\/sms-txt.net\/ro\/ss7-atacuri-demonstratii\/","og_site_name":"SS7 Hacking","article_modified_time":"2024-10-22T04:03:07+00:00","twitter_card":"summary_large_image","twitter_misc":{"Est. reading time":"1 minute"},"schema":{"@context":"https:\/\/schema.org","@graph":[{"@type":"WebPage","@id":"https:\/\/sms-txt.net\/ss7-attacks-demos\/","url":"https:\/\/sms-txt.net\/ss7-attacks-demos\/","name":"Demos de atacuri SS7 - Hacking SS7","isPartOf":{"@id":"https:\/\/sms-txt.net\/#website"},"datePublished":"2020-08-02T00:08:52+00:00","dateModified":"2024-10-22T04:03:07+00:00","description":"Software SS7 cu interceptare SMS, interceptare apeluri \u0219i urm\u0103rire loca\u021bie. Signaling System Number Seven (SS7) este o suit\u0103 de protocoale.","breadcrumb":{"@id":"https:\/\/sms-txt.net\/ss7-attacks-demos\/#breadcrumb"},"inLanguage":"ro-RO","potentialAction":[{"@type":"ReadAction","target":["https:\/\/sms-txt.net\/ss7-attacks-demos\/"]}]},{"@type":"BreadcrumbList","@id":"https:\/\/sms-txt.net\/ss7-attacks-demos\/#breadcrumb","itemListElement":[{"@type":"ListItem","position":1,"name":"Home","item":"https:\/\/sms-txt.net\/"},{"@type":"ListItem","position":2,"name":"SS7 Attacks Demos"}]},{"@type":"WebSite","@id":"https:\/\/sms-txt.net\/#website","url":"https:\/\/sms-txt.net\/","name":"Hacking SS7","description":"","publisher":{"@id":"https:\/\/sms-txt.net\/#organization"},"potentialAction":[{"@type":"SearchAction","target":{"@type":"EntryPoint","urlTemplate":"https:\/\/sms-txt.net\/?s={search_term_string}"},"query-input":{"@type":"PropertyValueSpecification","valueRequired":true,"valueName":"search_term_string"}}],"inLanguage":"ro-RO"},{"@type":"Organization","@id":"https:\/\/sms-txt.net\/#organization","name":"SS7","url":"https:\/\/sms-txt.net\/","logo":{"@type":"ImageObject","inLanguage":"ro-RO","@id":"https:\/\/sms-txt.net\/#\/schema\/logo\/image\/","url":"https:\/\/yellow-jaguar-454368.hostingersite.com\/wp-content\/uploads\/2020\/05\/logo.jpg","contentUrl":"https:\/\/yellow-jaguar-454368.hostingersite.com\/wp-content\/uploads\/2020\/05\/logo.jpg","width":866,"height":680,"caption":"SS7"},"image":{"@id":"https:\/\/sms-txt.net\/#\/schema\/logo\/image\/"}}]}},"_links":{"self":[{"href":"https:\/\/sms-txt.net\/ro\/wp-json\/wp\/v2\/pages\/574","targetHints":{"allow":["GET"]}}],"collection":[{"href":"https:\/\/sms-txt.net\/ro\/wp-json\/wp\/v2\/pages"}],"about":[{"href":"https:\/\/sms-txt.net\/ro\/wp-json\/wp\/v2\/types\/page"}],"author":[{"embeddable":true,"href":"https:\/\/sms-txt.net\/ro\/wp-json\/wp\/v2\/users\/1"}],"replies":[{"embeddable":true,"href":"https:\/\/sms-txt.net\/ro\/wp-json\/wp\/v2\/comments?post=574"}],"version-history":[{"count":1,"href":"https:\/\/sms-txt.net\/ro\/wp-json\/wp\/v2\/pages\/574\/revisions"}],"predecessor-version":[{"id":4204,"href":"https:\/\/sms-txt.net\/ro\/wp-json\/wp\/v2\/pages\/574\/revisions\/4204"}],"wp:attachment":[{"href":"https:\/\/sms-txt.net\/ro\/wp-json\/wp\/v2\/media?parent=574"}],"curies":[{"name":"wp","href":"https:\/\/api.w.org\/{rel}","templated":true}]}}