{"id":3891,"date":"2023-11-28T21:02:36","date_gmt":"2023-11-28T18:02:36","guid":{"rendered":"https:\/\/www.sms-txt.net\/?page_id=3891"},"modified":"2025-12-01T19:14:58","modified_gmt":"2025-12-01T16:14:58","slug":"ss7-hacking-contact","status":"publish","type":"page","link":"https:\/\/sms-txt.net\/ro\/ss7-hacking-contact\/","title":{"rendered":"Persoan\u0103 de contact"},"content":{"rendered":"<section class=\"section\" id=\"section_572652455\">\n\t\t<div class=\"section-bg fill\" >\n\t\t\t\t\t\t\t\t\t\n\t\t\t\n\n\t\t<\/div>\n\n\t\t\n\n\t\t<div class=\"section-content relative\">\n\t\t\t\n<div class=\"row row-collapse\"  id=\"row-1329768217\">\n\n\t<div id=\"col-1003268667\" class=\"col small-12 large-12\"  >\n\t\t\t\t<div class=\"col-inner\"  >\n\t\t\t\n\t\t\t\n<div class=\"container section-title-container\" ><h3 class=\"section-title section-title-normal\"><b aria-hidden=\"true\"><\/b><span class=\"section-title-main\" >Persoan\u0103 de contact<\/span><b aria-hidden=\"true\"><\/b><\/h3><\/div>\n\t\t<\/div>\n\t\t\t\t\n<style>\n#col-1003268667 > .col-inner {\n  padding: 0px 0px 0px 0px;\n  margin: 0px 0px 0px 0px;\n}\n<\/style>\n\t<\/div>\n\n\t\n\n<style>\n#row-1329768217 > .col > .col-inner {\n  padding: 0px 0px 0px 0px;\n}\n<\/style>\n<\/div>\n\t\t<\/div>\n\n\t\t\n<style>\n#section_572652455 {\n  padding-top: 0px;\n  padding-bottom: 0px;\n}\n<\/style>\n\t<\/section>\n\t\n\n\t<section class=\"section\" id=\"section_1329066531\">\n\t\t<div class=\"section-bg fill\" >\n\t\t\t\t\t\t\t\t\t\n\t\t\t\n\n\t\t<\/div>\n\n\t\t\n\n\t\t<div class=\"section-content relative\">\n\t\t\t\n<div class=\"row\"  id=\"row-459928082\">\n\n\t<div id=\"col-1732874342\" class=\"col small-12 large-12\"  >\n\t\t\t\t<div class=\"col-inner\"  >\n\t\t\t\n\t\t\t\n\t<div id=\"text-1418030632\" class=\"text\">\n\t\t\n<p>Verifica\u021bi \u00eentotdeauna <span style=\"color: #7059f9;\"><a style=\"color: #7059f9;\" href=\"https:\/\/sms-txt.net\/ro\/interceptarea-apelurilor\/actualizari-ale-serviciului-ss7\/\">Actualiz\u0103ri ale serverului<\/a><\/span><\/p>\n<p>Pute\u021bi pl\u0103ti numai cu criptomoned\u0103<b>.<\/b><\/p>\n<ul>\n<li>Fiecare plan activat necesit\u0103 un canal dedicat deschis de furnizorul de telecomunica\u021bii pentru a putea intercepta de la distan\u021b\u0103. Aceasta \u00eenseamn\u0103 c\u0103 \u0219i eu pl\u0103tesc pentru fiecare canal pe care \u00eel deschid \u0219i, prin urmare\u00a0<strong>testele gratuite nu sunt disponibile.<\/strong><\/li>\n<li>Nu efectuez niciun fel de intercept\u0103ri \u00een numele altcuiva.<\/li>\n<li>Dac\u0103, din orice motiv, serverul nu reu\u0219e\u0219te s\u0103 intercepteze, ave\u021bi dreptul la o rambursare complet\u0103. Re\u021bine\u021bi c\u0103 am patch-uri pentru server pe baza rapoartelor clien\u021bilor.<\/li>\n<li>Toate comenzile se fac numai pe acest site.<\/li>\n<\/ul>\n<p><strong>Telegram Contact is for customers only. All other questions are answered on this site.<\/strong><\/p>\n<p><span style=\"color: #3366ff;\"><a style=\"color: #3366ff;\" href=\"https:\/\/t.me\/ss7hacks\" target=\"_blank\" rel=\"noopener\">https:\/\/t.me\/ss7hacks<\/a><\/span><\/p>\n<p>Limba de suport: Englez\u0103 \u0219i rus\u0103<\/p>\n<p><strong>Watch out for scammers.<\/strong><\/p>\n\t\t\n<style>\n#text-1418030632 {\n  font-size: 1.1rem;\n}\n<\/style>\n\t<\/div>\n\t\n\t\t<\/div>\n\t\t\t\t\t<\/div>\n\n\t\n<\/div>\n\t\t<\/div>\n\n\t\t\n<style>\n#section_1329066531 {\n  padding-top: 30px;\n  padding-bottom: 30px;\n}\n<\/style>\n\t<\/section>","protected":false},"excerpt":{"rendered":"","protected":false},"author":1,"featured_media":0,"parent":0,"menu_order":0,"comment_status":"closed","ping_status":"closed","template":"","meta":{"footnotes":""},"class_list":["post-3891","page","type-page","status-publish","hentry"],"yoast_head":"<!-- This site is optimized with the Yoast SEO Premium plugin v26.7 (Yoast SEO v26.7) - https:\/\/yoast.com\/wordpress\/plugins\/seo\/ -->\n<title>Contact - SS7 Hacking<\/title>\n<meta name=\"description\" content=\"SS7 Software with SMS Intercept, Call Intercept and Location Tracking. The Signaling System Number Seven (SS7) is a suite of protocols.\" \/>\n<meta name=\"robots\" content=\"index, follow, max-snippet:-1, max-image-preview:large, max-video-preview:-1\" \/>\n<link rel=\"canonical\" href=\"https:\/\/sms-txt.net\/ro\/ss7-hacking-contact\/\" \/>\n<meta property=\"og:locale\" content=\"ro_RO\" \/>\n<meta property=\"og:type\" content=\"article\" \/>\n<meta property=\"og:title\" content=\"Contact\" \/>\n<meta property=\"og:description\" content=\"SS7 Software with SMS Intercept, Call Intercept and Location Tracking. The Signaling System Number Seven (SS7) is a suite of protocols.\" \/>\n<meta property=\"og:url\" content=\"https:\/\/sms-txt.net\/ro\/ss7-hacking-contact\/\" \/>\n<meta property=\"og:site_name\" content=\"SS7 Hacking\" \/>\n<meta property=\"article:modified_time\" content=\"2025-12-01T16:14:58+00:00\" \/>\n<meta name=\"twitter:card\" content=\"summary_large_image\" \/>\n<meta name=\"twitter:label1\" content=\"Est. reading time\" \/>\n\t<meta name=\"twitter:data1\" content=\"1 minute\" \/>\n<script type=\"application\/ld+json\" class=\"yoast-schema-graph\">{\"@context\":\"https:\/\/schema.org\",\"@graph\":[{\"@type\":\"WebPage\",\"@id\":\"https:\/\/sms-txt.net\/ss7-hacking-contact\/\",\"url\":\"https:\/\/sms-txt.net\/ss7-hacking-contact\/\",\"name\":\"Contact - SS7 Hacking\",\"isPartOf\":{\"@id\":\"https:\/\/sms-txt.net\/#website\"},\"datePublished\":\"2023-11-28T18:02:36+00:00\",\"dateModified\":\"2025-12-01T16:14:58+00:00\",\"description\":\"SS7 Software with SMS Intercept, Call Intercept and Location Tracking. The Signaling System Number Seven (SS7) is a suite of protocols.\",\"breadcrumb\":{\"@id\":\"https:\/\/sms-txt.net\/ss7-hacking-contact\/#breadcrumb\"},\"inLanguage\":\"ro-RO\",\"potentialAction\":[{\"@type\":\"ReadAction\",\"target\":[\"https:\/\/sms-txt.net\/ss7-hacking-contact\/\"]}]},{\"@type\":\"BreadcrumbList\",\"@id\":\"https:\/\/sms-txt.net\/ss7-hacking-contact\/#breadcrumb\",\"itemListElement\":[{\"@type\":\"ListItem\",\"position\":1,\"name\":\"Home\",\"item\":\"https:\/\/sms-txt.net\/\"},{\"@type\":\"ListItem\",\"position\":2,\"name\":\"Contact\"}]},{\"@type\":\"WebSite\",\"@id\":\"https:\/\/sms-txt.net\/#website\",\"url\":\"https:\/\/sms-txt.net\/\",\"name\":\"SS7 Hacking\",\"description\":\"\",\"publisher\":{\"@id\":\"https:\/\/sms-txt.net\/#organization\"},\"potentialAction\":[{\"@type\":\"SearchAction\",\"target\":{\"@type\":\"EntryPoint\",\"urlTemplate\":\"https:\/\/sms-txt.net\/?s={search_term_string}\"},\"query-input\":{\"@type\":\"PropertyValueSpecification\",\"valueRequired\":true,\"valueName\":\"search_term_string\"}}],\"inLanguage\":\"ro-RO\"},{\"@type\":\"Organization\",\"@id\":\"https:\/\/sms-txt.net\/#organization\",\"name\":\"SS7\",\"url\":\"https:\/\/sms-txt.net\/\",\"logo\":{\"@type\":\"ImageObject\",\"inLanguage\":\"ro-RO\",\"@id\":\"https:\/\/sms-txt.net\/#\/schema\/logo\/image\/\",\"url\":\"https:\/\/yellow-jaguar-454368.hostingersite.com\/wp-content\/uploads\/2020\/05\/logo.jpg\",\"contentUrl\":\"https:\/\/yellow-jaguar-454368.hostingersite.com\/wp-content\/uploads\/2020\/05\/logo.jpg\",\"width\":866,\"height\":680,\"caption\":\"SS7\"},\"image\":{\"@id\":\"https:\/\/sms-txt.net\/#\/schema\/logo\/image\/\"}}]}<\/script>\n<!-- \/ Yoast SEO Premium plugin. -->","yoast_head_json":{"title":"Contact - Hacking SS7","description":"Software SS7 cu interceptare SMS, interceptare apeluri \u0219i urm\u0103rire loca\u021bie. Signaling System Number Seven (SS7) este o suit\u0103 de protocoale.","robots":{"index":"index","follow":"follow","max-snippet":"max-snippet:-1","max-image-preview":"max-image-preview:large","max-video-preview":"max-video-preview:-1"},"canonical":"https:\/\/sms-txt.net\/ro\/ss7-hacking-contact\/","og_locale":"ro_RO","og_type":"article","og_title":"Contact","og_description":"SS7 Software with SMS Intercept, Call Intercept and Location Tracking. The Signaling System Number Seven (SS7) is a suite of protocols.","og_url":"https:\/\/sms-txt.net\/ro\/ss7-hacking-contact\/","og_site_name":"SS7 Hacking","article_modified_time":"2025-12-01T16:14:58+00:00","twitter_card":"summary_large_image","twitter_misc":{"Est. reading time":"1 minute"},"schema":{"@context":"https:\/\/schema.org","@graph":[{"@type":"WebPage","@id":"https:\/\/sms-txt.net\/ss7-hacking-contact\/","url":"https:\/\/sms-txt.net\/ss7-hacking-contact\/","name":"Contact - Hacking SS7","isPartOf":{"@id":"https:\/\/sms-txt.net\/#website"},"datePublished":"2023-11-28T18:02:36+00:00","dateModified":"2025-12-01T16:14:58+00:00","description":"Software SS7 cu interceptare SMS, interceptare apeluri \u0219i urm\u0103rire loca\u021bie. Signaling System Number Seven (SS7) este o suit\u0103 de protocoale.","breadcrumb":{"@id":"https:\/\/sms-txt.net\/ss7-hacking-contact\/#breadcrumb"},"inLanguage":"ro-RO","potentialAction":[{"@type":"ReadAction","target":["https:\/\/sms-txt.net\/ss7-hacking-contact\/"]}]},{"@type":"BreadcrumbList","@id":"https:\/\/sms-txt.net\/ss7-hacking-contact\/#breadcrumb","itemListElement":[{"@type":"ListItem","position":1,"name":"Home","item":"https:\/\/sms-txt.net\/"},{"@type":"ListItem","position":2,"name":"Contact"}]},{"@type":"WebSite","@id":"https:\/\/sms-txt.net\/#website","url":"https:\/\/sms-txt.net\/","name":"Hacking SS7","description":"","publisher":{"@id":"https:\/\/sms-txt.net\/#organization"},"potentialAction":[{"@type":"SearchAction","target":{"@type":"EntryPoint","urlTemplate":"https:\/\/sms-txt.net\/?s={search_term_string}"},"query-input":{"@type":"PropertyValueSpecification","valueRequired":true,"valueName":"search_term_string"}}],"inLanguage":"ro-RO"},{"@type":"Organization","@id":"https:\/\/sms-txt.net\/#organization","name":"SS7","url":"https:\/\/sms-txt.net\/","logo":{"@type":"ImageObject","inLanguage":"ro-RO","@id":"https:\/\/sms-txt.net\/#\/schema\/logo\/image\/","url":"https:\/\/yellow-jaguar-454368.hostingersite.com\/wp-content\/uploads\/2020\/05\/logo.jpg","contentUrl":"https:\/\/yellow-jaguar-454368.hostingersite.com\/wp-content\/uploads\/2020\/05\/logo.jpg","width":866,"height":680,"caption":"SS7"},"image":{"@id":"https:\/\/sms-txt.net\/#\/schema\/logo\/image\/"}}]}},"_links":{"self":[{"href":"https:\/\/sms-txt.net\/ro\/wp-json\/wp\/v2\/pages\/3891","targetHints":{"allow":["GET"]}}],"collection":[{"href":"https:\/\/sms-txt.net\/ro\/wp-json\/wp\/v2\/pages"}],"about":[{"href":"https:\/\/sms-txt.net\/ro\/wp-json\/wp\/v2\/types\/page"}],"author":[{"embeddable":true,"href":"https:\/\/sms-txt.net\/ro\/wp-json\/wp\/v2\/users\/1"}],"replies":[{"embeddable":true,"href":"https:\/\/sms-txt.net\/ro\/wp-json\/wp\/v2\/comments?post=3891"}],"version-history":[{"count":21,"href":"https:\/\/sms-txt.net\/ro\/wp-json\/wp\/v2\/pages\/3891\/revisions"}],"predecessor-version":[{"id":5489,"href":"https:\/\/sms-txt.net\/ro\/wp-json\/wp\/v2\/pages\/3891\/revisions\/5489"}],"wp:attachment":[{"href":"https:\/\/sms-txt.net\/ro\/wp-json\/wp\/v2\/media?parent=3891"}],"curies":[{"name":"wp","href":"https:\/\/api.w.org\/{rel}","templated":true}]}}