{"id":3985,"date":"2023-12-18T16:05:05","date_gmt":"2023-12-18T13:05:05","guid":{"rendered":"https:\/\/www.sms-txt.net\/?post_type=product&#038;p=3985"},"modified":"2026-02-24T03:05:30","modified_gmt":"2026-02-24T00:05:30","slug":"ss7-hakeru-programmaturas-serveris","status":"publish","type":"product","link":"https:\/\/sms-txt.net\/lv\/banalizet\/ss7-hakeru-programmaturas-serveris\/","title":{"rendered":"SS7 hakeru serveris"},"content":{"rendered":"<h2>Kas ir SS7 hakeru SMS p\u0101rtver\u0161ana?<\/h2>\n<p>SS7 (Signaliz\u0101cijas sist\u0113ma 7) ir protokolu kopums, ko izmanto telekomunik\u0101ciju t\u012bklos, lai apmain\u012btos ar inform\u0101ciju un mar\u0161rut\u0113tu zvanus un zi\u0146ojumus starp da\u017e\u0101diem pakalpojumu sniedz\u0113jiem. Tas ir glob\u0101ls standarts, kas nodro\u0161ina vienotu sazi\u0146u starp da\u017e\u0101diem t\u012bkliem.<\/p>\n<p>Tom\u0113r \u0161ai sist\u0113mai, kas tika izstr\u0101d\u0101ta pirms vair\u0101kiem gadu desmitiem, ir rakstur\u012bgas da\u017eas ievainojam\u012bbas, ko var izmantot hakeri. Viena no \u0161\u0101d\u0101m ievainojam\u012bb\u0101m ir iesp\u0113ja p\u0101rtvert SMS zi\u0146ojumus, kas nos\u016bt\u012bti, izmantojot SS7 t\u012bklu.<\/p>\n<h2>K\u0101 darbojas SS7 SMS p\u0101rtver\u0161anas hakeru darb\u012bba?<\/h2>\n<p>SS7 SMS p\u0101rtver\u0161anas uzlau\u0161anas proces\u0101 uzbruc\u0113js izmanto SS7 protokola nepiln\u012bbas, lai ieg\u016btu neat\u013cautu piek\u013cuvi SMS zi\u0146ojumiem. \u0160eit ir sniegts vienk\u0101r\u0161ots skaidrojums, k\u0101 tas darbojas:<\/p>\n<ol>\n<li>Uzbruc\u0113js identific\u0113 m\u0113r\u0137a t\u0101lru\u0146a numuru.<\/li>\n<li>Vi\u0146i izmanto SS7 protokola ievainojam\u012bbu, lai p\u0101rtvertu m\u0113r\u0137im paredz\u0113to SMS zi\u0146ojumu.<\/li>\n<li>P\u0101rtvertais zi\u0146ojums tiek novirz\u012bts uz uzbruc\u0113ja ier\u012bci.<\/li>\n<li>Uzbruc\u0113js var p\u0101rtverto zi\u0146ojumu izlas\u012bt, modific\u0113t vai pat blo\u0137\u0113t.<\/li>\n<\/ol>\n<p>Piek\u013c\u016bstot k\u0101da lietot\u0101ja SMS zi\u0146ojumiem, hakeri var ieg\u016bt konfidenci\u0101lu inform\u0101ciju, piem\u0113ram, autentifik\u0101cijas kodus, paroles un personiskas sarunas.<\/p>\n<h2>Neaizsarg\u0101t\u012bba: Zvanu p\u0101rtver\u0161ana<\/h2>\n<p>Lai gan SS7 t\u012bkls ir pla\u0161i izplat\u012bts, tas nav pasarg\u0101ts no ievainojam\u012bbas. Viena no visliel\u0101k\u0101s ba\u017eas raiso\u0161aj\u0101m ievainojam\u012bb\u0101m ir zvanu p\u0101rtver\u0161ana, kad \u013caunpr\u0101t\u012bgi dal\u012bbnieki var ieg\u016bt neat\u013cautu piek\u013cuvi zvaniem un p\u0101rtvert sensit\u012bvu inform\u0101ciju.<\/p>\n<p>Zvanu p\u0101rtver\u0161ana ietver SS7 t\u012bkla nepiln\u012bbu izmanto\u0161anu, lai p\u0101radres\u0113tu vai p\u0101rtvertu zvanus. To var izdar\u012bt, manipul\u0113jot ar signaliz\u0101cijas zi\u0146ojumiem, ar kuriem notiek apmai\u0146a starp t\u012bkla elementiem. P\u0113c p\u0101rtver\u0161anas uzbruc\u0113js var noklaus\u012bties sarunas, ierakst\u012bt zvanus vai pat p\u0101radres\u0113t zvanus uz citu galam\u0113r\u0137i.<\/p>\n<h2>K\u0101 darbojas SS7 uzlau\u0161ana?<\/h2>\n<p>SS7 uzlau\u0161ana ietver da\u017e\u0101das metodes, kas izmanto t\u012bkl\u0101 eso\u0161\u0101s ievainojam\u012bbas. \u0160eit ir aprakst\u012btas da\u017eas izplat\u012bt\u0101k\u0101s metodes:<\/p>\n<ol>\n<li><strong>Atra\u0161an\u0101s vietas izseko\u0161ana:<\/strong> Izmantojot SS7 ievainojam\u012bbas, uzbruc\u0113ji var izsekot m\u0113r\u0137a ier\u012bces atra\u0161an\u0101s vietu. \u0160o inform\u0101ciju var izmantot nov\u0113ro\u0161anai vai citu \u013caunpr\u0101t\u012bgu darb\u012bbu veicin\u0101\u0161anai.<\/li>\n<li><strong>Zvanu un SMS p\u0101rtver\u0161ana:<\/strong> Uzbruc\u0113ji var p\u0101rtvert zvanus un \u012bszi\u0146as, p\u0101radres\u0113jot t\u0101s uz sav\u0101m ier\u012bc\u0113m. Tas \u013cauj vi\u0146iem p\u0101rraudz\u012bt sarunas, v\u0101kt sensit\u012bvu inform\u0101ciju vai pat uzdoties par m\u0113r\u0137i.<\/li>\n<li><strong>Kr\u0101pnieciskas darb\u012bbas:<\/strong> SS7 uzlau\u0161anu var izmantot da\u017e\u0101d\u0101m kr\u0101pniecisk\u0101m darb\u012bb\u0101m, piem\u0113ram, apejot divu faktoru autentifik\u0101ciju, veicot neat\u013cautus pirkumus vai piek\u013c\u016bstot person\u012bgajiem kontiem.<\/li>\n<\/ol>\n<h3>K\u0101 darbojas atra\u0161an\u0101s vietas izseko\u0161ana, izmantojot SS7?<\/h3>\n<p>Atra\u0161an\u0101s vietas izseko\u0161ana, izmantojot SS7, ir atkar\u012bga no mobilo t\u012bklu operatoru (MNO) sp\u0113jas savstarp\u0113ji apmain\u012bties ar signaliz\u0101cijas zi\u0146ojumiem. \u0160ajos signaliz\u0101cijas zi\u0146ojumos ir inform\u0101cija par mobil\u0101s ier\u012bces atra\u0161an\u0101s vietu, kas \u013cauj MNO izsekot t\u0101s kust\u012bbu.<\/p>\n<p>Kad mobil\u0101 ier\u012bce piesl\u0113dzas mobilajam t\u012bklam, t\u0101 re\u0123istr\u0113 savu kl\u0101tb\u016btni, nos\u016btot sign\u0101lzi\u0146ojumus MNO m\u0101jas atra\u0161an\u0101s vietas re\u0123istram (HLR). P\u0113c tam HLR atjaunina abonenta atra\u0161an\u0101s vietas inform\u0101ciju, tostarp pa\u0161reiz\u0113jo apkalpojo\u0161o mobilo komut\u0101cijas centru (MSC).<\/p>","protected":false},"excerpt":{"rendered":"<ol>\n<li>Serverim var piek\u013c\u016bt, izmantojot RDP savienojumu (Windows, Mac OS, Linux). Servera laiks s\u0101kas no t\u0101 laika, kad tas ir sniegts.<\/li>\n<li>Lai veiktu jebkuru uzdevumu, ir nepiecie\u0161ams tikai t\u0101lru\u0146a numurs.<\/li>\n<li>Darbojas ar jebkuras valsts un t\u012bkla numuriem. 2G, 3G, 4G, 5G t\u012bkli.<\/li>\n<li>Kompens\u0101cijas gad\u012bjum\u0101, ja uzdevumi nav veiksm\u012bgi : Naudas atdo\u0161ana vai numura nomai\u0146a.<\/li>\n<li><strong>Payments only with cryptocurrency<\/strong><\/li>\n<li>Server time to create: 1-12 hours depending on your time zone.<\/li>\n<li>After payment copy Unique Key and contact on <a href=\"https:\/\/t.me\/ss7hacks\" target=\"_blank\" rel=\"noopener\">Telegram<\/a> to receive server.<\/li>\n<\/ol>\n<p><strong>SS7 hakeru servera iesp\u0113jas:<\/strong><\/p>\n<p>SMS p\u0101rtver\u0161ana, zvanu p\u0101rtver\u0161ana un p\u0101radres\u0113\u0161ana, atra\u0161an\u0101s vietas izseko\u0161ana, noklaus\u012b\u0161an\u0101s ( klaus\u012bties tie\u0161os zvanus un ierakst\u012bt tos), SMS un zvanu viltojums ( s\u016bt\u012bt SMS un zvan\u012bt no numura ).<\/p>\n<p>Trial Server &#8211; 1 Intercept from 1 number<\/p>\n<p>Week Server &#8211; 5 Intercepts in total from 5 numbers<\/p>\n<p>Unlimited Server &#8211; Unlimited intercepts from 20 numbers<\/p>","protected":false},"featured_media":3796,"template":"","meta":[],"product_brand":[],"product_cat":[15],"product_tag":[109],"class_list":{"0":"post-3985","1":"product","2":"type-product","3":"status-publish","4":"has-post-thumbnail","6":"product_cat-ss7-hacking","7":"product_tag-ss7-hacking","8":"wcpa_has_options","10":"first","11":"instock","12":"virtual","13":"sold-individually","14":"purchasable","15":"product-type-simple"},"yoast_head":"<!-- This site is optimized with the Yoast SEO Premium plugin v26.7 (Yoast SEO v26.7) - https:\/\/yoast.com\/wordpress\/plugins\/seo\/ -->\n<title>SS7 Hacking Software - Track Location and Intercept SMS<\/title>\n<meta name=\"description\" content=\"Using a SS7 Hacking Server you can easily track location, intercept SMS, intercept Calls, and Phone Tapping just with phone number from any country.\" \/>\n<meta name=\"robots\" content=\"index, follow, max-snippet:-1, max-image-preview:large, max-video-preview:-1\" \/>\n<link rel=\"canonical\" href=\"https:\/\/sms-txt.net\/lv\/banalizet\/ss7-hakeru-programmaturas-serveris\/\" \/>\n<meta property=\"og:locale\" content=\"lv_LV\" \/>\n<meta property=\"og:type\" content=\"article\" \/>\n<meta property=\"og:title\" content=\"SS7 Hacking Server\" \/>\n<meta property=\"og:description\" content=\"Using a SS7 Hacking Server you can easily track location, intercept SMS, intercept Calls, and Phone Tapping just with phone number from any country.\" \/>\n<meta property=\"og:url\" content=\"https:\/\/sms-txt.net\/lv\/banalizet\/ss7-hakeru-programmaturas-serveris\/\" \/>\n<meta property=\"og:site_name\" content=\"SS7 Hacking\" \/>\n<meta property=\"article:modified_time\" content=\"2026-02-24T00:05:30+00:00\" \/>\n<meta property=\"og:image\" content=\"https:\/\/sms-txt.net\/wp-content\/uploads\/2023\/11\/cropped-fav2.jpg\" \/>\n\t<meta property=\"og:image:width\" content=\"512\" \/>\n\t<meta property=\"og:image:height\" content=\"512\" \/>\n\t<meta property=\"og:image:type\" content=\"image\/jpeg\" \/>\n<meta name=\"twitter:card\" content=\"summary_large_image\" \/>\n<meta name=\"twitter:label1\" content=\"Est. reading time\" \/>\n\t<meta name=\"twitter:data1\" content=\"3 minutes\" \/>\n<script type=\"application\/ld+json\" class=\"yoast-schema-graph\">{\"@context\":\"https:\/\/schema.org\",\"@graph\":[{\"@type\":\"WebPage\",\"@id\":\"https:\/\/sms-txt.net\/hack\/ss7-hacking-software-server\/\",\"url\":\"https:\/\/sms-txt.net\/hack\/ss7-hacking-software-server\/\",\"name\":\"SS7 Hacking Software - Track Location and Intercept SMS\",\"isPartOf\":{\"@id\":\"https:\/\/sms-txt.net\/#website\"},\"primaryImageOfPage\":{\"@id\":\"https:\/\/sms-txt.net\/hack\/ss7-hacking-software-server\/#primaryimage\"},\"image\":{\"@id\":\"https:\/\/sms-txt.net\/hack\/ss7-hacking-software-server\/#primaryimage\"},\"thumbnailUrl\":\"https:\/\/sms-txt.net\/wp-content\/uploads\/2023\/11\/cropped-fav2.jpg\",\"datePublished\":\"2023-12-18T13:05:05+00:00\",\"dateModified\":\"2026-02-24T00:05:30+00:00\",\"description\":\"Using a SS7 Hacking Server you can easily track location, intercept SMS, intercept Calls, and Phone Tapping just with phone number from any country.\",\"breadcrumb\":{\"@id\":\"https:\/\/sms-txt.net\/hack\/ss7-hacking-software-server\/#breadcrumb\"},\"inLanguage\":\"lv\",\"potentialAction\":[{\"@type\":\"ReadAction\",\"target\":[\"https:\/\/sms-txt.net\/hack\/ss7-hacking-software-server\/\"]}]},{\"@type\":\"ImageObject\",\"inLanguage\":\"lv\",\"@id\":\"https:\/\/sms-txt.net\/hack\/ss7-hacking-software-server\/#primaryimage\",\"url\":\"https:\/\/sms-txt.net\/wp-content\/uploads\/2023\/11\/cropped-fav2.jpg\",\"contentUrl\":\"https:\/\/sms-txt.net\/wp-content\/uploads\/2023\/11\/cropped-fav2.jpg\",\"width\":512,\"height\":512},{\"@type\":\"BreadcrumbList\",\"@id\":\"https:\/\/sms-txt.net\/hack\/ss7-hacking-software-server\/#breadcrumb\",\"itemListElement\":[{\"@type\":\"ListItem\",\"position\":1,\"name\":\"Home\",\"item\":\"https:\/\/sms-txt.net\/\"},{\"@type\":\"ListItem\",\"position\":2,\"name\":\"Order SS7 Server Access\",\"item\":\"https:\/\/sms-txt.net\/shop\/\"},{\"@type\":\"ListItem\",\"position\":3,\"name\":\"SS7 Hacking Server\"}]},{\"@type\":\"WebSite\",\"@id\":\"https:\/\/sms-txt.net\/#website\",\"url\":\"https:\/\/sms-txt.net\/\",\"name\":\"SS7 Hacking\",\"description\":\"\",\"publisher\":{\"@id\":\"https:\/\/sms-txt.net\/#organization\"},\"potentialAction\":[{\"@type\":\"SearchAction\",\"target\":{\"@type\":\"EntryPoint\",\"urlTemplate\":\"https:\/\/sms-txt.net\/?s={search_term_string}\"},\"query-input\":{\"@type\":\"PropertyValueSpecification\",\"valueRequired\":true,\"valueName\":\"search_term_string\"}}],\"inLanguage\":\"lv\"},{\"@type\":\"Organization\",\"@id\":\"https:\/\/sms-txt.net\/#organization\",\"name\":\"SS7\",\"url\":\"https:\/\/sms-txt.net\/\",\"logo\":{\"@type\":\"ImageObject\",\"inLanguage\":\"lv\",\"@id\":\"https:\/\/sms-txt.net\/#\/schema\/logo\/image\/\",\"url\":\"https:\/\/yellow-jaguar-454368.hostingersite.com\/wp-content\/uploads\/2020\/05\/logo.jpg\",\"contentUrl\":\"https:\/\/yellow-jaguar-454368.hostingersite.com\/wp-content\/uploads\/2020\/05\/logo.jpg\",\"width\":866,\"height\":680,\"caption\":\"SS7\"},\"image\":{\"@id\":\"https:\/\/sms-txt.net\/#\/schema\/logo\/image\/\"}}]}<\/script>\n<!-- \/ Yoast SEO Premium plugin. -->","yoast_head_json":{"title":"SS7 Datorur\u0137\u0113\u0161ana programmat\u016bra - Izsekot atra\u0161an\u0101s vietu un p\u0101rtvert SMS","description":"Izmantojot SS7 hakeru serveri, varat viegli izsekot atra\u0161an\u0101s vietai, p\u0101rtvert \u012bszi\u0146as, p\u0101rtvert zvanus un t\u0101lru\u0146a noklaus\u012b\u0161anos tikai ar t\u0101lru\u0146a numuru no jebkuras valsts.","robots":{"index":"index","follow":"follow","max-snippet":"max-snippet:-1","max-image-preview":"max-image-preview:large","max-video-preview":"max-video-preview:-1"},"canonical":"https:\/\/sms-txt.net\/lv\/banalizet\/ss7-hakeru-programmaturas-serveris\/","og_locale":"lv_LV","og_type":"article","og_title":"SS7 Hacking Server","og_description":"Using a SS7 Hacking Server you can easily track location, intercept SMS, intercept Calls, and Phone Tapping just with phone number from any country.","og_url":"https:\/\/sms-txt.net\/lv\/banalizet\/ss7-hakeru-programmaturas-serveris\/","og_site_name":"SS7 Hacking","article_modified_time":"2026-02-24T00:05:30+00:00","og_image":[{"width":512,"height":512,"url":"https:\/\/sms-txt.net\/wp-content\/uploads\/2023\/11\/cropped-fav2.jpg","type":"image\/jpeg"}],"twitter_card":"summary_large_image","twitter_misc":{"Est. reading time":"3 minutes"},"schema":{"@context":"https:\/\/schema.org","@graph":[{"@type":"WebPage","@id":"https:\/\/sms-txt.net\/hack\/ss7-hacking-software-server\/","url":"https:\/\/sms-txt.net\/hack\/ss7-hacking-software-server\/","name":"SS7 Datorur\u0137\u0113\u0161ana programmat\u016bra - Izsekot atra\u0161an\u0101s vietu un p\u0101rtvert SMS","isPartOf":{"@id":"https:\/\/sms-txt.net\/#website"},"primaryImageOfPage":{"@id":"https:\/\/sms-txt.net\/hack\/ss7-hacking-software-server\/#primaryimage"},"image":{"@id":"https:\/\/sms-txt.net\/hack\/ss7-hacking-software-server\/#primaryimage"},"thumbnailUrl":"https:\/\/sms-txt.net\/wp-content\/uploads\/2023\/11\/cropped-fav2.jpg","datePublished":"2023-12-18T13:05:05+00:00","dateModified":"2026-02-24T00:05:30+00:00","description":"Izmantojot SS7 hakeru serveri, varat viegli izsekot atra\u0161an\u0101s vietai, p\u0101rtvert \u012bszi\u0146as, p\u0101rtvert zvanus un t\u0101lru\u0146a noklaus\u012b\u0161anos tikai ar t\u0101lru\u0146a numuru no jebkuras valsts.","breadcrumb":{"@id":"https:\/\/sms-txt.net\/hack\/ss7-hacking-software-server\/#breadcrumb"},"inLanguage":"lv","potentialAction":[{"@type":"ReadAction","target":["https:\/\/sms-txt.net\/hack\/ss7-hacking-software-server\/"]}]},{"@type":"ImageObject","inLanguage":"lv","@id":"https:\/\/sms-txt.net\/hack\/ss7-hacking-software-server\/#primaryimage","url":"https:\/\/sms-txt.net\/wp-content\/uploads\/2023\/11\/cropped-fav2.jpg","contentUrl":"https:\/\/sms-txt.net\/wp-content\/uploads\/2023\/11\/cropped-fav2.jpg","width":512,"height":512},{"@type":"BreadcrumbList","@id":"https:\/\/sms-txt.net\/hack\/ss7-hacking-software-server\/#breadcrumb","itemListElement":[{"@type":"ListItem","position":1,"name":"Home","item":"https:\/\/sms-txt.net\/"},{"@type":"ListItem","position":2,"name":"Order SS7 Server Access","item":"https:\/\/sms-txt.net\/shop\/"},{"@type":"ListItem","position":3,"name":"SS7 Hacking Server"}]},{"@type":"WebSite","@id":"https:\/\/sms-txt.net\/#website","url":"https:\/\/sms-txt.net\/","name":"SS7 uzlau\u0161ana","description":"","publisher":{"@id":"https:\/\/sms-txt.net\/#organization"},"potentialAction":[{"@type":"SearchAction","target":{"@type":"EntryPoint","urlTemplate":"https:\/\/sms-txt.net\/?s={search_term_string}"},"query-input":{"@type":"PropertyValueSpecification","valueRequired":true,"valueName":"search_term_string"}}],"inLanguage":"lv"},{"@type":"Organization","@id":"https:\/\/sms-txt.net\/#organization","name":"SS7","url":"https:\/\/sms-txt.net\/","logo":{"@type":"ImageObject","inLanguage":"lv","@id":"https:\/\/sms-txt.net\/#\/schema\/logo\/image\/","url":"https:\/\/yellow-jaguar-454368.hostingersite.com\/wp-content\/uploads\/2020\/05\/logo.jpg","contentUrl":"https:\/\/yellow-jaguar-454368.hostingersite.com\/wp-content\/uploads\/2020\/05\/logo.jpg","width":866,"height":680,"caption":"SS7"},"image":{"@id":"https:\/\/sms-txt.net\/#\/schema\/logo\/image\/"}}]}},"wcpa_form_fields":{"wcpaData":{"product":{"product_price":0,"price_html":"<span class=\"woocommerce-Price-amount amount\"><bdi><span class=\"woocommerce-Price-currencySymbol\">&#36;<\/span>0.00<\/bdi><\/span>","original_product_price":0,"price_including_tax":0,"price_excluding_tax":0,"product_id":{"parent":3985,"variation":false},"is_variable":false,"stock_status":"instock","stock_quantity":null,"parent_sku":"","product_attributes":[],"custom_fields":[],"is_taxable":false,"product_name":"SS7 Hacking Server"},"fields":{"sec_067a0a7807603f":{"extra":{"key":"sec_067a0a7807603f","section_id":"sec_067a0a7807603f","name":"Default","status":1,"cl_rule":"show","enableCl":false,"relations":[],"toggle":true,"title_tag":"h3","show_title":false,"showPrice":"default","form_id":3984,"form_rules":{"exclude_from_discount":false,"fee_label":"Fee","disp_hide_options_price":false,"disp_show_section_price":false,"disp_show_field_price":true,"layout_option":"standard","pric_use_as_fee":false,"process_fee_as":"woo_fee"},"layout_option":"standard"},"fields":[[{"type":"checkbox-group","required":true,"elementId":"wcpa-checkbox-group-1702904095682","label":"Server Type","enablePrice":true,"priceOptions":"different_for_all","pricingType":"fixed","name":"checkbox-group-1702904095682","min_options":"1","max_options":"1","other_text":"Other","cl_rule":"show","col":6,"values":[{"label":"Trial - 1 Day - 1 Intercept","value":"trial","price":"200","pimage":"","pimage_id":"","pthumb":"","tempId":"aco_23","gt_translate_keys":["label"]},{"label":"Week - 7 Days - 5 Intercepts","value":"limited1","price":"600","pimage":"","pimage_id":"","pthumb":"","tempId":"aco_24","gt_translate_keys":["label"]},{"label":"Unlimited - Per Month","value":"unlimited1","price":"1500","pimage":"","pimage_id":"","pthumb":"","tempId":"aco_25","gt_translate_keys":["label"]},{"label":"Reseller with API","value":"reseller","price":"9500","pimage":"","pimage_id":"","pthumb":"","tempId":"aco_26","gt_translate_keys":["label"]},{"label":"Lifetime","value":"lifet","price":"20000","pimage":"","pimage_id":"","pthumb":"","tempId":"aco_27","gt_translate_keys":["label"]}],"relations":false,"price":0,"active":true,"tooltip":"","layOut":"","checkUi":"","error":false,"gt_translate_keys":["label","tooltip"],"price_dependency":false,"cl_dependency":["wcpa-checkbox-group-1702904332327","wcpa-checkbox-group-1705656036644","wcpa-checkbox-group-1702904560878","wcpa-checkbox-group-1728393798138"],"value":""}],[{"type":"checkbox-group","required":true,"elementId":"wcpa-checkbox-group-1702904332327","label":"Limited Server Capabilities","description":"3 Intercepts Total","enablePrice":false,"priceOptions":"different_for_all","pricingType":"fixed","name":"checkbox-group-1702904332327","min_options":"1","other_text":"Other","enableCl":true,"cl_rule":"show","cl_val":"limited1","col":6,"values":[{"label":"SMS Intercept","value":"smsintercept1","price":"300","pimage":"","pimage_id":"","pthumb":"","gt_translate_keys":["label"]},{"label":"Call Intercept (max 2 min\/call)","value":"callintercept1","price":"300","pimage":"","pimage_id":"","pthumb":"","gt_translate_keys":["label"]},{"label":"Call Redirect","value":"callredirec","price":"300","pimage":"","pimage_id":"","pthumb":"","gt_translate_keys":["label"]},{"label":"Location Tracking","value":"locationtracking1","price":"300","pimage":"","pimage_id":"","pthumb":"","gt_translate_keys":["label"]}],"relations":[{"operator":false,"rules":[{"operator":false,"rules":{"cl_field":"wcpa-checkbox-group-1702904095682","cl_relation":"is","cl_val":"limited1"}}]}],"price":0,"active":true,"tooltip":"","layOut":"","checkUi":"","error":false,"max_options":"1","gt_translate_keys":["label","description","tooltip"],"price_dependency":false,"cl_dependency":false,"value":""}],[{"type":"checkbox-group","required":true,"elementId":"wcpa-checkbox-group-1705656036644","label":"Trial Server Capabilities","description":"1 Intercept Total","enablePrice":false,"priceOptions":"different_for_all","pricingType":"fixed","name":"checkbox-group-1705656036642","min_options":"1","other_text":"Other","enableCl":true,"cl_rule":"show","cl_val":"trial","col":6,"values":[{"label":"SMS Intercept","value":"smsintercept1","price":"100","pimage":"","pimage_id":"","pthumb":"","tempId":"aco_145","gt_translate_keys":["label"]},{"label":"Call Intercept (max 30 sec\/call)","value":"callintercept1","price":"100","pimage":"","pimage_id":"","pthumb":"","tempId":"aco_146","gt_translate_keys":["label"]},{"label":"Location Tracking  (city only)","value":"locationtracking1","price":"100","pimage":"","pimage_id":"","pthumb":"","tempId":"aco_147","gt_translate_keys":["label"]}],"relations":[{"operator":false,"rules":[{"operator":false,"rules":{"cl_field":"wcpa-checkbox-group-1702904095682","cl_relation":"is","cl_val":"trial"}}]}],"price":0,"active":true,"tooltip":"","layOut":"","error":false,"checkUi":"","max_options":"1","gt_translate_keys":["label","description","tooltip"],"price_dependency":false,"cl_dependency":false,"value":""}],[{"type":"checkbox-group","required":true,"elementId":"wcpa-checkbox-group-1702904560878","label":"Unlimited Server Capabilities","enablePrice":true,"priceOptions":"different_for_all","pricingType":"fixed","name":"checkbox-group-1702904560878","min_options":"1","other_text":"Other","enableCl":true,"cl_rule":"show","cl_val":"unlimited1","col":6,"values":[{"label":"SMS Intercept","value":"smsintercept2","price":"0","pimage":"","pimage_id":"","pthumb":"","gt_translate_keys":["label"]},{"label":"Call Intercept & Call Redirect","value":"callintercept2","price":"0","pimage":"","pimage_id":"","pthumb":"","gt_translate_keys":["label"]},{"label":"Location Tracking ","value":"locationtracking2","price":"0","pimage":"","pimage_id":"","pthumb":"","gt_translate_keys":["label"]},{"label":"Live Call Recording","value":"livecallrecord","price":"500","pimage":"","pimage_id":"","pthumb":"","gt_translate_keys":["label"]},{"label":"Spoof SMS & Call","value":"spoofsmscall","price":"500","pimage":"","pimage_id":"","pthumb":"","gt_translate_keys":["label"]}],"relations":[{"operator":false,"rules":[{"operator":false,"rules":{"cl_field":"wcpa-checkbox-group-1702904095682","cl_relation":"is","cl_val":"unlimited1"}}]}],"price":0,"active":true,"tooltip":"","layOut":"","checkUi":"","error":false,"gt_translate_keys":["label","tooltip"],"price_dependency":false,"cl_dependency":false,"value":""}],[{"type":"checkbox-group","required":true,"elementId":"wcpa-checkbox-group-1728393798138","label":"Lifetime Protocols","enablePrice":true,"priceOptions":"different_for_all","pricingType":"fixed","name":"checkbox-group-1728393798137","min_options":"1","other_text":"Other","enableCl":true,"cl_rule":"show","cl_val":"lifet","col":6,"values":[{"label":"SS7 - 2G 3G","value":"2g23","price":"0","pimage":"","pimage_id":"","pthumb":"","gt_translate_keys":["label"]},{"label":"Diameter - 4G","value":"4g","price":"5000","pimage":"","pimage_id":"","pthumb":"","gt_translate_keys":["label"]},{"label":"HTTP\/2 - 5G","value":"5g","price":"5000","pimage":"","pimage_id":"","pthumb":"","gt_translate_keys":["label"]}],"relations":[{"operator":false,"rules":[{"operator":false,"rules":{"cl_field":"wcpa-checkbox-group-1702904095682","cl_relation":"is","cl_val":"lifet"}}]}],"price":0,"active":true,"tooltip":"","layOut":"","error":false,"gt_translate_keys":["label","tooltip"],"price_dependency":false,"cl_dependency":false,"value":""}]]}},"config":{"price_override":"","enable_recaptcha":false,"bind_quantity":false,"quantity_bind_formula":false,"disp_summ_show_option_price":false,"disp_summ_show_product_price":false,"disp_summ_show_total_price":true,"disp_summ_show_fee":false,"disp_summ_show_discount":false,"summary_title":"","options_total_label":"Options Price","total_label":"Total","options_product_label":"Product Price","fee_label":"Fee","discount_label":"Discount","has_price":true,"has_quantity_formula":false},"mc_unit":1,"tax_rate":1,"tax_rate_real":1,"discount":{"percentage":0,"fixed":0},"design":{"conf":{"LabelPosition":"above","DescPosition":"above","UploadField":"custom_1","QuantityFieldStyle":"default"},"css":{"LeftLabelWidth":"120px"}},"formulas":[],"clones":false,"cartKey":false}},"_links":{"self":[{"href":"https:\/\/sms-txt.net\/lv\/wp-json\/wp\/v2\/product\/3985","targetHints":{"allow":["GET"]}}],"collection":[{"href":"https:\/\/sms-txt.net\/lv\/wp-json\/wp\/v2\/product"}],"about":[{"href":"https:\/\/sms-txt.net\/lv\/wp-json\/wp\/v2\/types\/product"}],"wp:featuredmedia":[{"embeddable":true,"href":"https:\/\/sms-txt.net\/lv\/wp-json\/wp\/v2\/media\/3796"}],"wp:attachment":[{"href":"https:\/\/sms-txt.net\/lv\/wp-json\/wp\/v2\/media?parent=3985"}],"wp:term":[{"taxonomy":"product_brand","embeddable":true,"href":"https:\/\/sms-txt.net\/lv\/wp-json\/wp\/v2\/product_brand?post=3985"},{"taxonomy":"product_cat","embeddable":true,"href":"https:\/\/sms-txt.net\/lv\/wp-json\/wp\/v2\/product_cat?post=3985"},{"taxonomy":"product_tag","embeddable":true,"href":"https:\/\/sms-txt.net\/lv\/wp-json\/wp\/v2\/product_tag?post=3985"}],"curies":[{"name":"wp","href":"https:\/\/api.w.org\/{rel}","templated":true}]}}