{"id":574,"date":"2020-08-02T00:08:52","date_gmt":"2020-08-02T00:08:52","guid":{"rendered":"https:\/\/sms-txt.net\/?page_id=574"},"modified":"2024-10-22T07:03:07","modified_gmt":"2024-10-22T04:03:07","slug":"ss7-uzbrukumu-demonstracijas","status":"publish","type":"page","link":"https:\/\/sms-txt.net\/lv\/ss7-uzbrukumu-demonstracijas\/","title":{"rendered":"SS7 uzbrukumu demonstr\u0113jumi"},"content":{"rendered":"<section class=\"section\" id=\"section_894953254\">\n\t\t<div class=\"section-bg fill\" >\n\t\t\t\t\t\t\t\t\t\n\t\t\t\n\n\t\t<\/div>\n\n\t\t\n\n\t\t<div class=\"section-content relative\">\n\t\t\t\n<div class=\"row\"  id=\"row-987450329\">\n\n\t<div id=\"col-2001187969\" class=\"col small-12 large-12\"  >\n\t\t\t\t<div class=\"col-inner\"  >\n\t\t\t\n\t\t\t\n<div class=\"container section-title-container\" ><h3 class=\"section-title section-title-normal\"><b aria-hidden=\"true\"><\/b><span class=\"section-title-main\" >ss7 demo<\/span><b aria-hidden=\"true\"><\/b><\/h3><\/div>\n\t<div id=\"text-1492597811\" class=\"text\">\n\t\t\n<p>Demonstr\u0113jums, izmantojot SS7 serveri, lai p\u0101rtvertu SMS no da\u017e\u0101diem t\u012bkliem.<\/p>\n<ul>\n<li>Upuris SMS nesa\u0146em, jo t\u0101 tiek p\u0101rtverta t\u012bkl\u0101, pirms t\u0101 sasniedz t\u0101lruni.<\/li>\n<li>SS7 Exploits tiek atjaunin\u0101ti visu laiku, un pakalpojums darbojas 2G,3G,4G un 5G t\u012bklos.<\/li>\n<li>Katram aktiviz\u0113tajam pl\u0101nam ir nepiecie\u0161ams \u012bpa\u0161s telekomunik\u0101ciju pakalpojumu sniedz\u0113ja atv\u0113rts kan\u0101ls, lai p\u0101rtvertu att\u0101lin\u0101ti. Tas noz\u012bm\u0113, ka es maks\u0101ju ar\u012b par katru atv\u0113rto kan\u0101lu, un t\u0101p\u0113c. <strong>bezmaksas testi nav pieejami.<\/strong><\/li>\n<li>Es neveicu nek\u0101da veida p\u0101rtver\u0161anu k\u0101da cita v\u0101rd\u0101.<\/li>\n<li>Ja k\u0101da iemesla d\u0113\u013c serveris netiek p\u0101rtverts, jums ir ties\u012bbas sa\u0146emt pilnu naudas atmaksu. L\u016bdzu, paturiet pr\u0101t\u0101, ka es laboju serveri, pamatojoties uz klientu zi\u0146ojumiem.<\/li>\n<\/ul>\n<p>WhatsApp un Telegram lietotnes var re\u0123istr\u0113t p\u0113c tam, kad, izmantojot WEB API, un cietu\u0161ais nezin\u0101s.<\/p>\n\t\t\n<style>\n#text-1492597811 {\n  font-size: 1.1rem;\n}\n<\/style>\n\t<\/div>\n\t\n\t\t<\/div>\n\t\t\t\t\n<style>\n#col-2001187969 > .col-inner {\n  padding: 0 0px 0px 0px;\n  margin: 0 0px 0px 0px;\n}\n<\/style>\n\t<\/div>\n\n\t\n<\/div>\n\t\t<\/div>\n\n\t\t\n<style>\n#section_894953254 {\n  padding-top: 0px;\n  padding-bottom: 0px;\n}\n<\/style>\n\t<\/section>\n\t\n\n\t<section class=\"section\" id=\"section_1186996001\">\n\t\t<div class=\"section-bg fill\" >\n\t\t\t\t\t\t\t\t\t\n\t\t\t\n\n\t\t<\/div>\n\n\t\t\n\n\t\t<div class=\"section-content relative\">\n\t\t\t\n<div class=\"row\"  id=\"row-1247821470\">\n\n\t<div id=\"col-1177687587\" class=\"col medium-6 small-12 large-6\"  >\n\t\t\t\t<div class=\"col-inner\"  >\n\t\t\t\n\t\t\t\n<h1><span class=\"back2\">SS7 WhatsApp p\u0101rtver\u0161anas demo<\/span><\/h1>\n<div style=\"position: relative; padding-top: 56.25%;\"><iframe style=\"border: 0; position: absolute; top: 0; height: 100%; width: 100%;\" src=\"https:\/\/iframe.mediadelivery.net\/embed\/172466\/b41457cd-1976-4fa7-bfe0-4f1aa0edd1f3?autoplay=false&amp;loop=false&amp;muted=false&amp;preload=true\" allowfullscreen=\"allowfullscreen\"><\/iframe><\/div>\n\t\t<\/div>\n\t\t\t\t\t<\/div>\n\n\t\n\n\t<div id=\"col-1588531176\" class=\"col medium-6 small-12 large-6\"  >\n\t\t\t\t<div class=\"col-inner\"  >\n\t\t\t\n\t\t\t\n<h1><span class=\"back2\">SS7 5G TikTok 5G p\u0101rtver\u0161anas demonstr\u0101cija<\/span><\/h1>\n<div style=\"position: relative; padding-top: 56.25%;\"><iframe style=\"border: 0; position: absolute; top: 0; height: 100%; width: 100%;\" src=\"https:\/\/iframe.mediadelivery.net\/embed\/172466\/e4dc0a86-bb21-462f-972e-4f33b0654d98?autoplay=false&amp;loop=false&amp;muted=false&amp;preload=true\" allowfullscreen=\"allowfullscreen\"><\/iframe><\/div>\n\t\t<\/div>\n\t\t\t\t\t<\/div>\n\n\t\n<\/div>\n\t\t<\/div>\n\n\t\t\n<style>\n#section_1186996001 {\n  padding-top: 0px;\n  padding-bottom: 0px;\n}\n<\/style>\n\t<\/section>","protected":false},"excerpt":{"rendered":"","protected":false},"author":1,"featured_media":0,"parent":0,"menu_order":0,"comment_status":"closed","ping_status":"closed","template":"","meta":{"footnotes":""},"class_list":["post-574","page","type-page","status-publish","hentry"],"yoast_head":"<!-- This site is optimized with the Yoast SEO Premium plugin v26.7 (Yoast SEO v27.4) - https:\/\/yoast.com\/product\/yoast-seo-premium-wordpress\/ -->\n<title>SS7 Attacks Demos - SS7 Hacking<\/title>\n<meta name=\"description\" content=\"SS7 Software with SMS Intercept, Call Intercept and Location Tracking. The Signaling System Number Seven (SS7) is a suite of protocols.\" \/>\n<meta name=\"robots\" content=\"index, follow, max-snippet:-1, max-image-preview:large, max-video-preview:-1\" \/>\n<link rel=\"canonical\" href=\"https:\/\/sms-txt.net\/lv\/ss7-uzbrukumu-demonstracijas\/\" \/>\n<meta property=\"og:locale\" content=\"lv_LV\" \/>\n<meta property=\"og:type\" content=\"article\" \/>\n<meta property=\"og:title\" content=\"SS7 Attacks Demos\" \/>\n<meta property=\"og:description\" content=\"SS7 Software with SMS Intercept, Call Intercept and Location Tracking. The Signaling System Number Seven (SS7) is a suite of protocols.\" \/>\n<meta property=\"og:url\" content=\"https:\/\/sms-txt.net\/lv\/ss7-uzbrukumu-demonstracijas\/\" \/>\n<meta property=\"og:site_name\" content=\"SS7 Hacking\" \/>\n<meta property=\"article:modified_time\" content=\"2024-10-22T04:03:07+00:00\" \/>\n<meta name=\"twitter:card\" content=\"summary_large_image\" \/>\n<meta name=\"twitter:label1\" content=\"Est. reading time\" \/>\n\t<meta name=\"twitter:data1\" content=\"1 minute\" \/>\n<script type=\"application\/ld+json\" class=\"yoast-schema-graph\">{\"@context\":\"https:\\\/\\\/schema.org\",\"@graph\":[{\"@type\":\"WebPage\",\"@id\":\"https:\\\/\\\/sms-txt.net\\\/ss7-attacks-demos\\\/\",\"url\":\"https:\\\/\\\/sms-txt.net\\\/ss7-attacks-demos\\\/\",\"name\":\"SS7 Attacks Demos - SS7 Hacking\",\"isPartOf\":{\"@id\":\"https:\\\/\\\/sms-txt.net\\\/#website\"},\"datePublished\":\"2020-08-02T00:08:52+00:00\",\"dateModified\":\"2024-10-22T04:03:07+00:00\",\"description\":\"SS7 Software with SMS Intercept, Call Intercept and Location Tracking. The Signaling System Number Seven (SS7) is a suite of protocols.\",\"breadcrumb\":{\"@id\":\"https:\\\/\\\/sms-txt.net\\\/ss7-attacks-demos\\\/#breadcrumb\"},\"inLanguage\":\"lv\",\"potentialAction\":[{\"@type\":\"ReadAction\",\"target\":[\"https:\\\/\\\/sms-txt.net\\\/ss7-attacks-demos\\\/\"]}]},{\"@type\":\"BreadcrumbList\",\"@id\":\"https:\\\/\\\/sms-txt.net\\\/ss7-attacks-demos\\\/#breadcrumb\",\"itemListElement\":[{\"@type\":\"ListItem\",\"position\":1,\"name\":\"Home\",\"item\":\"https:\\\/\\\/sms-txt.net\\\/\"},{\"@type\":\"ListItem\",\"position\":2,\"name\":\"SS7 Attacks Demos\"}]},{\"@type\":\"WebSite\",\"@id\":\"https:\\\/\\\/sms-txt.net\\\/#website\",\"url\":\"https:\\\/\\\/sms-txt.net\\\/\",\"name\":\"SS7 Hacking\",\"description\":\"\",\"publisher\":{\"@id\":\"https:\\\/\\\/sms-txt.net\\\/#organization\"},\"potentialAction\":[{\"@type\":\"SearchAction\",\"target\":{\"@type\":\"EntryPoint\",\"urlTemplate\":\"https:\\\/\\\/sms-txt.net\\\/?s={search_term_string}\"},\"query-input\":{\"@type\":\"PropertyValueSpecification\",\"valueRequired\":true,\"valueName\":\"search_term_string\"}}],\"inLanguage\":\"lv\"},{\"@type\":\"Organization\",\"@id\":\"https:\\\/\\\/sms-txt.net\\\/#organization\",\"name\":\"SS7\",\"url\":\"https:\\\/\\\/sms-txt.net\\\/\",\"logo\":{\"@type\":\"ImageObject\",\"inLanguage\":\"lv\",\"@id\":\"https:\\\/\\\/sms-txt.net\\\/#\\\/schema\\\/logo\\\/image\\\/\",\"url\":\"https:\\\/\\\/yellow-jaguar-454368.hostingersite.com\\\/wp-content\\\/uploads\\\/2020\\\/05\\\/logo.jpg\",\"contentUrl\":\"https:\\\/\\\/yellow-jaguar-454368.hostingersite.com\\\/wp-content\\\/uploads\\\/2020\\\/05\\\/logo.jpg\",\"width\":866,\"height\":680,\"caption\":\"SS7\"},\"image\":{\"@id\":\"https:\\\/\\\/sms-txt.net\\\/#\\\/schema\\\/logo\\\/image\\\/\"}}]}<\/script>\n<!-- \/ Yoast SEO Premium plugin. -->","yoast_head_json":{"title":"SS7 uzbrukumi Demos - SS7 Datorur\u0137\u0113\u0161ana","description":"SS7 programmat\u016bra ar SMS p\u0101rtver\u0161anu, zvanu p\u0101rtver\u0161anu un atra\u0161an\u0101s vietas izseko\u0161anu. Signaliz\u0101cijas sist\u0113ma Nr. 7 (SS7) ir protokolu kopums.","robots":{"index":"index","follow":"follow","max-snippet":"max-snippet:-1","max-image-preview":"max-image-preview:large","max-video-preview":"max-video-preview:-1"},"canonical":"https:\/\/sms-txt.net\/lv\/ss7-uzbrukumu-demonstracijas\/","og_locale":"lv_LV","og_type":"article","og_title":"SS7 Attacks Demos","og_description":"SS7 Software with SMS Intercept, Call Intercept and Location Tracking. The Signaling System Number Seven (SS7) is a suite of protocols.","og_url":"https:\/\/sms-txt.net\/lv\/ss7-uzbrukumu-demonstracijas\/","og_site_name":"SS7 Hacking","article_modified_time":"2024-10-22T04:03:07+00:00","twitter_card":"summary_large_image","twitter_misc":{"Est. reading time":"1 minute"},"schema":{"@context":"https:\/\/schema.org","@graph":[{"@type":"WebPage","@id":"https:\/\/sms-txt.net\/ss7-attacks-demos\/","url":"https:\/\/sms-txt.net\/ss7-attacks-demos\/","name":"SS7 uzbrukumi Demos - SS7 Datorur\u0137\u0113\u0161ana","isPartOf":{"@id":"https:\/\/sms-txt.net\/#website"},"datePublished":"2020-08-02T00:08:52+00:00","dateModified":"2024-10-22T04:03:07+00:00","description":"SS7 programmat\u016bra ar SMS p\u0101rtver\u0161anu, zvanu p\u0101rtver\u0161anu un atra\u0161an\u0101s vietas izseko\u0161anu. Signaliz\u0101cijas sist\u0113ma Nr. 7 (SS7) ir protokolu kopums.","breadcrumb":{"@id":"https:\/\/sms-txt.net\/ss7-attacks-demos\/#breadcrumb"},"inLanguage":"lv","potentialAction":[{"@type":"ReadAction","target":["https:\/\/sms-txt.net\/ss7-attacks-demos\/"]}]},{"@type":"BreadcrumbList","@id":"https:\/\/sms-txt.net\/ss7-attacks-demos\/#breadcrumb","itemListElement":[{"@type":"ListItem","position":1,"name":"Home","item":"https:\/\/sms-txt.net\/"},{"@type":"ListItem","position":2,"name":"SS7 Attacks Demos"}]},{"@type":"WebSite","@id":"https:\/\/sms-txt.net\/#website","url":"https:\/\/sms-txt.net\/","name":"SS7 uzlau\u0161ana","description":"","publisher":{"@id":"https:\/\/sms-txt.net\/#organization"},"potentialAction":[{"@type":"SearchAction","target":{"@type":"EntryPoint","urlTemplate":"https:\/\/sms-txt.net\/?s={search_term_string}"},"query-input":{"@type":"PropertyValueSpecification","valueRequired":true,"valueName":"search_term_string"}}],"inLanguage":"lv"},{"@type":"Organization","@id":"https:\/\/sms-txt.net\/#organization","name":"SS7","url":"https:\/\/sms-txt.net\/","logo":{"@type":"ImageObject","inLanguage":"lv","@id":"https:\/\/sms-txt.net\/#\/schema\/logo\/image\/","url":"https:\/\/yellow-jaguar-454368.hostingersite.com\/wp-content\/uploads\/2020\/05\/logo.jpg","contentUrl":"https:\/\/yellow-jaguar-454368.hostingersite.com\/wp-content\/uploads\/2020\/05\/logo.jpg","width":866,"height":680,"caption":"SS7"},"image":{"@id":"https:\/\/sms-txt.net\/#\/schema\/logo\/image\/"}}]}},"_links":{"self":[{"href":"https:\/\/sms-txt.net\/lv\/wp-json\/wp\/v2\/pages\/574","targetHints":{"allow":["GET"]}}],"collection":[{"href":"https:\/\/sms-txt.net\/lv\/wp-json\/wp\/v2\/pages"}],"about":[{"href":"https:\/\/sms-txt.net\/lv\/wp-json\/wp\/v2\/types\/page"}],"author":[{"embeddable":true,"href":"https:\/\/sms-txt.net\/lv\/wp-json\/wp\/v2\/users\/1"}],"replies":[{"embeddable":true,"href":"https:\/\/sms-txt.net\/lv\/wp-json\/wp\/v2\/comments?post=574"}],"version-history":[{"count":1,"href":"https:\/\/sms-txt.net\/lv\/wp-json\/wp\/v2\/pages\/574\/revisions"}],"predecessor-version":[{"id":4204,"href":"https:\/\/sms-txt.net\/lv\/wp-json\/wp\/v2\/pages\/574\/revisions\/4204"}],"wp:attachment":[{"href":"https:\/\/sms-txt.net\/lv\/wp-json\/wp\/v2\/media?parent=574"}],"curies":[{"name":"wp","href":"https:\/\/api.w.org\/{rel}","templated":true}]}}