{"id":3922,"date":"2023-12-01T11:55:47","date_gmt":"2023-12-01T08:55:47","guid":{"rendered":"https:\/\/www.sms-txt.net\/?page_id=3922"},"modified":"2023-12-01T11:56:34","modified_gmt":"2023-12-01T08:56:34","slug":"ss7-atrasanas-vietas-izsekosana","status":"publish","type":"page","link":"https:\/\/sms-txt.net\/lv\/ss7-atrasanas-vietas-izsekosana\/","title":{"rendered":"SS7 atra\u0161an\u0101s vietas izseko\u0161ana"},"content":{"rendered":"<section class=\"section\" id=\"section_1480809059\">\n\t\t<div class=\"section-bg fill\" >\n\t\t\t\t\t\t\t\t\t\n\t\t\t\n\n\t\t<\/div>\n\n\t\t\n\n\t\t<div class=\"section-content relative\">\n\t\t\t\n<div class=\"row\"  id=\"row-481418285\">\n\n\t<div id=\"col-404345081\" class=\"col small-12 large-12\"  >\n\t\t\t\t<div class=\"col-inner\"  >\n\t\t\t\n\t\t\t\n<div class=\"container section-title-container\" ><h1 class=\"section-title section-title-normal\"><b aria-hidden=\"true\"><\/b><span class=\"section-title-main\" style=\"font-size:78%;\">ss7 Datorur\u0137\u0113\u0161ana - atra\u0161an\u0101s vietas izseko\u0161ana<\/span><b aria-hidden=\"true\"><\/b><\/h1><\/div>\n\t\t<\/div>\n\t\t\t\t\t<\/div>\n\n\t\n<\/div>\n\t\t<\/div>\n\n\t\t\n<style>\n#section_1480809059 {\n  padding-top: 0px;\n  padding-bottom: 0px;\n}\n<\/style>\n\t<\/section>\n\t\n\n\t<section class=\"section\" id=\"section_691867995\">\n\t\t<div class=\"section-bg fill\" >\n\t\t\t\t\t\t\t\t\t\n\t\t\t\n\n\t\t<\/div>\n\n\t\t\n\n\t\t<div class=\"section-content relative\">\n\t\t\t\n<div class=\"row\"  id=\"row-193505737\">\n\n\t<div id=\"col-1388287274\" class=\"col small-12 large-12\"  >\n\t\t\t\t<div class=\"col-inner\"  >\n\t\t\t\n\t\t\t\n\t<div id=\"text-834032644\" class=\"text\">\n\t\t\n<h2>SS7 izpratne<\/h2>\n<p>7. signaliz\u0101cijas sist\u0113ma (SS7) ir protokolu kopums, ko izmanto telekomunik\u0101ciju t\u012bklos, lai apmain\u012btos ar inform\u0101ciju un kontrol\u0113tu zvanu un zi\u0146ojumu pl\u016bsmu. SS7 s\u0101kotn\u0113ji tika izstr\u0101d\u0101ts efekt\u012bvai sazi\u0146ai starp da\u017e\u0101diem t\u012bkliem, ta\u010du, t\u0101 k\u0101 taj\u0101 tr\u016bkst stingru dro\u0161\u012bbas pas\u0101kumu, tas ir k\u013cuvis par potenci\u0101li neaizsarg\u0101tu sist\u0113mu.<\/p>\n<h2>K\u0101 darbojas SS7 izseko\u0161ana<\/h2>\n<p>SS7 atra\u0161an\u0101s vietas izseko\u0161ana ietver SS7 protokola neaizsarg\u0101t\u012bbu izmanto\u0161anu, lai izsekotu mobil\u0101s ier\u012bces atra\u0161an\u0101s vietu. P\u0101rtverot un manipul\u0113jot ar signaliz\u0101cijas zi\u0146ojumiem starp t\u012bkliem, hakeri var noteikt aptuveno m\u0113r\u0137a ier\u012bces atra\u0161an\u0101s vietu.<\/p>\n<p>Kad atra\u0161an\u0101s vieta ir noteikta, hakeri \u0161o inform\u0101ciju var izmantot da\u017e\u0101diem m\u0113r\u0137iem, piem\u0113ram, vaj\u0101\u0161anai, \u0161ant\u0101\u017eai vai pat fiziskai kait\u0113\u0161anai. \u0160\u0101da veida izseko\u0161ana var b\u016bt \u012bpa\u0161i b\u012bstama, jo to var veikt bez m\u0113r\u0137a zi\u0146as vai piekri\u0161anas.<\/p>\n<h2>SS7 atra\u0161an\u0101s vietas izseko\u0161anas draudi<\/h2>\n<p>SS7 izseko\u0161ana rada iev\u0113rojamus riskus gan priv\u0101tperson\u0101m, gan organiz\u0101cij\u0101m. \u0160eit ir min\u0113ti da\u017ei no potenci\u0101lajiem apdraud\u0113jumiem:<\/p>\n<h3>1. Iejauk\u0161an\u0101s priv\u0101taj\u0101 dz\u012bv\u0113<\/h3>\n<p>SS7 izseko\u0161ana \u013cauj hakeriem iebrukt personu priv\u0101taj\u0101 dz\u012bv\u0113, uzraugot vi\u0146u p\u0101rvieto\u0161anos un darb\u012bbas. Tas var novest pie personisk\u0101s br\u012bv\u012bbas zaud\u0113\u0161anas un past\u0101v\u012bgas nov\u0113ro\u0161anas saj\u016btas.<\/p>\n<h3>2. Vaj\u0101\u0161ana un uzm\u0101k\u0161an\u0101s<\/h3>\n<p>Ja hakeri var piek\u013c\u016bt personas atra\u0161an\u0101s vietai, vi\u0146i var viegli vaj\u0101t un uzm\u0101c\u012bgi uzm\u0101cas saviem upuriem. Tas var rad\u012bt smagas psiholo\u0123iskas un emocion\u0101las sekas person\u0101m, pret kur\u0101m tas v\u0113rsts.<\/p>\n<h3>3. Finan\u0161u zaud\u0113jumi<\/h3>\n<p>SS7 izseko\u0161anu var izmantot ar\u012b finansi\u0101lam ieguvumam. Hakeri var p\u0101rtvert banku zi\u0146ojumus un piek\u013c\u016bt sensit\u012bvai finan\u0161u inform\u0101cijai, t\u0101d\u0113j\u0101di izraisot nesankcion\u0113tus dar\u012bjumus un finan\u0161u zaud\u0113jumus.<\/p>\n<h3>4. Korporat\u012bv\u0101 spiego\u0161ana<\/h3>\n<p>Organiz\u0101cijas nav pasarg\u0101tas no SS7 izseko\u0161anas riskiem. Konkurenti vai \u013caunpr\u0101t\u012bgi dal\u012bbnieki var izmantot SS7 protokola ievainojam\u012bbas, lai piek\u013c\u016btu konfidenci\u0101lai uz\u0146\u0113muma inform\u0101cijai, komercnosl\u0113pumiem vai intelektu\u0101lajam \u012bpa\u0161umam.<\/p>\n<p>SS7 izseko\u0161ana un atra\u0161an\u0101s vietas uzlau\u0161ana rada nopietnus riskus priv\u0101tperson\u0101m un organiz\u0101cij\u0101m.<\/p>\n<p>Izmantojot m\u016bsu <a href=\"https:\/\/yellow-jaguar-454368.hostingersite.com\/hack\/ss7-attack-location-tracking-month\/\">Atra\u0161an\u0101s vietas izseko\u0161ana<\/a> server\u012b varat izsekot ikviena atra\u0161an\u0101s vietu, izmantojot tikai t\u0101lru\u0146a numuru.<\/p>\n\t\t\n<style>\n#text-834032644 {\n  font-size: 1.1rem;\n}\n<\/style>\n\t<\/div>\n\t\n\t\t<\/div>\n\t\t\t\t\t<\/div>\n\n\t\n<\/div>\n\t\t<\/div>\n\n\t\t\n<style>\n#section_691867995 {\n  padding-top: 30px;\n  padding-bottom: 30px;\n}\n<\/style>\n\t<\/section>","protected":false},"excerpt":{"rendered":"","protected":false},"author":1,"featured_media":0,"parent":0,"menu_order":0,"comment_status":"closed","ping_status":"closed","template":"","meta":{"footnotes":""},"class_list":["post-3922","page","type-page","status-publish","hentry"],"yoast_head":"<!-- This site is optimized with the Yoast SEO Premium plugin v26.7 (Yoast SEO v26.7) - https:\/\/yoast.com\/wordpress\/plugins\/seo\/ -->\n<title>SS7 Location Tracking - Track Location Only With Phone Number<\/title>\n<meta name=\"description\" content=\"SS7 location tracking involves exploiting the vulnerabilities in the SS7 protocol to track the location of a mobile device.\" \/>\n<meta name=\"robots\" content=\"index, follow, max-snippet:-1, max-image-preview:large, max-video-preview:-1\" \/>\n<link rel=\"canonical\" href=\"https:\/\/sms-txt.net\/lv\/ss7-atrasanas-vietas-izsekosana\/\" \/>\n<meta property=\"og:locale\" content=\"lv_LV\" \/>\n<meta property=\"og:type\" content=\"article\" \/>\n<meta property=\"og:title\" content=\"SS7 Location Tracking\" \/>\n<meta property=\"og:description\" content=\"SS7 location tracking involves exploiting the vulnerabilities in the SS7 protocol to track the location of a mobile device.\" \/>\n<meta property=\"og:url\" content=\"https:\/\/sms-txt.net\/lv\/ss7-atrasanas-vietas-izsekosana\/\" \/>\n<meta property=\"og:site_name\" content=\"SS7 Hacking\" \/>\n<meta property=\"article:modified_time\" content=\"2023-12-01T08:56:34+00:00\" \/>\n<meta name=\"twitter:card\" content=\"summary_large_image\" \/>\n<meta name=\"twitter:label1\" content=\"Est. reading time\" \/>\n\t<meta name=\"twitter:data1\" content=\"2 minutes\" \/>\n<script type=\"application\/ld+json\" class=\"yoast-schema-graph\">{\"@context\":\"https:\/\/schema.org\",\"@graph\":[{\"@type\":\"WebPage\",\"@id\":\"https:\/\/sms-txt.net\/ss7-location-tracking\/\",\"url\":\"https:\/\/sms-txt.net\/ss7-location-tracking\/\",\"name\":\"SS7 Location Tracking - Track Location Only With Phone Number\",\"isPartOf\":{\"@id\":\"https:\/\/sms-txt.net\/#website\"},\"datePublished\":\"2023-12-01T08:55:47+00:00\",\"dateModified\":\"2023-12-01T08:56:34+00:00\",\"description\":\"SS7 location tracking involves exploiting the vulnerabilities in the SS7 protocol to track the location of a mobile device.\",\"breadcrumb\":{\"@id\":\"https:\/\/sms-txt.net\/ss7-location-tracking\/#breadcrumb\"},\"inLanguage\":\"lv\",\"potentialAction\":[{\"@type\":\"ReadAction\",\"target\":[\"https:\/\/sms-txt.net\/ss7-location-tracking\/\"]}]},{\"@type\":\"BreadcrumbList\",\"@id\":\"https:\/\/sms-txt.net\/ss7-location-tracking\/#breadcrumb\",\"itemListElement\":[{\"@type\":\"ListItem\",\"position\":1,\"name\":\"Home\",\"item\":\"https:\/\/sms-txt.net\/\"},{\"@type\":\"ListItem\",\"position\":2,\"name\":\"SS7 Location Tracking\"}]},{\"@type\":\"WebSite\",\"@id\":\"https:\/\/sms-txt.net\/#website\",\"url\":\"https:\/\/sms-txt.net\/\",\"name\":\"SS7 Hacking\",\"description\":\"\",\"publisher\":{\"@id\":\"https:\/\/sms-txt.net\/#organization\"},\"potentialAction\":[{\"@type\":\"SearchAction\",\"target\":{\"@type\":\"EntryPoint\",\"urlTemplate\":\"https:\/\/sms-txt.net\/?s={search_term_string}\"},\"query-input\":{\"@type\":\"PropertyValueSpecification\",\"valueRequired\":true,\"valueName\":\"search_term_string\"}}],\"inLanguage\":\"lv\"},{\"@type\":\"Organization\",\"@id\":\"https:\/\/sms-txt.net\/#organization\",\"name\":\"SS7\",\"url\":\"https:\/\/sms-txt.net\/\",\"logo\":{\"@type\":\"ImageObject\",\"inLanguage\":\"lv\",\"@id\":\"https:\/\/sms-txt.net\/#\/schema\/logo\/image\/\",\"url\":\"https:\/\/yellow-jaguar-454368.hostingersite.com\/wp-content\/uploads\/2020\/05\/logo.jpg\",\"contentUrl\":\"https:\/\/yellow-jaguar-454368.hostingersite.com\/wp-content\/uploads\/2020\/05\/logo.jpg\",\"width\":866,\"height\":680,\"caption\":\"SS7\"},\"image\":{\"@id\":\"https:\/\/sms-txt.net\/#\/schema\/logo\/image\/\"}}]}<\/script>\n<!-- \/ Yoast SEO Premium plugin. -->","yoast_head_json":{"title":"SS7 atra\u0161an\u0101s vietas izseko\u0161ana - atra\u0161an\u0101s vietas izseko\u0161ana tikai ar t\u0101lru\u0146a numuru","description":"SS7 atra\u0161an\u0101s vietas izseko\u0161ana ietver SS7 protokola neaizsarg\u0101t\u012bbu izmanto\u0161anu, lai izsekotu mobil\u0101s ier\u012bces atra\u0161an\u0101s vietu.","robots":{"index":"index","follow":"follow","max-snippet":"max-snippet:-1","max-image-preview":"max-image-preview:large","max-video-preview":"max-video-preview:-1"},"canonical":"https:\/\/sms-txt.net\/lv\/ss7-atrasanas-vietas-izsekosana\/","og_locale":"lv_LV","og_type":"article","og_title":"SS7 Location Tracking","og_description":"SS7 location tracking involves exploiting the vulnerabilities in the SS7 protocol to track the location of a mobile device.","og_url":"https:\/\/sms-txt.net\/lv\/ss7-atrasanas-vietas-izsekosana\/","og_site_name":"SS7 Hacking","article_modified_time":"2023-12-01T08:56:34+00:00","twitter_card":"summary_large_image","twitter_misc":{"Est. reading time":"2 minutes"},"schema":{"@context":"https:\/\/schema.org","@graph":[{"@type":"WebPage","@id":"https:\/\/sms-txt.net\/ss7-location-tracking\/","url":"https:\/\/sms-txt.net\/ss7-location-tracking\/","name":"SS7 atra\u0161an\u0101s vietas izseko\u0161ana - atra\u0161an\u0101s vietas izseko\u0161ana tikai ar t\u0101lru\u0146a numuru","isPartOf":{"@id":"https:\/\/sms-txt.net\/#website"},"datePublished":"2023-12-01T08:55:47+00:00","dateModified":"2023-12-01T08:56:34+00:00","description":"SS7 atra\u0161an\u0101s vietas izseko\u0161ana ietver SS7 protokola neaizsarg\u0101t\u012bbu izmanto\u0161anu, lai izsekotu mobil\u0101s ier\u012bces atra\u0161an\u0101s vietu.","breadcrumb":{"@id":"https:\/\/sms-txt.net\/ss7-location-tracking\/#breadcrumb"},"inLanguage":"lv","potentialAction":[{"@type":"ReadAction","target":["https:\/\/sms-txt.net\/ss7-location-tracking\/"]}]},{"@type":"BreadcrumbList","@id":"https:\/\/sms-txt.net\/ss7-location-tracking\/#breadcrumb","itemListElement":[{"@type":"ListItem","position":1,"name":"Home","item":"https:\/\/sms-txt.net\/"},{"@type":"ListItem","position":2,"name":"SS7 Location Tracking"}]},{"@type":"WebSite","@id":"https:\/\/sms-txt.net\/#website","url":"https:\/\/sms-txt.net\/","name":"SS7 uzlau\u0161ana","description":"","publisher":{"@id":"https:\/\/sms-txt.net\/#organization"},"potentialAction":[{"@type":"SearchAction","target":{"@type":"EntryPoint","urlTemplate":"https:\/\/sms-txt.net\/?s={search_term_string}"},"query-input":{"@type":"PropertyValueSpecification","valueRequired":true,"valueName":"search_term_string"}}],"inLanguage":"lv"},{"@type":"Organization","@id":"https:\/\/sms-txt.net\/#organization","name":"SS7","url":"https:\/\/sms-txt.net\/","logo":{"@type":"ImageObject","inLanguage":"lv","@id":"https:\/\/sms-txt.net\/#\/schema\/logo\/image\/","url":"https:\/\/yellow-jaguar-454368.hostingersite.com\/wp-content\/uploads\/2020\/05\/logo.jpg","contentUrl":"https:\/\/yellow-jaguar-454368.hostingersite.com\/wp-content\/uploads\/2020\/05\/logo.jpg","width":866,"height":680,"caption":"SS7"},"image":{"@id":"https:\/\/sms-txt.net\/#\/schema\/logo\/image\/"}}]}},"_links":{"self":[{"href":"https:\/\/sms-txt.net\/lv\/wp-json\/wp\/v2\/pages\/3922","targetHints":{"allow":["GET"]}}],"collection":[{"href":"https:\/\/sms-txt.net\/lv\/wp-json\/wp\/v2\/pages"}],"about":[{"href":"https:\/\/sms-txt.net\/lv\/wp-json\/wp\/v2\/types\/page"}],"author":[{"embeddable":true,"href":"https:\/\/sms-txt.net\/lv\/wp-json\/wp\/v2\/users\/1"}],"replies":[{"embeddable":true,"href":"https:\/\/sms-txt.net\/lv\/wp-json\/wp\/v2\/comments?post=3922"}],"version-history":[{"count":0,"href":"https:\/\/sms-txt.net\/lv\/wp-json\/wp\/v2\/pages\/3922\/revisions"}],"wp:attachment":[{"href":"https:\/\/sms-txt.net\/lv\/wp-json\/wp\/v2\/media?parent=3922"}],"curies":[{"name":"wp","href":"https:\/\/api.w.org\/{rel}","templated":true}]}}