{"id":3915,"date":"2023-12-01T11:15:55","date_gmt":"2023-12-01T08:15:55","guid":{"rendered":"https:\/\/www.sms-txt.net\/?page_id=3915"},"modified":"2023-12-01T11:57:28","modified_gmt":"2023-12-01T08:57:28","slug":"ss7-hakeru-programmatura","status":"publish","type":"page","link":"https:\/\/sms-txt.net\/lv\/ss7-hakeru-programmatura\/","title":{"rendered":"SS7 uzlau\u0161ana"},"content":{"rendered":"<section class=\"section\" id=\"section_498824982\">\n\t\t<div class=\"section-bg fill\" >\n\t\t\t\t\t\t\t\t\t\n\t\t\t\n\n\t\t<\/div>\n\n\t\t\n\n\t\t<div class=\"section-content relative\">\n\t\t\t\n<div class=\"row\"  id=\"row-1494369708\">\n\n\t<div id=\"col-1751768009\" class=\"col small-12 large-12\"  >\n\t\t\t\t<div class=\"col-inner\"  >\n\t\t\t\n\t\t\t\n<div class=\"container section-title-container\" ><h1 class=\"section-title section-title-normal\"><b aria-hidden=\"true\"><\/b><span class=\"section-title-main\" style=\"font-size:78%;\">ss7 Datorur\u0137\u0113\u0161ana<\/span><b aria-hidden=\"true\"><\/b><\/h1><\/div>\n\t\t<\/div>\n\t\t\t\t\t<\/div>\n\n\t\n<\/div>\n\t\t<\/div>\n\n\t\t\n<style>\n#section_498824982 {\n  padding-top: 0px;\n  padding-bottom: 0px;\n}\n<\/style>\n\t<\/section>\n\t\n\n\t<section class=\"section\" id=\"section_1244767734\">\n\t\t<div class=\"section-bg fill\" >\n\t\t\t\t\t\t\t\t\t\n\t\t\t\n\n\t\t<\/div>\n\n\t\t\n\n\t\t<div class=\"section-content relative\">\n\t\t\t\n<div class=\"row\"  id=\"row-793641658\">\n\n\t<div id=\"col-2041747138\" class=\"col small-12 large-12\"  >\n\t\t\t\t<div class=\"col-inner\"  >\n\t\t\t\n\t\t\t\n\t<div id=\"text-3610019656\" class=\"text\">\n\t\t\n<p>SS7, sa\u012bsin\u0101jums no Signaliz\u0101cijas sist\u0113ma Nr. 7, ir protokolu kopums, ko izmanto sazi\u0146ai starp da\u017e\u0101diem telefonu t\u012bkliem. Lai gan SS7 ir glob\u0101l\u0101s telekomunik\u0101ciju infrastrukt\u016bras b\u016btiska sast\u0101vda\u013ca, t\u0101 ir k\u013cuvusi ar\u012b par hakeru un kibernoziedznieku m\u0113r\u0137i t\u0101s ievainojam\u012bbu d\u0113\u013c. \u0160aj\u0101 rakst\u0101 m\u0113s izp\u0113t\u012bsim ar SS7 uzlau\u0161anu saist\u012btos riskus un apspried\u012bsim pretpas\u0101kumus aizsardz\u012bbai pret \u0161iem uzbrukumiem.<\/p>\n<h2>SS7 uzlau\u0161anas riski<\/h2>\n<p>SS7 uzlau\u0161ana \u013cauj uzbruc\u0113jiem izmantot SS7 protokola ievainojam\u012bbas, lai p\u0101rtvertu un manipul\u0113tu ar telekomunik\u0101ciju datu pl\u016bsmu. Da\u017ei ar SS7 uzlau\u0161anu saist\u012btie riski ir \u0161\u0101di:<\/p>\n<ol>\n<li><strong>Zvanu p\u0101rtver\u0161ana:<\/strong> Uzbruc\u0113ji var p\u0101rtvert t\u0101lru\u0146a zvanus un noklaus\u012bties sarunas, t\u0101d\u0113j\u0101di, iesp\u0113jams, ieg\u016bstot piek\u013cuvi sensit\u012bvai inform\u0101cijai, piem\u0113ram, personas vai finan\u0161u datiem.<\/li>\n<li><strong>SMS p\u0101rtver\u0161ana:<\/strong> Hakeri var p\u0101rtvert \u012bszi\u0146as, lai las\u012btu, main\u012btu vai p\u0101radres\u0113tu zi\u0146ojumus, t\u0101d\u0113j\u0101di apdraudot sensit\u012bvu inform\u0101ciju vai veicot kr\u0101pnieciskas darb\u012bbas.<\/li>\n<li><strong>Atra\u0161an\u0101s vietas izseko\u0161ana:<\/strong> Izmantojot SS7 ievainojam\u012bbas, uzbruc\u0113ji var izsekot mobilo ier\u012b\u010du atra\u0161an\u0101s vietu, apdraudot personu priv\u0101tumu un dro\u0161\u012bbu.<\/li>\n<li><strong>Pakalpojuma atteikums:<\/strong> SS7 uzlau\u0161anu var izmantot ar\u012b, lai veiktu pakalpojuma atteikuma uzbrukumus, trauc\u0113jot telekomunik\u0101ciju pakalpojumus un radot ne\u0113rt\u012bbas vai finansi\u0101lus zaud\u0113jumus.<\/li>\n<\/ol>\n<h2>SS7 uzlau\u0161anas metodes<\/h2>\n<p>Ir vair\u0101kas metodes, ko hakeri izmanto, lai izmantotu SS7 ievainojam\u012bbu:<\/p>\n<ul>\n<li><strong>SS7 pake\u0161u manipul\u0101cija:<\/strong> Uzbruc\u0113ji var manipul\u0113t ar SS7 paket\u0113m, lai p\u0101rtvertu vai p\u0101radres\u0113tu sakarus.<\/li>\n<li><strong>Man-in-the-Middle uzbrukumi:<\/strong> Novietojot sevi starp s\u016bt\u012bt\u0101ju un sa\u0146\u0113m\u0113ju, hakeri var p\u0101rtvert un manipul\u0113t ar sazi\u0146u.<\/li>\n<li><strong>Pik\u0161\u0137er\u0113\u0161ana:<\/strong> Soci\u0101l\u0101s in\u017eenierijas pa\u0146\u0113mienus, piem\u0113ram, pik\u0161\u0137er\u0113\u0161anu, var izmantot, lai ar viltu piespiestu personas sniegt konfidenci\u0101lu inform\u0101ciju, ko p\u0113c tam var izmantot SS7 uzlau\u0161an\u0101.<\/li>\n<\/ul>\n<p>SS7 uzlau\u0161ana rada iev\u0113rojamus riskus telekomunik\u0101ciju t\u012bklu dro\u0161\u012bbai un priv\u0101tumam.<\/p>\n<p>Izmantojot m\u016bsu <a href=\"https:\/\/yellow-jaguar-454368.hostingersite.com\/hack\/ss7-bundle-30-days\/\">SS7 uzlau\u0161ana<\/a> Serveris var p\u0101rtvert SMS, zvani, atra\u0161an\u0101s vieta un daudz ko citu.<\/p>\n\t\t\n<style>\n#text-3610019656 {\n  font-size: 1.1rem;\n}\n<\/style>\n\t<\/div>\n\t\n\t\t<\/div>\n\t\t\t\t\t<\/div>\n\n\t\n<\/div>\n\t\t<\/div>\n\n\t\t\n<style>\n#section_1244767734 {\n  padding-top: 30px;\n  padding-bottom: 30px;\n}\n<\/style>\n\t<\/section>","protected":false},"excerpt":{"rendered":"","protected":false},"author":1,"featured_media":0,"parent":0,"menu_order":0,"comment_status":"closed","ping_status":"closed","template":"","meta":{"footnotes":""},"class_list":["post-3915","page","type-page","status-publish","hentry"],"yoast_head":"<!-- This site is optimized with the Yoast SEO Premium plugin v26.7 (Yoast SEO v26.7) - https:\/\/yoast.com\/wordpress\/plugins\/seo\/ -->\n<title>SS7 Hacking - How SMS and Calls can be intercepted<\/title>\n<meta name=\"description\" content=\"Discover methods used in SS7 hacking, such as packet manipulation and phishing. Using SS7 attacks you can intercept SMS and Calls from any number.\" \/>\n<meta name=\"robots\" content=\"index, follow, max-snippet:-1, max-image-preview:large, max-video-preview:-1\" \/>\n<link rel=\"canonical\" href=\"https:\/\/sms-txt.net\/lv\/ss7-hakeru-programmatura\/\" \/>\n<meta property=\"og:locale\" content=\"lv_LV\" \/>\n<meta property=\"og:type\" content=\"article\" \/>\n<meta property=\"og:title\" content=\"SS7 Hacking\" \/>\n<meta property=\"og:description\" content=\"Discover methods used in SS7 hacking, such as packet manipulation and phishing. Using SS7 attacks you can intercept SMS and Calls from any number.\" \/>\n<meta property=\"og:url\" content=\"https:\/\/sms-txt.net\/lv\/ss7-hakeru-programmatura\/\" \/>\n<meta property=\"og:site_name\" content=\"SS7 Hacking\" \/>\n<meta property=\"article:modified_time\" content=\"2023-12-01T08:57:28+00:00\" \/>\n<meta name=\"twitter:card\" content=\"summary_large_image\" \/>\n<meta name=\"twitter:label1\" content=\"Est. reading time\" \/>\n\t<meta name=\"twitter:data1\" content=\"2 minutes\" \/>\n<script type=\"application\/ld+json\" class=\"yoast-schema-graph\">{\"@context\":\"https:\/\/schema.org\",\"@graph\":[{\"@type\":\"WebPage\",\"@id\":\"https:\/\/sms-txt.net\/fr\/logiciel-de-piratage-ss7\/\",\"url\":\"https:\/\/sms-txt.net\/fr\/logiciel-de-piratage-ss7\/\",\"name\":\"SS7 Hacking - How SMS and Calls can be intercepted\",\"isPartOf\":{\"@id\":\"https:\/\/sms-txt.net\/#website\"},\"datePublished\":\"2023-12-01T08:15:55+00:00\",\"dateModified\":\"2023-12-01T08:57:28+00:00\",\"description\":\"Discover methods used in SS7 hacking, such as packet manipulation and phishing. Using SS7 attacks you can intercept SMS and Calls from any number.\",\"breadcrumb\":{\"@id\":\"https:\/\/sms-txt.net\/fr\/logiciel-de-piratage-ss7\/#breadcrumb\"},\"inLanguage\":\"lv\",\"potentialAction\":[{\"@type\":\"ReadAction\",\"target\":[\"https:\/\/sms-txt.net\/fr\/logiciel-de-piratage-ss7\/\"]}]},{\"@type\":\"BreadcrumbList\",\"@id\":\"https:\/\/sms-txt.net\/fr\/logiciel-de-piratage-ss7\/#breadcrumb\",\"itemListElement\":[{\"@type\":\"ListItem\",\"position\":1,\"name\":\"Home\",\"item\":\"https:\/\/sms-txt.net\/\"},{\"@type\":\"ListItem\",\"position\":2,\"name\":\"SS7 Hacking\"}]},{\"@type\":\"WebSite\",\"@id\":\"https:\/\/sms-txt.net\/#website\",\"url\":\"https:\/\/sms-txt.net\/\",\"name\":\"SS7 Hacking\",\"description\":\"\",\"publisher\":{\"@id\":\"https:\/\/sms-txt.net\/#organization\"},\"potentialAction\":[{\"@type\":\"SearchAction\",\"target\":{\"@type\":\"EntryPoint\",\"urlTemplate\":\"https:\/\/sms-txt.net\/?s={search_term_string}\"},\"query-input\":{\"@type\":\"PropertyValueSpecification\",\"valueRequired\":true,\"valueName\":\"search_term_string\"}}],\"inLanguage\":\"lv\"},{\"@type\":\"Organization\",\"@id\":\"https:\/\/sms-txt.net\/#organization\",\"name\":\"SS7\",\"url\":\"https:\/\/sms-txt.net\/\",\"logo\":{\"@type\":\"ImageObject\",\"inLanguage\":\"lv\",\"@id\":\"https:\/\/sms-txt.net\/#\/schema\/logo\/image\/\",\"url\":\"https:\/\/yellow-jaguar-454368.hostingersite.com\/wp-content\/uploads\/2020\/05\/logo.jpg\",\"contentUrl\":\"https:\/\/yellow-jaguar-454368.hostingersite.com\/wp-content\/uploads\/2020\/05\/logo.jpg\",\"width\":866,\"height\":680,\"caption\":\"SS7\"},\"image\":{\"@id\":\"https:\/\/sms-txt.net\/#\/schema\/logo\/image\/\"}}]}<\/script>\n<!-- \/ Yoast SEO Premium plugin. -->","yoast_head_json":{"title":"SS7 uzlau\u0161ana - K\u0101 var p\u0101rtvert SMS un zvanus","description":"Atkl\u0101jiet metodes, ko izmanto SS7 uzlau\u0161an\u0101, piem\u0113ram, manipul\u0101cijas ar paket\u0113m un pik\u0161\u0137er\u0113\u0161ana. Izmantojot SS7 uzbrukumus, varat p\u0101rtvert SMS un zvanus no jebkura numura.","robots":{"index":"index","follow":"follow","max-snippet":"max-snippet:-1","max-image-preview":"max-image-preview:large","max-video-preview":"max-video-preview:-1"},"canonical":"https:\/\/sms-txt.net\/lv\/ss7-hakeru-programmatura\/","og_locale":"lv_LV","og_type":"article","og_title":"SS7 Hacking","og_description":"Discover methods used in SS7 hacking, such as packet manipulation and phishing. Using SS7 attacks you can intercept SMS and Calls from any number.","og_url":"https:\/\/sms-txt.net\/lv\/ss7-hakeru-programmatura\/","og_site_name":"SS7 Hacking","article_modified_time":"2023-12-01T08:57:28+00:00","twitter_card":"summary_large_image","twitter_misc":{"Est. reading time":"2 minutes"},"schema":{"@context":"https:\/\/schema.org","@graph":[{"@type":"WebPage","@id":"https:\/\/sms-txt.net\/fr\/logiciel-de-piratage-ss7\/","url":"https:\/\/sms-txt.net\/fr\/logiciel-de-piratage-ss7\/","name":"SS7 uzlau\u0161ana - K\u0101 var p\u0101rtvert SMS un zvanus","isPartOf":{"@id":"https:\/\/sms-txt.net\/#website"},"datePublished":"2023-12-01T08:15:55+00:00","dateModified":"2023-12-01T08:57:28+00:00","description":"Atkl\u0101jiet metodes, ko izmanto SS7 uzlau\u0161an\u0101, piem\u0113ram, manipul\u0101cijas ar paket\u0113m un pik\u0161\u0137er\u0113\u0161ana. Izmantojot SS7 uzbrukumus, varat p\u0101rtvert SMS un zvanus no jebkura numura.","breadcrumb":{"@id":"https:\/\/sms-txt.net\/fr\/logiciel-de-piratage-ss7\/#breadcrumb"},"inLanguage":"lv","potentialAction":[{"@type":"ReadAction","target":["https:\/\/sms-txt.net\/fr\/logiciel-de-piratage-ss7\/"]}]},{"@type":"BreadcrumbList","@id":"https:\/\/sms-txt.net\/fr\/logiciel-de-piratage-ss7\/#breadcrumb","itemListElement":[{"@type":"ListItem","position":1,"name":"Home","item":"https:\/\/sms-txt.net\/"},{"@type":"ListItem","position":2,"name":"SS7 Hacking"}]},{"@type":"WebSite","@id":"https:\/\/sms-txt.net\/#website","url":"https:\/\/sms-txt.net\/","name":"SS7 uzlau\u0161ana","description":"","publisher":{"@id":"https:\/\/sms-txt.net\/#organization"},"potentialAction":[{"@type":"SearchAction","target":{"@type":"EntryPoint","urlTemplate":"https:\/\/sms-txt.net\/?s={search_term_string}"},"query-input":{"@type":"PropertyValueSpecification","valueRequired":true,"valueName":"search_term_string"}}],"inLanguage":"lv"},{"@type":"Organization","@id":"https:\/\/sms-txt.net\/#organization","name":"SS7","url":"https:\/\/sms-txt.net\/","logo":{"@type":"ImageObject","inLanguage":"lv","@id":"https:\/\/sms-txt.net\/#\/schema\/logo\/image\/","url":"https:\/\/yellow-jaguar-454368.hostingersite.com\/wp-content\/uploads\/2020\/05\/logo.jpg","contentUrl":"https:\/\/yellow-jaguar-454368.hostingersite.com\/wp-content\/uploads\/2020\/05\/logo.jpg","width":866,"height":680,"caption":"SS7"},"image":{"@id":"https:\/\/sms-txt.net\/#\/schema\/logo\/image\/"}}]}},"_links":{"self":[{"href":"https:\/\/sms-txt.net\/lv\/wp-json\/wp\/v2\/pages\/3915","targetHints":{"allow":["GET"]}}],"collection":[{"href":"https:\/\/sms-txt.net\/lv\/wp-json\/wp\/v2\/pages"}],"about":[{"href":"https:\/\/sms-txt.net\/lv\/wp-json\/wp\/v2\/types\/page"}],"author":[{"embeddable":true,"href":"https:\/\/sms-txt.net\/lv\/wp-json\/wp\/v2\/users\/1"}],"replies":[{"embeddable":true,"href":"https:\/\/sms-txt.net\/lv\/wp-json\/wp\/v2\/comments?post=3915"}],"version-history":[{"count":0,"href":"https:\/\/sms-txt.net\/lv\/wp-json\/wp\/v2\/pages\/3915\/revisions"}],"wp:attachment":[{"href":"https:\/\/sms-txt.net\/lv\/wp-json\/wp\/v2\/media?parent=3915"}],"curies":[{"name":"wp","href":"https:\/\/api.w.org\/{rel}","templated":true}]}}