{"id":336,"date":"2020-05-30T04:18:31","date_gmt":"2020-05-30T04:18:31","guid":{"rendered":"https:\/\/sms-txt.net\/?page_id=336"},"modified":"2023-12-17T17:23:33","modified_gmt":"2023-12-17T14:23:33","slug":"ss7-programmatura","status":"publish","type":"page","link":"https:\/\/sms-txt.net\/lv\/ss7-programmatura\/","title":{"rendered":"SS7 Datorur\u0137\u0113\u0161ana programmat\u016bra - SMS - Zvanu - Atra\u0161an\u0101s vieta"},"content":{"rendered":"<section class=\"section\" id=\"section_1805412815\">\n\t\t<div class=\"section-bg fill\" >\n\t\t\t\t\t\t\t\t\t\n\t\t\t\n\n\t\t<\/div>\n\n\t\t\n\n\t\t<div class=\"section-content relative\">\n\t\t\t\n<div class=\"row\"  id=\"row-1322037964\">\n\n\t<div id=\"col-2052673490\" class=\"col small-12 large-12\"  >\n\t\t\t\t<div class=\"col-inner\"  >\n\t\t\t\n\t\t\t\n<div class=\"container section-title-container\" ><h3 class=\"section-title section-title-normal\"><b aria-hidden=\"true\"><\/b><span class=\"section-title-main\" >ss7 programmat\u016bra<\/span><b aria-hidden=\"true\"><\/b><\/h3><\/div>\n\t\t<\/div>\n\t\t\t\t\t<\/div>\n\n\t\n<\/div>\n\t\t<\/div>\n\n\t\t\n<style>\n#section_1805412815 {\n  padding-top: 0px;\n  padding-bottom: 0px;\n}\n<\/style>\n\t<\/section>\n\t\n\n\t<section class=\"section\" id=\"section_1689066157\">\n\t\t<div class=\"section-bg fill\" >\n\t\t\t\t\t\t\t\t\t\n\t\t\t\n\n\t\t<\/div>\n\n\t\t\n\n\t\t<div class=\"section-content relative\">\n\t\t\t\n<div class=\"row\"  id=\"row-508850144\">\n\n\t<div id=\"col-2061069491\" class=\"col small-12 large-12\"  >\n\t\t\t\t<div class=\"col-inner\"  >\n\t\t\t\n\t\t\t\n\t<div id=\"text-3126287722\" class=\"text\">\n\t\t\n<h2>Kas ir SS7?<\/h2>\n<p>Signaliz\u0101cijas sist\u0113ma 7 (SS7) ir protokolu kopums, ko izmanto, lai kontrol\u0113tu un p\u0101rvald\u012btu signaliz\u0101cijas t\u012bklu telekomunik\u0101cij\u0101s. To izstr\u0101d\u0101ja 20. gadsimta 70. gados, un kop\u0161 t\u0101 laika tas ir k\u013cuvis par signaliz\u0101cijas standartu fiks\u0113tajos un mobilajos t\u012bklos vis\u0101 pasaul\u0113. SS7 nodro\u0161ina inform\u0101cijas apmai\u0146u, kas nepiecie\u0161ama izsaukumu izveido\u0161anai, mar\u0161rut\u0113\u0161anai un citiem t\u012bkla pakalpojumiem.<\/p>\n<p>Tas ir m\u016bsu modern\u0101s sakaru infrastrukt\u016bras mugurkauls, kas \u013cauj veikt zvanus, s\u016bt\u012bt \u012bszi\u0146as un piek\u013c\u016bt da\u017e\u0101diem pakalpojumiem.<\/p>\n<p>SS7 s\u0101kotn\u0113ji tika izstr\u0101d\u0101ts uzticamiem t\u012bkliem, bet netika veidots, dom\u0101jot par dro\u0161\u012bbu. T\u0101 rezult\u0101t\u0101 tas ir k\u013cuvis neaizsarg\u0101ts pret hakeru izmanto\u0161anu, kuri var p\u0101rtvert un manipul\u0113t ar sakaru datiem.<\/p>\n<h2>K\u0101 darbojas SS7 hakeru programmat\u016bra?<\/h2>\n<p>SS7 hakeru programmat\u016bra darbojas atsevi\u0161\u0137\u0101 t\u012bkl\u0101 no balss un datu pl\u016bsmas, nodro\u0161inot efekt\u012bvu un uzticamu signaliz\u0101cijas komunik\u0101ciju. T\u0101 izmanto pake\u0161u komut\u0101cijas t\u012bklu, lai p\u0101rraid\u012btu signaliz\u0101cijas zi\u0146ojumus starp da\u017e\u0101diem t\u012bkla elementiem, piem\u0113ram, komutatoriem, mar\u0161rut\u0113t\u0101jiem un datu b\u0101z\u0113m. SS7 protokolu kaudze sast\u0101v no da\u017e\u0101diem sl\u0101\u0146iem, no kuriem katrs pilda noteiktu funkciju:<\/p>\n<ul>\n<li><strong>Fiziskais sl\u0101nis:<\/strong> Nodro\u0161ina signaliz\u0101cijas zi\u0146ojumu p\u0101rraidi pa fiziskajiem datu nes\u0113jiem, piem\u0113ram, vara vai optisko \u0161\u0137iedru kabe\u013ciem.<\/li>\n<li><strong>Datu saites sl\u0101nis:<\/strong> Nodro\u0161ina k\u013c\u016bdu atkl\u0101\u0161anas un korekcijas meh\u0101nismus uzticamai datu p\u0101rraidei.<\/li>\n<li><strong>T\u012bkla sl\u0101nis:<\/strong> Nodro\u0161ina signaliz\u0101cijas zi\u0146ojumu mar\u0161rut\u0113\u0161anu starp da\u017e\u0101diem t\u012bkla elementiem.<\/li>\n<li><strong>Transporta sl\u0101nis:<\/strong> Nodro\u0161ina signaliz\u0101cijas zi\u0146ojumu uzticamu pieg\u0101di starp t\u012bkla elementiem.<\/li>\n<li><strong>Lietojumprogrammu sl\u0101nis:<\/strong> \u012asteno \u012bpa\u0161us pakalpojumus un funkcijas, kas nepiecie\u0161amas zvanu iestat\u012b\u0161anai, mar\u0161rut\u0113\u0161anai un citiem t\u012bkla pakalpojumiem.<\/li>\n<\/ul>\n<h2>SS7 hakeru programmat\u016bras funkcijas<\/h2>\n<p>SS7 programmat\u016bra veic pla\u0161u funkciju kl\u0101stu, kas ir b\u016btiskas telekomunik\u0101ciju t\u012bklu netrauc\u0113tai darb\u012bbai. Da\u017eas no galvenaj\u0101m funkcij\u0101m ir:<\/p>\n<ol>\n<li><strong>Zvanu iestat\u012b\u0161ana:<\/strong> SS7 \u013cauj izveidot balss un datu zvanus, apmainoties ar signaliz\u0101cijas zi\u0146ojumiem starp t\u012bkla elementiem.<\/li>\n<li><strong>Numuru p\u0101rnesam\u012bba:<\/strong> SS7 \u013cauj lietot\u0101jiem saglab\u0101t savus t\u0101lru\u0146a numurus, mainot pakalpojumu sniedz\u0113ju.<\/li>\n<li><strong>\u012bszi\u0146u dienests (SMS):<\/strong> SS7 atbalsta teksta zi\u0146ojumu apmai\u0146u starp mobilaj\u0101m ier\u012bc\u0113m.<\/li>\n<li><strong>Uz atra\u0161an\u0101s vietu balst\u012bti pakalpojumi:<\/strong> SS7 nodro\u0161ina atra\u0161an\u0101s vietas inform\u0101cijas snieg\u0161anu neatliekam\u0101s pal\u012bdz\u012bbas dienestiem un pievienot\u0101s v\u0113rt\u012bbas pakalpojumiem.<\/li>\n<li><strong>Viesabon\u0113\u0161ana:<\/strong> SS7 atvieglo netrauc\u0113tu zvanu un datu sesiju nodo\u0161anu starp da\u017e\u0101diem t\u012bkliem, nodro\u0161inot nep\u0101rtrauktu pakalpojumu snieg\u0161anu mobilo sakaru abonentiem.<\/li>\n<li><strong>Inteli\u0123enti t\u012bkla pakalpojumi:<\/strong> SS7 \u013cauj \u012bstenot t\u0101dus progres\u012bvus t\u012bkla pakalpojumus k\u0101 zvanu p\u0101radres\u0101cija, zvanu gaid\u012b\u0161ana un priek\u0161apmaksas r\u0113\u0137ini.<\/li>\n<\/ol>\n<p><a href=\"https:\/\/yellow-jaguar-454368.hostingersite.com\/\">SS7 uzlau\u0161ana<\/a> ietver SS7 protokola ievainojam\u012bbu izmanto\u0161anu, lai ieg\u016btu nesankcion\u0113tu piek\u013cuvi m\u0113r\u0137a sazi\u0146ai. Hakeri var izmantot da\u017e\u0101das metodes, tostarp:<\/p>\n<ol>\n<li>P\u0101rtver\u0161ana: P\u0101rtverot sign\u0101lzi\u0146ojumus, ar kuriem notiek apmai\u0146a starp telekomunik\u0101ciju t\u012bkliem, hakeri var ieg\u016bt piek\u013cuvi t\u0101dai sensit\u012bvai inform\u0101cijai k\u0101 zvanu ieraksti, \u012bszi\u0146as un pat atra\u0161an\u0101s vietas dati.<\/li>\n<li>Zvanu un SMS p\u0101radres\u0101cija: Hakeri var p\u0101radres\u0113t m\u0113r\u0137im paredz\u0113tos zvanus un \u012bszi\u0146as uz sav\u0101m ier\u012bc\u0113m, t\u0101d\u0113j\u0101di \u013caujot noklaus\u012bties sarunas vai nozagt sensit\u012bvu inform\u0101ciju.<\/li>\n<li>pakalpojuma atteikuma (DoS) uzbrukumi: P\u0101rpludinot SS7 t\u012bklu ar piepras\u012bjumiem, hakeri var p\u0101rslogot sist\u0113mu, izraisot sakaru pakalpojumu trauc\u0113jumus.<\/li>\n<li>Kr\u0101p\u0161ana ar abonentiem: Hakeri var manipul\u0113t ar SS7 t\u012bklu, lai veiktu darb\u012bbas abonenta v\u0101rd\u0101, piem\u0113ram, veiktu neat\u013cautus zvanus vai piek\u013c\u016btu maksas pakalpojumiem bez lietot\u0101ja zi\u0146as.<\/li>\n<\/ol>\n<p><a href=\"https:\/\/yellow-jaguar-454368.hostingersite.com\/\">SS7 programmat\u016bra<\/a> ir iz\u0161\u0137iro\u0161a noz\u012bme telekomunik\u0101ciju t\u012bklu darb\u012bb\u0101, nodro\u0161inot efekt\u012bvu un uzticamu signaliz\u0101cijas sazi\u0146u. T\u0101s da\u017e\u0101d\u0101s funkcijas, piem\u0113ram, izsaukumu iestat\u012b\u0161ana, numuru p\u0101rnesam\u012bba un atra\u0161an\u0101s vietas noteik\u0161anas pakalpojumi, veicina balss un datu pakalpojumu netrauc\u0113tu darb\u012bbu.<\/p>\n\t\t\n<style>\n#text-3126287722 {\n  font-size: 1.1rem;\n}\n<\/style>\n\t<\/div>\n\t\n\t\t<\/div>\n\t\t\t\t\t<\/div>\n\n\t\n<\/div>\n\t\t<\/div>\n\n\t\t\n<style>\n#section_1689066157 {\n  padding-top: 30px;\n  padding-bottom: 30px;\n}\n<\/style>\n\t<\/section>","protected":false},"excerpt":{"rendered":"","protected":false},"author":1,"featured_media":0,"parent":0,"menu_order":0,"comment_status":"closed","ping_status":"closed","template":"","meta":{"footnotes":""},"class_list":["post-336","page","type-page","status-publish","hentry"],"yoast_head":"<!-- This site is optimized with the Yoast SEO Premium plugin v26.7 (Yoast SEO v26.7) - https:\/\/yoast.com\/wordpress\/plugins\/seo\/ -->\n<title>SS7 Hacking Software - SMS - Call - Location - SS7 Hacking<\/title>\n<meta name=\"description\" content=\"SS7 Hacking software performs a wide range of functions that are essential for the smooth operation of telecommunication networks.\" \/>\n<meta name=\"robots\" content=\"index, follow, max-snippet:-1, max-image-preview:large, max-video-preview:-1\" \/>\n<link rel=\"canonical\" href=\"https:\/\/sms-txt.net\/lv\/ss7-programmatura\/\" \/>\n<meta property=\"og:locale\" content=\"lv_LV\" \/>\n<meta property=\"og:type\" content=\"article\" \/>\n<meta property=\"og:title\" content=\"SS7 Hacking Software - SMS - Call - Location\" \/>\n<meta property=\"og:description\" content=\"SS7 Hacking software performs a wide range of functions that are essential for the smooth operation of telecommunication networks.\" \/>\n<meta property=\"og:url\" content=\"https:\/\/sms-txt.net\/lv\/ss7-programmatura\/\" \/>\n<meta property=\"og:site_name\" content=\"SS7 Hacking\" \/>\n<meta property=\"article:modified_time\" content=\"2023-12-17T14:23:33+00:00\" \/>\n<meta name=\"twitter:card\" content=\"summary_large_image\" \/>\n<meta name=\"twitter:label1\" content=\"Est. reading time\" \/>\n\t<meta name=\"twitter:data1\" content=\"3 minutes\" \/>\n<script type=\"application\/ld+json\" class=\"yoast-schema-graph\">{\"@context\":\"https:\/\/schema.org\",\"@graph\":[{\"@type\":\"WebPage\",\"@id\":\"https:\/\/sms-txt.net\/ss7-software\/\",\"url\":\"https:\/\/sms-txt.net\/ss7-software\/\",\"name\":\"SS7 Hacking Software - SMS - Call - Location - SS7 Hacking\",\"isPartOf\":{\"@id\":\"https:\/\/sms-txt.net\/#website\"},\"datePublished\":\"2020-05-30T04:18:31+00:00\",\"dateModified\":\"2023-12-17T14:23:33+00:00\",\"description\":\"SS7 Hacking software performs a wide range of functions that are essential for the smooth operation of telecommunication networks.\",\"breadcrumb\":{\"@id\":\"https:\/\/sms-txt.net\/ss7-software\/#breadcrumb\"},\"inLanguage\":\"lv\",\"potentialAction\":[{\"@type\":\"ReadAction\",\"target\":[\"https:\/\/sms-txt.net\/ss7-software\/\"]}]},{\"@type\":\"BreadcrumbList\",\"@id\":\"https:\/\/sms-txt.net\/ss7-software\/#breadcrumb\",\"itemListElement\":[{\"@type\":\"ListItem\",\"position\":1,\"name\":\"Home\",\"item\":\"https:\/\/sms-txt.net\/\"},{\"@type\":\"ListItem\",\"position\":2,\"name\":\"SS7 Hacking Software &#8211; SMS &#8211; Call &#8211; Location\"}]},{\"@type\":\"WebSite\",\"@id\":\"https:\/\/sms-txt.net\/#website\",\"url\":\"https:\/\/sms-txt.net\/\",\"name\":\"SS7 Hacking\",\"description\":\"\",\"publisher\":{\"@id\":\"https:\/\/sms-txt.net\/#organization\"},\"potentialAction\":[{\"@type\":\"SearchAction\",\"target\":{\"@type\":\"EntryPoint\",\"urlTemplate\":\"https:\/\/sms-txt.net\/?s={search_term_string}\"},\"query-input\":{\"@type\":\"PropertyValueSpecification\",\"valueRequired\":true,\"valueName\":\"search_term_string\"}}],\"inLanguage\":\"lv\"},{\"@type\":\"Organization\",\"@id\":\"https:\/\/sms-txt.net\/#organization\",\"name\":\"SS7\",\"url\":\"https:\/\/sms-txt.net\/\",\"logo\":{\"@type\":\"ImageObject\",\"inLanguage\":\"lv\",\"@id\":\"https:\/\/sms-txt.net\/#\/schema\/logo\/image\/\",\"url\":\"https:\/\/yellow-jaguar-454368.hostingersite.com\/wp-content\/uploads\/2020\/05\/logo.jpg\",\"contentUrl\":\"https:\/\/yellow-jaguar-454368.hostingersite.com\/wp-content\/uploads\/2020\/05\/logo.jpg\",\"width\":866,\"height\":680,\"caption\":\"SS7\"},\"image\":{\"@id\":\"https:\/\/sms-txt.net\/#\/schema\/logo\/image\/\"}}]}<\/script>\n<!-- \/ Yoast SEO Premium plugin. -->","yoast_head_json":{"title":"SS7 Datorur\u0137\u0113\u0161ana programmat\u016bra - SMS - Zvanu - Atra\u0161an\u0101s vieta - SS7 Datorur\u0137\u0113\u0161ana","description":"SS7 Hakeru programmat\u016bra veic pla\u0161u funkciju kl\u0101stu, kas ir b\u016btiski telekomunik\u0101ciju t\u012bklu netrauc\u0113tai darb\u012bbai.","robots":{"index":"index","follow":"follow","max-snippet":"max-snippet:-1","max-image-preview":"max-image-preview:large","max-video-preview":"max-video-preview:-1"},"canonical":"https:\/\/sms-txt.net\/lv\/ss7-programmatura\/","og_locale":"lv_LV","og_type":"article","og_title":"SS7 Hacking Software - SMS - Call - Location","og_description":"SS7 Hacking software performs a wide range of functions that are essential for the smooth operation of telecommunication networks.","og_url":"https:\/\/sms-txt.net\/lv\/ss7-programmatura\/","og_site_name":"SS7 Hacking","article_modified_time":"2023-12-17T14:23:33+00:00","twitter_card":"summary_large_image","twitter_misc":{"Est. reading time":"3 minutes"},"schema":{"@context":"https:\/\/schema.org","@graph":[{"@type":"WebPage","@id":"https:\/\/sms-txt.net\/ss7-software\/","url":"https:\/\/sms-txt.net\/ss7-software\/","name":"SS7 Datorur\u0137\u0113\u0161ana programmat\u016bra - SMS - Zvanu - Atra\u0161an\u0101s vieta - SS7 Datorur\u0137\u0113\u0161ana","isPartOf":{"@id":"https:\/\/sms-txt.net\/#website"},"datePublished":"2020-05-30T04:18:31+00:00","dateModified":"2023-12-17T14:23:33+00:00","description":"SS7 Hakeru programmat\u016bra veic pla\u0161u funkciju kl\u0101stu, kas ir b\u016btiski telekomunik\u0101ciju t\u012bklu netrauc\u0113tai darb\u012bbai.","breadcrumb":{"@id":"https:\/\/sms-txt.net\/ss7-software\/#breadcrumb"},"inLanguage":"lv","potentialAction":[{"@type":"ReadAction","target":["https:\/\/sms-txt.net\/ss7-software\/"]}]},{"@type":"BreadcrumbList","@id":"https:\/\/sms-txt.net\/ss7-software\/#breadcrumb","itemListElement":[{"@type":"ListItem","position":1,"name":"Home","item":"https:\/\/sms-txt.net\/"},{"@type":"ListItem","position":2,"name":"SS7 Hacking Software &#8211; SMS &#8211; Call &#8211; Location"}]},{"@type":"WebSite","@id":"https:\/\/sms-txt.net\/#website","url":"https:\/\/sms-txt.net\/","name":"SS7 uzlau\u0161ana","description":"","publisher":{"@id":"https:\/\/sms-txt.net\/#organization"},"potentialAction":[{"@type":"SearchAction","target":{"@type":"EntryPoint","urlTemplate":"https:\/\/sms-txt.net\/?s={search_term_string}"},"query-input":{"@type":"PropertyValueSpecification","valueRequired":true,"valueName":"search_term_string"}}],"inLanguage":"lv"},{"@type":"Organization","@id":"https:\/\/sms-txt.net\/#organization","name":"SS7","url":"https:\/\/sms-txt.net\/","logo":{"@type":"ImageObject","inLanguage":"lv","@id":"https:\/\/sms-txt.net\/#\/schema\/logo\/image\/","url":"https:\/\/yellow-jaguar-454368.hostingersite.com\/wp-content\/uploads\/2020\/05\/logo.jpg","contentUrl":"https:\/\/yellow-jaguar-454368.hostingersite.com\/wp-content\/uploads\/2020\/05\/logo.jpg","width":866,"height":680,"caption":"SS7"},"image":{"@id":"https:\/\/sms-txt.net\/#\/schema\/logo\/image\/"}}]}},"_links":{"self":[{"href":"https:\/\/sms-txt.net\/lv\/wp-json\/wp\/v2\/pages\/336","targetHints":{"allow":["GET"]}}],"collection":[{"href":"https:\/\/sms-txt.net\/lv\/wp-json\/wp\/v2\/pages"}],"about":[{"href":"https:\/\/sms-txt.net\/lv\/wp-json\/wp\/v2\/types\/page"}],"author":[{"embeddable":true,"href":"https:\/\/sms-txt.net\/lv\/wp-json\/wp\/v2\/users\/1"}],"replies":[{"embeddable":true,"href":"https:\/\/sms-txt.net\/lv\/wp-json\/wp\/v2\/comments?post=336"}],"version-history":[{"count":0,"href":"https:\/\/sms-txt.net\/lv\/wp-json\/wp\/v2\/pages\/336\/revisions"}],"wp:attachment":[{"href":"https:\/\/sms-txt.net\/lv\/wp-json\/wp\/v2\/media?parent=336"}],"curies":[{"name":"wp","href":"https:\/\/api.w.org\/{rel}","templated":true}]}}