{"id":3985,"date":"2023-12-18T16:05:05","date_gmt":"2023-12-18T13:05:05","guid":{"rendered":"https:\/\/www.sms-txt.net\/?post_type=product&#038;p=3985"},"modified":"2026-02-24T03:05:30","modified_gmt":"2026-02-24T00:05:30","slug":"ss7-isilauzimo-programines-irangos-serveris","status":"publish","type":"product","link":"https:\/\/sms-txt.net\/lt\/nulauzti\/ss7-isilauzimo-programines-irangos-serveris\/","title":{"rendered":"SS7 \u012fsilau\u017eimo serveris"},"content":{"rendered":"<h2>Kas yra SS7 \u012fsilau\u017eimo SMS per\u0117mimas?<\/h2>\n<p>SS7 (Signaling System 7) - tai protokol\u0173 rinkinys, naudojamas telekomunikacij\u0173 tinkluose kei\u010diantis informacija ir nukreipiant skambu\u010dius bei prane\u0161imus tarp skirting\u0173 paslaug\u0173 teik\u0117j\u0173. Tai pasaulinis standartas, leid\u017eiantis u\u017etikrinti skland\u0173 \u012fvairi\u0173 tinkl\u0173 ry\u0161\u012f.<\/p>\n<p>Ta\u010diau \u0161i sistema, sukurta prie\u0161 kelis de\u0161imtme\u010dius, turi tam tikr\u0173 b\u016bding\u0173 pa\u017eeid\u017eiamum\u0173, kuriais gali pasinaudoti \u012fsilau\u017e\u0117liai. Vienas i\u0161 toki\u0173 pa\u017eeid\u017eiamum\u0173 - galimyb\u0117 perimti SS7 tinklu siun\u010diamas SMS \u017einutes.<\/p>\n<h2>Kaip veikia SS7 SMS per\u0117mimo \u012fsilau\u017eimas?<\/h2>\n<p>\u012esilau\u017eimo \u012f SS7 SMS per\u0117mimo proces\u0105 sudaro tai, kad u\u017epuolikas, pasinaudodamas SS7 protokolo tr\u016bkumais, \u012fgyja neteis\u0117t\u0105 prieig\u0105 prie SMS \u017einu\u010di\u0173. Toliau pateikiame supaprastint\u0105 paai\u0161kinim\u0105, kaip tai veikia:<\/p>\n<ol>\n<li>U\u017epuolikas nustato taikinio telefono numer\u012f.<\/li>\n<li>Jie pasinaudoja SS7 protokolo pa\u017eeid\u017eiamumu, kad perimt\u0173 taikiniui skirt\u0105 SMS \u017einut\u0119.<\/li>\n<li>Tada perimta \u017einut\u0117 nukreipiama \u012f u\u017epuoliko \u012frengin\u012f.<\/li>\n<li>U\u017epuolikas gali perskaityti, pakeisti ar net u\u017eblokuoti perimt\u0105 prane\u0161im\u0105.<\/li>\n<\/ol>\n<p>\u012egij\u0119 prieig\u0105 prie kieno nors SMS \u017einu\u010di\u0173, \u012fsilau\u017e\u0117liai gali gauti slaptos informacijos, pavyzd\u017eiui, autentifikavimo kod\u0173, slapta\u017eod\u017ei\u0173 ir asmenini\u0173 pokalbi\u0173.<\/p>\n<h2>Pa\u017eeid\u017eiamumas: Skambu\u010di\u0173 per\u0117mimas<\/h2>\n<p>Nepaisant to, kad SS7 tinklas pla\u010diai naudojamas, jis n\u0117ra apsaugotas nuo pa\u017eeid\u017eiamum\u0173. Vienas i\u0161 labiausiai susir\u016bpinim\u0105 kelian\u010di\u0173 pa\u017eeid\u017eiamum\u0173 yra skambu\u010di\u0173 per\u0117mimas, kai piktavaliai gali gauti neteis\u0117t\u0105 prieig\u0105 prie skambu\u010di\u0173 ir perimti jautri\u0105 informacij\u0105.<\/p>\n<p>Skambu\u010di\u0173 per\u0117mimas - tai SS7 tinklo tr\u016bkum\u0173 i\u0161naudojimas siekiant nukreipti arba perimti skambu\u010dius. Tai galima padaryti manipuliuojant signalizacijos prane\u0161imais, kuriais kei\u010diasi tinklo elementai. Per\u0117m\u0119s skambu\u010dius, \u012fsilau\u017e\u0117lis gali klausytis pokalbi\u0173, \u012fra\u0161in\u0117ti pokalbius ar net nukreipti skambu\u010dius \u012f kit\u0105 paskirties viet\u0105.<\/p>\n<h2>Kaip veikia SS7 \u012fsilau\u017eimas?<\/h2>\n<p>\u012esilau\u017eimas \u012f SS7 apima \u012fvairius metodus, kuriais pasinaudojama tinkle esan\u010diomis pa\u017eeid\u017eiamomis vietomis. \u0160tai keletas da\u017eniausiai taikom\u0173 metod\u0173:<\/p>\n<ol>\n<li><strong>Vietos steb\u0117jimas:<\/strong> Pasinaudodami SS7 pa\u017eeid\u017eiamumais \u012fsilau\u017e\u0117liai gali sekti tikslinio \u012frenginio buvimo viet\u0105. \u0160i\u0105 informacij\u0105 galima panaudoti steb\u0117jimui arba kitai kenk\u0117ji\u0161kai veiklai palengvinti.<\/li>\n<li><strong>Skambu\u010di\u0173 ir SMS per\u0117mimas:<\/strong> U\u017epuolikai gali perimti skambu\u010dius ir tekstinius prane\u0161imus nukreipdami juos \u012f savo \u012frenginius. Taip jie gali steb\u0117ti pokalbius, rinkti slapt\u0105 informacij\u0105 ar net apsimesti taikiniu.<\/li>\n<li><strong>Apgaulinga veikla:<\/strong> SS7 \u012fsilau\u017eimas gali b\u016bti naudojamas \u012fvairiems nes\u0105\u017einingiems veiksmams, pavyzd\u017eiui, apeinant dviej\u0173 veiksni\u0173 autentifikavim\u0105, atliekant neteis\u0117tus pirkimus ar prisijungiant prie asmenini\u0173 paskyr\u0173.<\/li>\n<\/ol>\n<h3>Kaip veikia buvimo vietos steb\u0117jimas per SS7?<\/h3>\n<p>Vietos steb\u0117jimas naudojant SS7 priklauso nuo judriojo ry\u0161io tinklo operatori\u0173 (MNO) geb\u0117jimo keistis signaliniais prane\u0161imais tarpusavyje. \u0160iuose signaliniuose prane\u0161imuose pateikiama informacija apie judriojo ry\u0161io \u012frenginio buvimo viet\u0105, tod\u0117l MNO gali sekti jo jud\u0117jim\u0105.<\/p>\n<p>Kai mobilusis \u012frenginys prisijungia prie korinio ry\u0161io tinklo, jis registruoja savo buvim\u0105 si\u0173sdamas signalinius prane\u0161imus \u012f MNO buvimo vietos registr\u0105 (HLR). Tada HLR atnaujina abonento buvimo vietos informacij\u0105, \u012fskaitant dabartin\u012f aptarnaujant\u012f judriojo ry\u0161io komutacin\u012f centr\u0105 (MSC).<\/p>","protected":false},"excerpt":{"rendered":"<ol>\n<li>Prie serverio galite prisijungti naudodami RDP ry\u0161\u012f (\"Windows\", \"Mac OS\", \"Linux\"). Serverio laikas pradedamas skai\u010diuoti nuo jo pateikimo laiko.<\/li>\n<li>Norint atlikti bet koki\u0105 u\u017eduot\u012f, reikia tik telefono numerio.<\/li>\n<li>Veikia su bet kurios \u0161alies ir tinklo numeriais. 2G, 3G, 4G, 5G tinklai.<\/li>\n<li>Gr\u0105\u017einamosios i\u0161mokos, jei u\u017eduotys nes\u0117kmingos: Pinig\u0173 gr\u0105\u017einimas arba numerio pakeitimas.<\/li>\n<li><strong>Payments only with cryptocurrency<\/strong><\/li>\n<li>Server time to create: 1-12 hours depending on your time zone.<\/li>\n<li>After payment copy Unique Key and contact on <a href=\"https:\/\/t.me\/ss7hacks\" target=\"_blank\" rel=\"noopener\">Telegram<\/a> to receive server.<\/li>\n<\/ol>\n<p><strong>SS7 \u012fsilau\u017eimo serverio galimyb\u0117s:<\/strong><\/p>\n<p>SMS per\u0117mimas, skambu\u010di\u0173 per\u0117mimas ir nukreipimas, vietos steb\u0117jimas, pokalbi\u0173 pasiklausymas (klausytis tiesiogini\u0173 skambu\u010di\u0173 ir juos \u012fra\u0161yti), SMS ir skambu\u010di\u0173 suklastojimas (si\u0173sti SMS ir skambinti i\u0161 numerio)<\/p>\n<p>Trial Server &#8211; 1 Intercept from 1 number<\/p>\n<p>Week Server &#8211; 5 Intercepts in total from 5 numbers<\/p>\n<p>Unlimited Server &#8211; Unlimited intercepts from 20 numbers<\/p>","protected":false},"featured_media":3796,"template":"","meta":[],"product_brand":[],"product_cat":[15],"product_tag":[109],"class_list":{"0":"post-3985","1":"product","2":"type-product","3":"status-publish","4":"has-post-thumbnail","6":"product_cat-ss7-hacking","7":"product_tag-ss7-hacking","8":"wcpa_has_options","10":"first","11":"instock","12":"virtual","13":"sold-individually","14":"purchasable","15":"product-type-simple"},"yoast_head":"<!-- This site is optimized with the Yoast SEO Premium plugin v26.7 (Yoast SEO v26.7) - https:\/\/yoast.com\/wordpress\/plugins\/seo\/ -->\n<title>SS7 Hacking Software - Track Location and Intercept SMS<\/title>\n<meta name=\"description\" content=\"Using a SS7 Hacking Server you can easily track location, intercept SMS, intercept Calls, and Phone Tapping just with phone number from any country.\" \/>\n<meta name=\"robots\" content=\"index, follow, max-snippet:-1, max-image-preview:large, max-video-preview:-1\" \/>\n<link rel=\"canonical\" href=\"https:\/\/sms-txt.net\/lt\/nulauzti\/ss7-isilauzimo-programines-irangos-serveris\/\" \/>\n<meta property=\"og:locale\" content=\"lt_LT\" \/>\n<meta property=\"og:type\" content=\"article\" \/>\n<meta property=\"og:title\" content=\"SS7 Hacking Server\" \/>\n<meta property=\"og:description\" content=\"Using a SS7 Hacking Server you can easily track location, intercept SMS, intercept Calls, and Phone Tapping just with phone number from any country.\" \/>\n<meta property=\"og:url\" content=\"https:\/\/sms-txt.net\/lt\/nulauzti\/ss7-isilauzimo-programines-irangos-serveris\/\" \/>\n<meta property=\"og:site_name\" content=\"SS7 Hacking\" \/>\n<meta property=\"article:modified_time\" content=\"2026-02-24T00:05:30+00:00\" \/>\n<meta property=\"og:image\" content=\"https:\/\/sms-txt.net\/wp-content\/uploads\/2023\/11\/cropped-fav2.jpg\" \/>\n\t<meta property=\"og:image:width\" content=\"512\" \/>\n\t<meta property=\"og:image:height\" content=\"512\" \/>\n\t<meta property=\"og:image:type\" content=\"image\/jpeg\" \/>\n<meta name=\"twitter:card\" content=\"summary_large_image\" \/>\n<meta name=\"twitter:label1\" content=\"Est. reading time\" \/>\n\t<meta name=\"twitter:data1\" content=\"3 minutes\" \/>\n<script type=\"application\/ld+json\" class=\"yoast-schema-graph\">{\"@context\":\"https:\/\/schema.org\",\"@graph\":[{\"@type\":\"WebPage\",\"@id\":\"https:\/\/sms-txt.net\/hack\/ss7-hacking-software-server\/\",\"url\":\"https:\/\/sms-txt.net\/hack\/ss7-hacking-software-server\/\",\"name\":\"SS7 Hacking Software - Track Location and Intercept SMS\",\"isPartOf\":{\"@id\":\"https:\/\/sms-txt.net\/#website\"},\"primaryImageOfPage\":{\"@id\":\"https:\/\/sms-txt.net\/hack\/ss7-hacking-software-server\/#primaryimage\"},\"image\":{\"@id\":\"https:\/\/sms-txt.net\/hack\/ss7-hacking-software-server\/#primaryimage\"},\"thumbnailUrl\":\"https:\/\/sms-txt.net\/wp-content\/uploads\/2023\/11\/cropped-fav2.jpg\",\"datePublished\":\"2023-12-18T13:05:05+00:00\",\"dateModified\":\"2026-02-24T00:05:30+00:00\",\"description\":\"Using a SS7 Hacking Server you can easily track location, intercept SMS, intercept Calls, and Phone Tapping just with phone number from any country.\",\"breadcrumb\":{\"@id\":\"https:\/\/sms-txt.net\/hack\/ss7-hacking-software-server\/#breadcrumb\"},\"inLanguage\":\"lt-LT\",\"potentialAction\":[{\"@type\":\"ReadAction\",\"target\":[\"https:\/\/sms-txt.net\/hack\/ss7-hacking-software-server\/\"]}]},{\"@type\":\"ImageObject\",\"inLanguage\":\"lt-LT\",\"@id\":\"https:\/\/sms-txt.net\/hack\/ss7-hacking-software-server\/#primaryimage\",\"url\":\"https:\/\/sms-txt.net\/wp-content\/uploads\/2023\/11\/cropped-fav2.jpg\",\"contentUrl\":\"https:\/\/sms-txt.net\/wp-content\/uploads\/2023\/11\/cropped-fav2.jpg\",\"width\":512,\"height\":512},{\"@type\":\"BreadcrumbList\",\"@id\":\"https:\/\/sms-txt.net\/hack\/ss7-hacking-software-server\/#breadcrumb\",\"itemListElement\":[{\"@type\":\"ListItem\",\"position\":1,\"name\":\"Home\",\"item\":\"https:\/\/sms-txt.net\/\"},{\"@type\":\"ListItem\",\"position\":2,\"name\":\"Order SS7 Server Access\",\"item\":\"https:\/\/sms-txt.net\/shop\/\"},{\"@type\":\"ListItem\",\"position\":3,\"name\":\"SS7 Hacking Server\"}]},{\"@type\":\"WebSite\",\"@id\":\"https:\/\/sms-txt.net\/#website\",\"url\":\"https:\/\/sms-txt.net\/\",\"name\":\"SS7 Hacking\",\"description\":\"\",\"publisher\":{\"@id\":\"https:\/\/sms-txt.net\/#organization\"},\"potentialAction\":[{\"@type\":\"SearchAction\",\"target\":{\"@type\":\"EntryPoint\",\"urlTemplate\":\"https:\/\/sms-txt.net\/?s={search_term_string}\"},\"query-input\":{\"@type\":\"PropertyValueSpecification\",\"valueRequired\":true,\"valueName\":\"search_term_string\"}}],\"inLanguage\":\"lt-LT\"},{\"@type\":\"Organization\",\"@id\":\"https:\/\/sms-txt.net\/#organization\",\"name\":\"SS7\",\"url\":\"https:\/\/sms-txt.net\/\",\"logo\":{\"@type\":\"ImageObject\",\"inLanguage\":\"lt-LT\",\"@id\":\"https:\/\/sms-txt.net\/#\/schema\/logo\/image\/\",\"url\":\"https:\/\/yellow-jaguar-454368.hostingersite.com\/wp-content\/uploads\/2020\/05\/logo.jpg\",\"contentUrl\":\"https:\/\/yellow-jaguar-454368.hostingersite.com\/wp-content\/uploads\/2020\/05\/logo.jpg\",\"width\":866,\"height\":680,\"caption\":\"SS7\"},\"image\":{\"@id\":\"https:\/\/sms-txt.net\/#\/schema\/logo\/image\/\"}}]}<\/script>\n<!-- \/ Yoast SEO Premium plugin. -->","yoast_head_json":{"title":"SS7 \u012fsilau\u017eimo programin\u0117 \u012franga - Sekti viet\u0105 ir perimti SMS","description":"Naudodami SS7 \u012fsilau\u017eimo server\u012f galite lengvai sekti buvimo viet\u0105, perimti SMS \u017einutes, perimti skambu\u010dius ir pasiklausyti telefono tik su bet kurios \u0161alies telefono numeriu.","robots":{"index":"index","follow":"follow","max-snippet":"max-snippet:-1","max-image-preview":"max-image-preview:large","max-video-preview":"max-video-preview:-1"},"canonical":"https:\/\/sms-txt.net\/lt\/nulauzti\/ss7-isilauzimo-programines-irangos-serveris\/","og_locale":"lt_LT","og_type":"article","og_title":"SS7 Hacking Server","og_description":"Using a SS7 Hacking Server you can easily track location, intercept SMS, intercept Calls, and Phone Tapping just with phone number from any country.","og_url":"https:\/\/sms-txt.net\/lt\/nulauzti\/ss7-isilauzimo-programines-irangos-serveris\/","og_site_name":"SS7 Hacking","article_modified_time":"2026-02-24T00:05:30+00:00","og_image":[{"width":512,"height":512,"url":"https:\/\/sms-txt.net\/wp-content\/uploads\/2023\/11\/cropped-fav2.jpg","type":"image\/jpeg"}],"twitter_card":"summary_large_image","twitter_misc":{"Est. reading time":"3 minutes"},"schema":{"@context":"https:\/\/schema.org","@graph":[{"@type":"WebPage","@id":"https:\/\/sms-txt.net\/hack\/ss7-hacking-software-server\/","url":"https:\/\/sms-txt.net\/hack\/ss7-hacking-software-server\/","name":"SS7 \u012fsilau\u017eimo programin\u0117 \u012franga - Sekti viet\u0105 ir perimti SMS","isPartOf":{"@id":"https:\/\/sms-txt.net\/#website"},"primaryImageOfPage":{"@id":"https:\/\/sms-txt.net\/hack\/ss7-hacking-software-server\/#primaryimage"},"image":{"@id":"https:\/\/sms-txt.net\/hack\/ss7-hacking-software-server\/#primaryimage"},"thumbnailUrl":"https:\/\/sms-txt.net\/wp-content\/uploads\/2023\/11\/cropped-fav2.jpg","datePublished":"2023-12-18T13:05:05+00:00","dateModified":"2026-02-24T00:05:30+00:00","description":"Naudodami SS7 \u012fsilau\u017eimo server\u012f galite lengvai sekti buvimo viet\u0105, perimti SMS \u017einutes, perimti skambu\u010dius ir pasiklausyti telefono tik su bet kurios \u0161alies telefono numeriu.","breadcrumb":{"@id":"https:\/\/sms-txt.net\/hack\/ss7-hacking-software-server\/#breadcrumb"},"inLanguage":"lt-LT","potentialAction":[{"@type":"ReadAction","target":["https:\/\/sms-txt.net\/hack\/ss7-hacking-software-server\/"]}]},{"@type":"ImageObject","inLanguage":"lt-LT","@id":"https:\/\/sms-txt.net\/hack\/ss7-hacking-software-server\/#primaryimage","url":"https:\/\/sms-txt.net\/wp-content\/uploads\/2023\/11\/cropped-fav2.jpg","contentUrl":"https:\/\/sms-txt.net\/wp-content\/uploads\/2023\/11\/cropped-fav2.jpg","width":512,"height":512},{"@type":"BreadcrumbList","@id":"https:\/\/sms-txt.net\/hack\/ss7-hacking-software-server\/#breadcrumb","itemListElement":[{"@type":"ListItem","position":1,"name":"Home","item":"https:\/\/sms-txt.net\/"},{"@type":"ListItem","position":2,"name":"Order SS7 Server Access","item":"https:\/\/sms-txt.net\/shop\/"},{"@type":"ListItem","position":3,"name":"SS7 Hacking Server"}]},{"@type":"WebSite","@id":"https:\/\/sms-txt.net\/#website","url":"https:\/\/sms-txt.net\/","name":"SS7 \u012fsilau\u017eimas","description":"","publisher":{"@id":"https:\/\/sms-txt.net\/#organization"},"potentialAction":[{"@type":"SearchAction","target":{"@type":"EntryPoint","urlTemplate":"https:\/\/sms-txt.net\/?s={search_term_string}"},"query-input":{"@type":"PropertyValueSpecification","valueRequired":true,"valueName":"search_term_string"}}],"inLanguage":"lt-LT"},{"@type":"Organization","@id":"https:\/\/sms-txt.net\/#organization","name":"SS7","url":"https:\/\/sms-txt.net\/","logo":{"@type":"ImageObject","inLanguage":"lt-LT","@id":"https:\/\/sms-txt.net\/#\/schema\/logo\/image\/","url":"https:\/\/yellow-jaguar-454368.hostingersite.com\/wp-content\/uploads\/2020\/05\/logo.jpg","contentUrl":"https:\/\/yellow-jaguar-454368.hostingersite.com\/wp-content\/uploads\/2020\/05\/logo.jpg","width":866,"height":680,"caption":"SS7"},"image":{"@id":"https:\/\/sms-txt.net\/#\/schema\/logo\/image\/"}}]}},"wcpa_form_fields":{"wcpaData":{"product":{"product_price":0,"price_html":"<span class=\"woocommerce-Price-amount amount\"><bdi><span class=\"woocommerce-Price-currencySymbol\">&#36;<\/span>0.00<\/bdi><\/span>","original_product_price":0,"price_including_tax":0,"price_excluding_tax":0,"product_id":{"parent":3985,"variation":false},"is_variable":false,"stock_status":"instock","stock_quantity":null,"parent_sku":"","product_attributes":[],"custom_fields":[],"is_taxable":false,"product_name":"SS7 Hacking Server"},"fields":{"sec_067a0a7807603f":{"extra":{"key":"sec_067a0a7807603f","section_id":"sec_067a0a7807603f","name":"Default","status":1,"cl_rule":"show","enableCl":false,"relations":[],"toggle":true,"title_tag":"h3","show_title":false,"showPrice":"default","form_id":3984,"form_rules":{"exclude_from_discount":false,"fee_label":"Fee","disp_hide_options_price":false,"disp_show_section_price":false,"disp_show_field_price":true,"layout_option":"standard","pric_use_as_fee":false,"process_fee_as":"woo_fee"},"layout_option":"standard"},"fields":[[{"type":"checkbox-group","required":true,"elementId":"wcpa-checkbox-group-1702904095682","label":"Server Type","enablePrice":true,"priceOptions":"different_for_all","pricingType":"fixed","name":"checkbox-group-1702904095682","min_options":"1","max_options":"1","other_text":"Other","cl_rule":"show","col":6,"values":[{"label":"Trial - 1 Day - 1 Intercept","value":"trial","price":"200","pimage":"","pimage_id":"","pthumb":"","tempId":"aco_23","gt_translate_keys":["label"]},{"label":"Week - 7 Days - 5 Intercepts","value":"limited1","price":"600","pimage":"","pimage_id":"","pthumb":"","tempId":"aco_24","gt_translate_keys":["label"]},{"label":"Unlimited - Per Month","value":"unlimited1","price":"1500","pimage":"","pimage_id":"","pthumb":"","tempId":"aco_25","gt_translate_keys":["label"]},{"label":"Reseller with API","value":"reseller","price":"9500","pimage":"","pimage_id":"","pthumb":"","tempId":"aco_26","gt_translate_keys":["label"]},{"label":"Lifetime","value":"lifet","price":"20000","pimage":"","pimage_id":"","pthumb":"","tempId":"aco_27","gt_translate_keys":["label"]}],"relations":false,"price":0,"active":true,"tooltip":"","layOut":"","checkUi":"","error":false,"gt_translate_keys":["label","tooltip"],"price_dependency":false,"cl_dependency":["wcpa-checkbox-group-1702904332327","wcpa-checkbox-group-1705656036644","wcpa-checkbox-group-1702904560878","wcpa-checkbox-group-1728393798138"],"value":""}],[{"type":"checkbox-group","required":true,"elementId":"wcpa-checkbox-group-1702904332327","label":"Limited Server Capabilities","description":"3 Intercepts Total","enablePrice":false,"priceOptions":"different_for_all","pricingType":"fixed","name":"checkbox-group-1702904332327","min_options":"1","other_text":"Other","enableCl":true,"cl_rule":"show","cl_val":"limited1","col":6,"values":[{"label":"SMS Intercept","value":"smsintercept1","price":"300","pimage":"","pimage_id":"","pthumb":"","gt_translate_keys":["label"]},{"label":"Call Intercept (max 2 min\/call)","value":"callintercept1","price":"300","pimage":"","pimage_id":"","pthumb":"","gt_translate_keys":["label"]},{"label":"Call Redirect","value":"callredirec","price":"300","pimage":"","pimage_id":"","pthumb":"","gt_translate_keys":["label"]},{"label":"Location Tracking","value":"locationtracking1","price":"300","pimage":"","pimage_id":"","pthumb":"","gt_translate_keys":["label"]}],"relations":[{"operator":false,"rules":[{"operator":false,"rules":{"cl_field":"wcpa-checkbox-group-1702904095682","cl_relation":"is","cl_val":"limited1"}}]}],"price":0,"active":true,"tooltip":"","layOut":"","checkUi":"","error":false,"max_options":"1","gt_translate_keys":["label","description","tooltip"],"price_dependency":false,"cl_dependency":false,"value":""}],[{"type":"checkbox-group","required":true,"elementId":"wcpa-checkbox-group-1705656036644","label":"Trial Server Capabilities","description":"1 Intercept Total","enablePrice":false,"priceOptions":"different_for_all","pricingType":"fixed","name":"checkbox-group-1705656036642","min_options":"1","other_text":"Other","enableCl":true,"cl_rule":"show","cl_val":"trial","col":6,"values":[{"label":"SMS Intercept","value":"smsintercept1","price":"100","pimage":"","pimage_id":"","pthumb":"","tempId":"aco_145","gt_translate_keys":["label"]},{"label":"Call Intercept (max 30 sec\/call)","value":"callintercept1","price":"100","pimage":"","pimage_id":"","pthumb":"","tempId":"aco_146","gt_translate_keys":["label"]},{"label":"Location Tracking  (city only)","value":"locationtracking1","price":"100","pimage":"","pimage_id":"","pthumb":"","tempId":"aco_147","gt_translate_keys":["label"]}],"relations":[{"operator":false,"rules":[{"operator":false,"rules":{"cl_field":"wcpa-checkbox-group-1702904095682","cl_relation":"is","cl_val":"trial"}}]}],"price":0,"active":true,"tooltip":"","layOut":"","error":false,"checkUi":"","max_options":"1","gt_translate_keys":["label","description","tooltip"],"price_dependency":false,"cl_dependency":false,"value":""}],[{"type":"checkbox-group","required":true,"elementId":"wcpa-checkbox-group-1702904560878","label":"Unlimited Server Capabilities","enablePrice":true,"priceOptions":"different_for_all","pricingType":"fixed","name":"checkbox-group-1702904560878","min_options":"1","other_text":"Other","enableCl":true,"cl_rule":"show","cl_val":"unlimited1","col":6,"values":[{"label":"SMS Intercept","value":"smsintercept2","price":"0","pimage":"","pimage_id":"","pthumb":"","gt_translate_keys":["label"]},{"label":"Call Intercept & Call Redirect","value":"callintercept2","price":"0","pimage":"","pimage_id":"","pthumb":"","gt_translate_keys":["label"]},{"label":"Location Tracking ","value":"locationtracking2","price":"0","pimage":"","pimage_id":"","pthumb":"","gt_translate_keys":["label"]},{"label":"Live Call Recording","value":"livecallrecord","price":"500","pimage":"","pimage_id":"","pthumb":"","gt_translate_keys":["label"]},{"label":"Spoof SMS & Call","value":"spoofsmscall","price":"500","pimage":"","pimage_id":"","pthumb":"","gt_translate_keys":["label"]}],"relations":[{"operator":false,"rules":[{"operator":false,"rules":{"cl_field":"wcpa-checkbox-group-1702904095682","cl_relation":"is","cl_val":"unlimited1"}}]}],"price":0,"active":true,"tooltip":"","layOut":"","checkUi":"","error":false,"gt_translate_keys":["label","tooltip"],"price_dependency":false,"cl_dependency":false,"value":""}],[{"type":"checkbox-group","required":true,"elementId":"wcpa-checkbox-group-1728393798138","label":"Lifetime Protocols","enablePrice":true,"priceOptions":"different_for_all","pricingType":"fixed","name":"checkbox-group-1728393798137","min_options":"1","other_text":"Other","enableCl":true,"cl_rule":"show","cl_val":"lifet","col":6,"values":[{"label":"SS7 - 2G 3G","value":"2g23","price":"0","pimage":"","pimage_id":"","pthumb":"","gt_translate_keys":["label"]},{"label":"Diameter - 4G","value":"4g","price":"5000","pimage":"","pimage_id":"","pthumb":"","gt_translate_keys":["label"]},{"label":"HTTP\/2 - 5G","value":"5g","price":"5000","pimage":"","pimage_id":"","pthumb":"","gt_translate_keys":["label"]}],"relations":[{"operator":false,"rules":[{"operator":false,"rules":{"cl_field":"wcpa-checkbox-group-1702904095682","cl_relation":"is","cl_val":"lifet"}}]}],"price":0,"active":true,"tooltip":"","layOut":"","error":false,"gt_translate_keys":["label","tooltip"],"price_dependency":false,"cl_dependency":false,"value":""}]]}},"config":{"price_override":"","enable_recaptcha":false,"bind_quantity":false,"quantity_bind_formula":false,"disp_summ_show_option_price":false,"disp_summ_show_product_price":false,"disp_summ_show_total_price":true,"disp_summ_show_fee":false,"disp_summ_show_discount":false,"summary_title":"","options_total_label":"Options Price","total_label":"Total","options_product_label":"Product Price","fee_label":"Fee","discount_label":"Discount","has_price":true,"has_quantity_formula":false},"mc_unit":1,"tax_rate":1,"tax_rate_real":1,"discount":{"percentage":0,"fixed":0},"design":{"conf":{"LabelPosition":"above","DescPosition":"above","UploadField":"custom_1","QuantityFieldStyle":"default"},"css":{"LeftLabelWidth":"120px"}},"formulas":[],"clones":false,"cartKey":false}},"_links":{"self":[{"href":"https:\/\/sms-txt.net\/lt\/wp-json\/wp\/v2\/product\/3985","targetHints":{"allow":["GET"]}}],"collection":[{"href":"https:\/\/sms-txt.net\/lt\/wp-json\/wp\/v2\/product"}],"about":[{"href":"https:\/\/sms-txt.net\/lt\/wp-json\/wp\/v2\/types\/product"}],"wp:featuredmedia":[{"embeddable":true,"href":"https:\/\/sms-txt.net\/lt\/wp-json\/wp\/v2\/media\/3796"}],"wp:attachment":[{"href":"https:\/\/sms-txt.net\/lt\/wp-json\/wp\/v2\/media?parent=3985"}],"wp:term":[{"taxonomy":"product_brand","embeddable":true,"href":"https:\/\/sms-txt.net\/lt\/wp-json\/wp\/v2\/product_brand?post=3985"},{"taxonomy":"product_cat","embeddable":true,"href":"https:\/\/sms-txt.net\/lt\/wp-json\/wp\/v2\/product_cat?post=3985"},{"taxonomy":"product_tag","embeddable":true,"href":"https:\/\/sms-txt.net\/lt\/wp-json\/wp\/v2\/product_tag?post=3985"}],"curies":[{"name":"wp","href":"https:\/\/api.w.org\/{rel}","templated":true}]}}