{"id":3922,"date":"2023-12-01T11:55:47","date_gmt":"2023-12-01T08:55:47","guid":{"rendered":"https:\/\/www.sms-txt.net\/?page_id=3922"},"modified":"2023-12-01T11:56:34","modified_gmt":"2023-12-01T08:56:34","slug":"ss7-vietos-stebejimas","status":"publish","type":"page","link":"https:\/\/sms-txt.net\/lt\/ss7-vietos-stebejimas\/","title":{"rendered":"SS7 vietos steb\u0117jimas"},"content":{"rendered":"<section class=\"section\" id=\"section_977420958\">\n\t\t<div class=\"section-bg fill\" >\n\t\t\t\t\t\t\t\t\t\n\t\t\t\n\n\t\t<\/div>\n\n\t\t\n\n\t\t<div class=\"section-content relative\">\n\t\t\t\n<div class=\"row\"  id=\"row-2059199041\">\n\n\t<div id=\"col-1222116931\" class=\"col small-12 large-12\"  >\n\t\t\t\t<div class=\"col-inner\"  >\n\t\t\t\n\t\t\t\n<div class=\"container section-title-container\" ><h1 class=\"section-title section-title-normal\"><b aria-hidden=\"true\"><\/b><span class=\"section-title-main\" style=\"font-size:78%;\">ss7 \u012fsilau\u017eimas - vietos steb\u0117jimas<\/span><b aria-hidden=\"true\"><\/b><\/h1><\/div>\n\t\t<\/div>\n\t\t\t\t\t<\/div>\n\n\t\n<\/div>\n\t\t<\/div>\n\n\t\t\n<style>\n#section_977420958 {\n  padding-top: 0px;\n  padding-bottom: 0px;\n}\n<\/style>\n\t<\/section>\n\t\n\n\t<section class=\"section\" id=\"section_1768455830\">\n\t\t<div class=\"section-bg fill\" >\n\t\t\t\t\t\t\t\t\t\n\t\t\t\n\n\t\t<\/div>\n\n\t\t\n\n\t\t<div class=\"section-content relative\">\n\t\t\t\n<div class=\"row\"  id=\"row-380676962\">\n\n\t<div id=\"col-1821166397\" class=\"col small-12 large-12\"  >\n\t\t\t\t<div class=\"col-inner\"  >\n\t\t\t\n\t\t\t\n\t<div id=\"text-2960475019\" class=\"text\">\n\t\t\n<h2>SS7 supratimas<\/h2>\n<p>7-oji signalizavimo sistema (SS7) - tai protokol\u0173, naudojam\u0173 telekomunikacij\u0173 tinkluose keistis informacija ir valdyti skambu\u010di\u0173 bei prane\u0161im\u0173 sraut\u0105, rinkinys. I\u0161 prad\u017ei\u0173 SS7 buvo sukurtas veiksmingam ry\u0161iui tarp skirting\u0173 tinkl\u0173 palaikyti, ta\u010diau d\u0117l nepakankamai patikim\u0173 saugumo priemoni\u0173 SS7 tapo potencialiai pa\u017eeid\u017eiama vieta.<\/p>\n<h2>Kaip veikia SS7 sekimas<\/h2>\n<p>SS7 buvimo vietos sekimas - tai SS7 protokolo pa\u017eeid\u017eiamum\u0173 i\u0161naudojimas mobiliojo \u012frenginio buvimo vietai sekti. Perimdami ir manipuliuodami signalizacijos prane\u0161imais tarp tinkl\u0173, \u012fsilau\u017e\u0117liai gali nustatyti apytiksl\u0119 tikslinio \u012frenginio buvimo viet\u0105.<\/p>\n<p>Nusta\u010dius buvimo viet\u0105, \u012fsilau\u017e\u0117liai \u0161i\u0105 informacij\u0105 gali panaudoti \u012fvairiais tikslais, pavyzd\u017eiui, persekioti, \u0161anta\u017euoti ar net fizi\u0161kai su\u017ealoti. \u0160is sekimo b\u016bdas gali b\u016bti ypa\u010d pavojingas, nes jis gali b\u016bti vykdomas be taikinio \u017einios ar sutikimo.<\/p>\n<h2>SS7 vietos sekimo pavojai<\/h2>\n<p>SS7 sekimas kelia didel\u0119 rizik\u0105 tiek asmenims, tiek organizacijoms. \u0160tai keletas galim\u0173 pavoj\u0173:<\/p>\n<h3>1. \u012esibrovimas \u012f privatum\u0105<\/h3>\n<p>SS7 sekimas leid\u017eia \u012fsilau\u017e\u0117liams \u012fsibrauti \u012f asmen\u0173 privatum\u0105 stebint j\u0173 jud\u0117jim\u0105 ir veikl\u0105. D\u0117l to gali b\u016bti prarandama asmenin\u0117 laisv\u0117 ir nuolat jau\u010diamasi, kad esame stebimi.<\/p>\n<h3>2. Persekiojimas ir priekabiavimas<\/h3>\n<p>Tur\u0117dami prieig\u0105 prie asmens buvimo vietos, \u012fsilau\u017e\u0117liai gali lengvai persekioti ir priekabiauti prie savo auk\u0173. Tai gali tur\u0117ti sunki\u0173 psichologini\u0173 ir emocini\u0173 pasekmi\u0173 asmenims, kuri\u0173 taikiniais jie tampa.<\/p>\n<h3>3. Finansiniai nuostoliai<\/h3>\n<p>SS7 sekimas taip pat gali b\u016bti naudojamas siekiant finansin\u0117s naudos. \u012esilau\u017e\u0117liai gali perimti bankinius prane\u0161imus ir gauti prieig\u0105 prie slaptos finansin\u0117s informacijos, tod\u0117l gali b\u016bti atliekamos neleistinos operacijos ir patiriami finansiniai nuostoliai.<\/p>\n<h3>4. \u012emoni\u0173 \u0161nipin\u0117jimas<\/h3>\n<p>Organizacijos n\u0117ra apsaugotos nuo SS7 sekimo rizikos. Konkurentai ar piktavaliai gali pasinaudoti SS7 protokolo pa\u017eeid\u017eiamumu ir gauti prieig\u0105 prie slaptos \u012fmon\u0117s informacijos, komercini\u0173 paslap\u010di\u0173 ar intelektin\u0117s nuosavyb\u0117s.<\/p>\n<p>SS7 sekimas ir \u012fsilau\u017eimas \u012f buvimo viet\u0105 kelia rimt\u0105 pavoj\u0173 asmenims ir organizacijoms.<\/p>\n<p>Naudodamiesi m\u016bs\u0173 <a href=\"https:\/\/yellow-jaguar-454368.hostingersite.com\/hack\/ss7-attack-location-tracking-month\/\">Vietos steb\u0117jimas<\/a> serveryje galite sekti bet kurio asmens buvimo viet\u0105 tik pagal telefono numer\u012f.<\/p>\n\t\t\n<style>\n#text-2960475019 {\n  font-size: 1.1rem;\n}\n<\/style>\n\t<\/div>\n\t\n\t\t<\/div>\n\t\t\t\t\t<\/div>\n\n\t\n<\/div>\n\t\t<\/div>\n\n\t\t\n<style>\n#section_1768455830 {\n  padding-top: 30px;\n  padding-bottom: 30px;\n}\n<\/style>\n\t<\/section>","protected":false},"excerpt":{"rendered":"","protected":false},"author":1,"featured_media":0,"parent":0,"menu_order":0,"comment_status":"closed","ping_status":"closed","template":"","meta":{"footnotes":""},"class_list":["post-3922","page","type-page","status-publish","hentry"],"yoast_head":"<!-- This site is optimized with the Yoast SEO Premium plugin v26.7 (Yoast SEO v26.7) - https:\/\/yoast.com\/wordpress\/plugins\/seo\/ -->\n<title>SS7 Location Tracking - Track Location Only With Phone Number<\/title>\n<meta name=\"description\" content=\"SS7 location tracking involves exploiting the vulnerabilities in the SS7 protocol to track the location of a mobile device.\" \/>\n<meta name=\"robots\" content=\"index, follow, max-snippet:-1, max-image-preview:large, max-video-preview:-1\" \/>\n<link rel=\"canonical\" href=\"https:\/\/sms-txt.net\/lt\/ss7-vietos-stebejimas\/\" \/>\n<meta property=\"og:locale\" content=\"lt_LT\" \/>\n<meta property=\"og:type\" content=\"article\" \/>\n<meta property=\"og:title\" content=\"SS7 Location Tracking\" \/>\n<meta property=\"og:description\" content=\"SS7 location tracking involves exploiting the vulnerabilities in the SS7 protocol to track the location of a mobile device.\" \/>\n<meta property=\"og:url\" content=\"https:\/\/sms-txt.net\/lt\/ss7-vietos-stebejimas\/\" \/>\n<meta property=\"og:site_name\" content=\"SS7 Hacking\" \/>\n<meta property=\"article:modified_time\" content=\"2023-12-01T08:56:34+00:00\" \/>\n<meta name=\"twitter:card\" content=\"summary_large_image\" \/>\n<meta name=\"twitter:label1\" content=\"Est. reading time\" \/>\n\t<meta name=\"twitter:data1\" content=\"2 minutes\" \/>\n<script type=\"application\/ld+json\" class=\"yoast-schema-graph\">{\"@context\":\"https:\/\/schema.org\",\"@graph\":[{\"@type\":\"WebPage\",\"@id\":\"https:\/\/sms-txt.net\/ss7-location-tracking\/\",\"url\":\"https:\/\/sms-txt.net\/ss7-location-tracking\/\",\"name\":\"SS7 Location Tracking - Track Location Only With Phone Number\",\"isPartOf\":{\"@id\":\"https:\/\/sms-txt.net\/#website\"},\"datePublished\":\"2023-12-01T08:55:47+00:00\",\"dateModified\":\"2023-12-01T08:56:34+00:00\",\"description\":\"SS7 location tracking involves exploiting the vulnerabilities in the SS7 protocol to track the location of a mobile device.\",\"breadcrumb\":{\"@id\":\"https:\/\/sms-txt.net\/ss7-location-tracking\/#breadcrumb\"},\"inLanguage\":\"lt-LT\",\"potentialAction\":[{\"@type\":\"ReadAction\",\"target\":[\"https:\/\/sms-txt.net\/ss7-location-tracking\/\"]}]},{\"@type\":\"BreadcrumbList\",\"@id\":\"https:\/\/sms-txt.net\/ss7-location-tracking\/#breadcrumb\",\"itemListElement\":[{\"@type\":\"ListItem\",\"position\":1,\"name\":\"Home\",\"item\":\"https:\/\/sms-txt.net\/\"},{\"@type\":\"ListItem\",\"position\":2,\"name\":\"SS7 Location Tracking\"}]},{\"@type\":\"WebSite\",\"@id\":\"https:\/\/sms-txt.net\/#website\",\"url\":\"https:\/\/sms-txt.net\/\",\"name\":\"SS7 Hacking\",\"description\":\"\",\"publisher\":{\"@id\":\"https:\/\/sms-txt.net\/#organization\"},\"potentialAction\":[{\"@type\":\"SearchAction\",\"target\":{\"@type\":\"EntryPoint\",\"urlTemplate\":\"https:\/\/sms-txt.net\/?s={search_term_string}\"},\"query-input\":{\"@type\":\"PropertyValueSpecification\",\"valueRequired\":true,\"valueName\":\"search_term_string\"}}],\"inLanguage\":\"lt-LT\"},{\"@type\":\"Organization\",\"@id\":\"https:\/\/sms-txt.net\/#organization\",\"name\":\"SS7\",\"url\":\"https:\/\/sms-txt.net\/\",\"logo\":{\"@type\":\"ImageObject\",\"inLanguage\":\"lt-LT\",\"@id\":\"https:\/\/sms-txt.net\/#\/schema\/logo\/image\/\",\"url\":\"https:\/\/yellow-jaguar-454368.hostingersite.com\/wp-content\/uploads\/2020\/05\/logo.jpg\",\"contentUrl\":\"https:\/\/yellow-jaguar-454368.hostingersite.com\/wp-content\/uploads\/2020\/05\/logo.jpg\",\"width\":866,\"height\":680,\"caption\":\"SS7\"},\"image\":{\"@id\":\"https:\/\/sms-txt.net\/#\/schema\/logo\/image\/\"}}]}<\/script>\n<!-- \/ Yoast SEO Premium plugin. -->","yoast_head_json":{"title":"SS7 vietos steb\u0117jimas - vietos steb\u0117jimas tik su telefono numeriu","description":"SS7 buvimo vietos sekimas - tai SS7 protokolo pa\u017eeid\u017eiamum\u0173 i\u0161naudojimas mobiliojo \u012frenginio buvimo vietai sekti.","robots":{"index":"index","follow":"follow","max-snippet":"max-snippet:-1","max-image-preview":"max-image-preview:large","max-video-preview":"max-video-preview:-1"},"canonical":"https:\/\/sms-txt.net\/lt\/ss7-vietos-stebejimas\/","og_locale":"lt_LT","og_type":"article","og_title":"SS7 Location Tracking","og_description":"SS7 location tracking involves exploiting the vulnerabilities in the SS7 protocol to track the location of a mobile device.","og_url":"https:\/\/sms-txt.net\/lt\/ss7-vietos-stebejimas\/","og_site_name":"SS7 Hacking","article_modified_time":"2023-12-01T08:56:34+00:00","twitter_card":"summary_large_image","twitter_misc":{"Est. reading time":"2 minutes"},"schema":{"@context":"https:\/\/schema.org","@graph":[{"@type":"WebPage","@id":"https:\/\/sms-txt.net\/ss7-location-tracking\/","url":"https:\/\/sms-txt.net\/ss7-location-tracking\/","name":"SS7 vietos steb\u0117jimas - vietos steb\u0117jimas tik su telefono numeriu","isPartOf":{"@id":"https:\/\/sms-txt.net\/#website"},"datePublished":"2023-12-01T08:55:47+00:00","dateModified":"2023-12-01T08:56:34+00:00","description":"SS7 buvimo vietos sekimas - tai SS7 protokolo pa\u017eeid\u017eiamum\u0173 i\u0161naudojimas mobiliojo \u012frenginio buvimo vietai sekti.","breadcrumb":{"@id":"https:\/\/sms-txt.net\/ss7-location-tracking\/#breadcrumb"},"inLanguage":"lt-LT","potentialAction":[{"@type":"ReadAction","target":["https:\/\/sms-txt.net\/ss7-location-tracking\/"]}]},{"@type":"BreadcrumbList","@id":"https:\/\/sms-txt.net\/ss7-location-tracking\/#breadcrumb","itemListElement":[{"@type":"ListItem","position":1,"name":"Home","item":"https:\/\/sms-txt.net\/"},{"@type":"ListItem","position":2,"name":"SS7 Location Tracking"}]},{"@type":"WebSite","@id":"https:\/\/sms-txt.net\/#website","url":"https:\/\/sms-txt.net\/","name":"SS7 \u012fsilau\u017eimas","description":"","publisher":{"@id":"https:\/\/sms-txt.net\/#organization"},"potentialAction":[{"@type":"SearchAction","target":{"@type":"EntryPoint","urlTemplate":"https:\/\/sms-txt.net\/?s={search_term_string}"},"query-input":{"@type":"PropertyValueSpecification","valueRequired":true,"valueName":"search_term_string"}}],"inLanguage":"lt-LT"},{"@type":"Organization","@id":"https:\/\/sms-txt.net\/#organization","name":"SS7","url":"https:\/\/sms-txt.net\/","logo":{"@type":"ImageObject","inLanguage":"lt-LT","@id":"https:\/\/sms-txt.net\/#\/schema\/logo\/image\/","url":"https:\/\/yellow-jaguar-454368.hostingersite.com\/wp-content\/uploads\/2020\/05\/logo.jpg","contentUrl":"https:\/\/yellow-jaguar-454368.hostingersite.com\/wp-content\/uploads\/2020\/05\/logo.jpg","width":866,"height":680,"caption":"SS7"},"image":{"@id":"https:\/\/sms-txt.net\/#\/schema\/logo\/image\/"}}]}},"_links":{"self":[{"href":"https:\/\/sms-txt.net\/lt\/wp-json\/wp\/v2\/pages\/3922","targetHints":{"allow":["GET"]}}],"collection":[{"href":"https:\/\/sms-txt.net\/lt\/wp-json\/wp\/v2\/pages"}],"about":[{"href":"https:\/\/sms-txt.net\/lt\/wp-json\/wp\/v2\/types\/page"}],"author":[{"embeddable":true,"href":"https:\/\/sms-txt.net\/lt\/wp-json\/wp\/v2\/users\/1"}],"replies":[{"embeddable":true,"href":"https:\/\/sms-txt.net\/lt\/wp-json\/wp\/v2\/comments?post=3922"}],"version-history":[{"count":0,"href":"https:\/\/sms-txt.net\/lt\/wp-json\/wp\/v2\/pages\/3922\/revisions"}],"wp:attachment":[{"href":"https:\/\/sms-txt.net\/lt\/wp-json\/wp\/v2\/media?parent=3922"}],"curies":[{"name":"wp","href":"https:\/\/api.w.org\/{rel}","templated":true}]}}