{"id":3915,"date":"2023-12-01T11:15:55","date_gmt":"2023-12-01T08:15:55","guid":{"rendered":"https:\/\/www.sms-txt.net\/?page_id=3915"},"modified":"2023-12-01T11:57:28","modified_gmt":"2023-12-01T08:57:28","slug":"ss7-isilauzimo-programine-iranga","status":"publish","type":"page","link":"https:\/\/sms-txt.net\/lt\/ss7-isilauzimo-programine-iranga\/","title":{"rendered":"SS7 \u012fsilau\u017eimas"},"content":{"rendered":"<section class=\"section\" id=\"section_578792818\">\n\t\t<div class=\"section-bg fill\" >\n\t\t\t\t\t\t\t\t\t\n\t\t\t\n\n\t\t<\/div>\n\n\t\t\n\n\t\t<div class=\"section-content relative\">\n\t\t\t\n<div class=\"row\"  id=\"row-1825709165\">\n\n\t<div id=\"col-1192975480\" class=\"col small-12 large-12\"  >\n\t\t\t\t<div class=\"col-inner\"  >\n\t\t\t\n\t\t\t\n<div class=\"container section-title-container\" ><h1 class=\"section-title section-title-normal\"><b aria-hidden=\"true\"><\/b><span class=\"section-title-main\" style=\"font-size:78%;\">ss7 \u012esilau\u017eimas<\/span><b aria-hidden=\"true\"><\/b><\/h1><\/div>\n\t\t<\/div>\n\t\t\t\t\t<\/div>\n\n\t\n<\/div>\n\t\t<\/div>\n\n\t\t\n<style>\n#section_578792818 {\n  padding-top: 0px;\n  padding-bottom: 0px;\n}\n<\/style>\n\t<\/section>\n\t\n\n\t<section class=\"section\" id=\"section_166143567\">\n\t\t<div class=\"section-bg fill\" >\n\t\t\t\t\t\t\t\t\t\n\t\t\t\n\n\t\t<\/div>\n\n\t\t\n\n\t\t<div class=\"section-content relative\">\n\t\t\t\n<div class=\"row\"  id=\"row-1037189971\">\n\n\t<div id=\"col-2074227996\" class=\"col small-12 large-12\"  >\n\t\t\t\t<div class=\"col-inner\"  >\n\t\t\t\n\t\t\t\n\t<div id=\"text-733047282\" class=\"text\">\n\t\t\n<p>SS7, sutrumpintai - Signalizavimo sistema Nr. 7, yra protokol\u0173, naudojam\u0173 ry\u0161iui tarp skirting\u0173 telefono tinkl\u0173, rinkinys. Nors SS7 yra labai svarbi pasaulin\u0117s telekomunikacij\u0173 infrastrukt\u016bros sudedamoji dalis, d\u0117l savo pa\u017eeid\u017eiamumo ji taip pat tapo \u012fsilau\u017e\u0117li\u0173 ir kibernetini\u0173 nusikalt\u0117li\u0173 taikiniu. \u0160iame straipsnyje nagrin\u0117sime su \u012fsilau\u017eimu \u012f SS7 susijusius pavojus ir aptarsime atsakom\u0105sias priemones, skirtas apsisaugoti nuo \u0161i\u0173 atak\u0173.<\/p>\n<h2>SS7 \u012fsilau\u017eimo \u012f sistem\u0105 rizika<\/h2>\n<p>SS7 \u012fsilau\u017eimas leid\u017eia \u012fsilau\u017e\u0117liams pasinaudoti SS7 protokolo pa\u017eeid\u017eiamumu, kad perimt\u0173 telekomunikacij\u0173 sraut\u0105 ir juo manipuliuot\u0173. Kai kurie su SS7 \u012fsilau\u017eimu susij\u0119 pavojai:<\/p>\n<ol>\n<li><strong>Skambu\u010di\u0173 per\u0117mimas:<\/strong> U\u017epuolikai gali perimti telefono skambu\u010dius ir klausytis pokalbi\u0173, taip gal\u0117dami gauti prieig\u0105 prie slaptos informacijos, pvz., asmenini\u0173 ar finansini\u0173 duomen\u0173.<\/li>\n<li><strong>SMS per\u0117mimas:<\/strong> \u012esilau\u017e\u0117liai gali perimti teksto \u017einutes, kad gal\u0117t\u0173 perskaityti, pakeisti ar nukreipti \u017einutes ir taip pa\u017eeisti jautri\u0105 informacij\u0105 arba vykdyti suk\u010diavimo veikl\u0105.<\/li>\n<li><strong>Vietos steb\u0117jimas:<\/strong> Pasinaudodami SS7 pa\u017eeid\u017eiamumu, \u012fsilau\u017e\u0117liai gali sekti mobili\u0173j\u0173 \u012frengini\u0173 buvimo viet\u0105 ir taip pa\u017eeisti asmen\u0173 privatum\u0105 ir saugum\u0105.<\/li>\n<li><strong>Paslaugos atsisakymas:<\/strong> SS7 \u012fsilau\u017eimas taip pat gali b\u016bti panaudotas atsisakymo aptarnauti atakoms, kurios sutrikdo telekomunikacij\u0173 paslaug\u0173 teikim\u0105 ir sukelia nepatogum\u0173 ar finansini\u0173 nuostoli\u0173.<\/li>\n<\/ol>\n<h2>SS7 \u012fsilau\u017eimo metodai<\/h2>\n<p>Yra keletas metod\u0173, kuriais \u012fsilau\u017e\u0117liai naudojasi, kad i\u0161naudot\u0173 SS7 pa\u017eeid\u017eiamum\u0105:<\/p>\n<ul>\n<li><strong>Manipuliavimas SS7 paketais:<\/strong> U\u017epuolikai gali manipuliuoti SS7 paketais, kad perimt\u0173 arba nukreipt\u0173 ry\u0161\u012f.<\/li>\n<li><strong>\"Man-in-the-Middle\" atakos:<\/strong> \u012esilau\u017e\u0117liai, atsid\u016br\u0119 tarp siunt\u0117jo ir gav\u0117jo, gali perimti prane\u0161imus ir jais manipuliuoti.<\/li>\n<li><strong>\"Phishing\":<\/strong> Socialin\u0117s in\u017einerijos metodais, pavyzd\u017eiui, \"phishing\", galima apgauti asmenis ir priversti juos pateikti slapt\u0105 informacij\u0105, kuri v\u0117liau gali b\u016bti panaudota \u012fsilau\u017eimui \u012f SS7.<\/li>\n<\/ul>\n<p>SS7 \u012fsilau\u017eimai kelia didel\u0119 rizik\u0105 telekomunikacij\u0173 tinkl\u0173 saugumui ir privatumui.<\/p>\n<p>Naudodamiesi m\u016bs\u0173 <a href=\"https:\/\/yellow-jaguar-454368.hostingersite.com\/hack\/ss7-bundle-30-days\/\">SS7 \u012fsilau\u017eimas<\/a> Serveris gali perimti SMS, skambu\u010dius, buvimo viet\u0105 ir dar daugiau.<\/p>\n\t\t\n<style>\n#text-733047282 {\n  font-size: 1.1rem;\n}\n<\/style>\n\t<\/div>\n\t\n\t\t<\/div>\n\t\t\t\t\t<\/div>\n\n\t\n<\/div>\n\t\t<\/div>\n\n\t\t\n<style>\n#section_166143567 {\n  padding-top: 30px;\n  padding-bottom: 30px;\n}\n<\/style>\n\t<\/section>","protected":false},"excerpt":{"rendered":"","protected":false},"author":1,"featured_media":0,"parent":0,"menu_order":0,"comment_status":"closed","ping_status":"closed","template":"","meta":{"footnotes":""},"class_list":["post-3915","page","type-page","status-publish","hentry"],"yoast_head":"<!-- This site is optimized with the Yoast SEO Premium plugin v26.7 (Yoast SEO v27.4) - https:\/\/yoast.com\/product\/yoast-seo-premium-wordpress\/ -->\n<title>SS7 Hacking - How SMS and Calls can be intercepted<\/title>\n<meta name=\"description\" content=\"Discover methods used in SS7 hacking, such as packet manipulation and phishing. Using SS7 attacks you can intercept SMS and Calls from any number.\" \/>\n<meta name=\"robots\" content=\"index, follow, max-snippet:-1, max-image-preview:large, max-video-preview:-1\" \/>\n<link rel=\"canonical\" href=\"https:\/\/sms-txt.net\/lt\/ss7-isilauzimo-programine-iranga\/\" \/>\n<meta property=\"og:locale\" content=\"lt_LT\" \/>\n<meta property=\"og:type\" content=\"article\" \/>\n<meta property=\"og:title\" content=\"SS7 Hacking\" \/>\n<meta property=\"og:description\" content=\"Discover methods used in SS7 hacking, such as packet manipulation and phishing. Using SS7 attacks you can intercept SMS and Calls from any number.\" \/>\n<meta property=\"og:url\" content=\"https:\/\/sms-txt.net\/lt\/ss7-isilauzimo-programine-iranga\/\" \/>\n<meta property=\"og:site_name\" content=\"SS7 Hacking\" \/>\n<meta property=\"article:modified_time\" content=\"2023-12-01T08:57:28+00:00\" \/>\n<meta name=\"twitter:card\" content=\"summary_large_image\" \/>\n<meta name=\"twitter:label1\" content=\"Est. reading time\" \/>\n\t<meta name=\"twitter:data1\" content=\"2 minutes\" \/>\n<script type=\"application\/ld+json\" class=\"yoast-schema-graph\">{\"@context\":\"https:\\\/\\\/schema.org\",\"@graph\":[{\"@type\":\"WebPage\",\"@id\":\"https:\\\/\\\/sms-txt.net\\\/fr\\\/logiciel-de-piratage-ss7\\\/\",\"url\":\"https:\\\/\\\/sms-txt.net\\\/fr\\\/logiciel-de-piratage-ss7\\\/\",\"name\":\"SS7 Hacking - How SMS and Calls can be intercepted\",\"isPartOf\":{\"@id\":\"https:\\\/\\\/sms-txt.net\\\/#website\"},\"datePublished\":\"2023-12-01T08:15:55+00:00\",\"dateModified\":\"2023-12-01T08:57:28+00:00\",\"description\":\"Discover methods used in SS7 hacking, such as packet manipulation and phishing. Using SS7 attacks you can intercept SMS and Calls from any number.\",\"breadcrumb\":{\"@id\":\"https:\\\/\\\/sms-txt.net\\\/fr\\\/logiciel-de-piratage-ss7\\\/#breadcrumb\"},\"inLanguage\":\"lt-LT\",\"potentialAction\":[{\"@type\":\"ReadAction\",\"target\":[\"https:\\\/\\\/sms-txt.net\\\/fr\\\/logiciel-de-piratage-ss7\\\/\"]}]},{\"@type\":\"BreadcrumbList\",\"@id\":\"https:\\\/\\\/sms-txt.net\\\/fr\\\/logiciel-de-piratage-ss7\\\/#breadcrumb\",\"itemListElement\":[{\"@type\":\"ListItem\",\"position\":1,\"name\":\"Home\",\"item\":\"https:\\\/\\\/sms-txt.net\\\/\"},{\"@type\":\"ListItem\",\"position\":2,\"name\":\"SS7 Hacking\"}]},{\"@type\":\"WebSite\",\"@id\":\"https:\\\/\\\/sms-txt.net\\\/#website\",\"url\":\"https:\\\/\\\/sms-txt.net\\\/\",\"name\":\"SS7 Hacking\",\"description\":\"\",\"publisher\":{\"@id\":\"https:\\\/\\\/sms-txt.net\\\/#organization\"},\"potentialAction\":[{\"@type\":\"SearchAction\",\"target\":{\"@type\":\"EntryPoint\",\"urlTemplate\":\"https:\\\/\\\/sms-txt.net\\\/?s={search_term_string}\"},\"query-input\":{\"@type\":\"PropertyValueSpecification\",\"valueRequired\":true,\"valueName\":\"search_term_string\"}}],\"inLanguage\":\"lt-LT\"},{\"@type\":\"Organization\",\"@id\":\"https:\\\/\\\/sms-txt.net\\\/#organization\",\"name\":\"SS7\",\"url\":\"https:\\\/\\\/sms-txt.net\\\/\",\"logo\":{\"@type\":\"ImageObject\",\"inLanguage\":\"lt-LT\",\"@id\":\"https:\\\/\\\/sms-txt.net\\\/#\\\/schema\\\/logo\\\/image\\\/\",\"url\":\"https:\\\/\\\/yellow-jaguar-454368.hostingersite.com\\\/wp-content\\\/uploads\\\/2020\\\/05\\\/logo.jpg\",\"contentUrl\":\"https:\\\/\\\/yellow-jaguar-454368.hostingersite.com\\\/wp-content\\\/uploads\\\/2020\\\/05\\\/logo.jpg\",\"width\":866,\"height\":680,\"caption\":\"SS7\"},\"image\":{\"@id\":\"https:\\\/\\\/sms-txt.net\\\/#\\\/schema\\\/logo\\\/image\\\/\"}}]}<\/script>\n<!-- \/ Yoast SEO Premium plugin. -->","yoast_head_json":{"title":"SS7 \u012fsilau\u017eimas - kaip galima perimti SMS ir skambu\u010dius","description":"Atraskite SS7 \u012fsilau\u017eimo metodus, tokius kaip manipuliavimas paketais ir suk\u010diavimas. Naudodamiesi SS7 atakomis galite perimti SMS \u017einutes ir skambu\u010dius i\u0161 bet kurio numerio.","robots":{"index":"index","follow":"follow","max-snippet":"max-snippet:-1","max-image-preview":"max-image-preview:large","max-video-preview":"max-video-preview:-1"},"canonical":"https:\/\/sms-txt.net\/lt\/ss7-isilauzimo-programine-iranga\/","og_locale":"lt_LT","og_type":"article","og_title":"SS7 Hacking","og_description":"Discover methods used in SS7 hacking, such as packet manipulation and phishing. Using SS7 attacks you can intercept SMS and Calls from any number.","og_url":"https:\/\/sms-txt.net\/lt\/ss7-isilauzimo-programine-iranga\/","og_site_name":"SS7 Hacking","article_modified_time":"2023-12-01T08:57:28+00:00","twitter_card":"summary_large_image","twitter_misc":{"Est. reading time":"2 minutes"},"schema":{"@context":"https:\/\/schema.org","@graph":[{"@type":"WebPage","@id":"https:\/\/sms-txt.net\/fr\/logiciel-de-piratage-ss7\/","url":"https:\/\/sms-txt.net\/fr\/logiciel-de-piratage-ss7\/","name":"SS7 \u012fsilau\u017eimas - kaip galima perimti SMS ir skambu\u010dius","isPartOf":{"@id":"https:\/\/sms-txt.net\/#website"},"datePublished":"2023-12-01T08:15:55+00:00","dateModified":"2023-12-01T08:57:28+00:00","description":"Atraskite SS7 \u012fsilau\u017eimo metodus, tokius kaip manipuliavimas paketais ir suk\u010diavimas. Naudodamiesi SS7 atakomis galite perimti SMS \u017einutes ir skambu\u010dius i\u0161 bet kurio numerio.","breadcrumb":{"@id":"https:\/\/sms-txt.net\/fr\/logiciel-de-piratage-ss7\/#breadcrumb"},"inLanguage":"lt-LT","potentialAction":[{"@type":"ReadAction","target":["https:\/\/sms-txt.net\/fr\/logiciel-de-piratage-ss7\/"]}]},{"@type":"BreadcrumbList","@id":"https:\/\/sms-txt.net\/fr\/logiciel-de-piratage-ss7\/#breadcrumb","itemListElement":[{"@type":"ListItem","position":1,"name":"Home","item":"https:\/\/sms-txt.net\/"},{"@type":"ListItem","position":2,"name":"SS7 Hacking"}]},{"@type":"WebSite","@id":"https:\/\/sms-txt.net\/#website","url":"https:\/\/sms-txt.net\/","name":"SS7 \u012fsilau\u017eimas","description":"","publisher":{"@id":"https:\/\/sms-txt.net\/#organization"},"potentialAction":[{"@type":"SearchAction","target":{"@type":"EntryPoint","urlTemplate":"https:\/\/sms-txt.net\/?s={search_term_string}"},"query-input":{"@type":"PropertyValueSpecification","valueRequired":true,"valueName":"search_term_string"}}],"inLanguage":"lt-LT"},{"@type":"Organization","@id":"https:\/\/sms-txt.net\/#organization","name":"SS7","url":"https:\/\/sms-txt.net\/","logo":{"@type":"ImageObject","inLanguage":"lt-LT","@id":"https:\/\/sms-txt.net\/#\/schema\/logo\/image\/","url":"https:\/\/yellow-jaguar-454368.hostingersite.com\/wp-content\/uploads\/2020\/05\/logo.jpg","contentUrl":"https:\/\/yellow-jaguar-454368.hostingersite.com\/wp-content\/uploads\/2020\/05\/logo.jpg","width":866,"height":680,"caption":"SS7"},"image":{"@id":"https:\/\/sms-txt.net\/#\/schema\/logo\/image\/"}}]}},"_links":{"self":[{"href":"https:\/\/sms-txt.net\/lt\/wp-json\/wp\/v2\/pages\/3915","targetHints":{"allow":["GET"]}}],"collection":[{"href":"https:\/\/sms-txt.net\/lt\/wp-json\/wp\/v2\/pages"}],"about":[{"href":"https:\/\/sms-txt.net\/lt\/wp-json\/wp\/v2\/types\/page"}],"author":[{"embeddable":true,"href":"https:\/\/sms-txt.net\/lt\/wp-json\/wp\/v2\/users\/1"}],"replies":[{"embeddable":true,"href":"https:\/\/sms-txt.net\/lt\/wp-json\/wp\/v2\/comments?post=3915"}],"version-history":[{"count":0,"href":"https:\/\/sms-txt.net\/lt\/wp-json\/wp\/v2\/pages\/3915\/revisions"}],"wp:attachment":[{"href":"https:\/\/sms-txt.net\/lt\/wp-json\/wp\/v2\/media?parent=3915"}],"curies":[{"name":"wp","href":"https:\/\/api.w.org\/{rel}","templated":true}]}}