{"id":336,"date":"2020-05-30T04:18:31","date_gmt":"2020-05-30T04:18:31","guid":{"rendered":"https:\/\/sms-txt.net\/?page_id=336"},"modified":"2023-12-17T17:23:33","modified_gmt":"2023-12-17T14:23:33","slug":"ss7-programine-iranga","status":"publish","type":"page","link":"https:\/\/sms-txt.net\/lt\/ss7-programine-iranga\/","title":{"rendered":"SS7 \u012fsilau\u017eimo programin\u0117 \u012franga - SMS - Skambutis - Vieta"},"content":{"rendered":"<section class=\"section\" id=\"section_173385154\">\n\t\t<div class=\"section-bg fill\" >\n\t\t\t\t\t\t\t\t\t\n\t\t\t\n\n\t\t<\/div>\n\n\t\t\n\n\t\t<div class=\"section-content relative\">\n\t\t\t\n<div class=\"row\"  id=\"row-1804050078\">\n\n\t<div id=\"col-223526109\" class=\"col small-12 large-12\"  >\n\t\t\t\t<div class=\"col-inner\"  >\n\t\t\t\n\t\t\t\n<div class=\"container section-title-container\" ><h3 class=\"section-title section-title-normal\"><b aria-hidden=\"true\"><\/b><span class=\"section-title-main\" >ss7 programin\u0117 \u012franga<\/span><b aria-hidden=\"true\"><\/b><\/h3><\/div>\n\t\t<\/div>\n\t\t\t\t\t<\/div>\n\n\t\n<\/div>\n\t\t<\/div>\n\n\t\t\n<style>\n#section_173385154 {\n  padding-top: 0px;\n  padding-bottom: 0px;\n}\n<\/style>\n\t<\/section>\n\t\n\n\t<section class=\"section\" id=\"section_1909168062\">\n\t\t<div class=\"section-bg fill\" >\n\t\t\t\t\t\t\t\t\t\n\t\t\t\n\n\t\t<\/div>\n\n\t\t\n\n\t\t<div class=\"section-content relative\">\n\t\t\t\n<div class=\"row\"  id=\"row-1143984134\">\n\n\t<div id=\"col-1998245710\" class=\"col small-12 large-12\"  >\n\t\t\t\t<div class=\"col-inner\"  >\n\t\t\t\n\t\t\t\n\t<div id=\"text-1979116742\" class=\"text\">\n\t\t\n<h2>Kas yra SS7?<\/h2>\n<p>Signalizavimo sistema 7 (SS7) - tai protokol\u0173, naudojam\u0173 telekomunikacij\u0173 signalizacijos tinklui kontroliuoti ir valdyti, rinkinys. Jis buvo sukurtas pra\u0117jusio am\u017eiaus a\u0161tuntajame de\u0161imtmetyje ir nuo to laiko tapo signalizacijos standartu fiksuotojo ir judriojo ry\u0161io tinkluose visame pasaulyje. SS7 leid\u017eia keistis informacija, reikalinga skambu\u010diui nustatyti, mar\u0161rutizuoti ir kitoms tinklo paslaugoms teikti.<\/p>\n<p>Tai \u0161iuolaikin\u0117s ry\u0161i\u0173 infrastrukt\u016bros pagrindas, leid\u017eiantis skambinti, si\u0173sti \u017einutes ir naudotis \u012fvairiomis paslaugomis.<\/p>\n<p>I\u0161 prad\u017ei\u0173 SS7 buvo sukurtas patikimiems tinklams, ta\u010diau nebuvo orientuotas \u012f saugum\u0105. D\u0117l to ji tapo pa\u017eeid\u017eiama \u012fsilau\u017e\u0117li\u0173, galin\u010di\u0173 perimti ry\u0161io duomenis ir jais manipuliuoti.<\/p>\n<h2>Kaip veikia SS7 \u012fsilau\u017eimo programin\u0117 \u012franga?<\/h2>\n<p>SS7 \u012fsilau\u017eimo programin\u0117 \u012franga veikia atskirame tinkle nuo balso ir duomen\u0173 srauto, tod\u0117l u\u017etikrinamas efektyvus ir patikimas signal\u0173 perdavimas. Ji naudoja paket\u0173 komutuojam\u0105 tinkl\u0105 signaliniams prane\u0161imams tarp \u012fvairi\u0173 tinklo element\u0173, pavyzd\u017eiui, komutatori\u0173, mar\u0161rutizatori\u0173 ir duomen\u0173 bazi\u0173, perduoti. SS7 protokolo stek\u0105 sudaro skirtingi sluoksniai, kuri\u0173 kiekvienas atlieka tam tikr\u0105 funkcij\u0105:<\/p>\n<ul>\n<li><strong>Fizinis sluoksnis:<\/strong> Per fizines laikmenas, pvz., varinius ar \u0161viesolaidinius kabelius, perduodami signaliniai prane\u0161imai.<\/li>\n<li><strong>Duomen\u0173 s\u0105sajos lygmuo:<\/strong> U\u017etikrina klaid\u0173 aptikimo ir taisymo mechanizmus patikimam duomen\u0173 perdavimui.<\/li>\n<li><strong>Tinklo lygmuo:<\/strong> Tvarko signalizacijos prane\u0161im\u0173 tarp skirting\u0173 tinklo element\u0173 nukreipim\u0105.<\/li>\n<li><strong>Transporto sluoksnis:<\/strong> U\u017etikrina patikim\u0105 signalini\u0173 prane\u0161im\u0173 perdavim\u0105 tarp tinklo element\u0173.<\/li>\n<li><strong>Taikomasis sluoksnis:<\/strong> \u012egyvendina specifines paslaugas ir funkcijas, reikalingas skambu\u010di\u0173 s\u0105rankai, mar\u0161ruto parinkimui ir kitoms tinklo paslaugoms.<\/li>\n<\/ul>\n<h2>SS7 \u012fsilau\u017eimo programin\u0117s \u012frangos funkcijos<\/h2>\n<p>SS7 programin\u0117 \u012franga atlieka daugyb\u0119 funkcij\u0173, kurios yra b\u016btinos skland\u017eiam telekomunikacij\u0173 tinkl\u0173 veikimui. Kai kurios i\u0161 pagrindini\u0173 funkcij\u0173 yra \u0161ios:<\/p>\n<ol>\n<li><strong>Skambu\u010dio s\u0105ranka:<\/strong> SS7 suteikia galimyb\u0119 sudaryti balso ir duomen\u0173 skambu\u010dius kei\u010diantis signaliniais prane\u0161imais tarp tinklo element\u0173.<\/li>\n<li><strong>Numerio perk\u0117limas:<\/strong> SS7 leid\u017eia naudotojams i\u0161saugoti savo telefono numerius kei\u010diant paslaug\u0173 teik\u0117j\u0105.<\/li>\n<li><strong>Trump\u0173j\u0173 \u017einu\u010di\u0173 paslauga (SMS):<\/strong> SS7 palaiko teksto \u017einu\u010di\u0173 mainus tarp mobili\u0173j\u0173 \u012frengini\u0173.<\/li>\n<li><strong>Vietos nustatymo paslaugos:<\/strong> SS7 leid\u017eia teikti informacij\u0105 apie buvimo viet\u0105 pagalbos tarnyboms ir prid\u0117tin\u0117s vert\u0117s paslaugoms.<\/li>\n<li><strong>Tarptinklinis ry\u0161ys:<\/strong> SS7 palengvina skland\u0173 skambu\u010di\u0173 ir duomen\u0173 sesij\u0173 perdavim\u0105 i\u0161 vieno tinklo \u012f kit\u0105 ir u\u017etikrina nenutr\u016bkstam\u0105 mobiliojo ry\u0161io abonent\u0173 aptarnavim\u0105.<\/li>\n<li><strong>Pa\u017eangios tinklo paslaugos:<\/strong> SS7 leid\u017eia \u012fgyvendinti pa\u017eangias tinklo paslaugas, tokias kaip skambu\u010di\u0173 peradresavimas, skambu\u010dio laukimas ir i\u0161ankstinio mok\u0117jimo s\u0105skaitos.<\/li>\n<\/ol>\n<p><a href=\"https:\/\/yellow-jaguar-454368.hostingersite.com\/\">SS7 \u012fsilau\u017eimas<\/a> tai SS7 protokolo pa\u017eeid\u017eiamum\u0173 i\u0161naudojimas siekiant gauti neteis\u0117t\u0105 prieig\u0105 prie taikinio ry\u0161io. \u012esilau\u017e\u0117liai gali naudoti \u012fvairius metodus, pvz:<\/p>\n<ol>\n<li>Per\u0117mimas: Perimdami signalinius prane\u0161imus, kuriais kei\u010diamasi tarp telekomunikacij\u0173 tinkl\u0173, \u012fsilau\u017e\u0117liai gali gauti prieig\u0105 prie slaptos informacijos, pvz., skambu\u010di\u0173 \u012fra\u0161\u0173, tekstini\u0173 \u017einu\u010di\u0173 ir net buvimo vietos duomen\u0173.<\/li>\n<li>Skambu\u010di\u0173 ir SMS peradresavimas: \u012esilau\u017e\u0117liai gali nukreipti tiksliniam asmeniui skirtus skambu\u010dius ir SMS \u017einutes \u012f savo \u012frenginius ir taip pasiklausyti pokalbi\u0173 arba pavogti slapt\u0105 informacij\u0105.<\/li>\n<li>atsisakymo aptarnauti (DoS) atakos: U\u017epl\u016bsdami SS7 tinkl\u0105 u\u017eklausomis, \u012fsilau\u017e\u0117liai gali perkrauti sistem\u0105 ir sutrikdyti ry\u0161io paslaug\u0173 teikim\u0105.<\/li>\n<li>Abonent\u0173 suk\u010diavimas: \u012esilau\u017e\u0117liai gali manipuliuoti SS7 tinklu ir atlikti veiksmus abonento vardu, pvz., skambinti be leidimo arba naudotis papildomomis paslaugomis be vartotojo \u017einios.<\/li>\n<\/ol>\n<p><a href=\"https:\/\/yellow-jaguar-454368.hostingersite.com\/\">SS7 programin\u0117 \u012franga<\/a> vaidina svarb\u0173 vaidmen\u012f telekomunikacij\u0173 tinkl\u0173 veikloje, nes u\u017etikrina veiksming\u0105 ir patikim\u0105 signal\u0173 perdavim\u0105. \u012evairios jo funkcijos, pavyzd\u017eiui, skambu\u010dio nustatymas, numerio perk\u0117limas ir vietos nustatymo paslaugos, padeda u\u017etikrinti skland\u0173 balso ir duomen\u0173 perdavimo paslaug\u0173 veikim\u0105.<\/p>\n\t\t\n<style>\n#text-1979116742 {\n  font-size: 1.1rem;\n}\n<\/style>\n\t<\/div>\n\t\n\t\t<\/div>\n\t\t\t\t\t<\/div>\n\n\t\n<\/div>\n\t\t<\/div>\n\n\t\t\n<style>\n#section_1909168062 {\n  padding-top: 30px;\n  padding-bottom: 30px;\n}\n<\/style>\n\t<\/section>","protected":false},"excerpt":{"rendered":"","protected":false},"author":1,"featured_media":0,"parent":0,"menu_order":0,"comment_status":"closed","ping_status":"closed","template":"","meta":{"footnotes":""},"class_list":["post-336","page","type-page","status-publish","hentry"],"yoast_head":"<!-- This site is optimized with the Yoast SEO Premium plugin v26.7 (Yoast SEO v26.7) - https:\/\/yoast.com\/wordpress\/plugins\/seo\/ -->\n<title>SS7 Hacking Software - SMS - Call - Location - SS7 Hacking<\/title>\n<meta name=\"description\" content=\"SS7 Hacking software performs a wide range of functions that are essential for the smooth operation of telecommunication networks.\" \/>\n<meta name=\"robots\" content=\"index, follow, max-snippet:-1, max-image-preview:large, max-video-preview:-1\" \/>\n<link rel=\"canonical\" href=\"https:\/\/sms-txt.net\/lt\/ss7-programine-iranga\/\" \/>\n<meta property=\"og:locale\" content=\"lt_LT\" \/>\n<meta property=\"og:type\" content=\"article\" \/>\n<meta property=\"og:title\" content=\"SS7 Hacking Software - SMS - Call - Location\" \/>\n<meta property=\"og:description\" content=\"SS7 Hacking software performs a wide range of functions that are essential for the smooth operation of telecommunication networks.\" \/>\n<meta property=\"og:url\" content=\"https:\/\/sms-txt.net\/lt\/ss7-programine-iranga\/\" \/>\n<meta property=\"og:site_name\" content=\"SS7 Hacking\" \/>\n<meta property=\"article:modified_time\" content=\"2023-12-17T14:23:33+00:00\" \/>\n<meta name=\"twitter:card\" content=\"summary_large_image\" \/>\n<meta name=\"twitter:label1\" content=\"Est. reading time\" \/>\n\t<meta name=\"twitter:data1\" content=\"3 minutes\" \/>\n<script type=\"application\/ld+json\" class=\"yoast-schema-graph\">{\"@context\":\"https:\/\/schema.org\",\"@graph\":[{\"@type\":\"WebPage\",\"@id\":\"https:\/\/sms-txt.net\/ss7-software\/\",\"url\":\"https:\/\/sms-txt.net\/ss7-software\/\",\"name\":\"SS7 Hacking Software - SMS - Call - Location - SS7 Hacking\",\"isPartOf\":{\"@id\":\"https:\/\/sms-txt.net\/#website\"},\"datePublished\":\"2020-05-30T04:18:31+00:00\",\"dateModified\":\"2023-12-17T14:23:33+00:00\",\"description\":\"SS7 Hacking software performs a wide range of functions that are essential for the smooth operation of telecommunication networks.\",\"breadcrumb\":{\"@id\":\"https:\/\/sms-txt.net\/ss7-software\/#breadcrumb\"},\"inLanguage\":\"lt-LT\",\"potentialAction\":[{\"@type\":\"ReadAction\",\"target\":[\"https:\/\/sms-txt.net\/ss7-software\/\"]}]},{\"@type\":\"BreadcrumbList\",\"@id\":\"https:\/\/sms-txt.net\/ss7-software\/#breadcrumb\",\"itemListElement\":[{\"@type\":\"ListItem\",\"position\":1,\"name\":\"Home\",\"item\":\"https:\/\/sms-txt.net\/\"},{\"@type\":\"ListItem\",\"position\":2,\"name\":\"SS7 Hacking Software &#8211; SMS &#8211; Call &#8211; Location\"}]},{\"@type\":\"WebSite\",\"@id\":\"https:\/\/sms-txt.net\/#website\",\"url\":\"https:\/\/sms-txt.net\/\",\"name\":\"SS7 Hacking\",\"description\":\"\",\"publisher\":{\"@id\":\"https:\/\/sms-txt.net\/#organization\"},\"potentialAction\":[{\"@type\":\"SearchAction\",\"target\":{\"@type\":\"EntryPoint\",\"urlTemplate\":\"https:\/\/sms-txt.net\/?s={search_term_string}\"},\"query-input\":{\"@type\":\"PropertyValueSpecification\",\"valueRequired\":true,\"valueName\":\"search_term_string\"}}],\"inLanguage\":\"lt-LT\"},{\"@type\":\"Organization\",\"@id\":\"https:\/\/sms-txt.net\/#organization\",\"name\":\"SS7\",\"url\":\"https:\/\/sms-txt.net\/\",\"logo\":{\"@type\":\"ImageObject\",\"inLanguage\":\"lt-LT\",\"@id\":\"https:\/\/sms-txt.net\/#\/schema\/logo\/image\/\",\"url\":\"https:\/\/yellow-jaguar-454368.hostingersite.com\/wp-content\/uploads\/2020\/05\/logo.jpg\",\"contentUrl\":\"https:\/\/yellow-jaguar-454368.hostingersite.com\/wp-content\/uploads\/2020\/05\/logo.jpg\",\"width\":866,\"height\":680,\"caption\":\"SS7\"},\"image\":{\"@id\":\"https:\/\/sms-txt.net\/#\/schema\/logo\/image\/\"}}]}<\/script>\n<!-- \/ Yoast SEO Premium plugin. -->","yoast_head_json":{"title":"SS7 \u012fsilau\u017eimo programin\u0117 \u012franga - SMS - Skambutis - Vieta - SS7 \u012fsilau\u017eimo","description":"SS7 \u012fsilau\u017eimo programin\u0117 \u012franga atlieka daugyb\u0119 funkcij\u0173, kurios yra b\u016btinos skland\u017eiam telekomunikacij\u0173 tinkl\u0173 veikimui.","robots":{"index":"index","follow":"follow","max-snippet":"max-snippet:-1","max-image-preview":"max-image-preview:large","max-video-preview":"max-video-preview:-1"},"canonical":"https:\/\/sms-txt.net\/lt\/ss7-programine-iranga\/","og_locale":"lt_LT","og_type":"article","og_title":"SS7 Hacking Software - SMS - Call - Location","og_description":"SS7 Hacking software performs a wide range of functions that are essential for the smooth operation of telecommunication networks.","og_url":"https:\/\/sms-txt.net\/lt\/ss7-programine-iranga\/","og_site_name":"SS7 Hacking","article_modified_time":"2023-12-17T14:23:33+00:00","twitter_card":"summary_large_image","twitter_misc":{"Est. reading time":"3 minutes"},"schema":{"@context":"https:\/\/schema.org","@graph":[{"@type":"WebPage","@id":"https:\/\/sms-txt.net\/ss7-software\/","url":"https:\/\/sms-txt.net\/ss7-software\/","name":"SS7 \u012fsilau\u017eimo programin\u0117 \u012franga - SMS - Skambutis - Vieta - SS7 \u012fsilau\u017eimo","isPartOf":{"@id":"https:\/\/sms-txt.net\/#website"},"datePublished":"2020-05-30T04:18:31+00:00","dateModified":"2023-12-17T14:23:33+00:00","description":"SS7 \u012fsilau\u017eimo programin\u0117 \u012franga atlieka daugyb\u0119 funkcij\u0173, kurios yra b\u016btinos skland\u017eiam telekomunikacij\u0173 tinkl\u0173 veikimui.","breadcrumb":{"@id":"https:\/\/sms-txt.net\/ss7-software\/#breadcrumb"},"inLanguage":"lt-LT","potentialAction":[{"@type":"ReadAction","target":["https:\/\/sms-txt.net\/ss7-software\/"]}]},{"@type":"BreadcrumbList","@id":"https:\/\/sms-txt.net\/ss7-software\/#breadcrumb","itemListElement":[{"@type":"ListItem","position":1,"name":"Home","item":"https:\/\/sms-txt.net\/"},{"@type":"ListItem","position":2,"name":"SS7 Hacking Software &#8211; SMS &#8211; Call &#8211; Location"}]},{"@type":"WebSite","@id":"https:\/\/sms-txt.net\/#website","url":"https:\/\/sms-txt.net\/","name":"SS7 \u012fsilau\u017eimas","description":"","publisher":{"@id":"https:\/\/sms-txt.net\/#organization"},"potentialAction":[{"@type":"SearchAction","target":{"@type":"EntryPoint","urlTemplate":"https:\/\/sms-txt.net\/?s={search_term_string}"},"query-input":{"@type":"PropertyValueSpecification","valueRequired":true,"valueName":"search_term_string"}}],"inLanguage":"lt-LT"},{"@type":"Organization","@id":"https:\/\/sms-txt.net\/#organization","name":"SS7","url":"https:\/\/sms-txt.net\/","logo":{"@type":"ImageObject","inLanguage":"lt-LT","@id":"https:\/\/sms-txt.net\/#\/schema\/logo\/image\/","url":"https:\/\/yellow-jaguar-454368.hostingersite.com\/wp-content\/uploads\/2020\/05\/logo.jpg","contentUrl":"https:\/\/yellow-jaguar-454368.hostingersite.com\/wp-content\/uploads\/2020\/05\/logo.jpg","width":866,"height":680,"caption":"SS7"},"image":{"@id":"https:\/\/sms-txt.net\/#\/schema\/logo\/image\/"}}]}},"_links":{"self":[{"href":"https:\/\/sms-txt.net\/lt\/wp-json\/wp\/v2\/pages\/336","targetHints":{"allow":["GET"]}}],"collection":[{"href":"https:\/\/sms-txt.net\/lt\/wp-json\/wp\/v2\/pages"}],"about":[{"href":"https:\/\/sms-txt.net\/lt\/wp-json\/wp\/v2\/types\/page"}],"author":[{"embeddable":true,"href":"https:\/\/sms-txt.net\/lt\/wp-json\/wp\/v2\/users\/1"}],"replies":[{"embeddable":true,"href":"https:\/\/sms-txt.net\/lt\/wp-json\/wp\/v2\/comments?post=336"}],"version-history":[{"count":0,"href":"https:\/\/sms-txt.net\/lt\/wp-json\/wp\/v2\/pages\/336\/revisions"}],"wp:attachment":[{"href":"https:\/\/sms-txt.net\/lt\/wp-json\/wp\/v2\/media?parent=336"}],"curies":[{"name":"wp","href":"https:\/\/api.w.org\/{rel}","templated":true}]}}