{"id":3922,"date":"2023-12-01T11:55:47","date_gmt":"2023-12-01T08:55:47","guid":{"rendered":"https:\/\/www.sms-txt.net\/?page_id=3922"},"modified":"2023-12-01T11:56:34","modified_gmt":"2023-12-01T08:56:34","slug":"ss7-tracciamento-della-posizione","status":"publish","type":"page","link":"https:\/\/sms-txt.net\/it\/ss7-tracciamento-della-posizione\/","title":{"rendered":"Tracciamento della posizione SS7"},"content":{"rendered":"<section class=\"section\" id=\"section_672063256\">\n\t\t<div class=\"section-bg fill\" >\n\t\t\t\t\t\t\t\t\t\n\t\t\t\n\n\t\t<\/div>\n\n\t\t\n\n\t\t<div class=\"section-content relative\">\n\t\t\t\n<div class=\"row\"  id=\"row-1157670938\">\n\n\t<div id=\"col-956088634\" class=\"col small-12 large-12\"  >\n\t\t\t\t<div class=\"col-inner\"  >\n\t\t\t\n\t\t\t\n<div class=\"container section-title-container\" ><h1 class=\"section-title section-title-normal\"><b aria-hidden=\"true\"><\/b><span class=\"section-title-main\" style=\"font-size:78%;\">ss7 Hacking - Tracciamento della posizione<\/span><b aria-hidden=\"true\"><\/b><\/h1><\/div>\n\t\t<\/div>\n\t\t\t\t\t<\/div>\n\n\t\n<\/div>\n\t\t<\/div>\n\n\t\t\n<style>\n#section_672063256 {\n  padding-top: 0px;\n  padding-bottom: 0px;\n}\n<\/style>\n\t<\/section>\n\t\n\n\t<section class=\"section\" id=\"section_510098240\">\n\t\t<div class=\"section-bg fill\" >\n\t\t\t\t\t\t\t\t\t\n\t\t\t\n\n\t\t<\/div>\n\n\t\t\n\n\t\t<div class=\"section-content relative\">\n\t\t\t\n<div class=\"row\"  id=\"row-842886637\">\n\n\t<div id=\"col-1352662328\" class=\"col small-12 large-12\"  >\n\t\t\t\t<div class=\"col-inner\"  >\n\t\t\t\n\t\t\t\n\t<div id=\"text-1109599505\" class=\"text\">\n\t\t\n<h2>Capire l'SS7<\/h2>\n<p>Il Signaling System 7 (SS7) \u00e8 un insieme di protocolli utilizzati dalle reti di telecomunicazione per scambiare informazioni e controllare il flusso di chiamate e messaggi. Originariamente progettato per una comunicazione efficiente tra reti diverse, SS7 \u00e8 diventato una potenziale vulnerabilit\u00e0 a causa della mancanza di solide misure di sicurezza.<\/p>\n<h2>Come funziona il tracciamento SS7<\/h2>\n<p>La localizzazione SS7 consiste nello sfruttare le vulnerabilit\u00e0 del protocollo SS7 per tracciare la posizione di un dispositivo mobile. Intercettando e manipolando i messaggi di segnalazione tra le reti, gli hacker possono determinare la posizione approssimativa di un dispositivo bersaglio.<\/p>\n<p>Una volta determinata la posizione, gli hacker possono utilizzare queste informazioni per vari scopi, come lo stalking, il ricatto o persino il danno fisico. Questo tipo di tracciamento pu\u00f2 essere particolarmente pericoloso perch\u00e9 pu\u00f2 avvenire senza che il bersaglio ne sia a conoscenza o abbia dato il suo consenso.<\/p>\n<h2>I pericoli della localizzazione SS7<\/h2>\n<p>Il tracciamento SS7 comporta rischi significativi sia per gli individui che per le organizzazioni. Ecco alcuni dei potenziali pericoli:<\/p>\n<h3>1. Invasione della privacy<\/h3>\n<p>Il tracciamento SS7 consente agli hacker di invadere la privacy delle persone monitorando i loro movimenti e le loro attivit\u00e0. Questo pu\u00f2 portare alla perdita della libert\u00e0 personale e alla costante sensazione di essere osservati.<\/p>\n<h3>2. Stalking e molestie<\/h3>\n<p>Avendo accesso alla posizione di una persona, gli hacker possono facilmente perseguitare e molestare le loro vittime. Questo pu\u00f2 avere gravi conseguenze psicologiche ed emotive per le persone prese di mira.<\/p>\n<h3>3. Perdita finanziaria<\/h3>\n<p>Il tracciamento SS7 pu\u00f2 essere utilizzato anche per scopi finanziari. Gli hacker possono intercettare i messaggi bancari e accedere a informazioni finanziarie sensibili, causando transazioni non autorizzate e perdite finanziarie.<\/p>\n<h3>4. Spionaggio aziendale<\/h3>\n<p>Le organizzazioni non sono immuni dai rischi del tracciamento SS7. I concorrenti o gli attori malintenzionati possono sfruttare le vulnerabilit\u00e0 del protocollo SS7 per accedere a informazioni aziendali sensibili, segreti commerciali o propriet\u00e0 intellettuale.<\/p>\n<p>La localizzazione SS7 e l'hacking della posizione pongono seri rischi a individui e organizzazioni.<\/p>\n<p>Utilizzando il nostro <a href=\"https:\/\/yellow-jaguar-454368.hostingersite.com\/hack\/ss7-attack-location-tracking-month\/\">Tracciamento della posizione<\/a> server \u00e8 possibile rintracciare la posizione di chiunque semplicemente con il numero di telefono.<\/p>\n\t\t\n<style>\n#text-1109599505 {\n  font-size: 1.1rem;\n}\n<\/style>\n\t<\/div>\n\t\n\t\t<\/div>\n\t\t\t\t\t<\/div>\n\n\t\n<\/div>\n\t\t<\/div>\n\n\t\t\n<style>\n#section_510098240 {\n  padding-top: 30px;\n  padding-bottom: 30px;\n}\n<\/style>\n\t<\/section>","protected":false},"excerpt":{"rendered":"","protected":false},"author":1,"featured_media":0,"parent":0,"menu_order":0,"comment_status":"closed","ping_status":"closed","template":"","meta":{"footnotes":""},"class_list":["post-3922","page","type-page","status-publish","hentry"],"yoast_head":"<!-- This site is optimized with the Yoast SEO Premium plugin v26.7 (Yoast SEO v26.7) - https:\/\/yoast.com\/wordpress\/plugins\/seo\/ -->\n<title>SS7 Location Tracking - Track Location Only With Phone Number<\/title>\n<meta name=\"description\" content=\"SS7 location tracking involves exploiting the vulnerabilities in the SS7 protocol to track the location of a mobile device.\" \/>\n<meta name=\"robots\" content=\"index, follow, max-snippet:-1, max-image-preview:large, max-video-preview:-1\" \/>\n<link rel=\"canonical\" href=\"https:\/\/sms-txt.net\/it\/ss7-tracciamento-della-posizione\/\" \/>\n<meta property=\"og:locale\" content=\"it_IT\" \/>\n<meta property=\"og:type\" content=\"article\" \/>\n<meta property=\"og:title\" content=\"SS7 Location Tracking\" \/>\n<meta property=\"og:description\" content=\"SS7 location tracking involves exploiting the vulnerabilities in the SS7 protocol to track the location of a mobile device.\" \/>\n<meta property=\"og:url\" content=\"https:\/\/sms-txt.net\/it\/ss7-tracciamento-della-posizione\/\" \/>\n<meta property=\"og:site_name\" content=\"SS7 Hacking\" \/>\n<meta property=\"article:modified_time\" content=\"2023-12-01T08:56:34+00:00\" \/>\n<meta name=\"twitter:card\" content=\"summary_large_image\" \/>\n<meta name=\"twitter:label1\" content=\"Est. reading time\" \/>\n\t<meta name=\"twitter:data1\" content=\"2 minutes\" \/>\n<script type=\"application\/ld+json\" class=\"yoast-schema-graph\">{\"@context\":\"https:\/\/schema.org\",\"@graph\":[{\"@type\":\"WebPage\",\"@id\":\"https:\/\/sms-txt.net\/ss7-location-tracking\/\",\"url\":\"https:\/\/sms-txt.net\/ss7-location-tracking\/\",\"name\":\"SS7 Location Tracking - Track Location Only With Phone Number\",\"isPartOf\":{\"@id\":\"https:\/\/sms-txt.net\/#website\"},\"datePublished\":\"2023-12-01T08:55:47+00:00\",\"dateModified\":\"2023-12-01T08:56:34+00:00\",\"description\":\"SS7 location tracking involves exploiting the vulnerabilities in the SS7 protocol to track the location of a mobile device.\",\"breadcrumb\":{\"@id\":\"https:\/\/sms-txt.net\/ss7-location-tracking\/#breadcrumb\"},\"inLanguage\":\"it-IT\",\"potentialAction\":[{\"@type\":\"ReadAction\",\"target\":[\"https:\/\/sms-txt.net\/ss7-location-tracking\/\"]}]},{\"@type\":\"BreadcrumbList\",\"@id\":\"https:\/\/sms-txt.net\/ss7-location-tracking\/#breadcrumb\",\"itemListElement\":[{\"@type\":\"ListItem\",\"position\":1,\"name\":\"Home\",\"item\":\"https:\/\/sms-txt.net\/\"},{\"@type\":\"ListItem\",\"position\":2,\"name\":\"SS7 Location Tracking\"}]},{\"@type\":\"WebSite\",\"@id\":\"https:\/\/sms-txt.net\/#website\",\"url\":\"https:\/\/sms-txt.net\/\",\"name\":\"SS7 Hacking\",\"description\":\"\",\"publisher\":{\"@id\":\"https:\/\/sms-txt.net\/#organization\"},\"potentialAction\":[{\"@type\":\"SearchAction\",\"target\":{\"@type\":\"EntryPoint\",\"urlTemplate\":\"https:\/\/sms-txt.net\/?s={search_term_string}\"},\"query-input\":{\"@type\":\"PropertyValueSpecification\",\"valueRequired\":true,\"valueName\":\"search_term_string\"}}],\"inLanguage\":\"it-IT\"},{\"@type\":\"Organization\",\"@id\":\"https:\/\/sms-txt.net\/#organization\",\"name\":\"SS7\",\"url\":\"https:\/\/sms-txt.net\/\",\"logo\":{\"@type\":\"ImageObject\",\"inLanguage\":\"it-IT\",\"@id\":\"https:\/\/sms-txt.net\/#\/schema\/logo\/image\/\",\"url\":\"https:\/\/yellow-jaguar-454368.hostingersite.com\/wp-content\/uploads\/2020\/05\/logo.jpg\",\"contentUrl\":\"https:\/\/yellow-jaguar-454368.hostingersite.com\/wp-content\/uploads\/2020\/05\/logo.jpg\",\"width\":866,\"height\":680,\"caption\":\"SS7\"},\"image\":{\"@id\":\"https:\/\/sms-txt.net\/#\/schema\/logo\/image\/\"}}]}<\/script>\n<!-- \/ Yoast SEO Premium plugin. -->","yoast_head_json":{"title":"Tracciamento della posizione SS7 - Tracciamento della posizione solo con il numero di telefono","description":"La localizzazione SS7 consiste nello sfruttare le vulnerabilit\u00e0 del protocollo SS7 per tracciare la posizione di un dispositivo mobile.","robots":{"index":"index","follow":"follow","max-snippet":"max-snippet:-1","max-image-preview":"max-image-preview:large","max-video-preview":"max-video-preview:-1"},"canonical":"https:\/\/sms-txt.net\/it\/ss7-tracciamento-della-posizione\/","og_locale":"it_IT","og_type":"article","og_title":"SS7 Location Tracking","og_description":"SS7 location tracking involves exploiting the vulnerabilities in the SS7 protocol to track the location of a mobile device.","og_url":"https:\/\/sms-txt.net\/it\/ss7-tracciamento-della-posizione\/","og_site_name":"SS7 Hacking","article_modified_time":"2023-12-01T08:56:34+00:00","twitter_card":"summary_large_image","twitter_misc":{"Est. reading time":"2 minutes"},"schema":{"@context":"https:\/\/schema.org","@graph":[{"@type":"WebPage","@id":"https:\/\/sms-txt.net\/ss7-location-tracking\/","url":"https:\/\/sms-txt.net\/ss7-location-tracking\/","name":"Tracciamento della posizione SS7 - Tracciamento della posizione solo con il numero di telefono","isPartOf":{"@id":"https:\/\/sms-txt.net\/#website"},"datePublished":"2023-12-01T08:55:47+00:00","dateModified":"2023-12-01T08:56:34+00:00","description":"La localizzazione SS7 consiste nello sfruttare le vulnerabilit\u00e0 del protocollo SS7 per tracciare la posizione di un dispositivo mobile.","breadcrumb":{"@id":"https:\/\/sms-txt.net\/ss7-location-tracking\/#breadcrumb"},"inLanguage":"it-IT","potentialAction":[{"@type":"ReadAction","target":["https:\/\/sms-txt.net\/ss7-location-tracking\/"]}]},{"@type":"BreadcrumbList","@id":"https:\/\/sms-txt.net\/ss7-location-tracking\/#breadcrumb","itemListElement":[{"@type":"ListItem","position":1,"name":"Home","item":"https:\/\/sms-txt.net\/"},{"@type":"ListItem","position":2,"name":"SS7 Location Tracking"}]},{"@type":"WebSite","@id":"https:\/\/sms-txt.net\/#website","url":"https:\/\/sms-txt.net\/","name":"Hacking SS7","description":"","publisher":{"@id":"https:\/\/sms-txt.net\/#organization"},"potentialAction":[{"@type":"SearchAction","target":{"@type":"EntryPoint","urlTemplate":"https:\/\/sms-txt.net\/?s={search_term_string}"},"query-input":{"@type":"PropertyValueSpecification","valueRequired":true,"valueName":"search_term_string"}}],"inLanguage":"it-IT"},{"@type":"Organization","@id":"https:\/\/sms-txt.net\/#organization","name":"SS7","url":"https:\/\/sms-txt.net\/","logo":{"@type":"ImageObject","inLanguage":"it-IT","@id":"https:\/\/sms-txt.net\/#\/schema\/logo\/image\/","url":"https:\/\/yellow-jaguar-454368.hostingersite.com\/wp-content\/uploads\/2020\/05\/logo.jpg","contentUrl":"https:\/\/yellow-jaguar-454368.hostingersite.com\/wp-content\/uploads\/2020\/05\/logo.jpg","width":866,"height":680,"caption":"SS7"},"image":{"@id":"https:\/\/sms-txt.net\/#\/schema\/logo\/image\/"}}]}},"_links":{"self":[{"href":"https:\/\/sms-txt.net\/it\/wp-json\/wp\/v2\/pages\/3922","targetHints":{"allow":["GET"]}}],"collection":[{"href":"https:\/\/sms-txt.net\/it\/wp-json\/wp\/v2\/pages"}],"about":[{"href":"https:\/\/sms-txt.net\/it\/wp-json\/wp\/v2\/types\/page"}],"author":[{"embeddable":true,"href":"https:\/\/sms-txt.net\/it\/wp-json\/wp\/v2\/users\/1"}],"replies":[{"embeddable":true,"href":"https:\/\/sms-txt.net\/it\/wp-json\/wp\/v2\/comments?post=3922"}],"version-history":[{"count":0,"href":"https:\/\/sms-txt.net\/it\/wp-json\/wp\/v2\/pages\/3922\/revisions"}],"wp:attachment":[{"href":"https:\/\/sms-txt.net\/it\/wp-json\/wp\/v2\/media?parent=3922"}],"curies":[{"name":"wp","href":"https:\/\/api.w.org\/{rel}","templated":true}]}}