{"id":336,"date":"2020-05-30T04:18:31","date_gmt":"2020-05-30T04:18:31","guid":{"rendered":"https:\/\/sms-txt.net\/?page_id=336"},"modified":"2023-12-17T17:23:33","modified_gmt":"2023-12-17T14:23:33","slug":"software-ss7","status":"publish","type":"page","link":"https:\/\/sms-txt.net\/it\/software-ss7\/","title":{"rendered":"Software di hacking SS7 - SMS - chiamate - posizione"},"content":{"rendered":"<section class=\"section\" id=\"section_2087638636\">\n\t\t<div class=\"section-bg fill\" >\n\t\t\t\t\t\t\t\t\t\n\t\t\t\n\n\t\t<\/div>\n\n\t\t\n\n\t\t<div class=\"section-content relative\">\n\t\t\t\n<div class=\"row\"  id=\"row-636902926\">\n\n\t<div id=\"col-1227331563\" class=\"col small-12 large-12\"  >\n\t\t\t\t<div class=\"col-inner\"  >\n\t\t\t\n\t\t\t\n<div class=\"container section-title-container\" ><h3 class=\"section-title section-title-normal\"><b aria-hidden=\"true\"><\/b><span class=\"section-title-main\" >software ss7<\/span><b aria-hidden=\"true\"><\/b><\/h3><\/div>\n\t\t<\/div>\n\t\t\t\t\t<\/div>\n\n\t\n<\/div>\n\t\t<\/div>\n\n\t\t\n<style>\n#section_2087638636 {\n  padding-top: 0px;\n  padding-bottom: 0px;\n}\n<\/style>\n\t<\/section>\n\t\n\n\t<section class=\"section\" id=\"section_772097268\">\n\t\t<div class=\"section-bg fill\" >\n\t\t\t\t\t\t\t\t\t\n\t\t\t\n\n\t\t<\/div>\n\n\t\t\n\n\t\t<div class=\"section-content relative\">\n\t\t\t\n<div class=\"row\"  id=\"row-1953457130\">\n\n\t<div id=\"col-1828331485\" class=\"col small-12 large-12\"  >\n\t\t\t\t<div class=\"col-inner\"  >\n\t\t\t\n\t\t\t\n\t<div id=\"text-3332808103\" class=\"text\">\n\t\t\n<h2>Che cos'\u00e8 l'SS7?<\/h2>\n<p>Il Signaling System 7 (SS7) \u00e8 un insieme di protocolli utilizzati per controllare e gestire la rete di segnalazione nelle telecomunicazioni. \u00c8 stato sviluppato negli anni '70 e da allora \u00e8 diventato lo standard per la segnalazione nelle reti fisse e mobili di tutto il mondo. L'SS7 consente lo scambio di informazioni necessarie per l'impostazione delle chiamate, l'instradamento e altri servizi di rete.<\/p>\n<p>\u00c8 la spina dorsale della nostra moderna infrastruttura di comunicazione, che ci permette di effettuare chiamate, inviare messaggi e accedere a vari servizi.<\/p>\n<p>Originariamente progettato per reti fidate, l'SS7 non \u00e8 stato costruito pensando alla sicurezza. Di conseguenza, \u00e8 diventato vulnerabile allo sfruttamento da parte di hacker che possono intercettare e manipolare i dati di comunicazione.<\/p>\n<h2>Come funziona il software di hacking SS7?<\/h2>\n<p>Il software SS7 Hacking opera su una rete separata dal traffico voce e dati, garantendo una comunicazione di segnalazione efficiente e affidabile. Utilizza una rete a commutazione di pacchetto per trasmettere i messaggi di segnalazione tra vari elementi di rete, come switch, router e database. Lo stack di protocollo SS7 \u00e8 composto da diversi livelli, ognuno dei quali svolge una funzione specifica:<\/p>\n<ul>\n<li><strong>Livello fisico:<\/strong> Gestisce la trasmissione di messaggi di segnalazione su supporti fisici, come cavi in rame o in fibra ottica.<\/li>\n<li><strong>Livello di collegamento dati:<\/strong> Fornisce meccanismi di rilevamento e correzione degli errori per una trasmissione affidabile dei dati.<\/li>\n<li><strong>Livello di rete:<\/strong> Gestisce l'instradamento dei messaggi di segnalazione tra i diversi elementi di rete.<\/li>\n<li><strong>Livello di trasporto:<\/strong> Garantisce la consegna affidabile dei messaggi di segnalazione tra gli elementi di rete.<\/li>\n<li><strong>Livello di applicazione:<\/strong> Implementa i servizi e le funzioni specifiche richieste per l'impostazione delle chiamate, l'instradamento e altri servizi di rete.<\/li>\n<\/ul>\n<h2>Funzioni del software di hacking SS7<\/h2>\n<p>Il software SS7 svolge un'ampia gamma di funzioni essenziali per il buon funzionamento delle reti di telecomunicazione. Alcune delle funzioni chiave includono:<\/p>\n<ol>\n<li><strong>Impostazione della chiamata:<\/strong> L'SS7 consente di stabilire chiamate vocali e di dati attraverso lo scambio di messaggi di segnalazione tra elementi di rete.<\/li>\n<li><strong>Portabilit\u00e0 del numero:<\/strong> L'SS7 consente agli utenti di mantenere il proprio numero di telefono quando cambiano fornitore di servizi.<\/li>\n<li><strong>Servizio messaggi brevi (SMS):<\/strong> SS7 supporta lo scambio di messaggi di testo tra dispositivi mobili.<\/li>\n<li><strong>Servizi basati sulla localizzazione:<\/strong> L'SS7 consente di fornire informazioni sulla posizione per i servizi di emergenza e i servizi a valore aggiunto.<\/li>\n<li><strong>Roaming:<\/strong> L'SS7 facilita il passaggio ininterrotto di chiamate e sessioni di dati tra reti diverse, assicurando un servizio ininterrotto agli abbonati alla telefonia mobile.<\/li>\n<li><strong>Servizi di rete intelligenti:<\/strong> L'SS7 consente l'implementazione di servizi di rete avanzati, come l'inoltro di chiamata, l'avviso di chiamata e la fatturazione prepagata.<\/li>\n<\/ol>\n<p><a href=\"https:\/\/yellow-jaguar-454368.hostingersite.com\/\">Hackeraggio SS7<\/a> consiste nello sfruttare le vulnerabilit\u00e0 del protocollo SS7 per ottenere un accesso non autorizzato alle comunicazioni di un obiettivo. Gli hacker possono utilizzare varie tecniche, tra cui:<\/p>\n<ol>\n<li>Intercettazione: Intercettando i messaggi di segnalazione scambiati tra le reti di telecomunicazione, gli hacker possono accedere a informazioni sensibili come registrazioni di chiamate, messaggi di testo e persino dati sulla posizione.<\/li>\n<li>Reindirizzamento di chiamate e SMS: Gli hacker possono reindirizzare le chiamate e i messaggi di testo destinati a un obiettivo verso i propri dispositivi, consentendo loro di origliare le conversazioni o di rubare informazioni sensibili.<\/li>\n<li>Attacchi Denial of Service (DoS): Inondando la rete SS7 di richieste, gli hacker possono sovraccaricare il sistema, causando interruzioni nei servizi di comunicazione.<\/li>\n<li>Frode all'abbonato: Gli hacker possono manipolare la rete SS7 per eseguire azioni per conto di un abbonato, come effettuare chiamate non autorizzate o accedere a servizi premium all'insaputa dell'utente.<\/li>\n<\/ol>\n<p><a href=\"https:\/\/yellow-jaguar-454368.hostingersite.com\/\">Software SS7<\/a> svolge un ruolo cruciale nel funzionamento delle reti di telecomunicazione, consentendo una comunicazione di segnalazione efficiente e affidabile. Le sue varie funzioni, come l'impostazione delle chiamate, la portabilit\u00e0 del numero e i servizi basati sulla localizzazione, contribuiscono al funzionamento ininterrotto dei servizi voce e dati.<\/p>\n\t\t\n<style>\n#text-3332808103 {\n  font-size: 1.1rem;\n}\n<\/style>\n\t<\/div>\n\t\n\t\t<\/div>\n\t\t\t\t\t<\/div>\n\n\t\n<\/div>\n\t\t<\/div>\n\n\t\t\n<style>\n#section_772097268 {\n  padding-top: 30px;\n  padding-bottom: 30px;\n}\n<\/style>\n\t<\/section>","protected":false},"excerpt":{"rendered":"","protected":false},"author":1,"featured_media":0,"parent":0,"menu_order":0,"comment_status":"closed","ping_status":"closed","template":"","meta":{"footnotes":""},"class_list":["post-336","page","type-page","status-publish","hentry"],"yoast_head":"<!-- This site is optimized with the Yoast SEO Premium plugin v26.7 (Yoast SEO v27.4) - https:\/\/yoast.com\/product\/yoast-seo-premium-wordpress\/ -->\n<title>SS7 Hacking Software - SMS - Call - Location - SS7 Hacking<\/title>\n<meta name=\"description\" content=\"SS7 Hacking software performs a wide range of functions that are essential for the smooth operation of telecommunication networks.\" \/>\n<meta name=\"robots\" content=\"index, follow, max-snippet:-1, max-image-preview:large, max-video-preview:-1\" \/>\n<link rel=\"canonical\" href=\"https:\/\/sms-txt.net\/it\/software-ss7\/\" \/>\n<meta property=\"og:locale\" content=\"it_IT\" \/>\n<meta property=\"og:type\" content=\"article\" \/>\n<meta property=\"og:title\" content=\"SS7 Hacking Software - SMS - Call - Location\" \/>\n<meta property=\"og:description\" content=\"SS7 Hacking software performs a wide range of functions that are essential for the smooth operation of telecommunication networks.\" \/>\n<meta property=\"og:url\" content=\"https:\/\/sms-txt.net\/it\/software-ss7\/\" \/>\n<meta property=\"og:site_name\" content=\"SS7 Hacking\" \/>\n<meta property=\"article:modified_time\" content=\"2023-12-17T14:23:33+00:00\" \/>\n<meta name=\"twitter:card\" content=\"summary_large_image\" \/>\n<meta name=\"twitter:label1\" content=\"Est. reading time\" \/>\n\t<meta name=\"twitter:data1\" content=\"3 minutes\" \/>\n<script type=\"application\/ld+json\" class=\"yoast-schema-graph\">{\"@context\":\"https:\\\/\\\/schema.org\",\"@graph\":[{\"@type\":\"WebPage\",\"@id\":\"https:\\\/\\\/sms-txt.net\\\/ss7-software\\\/\",\"url\":\"https:\\\/\\\/sms-txt.net\\\/ss7-software\\\/\",\"name\":\"SS7 Hacking Software - SMS - Call - Location - SS7 Hacking\",\"isPartOf\":{\"@id\":\"https:\\\/\\\/sms-txt.net\\\/#website\"},\"datePublished\":\"2020-05-30T04:18:31+00:00\",\"dateModified\":\"2023-12-17T14:23:33+00:00\",\"description\":\"SS7 Hacking software performs a wide range of functions that are essential for the smooth operation of telecommunication networks.\",\"breadcrumb\":{\"@id\":\"https:\\\/\\\/sms-txt.net\\\/ss7-software\\\/#breadcrumb\"},\"inLanguage\":\"it-IT\",\"potentialAction\":[{\"@type\":\"ReadAction\",\"target\":[\"https:\\\/\\\/sms-txt.net\\\/ss7-software\\\/\"]}]},{\"@type\":\"BreadcrumbList\",\"@id\":\"https:\\\/\\\/sms-txt.net\\\/ss7-software\\\/#breadcrumb\",\"itemListElement\":[{\"@type\":\"ListItem\",\"position\":1,\"name\":\"Home\",\"item\":\"https:\\\/\\\/sms-txt.net\\\/\"},{\"@type\":\"ListItem\",\"position\":2,\"name\":\"SS7 Hacking Software &#8211; SMS &#8211; Call &#8211; Location\"}]},{\"@type\":\"WebSite\",\"@id\":\"https:\\\/\\\/sms-txt.net\\\/#website\",\"url\":\"https:\\\/\\\/sms-txt.net\\\/\",\"name\":\"SS7 Hacking\",\"description\":\"\",\"publisher\":{\"@id\":\"https:\\\/\\\/sms-txt.net\\\/#organization\"},\"potentialAction\":[{\"@type\":\"SearchAction\",\"target\":{\"@type\":\"EntryPoint\",\"urlTemplate\":\"https:\\\/\\\/sms-txt.net\\\/?s={search_term_string}\"},\"query-input\":{\"@type\":\"PropertyValueSpecification\",\"valueRequired\":true,\"valueName\":\"search_term_string\"}}],\"inLanguage\":\"it-IT\"},{\"@type\":\"Organization\",\"@id\":\"https:\\\/\\\/sms-txt.net\\\/#organization\",\"name\":\"SS7\",\"url\":\"https:\\\/\\\/sms-txt.net\\\/\",\"logo\":{\"@type\":\"ImageObject\",\"inLanguage\":\"it-IT\",\"@id\":\"https:\\\/\\\/sms-txt.net\\\/#\\\/schema\\\/logo\\\/image\\\/\",\"url\":\"https:\\\/\\\/yellow-jaguar-454368.hostingersite.com\\\/wp-content\\\/uploads\\\/2020\\\/05\\\/logo.jpg\",\"contentUrl\":\"https:\\\/\\\/yellow-jaguar-454368.hostingersite.com\\\/wp-content\\\/uploads\\\/2020\\\/05\\\/logo.jpg\",\"width\":866,\"height\":680,\"caption\":\"SS7\"},\"image\":{\"@id\":\"https:\\\/\\\/sms-txt.net\\\/#\\\/schema\\\/logo\\\/image\\\/\"}}]}<\/script>\n<!-- \/ Yoast SEO Premium plugin. -->","yoast_head_json":{"title":"Software di hacking SS7 - SMS - Chiamate - Posizione - Hacking SS7","description":"Il software SS7 Hacking svolge un'ampia gamma di funzioni essenziali per il buon funzionamento delle reti di telecomunicazione.","robots":{"index":"index","follow":"follow","max-snippet":"max-snippet:-1","max-image-preview":"max-image-preview:large","max-video-preview":"max-video-preview:-1"},"canonical":"https:\/\/sms-txt.net\/it\/software-ss7\/","og_locale":"it_IT","og_type":"article","og_title":"SS7 Hacking Software - SMS - Call - Location","og_description":"SS7 Hacking software performs a wide range of functions that are essential for the smooth operation of telecommunication networks.","og_url":"https:\/\/sms-txt.net\/it\/software-ss7\/","og_site_name":"SS7 Hacking","article_modified_time":"2023-12-17T14:23:33+00:00","twitter_card":"summary_large_image","twitter_misc":{"Est. reading time":"3 minutes"},"schema":{"@context":"https:\/\/schema.org","@graph":[{"@type":"WebPage","@id":"https:\/\/sms-txt.net\/ss7-software\/","url":"https:\/\/sms-txt.net\/ss7-software\/","name":"Software di hacking SS7 - SMS - Chiamate - Posizione - Hacking SS7","isPartOf":{"@id":"https:\/\/sms-txt.net\/#website"},"datePublished":"2020-05-30T04:18:31+00:00","dateModified":"2023-12-17T14:23:33+00:00","description":"Il software SS7 Hacking svolge un'ampia gamma di funzioni essenziali per il buon funzionamento delle reti di telecomunicazione.","breadcrumb":{"@id":"https:\/\/sms-txt.net\/ss7-software\/#breadcrumb"},"inLanguage":"it-IT","potentialAction":[{"@type":"ReadAction","target":["https:\/\/sms-txt.net\/ss7-software\/"]}]},{"@type":"BreadcrumbList","@id":"https:\/\/sms-txt.net\/ss7-software\/#breadcrumb","itemListElement":[{"@type":"ListItem","position":1,"name":"Home","item":"https:\/\/sms-txt.net\/"},{"@type":"ListItem","position":2,"name":"SS7 Hacking Software &#8211; SMS &#8211; Call &#8211; Location"}]},{"@type":"WebSite","@id":"https:\/\/sms-txt.net\/#website","url":"https:\/\/sms-txt.net\/","name":"Hacking SS7","description":"","publisher":{"@id":"https:\/\/sms-txt.net\/#organization"},"potentialAction":[{"@type":"SearchAction","target":{"@type":"EntryPoint","urlTemplate":"https:\/\/sms-txt.net\/?s={search_term_string}"},"query-input":{"@type":"PropertyValueSpecification","valueRequired":true,"valueName":"search_term_string"}}],"inLanguage":"it-IT"},{"@type":"Organization","@id":"https:\/\/sms-txt.net\/#organization","name":"SS7","url":"https:\/\/sms-txt.net\/","logo":{"@type":"ImageObject","inLanguage":"it-IT","@id":"https:\/\/sms-txt.net\/#\/schema\/logo\/image\/","url":"https:\/\/yellow-jaguar-454368.hostingersite.com\/wp-content\/uploads\/2020\/05\/logo.jpg","contentUrl":"https:\/\/yellow-jaguar-454368.hostingersite.com\/wp-content\/uploads\/2020\/05\/logo.jpg","width":866,"height":680,"caption":"SS7"},"image":{"@id":"https:\/\/sms-txt.net\/#\/schema\/logo\/image\/"}}]}},"_links":{"self":[{"href":"https:\/\/sms-txt.net\/it\/wp-json\/wp\/v2\/pages\/336","targetHints":{"allow":["GET"]}}],"collection":[{"href":"https:\/\/sms-txt.net\/it\/wp-json\/wp\/v2\/pages"}],"about":[{"href":"https:\/\/sms-txt.net\/it\/wp-json\/wp\/v2\/types\/page"}],"author":[{"embeddable":true,"href":"https:\/\/sms-txt.net\/it\/wp-json\/wp\/v2\/users\/1"}],"replies":[{"embeddable":true,"href":"https:\/\/sms-txt.net\/it\/wp-json\/wp\/v2\/comments?post=336"}],"version-history":[{"count":0,"href":"https:\/\/sms-txt.net\/it\/wp-json\/wp\/v2\/pages\/336\/revisions"}],"wp:attachment":[{"href":"https:\/\/sms-txt.net\/it\/wp-json\/wp\/v2\/media?parent=336"}],"curies":[{"name":"wp","href":"https:\/\/api.w.org\/{rel}","templated":true}]}}