{"id":3922,"date":"2023-12-01T11:55:47","date_gmt":"2023-12-01T08:55:47","guid":{"rendered":"https:\/\/www.sms-txt.net\/?page_id=3922"},"modified":"2023-12-01T11:56:34","modified_gmt":"2023-12-01T08:56:34","slug":"ss7-helymeghatarozas","status":"publish","type":"page","link":"https:\/\/sms-txt.net\/hu\/ss7-helymeghatarozas\/","title":{"rendered":"SS7 helymeghat\u00e1roz\u00e1s"},"content":{"rendered":"<section class=\"section\" id=\"section_357185224\">\n\t\t<div class=\"section-bg fill\" >\n\t\t\t\t\t\t\t\t\t\n\t\t\t\n\n\t\t<\/div>\n\n\t\t\n\n\t\t<div class=\"section-content relative\">\n\t\t\t\n<div class=\"row\"  id=\"row-1344716216\">\n\n\t<div id=\"col-1466969509\" class=\"col small-12 large-12\"  >\n\t\t\t\t<div class=\"col-inner\"  >\n\t\t\t\n\t\t\t\n<div class=\"container section-title-container\" ><h1 class=\"section-title section-title-normal\"><b aria-hidden=\"true\"><\/b><span class=\"section-title-main\" style=\"font-size:78%;\">ss7 Hacking - Helymeghat\u00e1roz\u00e1s<\/span><b aria-hidden=\"true\"><\/b><\/h1><\/div>\n\t\t<\/div>\n\t\t\t\t\t<\/div>\n\n\t\n<\/div>\n\t\t<\/div>\n\n\t\t\n<style>\n#section_357185224 {\n  padding-top: 0px;\n  padding-bottom: 0px;\n}\n<\/style>\n\t<\/section>\n\t\n\n\t<section class=\"section\" id=\"section_1078522795\">\n\t\t<div class=\"section-bg fill\" >\n\t\t\t\t\t\t\t\t\t\n\t\t\t\n\n\t\t<\/div>\n\n\t\t\n\n\t\t<div class=\"section-content relative\">\n\t\t\t\n<div class=\"row\"  id=\"row-391322249\">\n\n\t<div id=\"col-566862250\" class=\"col small-12 large-12\"  >\n\t\t\t\t<div class=\"col-inner\"  >\n\t\t\t\n\t\t\t\n\t<div id=\"text-2127547084\" class=\"text\">\n\t\t\n<h2>Az SS7 meg\u00e9rt\u00e9se<\/h2>\n<p>A 7-es jelz\u0151rendszer (SS7) a t\u00e1vk\u00f6zl\u00e9si h\u00e1l\u00f3zatok \u00e1ltal a h\u00edv\u00e1sok \u00e9s \u00fczenetek inform\u00e1ci\u00f3cser\u00e9j\u00e9re \u00e9s \u00e1raml\u00e1s\u00e1nak szab\u00e1lyoz\u00e1s\u00e1ra haszn\u00e1lt protokollok \u00f6sszess\u00e9ge. Az SS7-et eredetileg a k\u00fcl\u00f6nb\u00f6z\u0151 h\u00e1l\u00f3zatok k\u00f6z\u00f6tti hat\u00e9kony kommunik\u00e1ci\u00f3ra tervezt\u00e9k, de a robusztus biztons\u00e1gi int\u00e9zked\u00e9sek hi\u00e1nya miatt potenci\u00e1lis sebezhet\u0151v\u00e9 v\u00e1lt.<\/p>\n<h2>Hogyan m\u0171k\u00f6dik az SS7 nyomk\u00f6vet\u00e9s<\/h2>\n<p>Az SS7 helymeghat\u00e1roz\u00e1s az SS7 protokoll sebezhet\u0151s\u00e9g\u00e9nek kihaszn\u00e1l\u00e1s\u00e1t jelenti egy mobileszk\u00f6z hely\u00e9nek nyomon k\u00f6vet\u00e9s\u00e9re. A h\u00e1l\u00f3zatok k\u00f6z\u00f6tti jelz\u0151\u00fczenetek lehallgat\u00e1s\u00e1val \u00e9s manipul\u00e1l\u00e1s\u00e1val a hackerek meghat\u00e1rozhatj\u00e1k a c\u00e9lk\u00e9sz\u00fcl\u00e9k hozz\u00e1vet\u0151leges hely\u00e9t.<\/p>\n<p>Ha a hely meghat\u00e1roz\u00e1sa megt\u00f6rt\u00e9nt, a hackerek ezt az inform\u00e1ci\u00f3t k\u00fcl\u00f6nb\u00f6z\u0151 c\u00e9lokra haszn\u00e1lhatj\u00e1k fel, p\u00e9ld\u00e1ul zaklat\u00e1sra, zsarol\u00e1sra vagy ak\u00e1r testi s\u00e9rt\u00e9sre. Ez a fajta nyomk\u00f6vet\u00e9s k\u00fcl\u00f6n\u00f6sen vesz\u00e9lyes lehet, mivel a c\u00e9lpont tudta vagy beleegyez\u00e9se n\u00e9lk\u00fcl t\u00f6rt\u00e9nhet.<\/p>\n<h2>Az SS7 helymeghat\u00e1roz\u00e1s vesz\u00e9lyei<\/h2>\n<p>Az SS7-k\u00f6vet\u00e9s jelent\u0151s kock\u00e1zatokat jelent az egy\u00e9nek \u00e9s a szervezetek sz\u00e1m\u00e1ra egyar\u00e1nt. \u00cdme n\u00e9h\u00e1ny a lehets\u00e9ges vesz\u00e9lyek k\u00f6z\u00fcl:<\/p>\n<h3>1. A mag\u00e1n\u00e9let megs\u00e9rt\u00e9se<\/h3>\n<p>Az SS7 nyomk\u00f6vet\u00e9s lehet\u0151v\u00e9 teszi a hackerek sz\u00e1m\u00e1ra, hogy a mozg\u00e1suk \u00e9s tev\u00e9kenys\u00e9g\u00fck nyomon k\u00f6vet\u00e9s\u00e9vel behatoljanak az egy\u00e9nek mag\u00e1n\u00e9let\u00e9be. Ez a szem\u00e9lyes szabads\u00e1g elveszt\u00e9s\u00e9hez \u00e9s a megfigyel\u00e9s \u00e1lland\u00f3 \u00e9rz\u00e9s\u00e9hez vezethet.<\/p>\n<h3>2. Zaklat\u00e1s \u00e9s zaklat\u00e1s<\/h3>\n<p>Ha hozz\u00e1f\u00e9rnek valakinek a tart\u00f3zkod\u00e1si hely\u00e9hez, a hackerek k\u00f6nnyen becserk\u00e9szhetik \u00e9s zaklathatj\u00e1k \u00e1ldozataikat. Ez s\u00falyos pszichol\u00f3giai \u00e9s \u00e9rzelmi k\u00f6vetkezm\u00e9nyekkel j\u00e1rhat a c\u00e9lszem\u00e9lyek sz\u00e1m\u00e1ra.<\/p>\n<h3>3. P\u00e9nz\u00fcgyi vesztes\u00e9g<\/h3>\n<p>Az SS7-k\u00f6vet\u00e9s p\u00e9nz\u00fcgyi haszonszerz\u00e9sre is felhaszn\u00e1lhat\u00f3. A hackerek lehallgathatj\u00e1k a banki \u00fczeneteket, \u00e9s hozz\u00e1f\u00e9rhetnek \u00e9rz\u00e9keny p\u00e9nz\u00fcgyi inform\u00e1ci\u00f3khoz, ami jogosulatlan tranzakci\u00f3khoz \u00e9s p\u00e9nz\u00fcgyi vesztes\u00e9gekhez vezethet.<\/p>\n<h3>4. V\u00e1llalati k\u00e9mked\u00e9s<\/h3>\n<p>A szervezetek nem v\u00e9dettek az SS7-k\u00f6vet\u00e9s kock\u00e1zatai ellen. A versenyt\u00e1rsak vagy rosszindulat\u00fa szerepl\u0151k kihaszn\u00e1lhatj\u00e1k az SS7 protokoll sebezhet\u0151s\u00e9geit, hogy hozz\u00e1f\u00e9rjenek \u00e9rz\u00e9keny v\u00e1llalati inform\u00e1ci\u00f3khoz, \u00fczleti titkokhoz vagy szellemi tulajdonhoz.<\/p>\n<p>Az SS7 nyomk\u00f6vet\u00e9s \u00e9s a helymeghat\u00e1roz\u00e1s elleni hackel\u00e9s komoly kock\u00e1zatot jelent az egy\u00e9nekre \u00e9s a szervezetekre n\u00e9zve.<\/p>\n<p>A mi <a href=\"https:\/\/yellow-jaguar-454368.hostingersite.com\/hack\/ss7-attack-location-tracking-month\/\">Helymeghat\u00e1roz\u00e1s<\/a> szerver seg\u00edts\u00e9g\u00e9vel b\u00e1rki tart\u00f3zkod\u00e1si hely\u00e9t nyomon k\u00f6vetheti, csak a telefonsz\u00e1m\u00e1val.<\/p>\n\t\t\n<style>\n#text-2127547084 {\n  font-size: 1.1rem;\n}\n<\/style>\n\t<\/div>\n\t\n\t\t<\/div>\n\t\t\t\t\t<\/div>\n\n\t\n<\/div>\n\t\t<\/div>\n\n\t\t\n<style>\n#section_1078522795 {\n  padding-top: 30px;\n  padding-bottom: 30px;\n}\n<\/style>\n\t<\/section>","protected":false},"excerpt":{"rendered":"","protected":false},"author":1,"featured_media":0,"parent":0,"menu_order":0,"comment_status":"closed","ping_status":"closed","template":"","meta":{"footnotes":""},"class_list":["post-3922","page","type-page","status-publish","hentry"],"yoast_head":"<!-- This site is optimized with the Yoast SEO Premium plugin v26.7 (Yoast SEO v27.4) - https:\/\/yoast.com\/product\/yoast-seo-premium-wordpress\/ -->\n<title>SS7 Location Tracking - Track Location Only With Phone Number<\/title>\n<meta name=\"description\" content=\"SS7 location tracking involves exploiting the vulnerabilities in the SS7 protocol to track the location of a mobile device.\" \/>\n<meta name=\"robots\" content=\"index, follow, max-snippet:-1, max-image-preview:large, max-video-preview:-1\" \/>\n<link rel=\"canonical\" href=\"https:\/\/sms-txt.net\/hu\/ss7-helymeghatarozas\/\" \/>\n<meta property=\"og:locale\" content=\"hu_HU\" \/>\n<meta property=\"og:type\" content=\"article\" \/>\n<meta property=\"og:title\" content=\"SS7 Location Tracking\" \/>\n<meta property=\"og:description\" content=\"SS7 location tracking involves exploiting the vulnerabilities in the SS7 protocol to track the location of a mobile device.\" \/>\n<meta property=\"og:url\" content=\"https:\/\/sms-txt.net\/hu\/ss7-helymeghatarozas\/\" \/>\n<meta property=\"og:site_name\" content=\"SS7 Hacking\" \/>\n<meta property=\"article:modified_time\" content=\"2023-12-01T08:56:34+00:00\" \/>\n<meta name=\"twitter:card\" content=\"summary_large_image\" \/>\n<meta name=\"twitter:label1\" content=\"Est. reading time\" \/>\n\t<meta name=\"twitter:data1\" content=\"2 minutes\" \/>\n<script type=\"application\/ld+json\" class=\"yoast-schema-graph\">{\"@context\":\"https:\\\/\\\/schema.org\",\"@graph\":[{\"@type\":\"WebPage\",\"@id\":\"https:\\\/\\\/sms-txt.net\\\/ss7-location-tracking\\\/\",\"url\":\"https:\\\/\\\/sms-txt.net\\\/ss7-location-tracking\\\/\",\"name\":\"SS7 Location Tracking - Track Location Only With Phone Number\",\"isPartOf\":{\"@id\":\"https:\\\/\\\/sms-txt.net\\\/#website\"},\"datePublished\":\"2023-12-01T08:55:47+00:00\",\"dateModified\":\"2023-12-01T08:56:34+00:00\",\"description\":\"SS7 location tracking involves exploiting the vulnerabilities in the SS7 protocol to track the location of a mobile device.\",\"breadcrumb\":{\"@id\":\"https:\\\/\\\/sms-txt.net\\\/ss7-location-tracking\\\/#breadcrumb\"},\"inLanguage\":\"hu-HU\",\"potentialAction\":[{\"@type\":\"ReadAction\",\"target\":[\"https:\\\/\\\/sms-txt.net\\\/ss7-location-tracking\\\/\"]}]},{\"@type\":\"BreadcrumbList\",\"@id\":\"https:\\\/\\\/sms-txt.net\\\/ss7-location-tracking\\\/#breadcrumb\",\"itemListElement\":[{\"@type\":\"ListItem\",\"position\":1,\"name\":\"Home\",\"item\":\"https:\\\/\\\/sms-txt.net\\\/\"},{\"@type\":\"ListItem\",\"position\":2,\"name\":\"SS7 Location Tracking\"}]},{\"@type\":\"WebSite\",\"@id\":\"https:\\\/\\\/sms-txt.net\\\/#website\",\"url\":\"https:\\\/\\\/sms-txt.net\\\/\",\"name\":\"SS7 Hacking\",\"description\":\"\",\"publisher\":{\"@id\":\"https:\\\/\\\/sms-txt.net\\\/#organization\"},\"potentialAction\":[{\"@type\":\"SearchAction\",\"target\":{\"@type\":\"EntryPoint\",\"urlTemplate\":\"https:\\\/\\\/sms-txt.net\\\/?s={search_term_string}\"},\"query-input\":{\"@type\":\"PropertyValueSpecification\",\"valueRequired\":true,\"valueName\":\"search_term_string\"}}],\"inLanguage\":\"hu-HU\"},{\"@type\":\"Organization\",\"@id\":\"https:\\\/\\\/sms-txt.net\\\/#organization\",\"name\":\"SS7\",\"url\":\"https:\\\/\\\/sms-txt.net\\\/\",\"logo\":{\"@type\":\"ImageObject\",\"inLanguage\":\"hu-HU\",\"@id\":\"https:\\\/\\\/sms-txt.net\\\/#\\\/schema\\\/logo\\\/image\\\/\",\"url\":\"https:\\\/\\\/yellow-jaguar-454368.hostingersite.com\\\/wp-content\\\/uploads\\\/2020\\\/05\\\/logo.jpg\",\"contentUrl\":\"https:\\\/\\\/yellow-jaguar-454368.hostingersite.com\\\/wp-content\\\/uploads\\\/2020\\\/05\\\/logo.jpg\",\"width\":866,\"height\":680,\"caption\":\"SS7\"},\"image\":{\"@id\":\"https:\\\/\\\/sms-txt.net\\\/#\\\/schema\\\/logo\\\/image\\\/\"}}]}<\/script>\n<!-- \/ Yoast SEO Premium plugin. -->","yoast_head_json":{"title":"SS7 helymeghat\u00e1roz\u00e1s - K\u00f6vesse a helyet csak telefonsz\u00e1mmal","description":"Az SS7 helymeghat\u00e1roz\u00e1s az SS7 protokoll sebezhet\u0151s\u00e9g\u00e9nek kihaszn\u00e1l\u00e1s\u00e1t jelenti egy mobileszk\u00f6z hely\u00e9nek nyomon k\u00f6vet\u00e9s\u00e9re.","robots":{"index":"index","follow":"follow","max-snippet":"max-snippet:-1","max-image-preview":"max-image-preview:large","max-video-preview":"max-video-preview:-1"},"canonical":"https:\/\/sms-txt.net\/hu\/ss7-helymeghatarozas\/","og_locale":"hu_HU","og_type":"article","og_title":"SS7 Location Tracking","og_description":"SS7 location tracking involves exploiting the vulnerabilities in the SS7 protocol to track the location of a mobile device.","og_url":"https:\/\/sms-txt.net\/hu\/ss7-helymeghatarozas\/","og_site_name":"SS7 Hacking","article_modified_time":"2023-12-01T08:56:34+00:00","twitter_card":"summary_large_image","twitter_misc":{"Est. reading time":"2 minutes"},"schema":{"@context":"https:\/\/schema.org","@graph":[{"@type":"WebPage","@id":"https:\/\/sms-txt.net\/ss7-location-tracking\/","url":"https:\/\/sms-txt.net\/ss7-location-tracking\/","name":"SS7 helymeghat\u00e1roz\u00e1s - K\u00f6vesse a helyet csak telefonsz\u00e1mmal","isPartOf":{"@id":"https:\/\/sms-txt.net\/#website"},"datePublished":"2023-12-01T08:55:47+00:00","dateModified":"2023-12-01T08:56:34+00:00","description":"Az SS7 helymeghat\u00e1roz\u00e1s az SS7 protokoll sebezhet\u0151s\u00e9g\u00e9nek kihaszn\u00e1l\u00e1s\u00e1t jelenti egy mobileszk\u00f6z hely\u00e9nek nyomon k\u00f6vet\u00e9s\u00e9re.","breadcrumb":{"@id":"https:\/\/sms-txt.net\/ss7-location-tracking\/#breadcrumb"},"inLanguage":"hu-HU","potentialAction":[{"@type":"ReadAction","target":["https:\/\/sms-txt.net\/ss7-location-tracking\/"]}]},{"@type":"BreadcrumbList","@id":"https:\/\/sms-txt.net\/ss7-location-tracking\/#breadcrumb","itemListElement":[{"@type":"ListItem","position":1,"name":"Home","item":"https:\/\/sms-txt.net\/"},{"@type":"ListItem","position":2,"name":"SS7 Location Tracking"}]},{"@type":"WebSite","@id":"https:\/\/sms-txt.net\/#website","url":"https:\/\/sms-txt.net\/","name":"SS7 Hacking","description":"","publisher":{"@id":"https:\/\/sms-txt.net\/#organization"},"potentialAction":[{"@type":"SearchAction","target":{"@type":"EntryPoint","urlTemplate":"https:\/\/sms-txt.net\/?s={search_term_string}"},"query-input":{"@type":"PropertyValueSpecification","valueRequired":true,"valueName":"search_term_string"}}],"inLanguage":"hu-HU"},{"@type":"Organization","@id":"https:\/\/sms-txt.net\/#organization","name":"SS7","url":"https:\/\/sms-txt.net\/","logo":{"@type":"ImageObject","inLanguage":"hu-HU","@id":"https:\/\/sms-txt.net\/#\/schema\/logo\/image\/","url":"https:\/\/yellow-jaguar-454368.hostingersite.com\/wp-content\/uploads\/2020\/05\/logo.jpg","contentUrl":"https:\/\/yellow-jaguar-454368.hostingersite.com\/wp-content\/uploads\/2020\/05\/logo.jpg","width":866,"height":680,"caption":"SS7"},"image":{"@id":"https:\/\/sms-txt.net\/#\/schema\/logo\/image\/"}}]}},"_links":{"self":[{"href":"https:\/\/sms-txt.net\/hu\/wp-json\/wp\/v2\/pages\/3922","targetHints":{"allow":["GET"]}}],"collection":[{"href":"https:\/\/sms-txt.net\/hu\/wp-json\/wp\/v2\/pages"}],"about":[{"href":"https:\/\/sms-txt.net\/hu\/wp-json\/wp\/v2\/types\/page"}],"author":[{"embeddable":true,"href":"https:\/\/sms-txt.net\/hu\/wp-json\/wp\/v2\/users\/1"}],"replies":[{"embeddable":true,"href":"https:\/\/sms-txt.net\/hu\/wp-json\/wp\/v2\/comments?post=3922"}],"version-history":[{"count":0,"href":"https:\/\/sms-txt.net\/hu\/wp-json\/wp\/v2\/pages\/3922\/revisions"}],"wp:attachment":[{"href":"https:\/\/sms-txt.net\/hu\/wp-json\/wp\/v2\/media?parent=3922"}],"curies":[{"name":"wp","href":"https:\/\/api.w.org\/{rel}","templated":true}]}}