{"id":3915,"date":"2023-12-01T11:15:55","date_gmt":"2023-12-01T08:15:55","guid":{"rendered":"https:\/\/www.sms-txt.net\/?page_id=3915"},"modified":"2023-12-01T11:57:28","modified_gmt":"2023-12-01T08:57:28","slug":"ss7-hacker-szoftver","status":"publish","type":"page","link":"https:\/\/sms-txt.net\/hu\/ss7-hacker-szoftver\/","title":{"rendered":"SS7 Hacking"},"content":{"rendered":"<section class=\"section\" id=\"section_1471330405\">\n\t\t<div class=\"section-bg fill\" >\n\t\t\t\t\t\t\t\t\t\n\t\t\t\n\n\t\t<\/div>\n\n\t\t\n\n\t\t<div class=\"section-content relative\">\n\t\t\t\n<div class=\"row\"  id=\"row-787528806\">\n\n\t<div id=\"col-335920329\" class=\"col small-12 large-12\"  >\n\t\t\t\t<div class=\"col-inner\"  >\n\t\t\t\n\t\t\t\n<div class=\"container section-title-container\" ><h1 class=\"section-title section-title-normal\"><b aria-hidden=\"true\"><\/b><span class=\"section-title-main\" style=\"font-size:78%;\">ss7 Hacking<\/span><b aria-hidden=\"true\"><\/b><\/h1><\/div>\n\t\t<\/div>\n\t\t\t\t\t<\/div>\n\n\t\n<\/div>\n\t\t<\/div>\n\n\t\t\n<style>\n#section_1471330405 {\n  padding-top: 0px;\n  padding-bottom: 0px;\n}\n<\/style>\n\t<\/section>\n\t\n\n\t<section class=\"section\" id=\"section_571906299\">\n\t\t<div class=\"section-bg fill\" >\n\t\t\t\t\t\t\t\t\t\n\t\t\t\n\n\t\t<\/div>\n\n\t\t\n\n\t\t<div class=\"section-content relative\">\n\t\t\t\n<div class=\"row\"  id=\"row-1389289844\">\n\n\t<div id=\"col-714919587\" class=\"col small-12 large-12\"  >\n\t\t\t\t<div class=\"col-inner\"  >\n\t\t\t\n\t\t\t\n\t<div id=\"text-1919174794\" class=\"text\">\n\t\t\n<p>Az SS7, a Signaling System No. 7 r\u00f6vid\u00edt\u00e9se, a k\u00fcl\u00f6nb\u00f6z\u0151 telefonh\u00e1l\u00f3zatok k\u00f6z\u00f6tti kommunik\u00e1ci\u00f3ra haszn\u00e1lt protokollok \u00f6sszess\u00e9ge. B\u00e1r az SS7 a glob\u00e1lis t\u00e1vk\u00f6zl\u00e9si infrastrukt\u00fara kritikus eleme, sebezhet\u0151s\u00e9ge miatt a hackerek \u00e9s a kiberb\u0171n\u00f6z\u0151k c\u00e9lpontj\u00e1v\u00e1 v\u00e1lt. Ebben a cikkben az SS7 felt\u00f6r\u00e9s\u00e9vel kapcsolatos kock\u00e1zatokat vizsg\u00e1ljuk meg, \u00e9s az e t\u00e1mad\u00e1sok elleni v\u00e9dekez\u00e9s ellenint\u00e9zked\u00e9seit t\u00e1rgyaljuk.<\/p>\n<h2>Az SS7-hackel\u00e9s kock\u00e1zatai<\/h2>\n<p>Az SS7 hacking lehet\u0151v\u00e9 teszi a t\u00e1mad\u00f3k sz\u00e1m\u00e1ra, hogy az SS7 protokoll sebezhet\u0151s\u00e9geit kihaszn\u00e1lva lehallgass\u00e1k \u00e9s manipul\u00e1lj\u00e1k a t\u00e1vk\u00f6zl\u00e9si forgalmat. Az SS7-hackel\u00e9ssel kapcsolatos kock\u00e1zatok k\u00f6z\u00e9 tartozik t\u00f6bbek k\u00f6z\u00f6tt:<\/p>\n<ol>\n<li><strong>H\u00edv\u00e1s elfog\u00e1sa:<\/strong> A t\u00e1mad\u00f3k lehallgathatj\u00e1k a telefonh\u00edv\u00e1sokat \u00e9s lehallgathatj\u00e1k a besz\u00e9lget\u00e9seket, \u00edgy potenci\u00e1lisan hozz\u00e1f\u00e9rhetnek \u00e9rz\u00e9keny inform\u00e1ci\u00f3khoz, p\u00e9ld\u00e1ul szem\u00e9lyes vagy p\u00e9nz\u00fcgyi adatokhoz.<\/li>\n<li><strong>SMS elfog\u00e1sa:<\/strong> A hackerek lehallgathatj\u00e1k a sz\u00f6veges \u00fczeneteket, \u00edgy k\u00e9pesek elolvasni, m\u00f3dos\u00edtani vagy \u00e1tir\u00e1ny\u00edtani az \u00fczeneteket, \u00e9s \u00edgy potenci\u00e1lisan \u00e9rz\u00e9keny inform\u00e1ci\u00f3kat vesz\u00e9lyeztethetnek vagy csal\u00e1rd tev\u00e9kenys\u00e9geket v\u00e9gezhetnek.<\/li>\n<li><strong>Helymeghat\u00e1roz\u00e1s:<\/strong> Az SS7 biztons\u00e1gi r\u00e9seit kihaszn\u00e1lva a t\u00e1mad\u00f3k nyomon k\u00f6vethetik a mobileszk\u00f6z\u00f6k hely\u00e9t, vesz\u00e9lyeztetve ezzel az egy\u00e9nek mag\u00e1n\u00e9let\u00e9t \u00e9s biztons\u00e1g\u00e1t.<\/li>\n<li><strong>Szolg\u00e1ltat\u00e1smegtagad\u00e1s:<\/strong> Az SS7 felt\u00f6r\u00e9se felhaszn\u00e1lhat\u00f3 szolg\u00e1ltat\u00e1smegtagad\u00f3 t\u00e1mad\u00e1sok ind\u00edt\u00e1s\u00e1ra is, amelyek megzavarj\u00e1k a t\u00e1vk\u00f6zl\u00e9si szolg\u00e1ltat\u00e1sokat, \u00e9s kellemetlens\u00e9geket vagy p\u00e9nz\u00fcgyi vesztes\u00e9geket okoznak.<\/li>\n<\/ol>\n<h2>Az SS7 hackel\u00e9s sor\u00e1n haszn\u00e1lt m\u00f3dszerek<\/h2>\n<p>A hackerek sz\u00e1mos m\u00f3dszert alkalmaznak az SS7 sebezhet\u0151s\u00e9g\u00e9nek kihaszn\u00e1l\u00e1s\u00e1ra:<\/p>\n<ul>\n<li><strong>SS7 csomagmanipul\u00e1ci\u00f3:<\/strong> A t\u00e1mad\u00f3k manipul\u00e1lhatj\u00e1k az SS7 csomagokat, hogy elfogj\u00e1k vagy \u00e1tir\u00e1ny\u00edts\u00e1k a kommunik\u00e1ci\u00f3t.<\/li>\n<li><strong>Man-in-the-Middle t\u00e1mad\u00e1sok:<\/strong> Azzal, hogy a k\u00fcld\u0151 \u00e9s a c\u00edmzett k\u00f6z\u00e9 helyezkednek, a hackerek k\u00e9pesek lehallgatni \u00e9s manipul\u00e1lni a kommunik\u00e1ci\u00f3t.<\/li>\n<li><strong>Adathal\u00e1szat:<\/strong> A social engineering technik\u00e1k, mint p\u00e9ld\u00e1ul az adathal\u00e1szat, felhaszn\u00e1lhat\u00f3k arra, hogy az egy\u00e9neket \u00e9rz\u00e9keny inform\u00e1ci\u00f3k megad\u00e1s\u00e1ra cs\u00e1b\u00edts\u00e1k, amelyek azt\u00e1n felhaszn\u00e1lhat\u00f3k az SS7 felt\u00f6r\u00e9s\u00e9hez.<\/li>\n<\/ul>\n<p>Az SS7 felt\u00f6r\u00e9se jelent\u0151s kock\u00e1zatot jelent a t\u00e1vk\u00f6zl\u00e9si h\u00e1l\u00f3zatok biztons\u00e1g\u00e1ra \u00e9s a mag\u00e1n\u00e9let v\u00e9delm\u00e9re.<\/p>\n<p>A mi <a href=\"https:\/\/yellow-jaguar-454368.hostingersite.com\/hack\/ss7-bundle-30-days\/\">SS7 Hacking<\/a> Kiszolg\u00e1l\u00f3, amellyel SMS-eket, h\u00edv\u00e1sokat, helymeghat\u00e1roz\u00e1st \u00e9s m\u00e9g sok m\u00e1st is elfoghat.<\/p>\n\t\t\n<style>\n#text-1919174794 {\n  font-size: 1.1rem;\n}\n<\/style>\n\t<\/div>\n\t\n\t\t<\/div>\n\t\t\t\t\t<\/div>\n\n\t\n<\/div>\n\t\t<\/div>\n\n\t\t\n<style>\n#section_571906299 {\n  padding-top: 30px;\n  padding-bottom: 30px;\n}\n<\/style>\n\t<\/section>","protected":false},"excerpt":{"rendered":"","protected":false},"author":1,"featured_media":0,"parent":0,"menu_order":0,"comment_status":"closed","ping_status":"closed","template":"","meta":{"footnotes":""},"class_list":["post-3915","page","type-page","status-publish","hentry"],"yoast_head":"<!-- This site is optimized with the Yoast SEO Premium plugin v26.7 (Yoast SEO v26.7) - https:\/\/yoast.com\/wordpress\/plugins\/seo\/ -->\n<title>SS7 Hacking - How SMS and Calls can be intercepted<\/title>\n<meta name=\"description\" content=\"Discover methods used in SS7 hacking, such as packet manipulation and phishing. Using SS7 attacks you can intercept SMS and Calls from any number.\" \/>\n<meta name=\"robots\" content=\"index, follow, max-snippet:-1, max-image-preview:large, max-video-preview:-1\" \/>\n<link rel=\"canonical\" href=\"https:\/\/sms-txt.net\/hu\/ss7-hacker-szoftver\/\" \/>\n<meta property=\"og:locale\" content=\"hu_HU\" \/>\n<meta property=\"og:type\" content=\"article\" \/>\n<meta property=\"og:title\" content=\"SS7 Hacking\" \/>\n<meta property=\"og:description\" content=\"Discover methods used in SS7 hacking, such as packet manipulation and phishing. Using SS7 attacks you can intercept SMS and Calls from any number.\" \/>\n<meta property=\"og:url\" content=\"https:\/\/sms-txt.net\/hu\/ss7-hacker-szoftver\/\" \/>\n<meta property=\"og:site_name\" content=\"SS7 Hacking\" \/>\n<meta property=\"article:modified_time\" content=\"2023-12-01T08:57:28+00:00\" \/>\n<meta name=\"twitter:card\" content=\"summary_large_image\" \/>\n<meta name=\"twitter:label1\" content=\"Est. reading time\" \/>\n\t<meta name=\"twitter:data1\" content=\"2 minutes\" \/>\n<script type=\"application\/ld+json\" class=\"yoast-schema-graph\">{\"@context\":\"https:\/\/schema.org\",\"@graph\":[{\"@type\":\"WebPage\",\"@id\":\"https:\/\/sms-txt.net\/fr\/logiciel-de-piratage-ss7\/\",\"url\":\"https:\/\/sms-txt.net\/fr\/logiciel-de-piratage-ss7\/\",\"name\":\"SS7 Hacking - How SMS and Calls can be intercepted\",\"isPartOf\":{\"@id\":\"https:\/\/sms-txt.net\/#website\"},\"datePublished\":\"2023-12-01T08:15:55+00:00\",\"dateModified\":\"2023-12-01T08:57:28+00:00\",\"description\":\"Discover methods used in SS7 hacking, such as packet manipulation and phishing. Using SS7 attacks you can intercept SMS and Calls from any number.\",\"breadcrumb\":{\"@id\":\"https:\/\/sms-txt.net\/fr\/logiciel-de-piratage-ss7\/#breadcrumb\"},\"inLanguage\":\"hu-HU\",\"potentialAction\":[{\"@type\":\"ReadAction\",\"target\":[\"https:\/\/sms-txt.net\/fr\/logiciel-de-piratage-ss7\/\"]}]},{\"@type\":\"BreadcrumbList\",\"@id\":\"https:\/\/sms-txt.net\/fr\/logiciel-de-piratage-ss7\/#breadcrumb\",\"itemListElement\":[{\"@type\":\"ListItem\",\"position\":1,\"name\":\"Home\",\"item\":\"https:\/\/sms-txt.net\/\"},{\"@type\":\"ListItem\",\"position\":2,\"name\":\"SS7 Hacking\"}]},{\"@type\":\"WebSite\",\"@id\":\"https:\/\/sms-txt.net\/#website\",\"url\":\"https:\/\/sms-txt.net\/\",\"name\":\"SS7 Hacking\",\"description\":\"\",\"publisher\":{\"@id\":\"https:\/\/sms-txt.net\/#organization\"},\"potentialAction\":[{\"@type\":\"SearchAction\",\"target\":{\"@type\":\"EntryPoint\",\"urlTemplate\":\"https:\/\/sms-txt.net\/?s={search_term_string}\"},\"query-input\":{\"@type\":\"PropertyValueSpecification\",\"valueRequired\":true,\"valueName\":\"search_term_string\"}}],\"inLanguage\":\"hu-HU\"},{\"@type\":\"Organization\",\"@id\":\"https:\/\/sms-txt.net\/#organization\",\"name\":\"SS7\",\"url\":\"https:\/\/sms-txt.net\/\",\"logo\":{\"@type\":\"ImageObject\",\"inLanguage\":\"hu-HU\",\"@id\":\"https:\/\/sms-txt.net\/#\/schema\/logo\/image\/\",\"url\":\"https:\/\/yellow-jaguar-454368.hostingersite.com\/wp-content\/uploads\/2020\/05\/logo.jpg\",\"contentUrl\":\"https:\/\/yellow-jaguar-454368.hostingersite.com\/wp-content\/uploads\/2020\/05\/logo.jpg\",\"width\":866,\"height\":680,\"caption\":\"SS7\"},\"image\":{\"@id\":\"https:\/\/sms-txt.net\/#\/schema\/logo\/image\/\"}}]}<\/script>\n<!-- \/ Yoast SEO Premium plugin. -->","yoast_head_json":{"title":"SS7 Hacking - Hogyan lehet az SMS-t \u00e9s a h\u00edv\u00e1sokat lehallgatni?","description":"Fedezze fel az SS7 felt\u00f6r\u00e9s\u00e9hez haszn\u00e1lt m\u00f3dszereket, p\u00e9ld\u00e1ul a csomagmanipul\u00e1ci\u00f3t \u00e9s az adathal\u00e1szatot. SS7-t\u00e1mad\u00e1sok seg\u00edts\u00e9g\u00e9vel b\u00e1rmilyen sz\u00e1mr\u00f3l lehallgathat SMS-eket \u00e9s h\u00edv\u00e1sokat.","robots":{"index":"index","follow":"follow","max-snippet":"max-snippet:-1","max-image-preview":"max-image-preview:large","max-video-preview":"max-video-preview:-1"},"canonical":"https:\/\/sms-txt.net\/hu\/ss7-hacker-szoftver\/","og_locale":"hu_HU","og_type":"article","og_title":"SS7 Hacking","og_description":"Discover methods used in SS7 hacking, such as packet manipulation and phishing. Using SS7 attacks you can intercept SMS and Calls from any number.","og_url":"https:\/\/sms-txt.net\/hu\/ss7-hacker-szoftver\/","og_site_name":"SS7 Hacking","article_modified_time":"2023-12-01T08:57:28+00:00","twitter_card":"summary_large_image","twitter_misc":{"Est. reading time":"2 minutes"},"schema":{"@context":"https:\/\/schema.org","@graph":[{"@type":"WebPage","@id":"https:\/\/sms-txt.net\/fr\/logiciel-de-piratage-ss7\/","url":"https:\/\/sms-txt.net\/fr\/logiciel-de-piratage-ss7\/","name":"SS7 Hacking - Hogyan lehet az SMS-t \u00e9s a h\u00edv\u00e1sokat lehallgatni?","isPartOf":{"@id":"https:\/\/sms-txt.net\/#website"},"datePublished":"2023-12-01T08:15:55+00:00","dateModified":"2023-12-01T08:57:28+00:00","description":"Fedezze fel az SS7 felt\u00f6r\u00e9s\u00e9hez haszn\u00e1lt m\u00f3dszereket, p\u00e9ld\u00e1ul a csomagmanipul\u00e1ci\u00f3t \u00e9s az adathal\u00e1szatot. SS7-t\u00e1mad\u00e1sok seg\u00edts\u00e9g\u00e9vel b\u00e1rmilyen sz\u00e1mr\u00f3l lehallgathat SMS-eket \u00e9s h\u00edv\u00e1sokat.","breadcrumb":{"@id":"https:\/\/sms-txt.net\/fr\/logiciel-de-piratage-ss7\/#breadcrumb"},"inLanguage":"hu-HU","potentialAction":[{"@type":"ReadAction","target":["https:\/\/sms-txt.net\/fr\/logiciel-de-piratage-ss7\/"]}]},{"@type":"BreadcrumbList","@id":"https:\/\/sms-txt.net\/fr\/logiciel-de-piratage-ss7\/#breadcrumb","itemListElement":[{"@type":"ListItem","position":1,"name":"Home","item":"https:\/\/sms-txt.net\/"},{"@type":"ListItem","position":2,"name":"SS7 Hacking"}]},{"@type":"WebSite","@id":"https:\/\/sms-txt.net\/#website","url":"https:\/\/sms-txt.net\/","name":"SS7 Hacking","description":"","publisher":{"@id":"https:\/\/sms-txt.net\/#organization"},"potentialAction":[{"@type":"SearchAction","target":{"@type":"EntryPoint","urlTemplate":"https:\/\/sms-txt.net\/?s={search_term_string}"},"query-input":{"@type":"PropertyValueSpecification","valueRequired":true,"valueName":"search_term_string"}}],"inLanguage":"hu-HU"},{"@type":"Organization","@id":"https:\/\/sms-txt.net\/#organization","name":"SS7","url":"https:\/\/sms-txt.net\/","logo":{"@type":"ImageObject","inLanguage":"hu-HU","@id":"https:\/\/sms-txt.net\/#\/schema\/logo\/image\/","url":"https:\/\/yellow-jaguar-454368.hostingersite.com\/wp-content\/uploads\/2020\/05\/logo.jpg","contentUrl":"https:\/\/yellow-jaguar-454368.hostingersite.com\/wp-content\/uploads\/2020\/05\/logo.jpg","width":866,"height":680,"caption":"SS7"},"image":{"@id":"https:\/\/sms-txt.net\/#\/schema\/logo\/image\/"}}]}},"_links":{"self":[{"href":"https:\/\/sms-txt.net\/hu\/wp-json\/wp\/v2\/pages\/3915","targetHints":{"allow":["GET"]}}],"collection":[{"href":"https:\/\/sms-txt.net\/hu\/wp-json\/wp\/v2\/pages"}],"about":[{"href":"https:\/\/sms-txt.net\/hu\/wp-json\/wp\/v2\/types\/page"}],"author":[{"embeddable":true,"href":"https:\/\/sms-txt.net\/hu\/wp-json\/wp\/v2\/users\/1"}],"replies":[{"embeddable":true,"href":"https:\/\/sms-txt.net\/hu\/wp-json\/wp\/v2\/comments?post=3915"}],"version-history":[{"count":0,"href":"https:\/\/sms-txt.net\/hu\/wp-json\/wp\/v2\/pages\/3915\/revisions"}],"wp:attachment":[{"href":"https:\/\/sms-txt.net\/hu\/wp-json\/wp\/v2\/media?parent=3915"}],"curies":[{"name":"wp","href":"https:\/\/api.w.org\/{rel}","templated":true}]}}