{"id":3891,"date":"2023-11-28T21:02:36","date_gmt":"2023-11-28T18:02:36","guid":{"rendered":"https:\/\/www.sms-txt.net\/?page_id=3891"},"modified":"2025-12-01T19:14:58","modified_gmt":"2025-12-01T16:14:58","slug":"ss7-hacking-kapcsolat","status":"publish","type":"page","link":"https:\/\/sms-txt.net\/hu\/ss7-hacking-kapcsolat\/","title":{"rendered":"Kapcsolat"},"content":{"rendered":"<section class=\"section\" id=\"section_297843678\">\n\t\t<div class=\"section-bg fill\" >\n\t\t\t\t\t\t\t\t\t\n\t\t\t\n\n\t\t<\/div>\n\n\t\t\n\n\t\t<div class=\"section-content relative\">\n\t\t\t\n<div class=\"row row-collapse\"  id=\"row-1620943258\">\n\n\t<div id=\"col-692018209\" class=\"col small-12 large-12\"  >\n\t\t\t\t<div class=\"col-inner\"  >\n\t\t\t\n\t\t\t\n<div class=\"container section-title-container\" ><h3 class=\"section-title section-title-normal\"><b aria-hidden=\"true\"><\/b><span class=\"section-title-main\" >Kapcsolat<\/span><b aria-hidden=\"true\"><\/b><\/h3><\/div>\n\t\t<\/div>\n\t\t\t\t\n<style>\n#col-692018209 > .col-inner {\n  padding: 0px 0px 0px 0px;\n  margin: 0px 0px 0px 0px;\n}\n<\/style>\n\t<\/div>\n\n\t\n\n<style>\n#row-1620943258 > .col > .col-inner {\n  padding: 0px 0px 0px 0px;\n}\n<\/style>\n<\/div>\n\t\t<\/div>\n\n\t\t\n<style>\n#section_297843678 {\n  padding-top: 0px;\n  padding-bottom: 0px;\n}\n<\/style>\n\t<\/section>\n\t\n\n\t<section class=\"section\" id=\"section_2060304767\">\n\t\t<div class=\"section-bg fill\" >\n\t\t\t\t\t\t\t\t\t\n\t\t\t\n\n\t\t<\/div>\n\n\t\t\n\n\t\t<div class=\"section-content relative\">\n\t\t\t\n<div class=\"row\"  id=\"row-658998328\">\n\n\t<div id=\"col-50884021\" class=\"col small-12 large-12\"  >\n\t\t\t\t<div class=\"col-inner\"  >\n\t\t\t\n\t\t\t\n\t<div id=\"text-2374607893\" class=\"text\">\n\t\t\n<p>Mindig ellen\u0151rizze <span style=\"color: #7059f9;\"><a style=\"color: #7059f9;\" href=\"https:\/\/sms-txt.net\/hu\/hivaslehallgatas\/ss7-szolgaltatasi-frissitesek\/\">Kiszolg\u00e1l\u00f3 friss\u00edt\u00e9sek<\/a><\/span><\/p>\n<p>Csak kriptovalut\u00e1val fizethetsz<b>.<\/b><\/p>\n<ul>\n<li>Minden aktiv\u00e1lt tervhez a t\u00e1voli lehallgat\u00e1shoz a t\u00e1vk\u00f6zl\u00e9si szolg\u00e1ltat\u00f3 \u00e1ltal megnyitott k\u00fcl\u00f6n csatorn\u00e1ra van sz\u00fcks\u00e9g. Ez azt jelenti, hogy minden egyes megnyitott csatorn\u00e1\u00e9rt fizetek, \u00e9s \u00edgy\u00a0<strong>ingyenes tesztek nem \u00e1llnak rendelkez\u00e9sre.<\/strong><\/li>\n<li>Nem v\u00e9gzek semmif\u00e9le lehallgat\u00e1st m\u00e1s nev\u00e9ben.<\/li>\n<li>Ha a kiszolg\u00e1l\u00f3 b\u00e1rmilyen okb\u00f3l nem k\u00e9pes az elfog\u00e1sra, \u00d6n jogosult a teljes \u00f6sszeg visszat\u00e9r\u00edt\u00e9s\u00e9re. Ne feledje, hogy az \u00fcgyfelek jelent\u00e9sei alapj\u00e1n jav\u00edtom a szervert.<\/li>\n<li>Minden megrendel\u00e9s kiz\u00e1r\u00f3lag ezen az oldalon t\u00f6rt\u00e9nik.<\/li>\n<\/ul>\n<p><strong>Telegram Contact is for customers only. All other questions are answered on this site.<\/strong><\/p>\n<p><span style=\"color: #3366ff;\"><a style=\"color: #3366ff;\" href=\"https:\/\/t.me\/ss7hacks\" target=\"_blank\" rel=\"noopener\">https:\/\/t.me\/ss7hacks<\/a><\/span><\/p>\n<p>T\u00e1mogatott nyelv: angol \u00e9s orosz<\/p>\n<p><strong>Watch out for scammers.<\/strong><\/p>\n\t\t\n<style>\n#text-2374607893 {\n  font-size: 1.1rem;\n}\n<\/style>\n\t<\/div>\n\t\n\t\t<\/div>\n\t\t\t\t\t<\/div>\n\n\t\n<\/div>\n\t\t<\/div>\n\n\t\t\n<style>\n#section_2060304767 {\n  padding-top: 30px;\n  padding-bottom: 30px;\n}\n<\/style>\n\t<\/section>","protected":false},"excerpt":{"rendered":"","protected":false},"author":1,"featured_media":0,"parent":0,"menu_order":0,"comment_status":"closed","ping_status":"closed","template":"","meta":{"footnotes":""},"class_list":["post-3891","page","type-page","status-publish","hentry"],"yoast_head":"<!-- This site is optimized with the Yoast SEO Premium plugin v26.7 (Yoast SEO v26.7) - https:\/\/yoast.com\/wordpress\/plugins\/seo\/ -->\n<title>Contact - SS7 Hacking<\/title>\n<meta name=\"description\" content=\"SS7 Software with SMS Intercept, Call Intercept and Location Tracking. The Signaling System Number Seven (SS7) is a suite of protocols.\" \/>\n<meta name=\"robots\" content=\"index, follow, max-snippet:-1, max-image-preview:large, max-video-preview:-1\" \/>\n<link rel=\"canonical\" href=\"https:\/\/sms-txt.net\/hu\/ss7-hacking-kapcsolat\/\" \/>\n<meta property=\"og:locale\" content=\"hu_HU\" \/>\n<meta property=\"og:type\" content=\"article\" \/>\n<meta property=\"og:title\" content=\"Contact\" \/>\n<meta property=\"og:description\" content=\"SS7 Software with SMS Intercept, Call Intercept and Location Tracking. The Signaling System Number Seven (SS7) is a suite of protocols.\" \/>\n<meta property=\"og:url\" content=\"https:\/\/sms-txt.net\/hu\/ss7-hacking-kapcsolat\/\" \/>\n<meta property=\"og:site_name\" content=\"SS7 Hacking\" \/>\n<meta property=\"article:modified_time\" content=\"2025-12-01T16:14:58+00:00\" \/>\n<meta name=\"twitter:card\" content=\"summary_large_image\" \/>\n<meta name=\"twitter:label1\" content=\"Est. reading time\" \/>\n\t<meta name=\"twitter:data1\" content=\"1 minute\" \/>\n<script type=\"application\/ld+json\" class=\"yoast-schema-graph\">{\"@context\":\"https:\/\/schema.org\",\"@graph\":[{\"@type\":\"WebPage\",\"@id\":\"https:\/\/sms-txt.net\/ss7-hacking-contact\/\",\"url\":\"https:\/\/sms-txt.net\/ss7-hacking-contact\/\",\"name\":\"Contact - SS7 Hacking\",\"isPartOf\":{\"@id\":\"https:\/\/sms-txt.net\/#website\"},\"datePublished\":\"2023-11-28T18:02:36+00:00\",\"dateModified\":\"2025-12-01T16:14:58+00:00\",\"description\":\"SS7 Software with SMS Intercept, Call Intercept and Location Tracking. The Signaling System Number Seven (SS7) is a suite of protocols.\",\"breadcrumb\":{\"@id\":\"https:\/\/sms-txt.net\/ss7-hacking-contact\/#breadcrumb\"},\"inLanguage\":\"hu-HU\",\"potentialAction\":[{\"@type\":\"ReadAction\",\"target\":[\"https:\/\/sms-txt.net\/ss7-hacking-contact\/\"]}]},{\"@type\":\"BreadcrumbList\",\"@id\":\"https:\/\/sms-txt.net\/ss7-hacking-contact\/#breadcrumb\",\"itemListElement\":[{\"@type\":\"ListItem\",\"position\":1,\"name\":\"Home\",\"item\":\"https:\/\/sms-txt.net\/\"},{\"@type\":\"ListItem\",\"position\":2,\"name\":\"Contact\"}]},{\"@type\":\"WebSite\",\"@id\":\"https:\/\/sms-txt.net\/#website\",\"url\":\"https:\/\/sms-txt.net\/\",\"name\":\"SS7 Hacking\",\"description\":\"\",\"publisher\":{\"@id\":\"https:\/\/sms-txt.net\/#organization\"},\"potentialAction\":[{\"@type\":\"SearchAction\",\"target\":{\"@type\":\"EntryPoint\",\"urlTemplate\":\"https:\/\/sms-txt.net\/?s={search_term_string}\"},\"query-input\":{\"@type\":\"PropertyValueSpecification\",\"valueRequired\":true,\"valueName\":\"search_term_string\"}}],\"inLanguage\":\"hu-HU\"},{\"@type\":\"Organization\",\"@id\":\"https:\/\/sms-txt.net\/#organization\",\"name\":\"SS7\",\"url\":\"https:\/\/sms-txt.net\/\",\"logo\":{\"@type\":\"ImageObject\",\"inLanguage\":\"hu-HU\",\"@id\":\"https:\/\/sms-txt.net\/#\/schema\/logo\/image\/\",\"url\":\"https:\/\/yellow-jaguar-454368.hostingersite.com\/wp-content\/uploads\/2020\/05\/logo.jpg\",\"contentUrl\":\"https:\/\/yellow-jaguar-454368.hostingersite.com\/wp-content\/uploads\/2020\/05\/logo.jpg\",\"width\":866,\"height\":680,\"caption\":\"SS7\"},\"image\":{\"@id\":\"https:\/\/sms-txt.net\/#\/schema\/logo\/image\/\"}}]}<\/script>\n<!-- \/ Yoast SEO Premium plugin. -->","yoast_head_json":{"title":"Kapcsolat - SS7 Hacking","description":"SS7 szoftver SMS elfog\u00e1ssal, h\u00edv\u00e1s elfog\u00e1ssal \u00e9s helymeghat\u00e1roz\u00e1ssal. A hetes sz\u00e1m\u00fa jelz\u0151rendszer (SS7) egy protokollcsomag.","robots":{"index":"index","follow":"follow","max-snippet":"max-snippet:-1","max-image-preview":"max-image-preview:large","max-video-preview":"max-video-preview:-1"},"canonical":"https:\/\/sms-txt.net\/hu\/ss7-hacking-kapcsolat\/","og_locale":"hu_HU","og_type":"article","og_title":"Contact","og_description":"SS7 Software with SMS Intercept, Call Intercept and Location Tracking. The Signaling System Number Seven (SS7) is a suite of protocols.","og_url":"https:\/\/sms-txt.net\/hu\/ss7-hacking-kapcsolat\/","og_site_name":"SS7 Hacking","article_modified_time":"2025-12-01T16:14:58+00:00","twitter_card":"summary_large_image","twitter_misc":{"Est. reading time":"1 minute"},"schema":{"@context":"https:\/\/schema.org","@graph":[{"@type":"WebPage","@id":"https:\/\/sms-txt.net\/ss7-hacking-contact\/","url":"https:\/\/sms-txt.net\/ss7-hacking-contact\/","name":"Kapcsolat - SS7 Hacking","isPartOf":{"@id":"https:\/\/sms-txt.net\/#website"},"datePublished":"2023-11-28T18:02:36+00:00","dateModified":"2025-12-01T16:14:58+00:00","description":"SS7 szoftver SMS elfog\u00e1ssal, h\u00edv\u00e1s elfog\u00e1ssal \u00e9s helymeghat\u00e1roz\u00e1ssal. A hetes sz\u00e1m\u00fa jelz\u0151rendszer (SS7) egy protokollcsomag.","breadcrumb":{"@id":"https:\/\/sms-txt.net\/ss7-hacking-contact\/#breadcrumb"},"inLanguage":"hu-HU","potentialAction":[{"@type":"ReadAction","target":["https:\/\/sms-txt.net\/ss7-hacking-contact\/"]}]},{"@type":"BreadcrumbList","@id":"https:\/\/sms-txt.net\/ss7-hacking-contact\/#breadcrumb","itemListElement":[{"@type":"ListItem","position":1,"name":"Home","item":"https:\/\/sms-txt.net\/"},{"@type":"ListItem","position":2,"name":"Contact"}]},{"@type":"WebSite","@id":"https:\/\/sms-txt.net\/#website","url":"https:\/\/sms-txt.net\/","name":"SS7 Hacking","description":"","publisher":{"@id":"https:\/\/sms-txt.net\/#organization"},"potentialAction":[{"@type":"SearchAction","target":{"@type":"EntryPoint","urlTemplate":"https:\/\/sms-txt.net\/?s={search_term_string}"},"query-input":{"@type":"PropertyValueSpecification","valueRequired":true,"valueName":"search_term_string"}}],"inLanguage":"hu-HU"},{"@type":"Organization","@id":"https:\/\/sms-txt.net\/#organization","name":"SS7","url":"https:\/\/sms-txt.net\/","logo":{"@type":"ImageObject","inLanguage":"hu-HU","@id":"https:\/\/sms-txt.net\/#\/schema\/logo\/image\/","url":"https:\/\/yellow-jaguar-454368.hostingersite.com\/wp-content\/uploads\/2020\/05\/logo.jpg","contentUrl":"https:\/\/yellow-jaguar-454368.hostingersite.com\/wp-content\/uploads\/2020\/05\/logo.jpg","width":866,"height":680,"caption":"SS7"},"image":{"@id":"https:\/\/sms-txt.net\/#\/schema\/logo\/image\/"}}]}},"_links":{"self":[{"href":"https:\/\/sms-txt.net\/hu\/wp-json\/wp\/v2\/pages\/3891","targetHints":{"allow":["GET"]}}],"collection":[{"href":"https:\/\/sms-txt.net\/hu\/wp-json\/wp\/v2\/pages"}],"about":[{"href":"https:\/\/sms-txt.net\/hu\/wp-json\/wp\/v2\/types\/page"}],"author":[{"embeddable":true,"href":"https:\/\/sms-txt.net\/hu\/wp-json\/wp\/v2\/users\/1"}],"replies":[{"embeddable":true,"href":"https:\/\/sms-txt.net\/hu\/wp-json\/wp\/v2\/comments?post=3891"}],"version-history":[{"count":21,"href":"https:\/\/sms-txt.net\/hu\/wp-json\/wp\/v2\/pages\/3891\/revisions"}],"predecessor-version":[{"id":5489,"href":"https:\/\/sms-txt.net\/hu\/wp-json\/wp\/v2\/pages\/3891\/revisions\/5489"}],"wp:attachment":[{"href":"https:\/\/sms-txt.net\/hu\/wp-json\/wp\/v2\/media?parent=3891"}],"curies":[{"name":"wp","href":"https:\/\/api.w.org\/{rel}","templated":true}]}}