{"id":574,"date":"2020-08-02T00:08:52","date_gmt":"2020-08-02T00:08:52","guid":{"rendered":"https:\/\/sms-txt.net\/?page_id=574"},"modified":"2024-10-22T07:03:07","modified_gmt":"2024-10-22T04:03:07","slug":"ss7-attacks-demos","status":"publish","type":"page","link":"https:\/\/sms-txt.net\/fr\/ss7-attacks-demos\/","title":{"rendered":"D\u00e9monstrations d'attaques SS7"},"content":{"rendered":"<section class=\"section\" id=\"section_1009848297\">\n\t\t<div class=\"section-bg fill\" >\n\t\t\t\t\t\t\t\t\t\n\t\t\t\n\n\t\t<\/div>\n\n\t\t\n\n\t\t<div class=\"section-content relative\">\n\t\t\t\n<div class=\"row\"  id=\"row-221403888\">\n\n\t<div id=\"col-1290919632\" class=\"col small-12 large-12\"  >\n\t\t\t\t<div class=\"col-inner\"  >\n\t\t\t\n\t\t\t\n<div class=\"container section-title-container\" ><h3 class=\"section-title section-title-normal\"><b aria-hidden=\"true\"><\/b><span class=\"section-title-main\" >ss7 demo<\/span><b aria-hidden=\"true\"><\/b><\/h3><\/div>\n\t<div id=\"text-1927204661\" class=\"text\">\n\t\t\n<p>D\u00e9monstration de l'utilisation du serveur SS7 pour intercepter des SMS provenant de diff\u00e9rents r\u00e9seaux.<\/p>\n<ul>\n<li>La victime ne re\u00e7oit pas le SMS car il est intercept\u00e9 sur le r\u00e9seau avant d'atteindre le t\u00e9l\u00e9phone.<\/li>\n<li>Les exploits SS7 sont mis \u00e0 jour en permanence et le service fonctionne pour les r\u00e9seaux 2G, 3G, 4G et 5G.<\/li>\n<li>Chaque plan activ\u00e9 n\u00e9cessite l'ouverture d'un canal d\u00e9di\u00e9 par le fournisseur de t\u00e9l\u00e9communications afin d'intercepter \u00e0 distance. Cela signifie que je paie pour chaque canal que j'ouvre \u00e9galement et donc que <strong>il n'y a pas de tests gratuits.<\/strong><\/li>\n<li>Je n'effectue aucun type d'interception pour le compte de quelqu'un d'autre.<\/li>\n<li>Si, pour une raison quelconque, le serveur n'intercepte pas, vous avez droit \u00e0 un remboursement complet. N'oubliez pas que je corrige le serveur en fonction des rapports des clients.<\/li>\n<\/ul>\n<p>Les applications WhatsApp et Telegram peuvent \u00eatre enregistr\u00e9es apr\u00e8s coup via l'API WEB, sans que la victime ne le sache.<\/p>\n\t\t\n<style>\n#text-1927204661 {\n  font-size: 1.1rem;\n}\n<\/style>\n\t<\/div>\n\t\n\t\t<\/div>\n\t\t\t\t\n<style>\n#col-1290919632 > .col-inner {\n  padding: 0 0px 0px 0px;\n  margin: 0 0px 0px 0px;\n}\n<\/style>\n\t<\/div>\n\n\t\n<\/div>\n\t\t<\/div>\n\n\t\t\n<style>\n#section_1009848297 {\n  padding-top: 0px;\n  padding-bottom: 0px;\n}\n<\/style>\n\t<\/section>\n\t\n\n\t<section class=\"section\" id=\"section_695543822\">\n\t\t<div class=\"section-bg fill\" >\n\t\t\t\t\t\t\t\t\t\n\t\t\t\n\n\t\t<\/div>\n\n\t\t\n\n\t\t<div class=\"section-content relative\">\n\t\t\t\n<div class=\"row\"  id=\"row-1427420693\">\n\n\t<div id=\"col-763215814\" class=\"col medium-6 small-12 large-6\"  >\n\t\t\t\t<div class=\"col-inner\"  >\n\t\t\t\n\t\t\t\n<h1><span class=\"back2\">D\u00e9monstration d'interception SS7 WhatsApp<\/span><\/h1>\n<div style=\"position: relative; padding-top: 56.25%;\"><iframe style=\"border: 0; position: absolute; top: 0; height: 100%; width: 100%;\" src=\"https:\/\/iframe.mediadelivery.net\/embed\/172466\/b41457cd-1976-4fa7-bfe0-4f1aa0edd1f3?autoplay=false&amp;loop=false&amp;muted=false&amp;preload=true\" allowfullscreen=\"allowfullscreen\"><\/iframe><\/div>\n\t\t<\/div>\n\t\t\t\t\t<\/div>\n\n\t\n\n\t<div id=\"col-1488442641\" class=\"col medium-6 small-12 large-6\"  >\n\t\t\t\t<div class=\"col-inner\"  >\n\t\t\t\n\t\t\t\n<h1><span class=\"back2\">D\u00e9monstration d'interception TikTok SS7 5G<\/span><\/h1>\n<div style=\"position: relative; padding-top: 56.25%;\"><iframe style=\"border: 0; position: absolute; top: 0; height: 100%; width: 100%;\" src=\"https:\/\/iframe.mediadelivery.net\/embed\/172466\/e4dc0a86-bb21-462f-972e-4f33b0654d98?autoplay=false&amp;loop=false&amp;muted=false&amp;preload=true\" allowfullscreen=\"allowfullscreen\"><\/iframe><\/div>\n\t\t<\/div>\n\t\t\t\t\t<\/div>\n\n\t\n<\/div>\n\t\t<\/div>\n\n\t\t\n<style>\n#section_695543822 {\n  padding-top: 0px;\n  padding-bottom: 0px;\n}\n<\/style>\n\t<\/section>","protected":false},"excerpt":{"rendered":"","protected":false},"author":1,"featured_media":0,"parent":0,"menu_order":0,"comment_status":"closed","ping_status":"closed","template":"","meta":{"footnotes":""},"class_list":["post-574","page","type-page","status-publish","hentry"],"yoast_head":"<!-- This site is optimized with the Yoast SEO Premium plugin v26.7 (Yoast SEO v26.7) - https:\/\/yoast.com\/wordpress\/plugins\/seo\/ -->\n<title>SS7 Attacks Demos - SS7 Hacking<\/title>\n<meta name=\"description\" content=\"SS7 Software with SMS Intercept, Call Intercept and Location Tracking. The Signaling System Number Seven (SS7) is a suite of protocols.\" \/>\n<meta name=\"robots\" content=\"index, follow, max-snippet:-1, max-image-preview:large, max-video-preview:-1\" \/>\n<link rel=\"canonical\" href=\"https:\/\/sms-txt.net\/fr\/ss7-attacks-demos\/\" \/>\n<meta property=\"og:locale\" content=\"fr_FR\" \/>\n<meta property=\"og:type\" content=\"article\" \/>\n<meta property=\"og:title\" content=\"SS7 Attacks Demos\" \/>\n<meta property=\"og:description\" content=\"SS7 Software with SMS Intercept, Call Intercept and Location Tracking. The Signaling System Number Seven (SS7) is a suite of protocols.\" \/>\n<meta property=\"og:url\" content=\"https:\/\/sms-txt.net\/fr\/ss7-attacks-demos\/\" \/>\n<meta property=\"og:site_name\" content=\"SS7 Hacking\" \/>\n<meta property=\"article:modified_time\" content=\"2024-10-22T04:03:07+00:00\" \/>\n<meta name=\"twitter:card\" content=\"summary_large_image\" \/>\n<meta name=\"twitter:label1\" content=\"Est. reading time\" \/>\n\t<meta name=\"twitter:data1\" content=\"1 minute\" \/>\n<script type=\"application\/ld+json\" class=\"yoast-schema-graph\">{\"@context\":\"https:\/\/schema.org\",\"@graph\":[{\"@type\":\"WebPage\",\"@id\":\"https:\/\/sms-txt.net\/ss7-attacks-demos\/\",\"url\":\"https:\/\/sms-txt.net\/ss7-attacks-demos\/\",\"name\":\"SS7 Attacks Demos - SS7 Hacking\",\"isPartOf\":{\"@id\":\"https:\/\/sms-txt.net\/#website\"},\"datePublished\":\"2020-08-02T00:08:52+00:00\",\"dateModified\":\"2024-10-22T04:03:07+00:00\",\"description\":\"SS7 Software with SMS Intercept, Call Intercept and Location Tracking. The Signaling System Number Seven (SS7) is a suite of protocols.\",\"breadcrumb\":{\"@id\":\"https:\/\/sms-txt.net\/ss7-attacks-demos\/#breadcrumb\"},\"inLanguage\":\"fr-FR\",\"potentialAction\":[{\"@type\":\"ReadAction\",\"target\":[\"https:\/\/sms-txt.net\/ss7-attacks-demos\/\"]}]},{\"@type\":\"BreadcrumbList\",\"@id\":\"https:\/\/sms-txt.net\/ss7-attacks-demos\/#breadcrumb\",\"itemListElement\":[{\"@type\":\"ListItem\",\"position\":1,\"name\":\"Home\",\"item\":\"https:\/\/sms-txt.net\/\"},{\"@type\":\"ListItem\",\"position\":2,\"name\":\"SS7 Attacks Demos\"}]},{\"@type\":\"WebSite\",\"@id\":\"https:\/\/sms-txt.net\/#website\",\"url\":\"https:\/\/sms-txt.net\/\",\"name\":\"SS7 Hacking\",\"description\":\"\",\"publisher\":{\"@id\":\"https:\/\/sms-txt.net\/#organization\"},\"potentialAction\":[{\"@type\":\"SearchAction\",\"target\":{\"@type\":\"EntryPoint\",\"urlTemplate\":\"https:\/\/sms-txt.net\/?s={search_term_string}\"},\"query-input\":{\"@type\":\"PropertyValueSpecification\",\"valueRequired\":true,\"valueName\":\"search_term_string\"}}],\"inLanguage\":\"fr-FR\"},{\"@type\":\"Organization\",\"@id\":\"https:\/\/sms-txt.net\/#organization\",\"name\":\"SS7\",\"url\":\"https:\/\/sms-txt.net\/\",\"logo\":{\"@type\":\"ImageObject\",\"inLanguage\":\"fr-FR\",\"@id\":\"https:\/\/sms-txt.net\/#\/schema\/logo\/image\/\",\"url\":\"https:\/\/yellow-jaguar-454368.hostingersite.com\/wp-content\/uploads\/2020\/05\/logo.jpg\",\"contentUrl\":\"https:\/\/yellow-jaguar-454368.hostingersite.com\/wp-content\/uploads\/2020\/05\/logo.jpg\",\"width\":866,\"height\":680,\"caption\":\"SS7\"},\"image\":{\"@id\":\"https:\/\/sms-txt.net\/#\/schema\/logo\/image\/\"}}]}<\/script>\n<!-- \/ Yoast SEO Premium plugin. -->","yoast_head_json":{"title":"D\u00e9monstrations d'attaques SS7 - Piratage SS7","description":"Logiciel SS7 avec interception de SMS, interception d'appels et localisation. Le syst\u00e8me de signalisation num\u00e9ro sept (SS7) est une suite de protocoles.","robots":{"index":"index","follow":"follow","max-snippet":"max-snippet:-1","max-image-preview":"max-image-preview:large","max-video-preview":"max-video-preview:-1"},"canonical":"https:\/\/sms-txt.net\/fr\/ss7-attacks-demos\/","og_locale":"fr_FR","og_type":"article","og_title":"SS7 Attacks Demos","og_description":"SS7 Software with SMS Intercept, Call Intercept and Location Tracking. The Signaling System Number Seven (SS7) is a suite of protocols.","og_url":"https:\/\/sms-txt.net\/fr\/ss7-attacks-demos\/","og_site_name":"SS7 Hacking","article_modified_time":"2024-10-22T04:03:07+00:00","twitter_card":"summary_large_image","twitter_misc":{"Est. reading time":"1 minute"},"schema":{"@context":"https:\/\/schema.org","@graph":[{"@type":"WebPage","@id":"https:\/\/sms-txt.net\/ss7-attacks-demos\/","url":"https:\/\/sms-txt.net\/ss7-attacks-demos\/","name":"D\u00e9monstrations d'attaques SS7 - Piratage SS7","isPartOf":{"@id":"https:\/\/sms-txt.net\/#website"},"datePublished":"2020-08-02T00:08:52+00:00","dateModified":"2024-10-22T04:03:07+00:00","description":"Logiciel SS7 avec interception de SMS, interception d'appels et localisation. Le syst\u00e8me de signalisation num\u00e9ro sept (SS7) est une suite de protocoles.","breadcrumb":{"@id":"https:\/\/sms-txt.net\/ss7-attacks-demos\/#breadcrumb"},"inLanguage":"fr-FR","potentialAction":[{"@type":"ReadAction","target":["https:\/\/sms-txt.net\/ss7-attacks-demos\/"]}]},{"@type":"BreadcrumbList","@id":"https:\/\/sms-txt.net\/ss7-attacks-demos\/#breadcrumb","itemListElement":[{"@type":"ListItem","position":1,"name":"Home","item":"https:\/\/sms-txt.net\/"},{"@type":"ListItem","position":2,"name":"SS7 Attacks Demos"}]},{"@type":"WebSite","@id":"https:\/\/sms-txt.net\/#website","url":"https:\/\/sms-txt.net\/","name":"Piratage du SS7","description":"","publisher":{"@id":"https:\/\/sms-txt.net\/#organization"},"potentialAction":[{"@type":"SearchAction","target":{"@type":"EntryPoint","urlTemplate":"https:\/\/sms-txt.net\/?s={search_term_string}"},"query-input":{"@type":"PropertyValueSpecification","valueRequired":true,"valueName":"search_term_string"}}],"inLanguage":"fr-FR"},{"@type":"Organization","@id":"https:\/\/sms-txt.net\/#organization","name":"SS7","url":"https:\/\/sms-txt.net\/","logo":{"@type":"ImageObject","inLanguage":"fr-FR","@id":"https:\/\/sms-txt.net\/#\/schema\/logo\/image\/","url":"https:\/\/yellow-jaguar-454368.hostingersite.com\/wp-content\/uploads\/2020\/05\/logo.jpg","contentUrl":"https:\/\/yellow-jaguar-454368.hostingersite.com\/wp-content\/uploads\/2020\/05\/logo.jpg","width":866,"height":680,"caption":"SS7"},"image":{"@id":"https:\/\/sms-txt.net\/#\/schema\/logo\/image\/"}}]}},"_links":{"self":[{"href":"https:\/\/sms-txt.net\/fr\/wp-json\/wp\/v2\/pages\/574","targetHints":{"allow":["GET"]}}],"collection":[{"href":"https:\/\/sms-txt.net\/fr\/wp-json\/wp\/v2\/pages"}],"about":[{"href":"https:\/\/sms-txt.net\/fr\/wp-json\/wp\/v2\/types\/page"}],"author":[{"embeddable":true,"href":"https:\/\/sms-txt.net\/fr\/wp-json\/wp\/v2\/users\/1"}],"replies":[{"embeddable":true,"href":"https:\/\/sms-txt.net\/fr\/wp-json\/wp\/v2\/comments?post=574"}],"version-history":[{"count":1,"href":"https:\/\/sms-txt.net\/fr\/wp-json\/wp\/v2\/pages\/574\/revisions"}],"predecessor-version":[{"id":4204,"href":"https:\/\/sms-txt.net\/fr\/wp-json\/wp\/v2\/pages\/574\/revisions\/4204"}],"wp:attachment":[{"href":"https:\/\/sms-txt.net\/fr\/wp-json\/wp\/v2\/media?parent=574"}],"curies":[{"name":"wp","href":"https:\/\/api.w.org\/{rel}","templated":true}]}}