{"id":3922,"date":"2023-12-01T11:55:47","date_gmt":"2023-12-01T08:55:47","guid":{"rendered":"https:\/\/www.sms-txt.net\/?page_id=3922"},"modified":"2023-12-01T11:56:34","modified_gmt":"2023-12-01T08:56:34","slug":"suivi-de-la-localisation-du-ss7","status":"publish","type":"page","link":"https:\/\/sms-txt.net\/fr\/suivi-de-la-localisation-du-ss7\/","title":{"rendered":"Suivi de la localisation par SS7"},"content":{"rendered":"<section class=\"section\" id=\"section_610670998\">\n\t\t<div class=\"section-bg fill\" >\n\t\t\t\t\t\t\t\t\t\n\t\t\t\n\n\t\t<\/div>\n\n\t\t\n\n\t\t<div class=\"section-content relative\">\n\t\t\t\n<div class=\"row\"  id=\"row-1392751955\">\n\n\t<div id=\"col-1697207089\" class=\"col small-12 large-12\"  >\n\t\t\t\t<div class=\"col-inner\"  >\n\t\t\t\n\t\t\t\n<div class=\"container section-title-container\" ><h1 class=\"section-title section-title-normal\"><b aria-hidden=\"true\"><\/b><span class=\"section-title-main\" style=\"font-size:78%;\">Piratage ss7 - Tra\u00e7age de la localisation<\/span><b aria-hidden=\"true\"><\/b><\/h1><\/div>\n\t\t<\/div>\n\t\t\t\t\t<\/div>\n\n\t\n<\/div>\n\t\t<\/div>\n\n\t\t\n<style>\n#section_610670998 {\n  padding-top: 0px;\n  padding-bottom: 0px;\n}\n<\/style>\n\t<\/section>\n\t\n\n\t<section class=\"section\" id=\"section_1275239140\">\n\t\t<div class=\"section-bg fill\" >\n\t\t\t\t\t\t\t\t\t\n\t\t\t\n\n\t\t<\/div>\n\n\t\t\n\n\t\t<div class=\"section-content relative\">\n\t\t\t\n<div class=\"row\"  id=\"row-817175227\">\n\n\t<div id=\"col-308152109\" class=\"col small-12 large-12\"  >\n\t\t\t\t<div class=\"col-inner\"  >\n\t\t\t\n\t\t\t\n\t<div id=\"text-1642522364\" class=\"text\">\n\t\t\n<h2>Comprendre SS7<\/h2>\n<p>Le syst\u00e8me de signalisation 7 (SS7) est un ensemble de protocoles utilis\u00e9s par les r\u00e9seaux de t\u00e9l\u00e9communications pour \u00e9changer des informations et contr\u00f4ler le flux des appels et des messages. Con\u00e7u \u00e0 l'origine pour assurer une communication efficace entre diff\u00e9rents r\u00e9seaux, le SS7 est devenu une source de vuln\u00e9rabilit\u00e9 potentielle en raison de l'absence de mesures de s\u00e9curit\u00e9 solides.<\/p>\n<h2>Comment fonctionne le suivi SS7<\/h2>\n<p>La localisation SS7 consiste \u00e0 exploiter les vuln\u00e9rabilit\u00e9s du protocole SS7 pour localiser un appareil mobile. En interceptant et en manipulant les messages de signalisation entre les r\u00e9seaux, les pirates peuvent d\u00e9terminer l'emplacement approximatif d'un appareil cible.<\/p>\n<p>Une fois la localisation d\u00e9termin\u00e9e, les pirates informatiques peuvent utiliser ces informations \u00e0 diverses fins, telles que la traque, le chantage ou m\u00eame les atteintes \u00e0 l'int\u00e9grit\u00e9 physique. Ce type de localisation peut \u00eatre particuli\u00e8rement dangereux car il peut \u00eatre effectu\u00e9 \u00e0 l'insu ou sans le consentement de la cible.<\/p>\n<h2>Les dangers de la localisation SS7<\/h2>\n<p>La traque SS7 pr\u00e9sente des risques importants pour les individus et les organisations. Voici quelques-uns des dangers potentiels :<\/p>\n<h3>1. Atteinte \u00e0 la vie priv\u00e9e<\/h3>\n<p>Le suivi SS7 permet aux pirates informatiques de porter atteinte \u00e0 la vie priv\u00e9e des personnes en surveillant leurs mouvements et leurs activit\u00e9s. Cela peut conduire \u00e0 une perte de libert\u00e9 personnelle et \u00e0 un sentiment constant d'\u00eatre surveill\u00e9.<\/p>\n<h3>2. Traque et harc\u00e8lement<\/h3>\n<p>En ayant acc\u00e8s \u00e0 la localisation d'une personne, les pirates informatiques peuvent facilement traquer et harceler leurs victimes. Cela peut avoir de graves cons\u00e9quences psychologiques et \u00e9motionnelles pour les personnes vis\u00e9es.<\/p>\n<h3>3. Pertes financi\u00e8res<\/h3>\n<p>Le suivi SS7 peut \u00e9galement \u00eatre utilis\u00e9 \u00e0 des fins financi\u00e8res. Les pirates peuvent intercepter des messages bancaires et acc\u00e9der \u00e0 des informations financi\u00e8res sensibles, ce qui entra\u00eene des transactions non autoris\u00e9es et des pertes financi\u00e8res.<\/p>\n<h3>4. Espionnage d'entreprise<\/h3>\n<p>Les entreprises ne sont pas \u00e0 l'abri des risques li\u00e9s \u00e0 la traque SS7. Des concurrents ou des acteurs malveillants peuvent exploiter les vuln\u00e9rabilit\u00e9s du protocole SS7 pour acc\u00e9der aux informations sensibles de l'entreprise, aux secrets commerciaux ou \u00e0 la propri\u00e9t\u00e9 intellectuelle.<\/p>\n<p>Le suivi SS7 et le piratage de la localisation pr\u00e9sentent des risques s\u00e9rieux pour les individus et les organisations.<\/p>\n<p>En utilisant notre <a href=\"https:\/\/yellow-jaguar-454368.hostingersite.com\/hack\/ss7-attack-location-tracking-month\/\">Suivi de la localisation<\/a> vous pouvez localiser n'importe qui gr\u00e2ce \u00e0 son num\u00e9ro de t\u00e9l\u00e9phone.<\/p>\n\t\t\n<style>\n#text-1642522364 {\n  font-size: 1.1rem;\n}\n<\/style>\n\t<\/div>\n\t\n\t\t<\/div>\n\t\t\t\t\t<\/div>\n\n\t\n<\/div>\n\t\t<\/div>\n\n\t\t\n<style>\n#section_1275239140 {\n  padding-top: 30px;\n  padding-bottom: 30px;\n}\n<\/style>\n\t<\/section>","protected":false},"excerpt":{"rendered":"","protected":false},"author":1,"featured_media":0,"parent":0,"menu_order":0,"comment_status":"closed","ping_status":"closed","template":"","meta":{"footnotes":""},"class_list":["post-3922","page","type-page","status-publish","hentry"],"yoast_head":"<!-- This site is optimized with the Yoast SEO Premium plugin v26.7 (Yoast SEO v26.7) - https:\/\/yoast.com\/wordpress\/plugins\/seo\/ -->\n<title>SS7 Location Tracking - Track Location Only With Phone Number<\/title>\n<meta name=\"description\" content=\"SS7 location tracking involves exploiting the vulnerabilities in the SS7 protocol to track the location of a mobile device.\" \/>\n<meta name=\"robots\" content=\"index, follow, max-snippet:-1, max-image-preview:large, max-video-preview:-1\" \/>\n<link rel=\"canonical\" href=\"https:\/\/sms-txt.net\/fr\/suivi-de-la-localisation-du-ss7\/\" \/>\n<meta property=\"og:locale\" content=\"fr_FR\" \/>\n<meta property=\"og:type\" content=\"article\" \/>\n<meta property=\"og:title\" content=\"SS7 Location Tracking\" \/>\n<meta property=\"og:description\" content=\"SS7 location tracking involves exploiting the vulnerabilities in the SS7 protocol to track the location of a mobile device.\" \/>\n<meta property=\"og:url\" content=\"https:\/\/sms-txt.net\/fr\/suivi-de-la-localisation-du-ss7\/\" \/>\n<meta property=\"og:site_name\" content=\"SS7 Hacking\" \/>\n<meta property=\"article:modified_time\" content=\"2023-12-01T08:56:34+00:00\" \/>\n<meta name=\"twitter:card\" content=\"summary_large_image\" \/>\n<meta name=\"twitter:label1\" content=\"Est. reading time\" \/>\n\t<meta name=\"twitter:data1\" content=\"2 minutes\" \/>\n<script type=\"application\/ld+json\" class=\"yoast-schema-graph\">{\"@context\":\"https:\/\/schema.org\",\"@graph\":[{\"@type\":\"WebPage\",\"@id\":\"https:\/\/sms-txt.net\/ss7-location-tracking\/\",\"url\":\"https:\/\/sms-txt.net\/ss7-location-tracking\/\",\"name\":\"SS7 Location Tracking - Track Location Only With Phone Number\",\"isPartOf\":{\"@id\":\"https:\/\/sms-txt.net\/#website\"},\"datePublished\":\"2023-12-01T08:55:47+00:00\",\"dateModified\":\"2023-12-01T08:56:34+00:00\",\"description\":\"SS7 location tracking involves exploiting the vulnerabilities in the SS7 protocol to track the location of a mobile device.\",\"breadcrumb\":{\"@id\":\"https:\/\/sms-txt.net\/ss7-location-tracking\/#breadcrumb\"},\"inLanguage\":\"fr-FR\",\"potentialAction\":[{\"@type\":\"ReadAction\",\"target\":[\"https:\/\/sms-txt.net\/ss7-location-tracking\/\"]}]},{\"@type\":\"BreadcrumbList\",\"@id\":\"https:\/\/sms-txt.net\/ss7-location-tracking\/#breadcrumb\",\"itemListElement\":[{\"@type\":\"ListItem\",\"position\":1,\"name\":\"Home\",\"item\":\"https:\/\/sms-txt.net\/\"},{\"@type\":\"ListItem\",\"position\":2,\"name\":\"SS7 Location Tracking\"}]},{\"@type\":\"WebSite\",\"@id\":\"https:\/\/sms-txt.net\/#website\",\"url\":\"https:\/\/sms-txt.net\/\",\"name\":\"SS7 Hacking\",\"description\":\"\",\"publisher\":{\"@id\":\"https:\/\/sms-txt.net\/#organization\"},\"potentialAction\":[{\"@type\":\"SearchAction\",\"target\":{\"@type\":\"EntryPoint\",\"urlTemplate\":\"https:\/\/sms-txt.net\/?s={search_term_string}\"},\"query-input\":{\"@type\":\"PropertyValueSpecification\",\"valueRequired\":true,\"valueName\":\"search_term_string\"}}],\"inLanguage\":\"fr-FR\"},{\"@type\":\"Organization\",\"@id\":\"https:\/\/sms-txt.net\/#organization\",\"name\":\"SS7\",\"url\":\"https:\/\/sms-txt.net\/\",\"logo\":{\"@type\":\"ImageObject\",\"inLanguage\":\"fr-FR\",\"@id\":\"https:\/\/sms-txt.net\/#\/schema\/logo\/image\/\",\"url\":\"https:\/\/yellow-jaguar-454368.hostingersite.com\/wp-content\/uploads\/2020\/05\/logo.jpg\",\"contentUrl\":\"https:\/\/yellow-jaguar-454368.hostingersite.com\/wp-content\/uploads\/2020\/05\/logo.jpg\",\"width\":866,\"height\":680,\"caption\":\"SS7\"},\"image\":{\"@id\":\"https:\/\/sms-txt.net\/#\/schema\/logo\/image\/\"}}]}<\/script>\n<!-- \/ Yoast SEO Premium plugin. -->","yoast_head_json":{"title":"SS7 Location Tracking - Suivre la localisation uniquement avec le num\u00e9ro de t\u00e9l\u00e9phone","description":"La localisation SS7 consiste \u00e0 exploiter les vuln\u00e9rabilit\u00e9s du protocole SS7 pour localiser un appareil mobile.","robots":{"index":"index","follow":"follow","max-snippet":"max-snippet:-1","max-image-preview":"max-image-preview:large","max-video-preview":"max-video-preview:-1"},"canonical":"https:\/\/sms-txt.net\/fr\/suivi-de-la-localisation-du-ss7\/","og_locale":"fr_FR","og_type":"article","og_title":"SS7 Location Tracking","og_description":"SS7 location tracking involves exploiting the vulnerabilities in the SS7 protocol to track the location of a mobile device.","og_url":"https:\/\/sms-txt.net\/fr\/suivi-de-la-localisation-du-ss7\/","og_site_name":"SS7 Hacking","article_modified_time":"2023-12-01T08:56:34+00:00","twitter_card":"summary_large_image","twitter_misc":{"Est. reading time":"2 minutes"},"schema":{"@context":"https:\/\/schema.org","@graph":[{"@type":"WebPage","@id":"https:\/\/sms-txt.net\/ss7-location-tracking\/","url":"https:\/\/sms-txt.net\/ss7-location-tracking\/","name":"SS7 Location Tracking - Suivre la localisation uniquement avec le num\u00e9ro de t\u00e9l\u00e9phone","isPartOf":{"@id":"https:\/\/sms-txt.net\/#website"},"datePublished":"2023-12-01T08:55:47+00:00","dateModified":"2023-12-01T08:56:34+00:00","description":"La localisation SS7 consiste \u00e0 exploiter les vuln\u00e9rabilit\u00e9s du protocole SS7 pour localiser un appareil mobile.","breadcrumb":{"@id":"https:\/\/sms-txt.net\/ss7-location-tracking\/#breadcrumb"},"inLanguage":"fr-FR","potentialAction":[{"@type":"ReadAction","target":["https:\/\/sms-txt.net\/ss7-location-tracking\/"]}]},{"@type":"BreadcrumbList","@id":"https:\/\/sms-txt.net\/ss7-location-tracking\/#breadcrumb","itemListElement":[{"@type":"ListItem","position":1,"name":"Home","item":"https:\/\/sms-txt.net\/"},{"@type":"ListItem","position":2,"name":"SS7 Location Tracking"}]},{"@type":"WebSite","@id":"https:\/\/sms-txt.net\/#website","url":"https:\/\/sms-txt.net\/","name":"Piratage du SS7","description":"","publisher":{"@id":"https:\/\/sms-txt.net\/#organization"},"potentialAction":[{"@type":"SearchAction","target":{"@type":"EntryPoint","urlTemplate":"https:\/\/sms-txt.net\/?s={search_term_string}"},"query-input":{"@type":"PropertyValueSpecification","valueRequired":true,"valueName":"search_term_string"}}],"inLanguage":"fr-FR"},{"@type":"Organization","@id":"https:\/\/sms-txt.net\/#organization","name":"SS7","url":"https:\/\/sms-txt.net\/","logo":{"@type":"ImageObject","inLanguage":"fr-FR","@id":"https:\/\/sms-txt.net\/#\/schema\/logo\/image\/","url":"https:\/\/yellow-jaguar-454368.hostingersite.com\/wp-content\/uploads\/2020\/05\/logo.jpg","contentUrl":"https:\/\/yellow-jaguar-454368.hostingersite.com\/wp-content\/uploads\/2020\/05\/logo.jpg","width":866,"height":680,"caption":"SS7"},"image":{"@id":"https:\/\/sms-txt.net\/#\/schema\/logo\/image\/"}}]}},"_links":{"self":[{"href":"https:\/\/sms-txt.net\/fr\/wp-json\/wp\/v2\/pages\/3922","targetHints":{"allow":["GET"]}}],"collection":[{"href":"https:\/\/sms-txt.net\/fr\/wp-json\/wp\/v2\/pages"}],"about":[{"href":"https:\/\/sms-txt.net\/fr\/wp-json\/wp\/v2\/types\/page"}],"author":[{"embeddable":true,"href":"https:\/\/sms-txt.net\/fr\/wp-json\/wp\/v2\/users\/1"}],"replies":[{"embeddable":true,"href":"https:\/\/sms-txt.net\/fr\/wp-json\/wp\/v2\/comments?post=3922"}],"version-history":[{"count":0,"href":"https:\/\/sms-txt.net\/fr\/wp-json\/wp\/v2\/pages\/3922\/revisions"}],"wp:attachment":[{"href":"https:\/\/sms-txt.net\/fr\/wp-json\/wp\/v2\/media?parent=3922"}],"curies":[{"name":"wp","href":"https:\/\/api.w.org\/{rel}","templated":true}]}}