{"id":3985,"date":"2023-12-18T16:05:05","date_gmt":"2023-12-18T13:05:05","guid":{"rendered":"https:\/\/www.sms-txt.net\/?post_type=product&#038;p=3985"},"modified":"2026-02-24T03:05:30","modified_gmt":"2026-02-24T00:05:30","slug":"ss7-hakkerointi-ohjelmisto-palvelin","status":"publish","type":"product","link":"https:\/\/sms-txt.net\/fi\/hakata\/ss7-hakkerointi-ohjelmisto-palvelin\/","title":{"rendered":"SS7-hakkerointipalvelin"},"content":{"rendered":"<h2>Mik\u00e4 on SS7 Hacking SMS Intercept?<\/h2>\n<p>SS7 (Signaling System 7) on joukko protokollia, joita televerkot k\u00e4ytt\u00e4v\u00e4t tietojen vaihtoon sek\u00e4 puhelujen ja viestien ohjaamiseen eri palveluntarjoajien v\u00e4lill\u00e4. Se on maailmanlaajuinen standardi, joka mahdollistaa saumattoman viestinn\u00e4n eri verkkojen v\u00e4lill\u00e4.<\/p>\n<p>T\u00e4ss\u00e4 useita vuosikymmeni\u00e4 sitten suunnitellussa j\u00e4rjestelm\u00e4ss\u00e4 on kuitenkin tiettyj\u00e4 haavoittuvuuksia, joita hakkerit voivat hy\u00f6dynt\u00e4\u00e4. Yksi t\u00e4llainen haavoittuvuus on mahdollisuus siepata SS7-verkon kautta l\u00e4hetettyj\u00e4 tekstiviestej\u00e4.<\/p>\n<h2>Miten SS7 SMS Intercept Hacking toimii?<\/h2>\n<p>SS7 SMS Intercept -hakkerointiprosessissa hy\u00f6kk\u00e4\u00e4j\u00e4 hy\u00f6dynt\u00e4\u00e4 SS7-protokollan heikkouksia saadakseen luvattoman p\u00e4\u00e4syn tekstiviesteihin. T\u00e4ss\u00e4 on yksinkertaistettu selitys siit\u00e4, miten se toimii:<\/p>\n<ol>\n<li>Hy\u00f6kk\u00e4\u00e4j\u00e4 tunnistaa kohteen puhelinnumeron.<\/li>\n<li>He k\u00e4ytt\u00e4v\u00e4t SS7-protokollan haavoittuvuutta hyv\u00e4kseen sieppaamalla kohteelle tarkoitetun tekstiviestin.<\/li>\n<li>Siepattu viesti ohjataan sitten hy\u00f6kk\u00e4\u00e4j\u00e4n laitteeseen.<\/li>\n<li>Hy\u00f6kk\u00e4\u00e4j\u00e4 voi lukea, muokata tai jopa est\u00e4\u00e4 siepattua viesti\u00e4.<\/li>\n<\/ol>\n<p>P\u00e4\u00e4st\u00e4ess\u00e4\u00e4n k\u00e4siksi jonkun henkil\u00f6n tekstiviesteihin hakkerit voivat mahdollisesti saada haltuunsa arkaluonteisia tietoja, kuten tunnistuskoodeja, salasanoja ja henkil\u00f6kohtaisia keskusteluja.<\/p>\n<h2>Haavoittuvuus: Puhelujen sieppaus<\/h2>\n<p>SS7-verkko ei ole laajasta k\u00e4yt\u00f6st\u00e4\u00e4n huolimatta immuuni haavoittuvuuksille. Yksi huolestuttavimmista haavoittuvuuksista on puhelujen sieppaus, jossa pahansuovat toimijat voivat p\u00e4\u00e4st\u00e4 luvatta puheluihin ja siepata arkaluonteisia tietoja.<\/p>\n<p>Puhelujen sieppauksessa k\u00e4ytet\u00e4\u00e4n SS7-verkon heikkouksia puhelujen uudelleenohjaamiseen tai sieppaamiseen. T\u00e4m\u00e4 voidaan tehd\u00e4 manipuloimalla verkkoelementtien v\u00e4lill\u00e4 vaihdettavia signalointiviestej\u00e4. Salakuuntelun j\u00e4lkeen hy\u00f6kk\u00e4\u00e4j\u00e4 voi salakuunnella keskusteluja, nauhoittaa puheluita tai jopa ohjata puhelut toiseen kohteeseen.<\/p>\n<h2>Miten SS7-hakkerointi toimii?<\/h2>\n<p>SS7-hakkerointi sis\u00e4lt\u00e4\u00e4 erilaisia tekniikoita, joilla hy\u00f6dynnet\u00e4\u00e4n verkossa olevia haavoittuvuuksia. Seuraavassa on joitakin yleisi\u00e4 menetelmi\u00e4:<\/p>\n<ol>\n<li><strong>Sijainnin seuranta:<\/strong> SS7-haavoittuvuuksia hy\u00f6dynt\u00e4m\u00e4ll\u00e4 hy\u00f6kk\u00e4\u00e4j\u00e4t voivat j\u00e4ljitt\u00e4\u00e4 kohdelaitteen sijainnin. N\u00e4it\u00e4 tietoja voidaan k\u00e4ytt\u00e4\u00e4 tarkkailuun tai muun haitallisen toiminnan helpottamiseen.<\/li>\n<li><strong>Puhelujen ja tekstiviestien sieppaus:<\/strong> Hy\u00f6kk\u00e4\u00e4j\u00e4t voivat siepata puheluita ja tekstiviestej\u00e4 ohjaamalla ne omiin laitteisiinsa. N\u00e4in he voivat tarkkailla keskusteluja, ker\u00e4t\u00e4 arkaluonteisia tietoja tai jopa esiinty\u00e4 kohteena olevana henkil\u00f6n\u00e4.<\/li>\n<li><strong>Petollinen toiminta:<\/strong> SS7-hakkerointia voidaan k\u00e4ytt\u00e4\u00e4 erilaisiin petollisiin toimiin, kuten kaksitekij\u00e4todennuksen ohittamiseen, luvattomien ostosten tekemiseen tai henkil\u00f6kohtaisten tilien k\u00e4ytt\u00e4miseen.<\/li>\n<\/ol>\n<h3>Miten sijainnin seuranta SS7:n kautta toimii?<\/h3>\n<p>Sijainnin seuranta SS7:n avulla perustuu matkaviestinverkko-operaattoreiden (MNO) kykyyn vaihtaa signalointiviestej\u00e4 kesken\u00e4\u00e4n. N\u00e4m\u00e4 signalointiviestit sis\u00e4lt\u00e4v\u00e4t tietoa mobiililaitteen sijainnista, mink\u00e4 ansiosta matkaviestinoperaattorit voivat seurata sen liikkeit\u00e4.<\/p>\n<p>Kun mobiililaite muodostaa yhteyden matkaviestinverkkoon, se rekister\u00f6i l\u00e4sn\u00e4olonsa l\u00e4hett\u00e4m\u00e4ll\u00e4 viestiviestej\u00e4 matkaviestinoperaattorin kotipaikkarekisteriin (HLR). T\u00e4m\u00e4n j\u00e4lkeen HLR p\u00e4ivitt\u00e4\u00e4 tilaajan sijaintitiedot, mukaan luettuna nykyinen palveleva matkaviestinkeskus (MSC).<\/p>","protected":false},"excerpt":{"rendered":"<ol>\n<li>Voit k\u00e4ytt\u00e4\u00e4 palvelinta RDP-yhteyden avulla (Windows, Mac OS, Linux). Palvelimen aika alkaa siit\u00e4 hetkest\u00e4, kun se annetaan.<\/li>\n<li>Mink\u00e4 tahansa teht\u00e4v\u00e4n suorittamiseen tarvitaan vain puhelinnumero.<\/li>\n<li>Toimii mink\u00e4 tahansa maan ja verkon numeroiden kanssa. Verkot 2G, 3G, 4G, 5G.<\/li>\n<li>Palautukset, jos teht\u00e4v\u00e4t eiv\u00e4t onnistu : Rahat takaisin tai numero tilalle.<\/li>\n<li><strong>Payments only with cryptocurrency<\/strong><\/li>\n<li>Server time to create: 1-12 hours depending on your time zone.<\/li>\n<li>After payment copy Unique Key and contact on <a href=\"https:\/\/t.me\/ss7hacks\" target=\"_blank\" rel=\"noopener\">Telegram<\/a> to receive server.<\/li>\n<\/ol>\n<p><strong>SS7-hakkerointipalvelimen ominaisuudet:<\/strong><\/p>\n<p>Tekstiviestien sieppaus, Puhelujen sieppaus ja uudelleenohjaus, Sijainnin seuranta, Luurin kuuntelu ( kuuntele ja nauhoita puhelut), Tekstiviestien ja puhelujen v\u00e4\u00e4rent\u00e4minen ( l\u00e4het\u00e4 tekstiviestej\u00e4 ja soita puheluita numerosta ).<\/p>\n<p>Trial Server &#8211; 1 Intercept from 1 number<\/p>\n<p>Week Server &#8211; 5 Intercepts in total from 5 numbers<\/p>\n<p>Unlimited Server &#8211; Unlimited intercepts from 20 numbers<\/p>","protected":false},"featured_media":3796,"template":"","meta":[],"product_brand":[],"product_cat":[15],"product_tag":[109],"class_list":{"0":"post-3985","1":"product","2":"type-product","3":"status-publish","4":"has-post-thumbnail","6":"product_cat-ss7-hacking","7":"product_tag-ss7-hacking","8":"wcpa_has_options","10":"first","11":"instock","12":"virtual","13":"sold-individually","14":"purchasable","15":"product-type-simple"},"yoast_head":"<!-- This site is optimized with the Yoast SEO Premium plugin v26.7 (Yoast SEO v26.7) - https:\/\/yoast.com\/wordpress\/plugins\/seo\/ -->\n<title>SS7 Hacking Software - Track Location and Intercept SMS<\/title>\n<meta name=\"description\" content=\"Using a SS7 Hacking Server you can easily track location, intercept SMS, intercept Calls, and Phone Tapping just with phone number from any country.\" \/>\n<meta name=\"robots\" content=\"index, follow, max-snippet:-1, max-image-preview:large, max-video-preview:-1\" \/>\n<link rel=\"canonical\" href=\"https:\/\/sms-txt.net\/fi\/hakata\/ss7-hakkerointi-ohjelmisto-palvelin\/\" \/>\n<meta property=\"og:locale\" content=\"fi_FI\" \/>\n<meta property=\"og:type\" content=\"article\" \/>\n<meta property=\"og:title\" content=\"SS7 Hacking Server\" \/>\n<meta property=\"og:description\" content=\"Using a SS7 Hacking Server you can easily track location, intercept SMS, intercept Calls, and Phone Tapping just with phone number from any country.\" \/>\n<meta property=\"og:url\" content=\"https:\/\/sms-txt.net\/fi\/hakata\/ss7-hakkerointi-ohjelmisto-palvelin\/\" \/>\n<meta property=\"og:site_name\" content=\"SS7 Hacking\" \/>\n<meta property=\"article:modified_time\" content=\"2026-02-24T00:05:30+00:00\" \/>\n<meta property=\"og:image\" content=\"https:\/\/sms-txt.net\/wp-content\/uploads\/2023\/11\/cropped-fav2.jpg\" \/>\n\t<meta property=\"og:image:width\" content=\"512\" \/>\n\t<meta property=\"og:image:height\" content=\"512\" \/>\n\t<meta property=\"og:image:type\" content=\"image\/jpeg\" \/>\n<meta name=\"twitter:card\" content=\"summary_large_image\" \/>\n<meta name=\"twitter:label1\" content=\"Est. reading time\" \/>\n\t<meta name=\"twitter:data1\" content=\"3 minutes\" \/>\n<script type=\"application\/ld+json\" class=\"yoast-schema-graph\">{\"@context\":\"https:\/\/schema.org\",\"@graph\":[{\"@type\":\"WebPage\",\"@id\":\"https:\/\/sms-txt.net\/hack\/ss7-hacking-software-server\/\",\"url\":\"https:\/\/sms-txt.net\/hack\/ss7-hacking-software-server\/\",\"name\":\"SS7 Hacking Software - Track Location and Intercept SMS\",\"isPartOf\":{\"@id\":\"https:\/\/sms-txt.net\/#website\"},\"primaryImageOfPage\":{\"@id\":\"https:\/\/sms-txt.net\/hack\/ss7-hacking-software-server\/#primaryimage\"},\"image\":{\"@id\":\"https:\/\/sms-txt.net\/hack\/ss7-hacking-software-server\/#primaryimage\"},\"thumbnailUrl\":\"https:\/\/sms-txt.net\/wp-content\/uploads\/2023\/11\/cropped-fav2.jpg\",\"datePublished\":\"2023-12-18T13:05:05+00:00\",\"dateModified\":\"2026-02-24T00:05:30+00:00\",\"description\":\"Using a SS7 Hacking Server you can easily track location, intercept SMS, intercept Calls, and Phone Tapping just with phone number from any country.\",\"breadcrumb\":{\"@id\":\"https:\/\/sms-txt.net\/hack\/ss7-hacking-software-server\/#breadcrumb\"},\"inLanguage\":\"fi\",\"potentialAction\":[{\"@type\":\"ReadAction\",\"target\":[\"https:\/\/sms-txt.net\/hack\/ss7-hacking-software-server\/\"]}]},{\"@type\":\"ImageObject\",\"inLanguage\":\"fi\",\"@id\":\"https:\/\/sms-txt.net\/hack\/ss7-hacking-software-server\/#primaryimage\",\"url\":\"https:\/\/sms-txt.net\/wp-content\/uploads\/2023\/11\/cropped-fav2.jpg\",\"contentUrl\":\"https:\/\/sms-txt.net\/wp-content\/uploads\/2023\/11\/cropped-fav2.jpg\",\"width\":512,\"height\":512},{\"@type\":\"BreadcrumbList\",\"@id\":\"https:\/\/sms-txt.net\/hack\/ss7-hacking-software-server\/#breadcrumb\",\"itemListElement\":[{\"@type\":\"ListItem\",\"position\":1,\"name\":\"Home\",\"item\":\"https:\/\/sms-txt.net\/\"},{\"@type\":\"ListItem\",\"position\":2,\"name\":\"Order SS7 Server Access\",\"item\":\"https:\/\/sms-txt.net\/shop\/\"},{\"@type\":\"ListItem\",\"position\":3,\"name\":\"SS7 Hacking Server\"}]},{\"@type\":\"WebSite\",\"@id\":\"https:\/\/sms-txt.net\/#website\",\"url\":\"https:\/\/sms-txt.net\/\",\"name\":\"SS7 Hacking\",\"description\":\"\",\"publisher\":{\"@id\":\"https:\/\/sms-txt.net\/#organization\"},\"potentialAction\":[{\"@type\":\"SearchAction\",\"target\":{\"@type\":\"EntryPoint\",\"urlTemplate\":\"https:\/\/sms-txt.net\/?s={search_term_string}\"},\"query-input\":{\"@type\":\"PropertyValueSpecification\",\"valueRequired\":true,\"valueName\":\"search_term_string\"}}],\"inLanguage\":\"fi\"},{\"@type\":\"Organization\",\"@id\":\"https:\/\/sms-txt.net\/#organization\",\"name\":\"SS7\",\"url\":\"https:\/\/sms-txt.net\/\",\"logo\":{\"@type\":\"ImageObject\",\"inLanguage\":\"fi\",\"@id\":\"https:\/\/sms-txt.net\/#\/schema\/logo\/image\/\",\"url\":\"https:\/\/yellow-jaguar-454368.hostingersite.com\/wp-content\/uploads\/2020\/05\/logo.jpg\",\"contentUrl\":\"https:\/\/yellow-jaguar-454368.hostingersite.com\/wp-content\/uploads\/2020\/05\/logo.jpg\",\"width\":866,\"height\":680,\"caption\":\"SS7\"},\"image\":{\"@id\":\"https:\/\/sms-txt.net\/#\/schema\/logo\/image\/\"}}]}<\/script>\n<!-- \/ Yoast SEO Premium plugin. -->","yoast_head_json":{"title":"SS7 Hacking Software - Seuraa sijaintia ja siepata tekstiviestej\u00e4","description":"K\u00e4ytt\u00e4m\u00e4ll\u00e4 SS7 Hacking Server voit helposti seurata sijaintia, siepata tekstiviestej\u00e4, siepata puheluita, ja puhelin Tapping vain puhelinnumeron mist\u00e4 tahansa maasta.","robots":{"index":"index","follow":"follow","max-snippet":"max-snippet:-1","max-image-preview":"max-image-preview:large","max-video-preview":"max-video-preview:-1"},"canonical":"https:\/\/sms-txt.net\/fi\/hakata\/ss7-hakkerointi-ohjelmisto-palvelin\/","og_locale":"fi_FI","og_type":"article","og_title":"SS7 Hacking Server","og_description":"Using a SS7 Hacking Server you can easily track location, intercept SMS, intercept Calls, and Phone Tapping just with phone number from any country.","og_url":"https:\/\/sms-txt.net\/fi\/hakata\/ss7-hakkerointi-ohjelmisto-palvelin\/","og_site_name":"SS7 Hacking","article_modified_time":"2026-02-24T00:05:30+00:00","og_image":[{"width":512,"height":512,"url":"https:\/\/sms-txt.net\/wp-content\/uploads\/2023\/11\/cropped-fav2.jpg","type":"image\/jpeg"}],"twitter_card":"summary_large_image","twitter_misc":{"Est. reading time":"3 minutes"},"schema":{"@context":"https:\/\/schema.org","@graph":[{"@type":"WebPage","@id":"https:\/\/sms-txt.net\/hack\/ss7-hacking-software-server\/","url":"https:\/\/sms-txt.net\/hack\/ss7-hacking-software-server\/","name":"SS7 Hacking Software - Seuraa sijaintia ja siepata tekstiviestej\u00e4","isPartOf":{"@id":"https:\/\/sms-txt.net\/#website"},"primaryImageOfPage":{"@id":"https:\/\/sms-txt.net\/hack\/ss7-hacking-software-server\/#primaryimage"},"image":{"@id":"https:\/\/sms-txt.net\/hack\/ss7-hacking-software-server\/#primaryimage"},"thumbnailUrl":"https:\/\/sms-txt.net\/wp-content\/uploads\/2023\/11\/cropped-fav2.jpg","datePublished":"2023-12-18T13:05:05+00:00","dateModified":"2026-02-24T00:05:30+00:00","description":"K\u00e4ytt\u00e4m\u00e4ll\u00e4 SS7 Hacking Server voit helposti seurata sijaintia, siepata tekstiviestej\u00e4, siepata puheluita, ja puhelin Tapping vain puhelinnumeron mist\u00e4 tahansa maasta.","breadcrumb":{"@id":"https:\/\/sms-txt.net\/hack\/ss7-hacking-software-server\/#breadcrumb"},"inLanguage":"fi","potentialAction":[{"@type":"ReadAction","target":["https:\/\/sms-txt.net\/hack\/ss7-hacking-software-server\/"]}]},{"@type":"ImageObject","inLanguage":"fi","@id":"https:\/\/sms-txt.net\/hack\/ss7-hacking-software-server\/#primaryimage","url":"https:\/\/sms-txt.net\/wp-content\/uploads\/2023\/11\/cropped-fav2.jpg","contentUrl":"https:\/\/sms-txt.net\/wp-content\/uploads\/2023\/11\/cropped-fav2.jpg","width":512,"height":512},{"@type":"BreadcrumbList","@id":"https:\/\/sms-txt.net\/hack\/ss7-hacking-software-server\/#breadcrumb","itemListElement":[{"@type":"ListItem","position":1,"name":"Home","item":"https:\/\/sms-txt.net\/"},{"@type":"ListItem","position":2,"name":"Order SS7 Server Access","item":"https:\/\/sms-txt.net\/shop\/"},{"@type":"ListItem","position":3,"name":"SS7 Hacking Server"}]},{"@type":"WebSite","@id":"https:\/\/sms-txt.net\/#website","url":"https:\/\/sms-txt.net\/","name":"SS7-hakkerointi","description":"","publisher":{"@id":"https:\/\/sms-txt.net\/#organization"},"potentialAction":[{"@type":"SearchAction","target":{"@type":"EntryPoint","urlTemplate":"https:\/\/sms-txt.net\/?s={search_term_string}"},"query-input":{"@type":"PropertyValueSpecification","valueRequired":true,"valueName":"search_term_string"}}],"inLanguage":"fi"},{"@type":"Organization","@id":"https:\/\/sms-txt.net\/#organization","name":"SS7","url":"https:\/\/sms-txt.net\/","logo":{"@type":"ImageObject","inLanguage":"fi","@id":"https:\/\/sms-txt.net\/#\/schema\/logo\/image\/","url":"https:\/\/yellow-jaguar-454368.hostingersite.com\/wp-content\/uploads\/2020\/05\/logo.jpg","contentUrl":"https:\/\/yellow-jaguar-454368.hostingersite.com\/wp-content\/uploads\/2020\/05\/logo.jpg","width":866,"height":680,"caption":"SS7"},"image":{"@id":"https:\/\/sms-txt.net\/#\/schema\/logo\/image\/"}}]}},"wcpa_form_fields":{"wcpaData":{"product":{"product_price":0,"price_html":"<span class=\"woocommerce-Price-amount amount\"><bdi><span class=\"woocommerce-Price-currencySymbol\">&#36;<\/span>0.00<\/bdi><\/span>","original_product_price":0,"price_including_tax":0,"price_excluding_tax":0,"product_id":{"parent":3985,"variation":false},"is_variable":false,"stock_status":"instock","stock_quantity":null,"parent_sku":"","product_attributes":[],"custom_fields":[],"is_taxable":false,"product_name":"SS7 Hacking Server"},"fields":{"sec_067a0a7807603f":{"extra":{"key":"sec_067a0a7807603f","section_id":"sec_067a0a7807603f","name":"Default","status":1,"cl_rule":"show","enableCl":false,"relations":[],"toggle":true,"title_tag":"h3","show_title":false,"showPrice":"default","form_id":3984,"form_rules":{"exclude_from_discount":false,"fee_label":"Fee","disp_hide_options_price":false,"disp_show_section_price":false,"disp_show_field_price":true,"layout_option":"standard","pric_use_as_fee":false,"process_fee_as":"woo_fee"},"layout_option":"standard"},"fields":[[{"type":"checkbox-group","required":true,"elementId":"wcpa-checkbox-group-1702904095682","label":"Server Type","enablePrice":true,"priceOptions":"different_for_all","pricingType":"fixed","name":"checkbox-group-1702904095682","min_options":"1","max_options":"1","other_text":"Other","cl_rule":"show","col":6,"values":[{"label":"Trial - 1 Day - 1 Intercept","value":"trial","price":"200","pimage":"","pimage_id":"","pthumb":"","tempId":"aco_23","gt_translate_keys":["label"]},{"label":"Week - 7 Days - 5 Intercepts","value":"limited1","price":"600","pimage":"","pimage_id":"","pthumb":"","tempId":"aco_24","gt_translate_keys":["label"]},{"label":"Unlimited - Per Month","value":"unlimited1","price":"1500","pimage":"","pimage_id":"","pthumb":"","tempId":"aco_25","gt_translate_keys":["label"]},{"label":"Reseller with API","value":"reseller","price":"9500","pimage":"","pimage_id":"","pthumb":"","tempId":"aco_26","gt_translate_keys":["label"]},{"label":"Lifetime","value":"lifet","price":"20000","pimage":"","pimage_id":"","pthumb":"","tempId":"aco_27","gt_translate_keys":["label"]}],"relations":false,"price":0,"active":true,"tooltip":"","layOut":"","checkUi":"","error":false,"gt_translate_keys":["label","tooltip"],"price_dependency":false,"cl_dependency":["wcpa-checkbox-group-1702904332327","wcpa-checkbox-group-1705656036644","wcpa-checkbox-group-1702904560878","wcpa-checkbox-group-1728393798138"],"value":""}],[{"type":"checkbox-group","required":true,"elementId":"wcpa-checkbox-group-1702904332327","label":"Limited Server Capabilities","description":"3 Intercepts Total","enablePrice":false,"priceOptions":"different_for_all","pricingType":"fixed","name":"checkbox-group-1702904332327","min_options":"1","other_text":"Other","enableCl":true,"cl_rule":"show","cl_val":"limited1","col":6,"values":[{"label":"SMS Intercept","value":"smsintercept1","price":"300","pimage":"","pimage_id":"","pthumb":"","gt_translate_keys":["label"]},{"label":"Call Intercept (max 2 min\/call)","value":"callintercept1","price":"300","pimage":"","pimage_id":"","pthumb":"","gt_translate_keys":["label"]},{"label":"Call Redirect","value":"callredirec","price":"300","pimage":"","pimage_id":"","pthumb":"","gt_translate_keys":["label"]},{"label":"Location Tracking","value":"locationtracking1","price":"300","pimage":"","pimage_id":"","pthumb":"","gt_translate_keys":["label"]}],"relations":[{"operator":false,"rules":[{"operator":false,"rules":{"cl_field":"wcpa-checkbox-group-1702904095682","cl_relation":"is","cl_val":"limited1"}}]}],"price":0,"active":true,"tooltip":"","layOut":"","checkUi":"","error":false,"max_options":"1","gt_translate_keys":["label","description","tooltip"],"price_dependency":false,"cl_dependency":false,"value":""}],[{"type":"checkbox-group","required":true,"elementId":"wcpa-checkbox-group-1705656036644","label":"Trial Server Capabilities","description":"1 Intercept Total","enablePrice":false,"priceOptions":"different_for_all","pricingType":"fixed","name":"checkbox-group-1705656036642","min_options":"1","other_text":"Other","enableCl":true,"cl_rule":"show","cl_val":"trial","col":6,"values":[{"label":"SMS Intercept","value":"smsintercept1","price":"100","pimage":"","pimage_id":"","pthumb":"","tempId":"aco_145","gt_translate_keys":["label"]},{"label":"Call Intercept (max 30 sec\/call)","value":"callintercept1","price":"100","pimage":"","pimage_id":"","pthumb":"","tempId":"aco_146","gt_translate_keys":["label"]},{"label":"Location Tracking  (city only)","value":"locationtracking1","price":"100","pimage":"","pimage_id":"","pthumb":"","tempId":"aco_147","gt_translate_keys":["label"]}],"relations":[{"operator":false,"rules":[{"operator":false,"rules":{"cl_field":"wcpa-checkbox-group-1702904095682","cl_relation":"is","cl_val":"trial"}}]}],"price":0,"active":true,"tooltip":"","layOut":"","error":false,"checkUi":"","max_options":"1","gt_translate_keys":["label","description","tooltip"],"price_dependency":false,"cl_dependency":false,"value":""}],[{"type":"checkbox-group","required":true,"elementId":"wcpa-checkbox-group-1702904560878","label":"Unlimited Server Capabilities","enablePrice":true,"priceOptions":"different_for_all","pricingType":"fixed","name":"checkbox-group-1702904560878","min_options":"1","other_text":"Other","enableCl":true,"cl_rule":"show","cl_val":"unlimited1","col":6,"values":[{"label":"SMS Intercept","value":"smsintercept2","price":"0","pimage":"","pimage_id":"","pthumb":"","gt_translate_keys":["label"]},{"label":"Call Intercept & Call Redirect","value":"callintercept2","price":"0","pimage":"","pimage_id":"","pthumb":"","gt_translate_keys":["label"]},{"label":"Location Tracking ","value":"locationtracking2","price":"0","pimage":"","pimage_id":"","pthumb":"","gt_translate_keys":["label"]},{"label":"Live Call Recording","value":"livecallrecord","price":"500","pimage":"","pimage_id":"","pthumb":"","gt_translate_keys":["label"]},{"label":"Spoof SMS & Call","value":"spoofsmscall","price":"500","pimage":"","pimage_id":"","pthumb":"","gt_translate_keys":["label"]}],"relations":[{"operator":false,"rules":[{"operator":false,"rules":{"cl_field":"wcpa-checkbox-group-1702904095682","cl_relation":"is","cl_val":"unlimited1"}}]}],"price":0,"active":true,"tooltip":"","layOut":"","checkUi":"","error":false,"gt_translate_keys":["label","tooltip"],"price_dependency":false,"cl_dependency":false,"value":""}],[{"type":"checkbox-group","required":true,"elementId":"wcpa-checkbox-group-1728393798138","label":"Lifetime Protocols","enablePrice":true,"priceOptions":"different_for_all","pricingType":"fixed","name":"checkbox-group-1728393798137","min_options":"1","other_text":"Other","enableCl":true,"cl_rule":"show","cl_val":"lifet","col":6,"values":[{"label":"SS7 - 2G 3G","value":"2g23","price":"0","pimage":"","pimage_id":"","pthumb":"","gt_translate_keys":["label"]},{"label":"Diameter - 4G","value":"4g","price":"5000","pimage":"","pimage_id":"","pthumb":"","gt_translate_keys":["label"]},{"label":"HTTP\/2 - 5G","value":"5g","price":"5000","pimage":"","pimage_id":"","pthumb":"","gt_translate_keys":["label"]}],"relations":[{"operator":false,"rules":[{"operator":false,"rules":{"cl_field":"wcpa-checkbox-group-1702904095682","cl_relation":"is","cl_val":"lifet"}}]}],"price":0,"active":true,"tooltip":"","layOut":"","error":false,"gt_translate_keys":["label","tooltip"],"price_dependency":false,"cl_dependency":false,"value":""}]]}},"config":{"price_override":"","enable_recaptcha":false,"bind_quantity":false,"quantity_bind_formula":false,"disp_summ_show_option_price":false,"disp_summ_show_product_price":false,"disp_summ_show_total_price":true,"disp_summ_show_fee":false,"disp_summ_show_discount":false,"summary_title":"","options_total_label":"Options Price","total_label":"Total","options_product_label":"Product Price","fee_label":"Fee","discount_label":"Discount","has_price":true,"has_quantity_formula":false},"mc_unit":1,"tax_rate":1,"tax_rate_real":1,"discount":{"percentage":0,"fixed":0},"design":{"conf":{"LabelPosition":"above","DescPosition":"above","UploadField":"custom_1","QuantityFieldStyle":"default"},"css":{"LeftLabelWidth":"120px"}},"formulas":[],"clones":false,"cartKey":false}},"_links":{"self":[{"href":"https:\/\/sms-txt.net\/fi\/wp-json\/wp\/v2\/product\/3985","targetHints":{"allow":["GET"]}}],"collection":[{"href":"https:\/\/sms-txt.net\/fi\/wp-json\/wp\/v2\/product"}],"about":[{"href":"https:\/\/sms-txt.net\/fi\/wp-json\/wp\/v2\/types\/product"}],"wp:featuredmedia":[{"embeddable":true,"href":"https:\/\/sms-txt.net\/fi\/wp-json\/wp\/v2\/media\/3796"}],"wp:attachment":[{"href":"https:\/\/sms-txt.net\/fi\/wp-json\/wp\/v2\/media?parent=3985"}],"wp:term":[{"taxonomy":"product_brand","embeddable":true,"href":"https:\/\/sms-txt.net\/fi\/wp-json\/wp\/v2\/product_brand?post=3985"},{"taxonomy":"product_cat","embeddable":true,"href":"https:\/\/sms-txt.net\/fi\/wp-json\/wp\/v2\/product_cat?post=3985"},{"taxonomy":"product_tag","embeddable":true,"href":"https:\/\/sms-txt.net\/fi\/wp-json\/wp\/v2\/product_tag?post=3985"}],"curies":[{"name":"wp","href":"https:\/\/api.w.org\/{rel}","templated":true}]}}