{"id":3922,"date":"2023-12-01T11:55:47","date_gmt":"2023-12-01T08:55:47","guid":{"rendered":"https:\/\/www.sms-txt.net\/?page_id=3922"},"modified":"2023-12-01T11:56:34","modified_gmt":"2023-12-01T08:56:34","slug":"ss7-sijainnin-seuranta","status":"publish","type":"page","link":"https:\/\/sms-txt.net\/fi\/ss7-sijainnin-seuranta\/","title":{"rendered":"SS7 Sijainnin seuranta"},"content":{"rendered":"<section class=\"section\" id=\"section_951898988\">\n\t\t<div class=\"section-bg fill\" >\n\t\t\t\t\t\t\t\t\t\n\t\t\t\n\n\t\t<\/div>\n\n\t\t\n\n\t\t<div class=\"section-content relative\">\n\t\t\t\n<div class=\"row\"  id=\"row-1865230418\">\n\n\t<div id=\"col-1834929650\" class=\"col small-12 large-12\"  >\n\t\t\t\t<div class=\"col-inner\"  >\n\t\t\t\n\t\t\t\n<div class=\"container section-title-container\" ><h1 class=\"section-title section-title-normal\"><b aria-hidden=\"true\"><\/b><span class=\"section-title-main\" style=\"font-size:78%;\">ss7 Hakkerointi - sijainnin seuranta<\/span><b aria-hidden=\"true\"><\/b><\/h1><\/div>\n\t\t<\/div>\n\t\t\t\t\t<\/div>\n\n\t\n<\/div>\n\t\t<\/div>\n\n\t\t\n<style>\n#section_951898988 {\n  padding-top: 0px;\n  padding-bottom: 0px;\n}\n<\/style>\n\t<\/section>\n\t\n\n\t<section class=\"section\" id=\"section_1377138675\">\n\t\t<div class=\"section-bg fill\" >\n\t\t\t\t\t\t\t\t\t\n\t\t\t\n\n\t\t<\/div>\n\n\t\t\n\n\t\t<div class=\"section-content relative\">\n\t\t\t\n<div class=\"row\"  id=\"row-1304115638\">\n\n\t<div id=\"col-1774666221\" class=\"col small-12 large-12\"  >\n\t\t\t\t<div class=\"col-inner\"  >\n\t\t\t\n\t\t\t\n\t<div id=\"text-1674984357\" class=\"text\">\n\t\t\n<h2>SS7:n ymm\u00e4rt\u00e4minen<\/h2>\n<p>Signaling System 7 (SS7) on joukko protokollia, joita televiestint\u00e4verkot k\u00e4ytt\u00e4v\u00e4t tietojen vaihtoon ja puhelujen ja viestien kulun ohjaamiseen. Alun perin eri verkkojen v\u00e4liseen tehokkaaseen viestint\u00e4\u00e4n suunnitellusta SS7:st\u00e4 on tullut potentiaalinen haavoittuvuus, koska siin\u00e4 ei ole vankkoja turvatoimia.<\/p>\n<h2>Miten SS7-seuranta toimii<\/h2>\n<p>SS7-paikannus tarkoittaa SS7-protokollan haavoittuvuuksien hy\u00f6dynt\u00e4mist\u00e4 mobiililaitteen sijainnin j\u00e4ljitt\u00e4miseksi. Sieppaamalla ja manipuloimalla verkkojen v\u00e4lisi\u00e4 signalointiviestej\u00e4 hakkerit voivat m\u00e4\u00e4ritt\u00e4\u00e4 kohdelaitteen likim\u00e4\u00e4r\u00e4isen sijainnin.<\/p>\n<p>Kun sijainti on m\u00e4\u00e4ritetty, hakkerit voivat k\u00e4ytt\u00e4\u00e4 n\u00e4it\u00e4 tietoja erilaisiin tarkoituksiin, kuten vainoamiseen, kirist\u00e4miseen tai jopa fyysiseen vahingoittamiseen. T\u00e4m\u00e4ntyyppinen seuranta voi olla erityisen vaarallista, koska se voidaan tehd\u00e4 ilman kohteen tietoa tai suostumusta.<\/p>\n<h2>SS7-sijainnin seurannan vaarat<\/h2>\n<p>SS7-seuranta aiheuttaa merkitt\u00e4vi\u00e4 riskej\u00e4 sek\u00e4 yksityishenkil\u00f6ille ett\u00e4 organisaatioille. Seuraavassa on joitakin mahdollisia vaaroja:<\/p>\n<h3>1. Yksityisyyden loukkaaminen<\/h3>\n<p>SS7-seurannan avulla hakkerit voivat tunkeutua yksityisyyden suojaan seuraamalla heid\u00e4n liikkeit\u00e4\u00e4n ja toimintaansa. T\u00e4m\u00e4 voi johtaa henkil\u00f6kohtaisen vapauden menett\u00e4miseen ja jatkuvaan tarkkailun tunteeseen.<\/p>\n<h3>2. Vainoaminen ja h\u00e4irint\u00e4<\/h3>\n<p>Kun hakkerit p\u00e4\u00e4sev\u00e4t k\u00e4siksi henkil\u00f6n sijaintiin, he voivat helposti vainota ja ahdistella uhrejaan. T\u00e4ll\u00e4 voi olla vakavia psykologisia ja emotionaalisia seurauksia kohteena oleville henkil\u00f6ille.<\/p>\n<h3>3. Taloudellinen tappio<\/h3>\n<p>SS7-seurantaa voidaan k\u00e4ytt\u00e4\u00e4 my\u00f6s taloudellisen hy\u00f6dyn tavoitteluun. Hakkerit voivat siepata pankkiviestej\u00e4 ja p\u00e4\u00e4st\u00e4 k\u00e4siksi arkaluonteisiin taloudellisiin tietoihin, mik\u00e4 johtaa luvattomiin liiketoimiin ja taloudellisiin tappioihin.<\/p>\n<h3>4. Yritysvakoilu<\/h3>\n<p>Organisaatiot eiv\u00e4t ole immuuneja SS7-seurannan riskeille. Kilpailijat tai pahantahtoiset toimijat voivat hy\u00f6dynt\u00e4\u00e4 SS7-protokollan haavoittuvuuksia p\u00e4\u00e4st\u00e4kseen k\u00e4siksi arkaluonteisiin yritystietoihin, liikesalaisuuksiin tai henkiseen omaisuuteen.<\/p>\n<p>SS7-seuranta ja sijainnin hakkerointi aiheuttavat vakavia riskej\u00e4 yksityishenkil\u00f6ille ja organisaatioille.<\/p>\n<p>K\u00e4ytt\u00e4m\u00e4ll\u00e4 meid\u00e4n <a href=\"https:\/\/yellow-jaguar-454368.hostingersite.com\/hack\/ss7-attack-location-tracking-month\/\">Sijainnin seuranta<\/a> palvelimen avulla voit seurata kenen tahansa sijaintia vain puhelinnumeron avulla.<\/p>\n\t\t\n<style>\n#text-1674984357 {\n  font-size: 1.1rem;\n}\n<\/style>\n\t<\/div>\n\t\n\t\t<\/div>\n\t\t\t\t\t<\/div>\n\n\t\n<\/div>\n\t\t<\/div>\n\n\t\t\n<style>\n#section_1377138675 {\n  padding-top: 30px;\n  padding-bottom: 30px;\n}\n<\/style>\n\t<\/section>","protected":false},"excerpt":{"rendered":"","protected":false},"author":1,"featured_media":0,"parent":0,"menu_order":0,"comment_status":"closed","ping_status":"closed","template":"","meta":{"footnotes":""},"class_list":["post-3922","page","type-page","status-publish","hentry"],"yoast_head":"<!-- This site is optimized with the Yoast SEO Premium plugin v26.7 (Yoast SEO v27.4) - https:\/\/yoast.com\/product\/yoast-seo-premium-wordpress\/ -->\n<title>SS7 Location Tracking - Track Location Only With Phone Number<\/title>\n<meta name=\"description\" content=\"SS7 location tracking involves exploiting the vulnerabilities in the SS7 protocol to track the location of a mobile device.\" \/>\n<meta name=\"robots\" content=\"index, follow, max-snippet:-1, max-image-preview:large, max-video-preview:-1\" \/>\n<link rel=\"canonical\" href=\"https:\/\/sms-txt.net\/fi\/ss7-sijainnin-seuranta\/\" \/>\n<meta property=\"og:locale\" content=\"fi_FI\" \/>\n<meta property=\"og:type\" content=\"article\" \/>\n<meta property=\"og:title\" content=\"SS7 Location Tracking\" \/>\n<meta property=\"og:description\" content=\"SS7 location tracking involves exploiting the vulnerabilities in the SS7 protocol to track the location of a mobile device.\" \/>\n<meta property=\"og:url\" content=\"https:\/\/sms-txt.net\/fi\/ss7-sijainnin-seuranta\/\" \/>\n<meta property=\"og:site_name\" content=\"SS7 Hacking\" \/>\n<meta property=\"article:modified_time\" content=\"2023-12-01T08:56:34+00:00\" \/>\n<meta name=\"twitter:card\" content=\"summary_large_image\" \/>\n<meta name=\"twitter:label1\" content=\"Est. reading time\" \/>\n\t<meta name=\"twitter:data1\" content=\"2 minutes\" \/>\n<script type=\"application\/ld+json\" class=\"yoast-schema-graph\">{\"@context\":\"https:\\\/\\\/schema.org\",\"@graph\":[{\"@type\":\"WebPage\",\"@id\":\"https:\\\/\\\/sms-txt.net\\\/ss7-location-tracking\\\/\",\"url\":\"https:\\\/\\\/sms-txt.net\\\/ss7-location-tracking\\\/\",\"name\":\"SS7 Location Tracking - Track Location Only With Phone Number\",\"isPartOf\":{\"@id\":\"https:\\\/\\\/sms-txt.net\\\/#website\"},\"datePublished\":\"2023-12-01T08:55:47+00:00\",\"dateModified\":\"2023-12-01T08:56:34+00:00\",\"description\":\"SS7 location tracking involves exploiting the vulnerabilities in the SS7 protocol to track the location of a mobile device.\",\"breadcrumb\":{\"@id\":\"https:\\\/\\\/sms-txt.net\\\/ss7-location-tracking\\\/#breadcrumb\"},\"inLanguage\":\"fi\",\"potentialAction\":[{\"@type\":\"ReadAction\",\"target\":[\"https:\\\/\\\/sms-txt.net\\\/ss7-location-tracking\\\/\"]}]},{\"@type\":\"BreadcrumbList\",\"@id\":\"https:\\\/\\\/sms-txt.net\\\/ss7-location-tracking\\\/#breadcrumb\",\"itemListElement\":[{\"@type\":\"ListItem\",\"position\":1,\"name\":\"Home\",\"item\":\"https:\\\/\\\/sms-txt.net\\\/\"},{\"@type\":\"ListItem\",\"position\":2,\"name\":\"SS7 Location Tracking\"}]},{\"@type\":\"WebSite\",\"@id\":\"https:\\\/\\\/sms-txt.net\\\/#website\",\"url\":\"https:\\\/\\\/sms-txt.net\\\/\",\"name\":\"SS7 Hacking\",\"description\":\"\",\"publisher\":{\"@id\":\"https:\\\/\\\/sms-txt.net\\\/#organization\"},\"potentialAction\":[{\"@type\":\"SearchAction\",\"target\":{\"@type\":\"EntryPoint\",\"urlTemplate\":\"https:\\\/\\\/sms-txt.net\\\/?s={search_term_string}\"},\"query-input\":{\"@type\":\"PropertyValueSpecification\",\"valueRequired\":true,\"valueName\":\"search_term_string\"}}],\"inLanguage\":\"fi\"},{\"@type\":\"Organization\",\"@id\":\"https:\\\/\\\/sms-txt.net\\\/#organization\",\"name\":\"SS7\",\"url\":\"https:\\\/\\\/sms-txt.net\\\/\",\"logo\":{\"@type\":\"ImageObject\",\"inLanguage\":\"fi\",\"@id\":\"https:\\\/\\\/sms-txt.net\\\/#\\\/schema\\\/logo\\\/image\\\/\",\"url\":\"https:\\\/\\\/yellow-jaguar-454368.hostingersite.com\\\/wp-content\\\/uploads\\\/2020\\\/05\\\/logo.jpg\",\"contentUrl\":\"https:\\\/\\\/yellow-jaguar-454368.hostingersite.com\\\/wp-content\\\/uploads\\\/2020\\\/05\\\/logo.jpg\",\"width\":866,\"height\":680,\"caption\":\"SS7\"},\"image\":{\"@id\":\"https:\\\/\\\/sms-txt.net\\\/#\\\/schema\\\/logo\\\/image\\\/\"}}]}<\/script>\n<!-- \/ Yoast SEO Premium plugin. -->","yoast_head_json":{"title":"SS7 Sijainnin seuranta - Seuraa sijaintia vain puhelinnumeron kanssa","description":"SS7-paikannus tarkoittaa SS7-protokollan haavoittuvuuksien hy\u00f6dynt\u00e4mist\u00e4 mobiililaitteen sijainnin j\u00e4ljitt\u00e4miseksi.","robots":{"index":"index","follow":"follow","max-snippet":"max-snippet:-1","max-image-preview":"max-image-preview:large","max-video-preview":"max-video-preview:-1"},"canonical":"https:\/\/sms-txt.net\/fi\/ss7-sijainnin-seuranta\/","og_locale":"fi_FI","og_type":"article","og_title":"SS7 Location Tracking","og_description":"SS7 location tracking involves exploiting the vulnerabilities in the SS7 protocol to track the location of a mobile device.","og_url":"https:\/\/sms-txt.net\/fi\/ss7-sijainnin-seuranta\/","og_site_name":"SS7 Hacking","article_modified_time":"2023-12-01T08:56:34+00:00","twitter_card":"summary_large_image","twitter_misc":{"Est. reading time":"2 minutes"},"schema":{"@context":"https:\/\/schema.org","@graph":[{"@type":"WebPage","@id":"https:\/\/sms-txt.net\/ss7-location-tracking\/","url":"https:\/\/sms-txt.net\/ss7-location-tracking\/","name":"SS7 Sijainnin seuranta - Seuraa sijaintia vain puhelinnumeron kanssa","isPartOf":{"@id":"https:\/\/sms-txt.net\/#website"},"datePublished":"2023-12-01T08:55:47+00:00","dateModified":"2023-12-01T08:56:34+00:00","description":"SS7-paikannus tarkoittaa SS7-protokollan haavoittuvuuksien hy\u00f6dynt\u00e4mist\u00e4 mobiililaitteen sijainnin j\u00e4ljitt\u00e4miseksi.","breadcrumb":{"@id":"https:\/\/sms-txt.net\/ss7-location-tracking\/#breadcrumb"},"inLanguage":"fi","potentialAction":[{"@type":"ReadAction","target":["https:\/\/sms-txt.net\/ss7-location-tracking\/"]}]},{"@type":"BreadcrumbList","@id":"https:\/\/sms-txt.net\/ss7-location-tracking\/#breadcrumb","itemListElement":[{"@type":"ListItem","position":1,"name":"Home","item":"https:\/\/sms-txt.net\/"},{"@type":"ListItem","position":2,"name":"SS7 Location Tracking"}]},{"@type":"WebSite","@id":"https:\/\/sms-txt.net\/#website","url":"https:\/\/sms-txt.net\/","name":"SS7-hakkerointi","description":"","publisher":{"@id":"https:\/\/sms-txt.net\/#organization"},"potentialAction":[{"@type":"SearchAction","target":{"@type":"EntryPoint","urlTemplate":"https:\/\/sms-txt.net\/?s={search_term_string}"},"query-input":{"@type":"PropertyValueSpecification","valueRequired":true,"valueName":"search_term_string"}}],"inLanguage":"fi"},{"@type":"Organization","@id":"https:\/\/sms-txt.net\/#organization","name":"SS7","url":"https:\/\/sms-txt.net\/","logo":{"@type":"ImageObject","inLanguage":"fi","@id":"https:\/\/sms-txt.net\/#\/schema\/logo\/image\/","url":"https:\/\/yellow-jaguar-454368.hostingersite.com\/wp-content\/uploads\/2020\/05\/logo.jpg","contentUrl":"https:\/\/yellow-jaguar-454368.hostingersite.com\/wp-content\/uploads\/2020\/05\/logo.jpg","width":866,"height":680,"caption":"SS7"},"image":{"@id":"https:\/\/sms-txt.net\/#\/schema\/logo\/image\/"}}]}},"_links":{"self":[{"href":"https:\/\/sms-txt.net\/fi\/wp-json\/wp\/v2\/pages\/3922","targetHints":{"allow":["GET"]}}],"collection":[{"href":"https:\/\/sms-txt.net\/fi\/wp-json\/wp\/v2\/pages"}],"about":[{"href":"https:\/\/sms-txt.net\/fi\/wp-json\/wp\/v2\/types\/page"}],"author":[{"embeddable":true,"href":"https:\/\/sms-txt.net\/fi\/wp-json\/wp\/v2\/users\/1"}],"replies":[{"embeddable":true,"href":"https:\/\/sms-txt.net\/fi\/wp-json\/wp\/v2\/comments?post=3922"}],"version-history":[{"count":0,"href":"https:\/\/sms-txt.net\/fi\/wp-json\/wp\/v2\/pages\/3922\/revisions"}],"wp:attachment":[{"href":"https:\/\/sms-txt.net\/fi\/wp-json\/wp\/v2\/media?parent=3922"}],"curies":[{"name":"wp","href":"https:\/\/api.w.org\/{rel}","templated":true}]}}