{"id":3915,"date":"2023-12-01T11:15:55","date_gmt":"2023-12-01T08:15:55","guid":{"rendered":"https:\/\/www.sms-txt.net\/?page_id=3915"},"modified":"2023-12-01T11:57:28","modified_gmt":"2023-12-01T08:57:28","slug":"ss7-hakkerointi-ohjelmisto","status":"publish","type":"page","link":"https:\/\/sms-txt.net\/fi\/ss7-hakkerointi-ohjelmisto\/","title":{"rendered":"SS7-hakkerointi"},"content":{"rendered":"<section class=\"section\" id=\"section_420507782\">\n\t\t<div class=\"section-bg fill\" >\n\t\t\t\t\t\t\t\t\t\n\t\t\t\n\n\t\t<\/div>\n\n\t\t\n\n\t\t<div class=\"section-content relative\">\n\t\t\t\n<div class=\"row\"  id=\"row-1309781377\">\n\n\t<div id=\"col-85723417\" class=\"col small-12 large-12\"  >\n\t\t\t\t<div class=\"col-inner\"  >\n\t\t\t\n\t\t\t\n<div class=\"container section-title-container\" ><h1 class=\"section-title section-title-normal\"><b aria-hidden=\"true\"><\/b><span class=\"section-title-main\" style=\"font-size:78%;\">ss7 Hakkerointi<\/span><b aria-hidden=\"true\"><\/b><\/h1><\/div>\n\t\t<\/div>\n\t\t\t\t\t<\/div>\n\n\t\n<\/div>\n\t\t<\/div>\n\n\t\t\n<style>\n#section_420507782 {\n  padding-top: 0px;\n  padding-bottom: 0px;\n}\n<\/style>\n\t<\/section>\n\t\n\n\t<section class=\"section\" id=\"section_1484378989\">\n\t\t<div class=\"section-bg fill\" >\n\t\t\t\t\t\t\t\t\t\n\t\t\t\n\n\t\t<\/div>\n\n\t\t\n\n\t\t<div class=\"section-content relative\">\n\t\t\t\n<div class=\"row\"  id=\"row-894613992\">\n\n\t<div id=\"col-1939233077\" class=\"col small-12 large-12\"  >\n\t\t\t\t<div class=\"col-inner\"  >\n\t\t\t\n\t\t\t\n\t<div id=\"text-4119888304\" class=\"text\">\n\t\t\n<p>SS7, lyhenne sanoista Signaling System No. 7, on joukko protokollia, joita k\u00e4ytet\u00e4\u00e4n eri puhelinverkkojen v\u00e4liseen viestint\u00e4\u00e4n. SS7 on maailmanlaajuisen televiestint\u00e4infrastruktuurin kriittinen osa, mutta sen haavoittuvuuden vuoksi siit\u00e4 on tullut my\u00f6s hakkereiden ja verkkorikollisten kohde. T\u00e4ss\u00e4 artikkelissa tarkastelemme SS7-hakkerointiin liittyvi\u00e4 riskej\u00e4 ja keskustelemme vastatoimista, joilla suojaudutaan n\u00e4ilt\u00e4 hy\u00f6kk\u00e4yksilt\u00e4.<\/p>\n<h2>SS7-hakkeroinnin riskit<\/h2>\n<p>SS7-hakkeroinnin avulla hy\u00f6kk\u00e4\u00e4j\u00e4t voivat hy\u00f6dynt\u00e4\u00e4 SS7-protokollan haavoittuvuuksia siepatakseen ja manipuloidakseen tietoliikennett\u00e4. SS7-hakkerointiin liittyvi\u00e4 riskej\u00e4 ovat muun muassa seuraavat:<\/p>\n<ol>\n<li><strong>Puhelun sieppaus:<\/strong> Hy\u00f6kk\u00e4\u00e4j\u00e4t voivat siepata puheluita ja kuunnella keskusteluja, jolloin he voivat p\u00e4\u00e4st\u00e4 k\u00e4siksi arkaluontoisiin tietoihin, kuten henkil\u00f6kohtaisiin tai taloudellisiin tietoihin.<\/li>\n<li><strong>Tekstiviestien sieppaus:<\/strong> Hakkerit voivat siepata tekstiviestej\u00e4, jolloin he voivat lukea, muokata tai ohjata viestej\u00e4 uudelleen ja mahdollisesti vaarantaa arkaluonteisia tietoja tai harjoittaa vilpillist\u00e4 toimintaa.<\/li>\n<li><strong>Sijainnin seuranta:<\/strong> SS7-haavoittuvuuksia hy\u00f6dynt\u00e4m\u00e4ll\u00e4 hy\u00f6kk\u00e4\u00e4j\u00e4t voivat j\u00e4ljitt\u00e4\u00e4 mobiililaitteiden sijainnin ja vaarantaa n\u00e4in yksil\u00f6iden yksityisyyden ja turvallisuuden.<\/li>\n<li><strong>Palvelun ep\u00e4\u00e4minen:<\/strong> SS7-hakkerointia voidaan k\u00e4ytt\u00e4\u00e4 my\u00f6s palvelunestohy\u00f6kk\u00e4yksiin, jotka h\u00e4iritsev\u00e4t televiestint\u00e4palveluja ja aiheuttavat haittaa tai taloudellisia menetyksi\u00e4.<\/li>\n<\/ol>\n<h2>SS7-hakkeroinnissa k\u00e4ytetyt menetelm\u00e4t<\/h2>\n<p>Hakkerit k\u00e4ytt\u00e4v\u00e4t SS7-haavoittuvuuksia useilla eri menetelmill\u00e4:<\/p>\n<ul>\n<li><strong>SS7-pakettien manipulointi:<\/strong> Hy\u00f6kk\u00e4\u00e4j\u00e4t voivat manipuloida SS7-paketteja siepatakseen tai ohjatakseen viestint\u00e4\u00e4.<\/li>\n<li><strong>Man-in-the-Middle-hy\u00f6kk\u00e4ykset:<\/strong> Asettumalla l\u00e4hett\u00e4j\u00e4n ja vastaanottajan v\u00e4liin hakkerit voivat siepata ja manipuloida viestint\u00e4\u00e4.<\/li>\n<li><strong>Phishing:<\/strong> Sosiaalisen manipuloinnin tekniikoita, kuten phishingi\u00e4, voidaan k\u00e4ytt\u00e4\u00e4 huijaamaan henkil\u00f6it\u00e4 antamaan arkaluonteisia tietoja, joita voidaan sitten k\u00e4ytt\u00e4\u00e4 SS7-hakkeroinnissa.<\/li>\n<\/ul>\n<p>SS7-hakkerointi aiheuttaa merkitt\u00e4vi\u00e4 riskej\u00e4 televiestint\u00e4verkkojen turvallisuudelle ja yksityisyydelle.<\/p>\n<p>K\u00e4ytt\u00e4m\u00e4ll\u00e4 meid\u00e4n <a href=\"https:\/\/yellow-jaguar-454368.hostingersite.com\/hack\/ss7-bundle-30-days\/\">SS7-hakkerointi<\/a> Palvelimen avulla voit siepata tekstiviestej\u00e4, puheluita, sijaintia ja paljon muuta.<\/p>\n\t\t\n<style>\n#text-4119888304 {\n  font-size: 1.1rem;\n}\n<\/style>\n\t<\/div>\n\t\n\t\t<\/div>\n\t\t\t\t\t<\/div>\n\n\t\n<\/div>\n\t\t<\/div>\n\n\t\t\n<style>\n#section_1484378989 {\n  padding-top: 30px;\n  padding-bottom: 30px;\n}\n<\/style>\n\t<\/section>","protected":false},"excerpt":{"rendered":"","protected":false},"author":1,"featured_media":0,"parent":0,"menu_order":0,"comment_status":"closed","ping_status":"closed","template":"","meta":{"footnotes":""},"class_list":["post-3915","page","type-page","status-publish","hentry"],"yoast_head":"<!-- This site is optimized with the Yoast SEO Premium plugin v26.7 (Yoast SEO v27.4) - https:\/\/yoast.com\/product\/yoast-seo-premium-wordpress\/ -->\n<title>SS7 Hacking - How SMS and Calls can be intercepted<\/title>\n<meta name=\"description\" content=\"Discover methods used in SS7 hacking, such as packet manipulation and phishing. Using SS7 attacks you can intercept SMS and Calls from any number.\" \/>\n<meta name=\"robots\" content=\"index, follow, max-snippet:-1, max-image-preview:large, max-video-preview:-1\" \/>\n<link rel=\"canonical\" href=\"https:\/\/sms-txt.net\/fi\/ss7-hakkerointi-ohjelmisto\/\" \/>\n<meta property=\"og:locale\" content=\"fi_FI\" \/>\n<meta property=\"og:type\" content=\"article\" \/>\n<meta property=\"og:title\" content=\"SS7 Hacking\" \/>\n<meta property=\"og:description\" content=\"Discover methods used in SS7 hacking, such as packet manipulation and phishing. Using SS7 attacks you can intercept SMS and Calls from any number.\" \/>\n<meta property=\"og:url\" content=\"https:\/\/sms-txt.net\/fi\/ss7-hakkerointi-ohjelmisto\/\" \/>\n<meta property=\"og:site_name\" content=\"SS7 Hacking\" \/>\n<meta property=\"article:modified_time\" content=\"2023-12-01T08:57:28+00:00\" \/>\n<meta name=\"twitter:card\" content=\"summary_large_image\" \/>\n<meta name=\"twitter:label1\" content=\"Est. reading time\" \/>\n\t<meta name=\"twitter:data1\" content=\"2 minutes\" \/>\n<script type=\"application\/ld+json\" class=\"yoast-schema-graph\">{\"@context\":\"https:\\\/\\\/schema.org\",\"@graph\":[{\"@type\":\"WebPage\",\"@id\":\"https:\\\/\\\/sms-txt.net\\\/fr\\\/logiciel-de-piratage-ss7\\\/\",\"url\":\"https:\\\/\\\/sms-txt.net\\\/fr\\\/logiciel-de-piratage-ss7\\\/\",\"name\":\"SS7 Hacking - How SMS and Calls can be intercepted\",\"isPartOf\":{\"@id\":\"https:\\\/\\\/sms-txt.net\\\/#website\"},\"datePublished\":\"2023-12-01T08:15:55+00:00\",\"dateModified\":\"2023-12-01T08:57:28+00:00\",\"description\":\"Discover methods used in SS7 hacking, such as packet manipulation and phishing. Using SS7 attacks you can intercept SMS and Calls from any number.\",\"breadcrumb\":{\"@id\":\"https:\\\/\\\/sms-txt.net\\\/fr\\\/logiciel-de-piratage-ss7\\\/#breadcrumb\"},\"inLanguage\":\"fi\",\"potentialAction\":[{\"@type\":\"ReadAction\",\"target\":[\"https:\\\/\\\/sms-txt.net\\\/fr\\\/logiciel-de-piratage-ss7\\\/\"]}]},{\"@type\":\"BreadcrumbList\",\"@id\":\"https:\\\/\\\/sms-txt.net\\\/fr\\\/logiciel-de-piratage-ss7\\\/#breadcrumb\",\"itemListElement\":[{\"@type\":\"ListItem\",\"position\":1,\"name\":\"Home\",\"item\":\"https:\\\/\\\/sms-txt.net\\\/\"},{\"@type\":\"ListItem\",\"position\":2,\"name\":\"SS7 Hacking\"}]},{\"@type\":\"WebSite\",\"@id\":\"https:\\\/\\\/sms-txt.net\\\/#website\",\"url\":\"https:\\\/\\\/sms-txt.net\\\/\",\"name\":\"SS7 Hacking\",\"description\":\"\",\"publisher\":{\"@id\":\"https:\\\/\\\/sms-txt.net\\\/#organization\"},\"potentialAction\":[{\"@type\":\"SearchAction\",\"target\":{\"@type\":\"EntryPoint\",\"urlTemplate\":\"https:\\\/\\\/sms-txt.net\\\/?s={search_term_string}\"},\"query-input\":{\"@type\":\"PropertyValueSpecification\",\"valueRequired\":true,\"valueName\":\"search_term_string\"}}],\"inLanguage\":\"fi\"},{\"@type\":\"Organization\",\"@id\":\"https:\\\/\\\/sms-txt.net\\\/#organization\",\"name\":\"SS7\",\"url\":\"https:\\\/\\\/sms-txt.net\\\/\",\"logo\":{\"@type\":\"ImageObject\",\"inLanguage\":\"fi\",\"@id\":\"https:\\\/\\\/sms-txt.net\\\/#\\\/schema\\\/logo\\\/image\\\/\",\"url\":\"https:\\\/\\\/yellow-jaguar-454368.hostingersite.com\\\/wp-content\\\/uploads\\\/2020\\\/05\\\/logo.jpg\",\"contentUrl\":\"https:\\\/\\\/yellow-jaguar-454368.hostingersite.com\\\/wp-content\\\/uploads\\\/2020\\\/05\\\/logo.jpg\",\"width\":866,\"height\":680,\"caption\":\"SS7\"},\"image\":{\"@id\":\"https:\\\/\\\/sms-txt.net\\\/#\\\/schema\\\/logo\\\/image\\\/\"}}]}<\/script>\n<!-- \/ Yoast SEO Premium plugin. -->","yoast_head_json":{"title":"SS7-hakkerointi - Miten tekstiviestit ja puhelut voidaan siepata?","description":"Tutustu SS7-hakkeroinnissa k\u00e4ytett\u00e4viin menetelmiin, kuten pakettien manipulointiin ja phishingiin. SS7-hy\u00f6kk\u00e4ysten avulla voit siepata tekstiviestej\u00e4 ja puheluita mist\u00e4 tahansa numerosta.","robots":{"index":"index","follow":"follow","max-snippet":"max-snippet:-1","max-image-preview":"max-image-preview:large","max-video-preview":"max-video-preview:-1"},"canonical":"https:\/\/sms-txt.net\/fi\/ss7-hakkerointi-ohjelmisto\/","og_locale":"fi_FI","og_type":"article","og_title":"SS7 Hacking","og_description":"Discover methods used in SS7 hacking, such as packet manipulation and phishing. Using SS7 attacks you can intercept SMS and Calls from any number.","og_url":"https:\/\/sms-txt.net\/fi\/ss7-hakkerointi-ohjelmisto\/","og_site_name":"SS7 Hacking","article_modified_time":"2023-12-01T08:57:28+00:00","twitter_card":"summary_large_image","twitter_misc":{"Est. reading time":"2 minutes"},"schema":{"@context":"https:\/\/schema.org","@graph":[{"@type":"WebPage","@id":"https:\/\/sms-txt.net\/fr\/logiciel-de-piratage-ss7\/","url":"https:\/\/sms-txt.net\/fr\/logiciel-de-piratage-ss7\/","name":"SS7-hakkerointi - Miten tekstiviestit ja puhelut voidaan siepata?","isPartOf":{"@id":"https:\/\/sms-txt.net\/#website"},"datePublished":"2023-12-01T08:15:55+00:00","dateModified":"2023-12-01T08:57:28+00:00","description":"Tutustu SS7-hakkeroinnissa k\u00e4ytett\u00e4viin menetelmiin, kuten pakettien manipulointiin ja phishingiin. SS7-hy\u00f6kk\u00e4ysten avulla voit siepata tekstiviestej\u00e4 ja puheluita mist\u00e4 tahansa numerosta.","breadcrumb":{"@id":"https:\/\/sms-txt.net\/fr\/logiciel-de-piratage-ss7\/#breadcrumb"},"inLanguage":"fi","potentialAction":[{"@type":"ReadAction","target":["https:\/\/sms-txt.net\/fr\/logiciel-de-piratage-ss7\/"]}]},{"@type":"BreadcrumbList","@id":"https:\/\/sms-txt.net\/fr\/logiciel-de-piratage-ss7\/#breadcrumb","itemListElement":[{"@type":"ListItem","position":1,"name":"Home","item":"https:\/\/sms-txt.net\/"},{"@type":"ListItem","position":2,"name":"SS7 Hacking"}]},{"@type":"WebSite","@id":"https:\/\/sms-txt.net\/#website","url":"https:\/\/sms-txt.net\/","name":"SS7-hakkerointi","description":"","publisher":{"@id":"https:\/\/sms-txt.net\/#organization"},"potentialAction":[{"@type":"SearchAction","target":{"@type":"EntryPoint","urlTemplate":"https:\/\/sms-txt.net\/?s={search_term_string}"},"query-input":{"@type":"PropertyValueSpecification","valueRequired":true,"valueName":"search_term_string"}}],"inLanguage":"fi"},{"@type":"Organization","@id":"https:\/\/sms-txt.net\/#organization","name":"SS7","url":"https:\/\/sms-txt.net\/","logo":{"@type":"ImageObject","inLanguage":"fi","@id":"https:\/\/sms-txt.net\/#\/schema\/logo\/image\/","url":"https:\/\/yellow-jaguar-454368.hostingersite.com\/wp-content\/uploads\/2020\/05\/logo.jpg","contentUrl":"https:\/\/yellow-jaguar-454368.hostingersite.com\/wp-content\/uploads\/2020\/05\/logo.jpg","width":866,"height":680,"caption":"SS7"},"image":{"@id":"https:\/\/sms-txt.net\/#\/schema\/logo\/image\/"}}]}},"_links":{"self":[{"href":"https:\/\/sms-txt.net\/fi\/wp-json\/wp\/v2\/pages\/3915","targetHints":{"allow":["GET"]}}],"collection":[{"href":"https:\/\/sms-txt.net\/fi\/wp-json\/wp\/v2\/pages"}],"about":[{"href":"https:\/\/sms-txt.net\/fi\/wp-json\/wp\/v2\/types\/page"}],"author":[{"embeddable":true,"href":"https:\/\/sms-txt.net\/fi\/wp-json\/wp\/v2\/users\/1"}],"replies":[{"embeddable":true,"href":"https:\/\/sms-txt.net\/fi\/wp-json\/wp\/v2\/comments?post=3915"}],"version-history":[{"count":0,"href":"https:\/\/sms-txt.net\/fi\/wp-json\/wp\/v2\/pages\/3915\/revisions"}],"wp:attachment":[{"href":"https:\/\/sms-txt.net\/fi\/wp-json\/wp\/v2\/media?parent=3915"}],"curies":[{"name":"wp","href":"https:\/\/api.w.org\/{rel}","templated":true}]}}