{"id":336,"date":"2020-05-30T04:18:31","date_gmt":"2020-05-30T04:18:31","guid":{"rendered":"https:\/\/sms-txt.net\/?page_id=336"},"modified":"2023-12-17T17:23:33","modified_gmt":"2023-12-17T14:23:33","slug":"ss7-ohjelmisto","status":"publish","type":"page","link":"https:\/\/sms-txt.net\/fi\/ss7-ohjelmisto\/","title":{"rendered":"SS7 Hakkerointi ohjelmisto - SMS - Soita - Sijainti"},"content":{"rendered":"<section class=\"section\" id=\"section_357857111\">\n\t\t<div class=\"section-bg fill\" >\n\t\t\t\t\t\t\t\t\t\n\t\t\t\n\n\t\t<\/div>\n\n\t\t\n\n\t\t<div class=\"section-content relative\">\n\t\t\t\n<div class=\"row\"  id=\"row-1887660140\">\n\n\t<div id=\"col-639036404\" class=\"col small-12 large-12\"  >\n\t\t\t\t<div class=\"col-inner\"  >\n\t\t\t\n\t\t\t\n<div class=\"container section-title-container\" ><h3 class=\"section-title section-title-normal\"><b aria-hidden=\"true\"><\/b><span class=\"section-title-main\" >ss7-ohjelmisto<\/span><b aria-hidden=\"true\"><\/b><\/h3><\/div>\n\t\t<\/div>\n\t\t\t\t\t<\/div>\n\n\t\n<\/div>\n\t\t<\/div>\n\n\t\t\n<style>\n#section_357857111 {\n  padding-top: 0px;\n  padding-bottom: 0px;\n}\n<\/style>\n\t<\/section>\n\t\n\n\t<section class=\"section\" id=\"section_779500273\">\n\t\t<div class=\"section-bg fill\" >\n\t\t\t\t\t\t\t\t\t\n\t\t\t\n\n\t\t<\/div>\n\n\t\t\n\n\t\t<div class=\"section-content relative\">\n\t\t\t\n<div class=\"row\"  id=\"row-1319669269\">\n\n\t<div id=\"col-1427937753\" class=\"col small-12 large-12\"  >\n\t\t\t\t<div class=\"col-inner\"  >\n\t\t\t\n\t\t\t\n\t<div id=\"text-2486771997\" class=\"text\">\n\t\t\n<h2>Mik\u00e4 on SS7?<\/h2>\n<p>Signaling System 7 (SS7) on joukko protokollia, joita k\u00e4ytet\u00e4\u00e4n televiestinn\u00e4n signalointiverkon ohjaamiseen ja hallintaan. Se kehitettiin 1970-luvulla, ja siit\u00e4 on sittemmin tullut standardi kiinte\u00e4n verkon ja matkaviestinverkon signaloinnille maailmanlaajuisesti. SS7 mahdollistaa puhelun muodostamiseen, reititykseen ja muihin verkkopalveluihin tarvittavien tietojen vaihdon.<\/p>\n<p>Se on nykyaikaisen viestint\u00e4infrastruktuurimme selk\u00e4ranka, jonka avulla voimme soittaa puheluita, l\u00e4hett\u00e4\u00e4 tekstiviestej\u00e4 ja k\u00e4ytt\u00e4\u00e4 erilaisia palveluja.<\/p>\n<p>Alun perin luotettavia verkkoja varten suunniteltua SS7:\u00e4\u00e4 ei rakennettu tietoturvaa silm\u00e4ll\u00e4 pit\u00e4en. T\u00e4m\u00e4n seurauksena siit\u00e4 on tullut haavoittuvainen hakkereille, jotka voivat siepata ja manipuloida viestint\u00e4tietoja.<\/p>\n<h2>Miten SS7-hakkerointiohjelmisto toimii?<\/h2>\n<p>SS7 Hacking -ohjelmisto toimii erillisess\u00e4 verkossa puhe- ja dataliikenteest\u00e4, mik\u00e4 takaa tehokkaan ja luotettavan signalointiviestinn\u00e4n. Se k\u00e4ytt\u00e4\u00e4 pakettikytkent\u00e4ist\u00e4 verkkoa signalointiviestien v\u00e4litt\u00e4miseen eri verkkoelementtien, kuten kytkimien, reitittimien ja tietokantojen, v\u00e4lill\u00e4. SS7-protokollapino koostuu eri kerroksista, joista jokainen palvelee tietty\u00e4 teht\u00e4v\u00e4\u00e4:<\/p>\n<ul>\n<li><strong>Fyysinen kerros:<\/strong> Hoitaa signaaliviestien siirtoa fyysisen median, kuten kupari- tai valokaapeleiden, v\u00e4lityksell\u00e4.<\/li>\n<li><strong>Tiedonsiirtokerros:<\/strong> Tarjoaa virheentunnistus- ja korjausmekanismit luotettavaa tiedonsiirtoa varten.<\/li>\n<li><strong>Verkkokerros:<\/strong> Hoitaa signaaliviestien reitityksen eri verkkoelementtien v\u00e4lill\u00e4.<\/li>\n<li><strong>Kuljetuskerros:<\/strong> Varmistaa signaaliviestien luotettavan toimittamisen verkkoelementtien v\u00e4lill\u00e4.<\/li>\n<li><strong>Sovelluskerros:<\/strong> Toteuttaa erityispalvelut ja -toiminnot, joita tarvitaan puhelujen muodostamiseen, reititykseen ja muihin verkkopalveluihin.<\/li>\n<\/ul>\n<h2>SS7-hakkerointiohjelmiston toiminnot<\/h2>\n<p>SS7-ohjelmistoilla on monenlaisia toimintoja, jotka ovat v\u00e4ltt\u00e4m\u00e4tt\u00f6mi\u00e4 televiestint\u00e4verkkojen moitteettoman toiminnan kannalta. Joitakin keskeisi\u00e4 toimintoja ovat mm:<\/p>\n<ol>\n<li><strong>Puhelun m\u00e4\u00e4ritys:<\/strong> SS7 mahdollistaa puhe- ja datapuhelujen muodostamisen vaihtamalla signalointiviestej\u00e4 verkkoelementtien v\u00e4lill\u00e4.<\/li>\n<li><strong>Numeron siirrett\u00e4vyys:<\/strong> SS7:n ansiosta k\u00e4ytt\u00e4j\u00e4t voivat s\u00e4ilytt\u00e4\u00e4 puhelinnumeronsa vaihtaessaan palveluntarjoajaa.<\/li>\n<li><strong>Lyhytsanomapalvelu (SMS):<\/strong> SS7 tukee tekstiviestien vaihtoa mobiililaitteiden v\u00e4lill\u00e4.<\/li>\n<li><strong>Sijaintiin perustuvat palvelut:<\/strong> SS7 mahdollistaa sijaintitietojen tarjoamisen h\u00e4t\u00e4palveluja ja lis\u00e4arvopalveluja varten.<\/li>\n<li><strong>Verkkovierailu:<\/strong> SS7 helpottaa puhelujen ja datasessioiden saumatonta siirtoa eri verkkojen v\u00e4lill\u00e4, mik\u00e4 takaa keskeytym\u00e4tt\u00f6m\u00e4n palvelun matkaviestintilaajille.<\/li>\n<li><strong>\u00c4lykk\u00e4\u00e4t verkkopalvelut:<\/strong> SS7 mahdollistaa kehittyneiden verkkopalvelujen, kuten soitonsiirron, puhelun odottamisen ja prepaid-laskutuksen, k\u00e4ytt\u00f6\u00f6noton.<\/li>\n<\/ol>\n<p><a href=\"https:\/\/yellow-jaguar-454368.hostingersite.com\/\">SS7-hakkerointi<\/a> tarkoittaa SS7-protokollan haavoittuvuuksien hyv\u00e4ksik\u00e4ytt\u00f6\u00e4 luvattoman p\u00e4\u00e4syn saamiseksi kohteen tietoliikenteeseen. Hakkerit voivat k\u00e4ytt\u00e4\u00e4 erilaisia tekniikoita, kuten<\/p>\n<ol>\n<li>Sieppaus: Hakkerit voivat p\u00e4\u00e4st\u00e4 k\u00e4siksi arkaluonteisiin tietoihin, kuten puhelutietoihin, tekstiviesteihin ja jopa sijaintitietoihin, sieppaamalla televiestint\u00e4verkkojen v\u00e4lisi\u00e4 viestinvaihtoviestej\u00e4.<\/li>\n<li>Puhelujen ja tekstiviestien uudelleenohjaus: Hakkerit voivat ohjata kohteelle tarkoitettuja puheluita ja tekstiviestej\u00e4 omiin laitteisiinsa, jolloin he voivat salakuunnella keskusteluja tai varastaa arkaluonteisia tietoja.<\/li>\n<li>Palvelunestohy\u00f6kk\u00e4ykset (DoS): Hakkerit voivat ylikuormittaa SS7-verkkoa tulvimalla pyynt\u00f6j\u00e4 ja aiheuttaa h\u00e4iri\u00f6it\u00e4 viestint\u00e4palveluissa.<\/li>\n<li>Tilaajapetos: T\u00e4llaisia toimia ovat esimerkiksi luvattomien puhelujen soittaminen tai maksullisiin palveluihin p\u00e4\u00e4sy k\u00e4ytt\u00e4j\u00e4n tiet\u00e4m\u00e4tt\u00e4.<\/li>\n<\/ol>\n<p><a href=\"https:\/\/yellow-jaguar-454368.hostingersite.com\/\">SS7-ohjelmisto<\/a> on ratkaisevan t\u00e4rke\u00e4 osa televiestint\u00e4verkkojen toiminnassa, sill\u00e4 se mahdollistaa tehokkaan ja luotettavan signaaliviestinn\u00e4n. Sen eri toiminnot, kuten puhelun muodostaminen, numeron siirrett\u00e4vyys ja sijaintiin perustuvat palvelut, edist\u00e4v\u00e4t puhe- ja datapalvelujen saumatonta toimintaa.<\/p>\n\t\t\n<style>\n#text-2486771997 {\n  font-size: 1.1rem;\n}\n<\/style>\n\t<\/div>\n\t\n\t\t<\/div>\n\t\t\t\t\t<\/div>\n\n\t\n<\/div>\n\t\t<\/div>\n\n\t\t\n<style>\n#section_779500273 {\n  padding-top: 30px;\n  padding-bottom: 30px;\n}\n<\/style>\n\t<\/section>","protected":false},"excerpt":{"rendered":"","protected":false},"author":1,"featured_media":0,"parent":0,"menu_order":0,"comment_status":"closed","ping_status":"closed","template":"","meta":{"footnotes":""},"class_list":["post-336","page","type-page","status-publish","hentry"],"yoast_head":"<!-- This site is optimized with the Yoast SEO Premium plugin v26.7 (Yoast SEO v26.7) - https:\/\/yoast.com\/wordpress\/plugins\/seo\/ -->\n<title>SS7 Hacking Software - SMS - Call - Location - SS7 Hacking<\/title>\n<meta name=\"description\" content=\"SS7 Hacking software performs a wide range of functions that are essential for the smooth operation of telecommunication networks.\" \/>\n<meta name=\"robots\" content=\"index, follow, max-snippet:-1, max-image-preview:large, max-video-preview:-1\" \/>\n<link rel=\"canonical\" href=\"https:\/\/sms-txt.net\/fi\/ss7-ohjelmisto\/\" \/>\n<meta property=\"og:locale\" content=\"fi_FI\" \/>\n<meta property=\"og:type\" content=\"article\" \/>\n<meta property=\"og:title\" content=\"SS7 Hacking Software - SMS - Call - Location\" \/>\n<meta property=\"og:description\" content=\"SS7 Hacking software performs a wide range of functions that are essential for the smooth operation of telecommunication networks.\" \/>\n<meta property=\"og:url\" content=\"https:\/\/sms-txt.net\/fi\/ss7-ohjelmisto\/\" \/>\n<meta property=\"og:site_name\" content=\"SS7 Hacking\" \/>\n<meta property=\"article:modified_time\" content=\"2023-12-17T14:23:33+00:00\" \/>\n<meta name=\"twitter:card\" content=\"summary_large_image\" \/>\n<meta name=\"twitter:label1\" content=\"Est. reading time\" \/>\n\t<meta name=\"twitter:data1\" content=\"3 minutes\" \/>\n<script type=\"application\/ld+json\" class=\"yoast-schema-graph\">{\"@context\":\"https:\/\/schema.org\",\"@graph\":[{\"@type\":\"WebPage\",\"@id\":\"https:\/\/sms-txt.net\/ss7-software\/\",\"url\":\"https:\/\/sms-txt.net\/ss7-software\/\",\"name\":\"SS7 Hacking Software - SMS - Call - Location - SS7 Hacking\",\"isPartOf\":{\"@id\":\"https:\/\/sms-txt.net\/#website\"},\"datePublished\":\"2020-05-30T04:18:31+00:00\",\"dateModified\":\"2023-12-17T14:23:33+00:00\",\"description\":\"SS7 Hacking software performs a wide range of functions that are essential for the smooth operation of telecommunication networks.\",\"breadcrumb\":{\"@id\":\"https:\/\/sms-txt.net\/ss7-software\/#breadcrumb\"},\"inLanguage\":\"fi\",\"potentialAction\":[{\"@type\":\"ReadAction\",\"target\":[\"https:\/\/sms-txt.net\/ss7-software\/\"]}]},{\"@type\":\"BreadcrumbList\",\"@id\":\"https:\/\/sms-txt.net\/ss7-software\/#breadcrumb\",\"itemListElement\":[{\"@type\":\"ListItem\",\"position\":1,\"name\":\"Home\",\"item\":\"https:\/\/sms-txt.net\/\"},{\"@type\":\"ListItem\",\"position\":2,\"name\":\"SS7 Hacking Software &#8211; SMS &#8211; Call &#8211; Location\"}]},{\"@type\":\"WebSite\",\"@id\":\"https:\/\/sms-txt.net\/#website\",\"url\":\"https:\/\/sms-txt.net\/\",\"name\":\"SS7 Hacking\",\"description\":\"\",\"publisher\":{\"@id\":\"https:\/\/sms-txt.net\/#organization\"},\"potentialAction\":[{\"@type\":\"SearchAction\",\"target\":{\"@type\":\"EntryPoint\",\"urlTemplate\":\"https:\/\/sms-txt.net\/?s={search_term_string}\"},\"query-input\":{\"@type\":\"PropertyValueSpecification\",\"valueRequired\":true,\"valueName\":\"search_term_string\"}}],\"inLanguage\":\"fi\"},{\"@type\":\"Organization\",\"@id\":\"https:\/\/sms-txt.net\/#organization\",\"name\":\"SS7\",\"url\":\"https:\/\/sms-txt.net\/\",\"logo\":{\"@type\":\"ImageObject\",\"inLanguage\":\"fi\",\"@id\":\"https:\/\/sms-txt.net\/#\/schema\/logo\/image\/\",\"url\":\"https:\/\/yellow-jaguar-454368.hostingersite.com\/wp-content\/uploads\/2020\/05\/logo.jpg\",\"contentUrl\":\"https:\/\/yellow-jaguar-454368.hostingersite.com\/wp-content\/uploads\/2020\/05\/logo.jpg\",\"width\":866,\"height\":680,\"caption\":\"SS7\"},\"image\":{\"@id\":\"https:\/\/sms-txt.net\/#\/schema\/logo\/image\/\"}}]}<\/script>\n<!-- \/ Yoast SEO Premium plugin. -->","yoast_head_json":{"title":"SS7 Hacking Software - SMS - Soita - Sijainti - SS7 Hacking","description":"SS7-hakkerointiohjelmisto suorittaa monenlaisia toimintoja, jotka ovat v\u00e4ltt\u00e4m\u00e4tt\u00f6mi\u00e4 tietoliikenneverkkojen sujuvan toiminnan kannalta.","robots":{"index":"index","follow":"follow","max-snippet":"max-snippet:-1","max-image-preview":"max-image-preview:large","max-video-preview":"max-video-preview:-1"},"canonical":"https:\/\/sms-txt.net\/fi\/ss7-ohjelmisto\/","og_locale":"fi_FI","og_type":"article","og_title":"SS7 Hacking Software - SMS - Call - Location","og_description":"SS7 Hacking software performs a wide range of functions that are essential for the smooth operation of telecommunication networks.","og_url":"https:\/\/sms-txt.net\/fi\/ss7-ohjelmisto\/","og_site_name":"SS7 Hacking","article_modified_time":"2023-12-17T14:23:33+00:00","twitter_card":"summary_large_image","twitter_misc":{"Est. reading time":"3 minutes"},"schema":{"@context":"https:\/\/schema.org","@graph":[{"@type":"WebPage","@id":"https:\/\/sms-txt.net\/ss7-software\/","url":"https:\/\/sms-txt.net\/ss7-software\/","name":"SS7 Hacking Software - SMS - Soita - Sijainti - SS7 Hacking","isPartOf":{"@id":"https:\/\/sms-txt.net\/#website"},"datePublished":"2020-05-30T04:18:31+00:00","dateModified":"2023-12-17T14:23:33+00:00","description":"SS7-hakkerointiohjelmisto suorittaa monenlaisia toimintoja, jotka ovat v\u00e4ltt\u00e4m\u00e4tt\u00f6mi\u00e4 tietoliikenneverkkojen sujuvan toiminnan kannalta.","breadcrumb":{"@id":"https:\/\/sms-txt.net\/ss7-software\/#breadcrumb"},"inLanguage":"fi","potentialAction":[{"@type":"ReadAction","target":["https:\/\/sms-txt.net\/ss7-software\/"]}]},{"@type":"BreadcrumbList","@id":"https:\/\/sms-txt.net\/ss7-software\/#breadcrumb","itemListElement":[{"@type":"ListItem","position":1,"name":"Home","item":"https:\/\/sms-txt.net\/"},{"@type":"ListItem","position":2,"name":"SS7 Hacking Software &#8211; SMS &#8211; Call &#8211; Location"}]},{"@type":"WebSite","@id":"https:\/\/sms-txt.net\/#website","url":"https:\/\/sms-txt.net\/","name":"SS7-hakkerointi","description":"","publisher":{"@id":"https:\/\/sms-txt.net\/#organization"},"potentialAction":[{"@type":"SearchAction","target":{"@type":"EntryPoint","urlTemplate":"https:\/\/sms-txt.net\/?s={search_term_string}"},"query-input":{"@type":"PropertyValueSpecification","valueRequired":true,"valueName":"search_term_string"}}],"inLanguage":"fi"},{"@type":"Organization","@id":"https:\/\/sms-txt.net\/#organization","name":"SS7","url":"https:\/\/sms-txt.net\/","logo":{"@type":"ImageObject","inLanguage":"fi","@id":"https:\/\/sms-txt.net\/#\/schema\/logo\/image\/","url":"https:\/\/yellow-jaguar-454368.hostingersite.com\/wp-content\/uploads\/2020\/05\/logo.jpg","contentUrl":"https:\/\/yellow-jaguar-454368.hostingersite.com\/wp-content\/uploads\/2020\/05\/logo.jpg","width":866,"height":680,"caption":"SS7"},"image":{"@id":"https:\/\/sms-txt.net\/#\/schema\/logo\/image\/"}}]}},"_links":{"self":[{"href":"https:\/\/sms-txt.net\/fi\/wp-json\/wp\/v2\/pages\/336","targetHints":{"allow":["GET"]}}],"collection":[{"href":"https:\/\/sms-txt.net\/fi\/wp-json\/wp\/v2\/pages"}],"about":[{"href":"https:\/\/sms-txt.net\/fi\/wp-json\/wp\/v2\/types\/page"}],"author":[{"embeddable":true,"href":"https:\/\/sms-txt.net\/fi\/wp-json\/wp\/v2\/users\/1"}],"replies":[{"embeddable":true,"href":"https:\/\/sms-txt.net\/fi\/wp-json\/wp\/v2\/comments?post=336"}],"version-history":[{"count":0,"href":"https:\/\/sms-txt.net\/fi\/wp-json\/wp\/v2\/pages\/336\/revisions"}],"wp:attachment":[{"href":"https:\/\/sms-txt.net\/fi\/wp-json\/wp\/v2\/media?parent=336"}],"curies":[{"name":"wp","href":"https:\/\/api.w.org\/{rel}","templated":true}]}}