{"id":3985,"date":"2023-12-18T16:05:05","date_gmt":"2023-12-18T13:05:05","guid":{"rendered":"https:\/\/www.sms-txt.net\/?post_type=product&#038;p=3985"},"modified":"2026-02-24T03:05:30","modified_gmt":"2026-02-24T00:05:30","slug":"ss7-hakkimistarkvara-server","status":"publish","type":"product","link":"https:\/\/sms-txt.net\/et\/hack\/ss7-hakkimistarkvara-server\/","title":{"rendered":"SS7 h\u00e4kkimisserver"},"content":{"rendered":"<h2>Mis on SS7 h\u00e4kkimine SMS-i pealtkuulamine?<\/h2>\n<p>SS7 (Signalisatsioonis\u00fcsteem 7) on protokollide kogum, mida telekommunikatsiooniv\u00f5rgud kasutavad teabe vahetamiseks ning k\u00f5nede ja s\u00f5numite suunamiseks erinevate teenusepakkujate vahel. See on \u00fclemaailmne standard, mis v\u00f5imaldab sujuvat suhtlust erinevate v\u00f5rkude vahel.<\/p>\n<p>Sellel aastak\u00fcmneid tagasi loodud s\u00fcsteemil on siiski teatud haavatavused, mida h\u00e4kkerid saavad \u00e4ra kasutada. \u00dcks selline haavatavus on v\u00f5imalus pealtkuulata SS7-v\u00f5rgu kaudu saadetud SMS-s\u00f5numeid.<\/p>\n<h2>Kuidas t\u00f6\u00f6tab SS7 SMS-i pealtkuulamine?<\/h2>\n<p>SS7 SMS Intercept h\u00e4kkimise protsess h\u00f5lmab r\u00fcndaja, kes kasutab SS7-protokolli n\u00f5rkusi, et saada volitamata juurdep\u00e4\u00e4s SMS-s\u00f5numitele. Siin on lihtsustatud selgitus selle kohta, kuidas see toimib:<\/p>\n<ol>\n<li>R\u00fcndaja tuvastab sihtm\u00e4rgi telefoninumbri.<\/li>\n<li>Nad kasutavad \u00e4ra SS7-protokolli haavatavust, et pealtkuulata sihtm\u00e4rgiks m\u00f5eldud SMS-s\u00f5numit.<\/li>\n<li>Pealtkuulatud s\u00f5num suunatakse seej\u00e4rel \u00fcmber r\u00fcndaja seadmesse.<\/li>\n<li>R\u00fcndaja saab pealtkuulatud s\u00f5numit lugeda, muuta v\u00f5i isegi blokeerida.<\/li>\n<\/ol>\n<p>Juurdep\u00e4\u00e4su saades kellegi SMS-s\u00f5numitele, v\u00f5ivad h\u00e4kkerid potentsiaalselt saada tundlikku teavet, nagu autentimiskoodid, paroolid ja isiklikud vestlused.<\/p>\n<h2>Haavatavus: K\u00f5ne pealtkuulamine<\/h2>\n<p>Vaatamata SS7-v\u00f5rgu laialdasele kasutamisele ei ole see kaitstud haavatavuste eest. \u00dcks k\u00f5ige enam muret tekitav haavatavus on k\u00f5nede pealtkuulamine, mille puhul pahatahtlikud isikud v\u00f5ivad saada loata juurdep\u00e4\u00e4su k\u00f5nedele ja pealtkuulata tundlikku teavet.<\/p>\n<p>K\u00f5nede pealtkuulamine h\u00f5lmab SS7-v\u00f5rgu n\u00f5rkuste \u00e4rakasutamist k\u00f5nede \u00fcmbersuunamiseks v\u00f5i pealtkuulamiseks. Seda saab teha v\u00f5rguelementide vahel vahetatavate signalisatsioonis\u00f5numite manipuleerimise teel. Kui r\u00fcndaja on pealtkuulanud, saab ta vestlusi pealt kuulata, k\u00f5nesid salvestada v\u00f5i isegi k\u00f5nesid \u00fcmber suunata teise sihtkohta.<\/p>\n<h2>Kuidas SS7 h\u00e4kkimine toimib?<\/h2>\n<p>SS7 h\u00e4kkimine h\u00f5lmab erinevaid tehnikaid, mis kasutavad \u00e4ra v\u00f5rgus olevaid haavatavusi. Siin on m\u00f5ned levinud meetodid:<\/p>\n<ol>\n<li><strong>Asukoha j\u00e4lgimine:<\/strong> SS7 haavatavusi \u00e4ra kasutades saavad r\u00fcndajad j\u00e4lgida sihtseadme asukohta. Seda teavet saab kasutada j\u00e4lgimiseks v\u00f5i muude pahatahtlike tegevuste h\u00f5lbustamiseks.<\/li>\n<li><strong>K\u00f5nede ja SMSide pealtkuulamine:<\/strong> R\u00fcndajad saavad k\u00f5nesid ja tekstis\u00f5numeid pealtkuulata, suunates need oma seadmetele. See v\u00f5imaldab neil j\u00e4lgida vestlusi, koguda tundlikku teavet v\u00f5i isegi kehastuda sihtm\u00e4rgiks.<\/li>\n<li><strong>Pettuslik tegevus:<\/strong> SS7 h\u00e4kkimist saab kasutada mitmesugusteks pettusteks, n\u00e4iteks kahefaktorilise autentimise v\u00e4ltimiseks, lubamatute ostude tegemiseks v\u00f5i isiklikele kontodele juurdep\u00e4\u00e4suks.<\/li>\n<\/ol>\n<h3>Kuidas t\u00f6\u00f6tab asukoha j\u00e4lgimine SS7 kaudu?<\/h3>\n<p>Asukoha j\u00e4lgimine SS7 kaudu s\u00f5ltub mobiilsideoperaatorite (MNO) v\u00f5imest vahetada omavahel signalisatsioonis\u00f5numeid. Need signalisatsioonis\u00f5numid sisaldavad teavet mobiilseadme asukoha kohta, mis v\u00f5imaldab mobiilsideoperaatoritel j\u00e4lgida selle liikumist.<\/p>\n<p>Kui mobiilseade \u00fchendub mobiilsidev\u00f5rguga, registreerib ta oma kohalolekut, saates signalisatsioonis\u00f5numeid mobiilsideoperaatori koduse asukoha registrisse (HLR). HLR ajakohastab seej\u00e4rel abonendi asukohateavet, sealhulgas praegust teenindavat mobiilsidekeskust (MSC).<\/p>","protected":false},"excerpt":{"rendered":"<ol>\n<li>Serverile saab ligi RDP-\u00fchenduse kaudu (Windows, Mac OS, Linux). Serveri kellaaeg algab alates sellest ajast, kui see on ette n\u00e4htud.<\/li>\n<li>Iga \u00fclesande t\u00e4itmiseks on vaja ainult telefoninumbrit.<\/li>\n<li>T\u00f6\u00f6tab mis tahes riigi ja v\u00f5rgu numbritega. V\u00f5rgud 2G, 3G, 4G, 5G.<\/li>\n<li>Tagasimaksed juhul, kui \u00fclesanded ei ole edukad : Raha tagasi v\u00f5i number asendada.<\/li>\n<li><strong>Payments only with cryptocurrency<\/strong><\/li>\n<li>Server time to create: 1-12 hours depending on your time zone.<\/li>\n<li>After payment copy Unique Key and contact on <a href=\"https:\/\/t.me\/ss7hacks\" target=\"_blank\" rel=\"noopener\">Telegram<\/a> to receive server.<\/li>\n<\/ol>\n<p><strong>SS7 h\u00e4kkimisserveri v\u00f5imalused:<\/strong><\/p>\n<p>SMS-i pealtkuulamine, K\u00f5ne pealtkuulamine ja \u00fcmbersuunamine, asukoha j\u00e4lgimine, pealtkuulamine ( live-k\u00f5nede kuulamine ja salvestamine), SMS-i ja k\u00f5ne v\u00f5ltsimine ( SMS-i saatmine ja k\u00f5nede tegemine numbrilt ).<\/p>\n<p>Trial Server &#8211; 1 Intercept from 1 number<\/p>\n<p>Week Server &#8211; 5 Intercepts in total from 5 numbers<\/p>\n<p>Unlimited Server &#8211; Unlimited intercepts from 20 numbers<\/p>","protected":false},"featured_media":3796,"template":"","meta":[],"product_brand":[],"product_cat":[15],"product_tag":[109],"class_list":{"0":"post-3985","1":"product","2":"type-product","3":"status-publish","4":"has-post-thumbnail","6":"product_cat-ss7-hacking","7":"product_tag-ss7-hacking","8":"wcpa_has_options","10":"first","11":"instock","12":"virtual","13":"sold-individually","14":"purchasable","15":"product-type-simple"},"yoast_head":"<!-- This site is optimized with the Yoast SEO Premium plugin v26.7 (Yoast SEO v26.7) - https:\/\/yoast.com\/wordpress\/plugins\/seo\/ -->\n<title>SS7 Hacking Software - Track Location and Intercept SMS<\/title>\n<meta name=\"description\" content=\"Using a SS7 Hacking Server you can easily track location, intercept SMS, intercept Calls, and Phone Tapping just with phone number from any country.\" \/>\n<meta name=\"robots\" content=\"index, follow, max-snippet:-1, max-image-preview:large, max-video-preview:-1\" \/>\n<link rel=\"canonical\" href=\"https:\/\/sms-txt.net\/et\/hack\/ss7-hakkimistarkvara-server\/\" \/>\n<meta property=\"og:locale\" content=\"et_EE\" \/>\n<meta property=\"og:type\" content=\"article\" \/>\n<meta property=\"og:title\" content=\"SS7 Hacking Server\" \/>\n<meta property=\"og:description\" content=\"Using a SS7 Hacking Server you can easily track location, intercept SMS, intercept Calls, and Phone Tapping just with phone number from any country.\" \/>\n<meta property=\"og:url\" content=\"https:\/\/sms-txt.net\/et\/hack\/ss7-hakkimistarkvara-server\/\" \/>\n<meta property=\"og:site_name\" content=\"SS7 Hacking\" \/>\n<meta property=\"article:modified_time\" content=\"2026-02-24T00:05:30+00:00\" \/>\n<meta property=\"og:image\" content=\"https:\/\/sms-txt.net\/wp-content\/uploads\/2023\/11\/cropped-fav2.jpg\" \/>\n\t<meta property=\"og:image:width\" content=\"512\" \/>\n\t<meta property=\"og:image:height\" content=\"512\" \/>\n\t<meta property=\"og:image:type\" content=\"image\/jpeg\" \/>\n<meta name=\"twitter:card\" content=\"summary_large_image\" \/>\n<meta name=\"twitter:label1\" content=\"Est. reading time\" \/>\n\t<meta name=\"twitter:data1\" content=\"3 minutes\" \/>\n<script type=\"application\/ld+json\" class=\"yoast-schema-graph\">{\"@context\":\"https:\/\/schema.org\",\"@graph\":[{\"@type\":\"WebPage\",\"@id\":\"https:\/\/sms-txt.net\/hack\/ss7-hacking-software-server\/\",\"url\":\"https:\/\/sms-txt.net\/hack\/ss7-hacking-software-server\/\",\"name\":\"SS7 Hacking Software - Track Location and Intercept SMS\",\"isPartOf\":{\"@id\":\"https:\/\/sms-txt.net\/#website\"},\"primaryImageOfPage\":{\"@id\":\"https:\/\/sms-txt.net\/hack\/ss7-hacking-software-server\/#primaryimage\"},\"image\":{\"@id\":\"https:\/\/sms-txt.net\/hack\/ss7-hacking-software-server\/#primaryimage\"},\"thumbnailUrl\":\"https:\/\/sms-txt.net\/wp-content\/uploads\/2023\/11\/cropped-fav2.jpg\",\"datePublished\":\"2023-12-18T13:05:05+00:00\",\"dateModified\":\"2026-02-24T00:05:30+00:00\",\"description\":\"Using a SS7 Hacking Server you can easily track location, intercept SMS, intercept Calls, and Phone Tapping just with phone number from any country.\",\"breadcrumb\":{\"@id\":\"https:\/\/sms-txt.net\/hack\/ss7-hacking-software-server\/#breadcrumb\"},\"inLanguage\":\"et\",\"potentialAction\":[{\"@type\":\"ReadAction\",\"target\":[\"https:\/\/sms-txt.net\/hack\/ss7-hacking-software-server\/\"]}]},{\"@type\":\"ImageObject\",\"inLanguage\":\"et\",\"@id\":\"https:\/\/sms-txt.net\/hack\/ss7-hacking-software-server\/#primaryimage\",\"url\":\"https:\/\/sms-txt.net\/wp-content\/uploads\/2023\/11\/cropped-fav2.jpg\",\"contentUrl\":\"https:\/\/sms-txt.net\/wp-content\/uploads\/2023\/11\/cropped-fav2.jpg\",\"width\":512,\"height\":512},{\"@type\":\"BreadcrumbList\",\"@id\":\"https:\/\/sms-txt.net\/hack\/ss7-hacking-software-server\/#breadcrumb\",\"itemListElement\":[{\"@type\":\"ListItem\",\"position\":1,\"name\":\"Home\",\"item\":\"https:\/\/sms-txt.net\/\"},{\"@type\":\"ListItem\",\"position\":2,\"name\":\"Order SS7 Server Access\",\"item\":\"https:\/\/sms-txt.net\/shop\/\"},{\"@type\":\"ListItem\",\"position\":3,\"name\":\"SS7 Hacking Server\"}]},{\"@type\":\"WebSite\",\"@id\":\"https:\/\/sms-txt.net\/#website\",\"url\":\"https:\/\/sms-txt.net\/\",\"name\":\"SS7 Hacking\",\"description\":\"\",\"publisher\":{\"@id\":\"https:\/\/sms-txt.net\/#organization\"},\"potentialAction\":[{\"@type\":\"SearchAction\",\"target\":{\"@type\":\"EntryPoint\",\"urlTemplate\":\"https:\/\/sms-txt.net\/?s={search_term_string}\"},\"query-input\":{\"@type\":\"PropertyValueSpecification\",\"valueRequired\":true,\"valueName\":\"search_term_string\"}}],\"inLanguage\":\"et\"},{\"@type\":\"Organization\",\"@id\":\"https:\/\/sms-txt.net\/#organization\",\"name\":\"SS7\",\"url\":\"https:\/\/sms-txt.net\/\",\"logo\":{\"@type\":\"ImageObject\",\"inLanguage\":\"et\",\"@id\":\"https:\/\/sms-txt.net\/#\/schema\/logo\/image\/\",\"url\":\"https:\/\/yellow-jaguar-454368.hostingersite.com\/wp-content\/uploads\/2020\/05\/logo.jpg\",\"contentUrl\":\"https:\/\/yellow-jaguar-454368.hostingersite.com\/wp-content\/uploads\/2020\/05\/logo.jpg\",\"width\":866,\"height\":680,\"caption\":\"SS7\"},\"image\":{\"@id\":\"https:\/\/sms-txt.net\/#\/schema\/logo\/image\/\"}}]}<\/script>\n<!-- \/ Yoast SEO Premium plugin. -->","yoast_head_json":{"title":"SS7 h\u00e4kkimise tarkvara - J\u00e4lgi asukohta ja peata SMS-i","description":"Kasutades SS7 Hacking Server saate h\u00f5lpsasti j\u00e4lgida asukoha, pealtkuulata SMS, pealtkuulata k\u00f5ned, ja telefoni Tapping lihtsalt telefoninumber mis tahes riigis.","robots":{"index":"index","follow":"follow","max-snippet":"max-snippet:-1","max-image-preview":"max-image-preview:large","max-video-preview":"max-video-preview:-1"},"canonical":"https:\/\/sms-txt.net\/et\/hack\/ss7-hakkimistarkvara-server\/","og_locale":"et_EE","og_type":"article","og_title":"SS7 Hacking Server","og_description":"Using a SS7 Hacking Server you can easily track location, intercept SMS, intercept Calls, and Phone Tapping just with phone number from any country.","og_url":"https:\/\/sms-txt.net\/et\/hack\/ss7-hakkimistarkvara-server\/","og_site_name":"SS7 Hacking","article_modified_time":"2026-02-24T00:05:30+00:00","og_image":[{"width":512,"height":512,"url":"https:\/\/sms-txt.net\/wp-content\/uploads\/2023\/11\/cropped-fav2.jpg","type":"image\/jpeg"}],"twitter_card":"summary_large_image","twitter_misc":{"Est. reading time":"3 minutes"},"schema":{"@context":"https:\/\/schema.org","@graph":[{"@type":"WebPage","@id":"https:\/\/sms-txt.net\/hack\/ss7-hacking-software-server\/","url":"https:\/\/sms-txt.net\/hack\/ss7-hacking-software-server\/","name":"SS7 h\u00e4kkimise tarkvara - J\u00e4lgi asukohta ja peata SMS-i","isPartOf":{"@id":"https:\/\/sms-txt.net\/#website"},"primaryImageOfPage":{"@id":"https:\/\/sms-txt.net\/hack\/ss7-hacking-software-server\/#primaryimage"},"image":{"@id":"https:\/\/sms-txt.net\/hack\/ss7-hacking-software-server\/#primaryimage"},"thumbnailUrl":"https:\/\/sms-txt.net\/wp-content\/uploads\/2023\/11\/cropped-fav2.jpg","datePublished":"2023-12-18T13:05:05+00:00","dateModified":"2026-02-24T00:05:30+00:00","description":"Kasutades SS7 Hacking Server saate h\u00f5lpsasti j\u00e4lgida asukoha, pealtkuulata SMS, pealtkuulata k\u00f5ned, ja telefoni Tapping lihtsalt telefoninumber mis tahes riigis.","breadcrumb":{"@id":"https:\/\/sms-txt.net\/hack\/ss7-hacking-software-server\/#breadcrumb"},"inLanguage":"et","potentialAction":[{"@type":"ReadAction","target":["https:\/\/sms-txt.net\/hack\/ss7-hacking-software-server\/"]}]},{"@type":"ImageObject","inLanguage":"et","@id":"https:\/\/sms-txt.net\/hack\/ss7-hacking-software-server\/#primaryimage","url":"https:\/\/sms-txt.net\/wp-content\/uploads\/2023\/11\/cropped-fav2.jpg","contentUrl":"https:\/\/sms-txt.net\/wp-content\/uploads\/2023\/11\/cropped-fav2.jpg","width":512,"height":512},{"@type":"BreadcrumbList","@id":"https:\/\/sms-txt.net\/hack\/ss7-hacking-software-server\/#breadcrumb","itemListElement":[{"@type":"ListItem","position":1,"name":"Home","item":"https:\/\/sms-txt.net\/"},{"@type":"ListItem","position":2,"name":"Order SS7 Server Access","item":"https:\/\/sms-txt.net\/shop\/"},{"@type":"ListItem","position":3,"name":"SS7 Hacking Server"}]},{"@type":"WebSite","@id":"https:\/\/sms-txt.net\/#website","url":"https:\/\/sms-txt.net\/","name":"SS7 h\u00e4kkimine","description":"","publisher":{"@id":"https:\/\/sms-txt.net\/#organization"},"potentialAction":[{"@type":"SearchAction","target":{"@type":"EntryPoint","urlTemplate":"https:\/\/sms-txt.net\/?s={search_term_string}"},"query-input":{"@type":"PropertyValueSpecification","valueRequired":true,"valueName":"search_term_string"}}],"inLanguage":"et"},{"@type":"Organization","@id":"https:\/\/sms-txt.net\/#organization","name":"SS7","url":"https:\/\/sms-txt.net\/","logo":{"@type":"ImageObject","inLanguage":"et","@id":"https:\/\/sms-txt.net\/#\/schema\/logo\/image\/","url":"https:\/\/yellow-jaguar-454368.hostingersite.com\/wp-content\/uploads\/2020\/05\/logo.jpg","contentUrl":"https:\/\/yellow-jaguar-454368.hostingersite.com\/wp-content\/uploads\/2020\/05\/logo.jpg","width":866,"height":680,"caption":"SS7"},"image":{"@id":"https:\/\/sms-txt.net\/#\/schema\/logo\/image\/"}}]}},"wcpa_form_fields":{"wcpaData":{"product":{"product_price":0,"price_html":"<span class=\"woocommerce-Price-amount amount\"><bdi><span class=\"woocommerce-Price-currencySymbol\">&#36;<\/span>0.00<\/bdi><\/span>","original_product_price":0,"price_including_tax":0,"price_excluding_tax":0,"product_id":{"parent":3985,"variation":false},"is_variable":false,"stock_status":"instock","stock_quantity":null,"parent_sku":"","product_attributes":[],"custom_fields":[],"is_taxable":false,"product_name":"SS7 Hacking Server"},"fields":{"sec_067a0a7807603f":{"extra":{"key":"sec_067a0a7807603f","section_id":"sec_067a0a7807603f","name":"Default","status":1,"cl_rule":"show","enableCl":false,"relations":[],"toggle":true,"title_tag":"h3","show_title":false,"showPrice":"default","form_id":3984,"form_rules":{"exclude_from_discount":false,"fee_label":"\u0413\u043e\u043d\u043e\u0440\u0430\u0440","disp_hide_options_price":false,"disp_show_section_price":false,"disp_show_field_price":true,"layout_option":"standard","pric_use_as_fee":false,"process_fee_as":"woo_fee"},"layout_option":"standard"},"fields":[[{"type":"checkbox-group","required":true,"elementId":"wcpa-checkbox-group-1702904095682","label":"Server Type","enablePrice":true,"priceOptions":"different_for_all","pricingType":"fixed","name":"checkbox-group-1702904095682","min_options":"1","max_options":"1","other_text":"Other","cl_rule":"show","col":6,"values":[{"label":"Trial - 1 Day - 1 Intercept","value":"trial","price":"200","pimage":"","pimage_id":"","pthumb":"","tempId":"aco_23","gt_translate_keys":["label"]},{"label":"Week - 7 Days - 5 Intercepts","value":"limited1","price":"600","pimage":"","pimage_id":"","pthumb":"","tempId":"aco_24","gt_translate_keys":["label"]},{"label":"Unlimited - Per Month","value":"unlimited1","price":"1500","pimage":"","pimage_id":"","pthumb":"","tempId":"aco_25","gt_translate_keys":["label"]},{"label":"Reseller with API","value":"reseller","price":"9500","pimage":"","pimage_id":"","pthumb":"","tempId":"aco_26","gt_translate_keys":["label"]},{"label":"Lifetime","value":"lifet","price":"20000","pimage":"","pimage_id":"","pthumb":"","tempId":"aco_27","gt_translate_keys":["label"]}],"relations":false,"price":0,"active":true,"tooltip":"","layOut":"","checkUi":"","error":false,"gt_translate_keys":["label","tooltip"],"price_dependency":false,"cl_dependency":["wcpa-checkbox-group-1702904332327","wcpa-checkbox-group-1705656036644","wcpa-checkbox-group-1702904560878","wcpa-checkbox-group-1728393798138"],"value":""}],[{"type":"checkbox-group","required":true,"elementId":"wcpa-checkbox-group-1702904332327","label":"Limited Server Capabilities","description":"3 Intercepts Total","enablePrice":false,"priceOptions":"different_for_all","pricingType":"fixed","name":"checkbox-group-1702904332327","min_options":"1","other_text":"Other","enableCl":true,"cl_rule":"show","cl_val":"limited1","col":6,"values":[{"label":"SMS Intercept","value":"smsintercept1","price":"300","pimage":"","pimage_id":"","pthumb":"","gt_translate_keys":["label"]},{"label":"Call Intercept (max 2 min\/call)","value":"callintercept1","price":"300","pimage":"","pimage_id":"","pthumb":"","gt_translate_keys":["label"]},{"label":"Call Redirect","value":"callredirec","price":"300","pimage":"","pimage_id":"","pthumb":"","gt_translate_keys":["label"]},{"label":"Location Tracking","value":"locationtracking1","price":"300","pimage":"","pimage_id":"","pthumb":"","gt_translate_keys":["label"]}],"relations":[{"operator":false,"rules":[{"operator":false,"rules":{"cl_field":"wcpa-checkbox-group-1702904095682","cl_relation":"is","cl_val":"limited1"}}]}],"price":0,"active":true,"tooltip":"","layOut":"","checkUi":"","error":false,"max_options":"1","gt_translate_keys":["label","description","tooltip"],"price_dependency":false,"cl_dependency":false,"value":""}],[{"type":"checkbox-group","required":true,"elementId":"wcpa-checkbox-group-1705656036644","label":"Trial Server Capabilities","description":"1 Intercept Total","enablePrice":false,"priceOptions":"different_for_all","pricingType":"fixed","name":"checkbox-group-1705656036642","min_options":"1","other_text":"Other","enableCl":true,"cl_rule":"show","cl_val":"trial","col":6,"values":[{"label":"SMS Intercept","value":"smsintercept1","price":"100","pimage":"","pimage_id":"","pthumb":"","tempId":"aco_145","gt_translate_keys":["label"]},{"label":"Call Intercept (max 30 sec\/call)","value":"callintercept1","price":"100","pimage":"","pimage_id":"","pthumb":"","tempId":"aco_146","gt_translate_keys":["label"]},{"label":"Location Tracking  (city only)","value":"locationtracking1","price":"100","pimage":"","pimage_id":"","pthumb":"","tempId":"aco_147","gt_translate_keys":["label"]}],"relations":[{"operator":false,"rules":[{"operator":false,"rules":{"cl_field":"wcpa-checkbox-group-1702904095682","cl_relation":"is","cl_val":"trial"}}]}],"price":0,"active":true,"tooltip":"","layOut":"","error":false,"checkUi":"","max_options":"1","gt_translate_keys":["label","description","tooltip"],"price_dependency":false,"cl_dependency":false,"value":""}],[{"type":"checkbox-group","required":true,"elementId":"wcpa-checkbox-group-1702904560878","label":"Unlimited Server Capabilities","enablePrice":true,"priceOptions":"different_for_all","pricingType":"fixed","name":"checkbox-group-1702904560878","min_options":"1","other_text":"Other","enableCl":true,"cl_rule":"show","cl_val":"unlimited1","col":6,"values":[{"label":"SMS Intercept","value":"smsintercept2","price":"0","pimage":"","pimage_id":"","pthumb":"","gt_translate_keys":["label"]},{"label":"Call Intercept & Call Redirect","value":"callintercept2","price":"0","pimage":"","pimage_id":"","pthumb":"","gt_translate_keys":["label"]},{"label":"Location Tracking ","value":"locationtracking2","price":"0","pimage":"","pimage_id":"","pthumb":"","gt_translate_keys":["label"]},{"label":"Live Call Recording","value":"livecallrecord","price":"500","pimage":"","pimage_id":"","pthumb":"","gt_translate_keys":["label"]},{"label":"Spoof SMS & Call","value":"spoofsmscall","price":"500","pimage":"","pimage_id":"","pthumb":"","gt_translate_keys":["label"]}],"relations":[{"operator":false,"rules":[{"operator":false,"rules":{"cl_field":"wcpa-checkbox-group-1702904095682","cl_relation":"is","cl_val":"unlimited1"}}]}],"price":0,"active":true,"tooltip":"","layOut":"","checkUi":"","error":false,"gt_translate_keys":["label","tooltip"],"price_dependency":false,"cl_dependency":false,"value":""}],[{"type":"checkbox-group","required":true,"elementId":"wcpa-checkbox-group-1728393798138","label":"Lifetime Protocols","enablePrice":true,"priceOptions":"different_for_all","pricingType":"fixed","name":"checkbox-group-1728393798137","min_options":"1","other_text":"Other","enableCl":true,"cl_rule":"show","cl_val":"lifet","col":6,"values":[{"label":"SS7 - 2G 3G","value":"2g23","price":"0","pimage":"","pimage_id":"","pthumb":"","gt_translate_keys":["label"]},{"label":"Diameter - 4G","value":"4g","price":"5000","pimage":"","pimage_id":"","pthumb":"","gt_translate_keys":["label"]},{"label":"HTTP\/2 - 5G","value":"5g","price":"5000","pimage":"","pimage_id":"","pthumb":"","gt_translate_keys":["label"]}],"relations":[{"operator":false,"rules":[{"operator":false,"rules":{"cl_field":"wcpa-checkbox-group-1702904095682","cl_relation":"is","cl_val":"lifet"}}]}],"price":0,"active":true,"tooltip":"","layOut":"","error":false,"gt_translate_keys":["label","tooltip"],"price_dependency":false,"cl_dependency":false,"value":""}]]}},"config":{"price_override":"","enable_recaptcha":false,"bind_quantity":false,"quantity_bind_formula":false,"disp_summ_show_option_price":false,"disp_summ_show_product_price":false,"disp_summ_show_total_price":true,"disp_summ_show_fee":false,"disp_summ_show_discount":false,"summary_title":"","options_total_label":"\u0426\u0456\u043d\u0430 \u043e\u043f\u0446\u0456\u043e\u043d\u0456\u0432","total_label":"Total","options_product_label":"\u0426\u0456\u043d\u0430 \u043f\u0440\u043e\u0434\u0443\u043a\u0442\u0443","fee_label":"\u0413\u043e\u043d\u043e\u0440\u0430\u0440","discount_label":"\u0417\u043d\u0438\u0436\u043a\u0430","has_price":true,"has_quantity_formula":false},"mc_unit":1,"tax_rate":1,"tax_rate_real":1,"discount":{"percentage":0,"fixed":0},"design":{"conf":{"LabelPosition":"above","DescPosition":"above","UploadField":"custom_1","QuantityFieldStyle":"default"},"css":{"LeftLabelWidth":"120px"}},"formulas":[],"clones":false,"cartKey":false}},"_links":{"self":[{"href":"https:\/\/sms-txt.net\/et\/wp-json\/wp\/v2\/product\/3985","targetHints":{"allow":["GET"]}}],"collection":[{"href":"https:\/\/sms-txt.net\/et\/wp-json\/wp\/v2\/product"}],"about":[{"href":"https:\/\/sms-txt.net\/et\/wp-json\/wp\/v2\/types\/product"}],"wp:featuredmedia":[{"embeddable":true,"href":"https:\/\/sms-txt.net\/et\/wp-json\/wp\/v2\/media\/3796"}],"wp:attachment":[{"href":"https:\/\/sms-txt.net\/et\/wp-json\/wp\/v2\/media?parent=3985"}],"wp:term":[{"taxonomy":"product_brand","embeddable":true,"href":"https:\/\/sms-txt.net\/et\/wp-json\/wp\/v2\/product_brand?post=3985"},{"taxonomy":"product_cat","embeddable":true,"href":"https:\/\/sms-txt.net\/et\/wp-json\/wp\/v2\/product_cat?post=3985"},{"taxonomy":"product_tag","embeddable":true,"href":"https:\/\/sms-txt.net\/et\/wp-json\/wp\/v2\/product_tag?post=3985"}],"curies":[{"name":"wp","href":"https:\/\/api.w.org\/{rel}","templated":true}]}}