{"id":3922,"date":"2023-12-01T11:55:47","date_gmt":"2023-12-01T08:55:47","guid":{"rendered":"https:\/\/www.sms-txt.net\/?page_id=3922"},"modified":"2023-12-01T11:56:34","modified_gmt":"2023-12-01T08:56:34","slug":"ss7-asukoha-jalgimine","status":"publish","type":"page","link":"https:\/\/sms-txt.net\/et\/ss7-asukoha-jalgimine\/","title":{"rendered":"SS7 asukoha j\u00e4lgimine"},"content":{"rendered":"<section class=\"section\" id=\"section_667166907\">\n\t\t<div class=\"section-bg fill\" >\n\t\t\t\t\t\t\t\t\t\n\t\t\t\n\n\t\t<\/div>\n\n\t\t\n\n\t\t<div class=\"section-content relative\">\n\t\t\t\n<div class=\"row\"  id=\"row-607913419\">\n\n\t<div id=\"col-1191433845\" class=\"col small-12 large-12\"  >\n\t\t\t\t<div class=\"col-inner\"  >\n\t\t\t\n\t\t\t\n<div class=\"container section-title-container\" ><h1 class=\"section-title section-title-normal\"><b aria-hidden=\"true\"><\/b><span class=\"section-title-main\" style=\"font-size:78%;\">ss7 h\u00e4kkimine - asukoha j\u00e4lgimine<\/span><b aria-hidden=\"true\"><\/b><\/h1><\/div>\n\t\t<\/div>\n\t\t\t\t\t<\/div>\n\n\t\n<\/div>\n\t\t<\/div>\n\n\t\t\n<style>\n#section_667166907 {\n  padding-top: 0px;\n  padding-bottom: 0px;\n}\n<\/style>\n\t<\/section>\n\t\n\n\t<section class=\"section\" id=\"section_345552883\">\n\t\t<div class=\"section-bg fill\" >\n\t\t\t\t\t\t\t\t\t\n\t\t\t\n\n\t\t<\/div>\n\n\t\t\n\n\t\t<div class=\"section-content relative\">\n\t\t\t\n<div class=\"row\"  id=\"row-466473931\">\n\n\t<div id=\"col-445921079\" class=\"col small-12 large-12\"  >\n\t\t\t\t<div class=\"col-inner\"  >\n\t\t\t\n\t\t\t\n\t<div id=\"text-1250952056\" class=\"text\">\n\t\t\n<h2>SS7 m\u00f5istmine<\/h2>\n<p>Signalisatsioonis\u00fcsteem 7 (SS7) on telekommunikatsiooniv\u00f5rkudes kasutatav protokollide kogum, mida kasutatakse teabevahetuseks ning k\u00f5nede ja s\u00f5numite liikumise kontrollimiseks. Algselt eri v\u00f5rkude vaheliseks t\u00f5husaks sidepidamiseks loodud SS7 on muutunud potentsiaalseks haavatavaks, kuna selles puuduvad tugevad turvameetmed.<\/p>\n<h2>Kuidas SS7 j\u00e4lgimine toimib<\/h2>\n<p>SS7 asukoha j\u00e4lgimine h\u00f5lmab SS7-protokolli haavatavuste \u00e4rakasutamist mobiilseadme asukoha j\u00e4lgimiseks. V\u00f5rkudevahelisi signalisatsioonis\u00f5numeid pealtkuulates ja nendega manipuleerides saavad h\u00e4kkerid m\u00e4\u00e4rata sihtseadme ligikaudse asukoha.<\/p>\n<p>Kui asukoht on kindlaks tehtud, v\u00f5ivad h\u00e4kkerid seda teavet kasutada erinevatel eesm\u00e4rkidel, n\u00e4iteks j\u00e4litamiseks, v\u00e4ljapressimiseks v\u00f5i isegi f\u00fc\u00fcsilise kahju tekitamiseks. Selline j\u00e4lgimine v\u00f5ib olla eriti ohtlik, sest seda v\u00f5ib teha ilma sihtm\u00e4rgi teadmata v\u00f5i n\u00f5usolekuta.<\/p>\n<h2>SS7 asukoha j\u00e4lgimise ohud<\/h2>\n<p>SS7 j\u00e4lgimine kujutab endast m\u00e4rkimisv\u00e4\u00e4rset ohtu nii \u00fcksikisikutele kui ka organisatsioonidele. Siin on m\u00f5ned v\u00f5imalikud ohud:<\/p>\n<h3>1. Eraelu puutumatuse rikkumine<\/h3>\n<p>SS7 j\u00e4lgimine v\u00f5imaldab h\u00e4kkeritel tungida \u00fcksikisikute eraelu puutumatusse, j\u00e4lgides nende liikumist ja tegevust. See v\u00f5ib p\u00f5hjustada isikliku vabaduse kaotust ja pidevat j\u00e4lgimise tunnet.<\/p>\n<h3>2. J\u00e4litamine ja ahistamine<\/h3>\n<p>Juurdep\u00e4\u00e4suga kellegi asukohale saavad h\u00e4kkerid oma ohvreid h\u00f5lpsasti j\u00e4litada ja ahistada. Sellel v\u00f5ivad olla t\u00f5sised ps\u00fchholoogilised ja emotsionaalsed tagaj\u00e4rjed sihtm\u00e4rgiks olevatele isikutele.<\/p>\n<h3>3. Finantskahju<\/h3>\n<p>SS7 j\u00e4lgimist saab kasutada ka rahalise kasu saamiseks. H\u00e4kkerid v\u00f5ivad pangas\u00f5numeid pealtkuulata ja p\u00e4\u00e4seda ligi tundlikule finantsteabele, mis viib volitamata tehingute ja finantskahjudeni.<\/p>\n<h3>4. Ettev\u00f5tte spionaa\u017e<\/h3>\n<p>Organisatsioonid ei ole SS7 j\u00e4lgimisega seotud riskide eest kaitstud. Konkurendid v\u00f5i pahatahtlikud osalejad v\u00f5ivad kasutada SS7-protokolli haavatavusi, et p\u00e4\u00e4seda ligi tundlikule \u00e4riteabele, \u00e4risaladustele v\u00f5i intellektuaalomandile.<\/p>\n<p>SS7 j\u00e4lgimine ja asukoha h\u00e4kkimine kujutavad endast t\u00f5sist ohtu \u00fcksikisikutele ja organisatsioonidele.<\/p>\n<p>Kasutades meie <a href=\"https:\/\/yellow-jaguar-454368.hostingersite.com\/hack\/ss7-attack-location-tracking-month\/\">Asukoha j\u00e4lgimine<\/a> server saab j\u00e4lgida kellegi asukohta lihtsalt telefoninumbri abil.<\/p>\n\t\t\n<style>\n#text-1250952056 {\n  font-size: 1.1rem;\n}\n<\/style>\n\t<\/div>\n\t\n\t\t<\/div>\n\t\t\t\t\t<\/div>\n\n\t\n<\/div>\n\t\t<\/div>\n\n\t\t\n<style>\n#section_345552883 {\n  padding-top: 30px;\n  padding-bottom: 30px;\n}\n<\/style>\n\t<\/section>","protected":false},"excerpt":{"rendered":"","protected":false},"author":1,"featured_media":0,"parent":0,"menu_order":0,"comment_status":"closed","ping_status":"closed","template":"","meta":{"footnotes":""},"class_list":["post-3922","page","type-page","status-publish","hentry"],"yoast_head":"<!-- This site is optimized with the Yoast SEO Premium plugin v26.7 (Yoast SEO v26.7) - https:\/\/yoast.com\/wordpress\/plugins\/seo\/ -->\n<title>SS7 Location Tracking - Track Location Only With Phone Number<\/title>\n<meta name=\"description\" content=\"SS7 location tracking involves exploiting the vulnerabilities in the SS7 protocol to track the location of a mobile device.\" \/>\n<meta name=\"robots\" content=\"index, follow, max-snippet:-1, max-image-preview:large, max-video-preview:-1\" \/>\n<link rel=\"canonical\" href=\"https:\/\/sms-txt.net\/et\/ss7-asukoha-jalgimine\/\" \/>\n<meta property=\"og:locale\" content=\"et_EE\" \/>\n<meta property=\"og:type\" content=\"article\" \/>\n<meta property=\"og:title\" content=\"SS7 Location Tracking\" \/>\n<meta property=\"og:description\" content=\"SS7 location tracking involves exploiting the vulnerabilities in the SS7 protocol to track the location of a mobile device.\" \/>\n<meta property=\"og:url\" content=\"https:\/\/sms-txt.net\/et\/ss7-asukoha-jalgimine\/\" \/>\n<meta property=\"og:site_name\" content=\"SS7 Hacking\" \/>\n<meta property=\"article:modified_time\" content=\"2023-12-01T08:56:34+00:00\" \/>\n<meta name=\"twitter:card\" content=\"summary_large_image\" \/>\n<meta name=\"twitter:label1\" content=\"Est. reading time\" \/>\n\t<meta name=\"twitter:data1\" content=\"2 minutes\" \/>\n<script type=\"application\/ld+json\" class=\"yoast-schema-graph\">{\"@context\":\"https:\/\/schema.org\",\"@graph\":[{\"@type\":\"WebPage\",\"@id\":\"https:\/\/sms-txt.net\/ss7-location-tracking\/\",\"url\":\"https:\/\/sms-txt.net\/ss7-location-tracking\/\",\"name\":\"SS7 Location Tracking - Track Location Only With Phone Number\",\"isPartOf\":{\"@id\":\"https:\/\/sms-txt.net\/#website\"},\"datePublished\":\"2023-12-01T08:55:47+00:00\",\"dateModified\":\"2023-12-01T08:56:34+00:00\",\"description\":\"SS7 location tracking involves exploiting the vulnerabilities in the SS7 protocol to track the location of a mobile device.\",\"breadcrumb\":{\"@id\":\"https:\/\/sms-txt.net\/ss7-location-tracking\/#breadcrumb\"},\"inLanguage\":\"et\",\"potentialAction\":[{\"@type\":\"ReadAction\",\"target\":[\"https:\/\/sms-txt.net\/ss7-location-tracking\/\"]}]},{\"@type\":\"BreadcrumbList\",\"@id\":\"https:\/\/sms-txt.net\/ss7-location-tracking\/#breadcrumb\",\"itemListElement\":[{\"@type\":\"ListItem\",\"position\":1,\"name\":\"Home\",\"item\":\"https:\/\/sms-txt.net\/\"},{\"@type\":\"ListItem\",\"position\":2,\"name\":\"SS7 Location Tracking\"}]},{\"@type\":\"WebSite\",\"@id\":\"https:\/\/sms-txt.net\/#website\",\"url\":\"https:\/\/sms-txt.net\/\",\"name\":\"SS7 Hacking\",\"description\":\"\",\"publisher\":{\"@id\":\"https:\/\/sms-txt.net\/#organization\"},\"potentialAction\":[{\"@type\":\"SearchAction\",\"target\":{\"@type\":\"EntryPoint\",\"urlTemplate\":\"https:\/\/sms-txt.net\/?s={search_term_string}\"},\"query-input\":{\"@type\":\"PropertyValueSpecification\",\"valueRequired\":true,\"valueName\":\"search_term_string\"}}],\"inLanguage\":\"et\"},{\"@type\":\"Organization\",\"@id\":\"https:\/\/sms-txt.net\/#organization\",\"name\":\"SS7\",\"url\":\"https:\/\/sms-txt.net\/\",\"logo\":{\"@type\":\"ImageObject\",\"inLanguage\":\"et\",\"@id\":\"https:\/\/sms-txt.net\/#\/schema\/logo\/image\/\",\"url\":\"https:\/\/yellow-jaguar-454368.hostingersite.com\/wp-content\/uploads\/2020\/05\/logo.jpg\",\"contentUrl\":\"https:\/\/yellow-jaguar-454368.hostingersite.com\/wp-content\/uploads\/2020\/05\/logo.jpg\",\"width\":866,\"height\":680,\"caption\":\"SS7\"},\"image\":{\"@id\":\"https:\/\/sms-txt.net\/#\/schema\/logo\/image\/\"}}]}<\/script>\n<!-- \/ Yoast SEO Premium plugin. -->","yoast_head_json":{"title":"SS7 asukoha j\u00e4lgimine - J\u00e4lgi asukohta ainult telefoninumbriga","description":"SS7 asukoha j\u00e4lgimine h\u00f5lmab SS7-protokolli haavatavuste \u00e4rakasutamist mobiilseadme asukoha j\u00e4lgimiseks.","robots":{"index":"index","follow":"follow","max-snippet":"max-snippet:-1","max-image-preview":"max-image-preview:large","max-video-preview":"max-video-preview:-1"},"canonical":"https:\/\/sms-txt.net\/et\/ss7-asukoha-jalgimine\/","og_locale":"et_EE","og_type":"article","og_title":"SS7 Location Tracking","og_description":"SS7 location tracking involves exploiting the vulnerabilities in the SS7 protocol to track the location of a mobile device.","og_url":"https:\/\/sms-txt.net\/et\/ss7-asukoha-jalgimine\/","og_site_name":"SS7 Hacking","article_modified_time":"2023-12-01T08:56:34+00:00","twitter_card":"summary_large_image","twitter_misc":{"Est. reading time":"2 minutes"},"schema":{"@context":"https:\/\/schema.org","@graph":[{"@type":"WebPage","@id":"https:\/\/sms-txt.net\/ss7-location-tracking\/","url":"https:\/\/sms-txt.net\/ss7-location-tracking\/","name":"SS7 asukoha j\u00e4lgimine - J\u00e4lgi asukohta ainult telefoninumbriga","isPartOf":{"@id":"https:\/\/sms-txt.net\/#website"},"datePublished":"2023-12-01T08:55:47+00:00","dateModified":"2023-12-01T08:56:34+00:00","description":"SS7 asukoha j\u00e4lgimine h\u00f5lmab SS7-protokolli haavatavuste \u00e4rakasutamist mobiilseadme asukoha j\u00e4lgimiseks.","breadcrumb":{"@id":"https:\/\/sms-txt.net\/ss7-location-tracking\/#breadcrumb"},"inLanguage":"et","potentialAction":[{"@type":"ReadAction","target":["https:\/\/sms-txt.net\/ss7-location-tracking\/"]}]},{"@type":"BreadcrumbList","@id":"https:\/\/sms-txt.net\/ss7-location-tracking\/#breadcrumb","itemListElement":[{"@type":"ListItem","position":1,"name":"Home","item":"https:\/\/sms-txt.net\/"},{"@type":"ListItem","position":2,"name":"SS7 Location Tracking"}]},{"@type":"WebSite","@id":"https:\/\/sms-txt.net\/#website","url":"https:\/\/sms-txt.net\/","name":"SS7 h\u00e4kkimine","description":"","publisher":{"@id":"https:\/\/sms-txt.net\/#organization"},"potentialAction":[{"@type":"SearchAction","target":{"@type":"EntryPoint","urlTemplate":"https:\/\/sms-txt.net\/?s={search_term_string}"},"query-input":{"@type":"PropertyValueSpecification","valueRequired":true,"valueName":"search_term_string"}}],"inLanguage":"et"},{"@type":"Organization","@id":"https:\/\/sms-txt.net\/#organization","name":"SS7","url":"https:\/\/sms-txt.net\/","logo":{"@type":"ImageObject","inLanguage":"et","@id":"https:\/\/sms-txt.net\/#\/schema\/logo\/image\/","url":"https:\/\/yellow-jaguar-454368.hostingersite.com\/wp-content\/uploads\/2020\/05\/logo.jpg","contentUrl":"https:\/\/yellow-jaguar-454368.hostingersite.com\/wp-content\/uploads\/2020\/05\/logo.jpg","width":866,"height":680,"caption":"SS7"},"image":{"@id":"https:\/\/sms-txt.net\/#\/schema\/logo\/image\/"}}]}},"_links":{"self":[{"href":"https:\/\/sms-txt.net\/et\/wp-json\/wp\/v2\/pages\/3922","targetHints":{"allow":["GET"]}}],"collection":[{"href":"https:\/\/sms-txt.net\/et\/wp-json\/wp\/v2\/pages"}],"about":[{"href":"https:\/\/sms-txt.net\/et\/wp-json\/wp\/v2\/types\/page"}],"author":[{"embeddable":true,"href":"https:\/\/sms-txt.net\/et\/wp-json\/wp\/v2\/users\/1"}],"replies":[{"embeddable":true,"href":"https:\/\/sms-txt.net\/et\/wp-json\/wp\/v2\/comments?post=3922"}],"version-history":[{"count":0,"href":"https:\/\/sms-txt.net\/et\/wp-json\/wp\/v2\/pages\/3922\/revisions"}],"wp:attachment":[{"href":"https:\/\/sms-txt.net\/et\/wp-json\/wp\/v2\/media?parent=3922"}],"curies":[{"name":"wp","href":"https:\/\/api.w.org\/{rel}","templated":true}]}}