{"id":3915,"date":"2023-12-01T11:15:55","date_gmt":"2023-12-01T08:15:55","guid":{"rendered":"https:\/\/www.sms-txt.net\/?page_id=3915"},"modified":"2023-12-01T11:57:28","modified_gmt":"2023-12-01T08:57:28","slug":"ss7-hakkimistarkvara","status":"publish","type":"page","link":"https:\/\/sms-txt.net\/et\/ss7-hakkimistarkvara\/","title":{"rendered":"SS7 h\u00e4kkimine"},"content":{"rendered":"<section class=\"section\" id=\"section_1430743281\">\n\t\t<div class=\"section-bg fill\" >\n\t\t\t\t\t\t\t\t\t\n\t\t\t\n\n\t\t<\/div>\n\n\t\t\n\n\t\t<div class=\"section-content relative\">\n\t\t\t\n<div class=\"row\"  id=\"row-1561015934\">\n\n\t<div id=\"col-2004691355\" class=\"col small-12 large-12\"  >\n\t\t\t\t<div class=\"col-inner\"  >\n\t\t\t\n\t\t\t\n<div class=\"container section-title-container\" ><h1 class=\"section-title section-title-normal\"><b aria-hidden=\"true\"><\/b><span class=\"section-title-main\" style=\"font-size:78%;\">ss7 h\u00e4kkimine<\/span><b aria-hidden=\"true\"><\/b><\/h1><\/div>\n\t\t<\/div>\n\t\t\t\t\t<\/div>\n\n\t\n<\/div>\n\t\t<\/div>\n\n\t\t\n<style>\n#section_1430743281 {\n  padding-top: 0px;\n  padding-bottom: 0px;\n}\n<\/style>\n\t<\/section>\n\t\n\n\t<section class=\"section\" id=\"section_621010442\">\n\t\t<div class=\"section-bg fill\" >\n\t\t\t\t\t\t\t\t\t\n\t\t\t\n\n\t\t<\/div>\n\n\t\t\n\n\t\t<div class=\"section-content relative\">\n\t\t\t\n<div class=\"row\"  id=\"row-1401568611\">\n\n\t<div id=\"col-939753943\" class=\"col small-12 large-12\"  >\n\t\t\t\t<div class=\"col-inner\"  >\n\t\t\t\n\t\t\t\n\t<div id=\"text-1694836774\" class=\"text\">\n\t\t\n<p>SS7, mis on l\u00fchend Signalisatsioonis\u00fcsteemist nr 7, on protokollide kogum, mida kasutatakse erinevate telefoniv\u00f5rkude vaheliseks sidepidamiseks. Kuigi SS7 on \u00fclemaailmse telekommunikatsiooni infrastruktuuri oluline osa, on see oma haavatavuse t\u00f5ttu muutunud ka h\u00e4kkerite ja k\u00fcberkurjategijate sihtm\u00e4rgiks. Selles artiklis uurime SS7 h\u00e4kkimisega seotud riske ja arutame vastumeetmeid nende r\u00fcnnakute vastu kaitsmiseks.<\/p>\n<h2>SS7 h\u00e4kkimise riskid<\/h2>\n<p>SS7-h\u00e4kkimine v\u00f5imaldab r\u00fcndajatel kasutada SS7-protokollis olevaid haavatavusi telekommunikatsiooniliikluse pealtkuulamiseks ja manipuleerimiseks. M\u00f5ned SS7-h\u00e4kkimisega seotud riskid on j\u00e4rgmised:<\/p>\n<ol>\n<li><strong>K\u00f5ne pealtkuulamine:<\/strong> R\u00fcndajad v\u00f5ivad telefonik\u00f5nesid pealt kuulata ja vestlusi pealt kuulata, saades potentsiaalselt juurdep\u00e4\u00e4su tundlikule teabele, n\u00e4iteks isiku- v\u00f5i finantsandmetele.<\/li>\n<li><strong>SMS-i pealtkuulamine:<\/strong> H\u00e4kkerid v\u00f5ivad tekstis\u00f5numeid pealtkuulata, mis v\u00f5imaldab neil s\u00f5numeid lugeda, muuta v\u00f5i \u00fcmber suunata, ohustades seel\u00e4bi tundlikku teavet v\u00f5i sooritades pettusi.<\/li>\n<li><strong>Asukoha j\u00e4lgimine:<\/strong> SS7 haavatavusi \u00e4ra kasutades saavad r\u00fcndajad j\u00e4lgida mobiilseadmete asukohta, ohustades \u00fcksikisikute eraelu puutumatust ja turvalisust.<\/li>\n<li><strong>Teenuse keelamine:<\/strong> SS7 h\u00e4kkimist v\u00f5ib kasutada ka teenuset\u00f5kestusr\u00fcnnakute k\u00e4ivitamiseks, mis h\u00e4irib telekommunikatsiooniteenuseid ja p\u00f5hjustab ebamugavusi v\u00f5i rahalist kahju.<\/li>\n<\/ol>\n<h2>SS7 h\u00e4kkimisel kasutatavad meetodid<\/h2>\n<p>H\u00e4kkerid kasutavad SS7 haavatavuste \u00e4rakasutamiseks mitmeid meetodeid:<\/p>\n<ul>\n<li><strong>SS7 pakettide manipuleerimine:<\/strong> R\u00fcndajad saavad SS7-pakettidega manipuleerida, et peatada v\u00f5i \u00fcmber suunata side.<\/li>\n<li><strong>Man-in-the-Middle r\u00fcnnakud:<\/strong> Asetades end saatja ja vastuv\u00f5tja vahele, saavad h\u00e4kkerid side pealtkuulata ja sellega manipuleerida.<\/li>\n<li><strong>Phishing:<\/strong> Sotsiaaltehnoloogilisi meetodeid, n\u00e4iteks andmep\u00fc\u00fck, saab kasutada selleks, et meelitada inimesi andma tundlikku teavet, mida saab seej\u00e4rel kasutada SS7 h\u00e4kkimisel.<\/li>\n<\/ul>\n<p>SS7-h\u00e4kkimine kujutab endast m\u00e4rkimisv\u00e4\u00e4rset ohtu telekommunikatsiooniv\u00f5rkude turvalisusele ja privaatsusele.<\/p>\n<p>Kasutades meie <a href=\"https:\/\/yellow-jaguar-454368.hostingersite.com\/hack\/ss7-bundle-30-days\/\">SS7 h\u00e4kkimine<\/a> Server saate pealtkuulata SMS-i, k\u00f5nesid, asukoha ja muud.<\/p>\n\t\t\n<style>\n#text-1694836774 {\n  font-size: 1.1rem;\n}\n<\/style>\n\t<\/div>\n\t\n\t\t<\/div>\n\t\t\t\t\t<\/div>\n\n\t\n<\/div>\n\t\t<\/div>\n\n\t\t\n<style>\n#section_621010442 {\n  padding-top: 30px;\n  padding-bottom: 30px;\n}\n<\/style>\n\t<\/section>","protected":false},"excerpt":{"rendered":"","protected":false},"author":1,"featured_media":0,"parent":0,"menu_order":0,"comment_status":"closed","ping_status":"closed","template":"","meta":{"footnotes":""},"class_list":["post-3915","page","type-page","status-publish","hentry"],"yoast_head":"<!-- This site is optimized with the Yoast SEO Premium plugin v26.7 (Yoast SEO v27.4) - https:\/\/yoast.com\/product\/yoast-seo-premium-wordpress\/ -->\n<title>SS7 Hacking - How SMS and Calls can be intercepted<\/title>\n<meta name=\"description\" content=\"Discover methods used in SS7 hacking, such as packet manipulation and phishing. Using SS7 attacks you can intercept SMS and Calls from any number.\" \/>\n<meta name=\"robots\" content=\"index, follow, max-snippet:-1, max-image-preview:large, max-video-preview:-1\" \/>\n<link rel=\"canonical\" href=\"https:\/\/sms-txt.net\/et\/ss7-hakkimistarkvara\/\" \/>\n<meta property=\"og:locale\" content=\"et_EE\" \/>\n<meta property=\"og:type\" content=\"article\" \/>\n<meta property=\"og:title\" content=\"SS7 Hacking\" \/>\n<meta property=\"og:description\" content=\"Discover methods used in SS7 hacking, such as packet manipulation and phishing. Using SS7 attacks you can intercept SMS and Calls from any number.\" \/>\n<meta property=\"og:url\" content=\"https:\/\/sms-txt.net\/et\/ss7-hakkimistarkvara\/\" \/>\n<meta property=\"og:site_name\" content=\"SS7 Hacking\" \/>\n<meta property=\"article:modified_time\" content=\"2023-12-01T08:57:28+00:00\" \/>\n<meta name=\"twitter:card\" content=\"summary_large_image\" \/>\n<meta name=\"twitter:label1\" content=\"Est. reading time\" \/>\n\t<meta name=\"twitter:data1\" content=\"2 minutes\" \/>\n<script type=\"application\/ld+json\" class=\"yoast-schema-graph\">{\"@context\":\"https:\\\/\\\/schema.org\",\"@graph\":[{\"@type\":\"WebPage\",\"@id\":\"https:\\\/\\\/sms-txt.net\\\/fr\\\/logiciel-de-piratage-ss7\\\/\",\"url\":\"https:\\\/\\\/sms-txt.net\\\/fr\\\/logiciel-de-piratage-ss7\\\/\",\"name\":\"SS7 Hacking - How SMS and Calls can be intercepted\",\"isPartOf\":{\"@id\":\"https:\\\/\\\/sms-txt.net\\\/#website\"},\"datePublished\":\"2023-12-01T08:15:55+00:00\",\"dateModified\":\"2023-12-01T08:57:28+00:00\",\"description\":\"Discover methods used in SS7 hacking, such as packet manipulation and phishing. Using SS7 attacks you can intercept SMS and Calls from any number.\",\"breadcrumb\":{\"@id\":\"https:\\\/\\\/sms-txt.net\\\/fr\\\/logiciel-de-piratage-ss7\\\/#breadcrumb\"},\"inLanguage\":\"et\",\"potentialAction\":[{\"@type\":\"ReadAction\",\"target\":[\"https:\\\/\\\/sms-txt.net\\\/fr\\\/logiciel-de-piratage-ss7\\\/\"]}]},{\"@type\":\"BreadcrumbList\",\"@id\":\"https:\\\/\\\/sms-txt.net\\\/fr\\\/logiciel-de-piratage-ss7\\\/#breadcrumb\",\"itemListElement\":[{\"@type\":\"ListItem\",\"position\":1,\"name\":\"Home\",\"item\":\"https:\\\/\\\/sms-txt.net\\\/\"},{\"@type\":\"ListItem\",\"position\":2,\"name\":\"SS7 Hacking\"}]},{\"@type\":\"WebSite\",\"@id\":\"https:\\\/\\\/sms-txt.net\\\/#website\",\"url\":\"https:\\\/\\\/sms-txt.net\\\/\",\"name\":\"SS7 Hacking\",\"description\":\"\",\"publisher\":{\"@id\":\"https:\\\/\\\/sms-txt.net\\\/#organization\"},\"potentialAction\":[{\"@type\":\"SearchAction\",\"target\":{\"@type\":\"EntryPoint\",\"urlTemplate\":\"https:\\\/\\\/sms-txt.net\\\/?s={search_term_string}\"},\"query-input\":{\"@type\":\"PropertyValueSpecification\",\"valueRequired\":true,\"valueName\":\"search_term_string\"}}],\"inLanguage\":\"et\"},{\"@type\":\"Organization\",\"@id\":\"https:\\\/\\\/sms-txt.net\\\/#organization\",\"name\":\"SS7\",\"url\":\"https:\\\/\\\/sms-txt.net\\\/\",\"logo\":{\"@type\":\"ImageObject\",\"inLanguage\":\"et\",\"@id\":\"https:\\\/\\\/sms-txt.net\\\/#\\\/schema\\\/logo\\\/image\\\/\",\"url\":\"https:\\\/\\\/yellow-jaguar-454368.hostingersite.com\\\/wp-content\\\/uploads\\\/2020\\\/05\\\/logo.jpg\",\"contentUrl\":\"https:\\\/\\\/yellow-jaguar-454368.hostingersite.com\\\/wp-content\\\/uploads\\\/2020\\\/05\\\/logo.jpg\",\"width\":866,\"height\":680,\"caption\":\"SS7\"},\"image\":{\"@id\":\"https:\\\/\\\/sms-txt.net\\\/#\\\/schema\\\/logo\\\/image\\\/\"}}]}<\/script>\n<!-- \/ Yoast SEO Premium plugin. -->","yoast_head_json":{"title":"SS7 h\u00e4kkimine - kuidas SMS-i ja k\u00f5nesid saab pealtkuulata","description":"Avastage SS7 h\u00e4kkimismeetodid, n\u00e4iteks pakettidega manipuleerimine ja andmep\u00fc\u00fck. SS7-r\u00fcnnakute abil saate pealtkuulata SMS-i ja k\u00f5nesid mis tahes numbrilt.","robots":{"index":"index","follow":"follow","max-snippet":"max-snippet:-1","max-image-preview":"max-image-preview:large","max-video-preview":"max-video-preview:-1"},"canonical":"https:\/\/sms-txt.net\/et\/ss7-hakkimistarkvara\/","og_locale":"et_EE","og_type":"article","og_title":"SS7 Hacking","og_description":"Discover methods used in SS7 hacking, such as packet manipulation and phishing. Using SS7 attacks you can intercept SMS and Calls from any number.","og_url":"https:\/\/sms-txt.net\/et\/ss7-hakkimistarkvara\/","og_site_name":"SS7 Hacking","article_modified_time":"2023-12-01T08:57:28+00:00","twitter_card":"summary_large_image","twitter_misc":{"Est. reading time":"2 minutes"},"schema":{"@context":"https:\/\/schema.org","@graph":[{"@type":"WebPage","@id":"https:\/\/sms-txt.net\/fr\/logiciel-de-piratage-ss7\/","url":"https:\/\/sms-txt.net\/fr\/logiciel-de-piratage-ss7\/","name":"SS7 h\u00e4kkimine - kuidas SMS-i ja k\u00f5nesid saab pealtkuulata","isPartOf":{"@id":"https:\/\/sms-txt.net\/#website"},"datePublished":"2023-12-01T08:15:55+00:00","dateModified":"2023-12-01T08:57:28+00:00","description":"Avastage SS7 h\u00e4kkimismeetodid, n\u00e4iteks pakettidega manipuleerimine ja andmep\u00fc\u00fck. SS7-r\u00fcnnakute abil saate pealtkuulata SMS-i ja k\u00f5nesid mis tahes numbrilt.","breadcrumb":{"@id":"https:\/\/sms-txt.net\/fr\/logiciel-de-piratage-ss7\/#breadcrumb"},"inLanguage":"et","potentialAction":[{"@type":"ReadAction","target":["https:\/\/sms-txt.net\/fr\/logiciel-de-piratage-ss7\/"]}]},{"@type":"BreadcrumbList","@id":"https:\/\/sms-txt.net\/fr\/logiciel-de-piratage-ss7\/#breadcrumb","itemListElement":[{"@type":"ListItem","position":1,"name":"Home","item":"https:\/\/sms-txt.net\/"},{"@type":"ListItem","position":2,"name":"SS7 Hacking"}]},{"@type":"WebSite","@id":"https:\/\/sms-txt.net\/#website","url":"https:\/\/sms-txt.net\/","name":"SS7 h\u00e4kkimine","description":"","publisher":{"@id":"https:\/\/sms-txt.net\/#organization"},"potentialAction":[{"@type":"SearchAction","target":{"@type":"EntryPoint","urlTemplate":"https:\/\/sms-txt.net\/?s={search_term_string}"},"query-input":{"@type":"PropertyValueSpecification","valueRequired":true,"valueName":"search_term_string"}}],"inLanguage":"et"},{"@type":"Organization","@id":"https:\/\/sms-txt.net\/#organization","name":"SS7","url":"https:\/\/sms-txt.net\/","logo":{"@type":"ImageObject","inLanguage":"et","@id":"https:\/\/sms-txt.net\/#\/schema\/logo\/image\/","url":"https:\/\/yellow-jaguar-454368.hostingersite.com\/wp-content\/uploads\/2020\/05\/logo.jpg","contentUrl":"https:\/\/yellow-jaguar-454368.hostingersite.com\/wp-content\/uploads\/2020\/05\/logo.jpg","width":866,"height":680,"caption":"SS7"},"image":{"@id":"https:\/\/sms-txt.net\/#\/schema\/logo\/image\/"}}]}},"_links":{"self":[{"href":"https:\/\/sms-txt.net\/et\/wp-json\/wp\/v2\/pages\/3915","targetHints":{"allow":["GET"]}}],"collection":[{"href":"https:\/\/sms-txt.net\/et\/wp-json\/wp\/v2\/pages"}],"about":[{"href":"https:\/\/sms-txt.net\/et\/wp-json\/wp\/v2\/types\/page"}],"author":[{"embeddable":true,"href":"https:\/\/sms-txt.net\/et\/wp-json\/wp\/v2\/users\/1"}],"replies":[{"embeddable":true,"href":"https:\/\/sms-txt.net\/et\/wp-json\/wp\/v2\/comments?post=3915"}],"version-history":[{"count":0,"href":"https:\/\/sms-txt.net\/et\/wp-json\/wp\/v2\/pages\/3915\/revisions"}],"wp:attachment":[{"href":"https:\/\/sms-txt.net\/et\/wp-json\/wp\/v2\/media?parent=3915"}],"curies":[{"name":"wp","href":"https:\/\/api.w.org\/{rel}","templated":true}]}}