{"id":336,"date":"2020-05-30T04:18:31","date_gmt":"2020-05-30T04:18:31","guid":{"rendered":"https:\/\/sms-txt.net\/?page_id=336"},"modified":"2023-12-17T17:23:33","modified_gmt":"2023-12-17T14:23:33","slug":"ss7-tarkvara","status":"publish","type":"page","link":"https:\/\/sms-txt.net\/et\/ss7-tarkvara\/","title":{"rendered":"SS7 h\u00e4kkimise tarkvara - SMS - k\u00f5ne - asukoht"},"content":{"rendered":"<section class=\"section\" id=\"section_1265380609\">\n\t\t<div class=\"section-bg fill\" >\n\t\t\t\t\t\t\t\t\t\n\t\t\t\n\n\t\t<\/div>\n\n\t\t\n\n\t\t<div class=\"section-content relative\">\n\t\t\t\n<div class=\"row\"  id=\"row-171204149\">\n\n\t<div id=\"col-1753435083\" class=\"col small-12 large-12\"  >\n\t\t\t\t<div class=\"col-inner\"  >\n\t\t\t\n\t\t\t\n<div class=\"container section-title-container\" ><h3 class=\"section-title section-title-normal\"><b aria-hidden=\"true\"><\/b><span class=\"section-title-main\" >ss7 tarkvara<\/span><b aria-hidden=\"true\"><\/b><\/h3><\/div>\n\t\t<\/div>\n\t\t\t\t\t<\/div>\n\n\t\n<\/div>\n\t\t<\/div>\n\n\t\t\n<style>\n#section_1265380609 {\n  padding-top: 0px;\n  padding-bottom: 0px;\n}\n<\/style>\n\t<\/section>\n\t\n\n\t<section class=\"section\" id=\"section_591596761\">\n\t\t<div class=\"section-bg fill\" >\n\t\t\t\t\t\t\t\t\t\n\t\t\t\n\n\t\t<\/div>\n\n\t\t\n\n\t\t<div class=\"section-content relative\">\n\t\t\t\n<div class=\"row\"  id=\"row-2079017963\">\n\n\t<div id=\"col-754195388\" class=\"col small-12 large-12\"  >\n\t\t\t\t<div class=\"col-inner\"  >\n\t\t\t\n\t\t\t\n\t<div id=\"text-1319144015\" class=\"text\">\n\t\t\n<h2>Mis on SS7?<\/h2>\n<p>Signalisatsioonis\u00fcsteem 7 (SS7) on protokollide kogum, mida kasutatakse telekommunikatsiooni signalisatsiooniv\u00f5rgu kontrollimiseks ja haldamiseks. See t\u00f6\u00f6tati v\u00e4lja 1970ndatel aastatel ja sellest ajast alates on sellest saanud standardiks signalisatsioonile p\u00fcsi- ja mobiilsidev\u00f5rkudes kogu maailmas. SS7 v\u00f5imaldab k\u00f5ne \u00fclesehitamiseks, marsruutimiseks ja muudeks v\u00f5rguteenusteks vajaliku teabe vahetamist.<\/p>\n<p>See on meie kaasaegse sideinfrastruktuuri selgroog, mis v\u00f5imaldab meil helistada, saata tekstis\u00f5numeid ja p\u00e4\u00e4seda ligi erinevatele teenustele.<\/p>\n<p>SS7 oli algselt kavandatud usaldusv\u00e4\u00e4rsete v\u00f5rkude jaoks, kuid ei olnud ehitatud turvalisust silmas pidades. Selle tulemusena on see muutunud haavatavaks h\u00e4kkerite poolt, kes saavad sideandmeid pealtkuulata ja nendega manipuleerida.<\/p>\n<h2>Kuidas SS7 h\u00e4kkimistarkvara t\u00f6\u00f6tab?<\/h2>\n<p>SS7 h\u00e4kkimistarkvara t\u00f6\u00f6tab k\u00f5ne- ja andmeliiklusest eraldi v\u00f5rgus, tagades t\u00f5husa ja usaldusv\u00e4\u00e4rse signalisatsiooniside. See kasutab pakettkommuteeritud v\u00f5rku, et edastada signalisatsioonis\u00f5numeid erinevate v\u00f5rguelementide, n\u00e4iteks kommutaatorite, marsruuterite ja andmebaaside vahel. SS7-protokolli virn koosneb erinevatest kihtidest, millest iga\u00fchel on konkreetne funktsioon:<\/p>\n<ul>\n<li><strong>F\u00fc\u00fcsiline kiht:<\/strong> K\u00e4sitleb signalisatsioonis\u00f5numite edastamist f\u00fc\u00fcsilise andmekandja, n\u00e4iteks vask- v\u00f5i valguskaablite kaudu.<\/li>\n<li><strong>Andmesidekihi:<\/strong> Pakub vea tuvastamise ja parandamise mehhanisme usaldusv\u00e4\u00e4rseks andmeedastuseks.<\/li>\n<li><strong>V\u00f5rgukiht:<\/strong> K\u00e4sitleb signalisatsioonis\u00f5numite marsruutimist erinevate v\u00f5rguelementide vahel.<\/li>\n<li><strong>Transpordikiht:<\/strong> Tagab signalisatsioonis\u00f5numite usaldusv\u00e4\u00e4rse edastamise v\u00f5rguelementide vahel.<\/li>\n<li><strong>Rakenduskihi:<\/strong> Rakendab konkreetseid teenuseid ja funktsioone, mis on vajalikud k\u00f5ne seadistamiseks, marsruutimiseks ja muudeks v\u00f5rguteenusteks.<\/li>\n<\/ul>\n<h2>SS7 h\u00e4kkimistarkvara funktsioonid<\/h2>\n<p>SS7-tarkvara t\u00e4idab mitmesuguseid funktsioone, mis on telekommunikatsiooniv\u00f5rkude t\u00f5rgeteta toimimiseks h\u00e4davajalikud. M\u00f5ned p\u00f5hifunktsioonid on j\u00e4rgmised:<\/p>\n<ol>\n<li><strong>K\u00f5ne seadistamine:<\/strong> SS7 v\u00f5imaldab h\u00e4\u00e4l- ja andmesidek\u00f5nede loomist, vahetades signaalis\u00f5numeid v\u00f5rguelementide vahel.<\/li>\n<li><strong>Numbri teisaldatavus:<\/strong> SS7 v\u00f5imaldab kasutajatel s\u00e4ilitada oma telefoninumbri teenusepakkuja vahetamisel.<\/li>\n<li><strong>L\u00fchis\u00f5numiteenus (SMS):<\/strong> SS7 toetab tekstis\u00f5numite vahetamist mobiilseadmete vahel.<\/li>\n<li><strong>Asukohap\u00f5hised teenused:<\/strong> SS7 v\u00f5imaldab edastada asukohateavet h\u00e4daabiteenuste ja lisav\u00e4\u00e4rtusteenuste jaoks.<\/li>\n<li><strong>R\u00e4ndamine:<\/strong> SS7 h\u00f5lbustab k\u00f5nede ja andmesessioonide sujuvat \u00fcleandmist erinevate v\u00f5rkude vahel, tagades mobiilside abonentidele katkematu teenuse.<\/li>\n<li><strong>Intelligentsed v\u00f5rguteenused:<\/strong> SS7 v\u00f5imaldab rakendada t\u00e4iustatud v\u00f5rguteenuseid, n\u00e4iteks k\u00f5ne edastamist, k\u00f5ne ootamist ja ettemaksuga arveldamist.<\/li>\n<\/ol>\n<p><a href=\"https:\/\/yellow-jaguar-454368.hostingersite.com\/\">SS7 h\u00e4kkimine<\/a> h\u00f5lmab SS7-protokolli haavatavuste \u00e4rakasutamist, et saada volitamata juurdep\u00e4\u00e4s sihtm\u00e4rgi sidepidamisele. H\u00e4kkerid v\u00f5ivad kasutada erinevaid tehnikaid, sh:<\/p>\n<ol>\n<li>Kinnipidamine: H\u00e4kkerid v\u00f5ivad telekommunikatsiooniv\u00f5rkude vahel vahetatavate signalisatsioonis\u00f5numite pealtkuulamise teel p\u00e4\u00e4seda ligi tundlikule teabele, n\u00e4iteks k\u00f5neandmete, tekstis\u00f5numite ja isegi asukohaandmetele.<\/li>\n<li>K\u00f5nede ja SMS-ide \u00fcmbersuunamine: H\u00e4kkerid saavad suunata sihtm\u00e4rgile m\u00f5eldud k\u00f5nesid ja tekstis\u00f5numeid oma seadmetesse, v\u00f5imaldades neil vestlusi pealt kuulata v\u00f5i varastada tundlikku teavet.<\/li>\n<li>Teenuste keelamise (DoS) r\u00fcnnakud: H\u00e4kkerid v\u00f5ivad SS7-v\u00f5rku p\u00e4ringutega \u00fcle koormata, p\u00f5hjustades sideteenuste katkestusi.<\/li>\n<li>Tellija pettus: H\u00e4kkerid v\u00f5ivad SS7-v\u00f5rku manipuleerida, et teha abonendi nimel toiminguid, n\u00e4iteks teha volitamata k\u00f5nesid v\u00f5i p\u00e4\u00e4seda ligi lisateenustele kasutaja teadmata.<\/li>\n<\/ol>\n<p><a href=\"https:\/\/yellow-jaguar-454368.hostingersite.com\/\">SS7 tarkvara<\/a> m\u00e4ngib olulist rolli telekommunikatsiooniv\u00f5rkude toimimises, v\u00f5imaldades t\u00f5husat ja usaldusv\u00e4\u00e4rset signalisatsioonikommunikatsiooni. Selle mitmesugused funktsioonid, nagu k\u00f5ne \u00fclesehitus, numbrite teisaldatavus ja asukohap\u00f5hised teenused, aitavad kaasa k\u00f5ne- ja andmesideteenuste sujuvale toimimisele.<\/p>\n\t\t\n<style>\n#text-1319144015 {\n  font-size: 1.1rem;\n}\n<\/style>\n\t<\/div>\n\t\n\t\t<\/div>\n\t\t\t\t\t<\/div>\n\n\t\n<\/div>\n\t\t<\/div>\n\n\t\t\n<style>\n#section_591596761 {\n  padding-top: 30px;\n  padding-bottom: 30px;\n}\n<\/style>\n\t<\/section>","protected":false},"excerpt":{"rendered":"","protected":false},"author":1,"featured_media":0,"parent":0,"menu_order":0,"comment_status":"closed","ping_status":"closed","template":"","meta":{"footnotes":""},"class_list":["post-336","page","type-page","status-publish","hentry"],"yoast_head":"<!-- This site is optimized with the Yoast SEO Premium plugin v26.7 (Yoast SEO v27.4) - https:\/\/yoast.com\/product\/yoast-seo-premium-wordpress\/ -->\n<title>SS7 Hacking Software - SMS - Call - Location - SS7 Hacking<\/title>\n<meta name=\"description\" content=\"SS7 Hacking software performs a wide range of functions that are essential for the smooth operation of telecommunication networks.\" \/>\n<meta name=\"robots\" content=\"index, follow, max-snippet:-1, max-image-preview:large, max-video-preview:-1\" \/>\n<link rel=\"canonical\" href=\"https:\/\/sms-txt.net\/et\/ss7-tarkvara\/\" \/>\n<meta property=\"og:locale\" content=\"et_EE\" \/>\n<meta property=\"og:type\" content=\"article\" \/>\n<meta property=\"og:title\" content=\"SS7 Hacking Software - SMS - Call - Location\" \/>\n<meta property=\"og:description\" content=\"SS7 Hacking software performs a wide range of functions that are essential for the smooth operation of telecommunication networks.\" \/>\n<meta property=\"og:url\" content=\"https:\/\/sms-txt.net\/et\/ss7-tarkvara\/\" \/>\n<meta property=\"og:site_name\" content=\"SS7 Hacking\" \/>\n<meta property=\"article:modified_time\" content=\"2023-12-17T14:23:33+00:00\" \/>\n<meta name=\"twitter:card\" content=\"summary_large_image\" \/>\n<meta name=\"twitter:label1\" content=\"Est. reading time\" \/>\n\t<meta name=\"twitter:data1\" content=\"3 minutes\" \/>\n<script type=\"application\/ld+json\" class=\"yoast-schema-graph\">{\"@context\":\"https:\\\/\\\/schema.org\",\"@graph\":[{\"@type\":\"WebPage\",\"@id\":\"https:\\\/\\\/sms-txt.net\\\/ss7-software\\\/\",\"url\":\"https:\\\/\\\/sms-txt.net\\\/ss7-software\\\/\",\"name\":\"SS7 Hacking Software - SMS - Call - Location - SS7 Hacking\",\"isPartOf\":{\"@id\":\"https:\\\/\\\/sms-txt.net\\\/#website\"},\"datePublished\":\"2020-05-30T04:18:31+00:00\",\"dateModified\":\"2023-12-17T14:23:33+00:00\",\"description\":\"SS7 Hacking software performs a wide range of functions that are essential for the smooth operation of telecommunication networks.\",\"breadcrumb\":{\"@id\":\"https:\\\/\\\/sms-txt.net\\\/ss7-software\\\/#breadcrumb\"},\"inLanguage\":\"et\",\"potentialAction\":[{\"@type\":\"ReadAction\",\"target\":[\"https:\\\/\\\/sms-txt.net\\\/ss7-software\\\/\"]}]},{\"@type\":\"BreadcrumbList\",\"@id\":\"https:\\\/\\\/sms-txt.net\\\/ss7-software\\\/#breadcrumb\",\"itemListElement\":[{\"@type\":\"ListItem\",\"position\":1,\"name\":\"Home\",\"item\":\"https:\\\/\\\/sms-txt.net\\\/\"},{\"@type\":\"ListItem\",\"position\":2,\"name\":\"SS7 Hacking Software &#8211; SMS &#8211; Call &#8211; Location\"}]},{\"@type\":\"WebSite\",\"@id\":\"https:\\\/\\\/sms-txt.net\\\/#website\",\"url\":\"https:\\\/\\\/sms-txt.net\\\/\",\"name\":\"SS7 Hacking\",\"description\":\"\",\"publisher\":{\"@id\":\"https:\\\/\\\/sms-txt.net\\\/#organization\"},\"potentialAction\":[{\"@type\":\"SearchAction\",\"target\":{\"@type\":\"EntryPoint\",\"urlTemplate\":\"https:\\\/\\\/sms-txt.net\\\/?s={search_term_string}\"},\"query-input\":{\"@type\":\"PropertyValueSpecification\",\"valueRequired\":true,\"valueName\":\"search_term_string\"}}],\"inLanguage\":\"et\"},{\"@type\":\"Organization\",\"@id\":\"https:\\\/\\\/sms-txt.net\\\/#organization\",\"name\":\"SS7\",\"url\":\"https:\\\/\\\/sms-txt.net\\\/\",\"logo\":{\"@type\":\"ImageObject\",\"inLanguage\":\"et\",\"@id\":\"https:\\\/\\\/sms-txt.net\\\/#\\\/schema\\\/logo\\\/image\\\/\",\"url\":\"https:\\\/\\\/yellow-jaguar-454368.hostingersite.com\\\/wp-content\\\/uploads\\\/2020\\\/05\\\/logo.jpg\",\"contentUrl\":\"https:\\\/\\\/yellow-jaguar-454368.hostingersite.com\\\/wp-content\\\/uploads\\\/2020\\\/05\\\/logo.jpg\",\"width\":866,\"height\":680,\"caption\":\"SS7\"},\"image\":{\"@id\":\"https:\\\/\\\/sms-txt.net\\\/#\\\/schema\\\/logo\\\/image\\\/\"}}]}<\/script>\n<!-- \/ Yoast SEO Premium plugin. -->","yoast_head_json":{"title":"SS7 h\u00e4kkimise tarkvara - SMS - k\u00f5ne - asukoht - SS7 h\u00e4kkimine","description":"SS7 Hacking tarkvara t\u00e4idab mitmeid funktsioone, mis on telekommunikatsiooniv\u00f5rkude t\u00f5rgeteta toimimiseks h\u00e4davajalikud.","robots":{"index":"index","follow":"follow","max-snippet":"max-snippet:-1","max-image-preview":"max-image-preview:large","max-video-preview":"max-video-preview:-1"},"canonical":"https:\/\/sms-txt.net\/et\/ss7-tarkvara\/","og_locale":"et_EE","og_type":"article","og_title":"SS7 Hacking Software - SMS - Call - Location","og_description":"SS7 Hacking software performs a wide range of functions that are essential for the smooth operation of telecommunication networks.","og_url":"https:\/\/sms-txt.net\/et\/ss7-tarkvara\/","og_site_name":"SS7 Hacking","article_modified_time":"2023-12-17T14:23:33+00:00","twitter_card":"summary_large_image","twitter_misc":{"Est. reading time":"3 minutes"},"schema":{"@context":"https:\/\/schema.org","@graph":[{"@type":"WebPage","@id":"https:\/\/sms-txt.net\/ss7-software\/","url":"https:\/\/sms-txt.net\/ss7-software\/","name":"SS7 h\u00e4kkimise tarkvara - SMS - k\u00f5ne - asukoht - SS7 h\u00e4kkimine","isPartOf":{"@id":"https:\/\/sms-txt.net\/#website"},"datePublished":"2020-05-30T04:18:31+00:00","dateModified":"2023-12-17T14:23:33+00:00","description":"SS7 Hacking tarkvara t\u00e4idab mitmeid funktsioone, mis on telekommunikatsiooniv\u00f5rkude t\u00f5rgeteta toimimiseks h\u00e4davajalikud.","breadcrumb":{"@id":"https:\/\/sms-txt.net\/ss7-software\/#breadcrumb"},"inLanguage":"et","potentialAction":[{"@type":"ReadAction","target":["https:\/\/sms-txt.net\/ss7-software\/"]}]},{"@type":"BreadcrumbList","@id":"https:\/\/sms-txt.net\/ss7-software\/#breadcrumb","itemListElement":[{"@type":"ListItem","position":1,"name":"Home","item":"https:\/\/sms-txt.net\/"},{"@type":"ListItem","position":2,"name":"SS7 Hacking Software &#8211; SMS &#8211; Call &#8211; Location"}]},{"@type":"WebSite","@id":"https:\/\/sms-txt.net\/#website","url":"https:\/\/sms-txt.net\/","name":"SS7 h\u00e4kkimine","description":"","publisher":{"@id":"https:\/\/sms-txt.net\/#organization"},"potentialAction":[{"@type":"SearchAction","target":{"@type":"EntryPoint","urlTemplate":"https:\/\/sms-txt.net\/?s={search_term_string}"},"query-input":{"@type":"PropertyValueSpecification","valueRequired":true,"valueName":"search_term_string"}}],"inLanguage":"et"},{"@type":"Organization","@id":"https:\/\/sms-txt.net\/#organization","name":"SS7","url":"https:\/\/sms-txt.net\/","logo":{"@type":"ImageObject","inLanguage":"et","@id":"https:\/\/sms-txt.net\/#\/schema\/logo\/image\/","url":"https:\/\/yellow-jaguar-454368.hostingersite.com\/wp-content\/uploads\/2020\/05\/logo.jpg","contentUrl":"https:\/\/yellow-jaguar-454368.hostingersite.com\/wp-content\/uploads\/2020\/05\/logo.jpg","width":866,"height":680,"caption":"SS7"},"image":{"@id":"https:\/\/sms-txt.net\/#\/schema\/logo\/image\/"}}]}},"_links":{"self":[{"href":"https:\/\/sms-txt.net\/et\/wp-json\/wp\/v2\/pages\/336","targetHints":{"allow":["GET"]}}],"collection":[{"href":"https:\/\/sms-txt.net\/et\/wp-json\/wp\/v2\/pages"}],"about":[{"href":"https:\/\/sms-txt.net\/et\/wp-json\/wp\/v2\/types\/page"}],"author":[{"embeddable":true,"href":"https:\/\/sms-txt.net\/et\/wp-json\/wp\/v2\/users\/1"}],"replies":[{"embeddable":true,"href":"https:\/\/sms-txt.net\/et\/wp-json\/wp\/v2\/comments?post=336"}],"version-history":[{"count":0,"href":"https:\/\/sms-txt.net\/et\/wp-json\/wp\/v2\/pages\/336\/revisions"}],"wp:attachment":[{"href":"https:\/\/sms-txt.net\/et\/wp-json\/wp\/v2\/media?parent=336"}],"curies":[{"name":"wp","href":"https:\/\/api.w.org\/{rel}","templated":true}]}}