{"id":3985,"date":"2023-12-18T16:05:05","date_gmt":"2023-12-18T13:05:05","guid":{"rendered":"https:\/\/www.sms-txt.net\/?post_type=product&#038;p=3985"},"modified":"2026-02-24T03:05:30","modified_gmt":"2026-02-24T00:05:30","slug":"ss7-hacking-software-server","status":"publish","type":"product","link":"https:\/\/sms-txt.net\/es\/piratear\/ss7-hacking-software-server\/","title":{"rendered":"Servidor de pirateo SS7"},"content":{"rendered":"<h2>\u00bfQu\u00e9 es la interceptaci\u00f3n de SMS por pirateo SS7?<\/h2>\n<p>SS7 (Signaling System 7) es un conjunto de protocolos utilizados por las redes de telecomunicaciones para intercambiar informaci\u00f3n y encaminar llamadas y mensajes entre distintos proveedores. Es una norma mundial que permite una comunicaci\u00f3n fluida entre varias redes.<\/p>\n<p>Sin embargo, este sistema, dise\u00f1ado hace varias d\u00e9cadas, tiene ciertas vulnerabilidades inherentes que pueden ser aprovechadas por los piratas inform\u00e1ticos. Una de esas vulnerabilidades es la posibilidad de interceptar los mensajes SMS enviados a trav\u00e9s de la red SS7.<\/p>\n<h2>\u00bfC\u00f3mo funciona la interceptaci\u00f3n de SMS SS7?<\/h2>\n<p>El proceso de hackeo SS7 SMS Intercept implica que un atacante explote las debilidades del protocolo SS7 para obtener acceso no autorizado a los mensajes SMS. He aqu\u00ed una explicaci\u00f3n simplificada de c\u00f3mo funciona:<\/p>\n<ol>\n<li>El atacante identifica el n\u00famero de tel\u00e9fono del objetivo.<\/li>\n<li>Aprovechan la vulnerabilidad del protocolo SS7 para interceptar el mensaje SMS destinado al objetivo.<\/li>\n<li>A continuaci\u00f3n, el mensaje interceptado se redirige al dispositivo del atacante.<\/li>\n<li>El atacante puede leer, modificar o incluso bloquear el mensaje interceptado.<\/li>\n<\/ol>\n<p>Al acceder a los mensajes SMS de una persona, los piratas inform\u00e1ticos pueden obtener informaci\u00f3n confidencial, como c\u00f3digos de autenticaci\u00f3n, contrase\u00f1as y conversaciones personales.<\/p>\n<h2>La vulnerabilidad: Intercepci\u00f3n de llamadas<\/h2>\n<p>A pesar de su uso generalizado, la red SS7 no es inmune a las vulnerabilidades. Una de las m\u00e1s preocupantes es la interceptaci\u00f3n de llamadas, que permite a agentes malintencionados acceder sin autorizaci\u00f3n a las llamadas e interceptar informaci\u00f3n sensible.<\/p>\n<p>La interceptaci\u00f3n de llamadas consiste en explotar los puntos d\u00e9biles de la red SS7 para redirigir o interceptar llamadas. Esto puede hacerse manipulando los mensajes de se\u00f1alizaci\u00f3n intercambiados entre los elementos de la red. Una vez interceptadas, el atacante puede escuchar conversaciones, grabar llamadas o incluso redirigirlas a un destino diferente.<\/p>\n<h2>\u00bfC\u00f3mo funciona el pirateo del SS7?<\/h2>\n<p>El pirateo de SS7 implica varias t\u00e9cnicas que explotan las vulnerabilidades presentes en la red. He aqu\u00ed algunos m\u00e9todos comunes:<\/p>\n<ol>\n<li><strong>Seguimiento de la ubicaci\u00f3n:<\/strong> Aprovechando las vulnerabilidades del SS7, los atacantes pueden rastrear la ubicaci\u00f3n de un dispositivo objetivo. Esta informaci\u00f3n puede utilizarse con fines de vigilancia o para facilitar otras actividades maliciosas.<\/li>\n<li><strong>Interceptaci\u00f3n de llamadas y SMS:<\/strong> Los atacantes pueden interceptar llamadas y mensajes de texto redirigi\u00e9ndolos a sus propios dispositivos. Esto les permite vigilar las conversaciones, recopilar informaci\u00f3n sensible o incluso suplantar la identidad del objetivo.<\/li>\n<li><strong>Actividades fraudulentas:<\/strong> El pirateo de SS7 puede utilizarse para diversas actividades fraudulentas, como eludir la autenticaci\u00f3n de dos factores, realizar compras no autorizadas o acceder a cuentas personales.<\/li>\n<\/ol>\n<h3>\u00bfC\u00f3mo funciona el seguimiento de la ubicaci\u00f3n a trav\u00e9s de SS7?<\/h3>\n<p>El seguimiento de la ubicaci\u00f3n a trav\u00e9s de SS7 se basa en la capacidad de los operadores de redes m\u00f3viles (ORM) para intercambiar mensajes de se\u00f1alizaci\u00f3n entre s\u00ed. Estos mensajes de se\u00f1alizaci\u00f3n contienen informaci\u00f3n sobre la ubicaci\u00f3n de un dispositivo m\u00f3vil, lo que permite a los MNO seguir sus movimientos.<\/p>\n<p>Cuando un dispositivo m\u00f3vil se conecta a una red celular, registra su presencia enviando mensajes de se\u00f1alizaci\u00f3n al registro de localizaci\u00f3n de origen (HLR) del operador m\u00f3vil. A continuaci\u00f3n, el HLR actualiza la informaci\u00f3n de localizaci\u00f3n del abonado, incluido el centro de conmutaci\u00f3n m\u00f3vil (MSC) que le presta servicio en ese momento.<\/p>","protected":false},"excerpt":{"rendered":"<ol>\n<li>Puede acceder al servidor mediante una conexi\u00f3n RDP (Windows, Mac OS, Linux). La hora del servidor comienza a partir de la hora en que se proporciona.<\/li>\n<li>S\u00f3lo se necesita el n\u00famero de tel\u00e9fono para realizar cualquier tarea.<\/li>\n<li>Funciona con n\u00fameros de cualquier pa\u00eds y red. Redes 2G, 3G, 4G, 5G.<\/li>\n<li>Reembolsos en caso de que las tareas no tengan \u00e9xito : Devoluci\u00f3n del dinero o sustituci\u00f3n del n\u00famero.<\/li>\n<li><strong>Payments only with cryptocurrency<\/strong><\/li>\n<li>Server time to create: 1-12 hours depending on your time zone.<\/li>\n<li>After payment copy Unique Key and contact on <a href=\"https:\/\/t.me\/ss7hacks\" target=\"_blank\" rel=\"noopener\">Telegram<\/a> to receive server.<\/li>\n<\/ol>\n<p><strong>Capacidades del servidor de pirateo SS7:<\/strong><\/p>\n<p>Intercepci\u00f3n de SMS, intercepci\u00f3n y redirecci\u00f3n de llamadas, seguimiento de la ubicaci\u00f3n, escuchas telef\u00f3nicas (escucha y grabaci\u00f3n de llamadas en directo), suplantaci\u00f3n de SMS y llamadas (env\u00edo de SMS y realizaci\u00f3n de llamadas desde el n\u00famero).<\/p>\n<p>Trial Server &#8211; 1 Intercept from 1 number<\/p>\n<p>Week Server &#8211; 5 Intercepts in total from 5 numbers<\/p>\n<p>Unlimited Server &#8211; Unlimited intercepts from 20 numbers<\/p>","protected":false},"featured_media":3796,"template":"","meta":[],"product_brand":[],"product_cat":[15],"product_tag":[109],"class_list":{"0":"post-3985","1":"product","2":"type-product","3":"status-publish","4":"has-post-thumbnail","6":"product_cat-ss7-hacking","7":"product_tag-ss7-hacking","8":"wcpa_has_options","10":"first","11":"instock","12":"virtual","13":"sold-individually","14":"purchasable","15":"product-type-simple"},"yoast_head":"<!-- This site is optimized with the Yoast SEO Premium plugin v26.7 (Yoast SEO v26.7) - https:\/\/yoast.com\/wordpress\/plugins\/seo\/ -->\n<title>SS7 Hacking Software - Track Location and Intercept SMS<\/title>\n<meta name=\"description\" content=\"Using a SS7 Hacking Server you can easily track location, intercept SMS, intercept Calls, and Phone Tapping just with phone number from any country.\" \/>\n<meta name=\"robots\" content=\"index, follow, max-snippet:-1, max-image-preview:large, max-video-preview:-1\" \/>\n<link rel=\"canonical\" href=\"https:\/\/sms-txt.net\/es\/piratear\/ss7-hacking-software-server\/\" \/>\n<meta property=\"og:locale\" content=\"es_ES\" \/>\n<meta property=\"og:type\" content=\"article\" \/>\n<meta property=\"og:title\" content=\"SS7 Hacking Server\" \/>\n<meta property=\"og:description\" content=\"Using a SS7 Hacking Server you can easily track location, intercept SMS, intercept Calls, and Phone Tapping just with phone number from any country.\" \/>\n<meta property=\"og:url\" content=\"https:\/\/sms-txt.net\/es\/piratear\/ss7-hacking-software-server\/\" \/>\n<meta property=\"og:site_name\" content=\"SS7 Hacking\" \/>\n<meta property=\"article:modified_time\" content=\"2026-02-24T00:05:30+00:00\" \/>\n<meta property=\"og:image\" content=\"https:\/\/sms-txt.net\/wp-content\/uploads\/2023\/11\/cropped-fav2.jpg\" \/>\n\t<meta property=\"og:image:width\" content=\"512\" \/>\n\t<meta property=\"og:image:height\" content=\"512\" \/>\n\t<meta property=\"og:image:type\" content=\"image\/jpeg\" \/>\n<meta name=\"twitter:card\" content=\"summary_large_image\" \/>\n<meta name=\"twitter:label1\" content=\"Est. reading time\" \/>\n\t<meta name=\"twitter:data1\" content=\"3 minutes\" \/>\n<script type=\"application\/ld+json\" class=\"yoast-schema-graph\">{\"@context\":\"https:\/\/schema.org\",\"@graph\":[{\"@type\":\"WebPage\",\"@id\":\"https:\/\/sms-txt.net\/hack\/ss7-hacking-software-server\/\",\"url\":\"https:\/\/sms-txt.net\/hack\/ss7-hacking-software-server\/\",\"name\":\"SS7 Hacking Software - Track Location and Intercept SMS\",\"isPartOf\":{\"@id\":\"https:\/\/sms-txt.net\/#website\"},\"primaryImageOfPage\":{\"@id\":\"https:\/\/sms-txt.net\/hack\/ss7-hacking-software-server\/#primaryimage\"},\"image\":{\"@id\":\"https:\/\/sms-txt.net\/hack\/ss7-hacking-software-server\/#primaryimage\"},\"thumbnailUrl\":\"https:\/\/sms-txt.net\/wp-content\/uploads\/2023\/11\/cropped-fav2.jpg\",\"datePublished\":\"2023-12-18T13:05:05+00:00\",\"dateModified\":\"2026-02-24T00:05:30+00:00\",\"description\":\"Using a SS7 Hacking Server you can easily track location, intercept SMS, intercept Calls, and Phone Tapping just with phone number from any country.\",\"breadcrumb\":{\"@id\":\"https:\/\/sms-txt.net\/hack\/ss7-hacking-software-server\/#breadcrumb\"},\"inLanguage\":\"es-ES\",\"potentialAction\":[{\"@type\":\"ReadAction\",\"target\":[\"https:\/\/sms-txt.net\/hack\/ss7-hacking-software-server\/\"]}]},{\"@type\":\"ImageObject\",\"inLanguage\":\"es-ES\",\"@id\":\"https:\/\/sms-txt.net\/hack\/ss7-hacking-software-server\/#primaryimage\",\"url\":\"https:\/\/sms-txt.net\/wp-content\/uploads\/2023\/11\/cropped-fav2.jpg\",\"contentUrl\":\"https:\/\/sms-txt.net\/wp-content\/uploads\/2023\/11\/cropped-fav2.jpg\",\"width\":512,\"height\":512},{\"@type\":\"BreadcrumbList\",\"@id\":\"https:\/\/sms-txt.net\/hack\/ss7-hacking-software-server\/#breadcrumb\",\"itemListElement\":[{\"@type\":\"ListItem\",\"position\":1,\"name\":\"Home\",\"item\":\"https:\/\/sms-txt.net\/\"},{\"@type\":\"ListItem\",\"position\":2,\"name\":\"Order SS7 Server Access\",\"item\":\"https:\/\/sms-txt.net\/shop\/\"},{\"@type\":\"ListItem\",\"position\":3,\"name\":\"SS7 Hacking Server\"}]},{\"@type\":\"WebSite\",\"@id\":\"https:\/\/sms-txt.net\/#website\",\"url\":\"https:\/\/sms-txt.net\/\",\"name\":\"SS7 Hacking\",\"description\":\"\",\"publisher\":{\"@id\":\"https:\/\/sms-txt.net\/#organization\"},\"potentialAction\":[{\"@type\":\"SearchAction\",\"target\":{\"@type\":\"EntryPoint\",\"urlTemplate\":\"https:\/\/sms-txt.net\/?s={search_term_string}\"},\"query-input\":{\"@type\":\"PropertyValueSpecification\",\"valueRequired\":true,\"valueName\":\"search_term_string\"}}],\"inLanguage\":\"es-ES\"},{\"@type\":\"Organization\",\"@id\":\"https:\/\/sms-txt.net\/#organization\",\"name\":\"SS7\",\"url\":\"https:\/\/sms-txt.net\/\",\"logo\":{\"@type\":\"ImageObject\",\"inLanguage\":\"es-ES\",\"@id\":\"https:\/\/sms-txt.net\/#\/schema\/logo\/image\/\",\"url\":\"https:\/\/yellow-jaguar-454368.hostingersite.com\/wp-content\/uploads\/2020\/05\/logo.jpg\",\"contentUrl\":\"https:\/\/yellow-jaguar-454368.hostingersite.com\/wp-content\/uploads\/2020\/05\/logo.jpg\",\"width\":866,\"height\":680,\"caption\":\"SS7\"},\"image\":{\"@id\":\"https:\/\/sms-txt.net\/#\/schema\/logo\/image\/\"}}]}<\/script>\n<!-- \/ Yoast SEO Premium plugin. -->","yoast_head_json":{"title":"SS7 Hacking Software - Rastrear la ubicaci\u00f3n e interceptar SMS","description":"Usando un Servidor de Hacking SS7 usted puede f\u00e1cilmente rastrear la ubicaci\u00f3n, interceptar SMS, interceptar Llamadas, e Interceptar el Tel\u00e9fono s\u00f3lo con el n\u00famero de tel\u00e9fono de cualquier pa\u00eds.","robots":{"index":"index","follow":"follow","max-snippet":"max-snippet:-1","max-image-preview":"max-image-preview:large","max-video-preview":"max-video-preview:-1"},"canonical":"https:\/\/sms-txt.net\/es\/piratear\/ss7-hacking-software-server\/","og_locale":"es_ES","og_type":"article","og_title":"SS7 Hacking Server","og_description":"Using a SS7 Hacking Server you can easily track location, intercept SMS, intercept Calls, and Phone Tapping just with phone number from any country.","og_url":"https:\/\/sms-txt.net\/es\/piratear\/ss7-hacking-software-server\/","og_site_name":"SS7 Hacking","article_modified_time":"2026-02-24T00:05:30+00:00","og_image":[{"width":512,"height":512,"url":"https:\/\/sms-txt.net\/wp-content\/uploads\/2023\/11\/cropped-fav2.jpg","type":"image\/jpeg"}],"twitter_card":"summary_large_image","twitter_misc":{"Est. reading time":"3 minutes"},"schema":{"@context":"https:\/\/schema.org","@graph":[{"@type":"WebPage","@id":"https:\/\/sms-txt.net\/hack\/ss7-hacking-software-server\/","url":"https:\/\/sms-txt.net\/hack\/ss7-hacking-software-server\/","name":"SS7 Hacking Software - Rastrear la ubicaci\u00f3n e interceptar SMS","isPartOf":{"@id":"https:\/\/sms-txt.net\/#website"},"primaryImageOfPage":{"@id":"https:\/\/sms-txt.net\/hack\/ss7-hacking-software-server\/#primaryimage"},"image":{"@id":"https:\/\/sms-txt.net\/hack\/ss7-hacking-software-server\/#primaryimage"},"thumbnailUrl":"https:\/\/sms-txt.net\/wp-content\/uploads\/2023\/11\/cropped-fav2.jpg","datePublished":"2023-12-18T13:05:05+00:00","dateModified":"2026-02-24T00:05:30+00:00","description":"Usando un Servidor de Hacking SS7 usted puede f\u00e1cilmente rastrear la ubicaci\u00f3n, interceptar SMS, interceptar Llamadas, e Interceptar el Tel\u00e9fono s\u00f3lo con el n\u00famero de tel\u00e9fono de cualquier pa\u00eds.","breadcrumb":{"@id":"https:\/\/sms-txt.net\/hack\/ss7-hacking-software-server\/#breadcrumb"},"inLanguage":"es-ES","potentialAction":[{"@type":"ReadAction","target":["https:\/\/sms-txt.net\/hack\/ss7-hacking-software-server\/"]}]},{"@type":"ImageObject","inLanguage":"es-ES","@id":"https:\/\/sms-txt.net\/hack\/ss7-hacking-software-server\/#primaryimage","url":"https:\/\/sms-txt.net\/wp-content\/uploads\/2023\/11\/cropped-fav2.jpg","contentUrl":"https:\/\/sms-txt.net\/wp-content\/uploads\/2023\/11\/cropped-fav2.jpg","width":512,"height":512},{"@type":"BreadcrumbList","@id":"https:\/\/sms-txt.net\/hack\/ss7-hacking-software-server\/#breadcrumb","itemListElement":[{"@type":"ListItem","position":1,"name":"Home","item":"https:\/\/sms-txt.net\/"},{"@type":"ListItem","position":2,"name":"Order SS7 Server Access","item":"https:\/\/sms-txt.net\/shop\/"},{"@type":"ListItem","position":3,"name":"SS7 Hacking Server"}]},{"@type":"WebSite","@id":"https:\/\/sms-txt.net\/#website","url":"https:\/\/sms-txt.net\/","name":"Hackeo SS7","description":"","publisher":{"@id":"https:\/\/sms-txt.net\/#organization"},"potentialAction":[{"@type":"SearchAction","target":{"@type":"EntryPoint","urlTemplate":"https:\/\/sms-txt.net\/?s={search_term_string}"},"query-input":{"@type":"PropertyValueSpecification","valueRequired":true,"valueName":"search_term_string"}}],"inLanguage":"es-ES"},{"@type":"Organization","@id":"https:\/\/sms-txt.net\/#organization","name":"SS7","url":"https:\/\/sms-txt.net\/","logo":{"@type":"ImageObject","inLanguage":"es-ES","@id":"https:\/\/sms-txt.net\/#\/schema\/logo\/image\/","url":"https:\/\/yellow-jaguar-454368.hostingersite.com\/wp-content\/uploads\/2020\/05\/logo.jpg","contentUrl":"https:\/\/yellow-jaguar-454368.hostingersite.com\/wp-content\/uploads\/2020\/05\/logo.jpg","width":866,"height":680,"caption":"SS7"},"image":{"@id":"https:\/\/sms-txt.net\/#\/schema\/logo\/image\/"}}]}},"wcpa_form_fields":{"wcpaData":{"product":{"product_price":0,"price_html":"<span class=\"woocommerce-Price-amount amount\"><bdi><span class=\"woocommerce-Price-currencySymbol\">&#36;<\/span>0.00<\/bdi><\/span>","original_product_price":0,"price_including_tax":0,"price_excluding_tax":0,"product_id":{"parent":3985,"variation":false},"is_variable":false,"stock_status":"instock","stock_quantity":null,"parent_sku":"","product_attributes":[],"custom_fields":[],"is_taxable":false,"product_name":"SS7 Hacking Server"},"fields":{"sec_067a0a7807603f":{"extra":{"key":"sec_067a0a7807603f","section_id":"sec_067a0a7807603f","name":"Default","status":1,"cl_rule":"show","enableCl":false,"relations":[],"toggle":true,"title_tag":"h3","show_title":false,"showPrice":"default","form_id":3984,"form_rules":{"exclude_from_discount":false,"fee_label":"Fee","disp_hide_options_price":false,"disp_show_section_price":false,"disp_show_field_price":true,"layout_option":"standard","pric_use_as_fee":false,"process_fee_as":"woo_fee"},"layout_option":"standard"},"fields":[[{"type":"checkbox-group","required":true,"elementId":"wcpa-checkbox-group-1702904095682","label":"Server Type","enablePrice":true,"priceOptions":"different_for_all","pricingType":"fixed","name":"checkbox-group-1702904095682","min_options":"1","max_options":"1","other_text":"Other","cl_rule":"show","col":6,"values":[{"label":"Trial - 1 Day - 1 Intercept","value":"trial","price":"200","pimage":"","pimage_id":"","pthumb":"","tempId":"aco_23","gt_translate_keys":["label"]},{"label":"Week - 7 Days - 5 Intercepts","value":"limited1","price":"600","pimage":"","pimage_id":"","pthumb":"","tempId":"aco_24","gt_translate_keys":["label"]},{"label":"Unlimited - Per Month","value":"unlimited1","price":"1500","pimage":"","pimage_id":"","pthumb":"","tempId":"aco_25","gt_translate_keys":["label"]},{"label":"Reseller with API","value":"reseller","price":"9500","pimage":"","pimage_id":"","pthumb":"","tempId":"aco_26","gt_translate_keys":["label"]},{"label":"Lifetime","value":"lifet","price":"20000","pimage":"","pimage_id":"","pthumb":"","tempId":"aco_27","gt_translate_keys":["label"]}],"relations":false,"price":0,"active":true,"tooltip":"","layOut":"","checkUi":"","error":false,"gt_translate_keys":["label","tooltip"],"price_dependency":false,"cl_dependency":["wcpa-checkbox-group-1702904332327","wcpa-checkbox-group-1705656036644","wcpa-checkbox-group-1702904560878","wcpa-checkbox-group-1728393798138"],"value":""}],[{"type":"checkbox-group","required":true,"elementId":"wcpa-checkbox-group-1702904332327","label":"Limited Server Capabilities","description":"3 Intercepts Total","enablePrice":false,"priceOptions":"different_for_all","pricingType":"fixed","name":"checkbox-group-1702904332327","min_options":"1","other_text":"Other","enableCl":true,"cl_rule":"show","cl_val":"limited1","col":6,"values":[{"label":"SMS Intercept","value":"smsintercept1","price":"300","pimage":"","pimage_id":"","pthumb":"","gt_translate_keys":["label"]},{"label":"Call Intercept (max 2 min\/call)","value":"callintercept1","price":"300","pimage":"","pimage_id":"","pthumb":"","gt_translate_keys":["label"]},{"label":"Call Redirect","value":"callredirec","price":"300","pimage":"","pimage_id":"","pthumb":"","gt_translate_keys":["label"]},{"label":"Location Tracking","value":"locationtracking1","price":"300","pimage":"","pimage_id":"","pthumb":"","gt_translate_keys":["label"]}],"relations":[{"operator":false,"rules":[{"operator":false,"rules":{"cl_field":"wcpa-checkbox-group-1702904095682","cl_relation":"is","cl_val":"limited1"}}]}],"price":0,"active":true,"tooltip":"","layOut":"","checkUi":"","error":false,"max_options":"1","gt_translate_keys":["label","description","tooltip"],"price_dependency":false,"cl_dependency":false,"value":""}],[{"type":"checkbox-group","required":true,"elementId":"wcpa-checkbox-group-1705656036644","label":"Trial Server Capabilities","description":"1 Intercept Total","enablePrice":false,"priceOptions":"different_for_all","pricingType":"fixed","name":"checkbox-group-1705656036642","min_options":"1","other_text":"Other","enableCl":true,"cl_rule":"show","cl_val":"trial","col":6,"values":[{"label":"SMS Intercept","value":"smsintercept1","price":"100","pimage":"","pimage_id":"","pthumb":"","tempId":"aco_145","gt_translate_keys":["label"]},{"label":"Call Intercept (max 30 sec\/call)","value":"callintercept1","price":"100","pimage":"","pimage_id":"","pthumb":"","tempId":"aco_146","gt_translate_keys":["label"]},{"label":"Location Tracking  (city only)","value":"locationtracking1","price":"100","pimage":"","pimage_id":"","pthumb":"","tempId":"aco_147","gt_translate_keys":["label"]}],"relations":[{"operator":false,"rules":[{"operator":false,"rules":{"cl_field":"wcpa-checkbox-group-1702904095682","cl_relation":"is","cl_val":"trial"}}]}],"price":0,"active":true,"tooltip":"","layOut":"","error":false,"checkUi":"","max_options":"1","gt_translate_keys":["label","description","tooltip"],"price_dependency":false,"cl_dependency":false,"value":""}],[{"type":"checkbox-group","required":true,"elementId":"wcpa-checkbox-group-1702904560878","label":"Unlimited Server Capabilities","enablePrice":true,"priceOptions":"different_for_all","pricingType":"fixed","name":"checkbox-group-1702904560878","min_options":"1","other_text":"Other","enableCl":true,"cl_rule":"show","cl_val":"unlimited1","col":6,"values":[{"label":"SMS Intercept","value":"smsintercept2","price":"0","pimage":"","pimage_id":"","pthumb":"","gt_translate_keys":["label"]},{"label":"Call Intercept & Call Redirect","value":"callintercept2","price":"0","pimage":"","pimage_id":"","pthumb":"","gt_translate_keys":["label"]},{"label":"Location Tracking ","value":"locationtracking2","price":"0","pimage":"","pimage_id":"","pthumb":"","gt_translate_keys":["label"]},{"label":"Live Call Recording","value":"livecallrecord","price":"500","pimage":"","pimage_id":"","pthumb":"","gt_translate_keys":["label"]},{"label":"Spoof SMS & Call","value":"spoofsmscall","price":"500","pimage":"","pimage_id":"","pthumb":"","gt_translate_keys":["label"]}],"relations":[{"operator":false,"rules":[{"operator":false,"rules":{"cl_field":"wcpa-checkbox-group-1702904095682","cl_relation":"is","cl_val":"unlimited1"}}]}],"price":0,"active":true,"tooltip":"","layOut":"","checkUi":"","error":false,"gt_translate_keys":["label","tooltip"],"price_dependency":false,"cl_dependency":false,"value":""}],[{"type":"checkbox-group","required":true,"elementId":"wcpa-checkbox-group-1728393798138","label":"Lifetime Protocols","enablePrice":true,"priceOptions":"different_for_all","pricingType":"fixed","name":"checkbox-group-1728393798137","min_options":"1","other_text":"Other","enableCl":true,"cl_rule":"show","cl_val":"lifet","col":6,"values":[{"label":"SS7 - 2G 3G","value":"2g23","price":"0","pimage":"","pimage_id":"","pthumb":"","gt_translate_keys":["label"]},{"label":"Diameter - 4G","value":"4g","price":"5000","pimage":"","pimage_id":"","pthumb":"","gt_translate_keys":["label"]},{"label":"HTTP\/2 - 5G","value":"5g","price":"5000","pimage":"","pimage_id":"","pthumb":"","gt_translate_keys":["label"]}],"relations":[{"operator":false,"rules":[{"operator":false,"rules":{"cl_field":"wcpa-checkbox-group-1702904095682","cl_relation":"is","cl_val":"lifet"}}]}],"price":0,"active":true,"tooltip":"","layOut":"","error":false,"gt_translate_keys":["label","tooltip"],"price_dependency":false,"cl_dependency":false,"value":""}]]}},"config":{"price_override":"","enable_recaptcha":false,"bind_quantity":false,"quantity_bind_formula":false,"disp_summ_show_option_price":false,"disp_summ_show_product_price":false,"disp_summ_show_total_price":true,"disp_summ_show_fee":false,"disp_summ_show_discount":false,"summary_title":"","options_total_label":"Options Price","total_label":"Total","options_product_label":"Product Price","fee_label":"Fee","discount_label":"Discount","has_price":true,"has_quantity_formula":false},"mc_unit":1,"tax_rate":1,"tax_rate_real":1,"discount":{"percentage":0,"fixed":0},"design":{"conf":{"LabelPosition":"above","DescPosition":"above","UploadField":"custom_1","QuantityFieldStyle":"default"},"css":{"LeftLabelWidth":"120px"}},"formulas":[],"clones":false,"cartKey":false}},"_links":{"self":[{"href":"https:\/\/sms-txt.net\/es\/wp-json\/wp\/v2\/product\/3985","targetHints":{"allow":["GET"]}}],"collection":[{"href":"https:\/\/sms-txt.net\/es\/wp-json\/wp\/v2\/product"}],"about":[{"href":"https:\/\/sms-txt.net\/es\/wp-json\/wp\/v2\/types\/product"}],"wp:featuredmedia":[{"embeddable":true,"href":"https:\/\/sms-txt.net\/es\/wp-json\/wp\/v2\/media\/3796"}],"wp:attachment":[{"href":"https:\/\/sms-txt.net\/es\/wp-json\/wp\/v2\/media?parent=3985"}],"wp:term":[{"taxonomy":"product_brand","embeddable":true,"href":"https:\/\/sms-txt.net\/es\/wp-json\/wp\/v2\/product_brand?post=3985"},{"taxonomy":"product_cat","embeddable":true,"href":"https:\/\/sms-txt.net\/es\/wp-json\/wp\/v2\/product_cat?post=3985"},{"taxonomy":"product_tag","embeddable":true,"href":"https:\/\/sms-txt.net\/es\/wp-json\/wp\/v2\/product_tag?post=3985"}],"curies":[{"name":"wp","href":"https:\/\/api.w.org\/{rel}","templated":true}]}}