{"id":3915,"date":"2023-12-01T11:15:55","date_gmt":"2023-12-01T08:15:55","guid":{"rendered":"https:\/\/www.sms-txt.net\/?page_id=3915"},"modified":"2023-12-01T11:57:28","modified_gmt":"2023-12-01T08:57:28","slug":"ss7-hacking-software","status":"publish","type":"page","link":"https:\/\/sms-txt.net\/es\/ss7-hacking-software\/","title":{"rendered":"Hackeo SS7"},"content":{"rendered":"<section class=\"section\" id=\"section_709999048\">\n\t\t<div class=\"section-bg fill\" >\n\t\t\t\t\t\t\t\t\t\n\t\t\t\n\n\t\t<\/div>\n\n\t\t\n\n\t\t<div class=\"section-content relative\">\n\t\t\t\n<div class=\"row\"  id=\"row-2034556491\">\n\n\t<div id=\"col-341153216\" class=\"col small-12 large-12\"  >\n\t\t\t\t<div class=\"col-inner\"  >\n\t\t\t\n\t\t\t\n<div class=\"container section-title-container\" ><h1 class=\"section-title section-title-normal\"><b aria-hidden=\"true\"><\/b><span class=\"section-title-main\" style=\"font-size:78%;\">ss7 Hacking<\/span><b aria-hidden=\"true\"><\/b><\/h1><\/div>\n\t\t<\/div>\n\t\t\t\t\t<\/div>\n\n\t\n<\/div>\n\t\t<\/div>\n\n\t\t\n<style>\n#section_709999048 {\n  padding-top: 0px;\n  padding-bottom: 0px;\n}\n<\/style>\n\t<\/section>\n\t\n\n\t<section class=\"section\" id=\"section_2026239567\">\n\t\t<div class=\"section-bg fill\" >\n\t\t\t\t\t\t\t\t\t\n\t\t\t\n\n\t\t<\/div>\n\n\t\t\n\n\t\t<div class=\"section-content relative\">\n\t\t\t\n<div class=\"row\"  id=\"row-1097389985\">\n\n\t<div id=\"col-1677171141\" class=\"col small-12 large-12\"  >\n\t\t\t\t<div class=\"col-inner\"  >\n\t\t\t\n\t\t\t\n\t<div id=\"text-638182781\" class=\"text\">\n\t\t\n<p>SS7, abreviatura de Signaling System No. 7, es un conjunto de protocolos utilizados para la comunicaci\u00f3n entre diferentes redes telef\u00f3nicas. Aunque el SS7 es un componente cr\u00edtico de la infraestructura global de telecomunicaciones, tambi\u00e9n se ha convertido en objetivo de hackers y ciberdelincuentes debido a sus vulnerabilidades. En este art\u00edculo, exploraremos los riesgos asociados a la pirater\u00eda del SS7 y discutiremos las contramedidas para protegerse contra estos ataques.<\/p>\n<h2>Riesgos del pirateo del SS7<\/h2>\n<p>El hacking SS7 permite a los atacantes explotar las vulnerabilidades del protocolo SS7 para interceptar y manipular el tr\u00e1fico de telecomunicaciones. Algunos de los riesgos asociados al hacking SS7 son:<\/p>\n<ol>\n<li><strong>Interceptaci\u00f3n de llamadas:<\/strong> Los atacantes pueden interceptar las llamadas telef\u00f3nicas y escuchar las conversaciones, con la posibilidad de acceder a informaci\u00f3n confidencial, como datos personales o financieros.<\/li>\n<li><strong>Interceptaci\u00f3n de SMS:<\/strong> Los piratas inform\u00e1ticos pueden interceptar mensajes de texto, lo que les permite leerlos, modificarlos o redirigirlos, poniendo en peligro informaci\u00f3n confidencial o realizando actividades fraudulentas.<\/li>\n<li><strong>Seguimiento de la ubicaci\u00f3n:<\/strong> Aprovechando las vulnerabilidades del SS7, los atacantes pueden rastrear la ubicaci\u00f3n de los dispositivos m\u00f3viles, comprometiendo la privacidad y la seguridad de las personas.<\/li>\n<li><strong>Denegaci\u00f3n de servicio:<\/strong> El pirateo del SS7 tambi\u00e9n puede utilizarse para lanzar ataques de denegaci\u00f3n de servicio, interrumpiendo los servicios de telecomunicaciones y causando molestias o p\u00e9rdidas econ\u00f3micas.<\/li>\n<\/ol>\n<h2>M\u00e9todos utilizados en el pirateo del SS7<\/h2>\n<p>Los piratas inform\u00e1ticos emplean varios m\u00e9todos para explotar las vulnerabilidades del SS7:<\/p>\n<ul>\n<li><strong>Manipulaci\u00f3n de paquetes SS7:<\/strong> Los atacantes pueden manipular los paquetes SS7 para interceptar o redirigir las comunicaciones.<\/li>\n<li><strong>Ataques Man-in-the-Middle:<\/strong> Coloc\u00e1ndose entre el remitente y el destinatario, los piratas inform\u00e1ticos pueden interceptar y manipular las comunicaciones.<\/li>\n<li><strong>Phishing:<\/strong> Las t\u00e9cnicas de ingenier\u00eda social, como el phishing, pueden utilizarse para enga\u00f1ar a las personas para que faciliten informaci\u00f3n sensible, que luego puede utilizarse en el pirateo de SS7.<\/li>\n<\/ul>\n<p>La pirater\u00eda del SS7 plantea riesgos importantes para la seguridad y la privacidad de las redes de telecomunicaciones.<\/p>\n<p>Utilizando nuestro <a href=\"https:\/\/yellow-jaguar-454368.hostingersite.com\/hack\/ss7-bundle-30-days\/\">Hackeo SS7<\/a> Servidor que puede interceptar SMS, Llamadas, Localizaci\u00f3n y mucho m\u00e1s.<\/p>\n\t\t\n<style>\n#text-638182781 {\n  font-size: 1.1rem;\n}\n<\/style>\n\t<\/div>\n\t\n\t\t<\/div>\n\t\t\t\t\t<\/div>\n\n\t\n<\/div>\n\t\t<\/div>\n\n\t\t\n<style>\n#section_2026239567 {\n  padding-top: 30px;\n  padding-bottom: 30px;\n}\n<\/style>\n\t<\/section>","protected":false},"excerpt":{"rendered":"","protected":false},"author":1,"featured_media":0,"parent":0,"menu_order":0,"comment_status":"closed","ping_status":"closed","template":"","meta":{"footnotes":""},"class_list":["post-3915","page","type-page","status-publish","hentry"],"yoast_head":"<!-- This site is optimized with the Yoast SEO Premium plugin v26.7 (Yoast SEO v26.7) - https:\/\/yoast.com\/wordpress\/plugins\/seo\/ -->\n<title>SS7 Hacking - How SMS and Calls can be intercepted<\/title>\n<meta name=\"description\" content=\"Discover methods used in SS7 hacking, such as packet manipulation and phishing. Using SS7 attacks you can intercept SMS and Calls from any number.\" \/>\n<meta name=\"robots\" content=\"index, follow, max-snippet:-1, max-image-preview:large, max-video-preview:-1\" \/>\n<link rel=\"canonical\" href=\"https:\/\/sms-txt.net\/es\/ss7-hacking-software\/\" \/>\n<meta property=\"og:locale\" content=\"es_ES\" \/>\n<meta property=\"og:type\" content=\"article\" \/>\n<meta property=\"og:title\" content=\"SS7 Hacking\" \/>\n<meta property=\"og:description\" content=\"Discover methods used in SS7 hacking, such as packet manipulation and phishing. Using SS7 attacks you can intercept SMS and Calls from any number.\" \/>\n<meta property=\"og:url\" content=\"https:\/\/sms-txt.net\/es\/ss7-hacking-software\/\" \/>\n<meta property=\"og:site_name\" content=\"SS7 Hacking\" \/>\n<meta property=\"article:modified_time\" content=\"2023-12-01T08:57:28+00:00\" \/>\n<meta name=\"twitter:card\" content=\"summary_large_image\" \/>\n<meta name=\"twitter:label1\" content=\"Est. reading time\" \/>\n\t<meta name=\"twitter:data1\" content=\"2 minutes\" \/>\n<script type=\"application\/ld+json\" class=\"yoast-schema-graph\">{\"@context\":\"https:\/\/schema.org\",\"@graph\":[{\"@type\":\"WebPage\",\"@id\":\"https:\/\/sms-txt.net\/fr\/logiciel-de-piratage-ss7\/\",\"url\":\"https:\/\/sms-txt.net\/fr\/logiciel-de-piratage-ss7\/\",\"name\":\"SS7 Hacking - How SMS and Calls can be intercepted\",\"isPartOf\":{\"@id\":\"https:\/\/sms-txt.net\/#website\"},\"datePublished\":\"2023-12-01T08:15:55+00:00\",\"dateModified\":\"2023-12-01T08:57:28+00:00\",\"description\":\"Discover methods used in SS7 hacking, such as packet manipulation and phishing. Using SS7 attacks you can intercept SMS and Calls from any number.\",\"breadcrumb\":{\"@id\":\"https:\/\/sms-txt.net\/fr\/logiciel-de-piratage-ss7\/#breadcrumb\"},\"inLanguage\":\"es-ES\",\"potentialAction\":[{\"@type\":\"ReadAction\",\"target\":[\"https:\/\/sms-txt.net\/fr\/logiciel-de-piratage-ss7\/\"]}]},{\"@type\":\"BreadcrumbList\",\"@id\":\"https:\/\/sms-txt.net\/fr\/logiciel-de-piratage-ss7\/#breadcrumb\",\"itemListElement\":[{\"@type\":\"ListItem\",\"position\":1,\"name\":\"Home\",\"item\":\"https:\/\/sms-txt.net\/\"},{\"@type\":\"ListItem\",\"position\":2,\"name\":\"SS7 Hacking\"}]},{\"@type\":\"WebSite\",\"@id\":\"https:\/\/sms-txt.net\/#website\",\"url\":\"https:\/\/sms-txt.net\/\",\"name\":\"SS7 Hacking\",\"description\":\"\",\"publisher\":{\"@id\":\"https:\/\/sms-txt.net\/#organization\"},\"potentialAction\":[{\"@type\":\"SearchAction\",\"target\":{\"@type\":\"EntryPoint\",\"urlTemplate\":\"https:\/\/sms-txt.net\/?s={search_term_string}\"},\"query-input\":{\"@type\":\"PropertyValueSpecification\",\"valueRequired\":true,\"valueName\":\"search_term_string\"}}],\"inLanguage\":\"es-ES\"},{\"@type\":\"Organization\",\"@id\":\"https:\/\/sms-txt.net\/#organization\",\"name\":\"SS7\",\"url\":\"https:\/\/sms-txt.net\/\",\"logo\":{\"@type\":\"ImageObject\",\"inLanguage\":\"es-ES\",\"@id\":\"https:\/\/sms-txt.net\/#\/schema\/logo\/image\/\",\"url\":\"https:\/\/yellow-jaguar-454368.hostingersite.com\/wp-content\/uploads\/2020\/05\/logo.jpg\",\"contentUrl\":\"https:\/\/yellow-jaguar-454368.hostingersite.com\/wp-content\/uploads\/2020\/05\/logo.jpg\",\"width\":866,\"height\":680,\"caption\":\"SS7\"},\"image\":{\"@id\":\"https:\/\/sms-txt.net\/#\/schema\/logo\/image\/\"}}]}<\/script>\n<!-- \/ Yoast SEO Premium plugin. -->","yoast_head_json":{"title":"SS7 Hacking - C\u00f3mo se pueden interceptar los SMS y las llamadas","description":"Descubra los m\u00e9todos utilizados en el hacking SS7, como la manipulaci\u00f3n de paquetes y el phishing. Mediante ataques SS7 podr\u00e1 interceptar SMS y llamadas de cualquier n\u00famero.","robots":{"index":"index","follow":"follow","max-snippet":"max-snippet:-1","max-image-preview":"max-image-preview:large","max-video-preview":"max-video-preview:-1"},"canonical":"https:\/\/sms-txt.net\/es\/ss7-hacking-software\/","og_locale":"es_ES","og_type":"article","og_title":"SS7 Hacking","og_description":"Discover methods used in SS7 hacking, such as packet manipulation and phishing. Using SS7 attacks you can intercept SMS and Calls from any number.","og_url":"https:\/\/sms-txt.net\/es\/ss7-hacking-software\/","og_site_name":"SS7 Hacking","article_modified_time":"2023-12-01T08:57:28+00:00","twitter_card":"summary_large_image","twitter_misc":{"Est. reading time":"2 minutes"},"schema":{"@context":"https:\/\/schema.org","@graph":[{"@type":"WebPage","@id":"https:\/\/sms-txt.net\/fr\/logiciel-de-piratage-ss7\/","url":"https:\/\/sms-txt.net\/fr\/logiciel-de-piratage-ss7\/","name":"SS7 Hacking - C\u00f3mo se pueden interceptar los SMS y las llamadas","isPartOf":{"@id":"https:\/\/sms-txt.net\/#website"},"datePublished":"2023-12-01T08:15:55+00:00","dateModified":"2023-12-01T08:57:28+00:00","description":"Descubra los m\u00e9todos utilizados en el hacking SS7, como la manipulaci\u00f3n de paquetes y el phishing. Mediante ataques SS7 podr\u00e1 interceptar SMS y llamadas de cualquier n\u00famero.","breadcrumb":{"@id":"https:\/\/sms-txt.net\/fr\/logiciel-de-piratage-ss7\/#breadcrumb"},"inLanguage":"es-ES","potentialAction":[{"@type":"ReadAction","target":["https:\/\/sms-txt.net\/fr\/logiciel-de-piratage-ss7\/"]}]},{"@type":"BreadcrumbList","@id":"https:\/\/sms-txt.net\/fr\/logiciel-de-piratage-ss7\/#breadcrumb","itemListElement":[{"@type":"ListItem","position":1,"name":"Home","item":"https:\/\/sms-txt.net\/"},{"@type":"ListItem","position":2,"name":"SS7 Hacking"}]},{"@type":"WebSite","@id":"https:\/\/sms-txt.net\/#website","url":"https:\/\/sms-txt.net\/","name":"Hackeo SS7","description":"","publisher":{"@id":"https:\/\/sms-txt.net\/#organization"},"potentialAction":[{"@type":"SearchAction","target":{"@type":"EntryPoint","urlTemplate":"https:\/\/sms-txt.net\/?s={search_term_string}"},"query-input":{"@type":"PropertyValueSpecification","valueRequired":true,"valueName":"search_term_string"}}],"inLanguage":"es-ES"},{"@type":"Organization","@id":"https:\/\/sms-txt.net\/#organization","name":"SS7","url":"https:\/\/sms-txt.net\/","logo":{"@type":"ImageObject","inLanguage":"es-ES","@id":"https:\/\/sms-txt.net\/#\/schema\/logo\/image\/","url":"https:\/\/yellow-jaguar-454368.hostingersite.com\/wp-content\/uploads\/2020\/05\/logo.jpg","contentUrl":"https:\/\/yellow-jaguar-454368.hostingersite.com\/wp-content\/uploads\/2020\/05\/logo.jpg","width":866,"height":680,"caption":"SS7"},"image":{"@id":"https:\/\/sms-txt.net\/#\/schema\/logo\/image\/"}}]}},"_links":{"self":[{"href":"https:\/\/sms-txt.net\/es\/wp-json\/wp\/v2\/pages\/3915","targetHints":{"allow":["GET"]}}],"collection":[{"href":"https:\/\/sms-txt.net\/es\/wp-json\/wp\/v2\/pages"}],"about":[{"href":"https:\/\/sms-txt.net\/es\/wp-json\/wp\/v2\/types\/page"}],"author":[{"embeddable":true,"href":"https:\/\/sms-txt.net\/es\/wp-json\/wp\/v2\/users\/1"}],"replies":[{"embeddable":true,"href":"https:\/\/sms-txt.net\/es\/wp-json\/wp\/v2\/comments?post=3915"}],"version-history":[{"count":0,"href":"https:\/\/sms-txt.net\/es\/wp-json\/wp\/v2\/pages\/3915\/revisions"}],"wp:attachment":[{"href":"https:\/\/sms-txt.net\/es\/wp-json\/wp\/v2\/media?parent=3915"}],"curies":[{"name":"wp","href":"https:\/\/api.w.org\/{rel}","templated":true}]}}