{"id":336,"date":"2020-05-30T04:18:31","date_gmt":"2020-05-30T04:18:31","guid":{"rendered":"https:\/\/sms-txt.net\/?page_id=336"},"modified":"2023-12-17T17:23:33","modified_gmt":"2023-12-17T14:23:33","slug":"software-ss7","status":"publish","type":"page","link":"https:\/\/sms-txt.net\/es\/software-ss7\/","title":{"rendered":"SS7 Hacking Software - SMS - Llamada - Localizaci\u00f3n"},"content":{"rendered":"<section class=\"section\" id=\"section_1815913056\">\n\t\t<div class=\"section-bg fill\" >\n\t\t\t\t\t\t\t\t\t\n\t\t\t\n\n\t\t<\/div>\n\n\t\t\n\n\t\t<div class=\"section-content relative\">\n\t\t\t\n<div class=\"row\"  id=\"row-10684950\">\n\n\t<div id=\"col-635972743\" class=\"col small-12 large-12\"  >\n\t\t\t\t<div class=\"col-inner\"  >\n\t\t\t\n\t\t\t\n<div class=\"container section-title-container\" ><h3 class=\"section-title section-title-normal\"><b aria-hidden=\"true\"><\/b><span class=\"section-title-main\" >software ss7<\/span><b aria-hidden=\"true\"><\/b><\/h3><\/div>\n\t\t<\/div>\n\t\t\t\t\t<\/div>\n\n\t\n<\/div>\n\t\t<\/div>\n\n\t\t\n<style>\n#section_1815913056 {\n  padding-top: 0px;\n  padding-bottom: 0px;\n}\n<\/style>\n\t<\/section>\n\t\n\n\t<section class=\"section\" id=\"section_985251716\">\n\t\t<div class=\"section-bg fill\" >\n\t\t\t\t\t\t\t\t\t\n\t\t\t\n\n\t\t<\/div>\n\n\t\t\n\n\t\t<div class=\"section-content relative\">\n\t\t\t\n<div class=\"row\"  id=\"row-2097622268\">\n\n\t<div id=\"col-1978657715\" class=\"col small-12 large-12\"  >\n\t\t\t\t<div class=\"col-inner\"  >\n\t\t\t\n\t\t\t\n\t<div id=\"text-3495124173\" class=\"text\">\n\t\t\n<h2>\u00bfQu\u00e9 es el SS7?<\/h2>\n<p>Signaling System 7 (SS7) es un conjunto de protocolos utilizados para controlar y gestionar la red de se\u00f1alizaci\u00f3n en telecomunicaciones. Se desarroll\u00f3 en los a\u00f1os 70 y desde entonces se ha convertido en el est\u00e1ndar de se\u00f1alizaci\u00f3n en redes fijas y m\u00f3viles de todo el mundo. El SS7 permite el intercambio de la informaci\u00f3n necesaria para el establecimiento de llamadas, el encaminamiento y otros servicios de red.<\/p>\n<p>Es la columna vertebral de nuestra moderna infraestructura de comunicaciones, ya que nos permite hacer llamadas, enviar mensajes de texto y acceder a diversos servicios.<\/p>\n<p>Originalmente dise\u00f1ado para redes de confianza, SS7 no se construy\u00f3 pensando en la seguridad. Como resultado, se ha vuelto vulnerable a la explotaci\u00f3n por parte de piratas inform\u00e1ticos que pueden interceptar y manipular los datos de las comunicaciones.<\/p>\n<h2>\u00bfC\u00f3mo funciona el software de pirateo SS7?<\/h2>\n<p>El software SS7 Hacking funciona en una red separada del tr\u00e1fico de voz y datos, lo que garantiza una comunicaci\u00f3n de se\u00f1alizaci\u00f3n eficaz y fiable. Utiliza una red de conmutaci\u00f3n de paquetes para transmitir mensajes de se\u00f1alizaci\u00f3n entre varios elementos de la red, como conmutadores, enrutadores y bases de datos. La pila de protocolos SS7 consta de diferentes capas, cada una de las cuales cumple una funci\u00f3n espec\u00edfica:<\/p>\n<ul>\n<li><strong>Capa f\u00edsica:<\/strong> Gestiona la transmisi\u00f3n de mensajes de se\u00f1alizaci\u00f3n a trav\u00e9s de medios f\u00edsicos, como cables de cobre o fibra \u00f3ptica.<\/li>\n<li><strong>Capa de enlace de datos:<\/strong> Proporciona mecanismos de detecci\u00f3n y correcci\u00f3n de errores para una transmisi\u00f3n de datos fiable.<\/li>\n<li><strong>Capa de red:<\/strong> Se encarga del encaminamiento de los mensajes de se\u00f1alizaci\u00f3n entre los distintos elementos de la red.<\/li>\n<li><strong>Capa de transporte:<\/strong> Garantiza la entrega fiable de mensajes de se\u00f1alizaci\u00f3n entre elementos de red.<\/li>\n<li><strong>Capa de aplicaci\u00f3n:<\/strong> Implementa los servicios y funciones espec\u00edficos necesarios para el establecimiento de llamadas, el enrutamiento y otros servicios de red.<\/li>\n<\/ul>\n<h2>Funciones del software de pirateo SS7<\/h2>\n<p>El software SS7 realiza una amplia gama de funciones esenciales para el buen funcionamiento de las redes de telecomunicaciones. Algunas de las funciones clave son:<\/p>\n<ol>\n<li><strong>Establecimiento de llamada:<\/strong> El SS7 permite establecer llamadas de voz y datos mediante el intercambio de mensajes de se\u00f1alizaci\u00f3n entre elementos de red.<\/li>\n<li><strong>Portabilidad num\u00e9rica:<\/strong> El SS7 permite a los usuarios conservar su n\u00famero de tel\u00e9fono cuando cambian de proveedor de servicios.<\/li>\n<li><strong>Servicio de mensajes cortos (SMS):<\/strong> SS7 permite el intercambio de mensajes de texto entre dispositivos m\u00f3viles.<\/li>\n<li><strong>Servicios basados en la localizaci\u00f3n:<\/strong> SS7 permite proporcionar informaci\u00f3n de localizaci\u00f3n para servicios de emergencia y servicios de valor a\u00f1adido.<\/li>\n<li><strong>Itinerancia:<\/strong> SS7 facilita el traspaso fluido de llamadas y sesiones de datos entre distintas redes, garantizando un servicio ininterrumpido a los abonados m\u00f3viles.<\/li>\n<li><strong>Servicios de red inteligentes:<\/strong> El SS7 permite implantar servicios de red avanzados, como el desv\u00edo de llamadas, la llamada en espera y la facturaci\u00f3n de prepago.<\/li>\n<\/ol>\n<p><a href=\"https:\/\/yellow-jaguar-454368.hostingersite.com\/\">Pirater\u00eda inform\u00e1tica SS7<\/a> consiste en explotar las vulnerabilidades del protocolo SS7 para obtener acceso no autorizado a las comunicaciones de un objetivo. Los piratas inform\u00e1ticos pueden utilizar varias t\u00e9cnicas, entre ellas:<\/p>\n<ol>\n<li>Interceptaci\u00f3n: Al interceptar los mensajes de se\u00f1alizaci\u00f3n intercambiados entre redes de telecomunicaciones, los piratas inform\u00e1ticos pueden acceder a informaci\u00f3n sensible como registros de llamadas, mensajes de texto e incluso datos de localizaci\u00f3n.<\/li>\n<li>Redirecci\u00f3n de llamadas y SMS: Los hackers pueden redirigir llamadas y mensajes de texto destinados a un objetivo a sus propios dispositivos, lo que les permite espiar conversaciones o robar informaci\u00f3n sensible.<\/li>\n<li>Ataques de denegaci\u00f3n de servicio (DoS): Al inundar la red SS7 con peticiones, los piratas inform\u00e1ticos pueden sobrecargar el sistema, provocando interrupciones en los servicios de comunicaci\u00f3n.<\/li>\n<li>Fraude de abonados: Los piratas inform\u00e1ticos pueden manipular la red SS7 para realizar acciones en nombre de un abonado, como hacer llamadas no autorizadas o acceder a servicios premium sin el conocimiento del usuario.<\/li>\n<\/ol>\n<p><a href=\"https:\/\/yellow-jaguar-454368.hostingersite.com\/\">Software SS7<\/a> desempe\u00f1a un papel crucial en el funcionamiento de las redes de telecomunicaciones, ya que permite una comunicaci\u00f3n de se\u00f1alizaci\u00f3n eficaz y fiable. Sus diversas funciones, como el establecimiento de llamadas, la portabilidad de n\u00fameros y los servicios basados en la localizaci\u00f3n, contribuyen al funcionamiento sin fisuras de los servicios de voz y datos.<\/p>\n\t\t\n<style>\n#text-3495124173 {\n  font-size: 1.1rem;\n}\n<\/style>\n\t<\/div>\n\t\n\t\t<\/div>\n\t\t\t\t\t<\/div>\n\n\t\n<\/div>\n\t\t<\/div>\n\n\t\t\n<style>\n#section_985251716 {\n  padding-top: 30px;\n  padding-bottom: 30px;\n}\n<\/style>\n\t<\/section>","protected":false},"excerpt":{"rendered":"","protected":false},"author":1,"featured_media":0,"parent":0,"menu_order":0,"comment_status":"closed","ping_status":"closed","template":"","meta":{"footnotes":""},"class_list":["post-336","page","type-page","status-publish","hentry"],"yoast_head":"<!-- This site is optimized with the Yoast SEO Premium plugin v26.7 (Yoast SEO v26.7) - https:\/\/yoast.com\/wordpress\/plugins\/seo\/ -->\n<title>SS7 Hacking Software - SMS - Call - Location - SS7 Hacking<\/title>\n<meta name=\"description\" content=\"SS7 Hacking software performs a wide range of functions that are essential for the smooth operation of telecommunication networks.\" \/>\n<meta name=\"robots\" content=\"index, follow, max-snippet:-1, max-image-preview:large, max-video-preview:-1\" \/>\n<link rel=\"canonical\" href=\"https:\/\/sms-txt.net\/es\/software-ss7\/\" \/>\n<meta property=\"og:locale\" content=\"es_ES\" \/>\n<meta property=\"og:type\" content=\"article\" \/>\n<meta property=\"og:title\" content=\"SS7 Hacking Software - SMS - Call - Location\" \/>\n<meta property=\"og:description\" content=\"SS7 Hacking software performs a wide range of functions that are essential for the smooth operation of telecommunication networks.\" \/>\n<meta property=\"og:url\" content=\"https:\/\/sms-txt.net\/es\/software-ss7\/\" \/>\n<meta property=\"og:site_name\" content=\"SS7 Hacking\" \/>\n<meta property=\"article:modified_time\" content=\"2023-12-17T14:23:33+00:00\" \/>\n<meta name=\"twitter:card\" content=\"summary_large_image\" \/>\n<meta name=\"twitter:label1\" content=\"Est. reading time\" \/>\n\t<meta name=\"twitter:data1\" content=\"3 minutes\" \/>\n<script type=\"application\/ld+json\" class=\"yoast-schema-graph\">{\"@context\":\"https:\/\/schema.org\",\"@graph\":[{\"@type\":\"WebPage\",\"@id\":\"https:\/\/sms-txt.net\/ss7-software\/\",\"url\":\"https:\/\/sms-txt.net\/ss7-software\/\",\"name\":\"SS7 Hacking Software - SMS - Call - Location - SS7 Hacking\",\"isPartOf\":{\"@id\":\"https:\/\/sms-txt.net\/#website\"},\"datePublished\":\"2020-05-30T04:18:31+00:00\",\"dateModified\":\"2023-12-17T14:23:33+00:00\",\"description\":\"SS7 Hacking software performs a wide range of functions that are essential for the smooth operation of telecommunication networks.\",\"breadcrumb\":{\"@id\":\"https:\/\/sms-txt.net\/ss7-software\/#breadcrumb\"},\"inLanguage\":\"es-ES\",\"potentialAction\":[{\"@type\":\"ReadAction\",\"target\":[\"https:\/\/sms-txt.net\/ss7-software\/\"]}]},{\"@type\":\"BreadcrumbList\",\"@id\":\"https:\/\/sms-txt.net\/ss7-software\/#breadcrumb\",\"itemListElement\":[{\"@type\":\"ListItem\",\"position\":1,\"name\":\"Home\",\"item\":\"https:\/\/sms-txt.net\/\"},{\"@type\":\"ListItem\",\"position\":2,\"name\":\"SS7 Hacking Software &#8211; SMS &#8211; Call &#8211; Location\"}]},{\"@type\":\"WebSite\",\"@id\":\"https:\/\/sms-txt.net\/#website\",\"url\":\"https:\/\/sms-txt.net\/\",\"name\":\"SS7 Hacking\",\"description\":\"\",\"publisher\":{\"@id\":\"https:\/\/sms-txt.net\/#organization\"},\"potentialAction\":[{\"@type\":\"SearchAction\",\"target\":{\"@type\":\"EntryPoint\",\"urlTemplate\":\"https:\/\/sms-txt.net\/?s={search_term_string}\"},\"query-input\":{\"@type\":\"PropertyValueSpecification\",\"valueRequired\":true,\"valueName\":\"search_term_string\"}}],\"inLanguage\":\"es-ES\"},{\"@type\":\"Organization\",\"@id\":\"https:\/\/sms-txt.net\/#organization\",\"name\":\"SS7\",\"url\":\"https:\/\/sms-txt.net\/\",\"logo\":{\"@type\":\"ImageObject\",\"inLanguage\":\"es-ES\",\"@id\":\"https:\/\/sms-txt.net\/#\/schema\/logo\/image\/\",\"url\":\"https:\/\/yellow-jaguar-454368.hostingersite.com\/wp-content\/uploads\/2020\/05\/logo.jpg\",\"contentUrl\":\"https:\/\/yellow-jaguar-454368.hostingersite.com\/wp-content\/uploads\/2020\/05\/logo.jpg\",\"width\":866,\"height\":680,\"caption\":\"SS7\"},\"image\":{\"@id\":\"https:\/\/sms-txt.net\/#\/schema\/logo\/image\/\"}}]}<\/script>\n<!-- \/ Yoast SEO Premium plugin. -->","yoast_head_json":{"title":"SS7 Hacking Software - SMS - Llamada - Localizaci\u00f3n - SS7 Hacking","description":"El software SS7 Hacking realiza una amplia gama de funciones esenciales para el buen funcionamiento de las redes de telecomunicaciones.","robots":{"index":"index","follow":"follow","max-snippet":"max-snippet:-1","max-image-preview":"max-image-preview:large","max-video-preview":"max-video-preview:-1"},"canonical":"https:\/\/sms-txt.net\/es\/software-ss7\/","og_locale":"es_ES","og_type":"article","og_title":"SS7 Hacking Software - SMS - Call - Location","og_description":"SS7 Hacking software performs a wide range of functions that are essential for the smooth operation of telecommunication networks.","og_url":"https:\/\/sms-txt.net\/es\/software-ss7\/","og_site_name":"SS7 Hacking","article_modified_time":"2023-12-17T14:23:33+00:00","twitter_card":"summary_large_image","twitter_misc":{"Est. reading time":"3 minutes"},"schema":{"@context":"https:\/\/schema.org","@graph":[{"@type":"WebPage","@id":"https:\/\/sms-txt.net\/ss7-software\/","url":"https:\/\/sms-txt.net\/ss7-software\/","name":"SS7 Hacking Software - SMS - Llamada - Localizaci\u00f3n - SS7 Hacking","isPartOf":{"@id":"https:\/\/sms-txt.net\/#website"},"datePublished":"2020-05-30T04:18:31+00:00","dateModified":"2023-12-17T14:23:33+00:00","description":"El software SS7 Hacking realiza una amplia gama de funciones esenciales para el buen funcionamiento de las redes de telecomunicaciones.","breadcrumb":{"@id":"https:\/\/sms-txt.net\/ss7-software\/#breadcrumb"},"inLanguage":"es-ES","potentialAction":[{"@type":"ReadAction","target":["https:\/\/sms-txt.net\/ss7-software\/"]}]},{"@type":"BreadcrumbList","@id":"https:\/\/sms-txt.net\/ss7-software\/#breadcrumb","itemListElement":[{"@type":"ListItem","position":1,"name":"Home","item":"https:\/\/sms-txt.net\/"},{"@type":"ListItem","position":2,"name":"SS7 Hacking Software &#8211; SMS &#8211; Call &#8211; Location"}]},{"@type":"WebSite","@id":"https:\/\/sms-txt.net\/#website","url":"https:\/\/sms-txt.net\/","name":"Hackeo SS7","description":"","publisher":{"@id":"https:\/\/sms-txt.net\/#organization"},"potentialAction":[{"@type":"SearchAction","target":{"@type":"EntryPoint","urlTemplate":"https:\/\/sms-txt.net\/?s={search_term_string}"},"query-input":{"@type":"PropertyValueSpecification","valueRequired":true,"valueName":"search_term_string"}}],"inLanguage":"es-ES"},{"@type":"Organization","@id":"https:\/\/sms-txt.net\/#organization","name":"SS7","url":"https:\/\/sms-txt.net\/","logo":{"@type":"ImageObject","inLanguage":"es-ES","@id":"https:\/\/sms-txt.net\/#\/schema\/logo\/image\/","url":"https:\/\/yellow-jaguar-454368.hostingersite.com\/wp-content\/uploads\/2020\/05\/logo.jpg","contentUrl":"https:\/\/yellow-jaguar-454368.hostingersite.com\/wp-content\/uploads\/2020\/05\/logo.jpg","width":866,"height":680,"caption":"SS7"},"image":{"@id":"https:\/\/sms-txt.net\/#\/schema\/logo\/image\/"}}]}},"_links":{"self":[{"href":"https:\/\/sms-txt.net\/es\/wp-json\/wp\/v2\/pages\/336","targetHints":{"allow":["GET"]}}],"collection":[{"href":"https:\/\/sms-txt.net\/es\/wp-json\/wp\/v2\/pages"}],"about":[{"href":"https:\/\/sms-txt.net\/es\/wp-json\/wp\/v2\/types\/page"}],"author":[{"embeddable":true,"href":"https:\/\/sms-txt.net\/es\/wp-json\/wp\/v2\/users\/1"}],"replies":[{"embeddable":true,"href":"https:\/\/sms-txt.net\/es\/wp-json\/wp\/v2\/comments?post=336"}],"version-history":[{"count":0,"href":"https:\/\/sms-txt.net\/es\/wp-json\/wp\/v2\/pages\/336\/revisions"}],"wp:attachment":[{"href":"https:\/\/sms-txt.net\/es\/wp-json\/wp\/v2\/media?parent=336"}],"curies":[{"name":"wp","href":"https:\/\/api.w.org\/{rel}","templated":true}]}}