{"id":574,"date":"2020-08-02T00:08:52","date_gmt":"2020-08-02T00:08:52","guid":{"rendered":"https:\/\/sms-txt.net\/?page_id=574"},"modified":"2024-10-22T07:03:07","modified_gmt":"2024-10-22T04:03:07","slug":"ss7-angriber-demoer","status":"publish","type":"page","link":"https:\/\/sms-txt.net\/da\/ss7-angriber-demoer\/","title":{"rendered":"Demoer af SS7-angreb"},"content":{"rendered":"<section class=\"section\" id=\"section_1924577573\">\n\t\t<div class=\"section-bg fill\" >\n\t\t\t\t\t\t\t\t\t\n\t\t\t\n\n\t\t<\/div>\n\n\t\t\n\n\t\t<div class=\"section-content relative\">\n\t\t\t\n<div class=\"row\"  id=\"row-605434513\">\n\n\t<div id=\"col-672475849\" class=\"col small-12 large-12\"  >\n\t\t\t\t<div class=\"col-inner\"  >\n\t\t\t\n\t\t\t\n<div class=\"container section-title-container\" ><h3 class=\"section-title section-title-normal\"><b aria-hidden=\"true\"><\/b><span class=\"section-title-main\" >ss7 demo<\/span><b aria-hidden=\"true\"><\/b><\/h3><\/div>\n\t<div id=\"text-4054044224\" class=\"text\">\n\t\t\n<p>Demo, der bruger SS7-serveren til at opfange SMS'er fra forskellige netv\u00e6rk.<\/p>\n<ul>\n<li>Offeret modtager ikke sms'en, da den bliver opfanget p\u00e5 netv\u00e6rket, f\u00f8r den n\u00e5r frem til telefonen.<\/li>\n<li>SS7 Exploits opdateres hele tiden, og tjenesten fungerer til 2G-, 3G-, 4G- og 5G-netv\u00e6rk.<\/li>\n<li>Hver aktiveret plan kr\u00e6ver en dedikeret kanal \u00e5bnet af teleudbyderen for at kunne aflytte eksternt. Det betyder, at jeg ogs\u00e5 betaler for hver kanal, jeg \u00e5bner, og derfor <strong>Der er ikke mulighed for gratis test.<\/strong><\/li>\n<li>Jeg foretager ikke nogen form for opfangning p\u00e5 vegne af andre.<\/li>\n<li>Hvis serveren af en eller anden grund ikke kan aflytte, har du ret til fuld refusion. Husk venligst, at jeg patcher serveren baseret p\u00e5 kundernes rapporter.<\/li>\n<\/ul>\n<p>WhatsApp- og Telegram-apps kan registreres efter via WEB API, og offeret vil ikke vide det.<\/p>\n\t\t\n<style>\n#text-4054044224 {\n  font-size: 1.1rem;\n}\n<\/style>\n\t<\/div>\n\t\n\t\t<\/div>\n\t\t\t\t\n<style>\n#col-672475849 > .col-inner {\n  padding: 0 0px 0px 0px;\n  margin: 0 0px 0px 0px;\n}\n<\/style>\n\t<\/div>\n\n\t\n<\/div>\n\t\t<\/div>\n\n\t\t\n<style>\n#section_1924577573 {\n  padding-top: 0px;\n  padding-bottom: 0px;\n}\n<\/style>\n\t<\/section>\n\t\n\n\t<section class=\"section\" id=\"section_1155635363\">\n\t\t<div class=\"section-bg fill\" >\n\t\t\t\t\t\t\t\t\t\n\t\t\t\n\n\t\t<\/div>\n\n\t\t\n\n\t\t<div class=\"section-content relative\">\n\t\t\t\n<div class=\"row\"  id=\"row-1116363952\">\n\n\t<div id=\"col-929787238\" class=\"col medium-6 small-12 large-6\"  >\n\t\t\t\t<div class=\"col-inner\"  >\n\t\t\t\n\t\t\t\n<h1><span class=\"back2\">Demo af SS7 WhatsApp-aflytning<\/span><\/h1>\n<div style=\"position: relative; padding-top: 56.25%;\"><iframe style=\"border: 0; position: absolute; top: 0; height: 100%; width: 100%;\" src=\"https:\/\/iframe.mediadelivery.net\/embed\/172466\/b41457cd-1976-4fa7-bfe0-4f1aa0edd1f3?autoplay=false&amp;loop=false&amp;muted=false&amp;preload=true\" allowfullscreen=\"allowfullscreen\"><\/iframe><\/div>\n\t\t<\/div>\n\t\t\t\t\t<\/div>\n\n\t\n\n\t<div id=\"col-2114990105\" class=\"col medium-6 small-12 large-6\"  >\n\t\t\t\t<div class=\"col-inner\"  >\n\t\t\t\n\t\t\t\n<h1><span class=\"back2\">SS7 5G TikTok aflytningsdemo<\/span><\/h1>\n<div style=\"position: relative; padding-top: 56.25%;\"><iframe style=\"border: 0; position: absolute; top: 0; height: 100%; width: 100%;\" src=\"https:\/\/iframe.mediadelivery.net\/embed\/172466\/e4dc0a86-bb21-462f-972e-4f33b0654d98?autoplay=false&amp;loop=false&amp;muted=false&amp;preload=true\" allowfullscreen=\"allowfullscreen\"><\/iframe><\/div>\n\t\t<\/div>\n\t\t\t\t\t<\/div>\n\n\t\n<\/div>\n\t\t<\/div>\n\n\t\t\n<style>\n#section_1155635363 {\n  padding-top: 0px;\n  padding-bottom: 0px;\n}\n<\/style>\n\t<\/section>","protected":false},"excerpt":{"rendered":"","protected":false},"author":1,"featured_media":0,"parent":0,"menu_order":0,"comment_status":"closed","ping_status":"closed","template":"","meta":{"footnotes":""},"class_list":["post-574","page","type-page","status-publish","hentry"],"yoast_head":"<!-- This site is optimized with the Yoast SEO Premium plugin v26.7 (Yoast SEO v26.7) - https:\/\/yoast.com\/wordpress\/plugins\/seo\/ -->\n<title>SS7 Attacks Demos - SS7 Hacking<\/title>\n<meta name=\"description\" content=\"SS7 Software with SMS Intercept, Call Intercept and Location Tracking. The Signaling System Number Seven (SS7) is a suite of protocols.\" \/>\n<meta name=\"robots\" content=\"index, follow, max-snippet:-1, max-image-preview:large, max-video-preview:-1\" \/>\n<link rel=\"canonical\" href=\"https:\/\/sms-txt.net\/da\/ss7-angriber-demoer\/\" \/>\n<meta property=\"og:locale\" content=\"da_DK\" \/>\n<meta property=\"og:type\" content=\"article\" \/>\n<meta property=\"og:title\" content=\"SS7 Attacks Demos\" \/>\n<meta property=\"og:description\" content=\"SS7 Software with SMS Intercept, Call Intercept and Location Tracking. The Signaling System Number Seven (SS7) is a suite of protocols.\" \/>\n<meta property=\"og:url\" content=\"https:\/\/sms-txt.net\/da\/ss7-angriber-demoer\/\" \/>\n<meta property=\"og:site_name\" content=\"SS7 Hacking\" \/>\n<meta property=\"article:modified_time\" content=\"2024-10-22T04:03:07+00:00\" \/>\n<meta name=\"twitter:card\" content=\"summary_large_image\" \/>\n<meta name=\"twitter:label1\" content=\"Est. reading time\" \/>\n\t<meta name=\"twitter:data1\" content=\"1 minute\" \/>\n<script type=\"application\/ld+json\" class=\"yoast-schema-graph\">{\"@context\":\"https:\/\/schema.org\",\"@graph\":[{\"@type\":\"WebPage\",\"@id\":\"https:\/\/sms-txt.net\/ss7-attacks-demos\/\",\"url\":\"https:\/\/sms-txt.net\/ss7-attacks-demos\/\",\"name\":\"SS7 Attacks Demos - SS7 Hacking\",\"isPartOf\":{\"@id\":\"https:\/\/sms-txt.net\/#website\"},\"datePublished\":\"2020-08-02T00:08:52+00:00\",\"dateModified\":\"2024-10-22T04:03:07+00:00\",\"description\":\"SS7 Software with SMS Intercept, Call Intercept and Location Tracking. The Signaling System Number Seven (SS7) is a suite of protocols.\",\"breadcrumb\":{\"@id\":\"https:\/\/sms-txt.net\/ss7-attacks-demos\/#breadcrumb\"},\"inLanguage\":\"da-DK\",\"potentialAction\":[{\"@type\":\"ReadAction\",\"target\":[\"https:\/\/sms-txt.net\/ss7-attacks-demos\/\"]}]},{\"@type\":\"BreadcrumbList\",\"@id\":\"https:\/\/sms-txt.net\/ss7-attacks-demos\/#breadcrumb\",\"itemListElement\":[{\"@type\":\"ListItem\",\"position\":1,\"name\":\"Home\",\"item\":\"https:\/\/sms-txt.net\/\"},{\"@type\":\"ListItem\",\"position\":2,\"name\":\"SS7 Attacks Demos\"}]},{\"@type\":\"WebSite\",\"@id\":\"https:\/\/sms-txt.net\/#website\",\"url\":\"https:\/\/sms-txt.net\/\",\"name\":\"SS7 Hacking\",\"description\":\"\",\"publisher\":{\"@id\":\"https:\/\/sms-txt.net\/#organization\"},\"potentialAction\":[{\"@type\":\"SearchAction\",\"target\":{\"@type\":\"EntryPoint\",\"urlTemplate\":\"https:\/\/sms-txt.net\/?s={search_term_string}\"},\"query-input\":{\"@type\":\"PropertyValueSpecification\",\"valueRequired\":true,\"valueName\":\"search_term_string\"}}],\"inLanguage\":\"da-DK\"},{\"@type\":\"Organization\",\"@id\":\"https:\/\/sms-txt.net\/#organization\",\"name\":\"SS7\",\"url\":\"https:\/\/sms-txt.net\/\",\"logo\":{\"@type\":\"ImageObject\",\"inLanguage\":\"da-DK\",\"@id\":\"https:\/\/sms-txt.net\/#\/schema\/logo\/image\/\",\"url\":\"https:\/\/yellow-jaguar-454368.hostingersite.com\/wp-content\/uploads\/2020\/05\/logo.jpg\",\"contentUrl\":\"https:\/\/yellow-jaguar-454368.hostingersite.com\/wp-content\/uploads\/2020\/05\/logo.jpg\",\"width\":866,\"height\":680,\"caption\":\"SS7\"},\"image\":{\"@id\":\"https:\/\/sms-txt.net\/#\/schema\/logo\/image\/\"}}]}<\/script>\n<!-- \/ Yoast SEO Premium plugin. -->","yoast_head_json":{"title":"Demoer af SS7-angreb - SS7-hacking","description":"SS7-software med SMS-aflytning, opkaldsaflytning og lokaliseringssporing. Signalsystem nummer syv (SS7) er en r\u00e6kke protokoller.","robots":{"index":"index","follow":"follow","max-snippet":"max-snippet:-1","max-image-preview":"max-image-preview:large","max-video-preview":"max-video-preview:-1"},"canonical":"https:\/\/sms-txt.net\/da\/ss7-angriber-demoer\/","og_locale":"da_DK","og_type":"article","og_title":"SS7 Attacks Demos","og_description":"SS7 Software with SMS Intercept, Call Intercept and Location Tracking. The Signaling System Number Seven (SS7) is a suite of protocols.","og_url":"https:\/\/sms-txt.net\/da\/ss7-angriber-demoer\/","og_site_name":"SS7 Hacking","article_modified_time":"2024-10-22T04:03:07+00:00","twitter_card":"summary_large_image","twitter_misc":{"Est. reading time":"1 minute"},"schema":{"@context":"https:\/\/schema.org","@graph":[{"@type":"WebPage","@id":"https:\/\/sms-txt.net\/ss7-attacks-demos\/","url":"https:\/\/sms-txt.net\/ss7-attacks-demos\/","name":"Demoer af SS7-angreb - SS7-hacking","isPartOf":{"@id":"https:\/\/sms-txt.net\/#website"},"datePublished":"2020-08-02T00:08:52+00:00","dateModified":"2024-10-22T04:03:07+00:00","description":"SS7-software med SMS-aflytning, opkaldsaflytning og lokaliseringssporing. Signalsystem nummer syv (SS7) er en r\u00e6kke protokoller.","breadcrumb":{"@id":"https:\/\/sms-txt.net\/ss7-attacks-demos\/#breadcrumb"},"inLanguage":"da-DK","potentialAction":[{"@type":"ReadAction","target":["https:\/\/sms-txt.net\/ss7-attacks-demos\/"]}]},{"@type":"BreadcrumbList","@id":"https:\/\/sms-txt.net\/ss7-attacks-demos\/#breadcrumb","itemListElement":[{"@type":"ListItem","position":1,"name":"Home","item":"https:\/\/sms-txt.net\/"},{"@type":"ListItem","position":2,"name":"SS7 Attacks Demos"}]},{"@type":"WebSite","@id":"https:\/\/sms-txt.net\/#website","url":"https:\/\/sms-txt.net\/","name":"SS7-hacking","description":"","publisher":{"@id":"https:\/\/sms-txt.net\/#organization"},"potentialAction":[{"@type":"SearchAction","target":{"@type":"EntryPoint","urlTemplate":"https:\/\/sms-txt.net\/?s={search_term_string}"},"query-input":{"@type":"PropertyValueSpecification","valueRequired":true,"valueName":"search_term_string"}}],"inLanguage":"da-DK"},{"@type":"Organization","@id":"https:\/\/sms-txt.net\/#organization","name":"SS7","url":"https:\/\/sms-txt.net\/","logo":{"@type":"ImageObject","inLanguage":"da-DK","@id":"https:\/\/sms-txt.net\/#\/schema\/logo\/image\/","url":"https:\/\/yellow-jaguar-454368.hostingersite.com\/wp-content\/uploads\/2020\/05\/logo.jpg","contentUrl":"https:\/\/yellow-jaguar-454368.hostingersite.com\/wp-content\/uploads\/2020\/05\/logo.jpg","width":866,"height":680,"caption":"SS7"},"image":{"@id":"https:\/\/sms-txt.net\/#\/schema\/logo\/image\/"}}]}},"_links":{"self":[{"href":"https:\/\/sms-txt.net\/da\/wp-json\/wp\/v2\/pages\/574","targetHints":{"allow":["GET"]}}],"collection":[{"href":"https:\/\/sms-txt.net\/da\/wp-json\/wp\/v2\/pages"}],"about":[{"href":"https:\/\/sms-txt.net\/da\/wp-json\/wp\/v2\/types\/page"}],"author":[{"embeddable":true,"href":"https:\/\/sms-txt.net\/da\/wp-json\/wp\/v2\/users\/1"}],"replies":[{"embeddable":true,"href":"https:\/\/sms-txt.net\/da\/wp-json\/wp\/v2\/comments?post=574"}],"version-history":[{"count":1,"href":"https:\/\/sms-txt.net\/da\/wp-json\/wp\/v2\/pages\/574\/revisions"}],"predecessor-version":[{"id":4204,"href":"https:\/\/sms-txt.net\/da\/wp-json\/wp\/v2\/pages\/574\/revisions\/4204"}],"wp:attachment":[{"href":"https:\/\/sms-txt.net\/da\/wp-json\/wp\/v2\/media?parent=574"}],"curies":[{"name":"wp","href":"https:\/\/api.w.org\/{rel}","templated":true}]}}