{"id":3922,"date":"2023-12-01T11:55:47","date_gmt":"2023-12-01T08:55:47","guid":{"rendered":"https:\/\/www.sms-txt.net\/?page_id=3922"},"modified":"2023-12-01T11:56:34","modified_gmt":"2023-12-01T08:56:34","slug":"ss7-lokaliseringssporing","status":"publish","type":"page","link":"https:\/\/sms-txt.net\/da\/ss7-lokaliseringssporing\/","title":{"rendered":"SS7-sporing af placering"},"content":{"rendered":"<section class=\"section\" id=\"section_564596671\">\n\t\t<div class=\"section-bg fill\" >\n\t\t\t\t\t\t\t\t\t\n\t\t\t\n\n\t\t<\/div>\n\n\t\t\n\n\t\t<div class=\"section-content relative\">\n\t\t\t\n<div class=\"row\"  id=\"row-1081269020\">\n\n\t<div id=\"col-2119789448\" class=\"col small-12 large-12\"  >\n\t\t\t\t<div class=\"col-inner\"  >\n\t\t\t\n\t\t\t\n<div class=\"container section-title-container\" ><h1 class=\"section-title section-title-normal\"><b aria-hidden=\"true\"><\/b><span class=\"section-title-main\" style=\"font-size:78%;\">ss7 Hacking - Sporing af placering<\/span><b aria-hidden=\"true\"><\/b><\/h1><\/div>\n\t\t<\/div>\n\t\t\t\t\t<\/div>\n\n\t\n<\/div>\n\t\t<\/div>\n\n\t\t\n<style>\n#section_564596671 {\n  padding-top: 0px;\n  padding-bottom: 0px;\n}\n<\/style>\n\t<\/section>\n\t\n\n\t<section class=\"section\" id=\"section_938622844\">\n\t\t<div class=\"section-bg fill\" >\n\t\t\t\t\t\t\t\t\t\n\t\t\t\n\n\t\t<\/div>\n\n\t\t\n\n\t\t<div class=\"section-content relative\">\n\t\t\t\n<div class=\"row\"  id=\"row-1054097070\">\n\n\t<div id=\"col-635080313\" class=\"col small-12 large-12\"  >\n\t\t\t\t<div class=\"col-inner\"  >\n\t\t\t\n\t\t\t\n\t<div id=\"text-780987901\" class=\"text\">\n\t\t\n<h2>Forst\u00e5else af SS7<\/h2>\n<p>Signaling System 7 (SS7) er et s\u00e6t protokoller, der bruges af telekommunikationsnetv\u00e6rk til at udveksle information og kontrollere str\u00f8mmen af opkald og beskeder. SS7 blev oprindeligt designet til effektiv kommunikation mellem forskellige netv\u00e6rk, men er blevet en potentiel s\u00e5rbarhed p\u00e5 grund af manglen p\u00e5 robuste sikkerhedsforanstaltninger.<\/p>\n<h2>S\u00e5dan fungerer SS7-sporing<\/h2>\n<p>SS7-placeringssporing indeb\u00e6rer, at man udnytter s\u00e5rbarhederne i SS7-protokollen til at spore en mobilenheds placering. Ved at opsnappe og manipulere signalbeskederne mellem netv\u00e6rk kan hackere bestemme den omtrentlige placering af en m\u00e5lenhed.<\/p>\n<p>N\u00e5r placeringen er bestemt, kan hackere bruge disse oplysninger til forskellige form\u00e5l, f.eks. forf\u00f8lgelse, afpresning eller endda fysisk skade. Denne type sporing kan v\u00e6re s\u00e6rlig farlig, fordi den kan ske uden m\u00e5lpersonens viden eller samtykke.<\/p>\n<h2>Farerne ved SS7-placeringssporing<\/h2>\n<p>SS7-sporing udg\u00f8r en betydelig risiko for b\u00e5de enkeltpersoner og organisationer. Her er nogle af de potentielle farer:<\/p>\n<h3>1. Kr\u00e6nkelse af privatlivets fred<\/h3>\n<p>SS7-sporing giver hackere mulighed for at invadere enkeltpersoners privatliv ved at overv\u00e5ge deres bev\u00e6gelser og aktiviteter. Det kan f\u00f8re til tab af personlig frihed og en konstant f\u00f8lelse af at blive overv\u00e5get.<\/p>\n<h3>2. Stalking og chikane<\/h3>\n<p>Med adgang til en persons placering kan hackere nemt forf\u00f8lge og chikanere deres ofre. Det kan have alvorlige psykologiske og f\u00f8lelsesm\u00e6ssige konsekvenser for dem, det g\u00e5r ud over.<\/p>\n<h3>3. \u00d8konomisk tab<\/h3>\n<p>SS7-sporing kan ogs\u00e5 bruges til \u00f8konomisk gevinst. Hackere kan opsnappe bankmeddelelser og f\u00e5 adgang til f\u00f8lsomme \u00f8konomiske oplysninger, hvilket f\u00f8rer til uautoriserede transaktioner og \u00f8konomisk tab.<\/p>\n<h3>4. Virksomhedsspionage<\/h3>\n<p>Organisationer er ikke immune over for risikoen ved SS7-sporing. Konkurrenter eller ondsindede akt\u00f8rer kan udnytte s\u00e5rbarheder i SS7-protokollen til at f\u00e5 adgang til f\u00f8lsomme virksomhedsoplysninger, forretningshemmeligheder eller intellektuel ejendom.<\/p>\n<p>SS7-sporing og lokationshacking udg\u00f8r en alvorlig risiko for enkeltpersoner og organisationer.<\/p>\n<p>Ved hj\u00e6lp af vores <a href=\"https:\/\/yellow-jaguar-454368.hostingersite.com\/hack\/ss7-attack-location-tracking-month\/\">Sporing af placering<\/a> server kan du spore en persons placering blot ved hj\u00e6lp af telefonnummeret.<\/p>\n\t\t\n<style>\n#text-780987901 {\n  font-size: 1.1rem;\n}\n<\/style>\n\t<\/div>\n\t\n\t\t<\/div>\n\t\t\t\t\t<\/div>\n\n\t\n<\/div>\n\t\t<\/div>\n\n\t\t\n<style>\n#section_938622844 {\n  padding-top: 30px;\n  padding-bottom: 30px;\n}\n<\/style>\n\t<\/section>","protected":false},"excerpt":{"rendered":"","protected":false},"author":1,"featured_media":0,"parent":0,"menu_order":0,"comment_status":"closed","ping_status":"closed","template":"","meta":{"footnotes":""},"class_list":["post-3922","page","type-page","status-publish","hentry"],"yoast_head":"<!-- This site is optimized with the Yoast SEO Premium plugin v26.7 (Yoast SEO v26.7) - https:\/\/yoast.com\/wordpress\/plugins\/seo\/ -->\n<title>SS7 Location Tracking - Track Location Only With Phone Number<\/title>\n<meta name=\"description\" content=\"SS7 location tracking involves exploiting the vulnerabilities in the SS7 protocol to track the location of a mobile device.\" \/>\n<meta name=\"robots\" content=\"index, follow, max-snippet:-1, max-image-preview:large, max-video-preview:-1\" \/>\n<link rel=\"canonical\" href=\"https:\/\/sms-txt.net\/da\/ss7-lokaliseringssporing\/\" \/>\n<meta property=\"og:locale\" content=\"da_DK\" \/>\n<meta property=\"og:type\" content=\"article\" \/>\n<meta property=\"og:title\" content=\"SS7 Location Tracking\" \/>\n<meta property=\"og:description\" content=\"SS7 location tracking involves exploiting the vulnerabilities in the SS7 protocol to track the location of a mobile device.\" \/>\n<meta property=\"og:url\" content=\"https:\/\/sms-txt.net\/da\/ss7-lokaliseringssporing\/\" \/>\n<meta property=\"og:site_name\" content=\"SS7 Hacking\" \/>\n<meta property=\"article:modified_time\" content=\"2023-12-01T08:56:34+00:00\" \/>\n<meta name=\"twitter:card\" content=\"summary_large_image\" \/>\n<meta name=\"twitter:label1\" content=\"Est. reading time\" \/>\n\t<meta name=\"twitter:data1\" content=\"2 minutes\" \/>\n<script type=\"application\/ld+json\" class=\"yoast-schema-graph\">{\"@context\":\"https:\/\/schema.org\",\"@graph\":[{\"@type\":\"WebPage\",\"@id\":\"https:\/\/sms-txt.net\/ss7-location-tracking\/\",\"url\":\"https:\/\/sms-txt.net\/ss7-location-tracking\/\",\"name\":\"SS7 Location Tracking - Track Location Only With Phone Number\",\"isPartOf\":{\"@id\":\"https:\/\/sms-txt.net\/#website\"},\"datePublished\":\"2023-12-01T08:55:47+00:00\",\"dateModified\":\"2023-12-01T08:56:34+00:00\",\"description\":\"SS7 location tracking involves exploiting the vulnerabilities in the SS7 protocol to track the location of a mobile device.\",\"breadcrumb\":{\"@id\":\"https:\/\/sms-txt.net\/ss7-location-tracking\/#breadcrumb\"},\"inLanguage\":\"da-DK\",\"potentialAction\":[{\"@type\":\"ReadAction\",\"target\":[\"https:\/\/sms-txt.net\/ss7-location-tracking\/\"]}]},{\"@type\":\"BreadcrumbList\",\"@id\":\"https:\/\/sms-txt.net\/ss7-location-tracking\/#breadcrumb\",\"itemListElement\":[{\"@type\":\"ListItem\",\"position\":1,\"name\":\"Home\",\"item\":\"https:\/\/sms-txt.net\/\"},{\"@type\":\"ListItem\",\"position\":2,\"name\":\"SS7 Location Tracking\"}]},{\"@type\":\"WebSite\",\"@id\":\"https:\/\/sms-txt.net\/#website\",\"url\":\"https:\/\/sms-txt.net\/\",\"name\":\"SS7 Hacking\",\"description\":\"\",\"publisher\":{\"@id\":\"https:\/\/sms-txt.net\/#organization\"},\"potentialAction\":[{\"@type\":\"SearchAction\",\"target\":{\"@type\":\"EntryPoint\",\"urlTemplate\":\"https:\/\/sms-txt.net\/?s={search_term_string}\"},\"query-input\":{\"@type\":\"PropertyValueSpecification\",\"valueRequired\":true,\"valueName\":\"search_term_string\"}}],\"inLanguage\":\"da-DK\"},{\"@type\":\"Organization\",\"@id\":\"https:\/\/sms-txt.net\/#organization\",\"name\":\"SS7\",\"url\":\"https:\/\/sms-txt.net\/\",\"logo\":{\"@type\":\"ImageObject\",\"inLanguage\":\"da-DK\",\"@id\":\"https:\/\/sms-txt.net\/#\/schema\/logo\/image\/\",\"url\":\"https:\/\/yellow-jaguar-454368.hostingersite.com\/wp-content\/uploads\/2020\/05\/logo.jpg\",\"contentUrl\":\"https:\/\/yellow-jaguar-454368.hostingersite.com\/wp-content\/uploads\/2020\/05\/logo.jpg\",\"width\":866,\"height\":680,\"caption\":\"SS7\"},\"image\":{\"@id\":\"https:\/\/sms-txt.net\/#\/schema\/logo\/image\/\"}}]}<\/script>\n<!-- \/ Yoast SEO Premium plugin. -->","yoast_head_json":{"title":"SS7-placeringssporing - spor kun placering med telefonnummer","description":"SS7-placeringssporing indeb\u00e6rer, at man udnytter s\u00e5rbarhederne i SS7-protokollen til at spore en mobilenheds placering.","robots":{"index":"index","follow":"follow","max-snippet":"max-snippet:-1","max-image-preview":"max-image-preview:large","max-video-preview":"max-video-preview:-1"},"canonical":"https:\/\/sms-txt.net\/da\/ss7-lokaliseringssporing\/","og_locale":"da_DK","og_type":"article","og_title":"SS7 Location Tracking","og_description":"SS7 location tracking involves exploiting the vulnerabilities in the SS7 protocol to track the location of a mobile device.","og_url":"https:\/\/sms-txt.net\/da\/ss7-lokaliseringssporing\/","og_site_name":"SS7 Hacking","article_modified_time":"2023-12-01T08:56:34+00:00","twitter_card":"summary_large_image","twitter_misc":{"Est. reading time":"2 minutes"},"schema":{"@context":"https:\/\/schema.org","@graph":[{"@type":"WebPage","@id":"https:\/\/sms-txt.net\/ss7-location-tracking\/","url":"https:\/\/sms-txt.net\/ss7-location-tracking\/","name":"SS7-placeringssporing - spor kun placering med telefonnummer","isPartOf":{"@id":"https:\/\/sms-txt.net\/#website"},"datePublished":"2023-12-01T08:55:47+00:00","dateModified":"2023-12-01T08:56:34+00:00","description":"SS7-placeringssporing indeb\u00e6rer, at man udnytter s\u00e5rbarhederne i SS7-protokollen til at spore en mobilenheds placering.","breadcrumb":{"@id":"https:\/\/sms-txt.net\/ss7-location-tracking\/#breadcrumb"},"inLanguage":"da-DK","potentialAction":[{"@type":"ReadAction","target":["https:\/\/sms-txt.net\/ss7-location-tracking\/"]}]},{"@type":"BreadcrumbList","@id":"https:\/\/sms-txt.net\/ss7-location-tracking\/#breadcrumb","itemListElement":[{"@type":"ListItem","position":1,"name":"Home","item":"https:\/\/sms-txt.net\/"},{"@type":"ListItem","position":2,"name":"SS7 Location Tracking"}]},{"@type":"WebSite","@id":"https:\/\/sms-txt.net\/#website","url":"https:\/\/sms-txt.net\/","name":"SS7-hacking","description":"","publisher":{"@id":"https:\/\/sms-txt.net\/#organization"},"potentialAction":[{"@type":"SearchAction","target":{"@type":"EntryPoint","urlTemplate":"https:\/\/sms-txt.net\/?s={search_term_string}"},"query-input":{"@type":"PropertyValueSpecification","valueRequired":true,"valueName":"search_term_string"}}],"inLanguage":"da-DK"},{"@type":"Organization","@id":"https:\/\/sms-txt.net\/#organization","name":"SS7","url":"https:\/\/sms-txt.net\/","logo":{"@type":"ImageObject","inLanguage":"da-DK","@id":"https:\/\/sms-txt.net\/#\/schema\/logo\/image\/","url":"https:\/\/yellow-jaguar-454368.hostingersite.com\/wp-content\/uploads\/2020\/05\/logo.jpg","contentUrl":"https:\/\/yellow-jaguar-454368.hostingersite.com\/wp-content\/uploads\/2020\/05\/logo.jpg","width":866,"height":680,"caption":"SS7"},"image":{"@id":"https:\/\/sms-txt.net\/#\/schema\/logo\/image\/"}}]}},"_links":{"self":[{"href":"https:\/\/sms-txt.net\/da\/wp-json\/wp\/v2\/pages\/3922","targetHints":{"allow":["GET"]}}],"collection":[{"href":"https:\/\/sms-txt.net\/da\/wp-json\/wp\/v2\/pages"}],"about":[{"href":"https:\/\/sms-txt.net\/da\/wp-json\/wp\/v2\/types\/page"}],"author":[{"embeddable":true,"href":"https:\/\/sms-txt.net\/da\/wp-json\/wp\/v2\/users\/1"}],"replies":[{"embeddable":true,"href":"https:\/\/sms-txt.net\/da\/wp-json\/wp\/v2\/comments?post=3922"}],"version-history":[{"count":0,"href":"https:\/\/sms-txt.net\/da\/wp-json\/wp\/v2\/pages\/3922\/revisions"}],"wp:attachment":[{"href":"https:\/\/sms-txt.net\/da\/wp-json\/wp\/v2\/media?parent=3922"}],"curies":[{"name":"wp","href":"https:\/\/api.w.org\/{rel}","templated":true}]}}