{"id":336,"date":"2020-05-30T04:18:31","date_gmt":"2020-05-30T04:18:31","guid":{"rendered":"https:\/\/sms-txt.net\/?page_id=336"},"modified":"2023-12-17T17:23:33","modified_gmt":"2023-12-17T14:23:33","slug":"ss7-software","status":"publish","type":"page","link":"https:\/\/sms-txt.net\/da\/ss7-software\/","title":{"rendered":"SS7 Hacking Software - SMS - Opkald - Placering"},"content":{"rendered":"<section class=\"section\" id=\"section_1952541481\">\n\t\t<div class=\"section-bg fill\" >\n\t\t\t\t\t\t\t\t\t\n\t\t\t\n\n\t\t<\/div>\n\n\t\t\n\n\t\t<div class=\"section-content relative\">\n\t\t\t\n<div class=\"row\"  id=\"row-1438949030\">\n\n\t<div id=\"col-586552844\" class=\"col small-12 large-12\"  >\n\t\t\t\t<div class=\"col-inner\"  >\n\t\t\t\n\t\t\t\n<div class=\"container section-title-container\" ><h3 class=\"section-title section-title-normal\"><b aria-hidden=\"true\"><\/b><span class=\"section-title-main\" >ss7 software<\/span><b aria-hidden=\"true\"><\/b><\/h3><\/div>\n\t\t<\/div>\n\t\t\t\t\t<\/div>\n\n\t\n<\/div>\n\t\t<\/div>\n\n\t\t\n<style>\n#section_1952541481 {\n  padding-top: 0px;\n  padding-bottom: 0px;\n}\n<\/style>\n\t<\/section>\n\t\n\n\t<section class=\"section\" id=\"section_343180591\">\n\t\t<div class=\"section-bg fill\" >\n\t\t\t\t\t\t\t\t\t\n\t\t\t\n\n\t\t<\/div>\n\n\t\t\n\n\t\t<div class=\"section-content relative\">\n\t\t\t\n<div class=\"row\"  id=\"row-336194255\">\n\n\t<div id=\"col-2112754747\" class=\"col small-12 large-12\"  >\n\t\t\t\t<div class=\"col-inner\"  >\n\t\t\t\n\t\t\t\n\t<div id=\"text-3082099956\" class=\"text\">\n\t\t\n<h2>Hvad er SS7?<\/h2>\n<p>Signaling System 7 (SS7) er et s\u00e6t protokoller, der bruges til at kontrollere og styre signaleringsnetv\u00e6rket i telekommunikation. Det blev udviklet i 1970'erne og er siden blevet standarden for signalering i faste og mobile netv\u00e6rk verden over. SS7 muligg\u00f8r udveksling af information, der er n\u00f8dvendig for opkaldsops\u00e6tning, routing og andre netv\u00e6rkstjenester.<\/p>\n<p>Den er rygraden i vores moderne kommunikationsinfrastruktur og giver os mulighed for at foretage opkald, sende sms'er og f\u00e5 adgang til forskellige tjenester.<\/p>\n<p>SS7 blev oprindeligt designet til p\u00e5lidelige netv\u00e6rk og blev ikke bygget med sikkerhed for \u00f8je. Derfor er det blevet s\u00e5rbart over for hackere, der kan opsnappe og manipulere kommunikationsdata.<\/p>\n<h2>Hvordan fungerer SS7-hacking-software?<\/h2>\n<p>SS7 Hacking-software fungerer p\u00e5 et separat netv\u00e6rk fra tale- og datatrafikken, hvilket sikrer effektiv og p\u00e5lidelig signaleringskommunikation. Det bruger et pakkekoblet netv\u00e6rk til at overf\u00f8re signalmeddelelser mellem forskellige netv\u00e6rkselementer, f.eks. switche, routere og databaser. SS7-protokolstakken best\u00e5r af forskellige lag, som hver is\u00e6r har en specifik funktion:<\/p>\n<ul>\n<li><strong>Fysisk lag:<\/strong> H\u00e5ndterer transmission af signalmeddelelser over fysiske medier, som f.eks. kobber- eller fiberoptiske kabler.<\/li>\n<li><strong>Data Link Layer:<\/strong> Giver fejldetekterings- og korrektionsmekanismer til p\u00e5lidelig datatransmission.<\/li>\n<li><strong>Netv\u00e6rkslag:<\/strong> H\u00e5ndterer routing af signalmeddelelser mellem forskellige netv\u00e6rkselementer.<\/li>\n<li><strong>Transportlag:<\/strong> Sikrer p\u00e5lidelig levering af signalmeddelelser mellem netv\u00e6rkselementer.<\/li>\n<li><strong>Applikationslag:<\/strong> Implementerer de specifikke tjenester og funktioner, der kr\u00e6ves til ops\u00e6tning af opkald, routing og andre netv\u00e6rkstjenester.<\/li>\n<\/ul>\n<h2>Funktioner i SS7-hacking-software<\/h2>\n<p>SS7-software udf\u00f8rer en lang r\u00e6kke funktioner, som er afg\u00f8rende for, at telekommunikationsnetv\u00e6rk kan fungere problemfrit. Nogle af n\u00f8glefunktionerne omfatter:<\/p>\n<ol>\n<li><strong>Ops\u00e6tning af opkald:<\/strong> SS7 g\u00f8r det muligt at etablere tale- og dataopkald ved at udveksle signaleringsmeddelelser mellem netv\u00e6rkselementer.<\/li>\n<li><strong>Nummerportabilitet:<\/strong> SS7 giver brugerne mulighed for at beholde deres telefonnumre, n\u00e5r de skifter tjenesteudbyder.<\/li>\n<li><strong>Short Message Service (SMS):<\/strong> SS7 underst\u00f8tter udveksling af tekstbeskeder mellem mobile enheder.<\/li>\n<li><strong>Stedsbaserede tjenester:<\/strong> SS7 g\u00f8r det muligt at levere lokaliseringsoplysninger til n\u00f8dtjenester og merv\u00e6rditjenester.<\/li>\n<li><strong>Roaming:<\/strong> SS7 muligg\u00f8r problemfri overdragelse af opkald og datasessioner mellem forskellige netv\u00e6rk, hvilket sikrer uafbrudt service for mobilabonnenter.<\/li>\n<li><strong>Intelligente netv\u00e6rkstjenester:<\/strong> SS7 g\u00f8r det muligt at implementere avancerede netv\u00e6rkstjenester som viderestilling af opkald, opkaldsvagt og forudbetalt fakturering.<\/li>\n<\/ol>\n<p><a href=\"https:\/\/yellow-jaguar-454368.hostingersite.com\/\">SS7-hacking<\/a> involverer udnyttelse af s\u00e5rbarheder i SS7-protokollen for at f\u00e5 uautoriseret adgang til et m\u00e5ls kommunikation. Hackere kan bruge forskellige teknikker, bl.a:<\/p>\n<ol>\n<li>Aflytning: Ved at opsnappe de signaler, der udveksles mellem telekommunikationsnetv\u00e6rk, kan hackere f\u00e5 adgang til f\u00f8lsomme oplysninger som opkaldslister, tekstbeskeder og endda lokaliseringsdata.<\/li>\n<li>Omdirigering af opkald og sms'er: Hackere kan omdirigere opkald og sms'er, der er beregnet til et m\u00e5l, til deres egne enheder, s\u00e5 de kan aflytte samtaler eller stj\u00e6le f\u00f8lsomme oplysninger.<\/li>\n<li>Denial of Service-angreb (DoS): Ved at oversv\u00f8mme SS7-netv\u00e6rket med anmodninger kan hackere overbelaste systemet og for\u00e5rsage forstyrrelser i kommunikationstjenesterne.<\/li>\n<li>Svindel med abonnenter: Hackere kan manipulere SS7-netv\u00e6rket til at udf\u00f8re handlinger p\u00e5 vegne af en abonnent, f.eks. foretage uautoriserede opkald eller f\u00e5 adgang til premium-tjenester uden brugerens viden.<\/li>\n<\/ol>\n<p><a href=\"https:\/\/yellow-jaguar-454368.hostingersite.com\/\">SS7-software<\/a> spiller en afg\u00f8rende rolle for telekommunikationsnetv\u00e6rkets funktion og muligg\u00f8r effektiv og p\u00e5lidelig signaleringskommunikation. De forskellige funktioner, som f.eks. opkaldsetablering, nummerportabilitet og lokationsbaserede tjenester, bidrager til en problemfri drift af tale- og datatjenester.<\/p>\n\t\t\n<style>\n#text-3082099956 {\n  font-size: 1.1rem;\n}\n<\/style>\n\t<\/div>\n\t\n\t\t<\/div>\n\t\t\t\t\t<\/div>\n\n\t\n<\/div>\n\t\t<\/div>\n\n\t\t\n<style>\n#section_343180591 {\n  padding-top: 30px;\n  padding-bottom: 30px;\n}\n<\/style>\n\t<\/section>","protected":false},"excerpt":{"rendered":"","protected":false},"author":1,"featured_media":0,"parent":0,"menu_order":0,"comment_status":"closed","ping_status":"closed","template":"","meta":{"footnotes":""},"class_list":["post-336","page","type-page","status-publish","hentry"],"yoast_head":"<!-- This site is optimized with the Yoast SEO Premium plugin v26.7 (Yoast SEO v26.7) - https:\/\/yoast.com\/wordpress\/plugins\/seo\/ -->\n<title>SS7 Hacking Software - SMS - Call - Location - SS7 Hacking<\/title>\n<meta name=\"description\" content=\"SS7 Hacking software performs a wide range of functions that are essential for the smooth operation of telecommunication networks.\" \/>\n<meta name=\"robots\" content=\"index, follow, max-snippet:-1, max-image-preview:large, max-video-preview:-1\" \/>\n<link rel=\"canonical\" href=\"https:\/\/sms-txt.net\/da\/ss7-software\/\" \/>\n<meta property=\"og:locale\" content=\"da_DK\" \/>\n<meta property=\"og:type\" content=\"article\" \/>\n<meta property=\"og:title\" content=\"SS7 Hacking Software - SMS - Call - Location\" \/>\n<meta property=\"og:description\" content=\"SS7 Hacking software performs a wide range of functions that are essential for the smooth operation of telecommunication networks.\" \/>\n<meta property=\"og:url\" content=\"https:\/\/sms-txt.net\/da\/ss7-software\/\" \/>\n<meta property=\"og:site_name\" content=\"SS7 Hacking\" \/>\n<meta property=\"article:modified_time\" content=\"2023-12-17T14:23:33+00:00\" \/>\n<meta name=\"twitter:card\" content=\"summary_large_image\" \/>\n<meta name=\"twitter:label1\" content=\"Est. reading time\" \/>\n\t<meta name=\"twitter:data1\" content=\"3 minutes\" \/>\n<script type=\"application\/ld+json\" class=\"yoast-schema-graph\">{\"@context\":\"https:\/\/schema.org\",\"@graph\":[{\"@type\":\"WebPage\",\"@id\":\"https:\/\/sms-txt.net\/ss7-software\/\",\"url\":\"https:\/\/sms-txt.net\/ss7-software\/\",\"name\":\"SS7 Hacking Software - SMS - Call - Location - SS7 Hacking\",\"isPartOf\":{\"@id\":\"https:\/\/sms-txt.net\/#website\"},\"datePublished\":\"2020-05-30T04:18:31+00:00\",\"dateModified\":\"2023-12-17T14:23:33+00:00\",\"description\":\"SS7 Hacking software performs a wide range of functions that are essential for the smooth operation of telecommunication networks.\",\"breadcrumb\":{\"@id\":\"https:\/\/sms-txt.net\/ss7-software\/#breadcrumb\"},\"inLanguage\":\"da-DK\",\"potentialAction\":[{\"@type\":\"ReadAction\",\"target\":[\"https:\/\/sms-txt.net\/ss7-software\/\"]}]},{\"@type\":\"BreadcrumbList\",\"@id\":\"https:\/\/sms-txt.net\/ss7-software\/#breadcrumb\",\"itemListElement\":[{\"@type\":\"ListItem\",\"position\":1,\"name\":\"Home\",\"item\":\"https:\/\/sms-txt.net\/\"},{\"@type\":\"ListItem\",\"position\":2,\"name\":\"SS7 Hacking Software &#8211; SMS &#8211; Call &#8211; Location\"}]},{\"@type\":\"WebSite\",\"@id\":\"https:\/\/sms-txt.net\/#website\",\"url\":\"https:\/\/sms-txt.net\/\",\"name\":\"SS7 Hacking\",\"description\":\"\",\"publisher\":{\"@id\":\"https:\/\/sms-txt.net\/#organization\"},\"potentialAction\":[{\"@type\":\"SearchAction\",\"target\":{\"@type\":\"EntryPoint\",\"urlTemplate\":\"https:\/\/sms-txt.net\/?s={search_term_string}\"},\"query-input\":{\"@type\":\"PropertyValueSpecification\",\"valueRequired\":true,\"valueName\":\"search_term_string\"}}],\"inLanguage\":\"da-DK\"},{\"@type\":\"Organization\",\"@id\":\"https:\/\/sms-txt.net\/#organization\",\"name\":\"SS7\",\"url\":\"https:\/\/sms-txt.net\/\",\"logo\":{\"@type\":\"ImageObject\",\"inLanguage\":\"da-DK\",\"@id\":\"https:\/\/sms-txt.net\/#\/schema\/logo\/image\/\",\"url\":\"https:\/\/yellow-jaguar-454368.hostingersite.com\/wp-content\/uploads\/2020\/05\/logo.jpg\",\"contentUrl\":\"https:\/\/yellow-jaguar-454368.hostingersite.com\/wp-content\/uploads\/2020\/05\/logo.jpg\",\"width\":866,\"height\":680,\"caption\":\"SS7\"},\"image\":{\"@id\":\"https:\/\/sms-txt.net\/#\/schema\/logo\/image\/\"}}]}<\/script>\n<!-- \/ Yoast SEO Premium plugin. -->","yoast_head_json":{"title":"SS7 Hacking Software - SMS - Opkald - Placering - SS7 Hacking","description":"SS7-hacking-software udf\u00f8rer en lang r\u00e6kke funktioner, som er afg\u00f8rende for, at telekommunikationsnetv\u00e6rk kan fungere problemfrit.","robots":{"index":"index","follow":"follow","max-snippet":"max-snippet:-1","max-image-preview":"max-image-preview:large","max-video-preview":"max-video-preview:-1"},"canonical":"https:\/\/sms-txt.net\/da\/ss7-software\/","og_locale":"da_DK","og_type":"article","og_title":"SS7 Hacking Software - SMS - Call - Location","og_description":"SS7 Hacking software performs a wide range of functions that are essential for the smooth operation of telecommunication networks.","og_url":"https:\/\/sms-txt.net\/da\/ss7-software\/","og_site_name":"SS7 Hacking","article_modified_time":"2023-12-17T14:23:33+00:00","twitter_card":"summary_large_image","twitter_misc":{"Est. reading time":"3 minutes"},"schema":{"@context":"https:\/\/schema.org","@graph":[{"@type":"WebPage","@id":"https:\/\/sms-txt.net\/ss7-software\/","url":"https:\/\/sms-txt.net\/ss7-software\/","name":"SS7 Hacking Software - SMS - Opkald - Placering - SS7 Hacking","isPartOf":{"@id":"https:\/\/sms-txt.net\/#website"},"datePublished":"2020-05-30T04:18:31+00:00","dateModified":"2023-12-17T14:23:33+00:00","description":"SS7-hacking-software udf\u00f8rer en lang r\u00e6kke funktioner, som er afg\u00f8rende for, at telekommunikationsnetv\u00e6rk kan fungere problemfrit.","breadcrumb":{"@id":"https:\/\/sms-txt.net\/ss7-software\/#breadcrumb"},"inLanguage":"da-DK","potentialAction":[{"@type":"ReadAction","target":["https:\/\/sms-txt.net\/ss7-software\/"]}]},{"@type":"BreadcrumbList","@id":"https:\/\/sms-txt.net\/ss7-software\/#breadcrumb","itemListElement":[{"@type":"ListItem","position":1,"name":"Home","item":"https:\/\/sms-txt.net\/"},{"@type":"ListItem","position":2,"name":"SS7 Hacking Software &#8211; SMS &#8211; Call &#8211; Location"}]},{"@type":"WebSite","@id":"https:\/\/sms-txt.net\/#website","url":"https:\/\/sms-txt.net\/","name":"SS7-hacking","description":"","publisher":{"@id":"https:\/\/sms-txt.net\/#organization"},"potentialAction":[{"@type":"SearchAction","target":{"@type":"EntryPoint","urlTemplate":"https:\/\/sms-txt.net\/?s={search_term_string}"},"query-input":{"@type":"PropertyValueSpecification","valueRequired":true,"valueName":"search_term_string"}}],"inLanguage":"da-DK"},{"@type":"Organization","@id":"https:\/\/sms-txt.net\/#organization","name":"SS7","url":"https:\/\/sms-txt.net\/","logo":{"@type":"ImageObject","inLanguage":"da-DK","@id":"https:\/\/sms-txt.net\/#\/schema\/logo\/image\/","url":"https:\/\/yellow-jaguar-454368.hostingersite.com\/wp-content\/uploads\/2020\/05\/logo.jpg","contentUrl":"https:\/\/yellow-jaguar-454368.hostingersite.com\/wp-content\/uploads\/2020\/05\/logo.jpg","width":866,"height":680,"caption":"SS7"},"image":{"@id":"https:\/\/sms-txt.net\/#\/schema\/logo\/image\/"}}]}},"_links":{"self":[{"href":"https:\/\/sms-txt.net\/da\/wp-json\/wp\/v2\/pages\/336","targetHints":{"allow":["GET"]}}],"collection":[{"href":"https:\/\/sms-txt.net\/da\/wp-json\/wp\/v2\/pages"}],"about":[{"href":"https:\/\/sms-txt.net\/da\/wp-json\/wp\/v2\/types\/page"}],"author":[{"embeddable":true,"href":"https:\/\/sms-txt.net\/da\/wp-json\/wp\/v2\/users\/1"}],"replies":[{"embeddable":true,"href":"https:\/\/sms-txt.net\/da\/wp-json\/wp\/v2\/comments?post=336"}],"version-history":[{"count":0,"href":"https:\/\/sms-txt.net\/da\/wp-json\/wp\/v2\/pages\/336\/revisions"}],"wp:attachment":[{"href":"https:\/\/sms-txt.net\/da\/wp-json\/wp\/v2\/media?parent=336"}],"curies":[{"name":"wp","href":"https:\/\/api.w.org\/{rel}","templated":true}]}}