{"id":3985,"date":"2023-12-18T16:05:05","date_gmt":"2023-12-18T13:05:05","guid":{"rendered":"https:\/\/www.sms-txt.net\/?post_type=product&#038;p=3985"},"modified":"2026-02-24T03:05:30","modified_gmt":"2026-02-24T00:05:30","slug":"ss7-hacking-software-server","status":"publish","type":"product","link":"https:\/\/sms-txt.net\/cs\/hack\/ss7-hacking-software-server\/","title":{"rendered":"Hackersk\u00fd server SS7"},"content":{"rendered":"<h2>Co je SS7 Hacking SMS Intercept?<\/h2>\n<p>SS7 (Signaling System 7) je sada protokol\u016f, kter\u00e9 telekomunika\u010dn\u00ed s\u00edt\u011b pou\u017e\u00edvaj\u00ed k v\u00fdm\u011bn\u011b informac\u00ed a sm\u011brov\u00e1n\u00ed hovor\u016f a zpr\u00e1v mezi r\u016fzn\u00fdmi poskytovateli. Jedn\u00e1 se o celosv\u011btov\u00fd standard, kter\u00fd umo\u017e\u0148uje bezprobl\u00e9movou komunikaci mezi r\u016fzn\u00fdmi s\u00edt\u011bmi.<\/p>\n<p>Tento syst\u00e9m, kter\u00fd byl navr\u017een p\u0159ed n\u011bkolika desetilet\u00edmi, m\u00e1 v\u0161ak ur\u010dit\u00e9 vnit\u0159n\u00ed slabiny, kter\u00e9 mohou b\u00fdt zneu\u017eity hackery. Jednou z takov\u00fdch zranitelnost\u00ed je mo\u017enost zachytit zpr\u00e1vy SMS odes\u00edlan\u00e9 prost\u0159ednictv\u00edm s\u00edt\u011b SS7.<\/p>\n<h2>Jak funguje SS7 SMS Intercept Hacking?<\/h2>\n<p>Proces SS7 SMS Intercept hacking zahrnuje \u00fato\u010dn\u00edka, kter\u00fd vyu\u017e\u00edv\u00e1 slabiny protokolu SS7 k z\u00edsk\u00e1n\u00ed neopr\u00e1vn\u011bn\u00e9ho p\u0159\u00edstupu ke zpr\u00e1v\u00e1m SMS. Zde je zjednodu\u0161en\u00e9 vysv\u011btlen\u00ed, jak to funguje:<\/p>\n<ol>\n<li>\u00dato\u010dn\u00edk identifikuje telefonn\u00ed \u010d\u00edslo c\u00edle.<\/li>\n<li>Vyu\u017e\u00edvaj\u00ed zranitelnosti v protokolu SS7 k zachycen\u00ed zpr\u00e1vy SMS ur\u010den\u00e9 c\u00edli.<\/li>\n<li>Zachycen\u00e1 zpr\u00e1va je pot\u00e9 p\u0159esm\u011brov\u00e1na do za\u0159\u00edzen\u00ed \u00fato\u010dn\u00edka.<\/li>\n<li>\u00dato\u010dn\u00edk m\u016f\u017ee zachycenou zpr\u00e1vu p\u0159e\u010d\u00edst, upravit nebo dokonce zablokovat.<\/li>\n<\/ol>\n<p>Z\u00edsk\u00e1n\u00edm p\u0159\u00edstupu k ciz\u00edm SMS zpr\u00e1v\u00e1m mohou hacke\u0159i potenci\u00e1ln\u011b z\u00edskat citliv\u00e9 informace, jako jsou ov\u011b\u0159ovac\u00ed k\u00f3dy, hesla a osobn\u00ed konverzace.<\/p>\n<h2>Zranitelnost: Zachycen\u00ed hovoru<\/h2>\n<p>Navzdory sv\u00e9mu roz\u0161\u00ed\u0159en\u00e9mu pou\u017e\u00edv\u00e1n\u00ed nen\u00ed s\u00ed\u0165 SS7 imunn\u00ed v\u016f\u010di zranitelnostem. Jednou z nejz\u00e1va\u017en\u011bj\u0161\u00edch zranitelnost\u00ed je zachycen\u00ed vol\u00e1n\u00ed, kdy mohou z\u00e1\u0161kodn\u00edci z\u00edskat neopr\u00e1vn\u011bn\u00fd p\u0159\u00edstup k vol\u00e1n\u00ed a zachytit citliv\u00e9 informace.<\/p>\n<p>Zachycen\u00ed hovoru zahrnuje vyu\u017eit\u00ed slab\u00fdch m\u00edst v s\u00edti SS7 k p\u0159esm\u011brov\u00e1n\u00ed nebo zachycen\u00ed hovor\u016f. Toho lze dos\u00e1hnout manipulac\u00ed se signaliza\u010dn\u00edmi zpr\u00e1vami vym\u011b\u0148ovan\u00fdmi mezi s\u00ed\u0165ov\u00fdmi prvky. Po zachycen\u00ed m\u016f\u017ee \u00fato\u010dn\u00edk odposlouch\u00e1vat hovory, nahr\u00e1vat hovory nebo dokonce p\u0159esm\u011brovat hovory na jin\u00e9 m\u00edsto ur\u010den\u00ed.<\/p>\n<h2>Jak funguje hackov\u00e1n\u00ed SS7?<\/h2>\n<p>Hacking SS7 zahrnuje r\u016fzn\u00e9 techniky, kter\u00e9 vyu\u017e\u00edvaj\u00ed zranitelnosti s\u00edt\u011b. Zde jsou uvedeny n\u011bkter\u00e9 b\u011b\u017en\u00e9 metody:<\/p>\n<ol>\n<li><strong>Sledov\u00e1n\u00ed polohy:<\/strong> Zneu\u017eit\u00edm zranitelnost\u00ed SS7 mohou \u00fato\u010dn\u00edci sledovat polohu c\u00edlov\u00e9ho za\u0159\u00edzen\u00ed. Tyto informace mohou b\u00fdt pou\u017eity ke sledov\u00e1n\u00ed nebo k usnadn\u011bn\u00ed jin\u00fdch \u0161kodliv\u00fdch aktivit.<\/li>\n<li><strong>Odposlech hovor\u016f a SMS:<\/strong> \u00dato\u010dn\u00edci mohou zachyt\u00e1vat hovory a textov\u00e9 zpr\u00e1vy tak, \u017ee je p\u0159esm\u011bruj\u00ed na sv\u00e1 vlastn\u00ed za\u0159\u00edzen\u00ed. To jim umo\u017e\u0148uje sledovat konverzace, shroma\u017e\u010fovat citliv\u00e9 informace nebo se dokonce vyd\u00e1vat za c\u00edl.<\/li>\n<li><strong>Podvodn\u00e9 \u010dinnosti:<\/strong> Hackov\u00e1n\u00ed SS7 lze vyu\u017e\u00edt k r\u016fzn\u00fdm podvodn\u00fdm \u010dinnostem, jako je obch\u00e1zen\u00ed dvoufaktorov\u00e9ho ov\u011b\u0159ov\u00e1n\u00ed, neopr\u00e1vn\u011bn\u00e9 n\u00e1kupy nebo p\u0159\u00edstup k osobn\u00edm \u00fa\u010dt\u016fm.<\/li>\n<\/ol>\n<h3>Jak funguje sledov\u00e1n\u00ed polohy prost\u0159ednictv\u00edm SS7?<\/h3>\n<p>Sledov\u00e1n\u00ed polohy prost\u0159ednictv\u00edm SS7 z\u00e1vis\u00ed na schopnosti oper\u00e1tor\u016f mobiln\u00edch s\u00edt\u00ed (MNO) vym\u011b\u0148ovat si navz\u00e1jem signaliza\u010dn\u00ed zpr\u00e1vy. Tyto signaliza\u010dn\u00ed zpr\u00e1vy obsahuj\u00ed informace o poloze mobiln\u00edho za\u0159\u00edzen\u00ed a umo\u017e\u0148uj\u00ed MNO sledovat jeho pohyb.<\/p>\n<p>Kdy\u017e se mobiln\u00ed za\u0159\u00edzen\u00ed p\u0159ipoj\u00ed k mobiln\u00ed s\u00edti, zaregistruje svou p\u0159\u00edtomnost odesl\u00e1n\u00edm signaliza\u010dn\u00edch zpr\u00e1v do registru domovsk\u00e9 polohy (HLR) oper\u00e1tora MNO. HLR pak aktualizuje informace o poloze \u00fa\u010dastn\u00edka, v\u010detn\u011b aktu\u00e1ln\u00edho obsluhuj\u00edc\u00edho mobiln\u00edho \u00fast\u0159edny (MSC).<\/p>","protected":false},"excerpt":{"rendered":"<ol>\n<li>K serveru m\u016f\u017eete p\u0159istupovat pomoc\u00ed p\u0159ipojen\u00ed RDP (Windows, Mac OS, Linux). \u010cas serveru za\u010d\u00edn\u00e1 b\u011b\u017eet od okam\u017eiku, kdy je poskytnut.<\/li>\n<li>K proveden\u00ed jak\u00e9hokoli \u00fakolu je t\u0159eba pouze telefonn\u00ed \u010d\u00edslo.<\/li>\n<li>Funguje s \u010d\u00edsly z jak\u00e9koli zem\u011b a s\u00edt\u011b. S\u00edt\u011b 2G, 3G, 4G, 5G.<\/li>\n<li>N\u00e1hrady v p\u0159\u00edpad\u011b, \u017ee \u00fakoly nejsou \u00fasp\u011b\u0161n\u00e9 : Vr\u00e1cen\u00ed pen\u011bz nebo v\u00fdm\u011bna \u010d\u00edsla.<\/li>\n<li><strong>Payments only with cryptocurrency<\/strong><\/li>\n<li>Server time to create: 1-12 hours depending on your time zone.<\/li>\n<li>After payment copy Unique Key and contact on <a href=\"https:\/\/t.me\/ss7hacks\" target=\"_blank\" rel=\"noopener\">Telegram<\/a> to receive server.<\/li>\n<\/ol>\n<p><strong>Mo\u017enosti serveru SS7 Hacking Server:<\/strong><\/p>\n<p>Zachycen\u00ed SMS, Zachycen\u00ed a p\u0159esm\u011brov\u00e1n\u00ed hovor\u016f, Sledov\u00e1n\u00ed polohy, Odposlech ( Poslouch\u00e1n\u00ed \u017eiv\u00fdch hovor\u016f a jejich nahr\u00e1v\u00e1n\u00ed), Podvr\u017een\u00e9 SMS a vol\u00e1n\u00ed ( Odes\u00edl\u00e1n\u00ed SMS a vol\u00e1n\u00ed z \u010d\u00edsla ).<\/p>\n<p>Trial Server &#8211; 1 Intercept from 1 number<\/p>\n<p>Week Server &#8211; 5 Intercepts in total from 5 numbers<\/p>\n<p>Unlimited Server &#8211; Unlimited intercepts from 20 numbers<\/p>","protected":false},"featured_media":3796,"template":"","meta":[],"product_brand":[],"product_cat":[15],"product_tag":[109],"class_list":{"0":"post-3985","1":"product","2":"type-product","3":"status-publish","4":"has-post-thumbnail","6":"product_cat-ss7-hacking","7":"product_tag-ss7-hacking","8":"wcpa_has_options","10":"first","11":"instock","12":"virtual","13":"sold-individually","14":"purchasable","15":"product-type-simple"},"yoast_head":"<!-- This site is optimized with the Yoast SEO Premium plugin v26.7 (Yoast SEO v26.7) - https:\/\/yoast.com\/wordpress\/plugins\/seo\/ -->\n<title>SS7 Hacking Software - Track Location and Intercept SMS<\/title>\n<meta name=\"description\" content=\"Using a SS7 Hacking Server you can easily track location, intercept SMS, intercept Calls, and Phone Tapping just with phone number from any country.\" \/>\n<meta name=\"robots\" content=\"index, follow, max-snippet:-1, max-image-preview:large, max-video-preview:-1\" \/>\n<link rel=\"canonical\" href=\"https:\/\/sms-txt.net\/cs\/hack\/ss7-hacking-software-server\/\" \/>\n<meta property=\"og:locale\" content=\"cs_CZ\" \/>\n<meta property=\"og:type\" content=\"article\" \/>\n<meta property=\"og:title\" content=\"SS7 Hacking Server\" \/>\n<meta property=\"og:description\" content=\"Using a SS7 Hacking Server you can easily track location, intercept SMS, intercept Calls, and Phone Tapping just with phone number from any country.\" \/>\n<meta property=\"og:url\" content=\"https:\/\/sms-txt.net\/cs\/hack\/ss7-hacking-software-server\/\" \/>\n<meta property=\"og:site_name\" content=\"SS7 Hacking\" \/>\n<meta property=\"article:modified_time\" content=\"2026-02-24T00:05:30+00:00\" \/>\n<meta property=\"og:image\" content=\"https:\/\/sms-txt.net\/wp-content\/uploads\/2023\/11\/cropped-fav2.jpg\" \/>\n\t<meta property=\"og:image:width\" content=\"512\" \/>\n\t<meta property=\"og:image:height\" content=\"512\" \/>\n\t<meta property=\"og:image:type\" content=\"image\/jpeg\" \/>\n<meta name=\"twitter:card\" content=\"summary_large_image\" \/>\n<meta name=\"twitter:label1\" content=\"Est. reading time\" \/>\n\t<meta name=\"twitter:data1\" content=\"3 minutes\" \/>\n<script type=\"application\/ld+json\" class=\"yoast-schema-graph\">{\"@context\":\"https:\/\/schema.org\",\"@graph\":[{\"@type\":\"WebPage\",\"@id\":\"https:\/\/sms-txt.net\/hack\/ss7-hacking-software-server\/\",\"url\":\"https:\/\/sms-txt.net\/hack\/ss7-hacking-software-server\/\",\"name\":\"SS7 Hacking Software - Track Location and Intercept SMS\",\"isPartOf\":{\"@id\":\"https:\/\/sms-txt.net\/#website\"},\"primaryImageOfPage\":{\"@id\":\"https:\/\/sms-txt.net\/hack\/ss7-hacking-software-server\/#primaryimage\"},\"image\":{\"@id\":\"https:\/\/sms-txt.net\/hack\/ss7-hacking-software-server\/#primaryimage\"},\"thumbnailUrl\":\"https:\/\/sms-txt.net\/wp-content\/uploads\/2023\/11\/cropped-fav2.jpg\",\"datePublished\":\"2023-12-18T13:05:05+00:00\",\"dateModified\":\"2026-02-24T00:05:30+00:00\",\"description\":\"Using a SS7 Hacking Server you can easily track location, intercept SMS, intercept Calls, and Phone Tapping just with phone number from any country.\",\"breadcrumb\":{\"@id\":\"https:\/\/sms-txt.net\/hack\/ss7-hacking-software-server\/#breadcrumb\"},\"inLanguage\":\"cs-CZ\",\"potentialAction\":[{\"@type\":\"ReadAction\",\"target\":[\"https:\/\/sms-txt.net\/hack\/ss7-hacking-software-server\/\"]}]},{\"@type\":\"ImageObject\",\"inLanguage\":\"cs-CZ\",\"@id\":\"https:\/\/sms-txt.net\/hack\/ss7-hacking-software-server\/#primaryimage\",\"url\":\"https:\/\/sms-txt.net\/wp-content\/uploads\/2023\/11\/cropped-fav2.jpg\",\"contentUrl\":\"https:\/\/sms-txt.net\/wp-content\/uploads\/2023\/11\/cropped-fav2.jpg\",\"width\":512,\"height\":512},{\"@type\":\"BreadcrumbList\",\"@id\":\"https:\/\/sms-txt.net\/hack\/ss7-hacking-software-server\/#breadcrumb\",\"itemListElement\":[{\"@type\":\"ListItem\",\"position\":1,\"name\":\"Home\",\"item\":\"https:\/\/sms-txt.net\/\"},{\"@type\":\"ListItem\",\"position\":2,\"name\":\"Order SS7 Server Access\",\"item\":\"https:\/\/sms-txt.net\/shop\/\"},{\"@type\":\"ListItem\",\"position\":3,\"name\":\"SS7 Hacking Server\"}]},{\"@type\":\"WebSite\",\"@id\":\"https:\/\/sms-txt.net\/#website\",\"url\":\"https:\/\/sms-txt.net\/\",\"name\":\"SS7 Hacking\",\"description\":\"\",\"publisher\":{\"@id\":\"https:\/\/sms-txt.net\/#organization\"},\"potentialAction\":[{\"@type\":\"SearchAction\",\"target\":{\"@type\":\"EntryPoint\",\"urlTemplate\":\"https:\/\/sms-txt.net\/?s={search_term_string}\"},\"query-input\":{\"@type\":\"PropertyValueSpecification\",\"valueRequired\":true,\"valueName\":\"search_term_string\"}}],\"inLanguage\":\"cs-CZ\"},{\"@type\":\"Organization\",\"@id\":\"https:\/\/sms-txt.net\/#organization\",\"name\":\"SS7\",\"url\":\"https:\/\/sms-txt.net\/\",\"logo\":{\"@type\":\"ImageObject\",\"inLanguage\":\"cs-CZ\",\"@id\":\"https:\/\/sms-txt.net\/#\/schema\/logo\/image\/\",\"url\":\"https:\/\/yellow-jaguar-454368.hostingersite.com\/wp-content\/uploads\/2020\/05\/logo.jpg\",\"contentUrl\":\"https:\/\/yellow-jaguar-454368.hostingersite.com\/wp-content\/uploads\/2020\/05\/logo.jpg\",\"width\":866,\"height\":680,\"caption\":\"SS7\"},\"image\":{\"@id\":\"https:\/\/sms-txt.net\/#\/schema\/logo\/image\/\"}}]}<\/script>\n<!-- \/ Yoast SEO Premium plugin. -->","yoast_head_json":{"title":"SS7 Hacking Software - Sledov\u00e1n\u00ed polohy a zachycen\u00ed SMS","description":"Pomoc\u00ed hackersk\u00e9ho serveru SS7 m\u016f\u017eete snadno sledovat polohu, zachyt\u00e1vat SMS, odposlouch\u00e1vat hovory a odposlouch\u00e1vat telefonn\u00ed \u010d\u00edsla z jak\u00e9koli zem\u011b.","robots":{"index":"index","follow":"follow","max-snippet":"max-snippet:-1","max-image-preview":"max-image-preview:large","max-video-preview":"max-video-preview:-1"},"canonical":"https:\/\/sms-txt.net\/cs\/hack\/ss7-hacking-software-server\/","og_locale":"cs_CZ","og_type":"article","og_title":"SS7 Hacking Server","og_description":"Using a SS7 Hacking Server you can easily track location, intercept SMS, intercept Calls, and Phone Tapping just with phone number from any country.","og_url":"https:\/\/sms-txt.net\/cs\/hack\/ss7-hacking-software-server\/","og_site_name":"SS7 Hacking","article_modified_time":"2026-02-24T00:05:30+00:00","og_image":[{"width":512,"height":512,"url":"https:\/\/sms-txt.net\/wp-content\/uploads\/2023\/11\/cropped-fav2.jpg","type":"image\/jpeg"}],"twitter_card":"summary_large_image","twitter_misc":{"Est. reading time":"3 minutes"},"schema":{"@context":"https:\/\/schema.org","@graph":[{"@type":"WebPage","@id":"https:\/\/sms-txt.net\/hack\/ss7-hacking-software-server\/","url":"https:\/\/sms-txt.net\/hack\/ss7-hacking-software-server\/","name":"SS7 Hacking Software - Sledov\u00e1n\u00ed polohy a zachycen\u00ed SMS","isPartOf":{"@id":"https:\/\/sms-txt.net\/#website"},"primaryImageOfPage":{"@id":"https:\/\/sms-txt.net\/hack\/ss7-hacking-software-server\/#primaryimage"},"image":{"@id":"https:\/\/sms-txt.net\/hack\/ss7-hacking-software-server\/#primaryimage"},"thumbnailUrl":"https:\/\/sms-txt.net\/wp-content\/uploads\/2023\/11\/cropped-fav2.jpg","datePublished":"2023-12-18T13:05:05+00:00","dateModified":"2026-02-24T00:05:30+00:00","description":"Pomoc\u00ed hackersk\u00e9ho serveru SS7 m\u016f\u017eete snadno sledovat polohu, zachyt\u00e1vat SMS, odposlouch\u00e1vat hovory a odposlouch\u00e1vat telefonn\u00ed \u010d\u00edsla z jak\u00e9koli zem\u011b.","breadcrumb":{"@id":"https:\/\/sms-txt.net\/hack\/ss7-hacking-software-server\/#breadcrumb"},"inLanguage":"cs-CZ","potentialAction":[{"@type":"ReadAction","target":["https:\/\/sms-txt.net\/hack\/ss7-hacking-software-server\/"]}]},{"@type":"ImageObject","inLanguage":"cs-CZ","@id":"https:\/\/sms-txt.net\/hack\/ss7-hacking-software-server\/#primaryimage","url":"https:\/\/sms-txt.net\/wp-content\/uploads\/2023\/11\/cropped-fav2.jpg","contentUrl":"https:\/\/sms-txt.net\/wp-content\/uploads\/2023\/11\/cropped-fav2.jpg","width":512,"height":512},{"@type":"BreadcrumbList","@id":"https:\/\/sms-txt.net\/hack\/ss7-hacking-software-server\/#breadcrumb","itemListElement":[{"@type":"ListItem","position":1,"name":"Home","item":"https:\/\/sms-txt.net\/"},{"@type":"ListItem","position":2,"name":"Order SS7 Server Access","item":"https:\/\/sms-txt.net\/shop\/"},{"@type":"ListItem","position":3,"name":"SS7 Hacking Server"}]},{"@type":"WebSite","@id":"https:\/\/sms-txt.net\/#website","url":"https:\/\/sms-txt.net\/","name":"Hacking SS7","description":"","publisher":{"@id":"https:\/\/sms-txt.net\/#organization"},"potentialAction":[{"@type":"SearchAction","target":{"@type":"EntryPoint","urlTemplate":"https:\/\/sms-txt.net\/?s={search_term_string}"},"query-input":{"@type":"PropertyValueSpecification","valueRequired":true,"valueName":"search_term_string"}}],"inLanguage":"cs-CZ"},{"@type":"Organization","@id":"https:\/\/sms-txt.net\/#organization","name":"SS7","url":"https:\/\/sms-txt.net\/","logo":{"@type":"ImageObject","inLanguage":"cs-CZ","@id":"https:\/\/sms-txt.net\/#\/schema\/logo\/image\/","url":"https:\/\/yellow-jaguar-454368.hostingersite.com\/wp-content\/uploads\/2020\/05\/logo.jpg","contentUrl":"https:\/\/yellow-jaguar-454368.hostingersite.com\/wp-content\/uploads\/2020\/05\/logo.jpg","width":866,"height":680,"caption":"SS7"},"image":{"@id":"https:\/\/sms-txt.net\/#\/schema\/logo\/image\/"}}]}},"wcpa_form_fields":{"wcpaData":{"product":{"product_price":0,"price_html":"<span class=\"woocommerce-Price-amount amount\"><bdi><span class=\"woocommerce-Price-currencySymbol\">&#36;<\/span>0.00<\/bdi><\/span>","original_product_price":0,"price_including_tax":0,"price_excluding_tax":0,"product_id":{"parent":3985,"variation":false},"is_variable":false,"stock_status":"instock","stock_quantity":null,"parent_sku":"","product_attributes":[],"custom_fields":[],"is_taxable":false,"product_name":"SS7 Hacking Server"},"fields":{"sec_067a0a7807603f":{"extra":{"key":"sec_067a0a7807603f","section_id":"sec_067a0a7807603f","name":"Default","status":1,"cl_rule":"show","enableCl":false,"relations":[],"toggle":true,"title_tag":"h3","show_title":false,"showPrice":"default","form_id":3984,"form_rules":{"exclude_from_discount":false,"fee_label":"Fee","disp_hide_options_price":false,"disp_show_section_price":false,"disp_show_field_price":true,"layout_option":"standard","pric_use_as_fee":false,"process_fee_as":"woo_fee"},"layout_option":"standard"},"fields":[[{"type":"checkbox-group","required":true,"elementId":"wcpa-checkbox-group-1702904095682","label":"Server Type","enablePrice":true,"priceOptions":"different_for_all","pricingType":"fixed","name":"checkbox-group-1702904095682","min_options":"1","max_options":"1","other_text":"Other","cl_rule":"show","col":6,"values":[{"label":"Trial - 1 Day - 1 Intercept","value":"trial","price":"200","pimage":"","pimage_id":"","pthumb":"","tempId":"aco_23","gt_translate_keys":["label"]},{"label":"Week - 7 Days - 5 Intercepts","value":"limited1","price":"600","pimage":"","pimage_id":"","pthumb":"","tempId":"aco_24","gt_translate_keys":["label"]},{"label":"Unlimited - Per Month","value":"unlimited1","price":"1500","pimage":"","pimage_id":"","pthumb":"","tempId":"aco_25","gt_translate_keys":["label"]},{"label":"Reseller with API","value":"reseller","price":"9500","pimage":"","pimage_id":"","pthumb":"","tempId":"aco_26","gt_translate_keys":["label"]},{"label":"Lifetime","value":"lifet","price":"20000","pimage":"","pimage_id":"","pthumb":"","tempId":"aco_27","gt_translate_keys":["label"]}],"relations":false,"price":0,"active":true,"tooltip":"","layOut":"","checkUi":"","error":false,"gt_translate_keys":["label","tooltip"],"price_dependency":false,"cl_dependency":["wcpa-checkbox-group-1702904332327","wcpa-checkbox-group-1705656036644","wcpa-checkbox-group-1702904560878","wcpa-checkbox-group-1728393798138"],"value":""}],[{"type":"checkbox-group","required":true,"elementId":"wcpa-checkbox-group-1702904332327","label":"Limited Server Capabilities","description":"3 Intercepts Total","enablePrice":false,"priceOptions":"different_for_all","pricingType":"fixed","name":"checkbox-group-1702904332327","min_options":"1","other_text":"Other","enableCl":true,"cl_rule":"show","cl_val":"limited1","col":6,"values":[{"label":"SMS Intercept","value":"smsintercept1","price":"300","pimage":"","pimage_id":"","pthumb":"","gt_translate_keys":["label"]},{"label":"Call Intercept (max 2 min\/call)","value":"callintercept1","price":"300","pimage":"","pimage_id":"","pthumb":"","gt_translate_keys":["label"]},{"label":"Call Redirect","value":"callredirec","price":"300","pimage":"","pimage_id":"","pthumb":"","gt_translate_keys":["label"]},{"label":"Location Tracking","value":"locationtracking1","price":"300","pimage":"","pimage_id":"","pthumb":"","gt_translate_keys":["label"]}],"relations":[{"operator":false,"rules":[{"operator":false,"rules":{"cl_field":"wcpa-checkbox-group-1702904095682","cl_relation":"is","cl_val":"limited1"}}]}],"price":0,"active":true,"tooltip":"","layOut":"","checkUi":"","error":false,"max_options":"1","gt_translate_keys":["label","description","tooltip"],"price_dependency":false,"cl_dependency":false,"value":""}],[{"type":"checkbox-group","required":true,"elementId":"wcpa-checkbox-group-1705656036644","label":"Trial Server Capabilities","description":"1 Intercept Total","enablePrice":false,"priceOptions":"different_for_all","pricingType":"fixed","name":"checkbox-group-1705656036642","min_options":"1","other_text":"Other","enableCl":true,"cl_rule":"show","cl_val":"trial","col":6,"values":[{"label":"SMS Intercept","value":"smsintercept1","price":"100","pimage":"","pimage_id":"","pthumb":"","tempId":"aco_145","gt_translate_keys":["label"]},{"label":"Call Intercept (max 30 sec\/call)","value":"callintercept1","price":"100","pimage":"","pimage_id":"","pthumb":"","tempId":"aco_146","gt_translate_keys":["label"]},{"label":"Location Tracking  (city only)","value":"locationtracking1","price":"100","pimage":"","pimage_id":"","pthumb":"","tempId":"aco_147","gt_translate_keys":["label"]}],"relations":[{"operator":false,"rules":[{"operator":false,"rules":{"cl_field":"wcpa-checkbox-group-1702904095682","cl_relation":"is","cl_val":"trial"}}]}],"price":0,"active":true,"tooltip":"","layOut":"","error":false,"checkUi":"","max_options":"1","gt_translate_keys":["label","description","tooltip"],"price_dependency":false,"cl_dependency":false,"value":""}],[{"type":"checkbox-group","required":true,"elementId":"wcpa-checkbox-group-1702904560878","label":"Unlimited Server Capabilities","enablePrice":true,"priceOptions":"different_for_all","pricingType":"fixed","name":"checkbox-group-1702904560878","min_options":"1","other_text":"Other","enableCl":true,"cl_rule":"show","cl_val":"unlimited1","col":6,"values":[{"label":"SMS Intercept","value":"smsintercept2","price":"0","pimage":"","pimage_id":"","pthumb":"","gt_translate_keys":["label"]},{"label":"Call Intercept & Call Redirect","value":"callintercept2","price":"0","pimage":"","pimage_id":"","pthumb":"","gt_translate_keys":["label"]},{"label":"Location Tracking ","value":"locationtracking2","price":"0","pimage":"","pimage_id":"","pthumb":"","gt_translate_keys":["label"]},{"label":"Live Call Recording","value":"livecallrecord","price":"500","pimage":"","pimage_id":"","pthumb":"","gt_translate_keys":["label"]},{"label":"Spoof SMS & Call","value":"spoofsmscall","price":"500","pimage":"","pimage_id":"","pthumb":"","gt_translate_keys":["label"]}],"relations":[{"operator":false,"rules":[{"operator":false,"rules":{"cl_field":"wcpa-checkbox-group-1702904095682","cl_relation":"is","cl_val":"unlimited1"}}]}],"price":0,"active":true,"tooltip":"","layOut":"","checkUi":"","error":false,"gt_translate_keys":["label","tooltip"],"price_dependency":false,"cl_dependency":false,"value":""}],[{"type":"checkbox-group","required":true,"elementId":"wcpa-checkbox-group-1728393798138","label":"Lifetime Protocols","enablePrice":true,"priceOptions":"different_for_all","pricingType":"fixed","name":"checkbox-group-1728393798137","min_options":"1","other_text":"Other","enableCl":true,"cl_rule":"show","cl_val":"lifet","col":6,"values":[{"label":"SS7 - 2G 3G","value":"2g23","price":"0","pimage":"","pimage_id":"","pthumb":"","gt_translate_keys":["label"]},{"label":"Diameter - 4G","value":"4g","price":"5000","pimage":"","pimage_id":"","pthumb":"","gt_translate_keys":["label"]},{"label":"HTTP\/2 - 5G","value":"5g","price":"5000","pimage":"","pimage_id":"","pthumb":"","gt_translate_keys":["label"]}],"relations":[{"operator":false,"rules":[{"operator":false,"rules":{"cl_field":"wcpa-checkbox-group-1702904095682","cl_relation":"is","cl_val":"lifet"}}]}],"price":0,"active":true,"tooltip":"","layOut":"","error":false,"gt_translate_keys":["label","tooltip"],"price_dependency":false,"cl_dependency":false,"value":""}]]}},"config":{"price_override":"","enable_recaptcha":false,"bind_quantity":false,"quantity_bind_formula":false,"disp_summ_show_option_price":false,"disp_summ_show_product_price":false,"disp_summ_show_total_price":true,"disp_summ_show_fee":false,"disp_summ_show_discount":false,"summary_title":"","options_total_label":"Options Price","total_label":"Total","options_product_label":"Product Price","fee_label":"Fee","discount_label":"Discount","has_price":true,"has_quantity_formula":false},"mc_unit":1,"tax_rate":1,"tax_rate_real":1,"discount":{"percentage":0,"fixed":0},"design":{"conf":{"LabelPosition":"above","DescPosition":"above","UploadField":"custom_1","QuantityFieldStyle":"default"},"css":{"LeftLabelWidth":"120px"}},"formulas":[],"clones":false,"cartKey":false}},"_links":{"self":[{"href":"https:\/\/sms-txt.net\/cs\/wp-json\/wp\/v2\/product\/3985","targetHints":{"allow":["GET"]}}],"collection":[{"href":"https:\/\/sms-txt.net\/cs\/wp-json\/wp\/v2\/product"}],"about":[{"href":"https:\/\/sms-txt.net\/cs\/wp-json\/wp\/v2\/types\/product"}],"wp:featuredmedia":[{"embeddable":true,"href":"https:\/\/sms-txt.net\/cs\/wp-json\/wp\/v2\/media\/3796"}],"wp:attachment":[{"href":"https:\/\/sms-txt.net\/cs\/wp-json\/wp\/v2\/media?parent=3985"}],"wp:term":[{"taxonomy":"product_brand","embeddable":true,"href":"https:\/\/sms-txt.net\/cs\/wp-json\/wp\/v2\/product_brand?post=3985"},{"taxonomy":"product_cat","embeddable":true,"href":"https:\/\/sms-txt.net\/cs\/wp-json\/wp\/v2\/product_cat?post=3985"},{"taxonomy":"product_tag","embeddable":true,"href":"https:\/\/sms-txt.net\/cs\/wp-json\/wp\/v2\/product_tag?post=3985"}],"curies":[{"name":"wp","href":"https:\/\/api.w.org\/{rel}","templated":true}]}}