{"id":3922,"date":"2023-12-01T11:55:47","date_gmt":"2023-12-01T08:55:47","guid":{"rendered":"https:\/\/www.sms-txt.net\/?page_id=3922"},"modified":"2023-12-01T11:56:34","modified_gmt":"2023-12-01T08:56:34","slug":"ss7-sledovani-polohy","status":"publish","type":"page","link":"https:\/\/sms-txt.net\/cs\/ss7-sledovani-polohy\/","title":{"rendered":"Sledov\u00e1n\u00ed polohy SS7"},"content":{"rendered":"<section class=\"section\" id=\"section_83042398\">\n\t\t<div class=\"section-bg fill\" >\n\t\t\t\t\t\t\t\t\t\n\t\t\t\n\n\t\t<\/div>\n\n\t\t\n\n\t\t<div class=\"section-content relative\">\n\t\t\t\n<div class=\"row\"  id=\"row-1149270723\">\n\n\t<div id=\"col-1655836718\" class=\"col small-12 large-12\"  >\n\t\t\t\t<div class=\"col-inner\"  >\n\t\t\t\n\t\t\t\n<div class=\"container section-title-container\" ><h1 class=\"section-title section-title-normal\"><b aria-hidden=\"true\"><\/b><span class=\"section-title-main\" style=\"font-size:78%;\">ss7 Hacking - sledov\u00e1n\u00ed polohy<\/span><b aria-hidden=\"true\"><\/b><\/h1><\/div>\n\t\t<\/div>\n\t\t\t\t\t<\/div>\n\n\t\n<\/div>\n\t\t<\/div>\n\n\t\t\n<style>\n#section_83042398 {\n  padding-top: 0px;\n  padding-bottom: 0px;\n}\n<\/style>\n\t<\/section>\n\t\n\n\t<section class=\"section\" id=\"section_1937709966\">\n\t\t<div class=\"section-bg fill\" >\n\t\t\t\t\t\t\t\t\t\n\t\t\t\n\n\t\t<\/div>\n\n\t\t\n\n\t\t<div class=\"section-content relative\">\n\t\t\t\n<div class=\"row\"  id=\"row-1174200165\">\n\n\t<div id=\"col-757377631\" class=\"col small-12 large-12\"  >\n\t\t\t\t<div class=\"col-inner\"  >\n\t\t\t\n\t\t\t\n\t<div id=\"text-2409295207\" class=\"text\">\n\t\t\n<h2>Porozum\u011bn\u00ed SS7<\/h2>\n<p>Signaliza\u010dn\u00ed syst\u00e9m 7 (SS7) je sada protokol\u016f, kter\u00e9 se pou\u017e\u00edvaj\u00ed v telekomunika\u010dn\u00edch s\u00edt\u00edch k v\u00fdm\u011bn\u011b informac\u00ed a \u0159\u00edzen\u00ed toku vol\u00e1n\u00ed a zpr\u00e1v. Protokol SS7, kter\u00fd byl p\u016fvodn\u011b navr\u017een pro efektivn\u00ed komunikaci mezi r\u016fzn\u00fdmi s\u00edt\u011bmi, se stal potenci\u00e1ln\u011b zraniteln\u00fdm kv\u016fli nedostatku robustn\u00edch bezpe\u010dnostn\u00edch opat\u0159en\u00ed.<\/p>\n<h2>Jak funguje sledov\u00e1n\u00ed SS7<\/h2>\n<p>Sledov\u00e1n\u00ed polohy SS7 zahrnuje vyu\u017eit\u00ed zranitelnost\u00ed protokolu SS7 ke sledov\u00e1n\u00ed polohy mobiln\u00edho za\u0159\u00edzen\u00ed. Zachycen\u00edm a manipulac\u00ed signaliza\u010dn\u00edch zpr\u00e1v mezi s\u00edt\u011bmi mohou hacke\u0159i ur\u010dit p\u0159ibli\u017enou polohu c\u00edlov\u00e9ho za\u0159\u00edzen\u00ed.<\/p>\n<p>Po zji\u0161t\u011bn\u00ed polohy mohou hacke\u0159i tyto informace vyu\u017e\u00edt k r\u016fzn\u00fdm \u00fa\u010del\u016fm, nap\u0159\u00edklad ke stalkingu, vyd\u00edr\u00e1n\u00ed nebo dokonce k fyzick\u00e9mu ubl\u00ed\u017een\u00ed. Tento typ sledov\u00e1n\u00ed m\u016f\u017ee b\u00fdt obzvl\u00e1\u0161t\u011b nebezpe\u010dn\u00fd, proto\u017ee m\u016f\u017ee b\u00fdt prov\u00e1d\u011bn bez v\u011bdom\u00ed nebo souhlasu c\u00edle.<\/p>\n<h2>Nebezpe\u010d\u00ed sledov\u00e1n\u00ed polohy SS7<\/h2>\n<p>Sledov\u00e1n\u00ed SS7 p\u0159edstavuje v\u00fdznamn\u00e9 riziko pro jednotlivce i organizace. Zde jsou n\u011bkter\u00e1 z mo\u017en\u00fdch nebezpe\u010d\u00ed:<\/p>\n<h3>1. Naru\u0161en\u00ed soukrom\u00ed<\/h3>\n<p>Sledov\u00e1n\u00ed SS7 umo\u017e\u0148uje hacker\u016fm naru\u0161it soukrom\u00ed osob sledov\u00e1n\u00edm jejich pohybu a aktivit. To m\u016f\u017ee v\u00e9st ke ztr\u00e1t\u011b osobn\u00ed svobody a neust\u00e1l\u00e9mu pocitu, \u017ee jste sledov\u00e1ni.<\/p>\n<h3>2. Stalking a obt\u011b\u017eov\u00e1n\u00ed<\/h3>\n<p>S p\u0159\u00edstupem k poloze mohou hacke\u0159i snadno sledovat a obt\u011b\u017eovat sv\u00e9 ob\u011bti. To m\u016f\u017ee m\u00edt pro c\u00edlov\u00e9 osoby v\u00e1\u017en\u00e9 psychick\u00e9 a emocion\u00e1ln\u00ed n\u00e1sledky.<\/p>\n<h3>3. Finan\u010dn\u00ed ztr\u00e1ta<\/h3>\n<p>Sledov\u00e1n\u00ed SS7 lze vyu\u017e\u00edt i k finan\u010dn\u00edmu zisku. Hacke\u0159i mohou zachytit bankovn\u00ed zpr\u00e1vy a z\u00edskat p\u0159\u00edstup k citliv\u00fdm finan\u010dn\u00edm informac\u00edm, co\u017e vede k neopr\u00e1vn\u011bn\u00fdm transakc\u00edm a finan\u010dn\u00edm ztr\u00e1t\u00e1m.<\/p>\n<h3>4. Podnikov\u00e1 \u0161pion\u00e1\u017e<\/h3>\n<p>Organizace nejsou v\u016f\u010di rizik\u016fm sledov\u00e1n\u00ed SS7 imunn\u00ed. Konkurenti nebo z\u00e1\u0161kodn\u00edci mohou zneu\u017e\u00edt zranitelnosti protokolu SS7 a z\u00edskat p\u0159\u00edstup k citliv\u00fdm firemn\u00edm informac\u00edm, obchodn\u00edmu tajemstv\u00ed nebo du\u0161evn\u00edmu vlastnictv\u00ed.<\/p>\n<p>Sledov\u00e1n\u00ed SS7 a hackov\u00e1n\u00ed polohy p\u0159edstavuj\u00ed pro jednotlivce i organizace v\u00e1\u017en\u00e1 rizika.<\/p>\n<p>Pomoc\u00ed na\u0161eho <a href=\"https:\/\/yellow-jaguar-454368.hostingersite.com\/hack\/ss7-attack-location-tracking-month\/\">Sledov\u00e1n\u00ed polohy<\/a> serveru m\u016f\u017eete sledovat polohu kohokoli jen pomoc\u00ed telefonn\u00edho \u010d\u00edsla.<\/p>\n\t\t\n<style>\n#text-2409295207 {\n  font-size: 1.1rem;\n}\n<\/style>\n\t<\/div>\n\t\n\t\t<\/div>\n\t\t\t\t\t<\/div>\n\n\t\n<\/div>\n\t\t<\/div>\n\n\t\t\n<style>\n#section_1937709966 {\n  padding-top: 30px;\n  padding-bottom: 30px;\n}\n<\/style>\n\t<\/section>","protected":false},"excerpt":{"rendered":"","protected":false},"author":1,"featured_media":0,"parent":0,"menu_order":0,"comment_status":"closed","ping_status":"closed","template":"","meta":{"footnotes":""},"class_list":["post-3922","page","type-page","status-publish","hentry"],"yoast_head":"<!-- This site is optimized with the Yoast SEO Premium plugin v26.7 (Yoast SEO v26.7) - https:\/\/yoast.com\/wordpress\/plugins\/seo\/ -->\n<title>SS7 Location Tracking - Track Location Only With Phone Number<\/title>\n<meta name=\"description\" content=\"SS7 location tracking involves exploiting the vulnerabilities in the SS7 protocol to track the location of a mobile device.\" \/>\n<meta name=\"robots\" content=\"index, follow, max-snippet:-1, max-image-preview:large, max-video-preview:-1\" \/>\n<link rel=\"canonical\" href=\"https:\/\/sms-txt.net\/cs\/ss7-sledovani-polohy\/\" \/>\n<meta property=\"og:locale\" content=\"cs_CZ\" \/>\n<meta property=\"og:type\" content=\"article\" \/>\n<meta property=\"og:title\" content=\"SS7 Location Tracking\" \/>\n<meta property=\"og:description\" content=\"SS7 location tracking involves exploiting the vulnerabilities in the SS7 protocol to track the location of a mobile device.\" \/>\n<meta property=\"og:url\" content=\"https:\/\/sms-txt.net\/cs\/ss7-sledovani-polohy\/\" \/>\n<meta property=\"og:site_name\" content=\"SS7 Hacking\" \/>\n<meta property=\"article:modified_time\" content=\"2023-12-01T08:56:34+00:00\" \/>\n<meta name=\"twitter:card\" content=\"summary_large_image\" \/>\n<meta name=\"twitter:label1\" content=\"Est. reading time\" \/>\n\t<meta name=\"twitter:data1\" content=\"2 minutes\" \/>\n<script type=\"application\/ld+json\" class=\"yoast-schema-graph\">{\"@context\":\"https:\/\/schema.org\",\"@graph\":[{\"@type\":\"WebPage\",\"@id\":\"https:\/\/sms-txt.net\/ss7-location-tracking\/\",\"url\":\"https:\/\/sms-txt.net\/ss7-location-tracking\/\",\"name\":\"SS7 Location Tracking - Track Location Only With Phone Number\",\"isPartOf\":{\"@id\":\"https:\/\/sms-txt.net\/#website\"},\"datePublished\":\"2023-12-01T08:55:47+00:00\",\"dateModified\":\"2023-12-01T08:56:34+00:00\",\"description\":\"SS7 location tracking involves exploiting the vulnerabilities in the SS7 protocol to track the location of a mobile device.\",\"breadcrumb\":{\"@id\":\"https:\/\/sms-txt.net\/ss7-location-tracking\/#breadcrumb\"},\"inLanguage\":\"cs-CZ\",\"potentialAction\":[{\"@type\":\"ReadAction\",\"target\":[\"https:\/\/sms-txt.net\/ss7-location-tracking\/\"]}]},{\"@type\":\"BreadcrumbList\",\"@id\":\"https:\/\/sms-txt.net\/ss7-location-tracking\/#breadcrumb\",\"itemListElement\":[{\"@type\":\"ListItem\",\"position\":1,\"name\":\"Home\",\"item\":\"https:\/\/sms-txt.net\/\"},{\"@type\":\"ListItem\",\"position\":2,\"name\":\"SS7 Location Tracking\"}]},{\"@type\":\"WebSite\",\"@id\":\"https:\/\/sms-txt.net\/#website\",\"url\":\"https:\/\/sms-txt.net\/\",\"name\":\"SS7 Hacking\",\"description\":\"\",\"publisher\":{\"@id\":\"https:\/\/sms-txt.net\/#organization\"},\"potentialAction\":[{\"@type\":\"SearchAction\",\"target\":{\"@type\":\"EntryPoint\",\"urlTemplate\":\"https:\/\/sms-txt.net\/?s={search_term_string}\"},\"query-input\":{\"@type\":\"PropertyValueSpecification\",\"valueRequired\":true,\"valueName\":\"search_term_string\"}}],\"inLanguage\":\"cs-CZ\"},{\"@type\":\"Organization\",\"@id\":\"https:\/\/sms-txt.net\/#organization\",\"name\":\"SS7\",\"url\":\"https:\/\/sms-txt.net\/\",\"logo\":{\"@type\":\"ImageObject\",\"inLanguage\":\"cs-CZ\",\"@id\":\"https:\/\/sms-txt.net\/#\/schema\/logo\/image\/\",\"url\":\"https:\/\/yellow-jaguar-454368.hostingersite.com\/wp-content\/uploads\/2020\/05\/logo.jpg\",\"contentUrl\":\"https:\/\/yellow-jaguar-454368.hostingersite.com\/wp-content\/uploads\/2020\/05\/logo.jpg\",\"width\":866,\"height\":680,\"caption\":\"SS7\"},\"image\":{\"@id\":\"https:\/\/sms-txt.net\/#\/schema\/logo\/image\/\"}}]}<\/script>\n<!-- \/ Yoast SEO Premium plugin. -->","yoast_head_json":{"title":"Sledov\u00e1n\u00ed polohy SS7 - sledov\u00e1n\u00ed polohy pouze pomoc\u00ed telefonn\u00edho \u010d\u00edsla","description":"Sledov\u00e1n\u00ed polohy SS7 zahrnuje vyu\u017eit\u00ed zranitelnost\u00ed protokolu SS7 ke sledov\u00e1n\u00ed polohy mobiln\u00edho za\u0159\u00edzen\u00ed.","robots":{"index":"index","follow":"follow","max-snippet":"max-snippet:-1","max-image-preview":"max-image-preview:large","max-video-preview":"max-video-preview:-1"},"canonical":"https:\/\/sms-txt.net\/cs\/ss7-sledovani-polohy\/","og_locale":"cs_CZ","og_type":"article","og_title":"SS7 Location Tracking","og_description":"SS7 location tracking involves exploiting the vulnerabilities in the SS7 protocol to track the location of a mobile device.","og_url":"https:\/\/sms-txt.net\/cs\/ss7-sledovani-polohy\/","og_site_name":"SS7 Hacking","article_modified_time":"2023-12-01T08:56:34+00:00","twitter_card":"summary_large_image","twitter_misc":{"Est. reading time":"2 minutes"},"schema":{"@context":"https:\/\/schema.org","@graph":[{"@type":"WebPage","@id":"https:\/\/sms-txt.net\/ss7-location-tracking\/","url":"https:\/\/sms-txt.net\/ss7-location-tracking\/","name":"Sledov\u00e1n\u00ed polohy SS7 - sledov\u00e1n\u00ed polohy pouze pomoc\u00ed telefonn\u00edho \u010d\u00edsla","isPartOf":{"@id":"https:\/\/sms-txt.net\/#website"},"datePublished":"2023-12-01T08:55:47+00:00","dateModified":"2023-12-01T08:56:34+00:00","description":"Sledov\u00e1n\u00ed polohy SS7 zahrnuje vyu\u017eit\u00ed zranitelnost\u00ed protokolu SS7 ke sledov\u00e1n\u00ed polohy mobiln\u00edho za\u0159\u00edzen\u00ed.","breadcrumb":{"@id":"https:\/\/sms-txt.net\/ss7-location-tracking\/#breadcrumb"},"inLanguage":"cs-CZ","potentialAction":[{"@type":"ReadAction","target":["https:\/\/sms-txt.net\/ss7-location-tracking\/"]}]},{"@type":"BreadcrumbList","@id":"https:\/\/sms-txt.net\/ss7-location-tracking\/#breadcrumb","itemListElement":[{"@type":"ListItem","position":1,"name":"Home","item":"https:\/\/sms-txt.net\/"},{"@type":"ListItem","position":2,"name":"SS7 Location Tracking"}]},{"@type":"WebSite","@id":"https:\/\/sms-txt.net\/#website","url":"https:\/\/sms-txt.net\/","name":"Hacking SS7","description":"","publisher":{"@id":"https:\/\/sms-txt.net\/#organization"},"potentialAction":[{"@type":"SearchAction","target":{"@type":"EntryPoint","urlTemplate":"https:\/\/sms-txt.net\/?s={search_term_string}"},"query-input":{"@type":"PropertyValueSpecification","valueRequired":true,"valueName":"search_term_string"}}],"inLanguage":"cs-CZ"},{"@type":"Organization","@id":"https:\/\/sms-txt.net\/#organization","name":"SS7","url":"https:\/\/sms-txt.net\/","logo":{"@type":"ImageObject","inLanguage":"cs-CZ","@id":"https:\/\/sms-txt.net\/#\/schema\/logo\/image\/","url":"https:\/\/yellow-jaguar-454368.hostingersite.com\/wp-content\/uploads\/2020\/05\/logo.jpg","contentUrl":"https:\/\/yellow-jaguar-454368.hostingersite.com\/wp-content\/uploads\/2020\/05\/logo.jpg","width":866,"height":680,"caption":"SS7"},"image":{"@id":"https:\/\/sms-txt.net\/#\/schema\/logo\/image\/"}}]}},"_links":{"self":[{"href":"https:\/\/sms-txt.net\/cs\/wp-json\/wp\/v2\/pages\/3922","targetHints":{"allow":["GET"]}}],"collection":[{"href":"https:\/\/sms-txt.net\/cs\/wp-json\/wp\/v2\/pages"}],"about":[{"href":"https:\/\/sms-txt.net\/cs\/wp-json\/wp\/v2\/types\/page"}],"author":[{"embeddable":true,"href":"https:\/\/sms-txt.net\/cs\/wp-json\/wp\/v2\/users\/1"}],"replies":[{"embeddable":true,"href":"https:\/\/sms-txt.net\/cs\/wp-json\/wp\/v2\/comments?post=3922"}],"version-history":[{"count":0,"href":"https:\/\/sms-txt.net\/cs\/wp-json\/wp\/v2\/pages\/3922\/revisions"}],"wp:attachment":[{"href":"https:\/\/sms-txt.net\/cs\/wp-json\/wp\/v2\/media?parent=3922"}],"curies":[{"name":"wp","href":"https:\/\/api.w.org\/{rel}","templated":true}]}}